{"id":3309,"date":"2019-03-08T18:34:18","date_gmt":"2019-03-08T18:34:18","guid":{"rendered":"http:\/\/nethemba.com\/?page_id=3309"},"modified":"2019-03-28T20:15:37","modified_gmt":"2019-03-28T20:15:37","slug":"auditoria-de-contratos-inteligentes-de-seguridad","status":"publish","type":"page","link":"https:\/\/nethemba.com\/es\/servicios\/seguridad-de-la-aplicacion\/auditoria-de-contratos-inteligentes-de-seguridad\/","title":{"rendered":"Auditor\u00eda de contratos inteligentes de seguridad"},"content":{"rendered":"\n<p>Los contratos inteligentes son la parte inevitable de todas las aplicaciones descentralizadas y los ICO. Su seguridad es crucial y su compromiso puede llevar a una p\u00e9rdida financiera significativa (consulte \u201c<strong>Los mayor hacks de contrato inteligentes m\u00e1s grandes de la historia<\/strong>\u201d).<\/p>\n\n\n\n<p>El alcance de la auditor\u00eda de seguridad de contrato inteligente es revelar vulnerabilidades graves en los contratos inteligentes de Solidity Ethereum de acuerdo con las mejores pr\u00e1cticas de la industria de contratos inteligentes.<\/p>\n\n\n\n<p>Para obtener m\u00e1s informaci\u00f3n, consulte nuestro art\u00edculo \u00ab<strong>Resumen de las vulnerabilidades t\u00edpicas de los contratos inteligentes<\/strong>\u00bb donde describimos todas las suposiciones peligrosas y los problemas de seguridad t\u00edpicos en el lenguaje Solidity.<\/p>\n\n\n\n<p><strong>Tiempo de prueba:<\/strong><\/p>\n\n\n\n<p>1-4 semanas (dependiendo de la complejidad de los contratos inteligentes)<\/p>\n\n\n\n<p><strong>Metodolog\u00eda:<\/strong><\/p>\n\n\n\n<p>Nos aseguramos de que se sigan las mejores pr\u00e1cticas de seguridad del contrato inteligente de Ethereum.<br><\/p>\n","protected":false},"excerpt":{"rendered":"<p>Los contratos inteligentes son la parte inevitable de todas las aplicaciones descentralizadas y los ICO. Su seguridad es crucial y su compromiso puede llevar a una p\u00e9rdida financiera significativa (consulte \u201cLos mayor hacks de contrato inteligentes m\u00e1s grandes de la historia\u201d). El alcance de la auditor\u00eda de seguridad de contrato inteligente es revelar vulnerabilidades graves [&hellip;]<\/p>\n","protected":false},"author":2,"featured_media":0,"parent":3286,"menu_order":6,"comment_status":"closed","ping_status":"closed","template":"services_detail.php","meta":{"inline_featured_image":false,"_monsterinsights_skip_tracking":false,"_monsterinsights_sitenote_active":false,"_monsterinsights_sitenote_note":"","_monsterinsights_sitenote_category":0,"footnotes":""},"class_list":["post-3309","page","type-page","status-publish","hentry"],"yoast_head":"<!-- This site is optimized with the Yoast SEO plugin v27.5 - https:\/\/yoast.com\/product\/yoast-seo-wordpress\/ -->\n<title>Auditor\u00eda de contratos inteligentes de seguridad - Nethemba<\/title>\n<meta name=\"robots\" content=\"index, follow, max-snippet:-1, max-image-preview:large, max-video-preview:-1\" \/>\n<link rel=\"canonical\" href=\"https:\/\/nethemba.com\/es\/servicios\/seguridad-de-la-aplicacion\/auditoria-de-contratos-inteligentes-de-seguridad\/\" \/>\n<meta property=\"og:locale\" content=\"es_ES\" \/>\n<meta property=\"og:type\" content=\"article\" \/>\n<meta property=\"og:title\" content=\"Auditor\u00eda de contratos inteligentes de seguridad - Nethemba\" \/>\n<meta property=\"og:description\" content=\"Los contratos inteligentes son la parte inevitable de todas las aplicaciones descentralizadas y los ICO. Su seguridad es crucial y su compromiso puede llevar a una p\u00e9rdida financiera significativa (consulte \u201cLos mayor hacks de contrato inteligentes m\u00e1s grandes de la historia\u201d). El alcance de la auditor\u00eda de seguridad de contrato inteligente es revelar vulnerabilidades graves [&hellip;]\" \/>\n<meta property=\"og:url\" content=\"https:\/\/nethemba.com\/es\/servicios\/seguridad-de-la-aplicacion\/auditoria-de-contratos-inteligentes-de-seguridad\/\" \/>\n<meta property=\"og:site_name\" content=\"Nethemba\" \/>\n<meta property=\"article:publisher\" content=\"https:\/\/www.facebook.com\/nethemba\" \/>\n<meta property=\"article:modified_time\" content=\"2019-03-28T20:15:37+00:00\" \/>\n<meta name=\"twitter:card\" content=\"summary_large_image\" \/>\n<meta name=\"twitter:site\" content=\"@nethemba\" \/>\n<meta name=\"twitter:label1\" content=\"Tiempo de lectura\" \/>\n\t<meta name=\"twitter:data1\" content=\"1 minuto\" \/>\n<script type=\"application\/ld+json\" class=\"yoast-schema-graph\">{\"@context\":\"https:\\\/\\\/schema.org\",\"@graph\":[{\"@type\":\"WebPage\",\"@id\":\"https:\\\/\\\/nethemba.com\\\/es\\\/servicios\\\/seguridad-de-la-aplicacion\\\/auditoria-de-contratos-inteligentes-de-seguridad\\\/\",\"url\":\"https:\\\/\\\/nethemba.com\\\/es\\\/servicios\\\/seguridad-de-la-aplicacion\\\/auditoria-de-contratos-inteligentes-de-seguridad\\\/\",\"name\":\"Auditor\u00eda de contratos inteligentes de seguridad - Nethemba\",\"isPartOf\":{\"@id\":\"https:\\\/\\\/nethemba.com\\\/de\\\/#website\"},\"datePublished\":\"2019-03-08T18:34:18+00:00\",\"dateModified\":\"2019-03-28T20:15:37+00:00\",\"breadcrumb\":{\"@id\":\"https:\\\/\\\/nethemba.com\\\/es\\\/servicios\\\/seguridad-de-la-aplicacion\\\/auditoria-de-contratos-inteligentes-de-seguridad\\\/#breadcrumb\"},\"inLanguage\":\"es\",\"potentialAction\":[{\"@type\":\"ReadAction\",\"target\":[\"https:\\\/\\\/nethemba.com\\\/es\\\/servicios\\\/seguridad-de-la-aplicacion\\\/auditoria-de-contratos-inteligentes-de-seguridad\\\/\"]}]},{\"@type\":\"BreadcrumbList\",\"@id\":\"https:\\\/\\\/nethemba.com\\\/es\\\/servicios\\\/seguridad-de-la-aplicacion\\\/auditoria-de-contratos-inteligentes-de-seguridad\\\/#breadcrumb\",\"itemListElement\":[{\"@type\":\"ListItem\",\"position\":1,\"name\":\"Home\",\"item\":\"https:\\\/\\\/nethemba.com\\\/cs\\\/\"},{\"@type\":\"ListItem\",\"position\":2,\"name\":\"SERVICIOS\",\"item\":\"https:\\\/\\\/nethemba.com\\\/es\\\/servicios\\\/\"},{\"@type\":\"ListItem\",\"position\":3,\"name\":\"SEGURIDAD DE LA APLICACI\u00d3N\",\"item\":\"https:\\\/\\\/nethemba.com\\\/es\\\/servicios\\\/seguridad-de-la-aplicacion\\\/\"},{\"@type\":\"ListItem\",\"position\":4,\"name\":\"Auditor\u00eda de contratos inteligentes de seguridad\"}]},{\"@type\":\"WebSite\",\"@id\":\"https:\\\/\\\/nethemba.com\\\/de\\\/#website\",\"url\":\"https:\\\/\\\/nethemba.com\\\/de\\\/\",\"name\":\"Nethemba\",\"description\":\"We care about your security\",\"potentialAction\":[{\"@type\":\"SearchAction\",\"target\":{\"@type\":\"EntryPoint\",\"urlTemplate\":\"https:\\\/\\\/nethemba.com\\\/de\\\/?s={search_term_string}\"},\"query-input\":{\"@type\":\"PropertyValueSpecification\",\"valueRequired\":true,\"valueName\":\"search_term_string\"}}],\"inLanguage\":\"es\"}]}<\/script>\n<!-- \/ Yoast SEO plugin. -->","yoast_head_json":{"title":"Auditor\u00eda de contratos inteligentes de seguridad - Nethemba","robots":{"index":"index","follow":"follow","max-snippet":"max-snippet:-1","max-image-preview":"max-image-preview:large","max-video-preview":"max-video-preview:-1"},"canonical":"https:\/\/nethemba.com\/es\/servicios\/seguridad-de-la-aplicacion\/auditoria-de-contratos-inteligentes-de-seguridad\/","og_locale":"es_ES","og_type":"article","og_title":"Auditor\u00eda de contratos inteligentes de seguridad - Nethemba","og_description":"Los contratos inteligentes son la parte inevitable de todas las aplicaciones descentralizadas y los ICO. Su seguridad es crucial y su compromiso puede llevar a una p\u00e9rdida financiera significativa (consulte \u201cLos mayor hacks de contrato inteligentes m\u00e1s grandes de la historia\u201d). El alcance de la auditor\u00eda de seguridad de contrato inteligente es revelar vulnerabilidades graves [&hellip;]","og_url":"https:\/\/nethemba.com\/es\/servicios\/seguridad-de-la-aplicacion\/auditoria-de-contratos-inteligentes-de-seguridad\/","og_site_name":"Nethemba","article_publisher":"https:\/\/www.facebook.com\/nethemba","article_modified_time":"2019-03-28T20:15:37+00:00","twitter_card":"summary_large_image","twitter_site":"@nethemba","twitter_misc":{"Tiempo de lectura":"1 minuto"},"schema":{"@context":"https:\/\/schema.org","@graph":[{"@type":"WebPage","@id":"https:\/\/nethemba.com\/es\/servicios\/seguridad-de-la-aplicacion\/auditoria-de-contratos-inteligentes-de-seguridad\/","url":"https:\/\/nethemba.com\/es\/servicios\/seguridad-de-la-aplicacion\/auditoria-de-contratos-inteligentes-de-seguridad\/","name":"Auditor\u00eda de contratos inteligentes de seguridad - Nethemba","isPartOf":{"@id":"https:\/\/nethemba.com\/de\/#website"},"datePublished":"2019-03-08T18:34:18+00:00","dateModified":"2019-03-28T20:15:37+00:00","breadcrumb":{"@id":"https:\/\/nethemba.com\/es\/servicios\/seguridad-de-la-aplicacion\/auditoria-de-contratos-inteligentes-de-seguridad\/#breadcrumb"},"inLanguage":"es","potentialAction":[{"@type":"ReadAction","target":["https:\/\/nethemba.com\/es\/servicios\/seguridad-de-la-aplicacion\/auditoria-de-contratos-inteligentes-de-seguridad\/"]}]},{"@type":"BreadcrumbList","@id":"https:\/\/nethemba.com\/es\/servicios\/seguridad-de-la-aplicacion\/auditoria-de-contratos-inteligentes-de-seguridad\/#breadcrumb","itemListElement":[{"@type":"ListItem","position":1,"name":"Home","item":"https:\/\/nethemba.com\/cs\/"},{"@type":"ListItem","position":2,"name":"SERVICIOS","item":"https:\/\/nethemba.com\/es\/servicios\/"},{"@type":"ListItem","position":3,"name":"SEGURIDAD DE LA APLICACI\u00d3N","item":"https:\/\/nethemba.com\/es\/servicios\/seguridad-de-la-aplicacion\/"},{"@type":"ListItem","position":4,"name":"Auditor\u00eda de contratos inteligentes de seguridad"}]},{"@type":"WebSite","@id":"https:\/\/nethemba.com\/de\/#website","url":"https:\/\/nethemba.com\/de\/","name":"Nethemba","description":"We care about your security","potentialAction":[{"@type":"SearchAction","target":{"@type":"EntryPoint","urlTemplate":"https:\/\/nethemba.com\/de\/?s={search_term_string}"},"query-input":{"@type":"PropertyValueSpecification","valueRequired":true,"valueName":"search_term_string"}}],"inLanguage":"es"}]}},"_links":{"self":[{"href":"https:\/\/nethemba.com\/es\/wp-json\/wp\/v2\/pages\/3309","targetHints":{"allow":["GET"]}}],"collection":[{"href":"https:\/\/nethemba.com\/es\/wp-json\/wp\/v2\/pages"}],"about":[{"href":"https:\/\/nethemba.com\/es\/wp-json\/wp\/v2\/types\/page"}],"author":[{"embeddable":true,"href":"https:\/\/nethemba.com\/es\/wp-json\/wp\/v2\/users\/2"}],"replies":[{"embeddable":true,"href":"https:\/\/nethemba.com\/es\/wp-json\/wp\/v2\/comments?post=3309"}],"version-history":[{"count":0,"href":"https:\/\/nethemba.com\/es\/wp-json\/wp\/v2\/pages\/3309\/revisions"}],"up":[{"embeddable":true,"href":"https:\/\/nethemba.com\/es\/wp-json\/wp\/v2\/pages\/3286"}],"wp:attachment":[{"href":"https:\/\/nethemba.com\/es\/wp-json\/wp\/v2\/media?parent=3309"}],"curies":[{"name":"wp","href":"https:\/\/api.w.org\/{rel}","templated":true}]}}