{"id":3319,"date":"2019-03-08T19:06:33","date_gmt":"2019-03-08T19:06:33","guid":{"rendered":"http:\/\/nethemba.com\/?page_id=3319"},"modified":"2019-03-28T20:27:07","modified_gmt":"2019-03-28T20:27:07","slug":"auditoria-de-seguridad-de-sap","status":"publish","type":"page","link":"https:\/\/nethemba.com\/es\/servicios\/las-redes-y-seguridad-del-sistema\/auditoria-de-seguridad-de-sap\/","title":{"rendered":"Auditor\u00eda de seguridad de SAP"},"content":{"rendered":"\n<p>El objetivo de la auditor\u00eda de seguridad del sistema SAP es revelar tantas vulnerabilidades de seguridad como sea posible en la aplicaci\u00f3n SAP ERP y en la base de datos adecuada. Tambi\u00e9n es posible realizar una auditor\u00eda de seguridad de J2EE, Portal, SAP Web AS o el m\u00f3dulo SAP PI.<\/p>\n\n\n\n<p><strong>Caracter\u00edsticas:<\/strong><\/p>\n\n\n\n<p>La prueba consiste de varias fases que incluyen<strong>:<\/strong><\/p>\n\n\n\n<ul class=\"wp-block-list\"><li>Detecci\u00f3n de usuarios del sistema por defecto.<\/li><li>Detecci\u00f3n de clientes existentes en instancias individuales de SAP.<\/li><li>An\u00e1lisis de seguridad de informes, tablas, aplicaciones ABAP espec\u00edficas, volcados ABAP, joblogs, consultas de spool, destinos rfc \/ snc<\/li><li>An\u00e1lisis de seguridad de las bases de datos apropiadas (Oracle, MSSQL y otros).<\/li><li>Auditor\u00eda de seguridad de instancias en ejecuci\u00f3n, sistema de transporte, permisos de usuario \/ roles y perfiles.<\/li><\/ul>\n","protected":false},"excerpt":{"rendered":"<p>El objetivo de la auditor\u00eda de seguridad del sistema SAP es revelar tantas vulnerabilidades de seguridad como sea posible en la aplicaci\u00f3n SAP ERP y en la base de datos adecuada. Tambi\u00e9n es posible realizar una auditor\u00eda de seguridad de J2EE, Portal, SAP Web AS o el m\u00f3dulo SAP PI. Caracter\u00edsticas: La prueba consiste de [&hellip;]<\/p>\n","protected":false},"author":2,"featured_media":0,"parent":3311,"menu_order":4,"comment_status":"closed","ping_status":"closed","template":"services_detail.php","meta":{"inline_featured_image":false,"_monsterinsights_skip_tracking":false,"_monsterinsights_sitenote_active":false,"_monsterinsights_sitenote_note":"","_monsterinsights_sitenote_category":0,"footnotes":""},"class_list":["post-3319","page","type-page","status-publish","hentry"],"yoast_head":"<!-- This site is optimized with the Yoast SEO plugin v27.4 - https:\/\/yoast.com\/product\/yoast-seo-wordpress\/ -->\n<title>Auditor\u00eda de seguridad de SAP - Nethemba<\/title>\n<meta name=\"robots\" content=\"index, follow, max-snippet:-1, max-image-preview:large, max-video-preview:-1\" \/>\n<link rel=\"canonical\" href=\"https:\/\/nethemba.com\/es\/servicios\/las-redes-y-seguridad-del-sistema\/auditoria-de-seguridad-de-sap\/\" \/>\n<meta property=\"og:locale\" content=\"es_ES\" \/>\n<meta property=\"og:type\" content=\"article\" \/>\n<meta property=\"og:title\" content=\"Auditor\u00eda de seguridad de SAP - Nethemba\" \/>\n<meta property=\"og:description\" content=\"El objetivo de la auditor\u00eda de seguridad del sistema SAP es revelar tantas vulnerabilidades de seguridad como sea posible en la aplicaci\u00f3n SAP ERP y en la base de datos adecuada. Tambi\u00e9n es posible realizar una auditor\u00eda de seguridad de J2EE, Portal, SAP Web AS o el m\u00f3dulo SAP PI. Caracter\u00edsticas: La prueba consiste de [&hellip;]\" \/>\n<meta property=\"og:url\" content=\"https:\/\/nethemba.com\/es\/servicios\/las-redes-y-seguridad-del-sistema\/auditoria-de-seguridad-de-sap\/\" \/>\n<meta property=\"og:site_name\" content=\"Nethemba\" \/>\n<meta property=\"article:publisher\" content=\"https:\/\/www.facebook.com\/nethemba\" \/>\n<meta property=\"article:modified_time\" content=\"2019-03-28T20:27:07+00:00\" \/>\n<meta name=\"twitter:card\" content=\"summary_large_image\" \/>\n<meta name=\"twitter:site\" content=\"@nethemba\" \/>\n<meta name=\"twitter:label1\" content=\"Tiempo de lectura\" \/>\n\t<meta name=\"twitter:data1\" content=\"1 minuto\" \/>\n<script type=\"application\/ld+json\" class=\"yoast-schema-graph\">{\"@context\":\"https:\\\/\\\/schema.org\",\"@graph\":[{\"@type\":\"WebPage\",\"@id\":\"https:\\\/\\\/nethemba.com\\\/es\\\/servicios\\\/las-redes-y-seguridad-del-sistema\\\/auditoria-de-seguridad-de-sap\\\/\",\"url\":\"https:\\\/\\\/nethemba.com\\\/es\\\/servicios\\\/las-redes-y-seguridad-del-sistema\\\/auditoria-de-seguridad-de-sap\\\/\",\"name\":\"Auditor\u00eda de seguridad de SAP - Nethemba\",\"isPartOf\":{\"@id\":\"https:\\\/\\\/nethemba.com\\\/de\\\/#website\"},\"datePublished\":\"2019-03-08T19:06:33+00:00\",\"dateModified\":\"2019-03-28T20:27:07+00:00\",\"breadcrumb\":{\"@id\":\"https:\\\/\\\/nethemba.com\\\/es\\\/servicios\\\/las-redes-y-seguridad-del-sistema\\\/auditoria-de-seguridad-de-sap\\\/#breadcrumb\"},\"inLanguage\":\"es\",\"potentialAction\":[{\"@type\":\"ReadAction\",\"target\":[\"https:\\\/\\\/nethemba.com\\\/es\\\/servicios\\\/las-redes-y-seguridad-del-sistema\\\/auditoria-de-seguridad-de-sap\\\/\"]}]},{\"@type\":\"BreadcrumbList\",\"@id\":\"https:\\\/\\\/nethemba.com\\\/es\\\/servicios\\\/las-redes-y-seguridad-del-sistema\\\/auditoria-de-seguridad-de-sap\\\/#breadcrumb\",\"itemListElement\":[{\"@type\":\"ListItem\",\"position\":1,\"name\":\"Home\",\"item\":\"https:\\\/\\\/nethemba.com\\\/cs\\\/\"},{\"@type\":\"ListItem\",\"position\":2,\"name\":\"SERVICIOS\",\"item\":\"https:\\\/\\\/nethemba.com\\\/es\\\/servicios\\\/\"},{\"@type\":\"ListItem\",\"position\":3,\"name\":\"LAS REDES Y SEGURIDAD DEL SISTEMA\",\"item\":\"https:\\\/\\\/nethemba.com\\\/es\\\/servicios\\\/las-redes-y-seguridad-del-sistema\\\/\"},{\"@type\":\"ListItem\",\"position\":4,\"name\":\"Auditor\u00eda de seguridad de SAP\"}]},{\"@type\":\"WebSite\",\"@id\":\"https:\\\/\\\/nethemba.com\\\/de\\\/#website\",\"url\":\"https:\\\/\\\/nethemba.com\\\/de\\\/\",\"name\":\"Nethemba\",\"description\":\"We care about your security\",\"potentialAction\":[{\"@type\":\"SearchAction\",\"target\":{\"@type\":\"EntryPoint\",\"urlTemplate\":\"https:\\\/\\\/nethemba.com\\\/de\\\/?s={search_term_string}\"},\"query-input\":{\"@type\":\"PropertyValueSpecification\",\"valueRequired\":true,\"valueName\":\"search_term_string\"}}],\"inLanguage\":\"es\"}]}<\/script>\n<!-- \/ Yoast SEO plugin. -->","yoast_head_json":{"title":"Auditor\u00eda de seguridad de SAP - Nethemba","robots":{"index":"index","follow":"follow","max-snippet":"max-snippet:-1","max-image-preview":"max-image-preview:large","max-video-preview":"max-video-preview:-1"},"canonical":"https:\/\/nethemba.com\/es\/servicios\/las-redes-y-seguridad-del-sistema\/auditoria-de-seguridad-de-sap\/","og_locale":"es_ES","og_type":"article","og_title":"Auditor\u00eda de seguridad de SAP - Nethemba","og_description":"El objetivo de la auditor\u00eda de seguridad del sistema SAP es revelar tantas vulnerabilidades de seguridad como sea posible en la aplicaci\u00f3n SAP ERP y en la base de datos adecuada. Tambi\u00e9n es posible realizar una auditor\u00eda de seguridad de J2EE, Portal, SAP Web AS o el m\u00f3dulo SAP PI. Caracter\u00edsticas: La prueba consiste de [&hellip;]","og_url":"https:\/\/nethemba.com\/es\/servicios\/las-redes-y-seguridad-del-sistema\/auditoria-de-seguridad-de-sap\/","og_site_name":"Nethemba","article_publisher":"https:\/\/www.facebook.com\/nethemba","article_modified_time":"2019-03-28T20:27:07+00:00","twitter_card":"summary_large_image","twitter_site":"@nethemba","twitter_misc":{"Tiempo de lectura":"1 minuto"},"schema":{"@context":"https:\/\/schema.org","@graph":[{"@type":"WebPage","@id":"https:\/\/nethemba.com\/es\/servicios\/las-redes-y-seguridad-del-sistema\/auditoria-de-seguridad-de-sap\/","url":"https:\/\/nethemba.com\/es\/servicios\/las-redes-y-seguridad-del-sistema\/auditoria-de-seguridad-de-sap\/","name":"Auditor\u00eda de seguridad de SAP - Nethemba","isPartOf":{"@id":"https:\/\/nethemba.com\/de\/#website"},"datePublished":"2019-03-08T19:06:33+00:00","dateModified":"2019-03-28T20:27:07+00:00","breadcrumb":{"@id":"https:\/\/nethemba.com\/es\/servicios\/las-redes-y-seguridad-del-sistema\/auditoria-de-seguridad-de-sap\/#breadcrumb"},"inLanguage":"es","potentialAction":[{"@type":"ReadAction","target":["https:\/\/nethemba.com\/es\/servicios\/las-redes-y-seguridad-del-sistema\/auditoria-de-seguridad-de-sap\/"]}]},{"@type":"BreadcrumbList","@id":"https:\/\/nethemba.com\/es\/servicios\/las-redes-y-seguridad-del-sistema\/auditoria-de-seguridad-de-sap\/#breadcrumb","itemListElement":[{"@type":"ListItem","position":1,"name":"Home","item":"https:\/\/nethemba.com\/cs\/"},{"@type":"ListItem","position":2,"name":"SERVICIOS","item":"https:\/\/nethemba.com\/es\/servicios\/"},{"@type":"ListItem","position":3,"name":"LAS REDES Y SEGURIDAD DEL SISTEMA","item":"https:\/\/nethemba.com\/es\/servicios\/las-redes-y-seguridad-del-sistema\/"},{"@type":"ListItem","position":4,"name":"Auditor\u00eda de seguridad de SAP"}]},{"@type":"WebSite","@id":"https:\/\/nethemba.com\/de\/#website","url":"https:\/\/nethemba.com\/de\/","name":"Nethemba","description":"We care about your security","potentialAction":[{"@type":"SearchAction","target":{"@type":"EntryPoint","urlTemplate":"https:\/\/nethemba.com\/de\/?s={search_term_string}"},"query-input":{"@type":"PropertyValueSpecification","valueRequired":true,"valueName":"search_term_string"}}],"inLanguage":"es"}]}},"_links":{"self":[{"href":"https:\/\/nethemba.com\/es\/wp-json\/wp\/v2\/pages\/3319","targetHints":{"allow":["GET"]}}],"collection":[{"href":"https:\/\/nethemba.com\/es\/wp-json\/wp\/v2\/pages"}],"about":[{"href":"https:\/\/nethemba.com\/es\/wp-json\/wp\/v2\/types\/page"}],"author":[{"embeddable":true,"href":"https:\/\/nethemba.com\/es\/wp-json\/wp\/v2\/users\/2"}],"replies":[{"embeddable":true,"href":"https:\/\/nethemba.com\/es\/wp-json\/wp\/v2\/comments?post=3319"}],"version-history":[{"count":0,"href":"https:\/\/nethemba.com\/es\/wp-json\/wp\/v2\/pages\/3319\/revisions"}],"up":[{"embeddable":true,"href":"https:\/\/nethemba.com\/es\/wp-json\/wp\/v2\/pages\/3311"}],"wp:attachment":[{"href":"https:\/\/nethemba.com\/es\/wp-json\/wp\/v2\/media?parent=3319"}],"curies":[{"name":"wp","href":"https:\/\/api.w.org\/{rel}","templated":true}]}}