{"id":3321,"date":"2019-03-08T19:13:07","date_gmt":"2019-03-08T19:13:07","guid":{"rendered":"http:\/\/nethemba.com\/?page_id=3321"},"modified":"2019-03-28T20:29:15","modified_gmt":"2019-03-28T20:29:15","slug":"auditoria-de-seguridad-de-tarjetas-inteligentes","status":"publish","type":"page","link":"https:\/\/nethemba.com\/es\/servicios\/las-redes-y-seguridad-del-sistema\/auditoria-de-seguridad-de-tarjetas-inteligentes\/","title":{"rendered":"Audit\u00f3ria de seguridad de tarjetas inteligentes"},"content":{"rendered":"\n<p>El objetivo de la auditor\u00eda de seguridad de tarjetas inteligentes es revelar vulnerabilidades de implementaci\u00f3n inherentes en la capa f\u00edsica de tarjetas inteligentes de contacto o sin contacto, la capa de aplicaci\u00f3n de la tarjeta y el software utilizado por los lectores\/escritores.<br><\/p>\n\n\n\n<p>Caracter\u00edsticas:<br><\/p>\n\n\n\n<ul class=\"wp-block-list\"><li>todas las tarjetas basadas en <a href=\"https:\/\/en.wikipedia.org\/wiki\/ISO\/IEC_15693\">ISO 15693<\/a>, <a href=\"https:\/\/en.wikipedia.org\/wiki\/ISO\/IEC_14443\">ISO\/IEC 14443<\/a> son compatibles con un enfoque especial en Mifare y HID_Global<\/li><li>an\u00e1lisis de la capa f\u00edsica (por ejemplo, an\u00e1lisis si las tarjetas utilizan protocolos de autenticaci\u00f3n seguros)<\/li><li>an\u00e1lisis de la capa de aplicaci\u00f3n (por ejemplo, an\u00e1lisis si la aplicaci\u00f3n utiliza hashes seguros, firmas digitales, algoritmos de cifrado sobre datos personales)<\/li><li>an\u00e1lisis de arquitectura (por ejemplo, qu\u00e9 informaci\u00f3n puede almacenarse fuera de l\u00ednea, que definitivamente no)<\/li><\/ul>\n","protected":false},"excerpt":{"rendered":"<p>El objetivo de la auditor\u00eda de seguridad de tarjetas inteligentes es revelar vulnerabilidades de implementaci\u00f3n inherentes en la capa f\u00edsica de tarjetas inteligentes de contacto o sin contacto, la capa de aplicaci\u00f3n de la tarjeta y el software utilizado por los lectores\/escritores. Caracter\u00edsticas: todas las tarjetas basadas en ISO 15693, ISO\/IEC 14443 son compatibles con [&hellip;]<\/p>\n","protected":false},"author":2,"featured_media":0,"parent":3311,"menu_order":5,"comment_status":"closed","ping_status":"closed","template":"services_detail.php","meta":{"inline_featured_image":false,"_monsterinsights_skip_tracking":false,"_monsterinsights_sitenote_active":false,"_monsterinsights_sitenote_note":"","_monsterinsights_sitenote_category":0,"footnotes":""},"class_list":["post-3321","page","type-page","status-publish","hentry"],"yoast_head":"<!-- This site is optimized with the Yoast SEO plugin v27.4 - https:\/\/yoast.com\/product\/yoast-seo-wordpress\/ -->\n<title>Audit\u00f3ria de seguridad de tarjetas inteligentes - Nethemba<\/title>\n<meta name=\"robots\" content=\"index, follow, max-snippet:-1, max-image-preview:large, max-video-preview:-1\" \/>\n<link rel=\"canonical\" href=\"https:\/\/nethemba.com\/es\/servicios\/las-redes-y-seguridad-del-sistema\/auditoria-de-seguridad-de-tarjetas-inteligentes\/\" \/>\n<meta property=\"og:locale\" content=\"es_ES\" \/>\n<meta property=\"og:type\" content=\"article\" \/>\n<meta property=\"og:title\" content=\"Audit\u00f3ria de seguridad de tarjetas inteligentes - Nethemba\" \/>\n<meta property=\"og:description\" content=\"El objetivo de la auditor\u00eda de seguridad de tarjetas inteligentes es revelar vulnerabilidades de implementaci\u00f3n inherentes en la capa f\u00edsica de tarjetas inteligentes de contacto o sin contacto, la capa de aplicaci\u00f3n de la tarjeta y el software utilizado por los lectores\/escritores. Caracter\u00edsticas: todas las tarjetas basadas en ISO 15693, ISO\/IEC 14443 son compatibles con [&hellip;]\" \/>\n<meta property=\"og:url\" content=\"https:\/\/nethemba.com\/es\/servicios\/las-redes-y-seguridad-del-sistema\/auditoria-de-seguridad-de-tarjetas-inteligentes\/\" \/>\n<meta property=\"og:site_name\" content=\"Nethemba\" \/>\n<meta property=\"article:publisher\" content=\"https:\/\/www.facebook.com\/nethemba\" \/>\n<meta property=\"article:modified_time\" content=\"2019-03-28T20:29:15+00:00\" \/>\n<meta name=\"twitter:card\" content=\"summary_large_image\" \/>\n<meta name=\"twitter:site\" content=\"@nethemba\" \/>\n<meta name=\"twitter:label1\" content=\"Tiempo de lectura\" \/>\n\t<meta name=\"twitter:data1\" content=\"1 minuto\" \/>\n<script type=\"application\/ld+json\" class=\"yoast-schema-graph\">{\"@context\":\"https:\\\/\\\/schema.org\",\"@graph\":[{\"@type\":\"WebPage\",\"@id\":\"https:\\\/\\\/nethemba.com\\\/es\\\/servicios\\\/las-redes-y-seguridad-del-sistema\\\/auditoria-de-seguridad-de-tarjetas-inteligentes\\\/\",\"url\":\"https:\\\/\\\/nethemba.com\\\/es\\\/servicios\\\/las-redes-y-seguridad-del-sistema\\\/auditoria-de-seguridad-de-tarjetas-inteligentes\\\/\",\"name\":\"Audit\u00f3ria de seguridad de tarjetas inteligentes - Nethemba\",\"isPartOf\":{\"@id\":\"https:\\\/\\\/nethemba.com\\\/de\\\/#website\"},\"datePublished\":\"2019-03-08T19:13:07+00:00\",\"dateModified\":\"2019-03-28T20:29:15+00:00\",\"breadcrumb\":{\"@id\":\"https:\\\/\\\/nethemba.com\\\/es\\\/servicios\\\/las-redes-y-seguridad-del-sistema\\\/auditoria-de-seguridad-de-tarjetas-inteligentes\\\/#breadcrumb\"},\"inLanguage\":\"es\",\"potentialAction\":[{\"@type\":\"ReadAction\",\"target\":[\"https:\\\/\\\/nethemba.com\\\/es\\\/servicios\\\/las-redes-y-seguridad-del-sistema\\\/auditoria-de-seguridad-de-tarjetas-inteligentes\\\/\"]}]},{\"@type\":\"BreadcrumbList\",\"@id\":\"https:\\\/\\\/nethemba.com\\\/es\\\/servicios\\\/las-redes-y-seguridad-del-sistema\\\/auditoria-de-seguridad-de-tarjetas-inteligentes\\\/#breadcrumb\",\"itemListElement\":[{\"@type\":\"ListItem\",\"position\":1,\"name\":\"Home\",\"item\":\"https:\\\/\\\/nethemba.com\\\/cs\\\/\"},{\"@type\":\"ListItem\",\"position\":2,\"name\":\"SERVICIOS\",\"item\":\"https:\\\/\\\/nethemba.com\\\/es\\\/servicios\\\/\"},{\"@type\":\"ListItem\",\"position\":3,\"name\":\"LAS REDES Y SEGURIDAD DEL SISTEMA\",\"item\":\"https:\\\/\\\/nethemba.com\\\/es\\\/servicios\\\/las-redes-y-seguridad-del-sistema\\\/\"},{\"@type\":\"ListItem\",\"position\":4,\"name\":\"Audit\u00f3ria de seguridad de tarjetas inteligentes\"}]},{\"@type\":\"WebSite\",\"@id\":\"https:\\\/\\\/nethemba.com\\\/de\\\/#website\",\"url\":\"https:\\\/\\\/nethemba.com\\\/de\\\/\",\"name\":\"Nethemba\",\"description\":\"We care about your security\",\"potentialAction\":[{\"@type\":\"SearchAction\",\"target\":{\"@type\":\"EntryPoint\",\"urlTemplate\":\"https:\\\/\\\/nethemba.com\\\/de\\\/?s={search_term_string}\"},\"query-input\":{\"@type\":\"PropertyValueSpecification\",\"valueRequired\":true,\"valueName\":\"search_term_string\"}}],\"inLanguage\":\"es\"}]}<\/script>\n<!-- \/ Yoast SEO plugin. -->","yoast_head_json":{"title":"Audit\u00f3ria de seguridad de tarjetas inteligentes - Nethemba","robots":{"index":"index","follow":"follow","max-snippet":"max-snippet:-1","max-image-preview":"max-image-preview:large","max-video-preview":"max-video-preview:-1"},"canonical":"https:\/\/nethemba.com\/es\/servicios\/las-redes-y-seguridad-del-sistema\/auditoria-de-seguridad-de-tarjetas-inteligentes\/","og_locale":"es_ES","og_type":"article","og_title":"Audit\u00f3ria de seguridad de tarjetas inteligentes - Nethemba","og_description":"El objetivo de la auditor\u00eda de seguridad de tarjetas inteligentes es revelar vulnerabilidades de implementaci\u00f3n inherentes en la capa f\u00edsica de tarjetas inteligentes de contacto o sin contacto, la capa de aplicaci\u00f3n de la tarjeta y el software utilizado por los lectores\/escritores. Caracter\u00edsticas: todas las tarjetas basadas en ISO 15693, ISO\/IEC 14443 son compatibles con [&hellip;]","og_url":"https:\/\/nethemba.com\/es\/servicios\/las-redes-y-seguridad-del-sistema\/auditoria-de-seguridad-de-tarjetas-inteligentes\/","og_site_name":"Nethemba","article_publisher":"https:\/\/www.facebook.com\/nethemba","article_modified_time":"2019-03-28T20:29:15+00:00","twitter_card":"summary_large_image","twitter_site":"@nethemba","twitter_misc":{"Tiempo de lectura":"1 minuto"},"schema":{"@context":"https:\/\/schema.org","@graph":[{"@type":"WebPage","@id":"https:\/\/nethemba.com\/es\/servicios\/las-redes-y-seguridad-del-sistema\/auditoria-de-seguridad-de-tarjetas-inteligentes\/","url":"https:\/\/nethemba.com\/es\/servicios\/las-redes-y-seguridad-del-sistema\/auditoria-de-seguridad-de-tarjetas-inteligentes\/","name":"Audit\u00f3ria de seguridad de tarjetas inteligentes - Nethemba","isPartOf":{"@id":"https:\/\/nethemba.com\/de\/#website"},"datePublished":"2019-03-08T19:13:07+00:00","dateModified":"2019-03-28T20:29:15+00:00","breadcrumb":{"@id":"https:\/\/nethemba.com\/es\/servicios\/las-redes-y-seguridad-del-sistema\/auditoria-de-seguridad-de-tarjetas-inteligentes\/#breadcrumb"},"inLanguage":"es","potentialAction":[{"@type":"ReadAction","target":["https:\/\/nethemba.com\/es\/servicios\/las-redes-y-seguridad-del-sistema\/auditoria-de-seguridad-de-tarjetas-inteligentes\/"]}]},{"@type":"BreadcrumbList","@id":"https:\/\/nethemba.com\/es\/servicios\/las-redes-y-seguridad-del-sistema\/auditoria-de-seguridad-de-tarjetas-inteligentes\/#breadcrumb","itemListElement":[{"@type":"ListItem","position":1,"name":"Home","item":"https:\/\/nethemba.com\/cs\/"},{"@type":"ListItem","position":2,"name":"SERVICIOS","item":"https:\/\/nethemba.com\/es\/servicios\/"},{"@type":"ListItem","position":3,"name":"LAS REDES Y SEGURIDAD DEL SISTEMA","item":"https:\/\/nethemba.com\/es\/servicios\/las-redes-y-seguridad-del-sistema\/"},{"@type":"ListItem","position":4,"name":"Audit\u00f3ria de seguridad de tarjetas inteligentes"}]},{"@type":"WebSite","@id":"https:\/\/nethemba.com\/de\/#website","url":"https:\/\/nethemba.com\/de\/","name":"Nethemba","description":"We care about your security","potentialAction":[{"@type":"SearchAction","target":{"@type":"EntryPoint","urlTemplate":"https:\/\/nethemba.com\/de\/?s={search_term_string}"},"query-input":{"@type":"PropertyValueSpecification","valueRequired":true,"valueName":"search_term_string"}}],"inLanguage":"es"}]}},"_links":{"self":[{"href":"https:\/\/nethemba.com\/es\/wp-json\/wp\/v2\/pages\/3321","targetHints":{"allow":["GET"]}}],"collection":[{"href":"https:\/\/nethemba.com\/es\/wp-json\/wp\/v2\/pages"}],"about":[{"href":"https:\/\/nethemba.com\/es\/wp-json\/wp\/v2\/types\/page"}],"author":[{"embeddable":true,"href":"https:\/\/nethemba.com\/es\/wp-json\/wp\/v2\/users\/2"}],"replies":[{"embeddable":true,"href":"https:\/\/nethemba.com\/es\/wp-json\/wp\/v2\/comments?post=3321"}],"version-history":[{"count":0,"href":"https:\/\/nethemba.com\/es\/wp-json\/wp\/v2\/pages\/3321\/revisions"}],"up":[{"embeddable":true,"href":"https:\/\/nethemba.com\/es\/wp-json\/wp\/v2\/pages\/3311"}],"wp:attachment":[{"href":"https:\/\/nethemba.com\/es\/wp-json\/wp\/v2\/media?parent=3321"}],"curies":[{"name":"wp","href":"https:\/\/api.w.org\/{rel}","templated":true}]}}