{"id":3325,"date":"2019-03-08T19:19:34","date_gmt":"2019-03-08T19:19:34","guid":{"rendered":"http:\/\/nethemba.com\/?page_id=3325"},"modified":"2019-03-08T19:19:34","modified_gmt":"2019-03-08T19:19:34","slug":"auditoria-de-seguridad-iot","status":"publish","type":"page","link":"https:\/\/nethemba.com\/es\/servicios\/las-redes-y-seguridad-del-sistema\/auditoria-de-seguridad-iot\/","title":{"rendered":"Auditor\u00eda de seguridad IoT"},"content":{"rendered":"\n<p>El Internet de las cosas (IoT) plantea desaf\u00edos de seguridad \u00fanicos. Los dispositivos IoT a menudo se ejecutan en hardware simple que se implementa ampliamente en grandes cantidades en entornos muy diferentes. Tales \u00abmonocultivos\u00bb ampliamente implementados que no pueden ser recuperados efectivamente llevan a nuevos desaf\u00edos que son exclusivos de los dispositivos de IoT. Por ejemplo, las actualizaciones de software y la administraci\u00f3n de vulnerabilidades son cruciales y requieren estrategias diferentes a las de otras aplicaciones de TI. Las \u00e1reas que deben considerarse al dise\u00f1ar dispositivos IoT seguros incluyen:<\/p>\n\n\n\n<p>&#8211; clasificaci\u00f3n de datos<\/p>\n\n\n\n<p>&#8211; seguridad f\u00edsica<\/p>\n\n\n\n<p>&#8211; dispositivo de arranque seguro<\/p>\n\n\n\n<p>&#8211; sistemas operativos seguros<\/p>\n\n\n\n<p>&#8211; seguridad de la aplicaci\u00f3n<\/p>\n\n\n\n<p>&#8211; gesti\u00f3n de credenciales<\/p>\n\n\n\n<p>&#8211; cifrado<\/p>\n\n\n\n<p>&#8211; conexiones de red<\/p>\n\n\n\n<p>&#8211; actualizaciones de software<\/p>\n\n\n\n<p>&#8211; registro<\/p>\n\n\n\n<p>Ofrecemos auditor\u00edas y consultor\u00eda en todas las \u00e1reas mencionadas anteriormente y durante todas las fases del proceso de dise\u00f1o. Podemos ayudarlo a crear IoT seguro desde las primeras fases del proceso de dise\u00f1o o en revisiones y auditor\u00edas en las etapas posteriores. Dependiendo de sus necesidades podemos ofrecerle:<\/p>\n\n\n\n<p>&#8211; revisi\u00f3n del sistema operativo<\/p>\n\n\n\n<p>&#8211; revisi\u00f3n de hardware<\/p>\n\n\n\n<p>&#8211; revisi\u00f3n de actualizaciones de seguridad y procesos de gesti\u00f3n de vulnerabilidades.<\/p>\n\n\n\n<p>&#8211; auditor\u00eda de seguridad de su c\u00f3digo de aplicaci\u00f3n.<\/p>\n\n\n\n<p>&#8211; an\u00e1lisis de seguridad de los protocolos de comunicaci\u00f3n.<\/p>\n\n\n\n<p>&#8211; revisi\u00f3n de sus dispositivos siguiendo el marco de cumplimiento de seguridad de IoT.<\/p>\n\n\n\n<p>Usted recibir\u00e1 un informe t\u00e9cnico con un resumen ejecutivo, todas las vulnerabilidades reveladas, niveles de riesgo y recomendaciones.<br><\/p>\n","protected":false},"excerpt":{"rendered":"<p>El Internet de las cosas (IoT) plantea desaf\u00edos de seguridad \u00fanicos. Los dispositivos IoT a menudo se ejecutan en hardware simple que se implementa ampliamente en grandes cantidades en entornos muy diferentes. Tales \u00abmonocultivos\u00bb ampliamente implementados que no pueden ser recuperados efectivamente llevan a nuevos desaf\u00edos que son exclusivos de los dispositivos de IoT. Por [&hellip;]<\/p>\n","protected":false},"author":2,"featured_media":0,"parent":3311,"menu_order":8,"comment_status":"closed","ping_status":"closed","template":"services_detail.php","meta":{"inline_featured_image":false,"_monsterinsights_skip_tracking":false,"_monsterinsights_sitenote_active":false,"_monsterinsights_sitenote_note":"","_monsterinsights_sitenote_category":0,"footnotes":""},"class_list":["post-3325","page","type-page","status-publish","hentry"],"yoast_head":"<!-- This site is optimized with the Yoast SEO plugin v27.5 - https:\/\/yoast.com\/product\/yoast-seo-wordpress\/ -->\n<title>Auditor\u00eda de seguridad IoT - Nethemba<\/title>\n<meta name=\"robots\" content=\"index, follow, max-snippet:-1, max-image-preview:large, max-video-preview:-1\" \/>\n<link rel=\"canonical\" href=\"https:\/\/nethemba.com\/es\/servicios\/las-redes-y-seguridad-del-sistema\/auditoria-de-seguridad-iot\/\" \/>\n<meta property=\"og:locale\" content=\"es_ES\" \/>\n<meta property=\"og:type\" content=\"article\" \/>\n<meta property=\"og:title\" content=\"Auditor\u00eda de seguridad IoT - Nethemba\" \/>\n<meta property=\"og:description\" content=\"El Internet de las cosas (IoT) plantea desaf\u00edos de seguridad \u00fanicos. Los dispositivos IoT a menudo se ejecutan en hardware simple que se implementa ampliamente en grandes cantidades en entornos muy diferentes. Tales \u00abmonocultivos\u00bb ampliamente implementados que no pueden ser recuperados efectivamente llevan a nuevos desaf\u00edos que son exclusivos de los dispositivos de IoT. Por [&hellip;]\" \/>\n<meta property=\"og:url\" content=\"https:\/\/nethemba.com\/es\/servicios\/las-redes-y-seguridad-del-sistema\/auditoria-de-seguridad-iot\/\" \/>\n<meta property=\"og:site_name\" content=\"Nethemba\" \/>\n<meta property=\"article:publisher\" content=\"https:\/\/www.facebook.com\/nethemba\" \/>\n<meta name=\"twitter:card\" content=\"summary_large_image\" \/>\n<meta name=\"twitter:site\" content=\"@nethemba\" \/>\n<meta name=\"twitter:label1\" content=\"Tiempo de lectura\" \/>\n\t<meta name=\"twitter:data1\" content=\"1 minuto\" \/>\n<script type=\"application\/ld+json\" class=\"yoast-schema-graph\">{\"@context\":\"https:\\\/\\\/schema.org\",\"@graph\":[{\"@type\":\"WebPage\",\"@id\":\"https:\\\/\\\/nethemba.com\\\/es\\\/servicios\\\/las-redes-y-seguridad-del-sistema\\\/auditoria-de-seguridad-iot\\\/\",\"url\":\"https:\\\/\\\/nethemba.com\\\/es\\\/servicios\\\/las-redes-y-seguridad-del-sistema\\\/auditoria-de-seguridad-iot\\\/\",\"name\":\"Auditor\u00eda de seguridad IoT - Nethemba\",\"isPartOf\":{\"@id\":\"https:\\\/\\\/nethemba.com\\\/de\\\/#website\"},\"datePublished\":\"2019-03-08T19:19:34+00:00\",\"breadcrumb\":{\"@id\":\"https:\\\/\\\/nethemba.com\\\/es\\\/servicios\\\/las-redes-y-seguridad-del-sistema\\\/auditoria-de-seguridad-iot\\\/#breadcrumb\"},\"inLanguage\":\"es\",\"potentialAction\":[{\"@type\":\"ReadAction\",\"target\":[\"https:\\\/\\\/nethemba.com\\\/es\\\/servicios\\\/las-redes-y-seguridad-del-sistema\\\/auditoria-de-seguridad-iot\\\/\"]}]},{\"@type\":\"BreadcrumbList\",\"@id\":\"https:\\\/\\\/nethemba.com\\\/es\\\/servicios\\\/las-redes-y-seguridad-del-sistema\\\/auditoria-de-seguridad-iot\\\/#breadcrumb\",\"itemListElement\":[{\"@type\":\"ListItem\",\"position\":1,\"name\":\"Home\",\"item\":\"https:\\\/\\\/nethemba.com\\\/cs\\\/\"},{\"@type\":\"ListItem\",\"position\":2,\"name\":\"SERVICIOS\",\"item\":\"https:\\\/\\\/nethemba.com\\\/es\\\/servicios\\\/\"},{\"@type\":\"ListItem\",\"position\":3,\"name\":\"LAS REDES Y SEGURIDAD DEL SISTEMA\",\"item\":\"https:\\\/\\\/nethemba.com\\\/es\\\/servicios\\\/las-redes-y-seguridad-del-sistema\\\/\"},{\"@type\":\"ListItem\",\"position\":4,\"name\":\"Auditor\u00eda de seguridad IoT\"}]},{\"@type\":\"WebSite\",\"@id\":\"https:\\\/\\\/nethemba.com\\\/de\\\/#website\",\"url\":\"https:\\\/\\\/nethemba.com\\\/de\\\/\",\"name\":\"Nethemba\",\"description\":\"We care about your security\",\"potentialAction\":[{\"@type\":\"SearchAction\",\"target\":{\"@type\":\"EntryPoint\",\"urlTemplate\":\"https:\\\/\\\/nethemba.com\\\/de\\\/?s={search_term_string}\"},\"query-input\":{\"@type\":\"PropertyValueSpecification\",\"valueRequired\":true,\"valueName\":\"search_term_string\"}}],\"inLanguage\":\"es\"}]}<\/script>\n<!-- \/ Yoast SEO plugin. -->","yoast_head_json":{"title":"Auditor\u00eda de seguridad IoT - Nethemba","robots":{"index":"index","follow":"follow","max-snippet":"max-snippet:-1","max-image-preview":"max-image-preview:large","max-video-preview":"max-video-preview:-1"},"canonical":"https:\/\/nethemba.com\/es\/servicios\/las-redes-y-seguridad-del-sistema\/auditoria-de-seguridad-iot\/","og_locale":"es_ES","og_type":"article","og_title":"Auditor\u00eda de seguridad IoT - Nethemba","og_description":"El Internet de las cosas (IoT) plantea desaf\u00edos de seguridad \u00fanicos. Los dispositivos IoT a menudo se ejecutan en hardware simple que se implementa ampliamente en grandes cantidades en entornos muy diferentes. Tales \u00abmonocultivos\u00bb ampliamente implementados que no pueden ser recuperados efectivamente llevan a nuevos desaf\u00edos que son exclusivos de los dispositivos de IoT. Por [&hellip;]","og_url":"https:\/\/nethemba.com\/es\/servicios\/las-redes-y-seguridad-del-sistema\/auditoria-de-seguridad-iot\/","og_site_name":"Nethemba","article_publisher":"https:\/\/www.facebook.com\/nethemba","twitter_card":"summary_large_image","twitter_site":"@nethemba","twitter_misc":{"Tiempo de lectura":"1 minuto"},"schema":{"@context":"https:\/\/schema.org","@graph":[{"@type":"WebPage","@id":"https:\/\/nethemba.com\/es\/servicios\/las-redes-y-seguridad-del-sistema\/auditoria-de-seguridad-iot\/","url":"https:\/\/nethemba.com\/es\/servicios\/las-redes-y-seguridad-del-sistema\/auditoria-de-seguridad-iot\/","name":"Auditor\u00eda de seguridad IoT - Nethemba","isPartOf":{"@id":"https:\/\/nethemba.com\/de\/#website"},"datePublished":"2019-03-08T19:19:34+00:00","breadcrumb":{"@id":"https:\/\/nethemba.com\/es\/servicios\/las-redes-y-seguridad-del-sistema\/auditoria-de-seguridad-iot\/#breadcrumb"},"inLanguage":"es","potentialAction":[{"@type":"ReadAction","target":["https:\/\/nethemba.com\/es\/servicios\/las-redes-y-seguridad-del-sistema\/auditoria-de-seguridad-iot\/"]}]},{"@type":"BreadcrumbList","@id":"https:\/\/nethemba.com\/es\/servicios\/las-redes-y-seguridad-del-sistema\/auditoria-de-seguridad-iot\/#breadcrumb","itemListElement":[{"@type":"ListItem","position":1,"name":"Home","item":"https:\/\/nethemba.com\/cs\/"},{"@type":"ListItem","position":2,"name":"SERVICIOS","item":"https:\/\/nethemba.com\/es\/servicios\/"},{"@type":"ListItem","position":3,"name":"LAS REDES Y SEGURIDAD DEL SISTEMA","item":"https:\/\/nethemba.com\/es\/servicios\/las-redes-y-seguridad-del-sistema\/"},{"@type":"ListItem","position":4,"name":"Auditor\u00eda de seguridad IoT"}]},{"@type":"WebSite","@id":"https:\/\/nethemba.com\/de\/#website","url":"https:\/\/nethemba.com\/de\/","name":"Nethemba","description":"We care about your security","potentialAction":[{"@type":"SearchAction","target":{"@type":"EntryPoint","urlTemplate":"https:\/\/nethemba.com\/de\/?s={search_term_string}"},"query-input":{"@type":"PropertyValueSpecification","valueRequired":true,"valueName":"search_term_string"}}],"inLanguage":"es"}]}},"_links":{"self":[{"href":"https:\/\/nethemba.com\/es\/wp-json\/wp\/v2\/pages\/3325","targetHints":{"allow":["GET"]}}],"collection":[{"href":"https:\/\/nethemba.com\/es\/wp-json\/wp\/v2\/pages"}],"about":[{"href":"https:\/\/nethemba.com\/es\/wp-json\/wp\/v2\/types\/page"}],"author":[{"embeddable":true,"href":"https:\/\/nethemba.com\/es\/wp-json\/wp\/v2\/users\/2"}],"replies":[{"embeddable":true,"href":"https:\/\/nethemba.com\/es\/wp-json\/wp\/v2\/comments?post=3325"}],"version-history":[{"count":0,"href":"https:\/\/nethemba.com\/es\/wp-json\/wp\/v2\/pages\/3325\/revisions"}],"up":[{"embeddable":true,"href":"https:\/\/nethemba.com\/es\/wp-json\/wp\/v2\/pages\/3311"}],"wp:attachment":[{"href":"https:\/\/nethemba.com\/es\/wp-json\/wp\/v2\/media?parent=3325"}],"curies":[{"name":"wp","href":"https:\/\/api.w.org\/{rel}","templated":true}]}}