{"id":3329,"date":"2019-03-08T19:31:45","date_gmt":"2019-03-08T19:31:45","guid":{"rendered":"http:\/\/nethemba.com\/?page_id=3329"},"modified":"2019-03-08T19:31:45","modified_gmt":"2019-03-08T19:31:45","slug":"soluciones-en-la-nube","status":"publish","type":"page","link":"https:\/\/nethemba.com\/es\/servicios\/soluciones-de-seguridad\/soluciones-en-la-nube\/","title":{"rendered":"Soluciones en la nube"},"content":{"rendered":"\n<p>El uso generalizado de los servicios web ha creado nuevas formas de dise\u00f1ar e implementar proyectos de TI que hasta hace poco solo estaban disponibles para grandes empresas o eran muy costosos, como:<\/p>\n\n\n\n<ul class=\"wp-block-list\"><li>posibilidad de delegar completamente el mantenimiento complejo de redes, servidores, sistemas operativos y procesos de respaldo a la organizaci\u00f3n de terceros<\/li><li>posibilidad de reaccionar de manera din\u00e1mica y flexible ante una mayor carga del servidor (por ejemplo, un aumento de visitas) mediante el inicio inmediato de nuevos servidores virtuales<\/li><li>distribuci\u00f3n mundial de contenido con baja latencia y muy alta disponibilidad y rendimiento<\/li><li>mayor disponibilidad de sus servicios<\/li><\/ul>\n\n\n\n<p>\u00a1Todo esto y mucho m\u00e1s podemos ofrecer no solo a clientes grandes, sino tambi\u00e9n a peque\u00f1os por un precio muy razonable!<\/p>\n\n\n\n<p>Un \u00abCloud Computing\u00bb es un t\u00e9rmino para un sistema donde recursos como la potencia de c\u00f3mputo del servidor, el espacio de almacenamiento (discos duros, NAS), el software, etc., que hasta ahora han requerido alguna pieza real de hardware o sistema operativo que ten\u00eda que comprar o alquilar, mantener, pagar las tasas de licencia, se puede proporcionar ahora como un servicio para el cliente donde todo lo relacionado con el hardware y el sistema operativo est\u00e1 completamente oculto para el cliente.<\/p>\n\n\n\n<p>El uso de los servicios de \u00abCloud Computing\u00bb es realmente simple: puede usar \u00abservicios web\u00bb, que se pueden administrar desde muchos lenguajes de programaci\u00f3n (PHP, Java, C #, VB.NET, Ruby, Perl) con bibliotecas y API listas para usar. La mayor\u00eda de ellos est\u00e1n incluso disponibles desde una interfaz web f\u00e1cil de usar.<\/p>\n\n\n\n<p><strong>\u00bfQUE LE PODEMOS OFRECER?<\/strong><br><\/p>\n\n\n\n<p><strong>VIRTUALIZACI\u00d3N DEL RENDIMIENTO COMPUTACIONAL<\/strong><\/p>\n\n\n\n<ul class=\"wp-block-list\"><li>reemplazar su hardware real y las interrupciones y fallas interminables por virtuales (pero a\u00fan as\u00ed muy potentes)<\/li><li>en cualquier momento cuando su computadora virtual falla, puede iniciar una nueva inmediatamente sin necesidad de llamadas directas o esperando las acciones de su proveedor &#8211; ahora todo est\u00e1 en sus manos.<\/li><li>posibilidad de iniciar inmediatamente 1, 10 o incluso 1000 computadoras propias a la vez utilizando solo un comando o definir el n\u00famero de m\u00e1quinas en ejecuci\u00f3n de forma autom\u00e1tica y din\u00e1mica, seg\u00fan sus visitas o carga. En caso de necesidad, tiene la opci\u00f3n de apagar cualquiera o todas sus computadoras virtuales para no perder su dinero.<\/li><li>pague por lo que realmente usa (paga por el tiempo de CPU de cada computadora que est\u00e1 ejecutando) &#8211; puede cambiar din\u00e1micamente el n\u00famero de sus computadoras en funcionamiento dependiendo de los picos estacionales de visitas, la demanda del mercado o la campa\u00f1a publicitaria (por ejemplo, la ejecuci\u00f3n de 1000 cl\u00fasteres de computadoras poderosas para 1 hora cuesta solo $ 30!)<\/li><li>ajuste el rendimiento de su servidor eligiendo entre muchas configuraciones de hardware predefinidas: especifique cu\u00e1ntos n\u00facleos de CPU o memoria de operaci\u00f3n realmente necesita<\/li><li>ejecute versiones gratuitas o comerciales de Linux, Microsoft Windows Server u otros sistemas operativos Unix sin la necesidad de preocuparse por las licencias del sistema operativo (sus precios ya est\u00e1n incluidos en el precio por hora de la CPU)<\/li><li>configure el acceso seguro a sus servicios f\u00e1cilmente sin un conocimiento especial de firewall<\/li><\/ul>\n\n\n\n<p><strong>ALMACENAMIENTO VIRTUALIZACI\u00d3N DEL ESPACIO<\/strong><\/p>\n\n\n\n<ul class=\"wp-block-list\"><li>posibilidad de conectarse a cualquier computadora virtual Unidades de disco duro virtuales ilimitadas con un tama\u00f1o desde 1 GB hasta 1 TB<\/li><li>pague s\u00f3lo por la capacidad que realmente necesita y no desperdicie su dinero por el espacio no utilizado<\/li><li>cree una instant\u00e1nea de cualquier disco en cualquier momento sin l\u00edmite de instant\u00e1neas simult\u00e1neas<\/li><li>cree su nuevo disco a partir de la instant\u00e1nea del disco virtual o real anterior<\/li><li>sus datos permanecen incluso si sus computadoras conectadas est\u00e1n apagadas.<\/li><\/ul>\n\n\n\n<p><strong>VIRTUALIZACI\u00d3N DE ESPACIO DE RESPALDO<\/strong><\/p>\n\n\n\n<ul class=\"wp-block-list\"><li>puede tener al menos 3 r\u00e9plicas distribuidas de sus datos de copia de seguridad para cualquier archivo de 1 byte hasta 5 GB, en total hasta 256 TB (!)<\/li><li>pague solo el tama\u00f1o actual de sus datos de respaldo y la tarifa m\u00ednima por transferir al centro de respaldo<\/li><li>utiliza varios destinos de almacenamiento de protecci\u00f3n y mutuamente independientes<\/li><li>despu\u00e9s de almacenar sus datos en el almacenamiento S3, simplemente puede distribuirlos a trav\u00e9s del mundo utilizando servidores Edge y una red CDN global<\/li><\/ul>\n\n\n\n<p><strong>EQUILIBRIO DE CARGA DE LA COMPUTADORA<\/strong><\/p>\n\n\n\n<ul class=\"wp-block-list\"><li>cree su propio cl\u00faster con cualquier n\u00famero de computadoras que brinden su servicio (por ejemplo, acceso web a su portal web) y el equilibrador de carga distribuir\u00e1 de forma totalmente autom\u00e1tica e inteligente su carga a cada computadora back-end activa<\/li><li>si falla cualquier computadora del cl\u00faster, se elimina autom\u00e1ticamente del grupo de servidores<\/li><li>utilizando un control adecuado, por ejemplo, la comprobaci\u00f3n de un n\u00famero predefinido m\u00ednimo de los sistemas en funcionamiento, es posible reemplazar todos los sistemas fallidos por otros nuevos totalmente de trabajo que ser\u00e1n incluidos en el grupo de servidores<\/li><\/ul>\n\n\n\n<p><strong>VIRTUALIZACI\u00d3N MYSQL<\/strong><\/p>\n\n\n\n<ul class=\"wp-block-list\"><li>es posible iniciar su propio servidor virtual con el servidor MySQL 5.1 que es 100% compatible con todas las herramientas y aplicaciones MySQL existentes<\/li><li>La seguridad y la actualizaci\u00f3n funcional est\u00e1n totalmente automatizadas sin la necesidad de su intervenci\u00f3n<\/li><li>defina un per\u00edodo personalizado de copia de seguridad de sus datos con la posibilidad de recuperarlos en cualquier momento<\/li><li>elija su m\u00e1quina virtual entre muchas configuraciones de hardware predefinidas para satisfacer sus necesidades<\/li><li>configure el acceso seguro a sus servicios utilizando una interfaz de firewall web simple<\/li><\/ul>\n\n\n\n<p><strong>SEGURIDAD Y DISPONIBILIDAD<\/strong><\/p>\n\n\n\n<ul class=\"wp-block-list\"><li>proporcione sus servicios comerciales a sus clientes utilizando muchos centros de datos independientes en EE. UU. \/ UE y sea inmune a fallos, interrupciones, ataques de DOS dirigidos a un centro de alojamiento<\/li><li>podemos proponerle una soluci\u00f3n de agrupaci\u00f3n multirregional, donde sus datos y servicios importantes que deben estar siempre disponibles para sus clientes existir\u00e1n simult\u00e1neamente en muchas partes diferentes de un pa\u00eds, continente o mundo<\/li><li>dir\u00edjase a nuevos clientes en diferentes regiones y haga que su informaci\u00f3n y servicios sean accesibles con baja latencia y alto rendimiento y disponibilidad<\/li><\/ul>\n\n\n\n<p><strong>REPLICACI\u00d3N Y DISTRIBUCI\u00d3N DE CONTENIDOS MUNDIALES<\/strong><\/p>\n\n\n\n<ul class=\"wp-block-list\"><li>distribuya datos como im\u00e1genes, m\u00fasica, transmisi\u00f3n de video o cualquier otro contenido est\u00e1tico en todo el mundo desde ubicaciones de borde distribuidas<\/li><li>Las ubicaciones de los bordes se encuentran en muchas \u00e1reas (EE. UU., Europa, Jap\u00f3n, Hong Kong)<\/li><li>proporcione una descarga ultrarr\u00e1pida de sus datos o transmisi\u00f3n de video en tiempo real con una latencia m\u00ednima<\/li><li>saque datos se los servidores<\/li><\/ul>\n\n\n\n<p><strong>MONITOREO Y ESCALA DIN\u00c1MICA<\/strong><\/p>\n\n\n\n<ul class=\"wp-block-list\"><li>podemos proponerle un sistema de monitores inteligentes que verifica el estado de su infraestructura virtual, reacciona din\u00e1micamente a las interrupciones, sobrecargas, aumento repentino de accesos.<\/li><li>posibilidad de ver la cantidad de datos transferidos, la cantidad de conexiones HTTP, la carga de la CPU o el uso de la memoria<\/li><li>en el caso de que falle su servidor, un aumento inesperado del n\u00famero de conexiones o la carga de la CPU, puede definir f\u00e1cilmente cu\u00e1ntos servidores nuevos deben iniciarse para administrar la carga adicional<\/li><li>configure un n\u00famero m\u00ednimo y m\u00e1ximo de servidores que sirvan para un trabajo determinado, en caso de que no se utilicen por completo, se pueden cerrar autom\u00e1ticamente para ahorrar dinero<\/li><\/ul>\n","protected":false},"excerpt":{"rendered":"<p>El uso generalizado de los servicios web ha creado nuevas formas de dise\u00f1ar e implementar proyectos de TI que hasta hace poco solo estaban disponibles para grandes empresas o eran muy costosos, como: posibilidad de delegar completamente el mantenimiento complejo de redes, servidores, sistemas operativos y procesos de respaldo a la organizaci\u00f3n de terceros posibilidad [&hellip;]<\/p>\n","protected":false},"author":2,"featured_media":0,"parent":3327,"menu_order":2,"comment_status":"closed","ping_status":"closed","template":"services_detail.php","meta":{"inline_featured_image":false,"_monsterinsights_skip_tracking":false,"_monsterinsights_sitenote_active":false,"_monsterinsights_sitenote_note":"","_monsterinsights_sitenote_category":0,"footnotes":""},"class_list":["post-3329","page","type-page","status-publish","hentry"],"yoast_head":"<!-- This site is optimized with the Yoast SEO plugin v27.2 - https:\/\/yoast.com\/product\/yoast-seo-wordpress\/ -->\n<title>Soluciones en la nube - Nethemba<\/title>\n<meta name=\"robots\" content=\"index, follow, max-snippet:-1, max-image-preview:large, max-video-preview:-1\" \/>\n<link rel=\"canonical\" href=\"https:\/\/nethemba.com\/es\/servicios\/soluciones-de-seguridad\/soluciones-en-la-nube\/\" \/>\n<meta property=\"og:locale\" content=\"es_ES\" \/>\n<meta property=\"og:type\" content=\"article\" \/>\n<meta property=\"og:title\" content=\"Soluciones en la nube - Nethemba\" \/>\n<meta property=\"og:description\" content=\"El uso generalizado de los servicios web ha creado nuevas formas de dise\u00f1ar e implementar proyectos de TI que hasta hace poco solo estaban disponibles para grandes empresas o eran muy costosos, como: posibilidad de delegar completamente el mantenimiento complejo de redes, servidores, sistemas operativos y procesos de respaldo a la organizaci\u00f3n de terceros posibilidad [&hellip;]\" \/>\n<meta property=\"og:url\" content=\"https:\/\/nethemba.com\/es\/servicios\/soluciones-de-seguridad\/soluciones-en-la-nube\/\" \/>\n<meta property=\"og:site_name\" content=\"Nethemba\" \/>\n<meta property=\"article:publisher\" content=\"https:\/\/www.facebook.com\/nethemba\" \/>\n<meta name=\"twitter:card\" content=\"summary_large_image\" \/>\n<meta name=\"twitter:site\" content=\"@nethemba\" \/>\n<meta name=\"twitter:label1\" content=\"Tiempo de lectura\" \/>\n\t<meta name=\"twitter:data1\" content=\"6 minutos\" \/>\n<script type=\"application\/ld+json\" class=\"yoast-schema-graph\">{\"@context\":\"https:\/\/schema.org\",\"@graph\":[{\"@type\":\"WebPage\",\"@id\":\"https:\/\/nethemba.com\/es\/servicios\/soluciones-de-seguridad\/soluciones-en-la-nube\/\",\"url\":\"https:\/\/nethemba.com\/es\/servicios\/soluciones-de-seguridad\/soluciones-en-la-nube\/\",\"name\":\"Soluciones en la nube - Nethemba\",\"isPartOf\":{\"@id\":\"https:\/\/nethemba.com\/de\/#website\"},\"datePublished\":\"2019-03-08T19:31:45+00:00\",\"breadcrumb\":{\"@id\":\"https:\/\/nethemba.com\/es\/servicios\/soluciones-de-seguridad\/soluciones-en-la-nube\/#breadcrumb\"},\"inLanguage\":\"es\",\"potentialAction\":[{\"@type\":\"ReadAction\",\"target\":[\"https:\/\/nethemba.com\/es\/servicios\/soluciones-de-seguridad\/soluciones-en-la-nube\/\"]}]},{\"@type\":\"BreadcrumbList\",\"@id\":\"https:\/\/nethemba.com\/es\/servicios\/soluciones-de-seguridad\/soluciones-en-la-nube\/#breadcrumb\",\"itemListElement\":[{\"@type\":\"ListItem\",\"position\":1,\"name\":\"Home\",\"item\":\"https:\/\/nethemba.com\/cs\/\"},{\"@type\":\"ListItem\",\"position\":2,\"name\":\"SERVICIOS\",\"item\":\"https:\/\/nethemba.com\/es\/servicios\/\"},{\"@type\":\"ListItem\",\"position\":3,\"name\":\"SOLUCIONES DE SEGURIDAD\",\"item\":\"https:\/\/nethemba.com\/es\/servicios\/soluciones-de-seguridad\/\"},{\"@type\":\"ListItem\",\"position\":4,\"name\":\"Soluciones en la nube\"}]},{\"@type\":\"WebSite\",\"@id\":\"https:\/\/nethemba.com\/de\/#website\",\"url\":\"https:\/\/nethemba.com\/de\/\",\"name\":\"Nethemba\",\"description\":\"We care about your security\",\"potentialAction\":[{\"@type\":\"SearchAction\",\"target\":{\"@type\":\"EntryPoint\",\"urlTemplate\":\"https:\/\/nethemba.com\/de\/?s={search_term_string}\"},\"query-input\":{\"@type\":\"PropertyValueSpecification\",\"valueRequired\":true,\"valueName\":\"search_term_string\"}}],\"inLanguage\":\"es\"}]}<\/script>\n<!-- \/ Yoast SEO plugin. -->","yoast_head_json":{"title":"Soluciones en la nube - Nethemba","robots":{"index":"index","follow":"follow","max-snippet":"max-snippet:-1","max-image-preview":"max-image-preview:large","max-video-preview":"max-video-preview:-1"},"canonical":"https:\/\/nethemba.com\/es\/servicios\/soluciones-de-seguridad\/soluciones-en-la-nube\/","og_locale":"es_ES","og_type":"article","og_title":"Soluciones en la nube - Nethemba","og_description":"El uso generalizado de los servicios web ha creado nuevas formas de dise\u00f1ar e implementar proyectos de TI que hasta hace poco solo estaban disponibles para grandes empresas o eran muy costosos, como: posibilidad de delegar completamente el mantenimiento complejo de redes, servidores, sistemas operativos y procesos de respaldo a la organizaci\u00f3n de terceros posibilidad [&hellip;]","og_url":"https:\/\/nethemba.com\/es\/servicios\/soluciones-de-seguridad\/soluciones-en-la-nube\/","og_site_name":"Nethemba","article_publisher":"https:\/\/www.facebook.com\/nethemba","twitter_card":"summary_large_image","twitter_site":"@nethemba","twitter_misc":{"Tiempo de lectura":"6 minutos"},"schema":{"@context":"https:\/\/schema.org","@graph":[{"@type":"WebPage","@id":"https:\/\/nethemba.com\/es\/servicios\/soluciones-de-seguridad\/soluciones-en-la-nube\/","url":"https:\/\/nethemba.com\/es\/servicios\/soluciones-de-seguridad\/soluciones-en-la-nube\/","name":"Soluciones en la nube - Nethemba","isPartOf":{"@id":"https:\/\/nethemba.com\/de\/#website"},"datePublished":"2019-03-08T19:31:45+00:00","breadcrumb":{"@id":"https:\/\/nethemba.com\/es\/servicios\/soluciones-de-seguridad\/soluciones-en-la-nube\/#breadcrumb"},"inLanguage":"es","potentialAction":[{"@type":"ReadAction","target":["https:\/\/nethemba.com\/es\/servicios\/soluciones-de-seguridad\/soluciones-en-la-nube\/"]}]},{"@type":"BreadcrumbList","@id":"https:\/\/nethemba.com\/es\/servicios\/soluciones-de-seguridad\/soluciones-en-la-nube\/#breadcrumb","itemListElement":[{"@type":"ListItem","position":1,"name":"Home","item":"https:\/\/nethemba.com\/cs\/"},{"@type":"ListItem","position":2,"name":"SERVICIOS","item":"https:\/\/nethemba.com\/es\/servicios\/"},{"@type":"ListItem","position":3,"name":"SOLUCIONES DE SEGURIDAD","item":"https:\/\/nethemba.com\/es\/servicios\/soluciones-de-seguridad\/"},{"@type":"ListItem","position":4,"name":"Soluciones en la nube"}]},{"@type":"WebSite","@id":"https:\/\/nethemba.com\/de\/#website","url":"https:\/\/nethemba.com\/de\/","name":"Nethemba","description":"We care about your security","potentialAction":[{"@type":"SearchAction","target":{"@type":"EntryPoint","urlTemplate":"https:\/\/nethemba.com\/de\/?s={search_term_string}"},"query-input":{"@type":"PropertyValueSpecification","valueRequired":true,"valueName":"search_term_string"}}],"inLanguage":"es"}]}},"_links":{"self":[{"href":"https:\/\/nethemba.com\/es\/wp-json\/wp\/v2\/pages\/3329","targetHints":{"allow":["GET"]}}],"collection":[{"href":"https:\/\/nethemba.com\/es\/wp-json\/wp\/v2\/pages"}],"about":[{"href":"https:\/\/nethemba.com\/es\/wp-json\/wp\/v2\/types\/page"}],"author":[{"embeddable":true,"href":"https:\/\/nethemba.com\/es\/wp-json\/wp\/v2\/users\/2"}],"replies":[{"embeddable":true,"href":"https:\/\/nethemba.com\/es\/wp-json\/wp\/v2\/comments?post=3329"}],"version-history":[{"count":0,"href":"https:\/\/nethemba.com\/es\/wp-json\/wp\/v2\/pages\/3329\/revisions"}],"up":[{"embeddable":true,"href":"https:\/\/nethemba.com\/es\/wp-json\/wp\/v2\/pages\/3327"}],"wp:attachment":[{"href":"https:\/\/nethemba.com\/es\/wp-json\/wp\/v2\/media?parent=3329"}],"curies":[{"name":"wp","href":"https:\/\/api.w.org\/{rel}","templated":true}]}}