{"id":3331,"date":"2019-03-08T19:34:10","date_gmt":"2019-03-08T19:34:10","guid":{"rendered":"http:\/\/nethemba.com\/?page_id=3331"},"modified":"2019-03-08T19:34:10","modified_gmt":"2019-03-08T19:34:10","slug":"linux-unix-clusters","status":"publish","type":"page","link":"https:\/\/nethemba.com\/es\/servicios\/soluciones-de-seguridad\/linux-unix-clusters\/","title":{"rendered":"Linux\/UNIX clusters"},"content":{"rendered":"\n<h4 class=\"wp-block-heading\">ANTISPAM\/ANTIVIRUS MAIL CLUSTER<\/h4>\n\n\n\n<ul class=\"wp-block-list\"><li>ofrecemos una soluci\u00f3n de cl\u00faster de correo robusta (2 servidores) basada en:<\/li><li>la \u00faltima distribuci\u00f3n estable de Linux para servidores.<\/li><li>repositorio central de LDAP<\/li><li>potente antivirus<\/li><li>antispam poderoso<\/li><li>redundancia (el cl\u00faster es resistente a cualquier fallo del servidor)<\/li><li>IMAPS \/ POP3S seguros<\/li><li>webmail robusto y f\u00e1cil de usar<\/li><li>almacenamiento compartido basado en HW o SW<\/li><\/ul>\n\n\n\n<p><\/p>\n\n\n\n<p><\/p>\n\n\n\n<p><strong>WEB CLUSTER<\/strong><\/p>\n\n\n\n<p>Ofrecemos soluciones de cl\u00faster web de alta disponibilidad y carga equilibrada completamente redundantes basadas en 4 a 16 servidores, seg\u00fan los requisitos del cliente:<\/p>\n\n\n\n<ul class=\"wp-block-list\"><li>La \u00faltima distribuci\u00f3n estable de Linux para servidores.<\/li><li>balanceo de carga web<\/li><li>equilibrio de carga de la base de datos<\/li><li>servidores balanceadores redundantes<\/li><li>MySQL \/ PostgreSQL cluster<\/li><li>Almacenamiento compartido basado en HW o SW<\/li><\/ul>\n","protected":false},"excerpt":{"rendered":"<p>ANTISPAM\/ANTIVIRUS MAIL CLUSTER ofrecemos una soluci\u00f3n de cl\u00faster de correo robusta (2 servidores) basada en: la \u00faltima distribuci\u00f3n estable de Linux para servidores. repositorio central de LDAP potente antivirus antispam poderoso redundancia (el cl\u00faster es resistente a cualquier fallo del servidor) IMAPS \/ POP3S seguros webmail robusto y f\u00e1cil de usar almacenamiento compartido basado en [&hellip;]<\/p>\n","protected":false},"author":2,"featured_media":0,"parent":3327,"menu_order":3,"comment_status":"closed","ping_status":"closed","template":"services_detail.php","meta":{"inline_featured_image":false,"_monsterinsights_skip_tracking":false,"_monsterinsights_sitenote_active":false,"_monsterinsights_sitenote_note":"","_monsterinsights_sitenote_category":0,"footnotes":""},"class_list":["post-3331","page","type-page","status-publish","hentry"],"yoast_head":"<!-- This site is optimized with the Yoast SEO plugin v27.2 - https:\/\/yoast.com\/product\/yoast-seo-wordpress\/ -->\n<title>Linux\/UNIX clusters - Nethemba<\/title>\n<meta name=\"robots\" content=\"index, follow, max-snippet:-1, max-image-preview:large, max-video-preview:-1\" \/>\n<link rel=\"canonical\" href=\"https:\/\/nethemba.com\/es\/servicios\/soluciones-de-seguridad\/linux-unix-clusters\/\" \/>\n<meta property=\"og:locale\" content=\"es_ES\" \/>\n<meta property=\"og:type\" content=\"article\" \/>\n<meta property=\"og:title\" content=\"Linux\/UNIX clusters - Nethemba\" \/>\n<meta property=\"og:description\" content=\"ANTISPAM\/ANTIVIRUS MAIL CLUSTER ofrecemos una soluci\u00f3n de cl\u00faster de correo robusta (2 servidores) basada en: la \u00faltima distribuci\u00f3n estable de Linux para servidores. repositorio central de LDAP potente antivirus antispam poderoso redundancia (el cl\u00faster es resistente a cualquier fallo del servidor) IMAPS \/ POP3S seguros webmail robusto y f\u00e1cil de usar almacenamiento compartido basado en [&hellip;]\" \/>\n<meta property=\"og:url\" content=\"https:\/\/nethemba.com\/es\/servicios\/soluciones-de-seguridad\/linux-unix-clusters\/\" \/>\n<meta property=\"og:site_name\" content=\"Nethemba\" \/>\n<meta property=\"article:publisher\" content=\"https:\/\/www.facebook.com\/nethemba\" \/>\n<meta name=\"twitter:card\" content=\"summary_large_image\" \/>\n<meta name=\"twitter:site\" content=\"@nethemba\" \/>\n<meta name=\"twitter:label1\" content=\"Tiempo de lectura\" \/>\n\t<meta name=\"twitter:data1\" content=\"1 minuto\" \/>\n<script type=\"application\/ld+json\" class=\"yoast-schema-graph\">{\"@context\":\"https:\/\/schema.org\",\"@graph\":[{\"@type\":\"WebPage\",\"@id\":\"https:\/\/nethemba.com\/es\/servicios\/soluciones-de-seguridad\/linux-unix-clusters\/\",\"url\":\"https:\/\/nethemba.com\/es\/servicios\/soluciones-de-seguridad\/linux-unix-clusters\/\",\"name\":\"Linux\/UNIX clusters - Nethemba\",\"isPartOf\":{\"@id\":\"https:\/\/nethemba.com\/de\/#website\"},\"datePublished\":\"2019-03-08T19:34:10+00:00\",\"breadcrumb\":{\"@id\":\"https:\/\/nethemba.com\/es\/servicios\/soluciones-de-seguridad\/linux-unix-clusters\/#breadcrumb\"},\"inLanguage\":\"es\",\"potentialAction\":[{\"@type\":\"ReadAction\",\"target\":[\"https:\/\/nethemba.com\/es\/servicios\/soluciones-de-seguridad\/linux-unix-clusters\/\"]}]},{\"@type\":\"BreadcrumbList\",\"@id\":\"https:\/\/nethemba.com\/es\/servicios\/soluciones-de-seguridad\/linux-unix-clusters\/#breadcrumb\",\"itemListElement\":[{\"@type\":\"ListItem\",\"position\":1,\"name\":\"Home\",\"item\":\"https:\/\/nethemba.com\/cs\/\"},{\"@type\":\"ListItem\",\"position\":2,\"name\":\"SERVICIOS\",\"item\":\"https:\/\/nethemba.com\/es\/servicios\/\"},{\"@type\":\"ListItem\",\"position\":3,\"name\":\"SOLUCIONES DE SEGURIDAD\",\"item\":\"https:\/\/nethemba.com\/es\/servicios\/soluciones-de-seguridad\/\"},{\"@type\":\"ListItem\",\"position\":4,\"name\":\"Linux\/UNIX clusters\"}]},{\"@type\":\"WebSite\",\"@id\":\"https:\/\/nethemba.com\/de\/#website\",\"url\":\"https:\/\/nethemba.com\/de\/\",\"name\":\"Nethemba\",\"description\":\"We care about your security\",\"potentialAction\":[{\"@type\":\"SearchAction\",\"target\":{\"@type\":\"EntryPoint\",\"urlTemplate\":\"https:\/\/nethemba.com\/de\/?s={search_term_string}\"},\"query-input\":{\"@type\":\"PropertyValueSpecification\",\"valueRequired\":true,\"valueName\":\"search_term_string\"}}],\"inLanguage\":\"es\"}]}<\/script>\n<!-- \/ Yoast SEO plugin. -->","yoast_head_json":{"title":"Linux\/UNIX clusters - Nethemba","robots":{"index":"index","follow":"follow","max-snippet":"max-snippet:-1","max-image-preview":"max-image-preview:large","max-video-preview":"max-video-preview:-1"},"canonical":"https:\/\/nethemba.com\/es\/servicios\/soluciones-de-seguridad\/linux-unix-clusters\/","og_locale":"es_ES","og_type":"article","og_title":"Linux\/UNIX clusters - Nethemba","og_description":"ANTISPAM\/ANTIVIRUS MAIL CLUSTER ofrecemos una soluci\u00f3n de cl\u00faster de correo robusta (2 servidores) basada en: la \u00faltima distribuci\u00f3n estable de Linux para servidores. repositorio central de LDAP potente antivirus antispam poderoso redundancia (el cl\u00faster es resistente a cualquier fallo del servidor) IMAPS \/ POP3S seguros webmail robusto y f\u00e1cil de usar almacenamiento compartido basado en [&hellip;]","og_url":"https:\/\/nethemba.com\/es\/servicios\/soluciones-de-seguridad\/linux-unix-clusters\/","og_site_name":"Nethemba","article_publisher":"https:\/\/www.facebook.com\/nethemba","twitter_card":"summary_large_image","twitter_site":"@nethemba","twitter_misc":{"Tiempo de lectura":"1 minuto"},"schema":{"@context":"https:\/\/schema.org","@graph":[{"@type":"WebPage","@id":"https:\/\/nethemba.com\/es\/servicios\/soluciones-de-seguridad\/linux-unix-clusters\/","url":"https:\/\/nethemba.com\/es\/servicios\/soluciones-de-seguridad\/linux-unix-clusters\/","name":"Linux\/UNIX clusters - Nethemba","isPartOf":{"@id":"https:\/\/nethemba.com\/de\/#website"},"datePublished":"2019-03-08T19:34:10+00:00","breadcrumb":{"@id":"https:\/\/nethemba.com\/es\/servicios\/soluciones-de-seguridad\/linux-unix-clusters\/#breadcrumb"},"inLanguage":"es","potentialAction":[{"@type":"ReadAction","target":["https:\/\/nethemba.com\/es\/servicios\/soluciones-de-seguridad\/linux-unix-clusters\/"]}]},{"@type":"BreadcrumbList","@id":"https:\/\/nethemba.com\/es\/servicios\/soluciones-de-seguridad\/linux-unix-clusters\/#breadcrumb","itemListElement":[{"@type":"ListItem","position":1,"name":"Home","item":"https:\/\/nethemba.com\/cs\/"},{"@type":"ListItem","position":2,"name":"SERVICIOS","item":"https:\/\/nethemba.com\/es\/servicios\/"},{"@type":"ListItem","position":3,"name":"SOLUCIONES DE SEGURIDAD","item":"https:\/\/nethemba.com\/es\/servicios\/soluciones-de-seguridad\/"},{"@type":"ListItem","position":4,"name":"Linux\/UNIX clusters"}]},{"@type":"WebSite","@id":"https:\/\/nethemba.com\/de\/#website","url":"https:\/\/nethemba.com\/de\/","name":"Nethemba","description":"We care about your security","potentialAction":[{"@type":"SearchAction","target":{"@type":"EntryPoint","urlTemplate":"https:\/\/nethemba.com\/de\/?s={search_term_string}"},"query-input":{"@type":"PropertyValueSpecification","valueRequired":true,"valueName":"search_term_string"}}],"inLanguage":"es"}]}},"_links":{"self":[{"href":"https:\/\/nethemba.com\/es\/wp-json\/wp\/v2\/pages\/3331","targetHints":{"allow":["GET"]}}],"collection":[{"href":"https:\/\/nethemba.com\/es\/wp-json\/wp\/v2\/pages"}],"about":[{"href":"https:\/\/nethemba.com\/es\/wp-json\/wp\/v2\/types\/page"}],"author":[{"embeddable":true,"href":"https:\/\/nethemba.com\/es\/wp-json\/wp\/v2\/users\/2"}],"replies":[{"embeddable":true,"href":"https:\/\/nethemba.com\/es\/wp-json\/wp\/v2\/comments?post=3331"}],"version-history":[{"count":0,"href":"https:\/\/nethemba.com\/es\/wp-json\/wp\/v2\/pages\/3331\/revisions"}],"up":[{"embeddable":true,"href":"https:\/\/nethemba.com\/es\/wp-json\/wp\/v2\/pages\/3327"}],"wp:attachment":[{"href":"https:\/\/nethemba.com\/es\/wp-json\/wp\/v2\/media?parent=3331"}],"curies":[{"name":"wp","href":"https:\/\/api.w.org\/{rel}","templated":true}]}}