{"id":3333,"date":"2019-03-08T19:36:59","date_gmt":"2019-03-08T19:36:59","guid":{"rendered":"http:\/\/nethemba.com\/?page_id=3333"},"modified":"2019-03-08T19:37:51","modified_gmt":"2019-03-08T19:37:51","slug":"ids-ips-waf-refuerzo-de-las-aplicaciones","status":"publish","type":"page","link":"https:\/\/nethemba.com\/es\/servicios\/soluciones-de-seguridad\/ids-ips-waf-refuerzo-de-las-aplicaciones\/","title":{"rendered":"IDS, IPS, WAF, refuerzo de las aplicaciones"},"content":{"rendered":"\n<p>Para lograr la m\u00e1xima seguridad de sistema \/ aplicaci\u00f3n, ofrecemos sistemas operativos ultra seguros (basados en el modelo de seguridad RBAC, DTE y MLS), una segregaci\u00f3n de SO \/ aplicaci\u00f3n que utiliza t\u00e9cnicas de virtualizaci\u00f3n y un refuerzo adicional para las configuraciones comunes de servidores web LAMP.<br><\/p>\n\n\n\n<p><strong>SERVIDOR ULTRA SEGURO (\/ SEBSD SELINUX) <\/strong><\/p>\n\n\n\n<p>SELinux es la modificaci\u00f3n m\u00e1s segura de la distribuci\u00f3n de Linux en el mundo desarrollada por la Agencia de Seguridad Nacional de los Estados Unidos. Utiliza MAC (Modelos de dominio, Control de acceso basado en roles y Modelos de seguridad de niveles m\u00faltiples) en lugar del DAC tradicional de Unix. Proponemos y creamos su pol\u00edtica personalizada de SELinux para su aplicaci\u00f3n. Es una soluci\u00f3n ideal para bancos \/ compa\u00f1\u00edas de seguros y sitios web ultra seguros. Para los fan\u00e1ticos de BSD tambi\u00e9n ofrecemos la pol\u00edtica de SELinux (SEBSD) portada a TrustedBSD.<br><\/p>\n\n\n\n<p><strong>FORTALECIMIENTO DE LA CONFIGURACI\u00d3N LAMP<\/strong><\/p>\n\n\n\n<p>Para aplicaciones de comercio electr\u00f3nico comunes basadas en Apache o en cualquier otro servidor web, PHP y MySQL \/ PostgreSQL, ofrecemos un refuerzo especial del entorno:<\/p>\n\n\n\n<ul class=\"wp-block-list\"><li>Servidor de seguridad de aplicaciones web configurado (mod_security)<\/li><li>Refuerzo de la seguridad de PHP (habilitaci\u00f3n \/ configuraci\u00f3n del modo seguro de PHP, suhosin de PHP, suPHP, servidor web con chroot)<\/li><li>Consultor\u00eda de seguridad y proporcionando las mejores pr\u00e1cticas en codificaci\u00f3n segura.<\/li><\/ul>\n\n\n\n<p><strong>T\u00c9CNICAS DE VIRTUALIZACI\u00d3N<\/strong><\/p>\n\n\n\n<p>A veces puede ser dif\u00edcil o costoso asegurar aplicaciones utilizando las t\u00e9cnicas de endurecimiento de SELinux \/ TrustedBSD o PHP. En tal caso, ofrecemos una segregaci\u00f3n completamente transparente de aplicaciones cr\u00edticas para la seguridad utilizando t\u00e9cnicas de virtualizaci\u00f3n (KVM, OpenVZ, XEN, VMWare). Esto tambi\u00e9n puede ser una gran soluci\u00f3n para alojar m\u00faltiples m\u00e1quinas virtuales.<br><\/p>\n\n\n\n<p><strong>FIREWALL CLUSTERS DE APLICACIONES WEB <\/strong><\/p>\n\n\n\n<p>La soluci\u00f3n de conmutaci\u00f3n por error completamente transparente basada en mod_security WAF y nginx \/ Apache proxy inverso para sitios web cr\u00edticos importantes que pueden usarse para cualquier aplicaci\u00f3n \/ portal web.<\/p>\n\n\n\n<p>El sistema de detecci\u00f3n de intrusos (IDS) se puede incluir en el cl\u00faster para detectar ataques de aplicaciones web peligrosas.<br><\/p>\n\n\n\n<p><strong>HONEYPOT &amp; HONEYNET<\/strong><\/p>\n\n\n\n<p>Los honeypots de producci\u00f3n como se\u00f1uelos para hackers malintencionados se pueden colocar dentro de la red de producci\u00f3n para mejorar el estado general de la seguridad. El prop\u00f3sito del honeypot de producci\u00f3n es monitorear y analizar la actividad del hacker. El honeypot agrega valor a las medidas de seguridad de una organizaci\u00f3n. Ofrecemos soluciones honeypot fuertes y eficientes.<br><\/p>\n","protected":false},"excerpt":{"rendered":"<p>Para lograr la m\u00e1xima seguridad de sistema \/ aplicaci\u00f3n, ofrecemos sistemas operativos ultra seguros (basados en el modelo de seguridad RBAC, DTE y MLS), una segregaci\u00f3n de SO \/ aplicaci\u00f3n que utiliza t\u00e9cnicas de virtualizaci\u00f3n y un refuerzo adicional para las configuraciones comunes de servidores web LAMP. SERVIDOR ULTRA SEGURO (\/ SEBSD SELINUX) SELinux es [&hellip;]<\/p>\n","protected":false},"author":2,"featured_media":0,"parent":3327,"menu_order":4,"comment_status":"closed","ping_status":"closed","template":"services_detail.php","meta":{"inline_featured_image":false,"_monsterinsights_skip_tracking":false,"_monsterinsights_sitenote_active":false,"_monsterinsights_sitenote_note":"","_monsterinsights_sitenote_category":0,"footnotes":""},"class_list":["post-3333","page","type-page","status-publish","hentry"],"yoast_head":"<!-- This site is optimized with the Yoast SEO plugin v27.4 - https:\/\/yoast.com\/product\/yoast-seo-wordpress\/ -->\n<title>IDS, IPS, WAF, refuerzo de las aplicaciones - Nethemba<\/title>\n<meta name=\"robots\" content=\"index, follow, max-snippet:-1, max-image-preview:large, max-video-preview:-1\" \/>\n<link rel=\"canonical\" href=\"https:\/\/nethemba.com\/es\/servicios\/soluciones-de-seguridad\/ids-ips-waf-refuerzo-de-las-aplicaciones\/\" \/>\n<meta property=\"og:locale\" content=\"es_ES\" \/>\n<meta property=\"og:type\" content=\"article\" \/>\n<meta property=\"og:title\" content=\"IDS, IPS, WAF, refuerzo de las aplicaciones - Nethemba\" \/>\n<meta property=\"og:description\" content=\"Para lograr la m\u00e1xima seguridad de sistema \/ aplicaci\u00f3n, ofrecemos sistemas operativos ultra seguros (basados en el modelo de seguridad RBAC, DTE y MLS), una segregaci\u00f3n de SO \/ aplicaci\u00f3n que utiliza t\u00e9cnicas de virtualizaci\u00f3n y un refuerzo adicional para las configuraciones comunes de servidores web LAMP. SERVIDOR ULTRA SEGURO (\/ SEBSD SELINUX) SELinux es [&hellip;]\" \/>\n<meta property=\"og:url\" content=\"https:\/\/nethemba.com\/es\/servicios\/soluciones-de-seguridad\/ids-ips-waf-refuerzo-de-las-aplicaciones\/\" \/>\n<meta property=\"og:site_name\" content=\"Nethemba\" \/>\n<meta property=\"article:publisher\" content=\"https:\/\/www.facebook.com\/nethemba\" \/>\n<meta property=\"article:modified_time\" content=\"2019-03-08T19:37:51+00:00\" \/>\n<meta name=\"twitter:card\" content=\"summary_large_image\" \/>\n<meta name=\"twitter:site\" content=\"@nethemba\" \/>\n<meta name=\"twitter:label1\" content=\"Tiempo de lectura\" \/>\n\t<meta name=\"twitter:data1\" content=\"2 minutos\" \/>\n<script type=\"application\/ld+json\" class=\"yoast-schema-graph\">{\"@context\":\"https:\\\/\\\/schema.org\",\"@graph\":[{\"@type\":\"WebPage\",\"@id\":\"https:\\\/\\\/nethemba.com\\\/es\\\/servicios\\\/soluciones-de-seguridad\\\/ids-ips-waf-refuerzo-de-las-aplicaciones\\\/\",\"url\":\"https:\\\/\\\/nethemba.com\\\/es\\\/servicios\\\/soluciones-de-seguridad\\\/ids-ips-waf-refuerzo-de-las-aplicaciones\\\/\",\"name\":\"IDS, IPS, WAF, refuerzo de las aplicaciones - Nethemba\",\"isPartOf\":{\"@id\":\"https:\\\/\\\/nethemba.com\\\/de\\\/#website\"},\"datePublished\":\"2019-03-08T19:36:59+00:00\",\"dateModified\":\"2019-03-08T19:37:51+00:00\",\"breadcrumb\":{\"@id\":\"https:\\\/\\\/nethemba.com\\\/es\\\/servicios\\\/soluciones-de-seguridad\\\/ids-ips-waf-refuerzo-de-las-aplicaciones\\\/#breadcrumb\"},\"inLanguage\":\"es\",\"potentialAction\":[{\"@type\":\"ReadAction\",\"target\":[\"https:\\\/\\\/nethemba.com\\\/es\\\/servicios\\\/soluciones-de-seguridad\\\/ids-ips-waf-refuerzo-de-las-aplicaciones\\\/\"]}]},{\"@type\":\"BreadcrumbList\",\"@id\":\"https:\\\/\\\/nethemba.com\\\/es\\\/servicios\\\/soluciones-de-seguridad\\\/ids-ips-waf-refuerzo-de-las-aplicaciones\\\/#breadcrumb\",\"itemListElement\":[{\"@type\":\"ListItem\",\"position\":1,\"name\":\"Home\",\"item\":\"https:\\\/\\\/nethemba.com\\\/cs\\\/\"},{\"@type\":\"ListItem\",\"position\":2,\"name\":\"SERVICIOS\",\"item\":\"https:\\\/\\\/nethemba.com\\\/es\\\/servicios\\\/\"},{\"@type\":\"ListItem\",\"position\":3,\"name\":\"SOLUCIONES DE SEGURIDAD\",\"item\":\"https:\\\/\\\/nethemba.com\\\/es\\\/servicios\\\/soluciones-de-seguridad\\\/\"},{\"@type\":\"ListItem\",\"position\":4,\"name\":\"IDS, IPS, WAF, refuerzo de las aplicaciones\"}]},{\"@type\":\"WebSite\",\"@id\":\"https:\\\/\\\/nethemba.com\\\/de\\\/#website\",\"url\":\"https:\\\/\\\/nethemba.com\\\/de\\\/\",\"name\":\"Nethemba\",\"description\":\"We care about your security\",\"potentialAction\":[{\"@type\":\"SearchAction\",\"target\":{\"@type\":\"EntryPoint\",\"urlTemplate\":\"https:\\\/\\\/nethemba.com\\\/de\\\/?s={search_term_string}\"},\"query-input\":{\"@type\":\"PropertyValueSpecification\",\"valueRequired\":true,\"valueName\":\"search_term_string\"}}],\"inLanguage\":\"es\"}]}<\/script>\n<!-- \/ Yoast SEO plugin. -->","yoast_head_json":{"title":"IDS, IPS, WAF, refuerzo de las aplicaciones - Nethemba","robots":{"index":"index","follow":"follow","max-snippet":"max-snippet:-1","max-image-preview":"max-image-preview:large","max-video-preview":"max-video-preview:-1"},"canonical":"https:\/\/nethemba.com\/es\/servicios\/soluciones-de-seguridad\/ids-ips-waf-refuerzo-de-las-aplicaciones\/","og_locale":"es_ES","og_type":"article","og_title":"IDS, IPS, WAF, refuerzo de las aplicaciones - Nethemba","og_description":"Para lograr la m\u00e1xima seguridad de sistema \/ aplicaci\u00f3n, ofrecemos sistemas operativos ultra seguros (basados en el modelo de seguridad RBAC, DTE y MLS), una segregaci\u00f3n de SO \/ aplicaci\u00f3n que utiliza t\u00e9cnicas de virtualizaci\u00f3n y un refuerzo adicional para las configuraciones comunes de servidores web LAMP. SERVIDOR ULTRA SEGURO (\/ SEBSD SELINUX) SELinux es [&hellip;]","og_url":"https:\/\/nethemba.com\/es\/servicios\/soluciones-de-seguridad\/ids-ips-waf-refuerzo-de-las-aplicaciones\/","og_site_name":"Nethemba","article_publisher":"https:\/\/www.facebook.com\/nethemba","article_modified_time":"2019-03-08T19:37:51+00:00","twitter_card":"summary_large_image","twitter_site":"@nethemba","twitter_misc":{"Tiempo de lectura":"2 minutos"},"schema":{"@context":"https:\/\/schema.org","@graph":[{"@type":"WebPage","@id":"https:\/\/nethemba.com\/es\/servicios\/soluciones-de-seguridad\/ids-ips-waf-refuerzo-de-las-aplicaciones\/","url":"https:\/\/nethemba.com\/es\/servicios\/soluciones-de-seguridad\/ids-ips-waf-refuerzo-de-las-aplicaciones\/","name":"IDS, IPS, WAF, refuerzo de las aplicaciones - Nethemba","isPartOf":{"@id":"https:\/\/nethemba.com\/de\/#website"},"datePublished":"2019-03-08T19:36:59+00:00","dateModified":"2019-03-08T19:37:51+00:00","breadcrumb":{"@id":"https:\/\/nethemba.com\/es\/servicios\/soluciones-de-seguridad\/ids-ips-waf-refuerzo-de-las-aplicaciones\/#breadcrumb"},"inLanguage":"es","potentialAction":[{"@type":"ReadAction","target":["https:\/\/nethemba.com\/es\/servicios\/soluciones-de-seguridad\/ids-ips-waf-refuerzo-de-las-aplicaciones\/"]}]},{"@type":"BreadcrumbList","@id":"https:\/\/nethemba.com\/es\/servicios\/soluciones-de-seguridad\/ids-ips-waf-refuerzo-de-las-aplicaciones\/#breadcrumb","itemListElement":[{"@type":"ListItem","position":1,"name":"Home","item":"https:\/\/nethemba.com\/cs\/"},{"@type":"ListItem","position":2,"name":"SERVICIOS","item":"https:\/\/nethemba.com\/es\/servicios\/"},{"@type":"ListItem","position":3,"name":"SOLUCIONES DE SEGURIDAD","item":"https:\/\/nethemba.com\/es\/servicios\/soluciones-de-seguridad\/"},{"@type":"ListItem","position":4,"name":"IDS, IPS, WAF, refuerzo de las aplicaciones"}]},{"@type":"WebSite","@id":"https:\/\/nethemba.com\/de\/#website","url":"https:\/\/nethemba.com\/de\/","name":"Nethemba","description":"We care about your security","potentialAction":[{"@type":"SearchAction","target":{"@type":"EntryPoint","urlTemplate":"https:\/\/nethemba.com\/de\/?s={search_term_string}"},"query-input":{"@type":"PropertyValueSpecification","valueRequired":true,"valueName":"search_term_string"}}],"inLanguage":"es"}]}},"_links":{"self":[{"href":"https:\/\/nethemba.com\/es\/wp-json\/wp\/v2\/pages\/3333","targetHints":{"allow":["GET"]}}],"collection":[{"href":"https:\/\/nethemba.com\/es\/wp-json\/wp\/v2\/pages"}],"about":[{"href":"https:\/\/nethemba.com\/es\/wp-json\/wp\/v2\/types\/page"}],"author":[{"embeddable":true,"href":"https:\/\/nethemba.com\/es\/wp-json\/wp\/v2\/users\/2"}],"replies":[{"embeddable":true,"href":"https:\/\/nethemba.com\/es\/wp-json\/wp\/v2\/comments?post=3333"}],"version-history":[{"count":0,"href":"https:\/\/nethemba.com\/es\/wp-json\/wp\/v2\/pages\/3333\/revisions"}],"up":[{"embeddable":true,"href":"https:\/\/nethemba.com\/es\/wp-json\/wp\/v2\/pages\/3327"}],"wp:attachment":[{"href":"https:\/\/nethemba.com\/es\/wp-json\/wp\/v2\/media?parent=3333"}],"curies":[{"name":"wp","href":"https:\/\/api.w.org\/{rel}","templated":true}]}}