{"id":3341,"date":"2019-03-08T19:51:01","date_gmt":"2019-03-08T19:51:01","guid":{"rendered":"http:\/\/nethemba.com\/?page_id=3341"},"modified":"2025-05-07T17:00:53","modified_gmt":"2025-05-07T15:00:53","slug":"analisis-forense-informatico","status":"publish","type":"page","link":"https:\/\/nethemba.com\/es\/servicios\/servicios-de-seguridad\/analisis-forense-informatico\/","title":{"rendered":"Anal\u00edsis forense inform\u00e1tico"},"content":{"rendered":"\r\n<p><strong>\u00bfQU\u00c9 ES LA COMPUTACI\u00d3N FORENSE?<\/strong><\/p>\r\n\r\n\r\n\r\n<p>Una serie met\u00f3dica de t\u00e9cnicas y procedimientos para recopilar evidencia, desde equipos inform\u00e1ticos y diversos dispositivos de almacenamiento y medios digitales, que se pueden presentar en un tribunal de justicia en un formato coherente y significativo. &#8211; Dr. H.B.Wolfe<\/p>\r\n\r\n\r\n\r\n<p>El objetivo del an\u00e1lisis forense inform\u00e1tico es preparar todo el material relevante para futuras investigaciones de delitos cibern\u00e9ticos.<\/p>\r\n\r\n\r\n\r\n<p>El crimen cibern\u00e9tico incluye:<\/p>\r\n\r\n\r\n\r\n<ul class=\"wp-block-list\">\r\n<li>Penetraciones del sistema hacker (tanto ataques externos como internos)<\/li>\r\n<li>Distribuci\u00f3n y ejecuci\u00f3n de virus y gusanos.<\/li>\r\n<li>Da\u00f1o de las redes de servicios de la empresa.<\/li>\r\n<li>Fraude financiero<\/li>\r\n<li>Robo de propiedad intelectual<\/li>\r\n<\/ul>\r\n\r\n\r\n\r\n<p>La recopilaci\u00f3n de evidencia digital es crucial durante el examen forense inform\u00e1tico. Lo realizamos en los siguientes pasos:<\/p>\r\n\r\n\r\n\r\n<p>1. Proteger el sistema inform\u00e1tico en cuesti\u00f3n de cualquier posible alteraci\u00f3n, da\u00f1o, corrupci\u00f3n de datos: si es posible, no apague sus sistemas ni los desconecte de la red. Esto puede causar la p\u00e9rdida de todas las pruebas. P\u00f3ngase en contacto primero con nosotros<\/p>\r\n\r\n\r\n\r\n<p>2. Detecci\u00f3n de todos los archivos, procesos y objetos del sistema en el sistema en cuesti\u00f3n (incluye archivos normales existentes, archivos ocultos, archivos encriptados y protegidos por contrase\u00f1a).<\/p>\r\n\r\n\r\n\r\n<p>3. Recuperar todos (tanto como sea posible) los archivos eliminados descubiertos.<\/p>\r\n\r\n\r\n\r\n<p>4. Revelar el contenido de los archivos ocultos, as\u00ed como los archivos temporales o de intercambio.<\/p>\r\n\r\n\r\n\r\n<p>5. Cracking (si es posible y legalmente apropiado) de todos los archivos cifrados y protegidos por contrase\u00f1a.<\/p>\r\n\r\n\r\n\r\n<p>6. An\u00e1lisis de todos los datos relevantes descubiertos en todas las partes de un disco (tambi\u00e9n incluye espacio no asignado \/ holgura).<\/p>\r\n\r\n\r\n\r\n<p>7. Preparar el an\u00e1lisis general del sistema inform\u00e1tico en cuesti\u00f3n, as\u00ed como una lista de todos los archivos relevantes, procesos y datos descubiertos, proporcionando una opini\u00f3n del an\u00e1lisis realizado (descripci\u00f3n del posible escenario de ataque, cualquier intento de ocultar, eliminar, proteger, cifrar). informaci\u00f3n y cualquier cosa que parezca relevante para el an\u00e1lisis forense general)<\/p>\r\n\r\n\r\n\r\n<p>8. Proporcionar consultas de expertos y \/ o testimonios, seg\u00fan sea necesario.<\/p>\r\n","protected":false},"excerpt":{"rendered":"<p>\u00bfQU\u00c9 ES LA COMPUTACI\u00d3N FORENSE? Una serie met\u00f3dica de t\u00e9cnicas y procedimientos para recopilar evidencia, desde equipos inform\u00e1ticos y diversos dispositivos de almacenamiento y medios digitales, que se pueden presentar en un tribunal de justicia en un formato coherente y significativo. &#8211; Dr. H.B.Wolfe El objetivo del an\u00e1lisis forense inform\u00e1tico es preparar todo el material [&hellip;]<\/p>\n","protected":false},"author":2,"featured_media":0,"parent":3336,"menu_order":2,"comment_status":"closed","ping_status":"closed","template":"services_detail.php","meta":{"inline_featured_image":false,"_monsterinsights_skip_tracking":false,"_monsterinsights_sitenote_active":false,"_monsterinsights_sitenote_note":"","_monsterinsights_sitenote_category":0,"footnotes":""},"class_list":["post-3341","page","type-page","status-publish","hentry"],"yoast_head":"<!-- This site is optimized with the Yoast SEO plugin v27.3 - https:\/\/yoast.com\/product\/yoast-seo-wordpress\/ -->\n<title>Anal\u00edsis forense inform\u00e1tico - Nethemba<\/title>\n<meta name=\"robots\" content=\"index, follow, max-snippet:-1, max-image-preview:large, max-video-preview:-1\" \/>\n<link rel=\"canonical\" href=\"https:\/\/nethemba.com\/es\/servicios\/servicios-de-seguridad\/analisis-forense-informatico\/\" \/>\n<meta property=\"og:locale\" content=\"es_ES\" \/>\n<meta property=\"og:type\" content=\"article\" \/>\n<meta property=\"og:title\" content=\"Anal\u00edsis forense inform\u00e1tico - Nethemba\" \/>\n<meta property=\"og:description\" content=\"\u00bfQU\u00c9 ES LA COMPUTACI\u00d3N FORENSE? Una serie met\u00f3dica de t\u00e9cnicas y procedimientos para recopilar evidencia, desde equipos inform\u00e1ticos y diversos dispositivos de almacenamiento y medios digitales, que se pueden presentar en un tribunal de justicia en un formato coherente y significativo. &#8211; Dr. H.B.Wolfe El objetivo del an\u00e1lisis forense inform\u00e1tico es preparar todo el material [&hellip;]\" \/>\n<meta property=\"og:url\" content=\"https:\/\/nethemba.com\/es\/servicios\/servicios-de-seguridad\/analisis-forense-informatico\/\" \/>\n<meta property=\"og:site_name\" content=\"Nethemba\" \/>\n<meta property=\"article:publisher\" content=\"https:\/\/www.facebook.com\/nethemba\" \/>\n<meta property=\"article:modified_time\" content=\"2025-05-07T15:00:53+00:00\" \/>\n<meta name=\"twitter:card\" content=\"summary_large_image\" \/>\n<meta name=\"twitter:site\" content=\"@nethemba\" \/>\n<meta name=\"twitter:label1\" content=\"Tiempo de lectura\" \/>\n\t<meta name=\"twitter:data1\" content=\"2 minutos\" \/>\n<script type=\"application\/ld+json\" class=\"yoast-schema-graph\">{\"@context\":\"https:\\\/\\\/schema.org\",\"@graph\":[{\"@type\":\"WebPage\",\"@id\":\"https:\\\/\\\/nethemba.com\\\/es\\\/servicios\\\/servicios-de-seguridad\\\/analisis-forense-informatico\\\/\",\"url\":\"https:\\\/\\\/nethemba.com\\\/es\\\/servicios\\\/servicios-de-seguridad\\\/analisis-forense-informatico\\\/\",\"name\":\"Anal\u00edsis forense inform\u00e1tico - Nethemba\",\"isPartOf\":{\"@id\":\"https:\\\/\\\/nethemba.com\\\/de\\\/#website\"},\"datePublished\":\"2019-03-08T19:51:01+00:00\",\"dateModified\":\"2025-05-07T15:00:53+00:00\",\"breadcrumb\":{\"@id\":\"https:\\\/\\\/nethemba.com\\\/es\\\/servicios\\\/servicios-de-seguridad\\\/analisis-forense-informatico\\\/#breadcrumb\"},\"inLanguage\":\"es\",\"potentialAction\":[{\"@type\":\"ReadAction\",\"target\":[\"https:\\\/\\\/nethemba.com\\\/es\\\/servicios\\\/servicios-de-seguridad\\\/analisis-forense-informatico\\\/\"]}]},{\"@type\":\"BreadcrumbList\",\"@id\":\"https:\\\/\\\/nethemba.com\\\/es\\\/servicios\\\/servicios-de-seguridad\\\/analisis-forense-informatico\\\/#breadcrumb\",\"itemListElement\":[{\"@type\":\"ListItem\",\"position\":1,\"name\":\"Home\",\"item\":\"https:\\\/\\\/nethemba.com\\\/cs\\\/\"},{\"@type\":\"ListItem\",\"position\":2,\"name\":\"SERVICIOS\",\"item\":\"https:\\\/\\\/nethemba.com\\\/es\\\/servicios\\\/\"},{\"@type\":\"ListItem\",\"position\":3,\"name\":\"SERVICIOS DE SEGURIDAD\",\"item\":\"https:\\\/\\\/nethemba.com\\\/es\\\/servicios\\\/servicios-de-seguridad\\\/\"},{\"@type\":\"ListItem\",\"position\":4,\"name\":\"Anal\u00edsis forense inform\u00e1tico\"}]},{\"@type\":\"WebSite\",\"@id\":\"https:\\\/\\\/nethemba.com\\\/de\\\/#website\",\"url\":\"https:\\\/\\\/nethemba.com\\\/de\\\/\",\"name\":\"Nethemba\",\"description\":\"We care about your security\",\"potentialAction\":[{\"@type\":\"SearchAction\",\"target\":{\"@type\":\"EntryPoint\",\"urlTemplate\":\"https:\\\/\\\/nethemba.com\\\/de\\\/?s={search_term_string}\"},\"query-input\":{\"@type\":\"PropertyValueSpecification\",\"valueRequired\":true,\"valueName\":\"search_term_string\"}}],\"inLanguage\":\"es\"}]}<\/script>\n<!-- \/ Yoast SEO plugin. -->","yoast_head_json":{"title":"Anal\u00edsis forense inform\u00e1tico - Nethemba","robots":{"index":"index","follow":"follow","max-snippet":"max-snippet:-1","max-image-preview":"max-image-preview:large","max-video-preview":"max-video-preview:-1"},"canonical":"https:\/\/nethemba.com\/es\/servicios\/servicios-de-seguridad\/analisis-forense-informatico\/","og_locale":"es_ES","og_type":"article","og_title":"Anal\u00edsis forense inform\u00e1tico - Nethemba","og_description":"\u00bfQU\u00c9 ES LA COMPUTACI\u00d3N FORENSE? Una serie met\u00f3dica de t\u00e9cnicas y procedimientos para recopilar evidencia, desde equipos inform\u00e1ticos y diversos dispositivos de almacenamiento y medios digitales, que se pueden presentar en un tribunal de justicia en un formato coherente y significativo. &#8211; Dr. H.B.Wolfe El objetivo del an\u00e1lisis forense inform\u00e1tico es preparar todo el material [&hellip;]","og_url":"https:\/\/nethemba.com\/es\/servicios\/servicios-de-seguridad\/analisis-forense-informatico\/","og_site_name":"Nethemba","article_publisher":"https:\/\/www.facebook.com\/nethemba","article_modified_time":"2025-05-07T15:00:53+00:00","twitter_card":"summary_large_image","twitter_site":"@nethemba","twitter_misc":{"Tiempo de lectura":"2 minutos"},"schema":{"@context":"https:\/\/schema.org","@graph":[{"@type":"WebPage","@id":"https:\/\/nethemba.com\/es\/servicios\/servicios-de-seguridad\/analisis-forense-informatico\/","url":"https:\/\/nethemba.com\/es\/servicios\/servicios-de-seguridad\/analisis-forense-informatico\/","name":"Anal\u00edsis forense inform\u00e1tico - Nethemba","isPartOf":{"@id":"https:\/\/nethemba.com\/de\/#website"},"datePublished":"2019-03-08T19:51:01+00:00","dateModified":"2025-05-07T15:00:53+00:00","breadcrumb":{"@id":"https:\/\/nethemba.com\/es\/servicios\/servicios-de-seguridad\/analisis-forense-informatico\/#breadcrumb"},"inLanguage":"es","potentialAction":[{"@type":"ReadAction","target":["https:\/\/nethemba.com\/es\/servicios\/servicios-de-seguridad\/analisis-forense-informatico\/"]}]},{"@type":"BreadcrumbList","@id":"https:\/\/nethemba.com\/es\/servicios\/servicios-de-seguridad\/analisis-forense-informatico\/#breadcrumb","itemListElement":[{"@type":"ListItem","position":1,"name":"Home","item":"https:\/\/nethemba.com\/cs\/"},{"@type":"ListItem","position":2,"name":"SERVICIOS","item":"https:\/\/nethemba.com\/es\/servicios\/"},{"@type":"ListItem","position":3,"name":"SERVICIOS DE SEGURIDAD","item":"https:\/\/nethemba.com\/es\/servicios\/servicios-de-seguridad\/"},{"@type":"ListItem","position":4,"name":"Anal\u00edsis forense inform\u00e1tico"}]},{"@type":"WebSite","@id":"https:\/\/nethemba.com\/de\/#website","url":"https:\/\/nethemba.com\/de\/","name":"Nethemba","description":"We care about your security","potentialAction":[{"@type":"SearchAction","target":{"@type":"EntryPoint","urlTemplate":"https:\/\/nethemba.com\/de\/?s={search_term_string}"},"query-input":{"@type":"PropertyValueSpecification","valueRequired":true,"valueName":"search_term_string"}}],"inLanguage":"es"}]}},"_links":{"self":[{"href":"https:\/\/nethemba.com\/es\/wp-json\/wp\/v2\/pages\/3341","targetHints":{"allow":["GET"]}}],"collection":[{"href":"https:\/\/nethemba.com\/es\/wp-json\/wp\/v2\/pages"}],"about":[{"href":"https:\/\/nethemba.com\/es\/wp-json\/wp\/v2\/types\/page"}],"author":[{"embeddable":true,"href":"https:\/\/nethemba.com\/es\/wp-json\/wp\/v2\/users\/2"}],"replies":[{"embeddable":true,"href":"https:\/\/nethemba.com\/es\/wp-json\/wp\/v2\/comments?post=3341"}],"version-history":[{"count":1,"href":"https:\/\/nethemba.com\/es\/wp-json\/wp\/v2\/pages\/3341\/revisions"}],"predecessor-version":[{"id":8884,"href":"https:\/\/nethemba.com\/es\/wp-json\/wp\/v2\/pages\/3341\/revisions\/8884"}],"up":[{"embeddable":true,"href":"https:\/\/nethemba.com\/es\/wp-json\/wp\/v2\/pages\/3336"}],"wp:attachment":[{"href":"https:\/\/nethemba.com\/es\/wp-json\/wp\/v2\/media?parent=3341"}],"curies":[{"name":"wp","href":"https:\/\/api.w.org\/{rel}","templated":true}]}}