{"id":3576,"date":"2019-03-27T17:41:13","date_gmt":"2019-03-27T17:41:13","guid":{"rendered":"http:\/\/nethemba.com\/?page_id=3576"},"modified":"2019-10-23T10:58:13","modified_gmt":"2019-10-23T09:58:13","slug":"pantheon-technologies-s-r-o","status":"publish","type":"page","link":"https:\/\/nethemba.com\/es\/referencias-old\/pantheon-technologies-s-r-o\/","title":{"rendered":"PANTHEON TECHNOLOGIES, S.R.O"},"content":{"rendered":"\n<p>Pruebas de penetraci\u00f3n y auditor\u00edas de seguridad de los clientes de Pantheon Technologies, consultor\u00eda de seguridad<\/p>\n","protected":false},"excerpt":{"rendered":"<p>Pruebas de penetraci\u00f3n y auditor\u00edas de seguridad de los clientes de Pantheon Technologies, consultor\u00eda de seguridad<\/p>\n","protected":false},"author":2,"featured_media":4942,"parent":3397,"menu_order":0,"comment_status":"closed","ping_status":"closed","template":"","meta":{"inline_featured_image":false,"_monsterinsights_skip_tracking":false,"_monsterinsights_sitenote_active":false,"_monsterinsights_sitenote_note":"","_monsterinsights_sitenote_category":0,"footnotes":""},"class_list":["post-3576","page","type-page","status-publish","has-post-thumbnail","hentry"],"yoast_head":"<!-- This site is optimized with the Yoast SEO plugin v27.5 - https:\/\/yoast.com\/product\/yoast-seo-wordpress\/ -->\n<title>PANTHEON TECHNOLOGIES, S.R.O - Nethemba<\/title>\n<meta name=\"robots\" content=\"index, follow, max-snippet:-1, max-image-preview:large, max-video-preview:-1\" \/>\n<link rel=\"canonical\" href=\"https:\/\/nethemba.com\/es\/referencias-old\/pantheon-technologies-s-r-o\/\" \/>\n<meta property=\"og:locale\" content=\"es_ES\" \/>\n<meta property=\"og:type\" content=\"article\" \/>\n<meta property=\"og:title\" content=\"PANTHEON TECHNOLOGIES, S.R.O - Nethemba\" \/>\n<meta property=\"og:description\" content=\"Pruebas de penetraci\u00f3n y auditor\u00edas de seguridad de los clientes de Pantheon Technologies, consultor\u00eda de seguridad\" \/>\n<meta property=\"og:url\" content=\"https:\/\/nethemba.com\/es\/referencias-old\/pantheon-technologies-s-r-o\/\" \/>\n<meta property=\"og:site_name\" content=\"Nethemba\" \/>\n<meta property=\"article:publisher\" content=\"https:\/\/www.facebook.com\/nethemba\" \/>\n<meta property=\"article:modified_time\" content=\"2019-10-23T09:58:13+00:00\" \/>\n<meta property=\"og:image\" content=\"https:\/\/nethemba.com\/wp-content\/uploads\/2019\/10\/pantheon-technologies_nethemba_scaled.png\" \/>\n\t<meta property=\"og:image:width\" content=\"155\" \/>\n\t<meta property=\"og:image:height\" content=\"52\" \/>\n\t<meta property=\"og:image:type\" content=\"image\/png\" \/>\n<meta name=\"twitter:card\" content=\"summary_large_image\" \/>\n<meta name=\"twitter:site\" content=\"@nethemba\" \/>\n<script type=\"application\/ld+json\" class=\"yoast-schema-graph\">{\"@context\":\"https:\\\/\\\/schema.org\",\"@graph\":[{\"@type\":\"WebPage\",\"@id\":\"https:\\\/\\\/nethemba.com\\\/es\\\/referencias-old\\\/pantheon-technologies-s-r-o\\\/\",\"url\":\"https:\\\/\\\/nethemba.com\\\/es\\\/referencias-old\\\/pantheon-technologies-s-r-o\\\/\",\"name\":\"PANTHEON TECHNOLOGIES, S.R.O - Nethemba\",\"isPartOf\":{\"@id\":\"https:\\\/\\\/nethemba.com\\\/de\\\/#website\"},\"primaryImageOfPage\":{\"@id\":\"https:\\\/\\\/nethemba.com\\\/es\\\/referencias-old\\\/pantheon-technologies-s-r-o\\\/#primaryimage\"},\"image\":{\"@id\":\"https:\\\/\\\/nethemba.com\\\/es\\\/referencias-old\\\/pantheon-technologies-s-r-o\\\/#primaryimage\"},\"thumbnailUrl\":\"https:\\\/\\\/nethemba.com\\\/wp-content\\\/uploads\\\/2019\\\/10\\\/pantheon-technologies_nethemba_scaled.png\",\"datePublished\":\"2019-03-27T17:41:13+00:00\",\"dateModified\":\"2019-10-23T09:58:13+00:00\",\"breadcrumb\":{\"@id\":\"https:\\\/\\\/nethemba.com\\\/es\\\/referencias-old\\\/pantheon-technologies-s-r-o\\\/#breadcrumb\"},\"inLanguage\":\"es\",\"potentialAction\":[{\"@type\":\"ReadAction\",\"target\":[\"https:\\\/\\\/nethemba.com\\\/es\\\/referencias-old\\\/pantheon-technologies-s-r-o\\\/\"]}]},{\"@type\":\"ImageObject\",\"inLanguage\":\"es\",\"@id\":\"https:\\\/\\\/nethemba.com\\\/es\\\/referencias-old\\\/pantheon-technologies-s-r-o\\\/#primaryimage\",\"url\":\"https:\\\/\\\/nethemba.com\\\/wp-content\\\/uploads\\\/2019\\\/10\\\/pantheon-technologies_nethemba_scaled.png\",\"contentUrl\":\"https:\\\/\\\/nethemba.com\\\/wp-content\\\/uploads\\\/2019\\\/10\\\/pantheon-technologies_nethemba_scaled.png\",\"width\":155,\"height\":52},{\"@type\":\"BreadcrumbList\",\"@id\":\"https:\\\/\\\/nethemba.com\\\/es\\\/referencias-old\\\/pantheon-technologies-s-r-o\\\/#breadcrumb\",\"itemListElement\":[{\"@type\":\"ListItem\",\"position\":1,\"name\":\"Home\",\"item\":\"https:\\\/\\\/nethemba.com\\\/cs\\\/\"},{\"@type\":\"ListItem\",\"position\":2,\"name\":\"Referencias\",\"item\":\"https:\\\/\\\/nethemba.com\\\/es\\\/?page_id=3397\"},{\"@type\":\"ListItem\",\"position\":3,\"name\":\"PANTHEON TECHNOLOGIES, S.R.O\"}]},{\"@type\":\"WebSite\",\"@id\":\"https:\\\/\\\/nethemba.com\\\/de\\\/#website\",\"url\":\"https:\\\/\\\/nethemba.com\\\/de\\\/\",\"name\":\"Nethemba\",\"description\":\"We care about your security\",\"potentialAction\":[{\"@type\":\"SearchAction\",\"target\":{\"@type\":\"EntryPoint\",\"urlTemplate\":\"https:\\\/\\\/nethemba.com\\\/de\\\/?s={search_term_string}\"},\"query-input\":{\"@type\":\"PropertyValueSpecification\",\"valueRequired\":true,\"valueName\":\"search_term_string\"}}],\"inLanguage\":\"es\"}]}<\/script>\n<!-- \/ Yoast SEO plugin. -->","yoast_head_json":{"title":"PANTHEON TECHNOLOGIES, S.R.O - Nethemba","robots":{"index":"index","follow":"follow","max-snippet":"max-snippet:-1","max-image-preview":"max-image-preview:large","max-video-preview":"max-video-preview:-1"},"canonical":"https:\/\/nethemba.com\/es\/referencias-old\/pantheon-technologies-s-r-o\/","og_locale":"es_ES","og_type":"article","og_title":"PANTHEON TECHNOLOGIES, S.R.O - Nethemba","og_description":"Pruebas de penetraci\u00f3n y auditor\u00edas de seguridad de los clientes de Pantheon Technologies, consultor\u00eda de seguridad","og_url":"https:\/\/nethemba.com\/es\/referencias-old\/pantheon-technologies-s-r-o\/","og_site_name":"Nethemba","article_publisher":"https:\/\/www.facebook.com\/nethemba","article_modified_time":"2019-10-23T09:58:13+00:00","og_image":[{"width":155,"height":52,"url":"https:\/\/nethemba.com\/wp-content\/uploads\/2019\/10\/pantheon-technologies_nethemba_scaled.png","type":"image\/png"}],"twitter_card":"summary_large_image","twitter_site":"@nethemba","schema":{"@context":"https:\/\/schema.org","@graph":[{"@type":"WebPage","@id":"https:\/\/nethemba.com\/es\/referencias-old\/pantheon-technologies-s-r-o\/","url":"https:\/\/nethemba.com\/es\/referencias-old\/pantheon-technologies-s-r-o\/","name":"PANTHEON TECHNOLOGIES, S.R.O - Nethemba","isPartOf":{"@id":"https:\/\/nethemba.com\/de\/#website"},"primaryImageOfPage":{"@id":"https:\/\/nethemba.com\/es\/referencias-old\/pantheon-technologies-s-r-o\/#primaryimage"},"image":{"@id":"https:\/\/nethemba.com\/es\/referencias-old\/pantheon-technologies-s-r-o\/#primaryimage"},"thumbnailUrl":"https:\/\/nethemba.com\/wp-content\/uploads\/2019\/10\/pantheon-technologies_nethemba_scaled.png","datePublished":"2019-03-27T17:41:13+00:00","dateModified":"2019-10-23T09:58:13+00:00","breadcrumb":{"@id":"https:\/\/nethemba.com\/es\/referencias-old\/pantheon-technologies-s-r-o\/#breadcrumb"},"inLanguage":"es","potentialAction":[{"@type":"ReadAction","target":["https:\/\/nethemba.com\/es\/referencias-old\/pantheon-technologies-s-r-o\/"]}]},{"@type":"ImageObject","inLanguage":"es","@id":"https:\/\/nethemba.com\/es\/referencias-old\/pantheon-technologies-s-r-o\/#primaryimage","url":"https:\/\/nethemba.com\/wp-content\/uploads\/2019\/10\/pantheon-technologies_nethemba_scaled.png","contentUrl":"https:\/\/nethemba.com\/wp-content\/uploads\/2019\/10\/pantheon-technologies_nethemba_scaled.png","width":155,"height":52},{"@type":"BreadcrumbList","@id":"https:\/\/nethemba.com\/es\/referencias-old\/pantheon-technologies-s-r-o\/#breadcrumb","itemListElement":[{"@type":"ListItem","position":1,"name":"Home","item":"https:\/\/nethemba.com\/cs\/"},{"@type":"ListItem","position":2,"name":"Referencias","item":"https:\/\/nethemba.com\/es\/?page_id=3397"},{"@type":"ListItem","position":3,"name":"PANTHEON TECHNOLOGIES, S.R.O"}]},{"@type":"WebSite","@id":"https:\/\/nethemba.com\/de\/#website","url":"https:\/\/nethemba.com\/de\/","name":"Nethemba","description":"We care about your security","potentialAction":[{"@type":"SearchAction","target":{"@type":"EntryPoint","urlTemplate":"https:\/\/nethemba.com\/de\/?s={search_term_string}"},"query-input":{"@type":"PropertyValueSpecification","valueRequired":true,"valueName":"search_term_string"}}],"inLanguage":"es"}]}},"_links":{"self":[{"href":"https:\/\/nethemba.com\/es\/wp-json\/wp\/v2\/pages\/3576","targetHints":{"allow":["GET"]}}],"collection":[{"href":"https:\/\/nethemba.com\/es\/wp-json\/wp\/v2\/pages"}],"about":[{"href":"https:\/\/nethemba.com\/es\/wp-json\/wp\/v2\/types\/page"}],"author":[{"embeddable":true,"href":"https:\/\/nethemba.com\/es\/wp-json\/wp\/v2\/users\/2"}],"replies":[{"embeddable":true,"href":"https:\/\/nethemba.com\/es\/wp-json\/wp\/v2\/comments?post=3576"}],"version-history":[{"count":0,"href":"https:\/\/nethemba.com\/es\/wp-json\/wp\/v2\/pages\/3576\/revisions"}],"up":[{"embeddable":true,"href":"https:\/\/nethemba.com\/es\/wp-json\/wp\/v2\/pages\/3397"}],"wp:featuredmedia":[{"embeddable":true,"href":"https:\/\/nethemba.com\/es\/wp-json\/wp\/v2\/media\/4942"}],"wp:attachment":[{"href":"https:\/\/nethemba.com\/es\/wp-json\/wp\/v2\/media?parent=3576"}],"curies":[{"name":"wp","href":"https:\/\/api.w.org\/{rel}","templated":true}]}}