{"id":3582,"date":"2019-03-27T17:47:45","date_gmt":"2019-03-27T17:47:45","guid":{"rendered":"http:\/\/nethemba.com\/?page_id=3582"},"modified":"2019-10-18T21:01:08","modified_gmt":"2019-10-18T20:01:08","slug":"pojistovna-ceske-sporitelny-a-s-vienna-insurance-group-2","status":"publish","type":"page","link":"https:\/\/nethemba.com\/es\/referencias-old\/pojistovna-ceske-sporitelny-a-s-vienna-insurance-group-2\/","title":{"rendered":"POJI\u0160\u0164OVNA \u010cESK\u00c9 SPO\u0158ITELNY, A.S., VIENNA INSURANCE GROUP"},"content":{"rendered":"\n<p>Auditor\u00eda detallada de seguridad de aplicaciones web,\u00a0Prueba de penetraci\u00f3n externa (caja negra),\u00a0Prueba de penetraci\u00f3n en la intranet,\u00a0Seguridad de las estaciones de trabajo,\u00a0Verificaci\u00f3n de soluciones antimalware,\u00a0Auditor\u00eda de seguridad de redes inal\u00e1mbricas,\u00a0Test de penetraci\u00f3n est\u00e1ndar de la aplicaci\u00f3n web,\u00a0Auditor\u00eda de seguridad de aplicaciones para smartphones<\/p>\n","protected":false},"excerpt":{"rendered":"<p>Auditor\u00eda detallada de seguridad de aplicaciones web,\u00a0Prueba de penetraci\u00f3n externa (caja negra),\u00a0Prueba de penetraci\u00f3n en la intranet,\u00a0Seguridad de las estaciones de trabajo,\u00a0Verificaci\u00f3n de soluciones antimalware,\u00a0Auditor\u00eda de seguridad de redes inal\u00e1mbricas,\u00a0Test de penetraci\u00f3n est\u00e1ndar de la aplicaci\u00f3n web,\u00a0Auditor\u00eda de seguridad de aplicaciones para smartphones<\/p>\n","protected":false},"author":2,"featured_media":3489,"parent":3397,"menu_order":0,"comment_status":"closed","ping_status":"closed","template":"","meta":{"inline_featured_image":false,"_monsterinsights_skip_tracking":false,"_monsterinsights_sitenote_active":false,"_monsterinsights_sitenote_note":"","_monsterinsights_sitenote_category":0,"footnotes":""},"class_list":["post-3582","page","type-page","status-publish","has-post-thumbnail","hentry"],"yoast_head":"<!-- This site is optimized with the Yoast SEO plugin v27.3 - https:\/\/yoast.com\/product\/yoast-seo-wordpress\/ -->\n<title>POJI\u0160\u0164OVNA \u010cESK\u00c9 SPO\u0158ITELNY, A.S., VIENNA INSURANCE GROUP - Nethemba<\/title>\n<meta name=\"robots\" content=\"index, follow, max-snippet:-1, max-image-preview:large, max-video-preview:-1\" \/>\n<link rel=\"canonical\" href=\"https:\/\/nethemba.com\/es\/referencias-old\/pojistovna-ceske-sporitelny-a-s-vienna-insurance-group-2\/\" \/>\n<meta property=\"og:locale\" content=\"es_ES\" \/>\n<meta property=\"og:type\" content=\"article\" \/>\n<meta property=\"og:title\" content=\"POJI\u0160\u0164OVNA \u010cESK\u00c9 SPO\u0158ITELNY, A.S., VIENNA INSURANCE GROUP - Nethemba\" \/>\n<meta property=\"og:description\" content=\"Auditor\u00eda detallada de seguridad de aplicaciones web,\u00a0Prueba de penetraci\u00f3n externa (caja negra),\u00a0Prueba de penetraci\u00f3n en la intranet,\u00a0Seguridad de las estaciones de trabajo,\u00a0Verificaci\u00f3n de soluciones antimalware,\u00a0Auditor\u00eda de seguridad de redes inal\u00e1mbricas,\u00a0Test de penetraci\u00f3n est\u00e1ndar de la aplicaci\u00f3n web,\u00a0Auditor\u00eda de seguridad de aplicaciones para smartphones\" \/>\n<meta property=\"og:url\" content=\"https:\/\/nethemba.com\/es\/referencias-old\/pojistovna-ceske-sporitelny-a-s-vienna-insurance-group-2\/\" \/>\n<meta property=\"og:site_name\" content=\"Nethemba\" \/>\n<meta property=\"article:publisher\" content=\"https:\/\/www.facebook.com\/nethemba\" \/>\n<meta property=\"article:modified_time\" content=\"2019-10-18T20:01:08+00:00\" \/>\n<meta property=\"og:image\" content=\"https:\/\/nethemba.com\/wp-content\/uploads\/2017\/08\/pojistovna_ceske_sporitelny_Nethemba-e1502978822456.jpg\" \/>\n\t<meta property=\"og:image:width\" content=\"160\" \/>\n\t<meta property=\"og:image:height\" content=\"75\" \/>\n\t<meta property=\"og:image:type\" content=\"image\/jpeg\" \/>\n<meta name=\"twitter:card\" content=\"summary_large_image\" \/>\n<meta name=\"twitter:site\" content=\"@nethemba\" \/>\n<script type=\"application\/ld+json\" class=\"yoast-schema-graph\">{\"@context\":\"https:\\\/\\\/schema.org\",\"@graph\":[{\"@type\":\"WebPage\",\"@id\":\"https:\\\/\\\/nethemba.com\\\/es\\\/referencias-old\\\/pojistovna-ceske-sporitelny-a-s-vienna-insurance-group-2\\\/\",\"url\":\"https:\\\/\\\/nethemba.com\\\/es\\\/referencias-old\\\/pojistovna-ceske-sporitelny-a-s-vienna-insurance-group-2\\\/\",\"name\":\"POJI\u0160\u0164OVNA \u010cESK\u00c9 SPO\u0158ITELNY, A.S., VIENNA INSURANCE GROUP - Nethemba\",\"isPartOf\":{\"@id\":\"https:\\\/\\\/nethemba.com\\\/de\\\/#website\"},\"primaryImageOfPage\":{\"@id\":\"https:\\\/\\\/nethemba.com\\\/es\\\/referencias-old\\\/pojistovna-ceske-sporitelny-a-s-vienna-insurance-group-2\\\/#primaryimage\"},\"image\":{\"@id\":\"https:\\\/\\\/nethemba.com\\\/es\\\/referencias-old\\\/pojistovna-ceske-sporitelny-a-s-vienna-insurance-group-2\\\/#primaryimage\"},\"thumbnailUrl\":\"https:\\\/\\\/nethemba.com\\\/wp-content\\\/uploads\\\/2017\\\/08\\\/pojistovna_ceske_sporitelny_Nethemba-e1502978822456.jpg\",\"datePublished\":\"2019-03-27T17:47:45+00:00\",\"dateModified\":\"2019-10-18T20:01:08+00:00\",\"breadcrumb\":{\"@id\":\"https:\\\/\\\/nethemba.com\\\/es\\\/referencias-old\\\/pojistovna-ceske-sporitelny-a-s-vienna-insurance-group-2\\\/#breadcrumb\"},\"inLanguage\":\"es\",\"potentialAction\":[{\"@type\":\"ReadAction\",\"target\":[\"https:\\\/\\\/nethemba.com\\\/es\\\/referencias-old\\\/pojistovna-ceske-sporitelny-a-s-vienna-insurance-group-2\\\/\"]}]},{\"@type\":\"ImageObject\",\"inLanguage\":\"es\",\"@id\":\"https:\\\/\\\/nethemba.com\\\/es\\\/referencias-old\\\/pojistovna-ceske-sporitelny-a-s-vienna-insurance-group-2\\\/#primaryimage\",\"url\":\"https:\\\/\\\/nethemba.com\\\/wp-content\\\/uploads\\\/2017\\\/08\\\/pojistovna_ceske_sporitelny_Nethemba-e1502978822456.jpg\",\"contentUrl\":\"https:\\\/\\\/nethemba.com\\\/wp-content\\\/uploads\\\/2017\\\/08\\\/pojistovna_ceske_sporitelny_Nethemba-e1502978822456.jpg\",\"width\":160,\"height\":75},{\"@type\":\"BreadcrumbList\",\"@id\":\"https:\\\/\\\/nethemba.com\\\/es\\\/referencias-old\\\/pojistovna-ceske-sporitelny-a-s-vienna-insurance-group-2\\\/#breadcrumb\",\"itemListElement\":[{\"@type\":\"ListItem\",\"position\":1,\"name\":\"Home\",\"item\":\"https:\\\/\\\/nethemba.com\\\/cs\\\/\"},{\"@type\":\"ListItem\",\"position\":2,\"name\":\"Referencias\",\"item\":\"https:\\\/\\\/nethemba.com\\\/es\\\/?page_id=3397\"},{\"@type\":\"ListItem\",\"position\":3,\"name\":\"POJI\u0160\u0164OVNA \u010cESK\u00c9 SPO\u0158ITELNY, A.S., VIENNA INSURANCE GROUP\"}]},{\"@type\":\"WebSite\",\"@id\":\"https:\\\/\\\/nethemba.com\\\/de\\\/#website\",\"url\":\"https:\\\/\\\/nethemba.com\\\/de\\\/\",\"name\":\"Nethemba\",\"description\":\"We care about your security\",\"potentialAction\":[{\"@type\":\"SearchAction\",\"target\":{\"@type\":\"EntryPoint\",\"urlTemplate\":\"https:\\\/\\\/nethemba.com\\\/de\\\/?s={search_term_string}\"},\"query-input\":{\"@type\":\"PropertyValueSpecification\",\"valueRequired\":true,\"valueName\":\"search_term_string\"}}],\"inLanguage\":\"es\"}]}<\/script>\n<!-- \/ Yoast SEO plugin. -->","yoast_head_json":{"title":"POJI\u0160\u0164OVNA \u010cESK\u00c9 SPO\u0158ITELNY, A.S., VIENNA INSURANCE GROUP - Nethemba","robots":{"index":"index","follow":"follow","max-snippet":"max-snippet:-1","max-image-preview":"max-image-preview:large","max-video-preview":"max-video-preview:-1"},"canonical":"https:\/\/nethemba.com\/es\/referencias-old\/pojistovna-ceske-sporitelny-a-s-vienna-insurance-group-2\/","og_locale":"es_ES","og_type":"article","og_title":"POJI\u0160\u0164OVNA \u010cESK\u00c9 SPO\u0158ITELNY, A.S., VIENNA INSURANCE GROUP - Nethemba","og_description":"Auditor\u00eda detallada de seguridad de aplicaciones web,\u00a0Prueba de penetraci\u00f3n externa (caja negra),\u00a0Prueba de penetraci\u00f3n en la intranet,\u00a0Seguridad de las estaciones de trabajo,\u00a0Verificaci\u00f3n de soluciones antimalware,\u00a0Auditor\u00eda de seguridad de redes inal\u00e1mbricas,\u00a0Test de penetraci\u00f3n est\u00e1ndar de la aplicaci\u00f3n web,\u00a0Auditor\u00eda de seguridad de aplicaciones para smartphones","og_url":"https:\/\/nethemba.com\/es\/referencias-old\/pojistovna-ceske-sporitelny-a-s-vienna-insurance-group-2\/","og_site_name":"Nethemba","article_publisher":"https:\/\/www.facebook.com\/nethemba","article_modified_time":"2019-10-18T20:01:08+00:00","og_image":[{"width":160,"height":75,"url":"https:\/\/nethemba.com\/wp-content\/uploads\/2017\/08\/pojistovna_ceske_sporitelny_Nethemba-e1502978822456.jpg","type":"image\/jpeg"}],"twitter_card":"summary_large_image","twitter_site":"@nethemba","schema":{"@context":"https:\/\/schema.org","@graph":[{"@type":"WebPage","@id":"https:\/\/nethemba.com\/es\/referencias-old\/pojistovna-ceske-sporitelny-a-s-vienna-insurance-group-2\/","url":"https:\/\/nethemba.com\/es\/referencias-old\/pojistovna-ceske-sporitelny-a-s-vienna-insurance-group-2\/","name":"POJI\u0160\u0164OVNA \u010cESK\u00c9 SPO\u0158ITELNY, A.S., VIENNA INSURANCE GROUP - Nethemba","isPartOf":{"@id":"https:\/\/nethemba.com\/de\/#website"},"primaryImageOfPage":{"@id":"https:\/\/nethemba.com\/es\/referencias-old\/pojistovna-ceske-sporitelny-a-s-vienna-insurance-group-2\/#primaryimage"},"image":{"@id":"https:\/\/nethemba.com\/es\/referencias-old\/pojistovna-ceske-sporitelny-a-s-vienna-insurance-group-2\/#primaryimage"},"thumbnailUrl":"https:\/\/nethemba.com\/wp-content\/uploads\/2017\/08\/pojistovna_ceske_sporitelny_Nethemba-e1502978822456.jpg","datePublished":"2019-03-27T17:47:45+00:00","dateModified":"2019-10-18T20:01:08+00:00","breadcrumb":{"@id":"https:\/\/nethemba.com\/es\/referencias-old\/pojistovna-ceske-sporitelny-a-s-vienna-insurance-group-2\/#breadcrumb"},"inLanguage":"es","potentialAction":[{"@type":"ReadAction","target":["https:\/\/nethemba.com\/es\/referencias-old\/pojistovna-ceske-sporitelny-a-s-vienna-insurance-group-2\/"]}]},{"@type":"ImageObject","inLanguage":"es","@id":"https:\/\/nethemba.com\/es\/referencias-old\/pojistovna-ceske-sporitelny-a-s-vienna-insurance-group-2\/#primaryimage","url":"https:\/\/nethemba.com\/wp-content\/uploads\/2017\/08\/pojistovna_ceske_sporitelny_Nethemba-e1502978822456.jpg","contentUrl":"https:\/\/nethemba.com\/wp-content\/uploads\/2017\/08\/pojistovna_ceske_sporitelny_Nethemba-e1502978822456.jpg","width":160,"height":75},{"@type":"BreadcrumbList","@id":"https:\/\/nethemba.com\/es\/referencias-old\/pojistovna-ceske-sporitelny-a-s-vienna-insurance-group-2\/#breadcrumb","itemListElement":[{"@type":"ListItem","position":1,"name":"Home","item":"https:\/\/nethemba.com\/cs\/"},{"@type":"ListItem","position":2,"name":"Referencias","item":"https:\/\/nethemba.com\/es\/?page_id=3397"},{"@type":"ListItem","position":3,"name":"POJI\u0160\u0164OVNA \u010cESK\u00c9 SPO\u0158ITELNY, A.S., VIENNA INSURANCE GROUP"}]},{"@type":"WebSite","@id":"https:\/\/nethemba.com\/de\/#website","url":"https:\/\/nethemba.com\/de\/","name":"Nethemba","description":"We care about your security","potentialAction":[{"@type":"SearchAction","target":{"@type":"EntryPoint","urlTemplate":"https:\/\/nethemba.com\/de\/?s={search_term_string}"},"query-input":{"@type":"PropertyValueSpecification","valueRequired":true,"valueName":"search_term_string"}}],"inLanguage":"es"}]}},"_links":{"self":[{"href":"https:\/\/nethemba.com\/es\/wp-json\/wp\/v2\/pages\/3582","targetHints":{"allow":["GET"]}}],"collection":[{"href":"https:\/\/nethemba.com\/es\/wp-json\/wp\/v2\/pages"}],"about":[{"href":"https:\/\/nethemba.com\/es\/wp-json\/wp\/v2\/types\/page"}],"author":[{"embeddable":true,"href":"https:\/\/nethemba.com\/es\/wp-json\/wp\/v2\/users\/2"}],"replies":[{"embeddable":true,"href":"https:\/\/nethemba.com\/es\/wp-json\/wp\/v2\/comments?post=3582"}],"version-history":[{"count":0,"href":"https:\/\/nethemba.com\/es\/wp-json\/wp\/v2\/pages\/3582\/revisions"}],"up":[{"embeddable":true,"href":"https:\/\/nethemba.com\/es\/wp-json\/wp\/v2\/pages\/3397"}],"wp:featuredmedia":[{"embeddable":true,"href":"https:\/\/nethemba.com\/es\/wp-json\/wp\/v2\/media\/3489"}],"wp:attachment":[{"href":"https:\/\/nethemba.com\/es\/wp-json\/wp\/v2\/media?parent=3582"}],"curies":[{"name":"wp","href":"https:\/\/api.w.org\/{rel}","templated":true}]}}