{"id":4504,"date":"2019-10-18T21:09:25","date_gmt":"2019-10-18T20:09:25","guid":{"rendered":"https:\/\/nethemba.com\/?page_id=4504"},"modified":"2019-10-18T21:09:26","modified_gmt":"2019-10-18T20:09:26","slug":"prva-stavebna-sporitelna","status":"publish","type":"page","link":"https:\/\/nethemba.com\/es\/referencias-old\/prva-stavebna-sporitelna\/","title":{"rendered":"Prv\u00e1 stavebn\u00e1 sporite\u013e\u0148a"},"content":{"rendered":"\n<p>Auditor\u00eda detallada de seguridad de aplicaciones web,\u00a0Revisi\u00f3n de partes seleccionadas del c\u00f3digo fuente de la aplicaci\u00f3n,\u00a0Test de penetraci\u00f3n est\u00e1ndar de la aplicaci\u00f3n web,\u00a0 Auditor\u00eda de seguridad del servidor local,\u00a0Consultor\u00eda de seguridad de sistemas operativos y aplicaciones<\/p>\n","protected":false},"excerpt":{"rendered":"<p>Auditor\u00eda detallada de seguridad de aplicaciones web,\u00a0Revisi\u00f3n de partes seleccionadas del c\u00f3digo fuente de la aplicaci\u00f3n,\u00a0Test de penetraci\u00f3n est\u00e1ndar de la aplicaci\u00f3n web,\u00a0 Auditor\u00eda de seguridad del servidor local,\u00a0Consultor\u00eda de seguridad de sistemas operativos y aplicaciones<\/p>\n","protected":false},"author":8,"featured_media":3860,"parent":3397,"menu_order":0,"comment_status":"closed","ping_status":"closed","template":"references.php","meta":{"inline_featured_image":false,"_monsterinsights_skip_tracking":false,"_monsterinsights_sitenote_active":false,"_monsterinsights_sitenote_note":"","_monsterinsights_sitenote_category":0,"footnotes":""},"class_list":["post-4504","page","type-page","status-publish","has-post-thumbnail","hentry"],"yoast_head":"<!-- This site is optimized with the Yoast SEO plugin v27.2 - https:\/\/yoast.com\/product\/yoast-seo-wordpress\/ -->\n<title>Prv\u00e1 stavebn\u00e1 sporite\u013e\u0148a - Nethemba<\/title>\n<meta name=\"robots\" content=\"index, follow, max-snippet:-1, max-image-preview:large, max-video-preview:-1\" \/>\n<link rel=\"canonical\" href=\"https:\/\/nethemba.com\/es\/referencias-old\/prva-stavebna-sporitelna\/\" \/>\n<meta property=\"og:locale\" content=\"es_ES\" \/>\n<meta property=\"og:type\" content=\"article\" \/>\n<meta property=\"og:title\" content=\"Prv\u00e1 stavebn\u00e1 sporite\u013e\u0148a - Nethemba\" \/>\n<meta property=\"og:description\" content=\"Auditor\u00eda detallada de seguridad de aplicaciones web,\u00a0Revisi\u00f3n de partes seleccionadas del c\u00f3digo fuente de la aplicaci\u00f3n,\u00a0Test de penetraci\u00f3n est\u00e1ndar de la aplicaci\u00f3n web,\u00a0 Auditor\u00eda de seguridad del servidor local,\u00a0Consultor\u00eda de seguridad de sistemas operativos y aplicaciones\" \/>\n<meta property=\"og:url\" content=\"https:\/\/nethemba.com\/es\/referencias-old\/prva-stavebna-sporitelna\/\" \/>\n<meta property=\"og:site_name\" content=\"Nethemba\" \/>\n<meta property=\"article:publisher\" content=\"https:\/\/www.facebook.com\/nethemba\" \/>\n<meta property=\"article:modified_time\" content=\"2019-10-18T20:09:26+00:00\" \/>\n<meta property=\"og:image\" content=\"https:\/\/nethemba.com\/wp-content\/uploads\/2019\/06\/2pss_logo_colour_2-rgb.png\" \/>\n\t<meta property=\"og:image:width\" content=\"180\" \/>\n\t<meta property=\"og:image:height\" content=\"92\" \/>\n\t<meta property=\"og:image:type\" content=\"image\/png\" \/>\n<meta name=\"twitter:card\" content=\"summary_large_image\" \/>\n<meta name=\"twitter:site\" content=\"@nethemba\" \/>\n<script type=\"application\/ld+json\" class=\"yoast-schema-graph\">{\"@context\":\"https:\/\/schema.org\",\"@graph\":[{\"@type\":\"WebPage\",\"@id\":\"https:\/\/nethemba.com\/es\/referencias-old\/prva-stavebna-sporitelna\/\",\"url\":\"https:\/\/nethemba.com\/es\/referencias-old\/prva-stavebna-sporitelna\/\",\"name\":\"Prv\u00e1 stavebn\u00e1 sporite\u013e\u0148a - Nethemba\",\"isPartOf\":{\"@id\":\"https:\/\/nethemba.com\/de\/#website\"},\"primaryImageOfPage\":{\"@id\":\"https:\/\/nethemba.com\/es\/referencias-old\/prva-stavebna-sporitelna\/#primaryimage\"},\"image\":{\"@id\":\"https:\/\/nethemba.com\/es\/referencias-old\/prva-stavebna-sporitelna\/#primaryimage\"},\"thumbnailUrl\":\"https:\/\/nethemba.com\/wp-content\/uploads\/2019\/06\/2pss_logo_colour_2-rgb.png\",\"datePublished\":\"2019-10-18T20:09:25+00:00\",\"dateModified\":\"2019-10-18T20:09:26+00:00\",\"breadcrumb\":{\"@id\":\"https:\/\/nethemba.com\/es\/referencias-old\/prva-stavebna-sporitelna\/#breadcrumb\"},\"inLanguage\":\"es\",\"potentialAction\":[{\"@type\":\"ReadAction\",\"target\":[\"https:\/\/nethemba.com\/es\/referencias-old\/prva-stavebna-sporitelna\/\"]}]},{\"@type\":\"ImageObject\",\"inLanguage\":\"es\",\"@id\":\"https:\/\/nethemba.com\/es\/referencias-old\/prva-stavebna-sporitelna\/#primaryimage\",\"url\":\"https:\/\/nethemba.com\/wp-content\/uploads\/2019\/06\/2pss_logo_colour_2-rgb.png\",\"contentUrl\":\"https:\/\/nethemba.com\/wp-content\/uploads\/2019\/06\/2pss_logo_colour_2-rgb.png\",\"width\":180,\"height\":92},{\"@type\":\"BreadcrumbList\",\"@id\":\"https:\/\/nethemba.com\/es\/referencias-old\/prva-stavebna-sporitelna\/#breadcrumb\",\"itemListElement\":[{\"@type\":\"ListItem\",\"position\":1,\"name\":\"Home\",\"item\":\"https:\/\/nethemba.com\/cs\/\"},{\"@type\":\"ListItem\",\"position\":2,\"name\":\"Referencias\",\"item\":\"https:\/\/nethemba.com\/es\/?page_id=3397\"},{\"@type\":\"ListItem\",\"position\":3,\"name\":\"Prv\u00e1 stavebn\u00e1 sporite\u013e\u0148a\"}]},{\"@type\":\"WebSite\",\"@id\":\"https:\/\/nethemba.com\/de\/#website\",\"url\":\"https:\/\/nethemba.com\/de\/\",\"name\":\"Nethemba\",\"description\":\"We care about your security\",\"potentialAction\":[{\"@type\":\"SearchAction\",\"target\":{\"@type\":\"EntryPoint\",\"urlTemplate\":\"https:\/\/nethemba.com\/de\/?s={search_term_string}\"},\"query-input\":{\"@type\":\"PropertyValueSpecification\",\"valueRequired\":true,\"valueName\":\"search_term_string\"}}],\"inLanguage\":\"es\"}]}<\/script>\n<!-- \/ Yoast SEO plugin. -->","yoast_head_json":{"title":"Prv\u00e1 stavebn\u00e1 sporite\u013e\u0148a - Nethemba","robots":{"index":"index","follow":"follow","max-snippet":"max-snippet:-1","max-image-preview":"max-image-preview:large","max-video-preview":"max-video-preview:-1"},"canonical":"https:\/\/nethemba.com\/es\/referencias-old\/prva-stavebna-sporitelna\/","og_locale":"es_ES","og_type":"article","og_title":"Prv\u00e1 stavebn\u00e1 sporite\u013e\u0148a - Nethemba","og_description":"Auditor\u00eda detallada de seguridad de aplicaciones web,\u00a0Revisi\u00f3n de partes seleccionadas del c\u00f3digo fuente de la aplicaci\u00f3n,\u00a0Test de penetraci\u00f3n est\u00e1ndar de la aplicaci\u00f3n web,\u00a0 Auditor\u00eda de seguridad del servidor local,\u00a0Consultor\u00eda de seguridad de sistemas operativos y aplicaciones","og_url":"https:\/\/nethemba.com\/es\/referencias-old\/prva-stavebna-sporitelna\/","og_site_name":"Nethemba","article_publisher":"https:\/\/www.facebook.com\/nethemba","article_modified_time":"2019-10-18T20:09:26+00:00","og_image":[{"width":180,"height":92,"url":"https:\/\/nethemba.com\/wp-content\/uploads\/2019\/06\/2pss_logo_colour_2-rgb.png","type":"image\/png"}],"twitter_card":"summary_large_image","twitter_site":"@nethemba","schema":{"@context":"https:\/\/schema.org","@graph":[{"@type":"WebPage","@id":"https:\/\/nethemba.com\/es\/referencias-old\/prva-stavebna-sporitelna\/","url":"https:\/\/nethemba.com\/es\/referencias-old\/prva-stavebna-sporitelna\/","name":"Prv\u00e1 stavebn\u00e1 sporite\u013e\u0148a - Nethemba","isPartOf":{"@id":"https:\/\/nethemba.com\/de\/#website"},"primaryImageOfPage":{"@id":"https:\/\/nethemba.com\/es\/referencias-old\/prva-stavebna-sporitelna\/#primaryimage"},"image":{"@id":"https:\/\/nethemba.com\/es\/referencias-old\/prva-stavebna-sporitelna\/#primaryimage"},"thumbnailUrl":"https:\/\/nethemba.com\/wp-content\/uploads\/2019\/06\/2pss_logo_colour_2-rgb.png","datePublished":"2019-10-18T20:09:25+00:00","dateModified":"2019-10-18T20:09:26+00:00","breadcrumb":{"@id":"https:\/\/nethemba.com\/es\/referencias-old\/prva-stavebna-sporitelna\/#breadcrumb"},"inLanguage":"es","potentialAction":[{"@type":"ReadAction","target":["https:\/\/nethemba.com\/es\/referencias-old\/prva-stavebna-sporitelna\/"]}]},{"@type":"ImageObject","inLanguage":"es","@id":"https:\/\/nethemba.com\/es\/referencias-old\/prva-stavebna-sporitelna\/#primaryimage","url":"https:\/\/nethemba.com\/wp-content\/uploads\/2019\/06\/2pss_logo_colour_2-rgb.png","contentUrl":"https:\/\/nethemba.com\/wp-content\/uploads\/2019\/06\/2pss_logo_colour_2-rgb.png","width":180,"height":92},{"@type":"BreadcrumbList","@id":"https:\/\/nethemba.com\/es\/referencias-old\/prva-stavebna-sporitelna\/#breadcrumb","itemListElement":[{"@type":"ListItem","position":1,"name":"Home","item":"https:\/\/nethemba.com\/cs\/"},{"@type":"ListItem","position":2,"name":"Referencias","item":"https:\/\/nethemba.com\/es\/?page_id=3397"},{"@type":"ListItem","position":3,"name":"Prv\u00e1 stavebn\u00e1 sporite\u013e\u0148a"}]},{"@type":"WebSite","@id":"https:\/\/nethemba.com\/de\/#website","url":"https:\/\/nethemba.com\/de\/","name":"Nethemba","description":"We care about your security","potentialAction":[{"@type":"SearchAction","target":{"@type":"EntryPoint","urlTemplate":"https:\/\/nethemba.com\/de\/?s={search_term_string}"},"query-input":{"@type":"PropertyValueSpecification","valueRequired":true,"valueName":"search_term_string"}}],"inLanguage":"es"}]}},"_links":{"self":[{"href":"https:\/\/nethemba.com\/es\/wp-json\/wp\/v2\/pages\/4504","targetHints":{"allow":["GET"]}}],"collection":[{"href":"https:\/\/nethemba.com\/es\/wp-json\/wp\/v2\/pages"}],"about":[{"href":"https:\/\/nethemba.com\/es\/wp-json\/wp\/v2\/types\/page"}],"author":[{"embeddable":true,"href":"https:\/\/nethemba.com\/es\/wp-json\/wp\/v2\/users\/8"}],"replies":[{"embeddable":true,"href":"https:\/\/nethemba.com\/es\/wp-json\/wp\/v2\/comments?post=4504"}],"version-history":[{"count":0,"href":"https:\/\/nethemba.com\/es\/wp-json\/wp\/v2\/pages\/4504\/revisions"}],"up":[{"embeddable":true,"href":"https:\/\/nethemba.com\/es\/wp-json\/wp\/v2\/pages\/3397"}],"wp:featuredmedia":[{"embeddable":true,"href":"https:\/\/nethemba.com\/es\/wp-json\/wp\/v2\/media\/3860"}],"wp:attachment":[{"href":"https:\/\/nethemba.com\/es\/wp-json\/wp\/v2\/media?parent=4504"}],"curies":[{"name":"wp","href":"https:\/\/api.w.org\/{rel}","templated":true}]}}