{"id":6218,"date":"2023-02-13T18:15:06","date_gmt":"2023-02-13T17:15:06","guid":{"rendered":"https:\/\/nethemba.com\/?page_id=6218"},"modified":"2023-02-13T18:15:06","modified_gmt":"2023-02-13T17:15:06","slug":"bedabox-llc-usa-dba-shipmonk","status":"publish","type":"page","link":"https:\/\/nethemba.com\/es\/referencias-old\/bedabox-llc-usa-dba-shipmonk\/","title":{"rendered":"BedaBox LLC, USA. DBA \u00abShipMonk\u00bb"},"content":{"rendered":"<p>Recopilaci\u00f3n de informaci\u00f3n, Test de penetraci\u00f3n est\u00e1ndar de la aplicaci\u00f3n web, Auditor\u00eda integral de seguridad de aplicaciones web<\/p>\n","protected":false},"excerpt":{"rendered":"<p>Recopilaci\u00f3n de informaci\u00f3n, Test de penetraci\u00f3n est\u00e1ndar de la aplicaci\u00f3n web, Auditor\u00eda integral de seguridad de aplicaciones web<\/p>\n","protected":false},"author":8,"featured_media":5902,"parent":3397,"menu_order":0,"comment_status":"closed","ping_status":"closed","template":"references.php","meta":{"inline_featured_image":false,"_monsterinsights_skip_tracking":false,"_monsterinsights_sitenote_active":false,"_monsterinsights_sitenote_note":"","_monsterinsights_sitenote_category":0,"footnotes":""},"class_list":["post-6218","page","type-page","status-publish","has-post-thumbnail","hentry"],"yoast_head":"<!-- This site is optimized with the Yoast SEO plugin v27.5 - https:\/\/yoast.com\/product\/yoast-seo-wordpress\/ -->\n<title>BedaBox LLC, USA. DBA &quot;ShipMonk&quot; - Nethemba<\/title>\n<meta name=\"robots\" content=\"index, follow, max-snippet:-1, max-image-preview:large, max-video-preview:-1\" \/>\n<link rel=\"canonical\" href=\"https:\/\/nethemba.com\/es\/referencias-old\/bedabox-llc-usa-dba-shipmonk\/\" \/>\n<meta property=\"og:locale\" content=\"es_ES\" \/>\n<meta property=\"og:type\" content=\"article\" \/>\n<meta property=\"og:title\" content=\"BedaBox LLC, USA. DBA &quot;ShipMonk&quot; - Nethemba\" \/>\n<meta property=\"og:description\" content=\"Recopilaci\u00f3n de informaci\u00f3n, Test de penetraci\u00f3n est\u00e1ndar de la aplicaci\u00f3n web, Auditor\u00eda integral de seguridad de aplicaciones web\" \/>\n<meta property=\"og:url\" content=\"https:\/\/nethemba.com\/es\/referencias-old\/bedabox-llc-usa-dba-shipmonk\/\" \/>\n<meta property=\"og:site_name\" content=\"Nethemba\" \/>\n<meta property=\"article:publisher\" content=\"https:\/\/www.facebook.com\/nethemba\" \/>\n<meta property=\"og:image\" content=\"https:\/\/nethemba.com\/wp-content\/uploads\/2023\/01\/shipmonk.jpg\" \/>\n\t<meta property=\"og:image:width\" content=\"150\" \/>\n\t<meta property=\"og:image:height\" content=\"33\" \/>\n\t<meta property=\"og:image:type\" content=\"image\/jpeg\" \/>\n<meta name=\"twitter:card\" content=\"summary_large_image\" \/>\n<meta name=\"twitter:site\" content=\"@nethemba\" \/>\n<script type=\"application\/ld+json\" class=\"yoast-schema-graph\">{\"@context\":\"https:\\\/\\\/schema.org\",\"@graph\":[{\"@type\":\"WebPage\",\"@id\":\"https:\\\/\\\/nethemba.com\\\/es\\\/referencias-old\\\/bedabox-llc-usa-dba-shipmonk\\\/\",\"url\":\"https:\\\/\\\/nethemba.com\\\/es\\\/referencias-old\\\/bedabox-llc-usa-dba-shipmonk\\\/\",\"name\":\"BedaBox LLC, USA. DBA \\\"ShipMonk\\\" - Nethemba\",\"isPartOf\":{\"@id\":\"https:\\\/\\\/nethemba.com\\\/de\\\/#website\"},\"primaryImageOfPage\":{\"@id\":\"https:\\\/\\\/nethemba.com\\\/es\\\/referencias-old\\\/bedabox-llc-usa-dba-shipmonk\\\/#primaryimage\"},\"image\":{\"@id\":\"https:\\\/\\\/nethemba.com\\\/es\\\/referencias-old\\\/bedabox-llc-usa-dba-shipmonk\\\/#primaryimage\"},\"thumbnailUrl\":\"https:\\\/\\\/nethemba.com\\\/wp-content\\\/uploads\\\/2023\\\/01\\\/shipmonk.jpg\",\"datePublished\":\"2023-02-13T17:15:06+00:00\",\"breadcrumb\":{\"@id\":\"https:\\\/\\\/nethemba.com\\\/es\\\/referencias-old\\\/bedabox-llc-usa-dba-shipmonk\\\/#breadcrumb\"},\"inLanguage\":\"es\",\"potentialAction\":[{\"@type\":\"ReadAction\",\"target\":[\"https:\\\/\\\/nethemba.com\\\/es\\\/referencias-old\\\/bedabox-llc-usa-dba-shipmonk\\\/\"]}]},{\"@type\":\"ImageObject\",\"inLanguage\":\"es\",\"@id\":\"https:\\\/\\\/nethemba.com\\\/es\\\/referencias-old\\\/bedabox-llc-usa-dba-shipmonk\\\/#primaryimage\",\"url\":\"https:\\\/\\\/nethemba.com\\\/wp-content\\\/uploads\\\/2023\\\/01\\\/shipmonk.jpg\",\"contentUrl\":\"https:\\\/\\\/nethemba.com\\\/wp-content\\\/uploads\\\/2023\\\/01\\\/shipmonk.jpg\",\"width\":150,\"height\":33},{\"@type\":\"BreadcrumbList\",\"@id\":\"https:\\\/\\\/nethemba.com\\\/es\\\/referencias-old\\\/bedabox-llc-usa-dba-shipmonk\\\/#breadcrumb\",\"itemListElement\":[{\"@type\":\"ListItem\",\"position\":1,\"name\":\"Home\",\"item\":\"https:\\\/\\\/nethemba.com\\\/cs\\\/\"},{\"@type\":\"ListItem\",\"position\":2,\"name\":\"Referencias\",\"item\":\"https:\\\/\\\/nethemba.com\\\/es\\\/?page_id=3397\"},{\"@type\":\"ListItem\",\"position\":3,\"name\":\"BedaBox LLC, USA. DBA &#8220;ShipMonk&#8221;\"}]},{\"@type\":\"WebSite\",\"@id\":\"https:\\\/\\\/nethemba.com\\\/de\\\/#website\",\"url\":\"https:\\\/\\\/nethemba.com\\\/de\\\/\",\"name\":\"Nethemba\",\"description\":\"We care about your security\",\"potentialAction\":[{\"@type\":\"SearchAction\",\"target\":{\"@type\":\"EntryPoint\",\"urlTemplate\":\"https:\\\/\\\/nethemba.com\\\/de\\\/?s={search_term_string}\"},\"query-input\":{\"@type\":\"PropertyValueSpecification\",\"valueRequired\":true,\"valueName\":\"search_term_string\"}}],\"inLanguage\":\"es\"}]}<\/script>\n<!-- \/ Yoast SEO plugin. -->","yoast_head_json":{"title":"BedaBox LLC, USA. DBA \"ShipMonk\" - Nethemba","robots":{"index":"index","follow":"follow","max-snippet":"max-snippet:-1","max-image-preview":"max-image-preview:large","max-video-preview":"max-video-preview:-1"},"canonical":"https:\/\/nethemba.com\/es\/referencias-old\/bedabox-llc-usa-dba-shipmonk\/","og_locale":"es_ES","og_type":"article","og_title":"BedaBox LLC, USA. DBA \"ShipMonk\" - Nethemba","og_description":"Recopilaci\u00f3n de informaci\u00f3n, Test de penetraci\u00f3n est\u00e1ndar de la aplicaci\u00f3n web, Auditor\u00eda integral de seguridad de aplicaciones web","og_url":"https:\/\/nethemba.com\/es\/referencias-old\/bedabox-llc-usa-dba-shipmonk\/","og_site_name":"Nethemba","article_publisher":"https:\/\/www.facebook.com\/nethemba","og_image":[{"width":150,"height":33,"url":"https:\/\/nethemba.com\/wp-content\/uploads\/2023\/01\/shipmonk.jpg","type":"image\/jpeg"}],"twitter_card":"summary_large_image","twitter_site":"@nethemba","schema":{"@context":"https:\/\/schema.org","@graph":[{"@type":"WebPage","@id":"https:\/\/nethemba.com\/es\/referencias-old\/bedabox-llc-usa-dba-shipmonk\/","url":"https:\/\/nethemba.com\/es\/referencias-old\/bedabox-llc-usa-dba-shipmonk\/","name":"BedaBox LLC, USA. DBA \"ShipMonk\" - Nethemba","isPartOf":{"@id":"https:\/\/nethemba.com\/de\/#website"},"primaryImageOfPage":{"@id":"https:\/\/nethemba.com\/es\/referencias-old\/bedabox-llc-usa-dba-shipmonk\/#primaryimage"},"image":{"@id":"https:\/\/nethemba.com\/es\/referencias-old\/bedabox-llc-usa-dba-shipmonk\/#primaryimage"},"thumbnailUrl":"https:\/\/nethemba.com\/wp-content\/uploads\/2023\/01\/shipmonk.jpg","datePublished":"2023-02-13T17:15:06+00:00","breadcrumb":{"@id":"https:\/\/nethemba.com\/es\/referencias-old\/bedabox-llc-usa-dba-shipmonk\/#breadcrumb"},"inLanguage":"es","potentialAction":[{"@type":"ReadAction","target":["https:\/\/nethemba.com\/es\/referencias-old\/bedabox-llc-usa-dba-shipmonk\/"]}]},{"@type":"ImageObject","inLanguage":"es","@id":"https:\/\/nethemba.com\/es\/referencias-old\/bedabox-llc-usa-dba-shipmonk\/#primaryimage","url":"https:\/\/nethemba.com\/wp-content\/uploads\/2023\/01\/shipmonk.jpg","contentUrl":"https:\/\/nethemba.com\/wp-content\/uploads\/2023\/01\/shipmonk.jpg","width":150,"height":33},{"@type":"BreadcrumbList","@id":"https:\/\/nethemba.com\/es\/referencias-old\/bedabox-llc-usa-dba-shipmonk\/#breadcrumb","itemListElement":[{"@type":"ListItem","position":1,"name":"Home","item":"https:\/\/nethemba.com\/cs\/"},{"@type":"ListItem","position":2,"name":"Referencias","item":"https:\/\/nethemba.com\/es\/?page_id=3397"},{"@type":"ListItem","position":3,"name":"BedaBox LLC, USA. DBA &#8220;ShipMonk&#8221;"}]},{"@type":"WebSite","@id":"https:\/\/nethemba.com\/de\/#website","url":"https:\/\/nethemba.com\/de\/","name":"Nethemba","description":"We care about your security","potentialAction":[{"@type":"SearchAction","target":{"@type":"EntryPoint","urlTemplate":"https:\/\/nethemba.com\/de\/?s={search_term_string}"},"query-input":{"@type":"PropertyValueSpecification","valueRequired":true,"valueName":"search_term_string"}}],"inLanguage":"es"}]}},"_links":{"self":[{"href":"https:\/\/nethemba.com\/es\/wp-json\/wp\/v2\/pages\/6218","targetHints":{"allow":["GET"]}}],"collection":[{"href":"https:\/\/nethemba.com\/es\/wp-json\/wp\/v2\/pages"}],"about":[{"href":"https:\/\/nethemba.com\/es\/wp-json\/wp\/v2\/types\/page"}],"author":[{"embeddable":true,"href":"https:\/\/nethemba.com\/es\/wp-json\/wp\/v2\/users\/8"}],"replies":[{"embeddable":true,"href":"https:\/\/nethemba.com\/es\/wp-json\/wp\/v2\/comments?post=6218"}],"version-history":[{"count":0,"href":"https:\/\/nethemba.com\/es\/wp-json\/wp\/v2\/pages\/6218\/revisions"}],"up":[{"embeddable":true,"href":"https:\/\/nethemba.com\/es\/wp-json\/wp\/v2\/pages\/3397"}],"wp:featuredmedia":[{"embeddable":true,"href":"https:\/\/nethemba.com\/es\/wp-json\/wp\/v2\/media\/5902"}],"wp:attachment":[{"href":"https:\/\/nethemba.com\/es\/wp-json\/wp\/v2\/media?parent=6218"}],"curies":[{"name":"wp","href":"https:\/\/api.w.org\/{rel}","templated":true}]}}