{"id":6249,"date":"2023-02-13T19:13:56","date_gmt":"2023-02-13T18:13:56","guid":{"rendered":"https:\/\/nethemba.com\/?page_id=6249"},"modified":"2023-02-13T20:04:11","modified_gmt":"2023-02-13T19:04:11","slug":"kiwi-com-s-r-o","status":"publish","type":"page","link":"https:\/\/nethemba.com\/es\/referencias-old\/kiwi-com-s-r-o\/","title":{"rendered":"Kiwi.com s.r.o."},"content":{"rendered":"<p>Auditor\u00eda de seguridad integral y prueba de penetraci\u00f3n est\u00e1ndar de aplicaciones web, auditor\u00eda de seguridad integral de API, prueba de penetraci\u00f3n de caja negra de infraestructura externa, prueba de penetraci\u00f3n de infraestructura interna, auditor\u00eda de seguridad de aplicaci\u00f3n m\u00f3vil en plataforma Android e iOS, prueba de penetraci\u00f3n de caja negra de infraestructura externa, prueba de penetraci\u00f3n de infraestructura interna<\/p>\n","protected":false},"excerpt":{"rendered":"<p>Auditor\u00eda de seguridad integral y prueba de penetraci\u00f3n est\u00e1ndar de aplicaciones web, auditor\u00eda de seguridad integral de API, prueba de penetraci\u00f3n de caja negra de infraestructura externa, prueba de penetraci\u00f3n de infraestructura interna, auditor\u00eda de seguridad de aplicaci\u00f3n m\u00f3vil en plataforma Android e iOS, prueba de penetraci\u00f3n de caja negra de infraestructura externa, prueba de [&hellip;]<\/p>\n","protected":false},"author":8,"featured_media":5250,"parent":3397,"menu_order":0,"comment_status":"closed","ping_status":"closed","template":"references.php","meta":{"inline_featured_image":false,"_monsterinsights_skip_tracking":false,"_monsterinsights_sitenote_active":false,"_monsterinsights_sitenote_note":"","_monsterinsights_sitenote_category":0,"footnotes":""},"class_list":["post-6249","page","type-page","status-publish","has-post-thumbnail","hentry"],"yoast_head":"<!-- This site is optimized with the Yoast SEO plugin v27.5 - https:\/\/yoast.com\/product\/yoast-seo-wordpress\/ -->\n<title>Kiwi.com s.r.o. - Nethemba<\/title>\n<meta name=\"robots\" content=\"index, follow, max-snippet:-1, max-image-preview:large, max-video-preview:-1\" \/>\n<link rel=\"canonical\" href=\"https:\/\/nethemba.com\/es\/referencias-old\/kiwi-com-s-r-o\/\" \/>\n<meta property=\"og:locale\" content=\"es_ES\" \/>\n<meta property=\"og:type\" content=\"article\" \/>\n<meta property=\"og:title\" content=\"Kiwi.com s.r.o. - Nethemba\" \/>\n<meta property=\"og:description\" content=\"Auditor\u00eda de seguridad integral y prueba de penetraci\u00f3n est\u00e1ndar de aplicaciones web, auditor\u00eda de seguridad integral de API, prueba de penetraci\u00f3n de caja negra de infraestructura externa, prueba de penetraci\u00f3n de infraestructura interna, auditor\u00eda de seguridad de aplicaci\u00f3n m\u00f3vil en plataforma Android e iOS, prueba de penetraci\u00f3n de caja negra de infraestructura externa, prueba de [&hellip;]\" \/>\n<meta property=\"og:url\" content=\"https:\/\/nethemba.com\/es\/referencias-old\/kiwi-com-s-r-o\/\" \/>\n<meta property=\"og:site_name\" content=\"Nethemba\" \/>\n<meta property=\"article:publisher\" content=\"https:\/\/www.facebook.com\/nethemba\" \/>\n<meta property=\"article:modified_time\" content=\"2023-02-13T19:04:11+00:00\" \/>\n<meta property=\"og:image\" content=\"https:\/\/nethemba.com\/wp-content\/uploads\/2020\/11\/1200px-Kiwi.com_logo.svg_-e1607445056493.png\" \/>\n\t<meta property=\"og:image:width\" content=\"200\" \/>\n\t<meta property=\"og:image:height\" content=\"99\" \/>\n\t<meta property=\"og:image:type\" content=\"image\/png\" \/>\n<meta name=\"twitter:card\" content=\"summary_large_image\" \/>\n<meta name=\"twitter:site\" content=\"@nethemba\" \/>\n<script type=\"application\/ld+json\" class=\"yoast-schema-graph\">{\"@context\":\"https:\\\/\\\/schema.org\",\"@graph\":[{\"@type\":\"WebPage\",\"@id\":\"https:\\\/\\\/nethemba.com\\\/es\\\/referencias-old\\\/kiwi-com-s-r-o\\\/\",\"url\":\"https:\\\/\\\/nethemba.com\\\/es\\\/referencias-old\\\/kiwi-com-s-r-o\\\/\",\"name\":\"Kiwi.com s.r.o. - Nethemba\",\"isPartOf\":{\"@id\":\"https:\\\/\\\/nethemba.com\\\/de\\\/#website\"},\"primaryImageOfPage\":{\"@id\":\"https:\\\/\\\/nethemba.com\\\/es\\\/referencias-old\\\/kiwi-com-s-r-o\\\/#primaryimage\"},\"image\":{\"@id\":\"https:\\\/\\\/nethemba.com\\\/es\\\/referencias-old\\\/kiwi-com-s-r-o\\\/#primaryimage\"},\"thumbnailUrl\":\"https:\\\/\\\/nethemba.com\\\/wp-content\\\/uploads\\\/2020\\\/11\\\/1200px-Kiwi.com_logo.svg_-e1607445056493.png\",\"datePublished\":\"2023-02-13T18:13:56+00:00\",\"dateModified\":\"2023-02-13T19:04:11+00:00\",\"breadcrumb\":{\"@id\":\"https:\\\/\\\/nethemba.com\\\/es\\\/referencias-old\\\/kiwi-com-s-r-o\\\/#breadcrumb\"},\"inLanguage\":\"es\",\"potentialAction\":[{\"@type\":\"ReadAction\",\"target\":[\"https:\\\/\\\/nethemba.com\\\/es\\\/referencias-old\\\/kiwi-com-s-r-o\\\/\"]}]},{\"@type\":\"ImageObject\",\"inLanguage\":\"es\",\"@id\":\"https:\\\/\\\/nethemba.com\\\/es\\\/referencias-old\\\/kiwi-com-s-r-o\\\/#primaryimage\",\"url\":\"https:\\\/\\\/nethemba.com\\\/wp-content\\\/uploads\\\/2020\\\/11\\\/1200px-Kiwi.com_logo.svg_-e1607445056493.png\",\"contentUrl\":\"https:\\\/\\\/nethemba.com\\\/wp-content\\\/uploads\\\/2020\\\/11\\\/1200px-Kiwi.com_logo.svg_-e1607445056493.png\",\"width\":200,\"height\":99},{\"@type\":\"BreadcrumbList\",\"@id\":\"https:\\\/\\\/nethemba.com\\\/es\\\/referencias-old\\\/kiwi-com-s-r-o\\\/#breadcrumb\",\"itemListElement\":[{\"@type\":\"ListItem\",\"position\":1,\"name\":\"Home\",\"item\":\"https:\\\/\\\/nethemba.com\\\/cs\\\/\"},{\"@type\":\"ListItem\",\"position\":2,\"name\":\"Referencias\",\"item\":\"https:\\\/\\\/nethemba.com\\\/es\\\/?page_id=3397\"},{\"@type\":\"ListItem\",\"position\":3,\"name\":\"Kiwi.com s.r.o.\"}]},{\"@type\":\"WebSite\",\"@id\":\"https:\\\/\\\/nethemba.com\\\/de\\\/#website\",\"url\":\"https:\\\/\\\/nethemba.com\\\/de\\\/\",\"name\":\"Nethemba\",\"description\":\"We care about your security\",\"potentialAction\":[{\"@type\":\"SearchAction\",\"target\":{\"@type\":\"EntryPoint\",\"urlTemplate\":\"https:\\\/\\\/nethemba.com\\\/de\\\/?s={search_term_string}\"},\"query-input\":{\"@type\":\"PropertyValueSpecification\",\"valueRequired\":true,\"valueName\":\"search_term_string\"}}],\"inLanguage\":\"es\"}]}<\/script>\n<!-- \/ Yoast SEO plugin. -->","yoast_head_json":{"title":"Kiwi.com s.r.o. - Nethemba","robots":{"index":"index","follow":"follow","max-snippet":"max-snippet:-1","max-image-preview":"max-image-preview:large","max-video-preview":"max-video-preview:-1"},"canonical":"https:\/\/nethemba.com\/es\/referencias-old\/kiwi-com-s-r-o\/","og_locale":"es_ES","og_type":"article","og_title":"Kiwi.com s.r.o. - Nethemba","og_description":"Auditor\u00eda de seguridad integral y prueba de penetraci\u00f3n est\u00e1ndar de aplicaciones web, auditor\u00eda de seguridad integral de API, prueba de penetraci\u00f3n de caja negra de infraestructura externa, prueba de penetraci\u00f3n de infraestructura interna, auditor\u00eda de seguridad de aplicaci\u00f3n m\u00f3vil en plataforma Android e iOS, prueba de penetraci\u00f3n de caja negra de infraestructura externa, prueba de [&hellip;]","og_url":"https:\/\/nethemba.com\/es\/referencias-old\/kiwi-com-s-r-o\/","og_site_name":"Nethemba","article_publisher":"https:\/\/www.facebook.com\/nethemba","article_modified_time":"2023-02-13T19:04:11+00:00","og_image":[{"width":200,"height":99,"url":"https:\/\/nethemba.com\/wp-content\/uploads\/2020\/11\/1200px-Kiwi.com_logo.svg_-e1607445056493.png","type":"image\/png"}],"twitter_card":"summary_large_image","twitter_site":"@nethemba","schema":{"@context":"https:\/\/schema.org","@graph":[{"@type":"WebPage","@id":"https:\/\/nethemba.com\/es\/referencias-old\/kiwi-com-s-r-o\/","url":"https:\/\/nethemba.com\/es\/referencias-old\/kiwi-com-s-r-o\/","name":"Kiwi.com s.r.o. - Nethemba","isPartOf":{"@id":"https:\/\/nethemba.com\/de\/#website"},"primaryImageOfPage":{"@id":"https:\/\/nethemba.com\/es\/referencias-old\/kiwi-com-s-r-o\/#primaryimage"},"image":{"@id":"https:\/\/nethemba.com\/es\/referencias-old\/kiwi-com-s-r-o\/#primaryimage"},"thumbnailUrl":"https:\/\/nethemba.com\/wp-content\/uploads\/2020\/11\/1200px-Kiwi.com_logo.svg_-e1607445056493.png","datePublished":"2023-02-13T18:13:56+00:00","dateModified":"2023-02-13T19:04:11+00:00","breadcrumb":{"@id":"https:\/\/nethemba.com\/es\/referencias-old\/kiwi-com-s-r-o\/#breadcrumb"},"inLanguage":"es","potentialAction":[{"@type":"ReadAction","target":["https:\/\/nethemba.com\/es\/referencias-old\/kiwi-com-s-r-o\/"]}]},{"@type":"ImageObject","inLanguage":"es","@id":"https:\/\/nethemba.com\/es\/referencias-old\/kiwi-com-s-r-o\/#primaryimage","url":"https:\/\/nethemba.com\/wp-content\/uploads\/2020\/11\/1200px-Kiwi.com_logo.svg_-e1607445056493.png","contentUrl":"https:\/\/nethemba.com\/wp-content\/uploads\/2020\/11\/1200px-Kiwi.com_logo.svg_-e1607445056493.png","width":200,"height":99},{"@type":"BreadcrumbList","@id":"https:\/\/nethemba.com\/es\/referencias-old\/kiwi-com-s-r-o\/#breadcrumb","itemListElement":[{"@type":"ListItem","position":1,"name":"Home","item":"https:\/\/nethemba.com\/cs\/"},{"@type":"ListItem","position":2,"name":"Referencias","item":"https:\/\/nethemba.com\/es\/?page_id=3397"},{"@type":"ListItem","position":3,"name":"Kiwi.com s.r.o."}]},{"@type":"WebSite","@id":"https:\/\/nethemba.com\/de\/#website","url":"https:\/\/nethemba.com\/de\/","name":"Nethemba","description":"We care about your security","potentialAction":[{"@type":"SearchAction","target":{"@type":"EntryPoint","urlTemplate":"https:\/\/nethemba.com\/de\/?s={search_term_string}"},"query-input":{"@type":"PropertyValueSpecification","valueRequired":true,"valueName":"search_term_string"}}],"inLanguage":"es"}]}},"_links":{"self":[{"href":"https:\/\/nethemba.com\/es\/wp-json\/wp\/v2\/pages\/6249","targetHints":{"allow":["GET"]}}],"collection":[{"href":"https:\/\/nethemba.com\/es\/wp-json\/wp\/v2\/pages"}],"about":[{"href":"https:\/\/nethemba.com\/es\/wp-json\/wp\/v2\/types\/page"}],"author":[{"embeddable":true,"href":"https:\/\/nethemba.com\/es\/wp-json\/wp\/v2\/users\/8"}],"replies":[{"embeddable":true,"href":"https:\/\/nethemba.com\/es\/wp-json\/wp\/v2\/comments?post=6249"}],"version-history":[{"count":0,"href":"https:\/\/nethemba.com\/es\/wp-json\/wp\/v2\/pages\/6249\/revisions"}],"up":[{"embeddable":true,"href":"https:\/\/nethemba.com\/es\/wp-json\/wp\/v2\/pages\/3397"}],"wp:featuredmedia":[{"embeddable":true,"href":"https:\/\/nethemba.com\/es\/wp-json\/wp\/v2\/media\/5250"}],"wp:attachment":[{"href":"https:\/\/nethemba.com\/es\/wp-json\/wp\/v2\/media?parent=6249"}],"curies":[{"name":"wp","href":"https:\/\/api.w.org\/{rel}","templated":true}]}}