{"id":6327,"date":"2023-02-14T17:31:26","date_gmt":"2023-02-14T16:31:26","guid":{"rendered":"https:\/\/nethemba.com\/?page_id=6327"},"modified":"2023-02-14T18:45:10","modified_gmt":"2023-02-14T17:45:10","slug":"up-slovensko-s-r-o","status":"publish","type":"page","link":"https:\/\/nethemba.com\/es\/referencias-old\/up-slovensko-s-r-o\/","title":{"rendered":"Up Slovensko, s. r. o."},"content":{"rendered":"<p>Test de penetraci\u00f3n est\u00e1ndar de la aplicaci\u00f3n web y test de carga<\/p>\n","protected":false},"excerpt":{"rendered":"<p>Test de penetraci\u00f3n est\u00e1ndar de la aplicaci\u00f3n web y test de carga<\/p>\n","protected":false},"author":8,"featured_media":6341,"parent":3397,"menu_order":0,"comment_status":"closed","ping_status":"closed","template":"references.php","meta":{"inline_featured_image":false,"_monsterinsights_skip_tracking":false,"_monsterinsights_sitenote_active":false,"_monsterinsights_sitenote_note":"","_monsterinsights_sitenote_category":0,"footnotes":""},"class_list":["post-6327","page","type-page","status-publish","has-post-thumbnail","hentry"],"yoast_head":"<!-- This site is optimized with the Yoast SEO plugin v27.4 - https:\/\/yoast.com\/product\/yoast-seo-wordpress\/ -->\n<title>Up Slovensko, s. r. o. - Nethemba<\/title>\n<meta name=\"robots\" content=\"index, follow, max-snippet:-1, max-image-preview:large, max-video-preview:-1\" \/>\n<link rel=\"canonical\" href=\"https:\/\/nethemba.com\/es\/referencias-old\/up-slovensko-s-r-o\/\" \/>\n<meta property=\"og:locale\" content=\"es_ES\" \/>\n<meta property=\"og:type\" content=\"article\" \/>\n<meta property=\"og:title\" content=\"Up Slovensko, s. r. o. - Nethemba\" \/>\n<meta property=\"og:description\" content=\"Test de penetraci\u00f3n est\u00e1ndar de la aplicaci\u00f3n web y test de carga\" \/>\n<meta property=\"og:url\" content=\"https:\/\/nethemba.com\/es\/referencias-old\/up-slovensko-s-r-o\/\" \/>\n<meta property=\"og:site_name\" content=\"Nethemba\" \/>\n<meta property=\"article:publisher\" content=\"https:\/\/www.facebook.com\/nethemba\" \/>\n<meta property=\"article:modified_time\" content=\"2023-02-14T17:45:10+00:00\" \/>\n<meta property=\"og:image\" content=\"https:\/\/nethemba.com\/wp-content\/uploads\/2023\/02\/Logo-UP.png\" \/>\n\t<meta property=\"og:image:width\" content=\"66\" \/>\n\t<meta property=\"og:image:height\" content=\"70\" \/>\n\t<meta property=\"og:image:type\" content=\"image\/png\" \/>\n<meta name=\"twitter:card\" content=\"summary_large_image\" \/>\n<meta name=\"twitter:site\" content=\"@nethemba\" \/>\n<script type=\"application\/ld+json\" class=\"yoast-schema-graph\">{\"@context\":\"https:\\\/\\\/schema.org\",\"@graph\":[{\"@type\":\"WebPage\",\"@id\":\"https:\\\/\\\/nethemba.com\\\/es\\\/referencias-old\\\/up-slovensko-s-r-o\\\/\",\"url\":\"https:\\\/\\\/nethemba.com\\\/es\\\/referencias-old\\\/up-slovensko-s-r-o\\\/\",\"name\":\"Up Slovensko, s. r. o. - Nethemba\",\"isPartOf\":{\"@id\":\"https:\\\/\\\/nethemba.com\\\/de\\\/#website\"},\"primaryImageOfPage\":{\"@id\":\"https:\\\/\\\/nethemba.com\\\/es\\\/referencias-old\\\/up-slovensko-s-r-o\\\/#primaryimage\"},\"image\":{\"@id\":\"https:\\\/\\\/nethemba.com\\\/es\\\/referencias-old\\\/up-slovensko-s-r-o\\\/#primaryimage\"},\"thumbnailUrl\":\"https:\\\/\\\/nethemba.com\\\/wp-content\\\/uploads\\\/2023\\\/02\\\/Logo-UP.png\",\"datePublished\":\"2023-02-14T16:31:26+00:00\",\"dateModified\":\"2023-02-14T17:45:10+00:00\",\"breadcrumb\":{\"@id\":\"https:\\\/\\\/nethemba.com\\\/es\\\/referencias-old\\\/up-slovensko-s-r-o\\\/#breadcrumb\"},\"inLanguage\":\"es\",\"potentialAction\":[{\"@type\":\"ReadAction\",\"target\":[\"https:\\\/\\\/nethemba.com\\\/es\\\/referencias-old\\\/up-slovensko-s-r-o\\\/\"]}]},{\"@type\":\"ImageObject\",\"inLanguage\":\"es\",\"@id\":\"https:\\\/\\\/nethemba.com\\\/es\\\/referencias-old\\\/up-slovensko-s-r-o\\\/#primaryimage\",\"url\":\"https:\\\/\\\/nethemba.com\\\/wp-content\\\/uploads\\\/2023\\\/02\\\/Logo-UP.png\",\"contentUrl\":\"https:\\\/\\\/nethemba.com\\\/wp-content\\\/uploads\\\/2023\\\/02\\\/Logo-UP.png\",\"width\":66,\"height\":70},{\"@type\":\"BreadcrumbList\",\"@id\":\"https:\\\/\\\/nethemba.com\\\/es\\\/referencias-old\\\/up-slovensko-s-r-o\\\/#breadcrumb\",\"itemListElement\":[{\"@type\":\"ListItem\",\"position\":1,\"name\":\"Home\",\"item\":\"https:\\\/\\\/nethemba.com\\\/cs\\\/\"},{\"@type\":\"ListItem\",\"position\":2,\"name\":\"Referencias\",\"item\":\"https:\\\/\\\/nethemba.com\\\/es\\\/?page_id=3397\"},{\"@type\":\"ListItem\",\"position\":3,\"name\":\"Up Slovensko, s. r. o.\"}]},{\"@type\":\"WebSite\",\"@id\":\"https:\\\/\\\/nethemba.com\\\/de\\\/#website\",\"url\":\"https:\\\/\\\/nethemba.com\\\/de\\\/\",\"name\":\"Nethemba\",\"description\":\"We care about your security\",\"potentialAction\":[{\"@type\":\"SearchAction\",\"target\":{\"@type\":\"EntryPoint\",\"urlTemplate\":\"https:\\\/\\\/nethemba.com\\\/de\\\/?s={search_term_string}\"},\"query-input\":{\"@type\":\"PropertyValueSpecification\",\"valueRequired\":true,\"valueName\":\"search_term_string\"}}],\"inLanguage\":\"es\"}]}<\/script>\n<!-- \/ Yoast SEO plugin. -->","yoast_head_json":{"title":"Up Slovensko, s. r. o. - Nethemba","robots":{"index":"index","follow":"follow","max-snippet":"max-snippet:-1","max-image-preview":"max-image-preview:large","max-video-preview":"max-video-preview:-1"},"canonical":"https:\/\/nethemba.com\/es\/referencias-old\/up-slovensko-s-r-o\/","og_locale":"es_ES","og_type":"article","og_title":"Up Slovensko, s. r. o. - Nethemba","og_description":"Test de penetraci\u00f3n est\u00e1ndar de la aplicaci\u00f3n web y test de carga","og_url":"https:\/\/nethemba.com\/es\/referencias-old\/up-slovensko-s-r-o\/","og_site_name":"Nethemba","article_publisher":"https:\/\/www.facebook.com\/nethemba","article_modified_time":"2023-02-14T17:45:10+00:00","og_image":[{"width":66,"height":70,"url":"https:\/\/nethemba.com\/wp-content\/uploads\/2023\/02\/Logo-UP.png","type":"image\/png"}],"twitter_card":"summary_large_image","twitter_site":"@nethemba","schema":{"@context":"https:\/\/schema.org","@graph":[{"@type":"WebPage","@id":"https:\/\/nethemba.com\/es\/referencias-old\/up-slovensko-s-r-o\/","url":"https:\/\/nethemba.com\/es\/referencias-old\/up-slovensko-s-r-o\/","name":"Up Slovensko, s. r. o. - Nethemba","isPartOf":{"@id":"https:\/\/nethemba.com\/de\/#website"},"primaryImageOfPage":{"@id":"https:\/\/nethemba.com\/es\/referencias-old\/up-slovensko-s-r-o\/#primaryimage"},"image":{"@id":"https:\/\/nethemba.com\/es\/referencias-old\/up-slovensko-s-r-o\/#primaryimage"},"thumbnailUrl":"https:\/\/nethemba.com\/wp-content\/uploads\/2023\/02\/Logo-UP.png","datePublished":"2023-02-14T16:31:26+00:00","dateModified":"2023-02-14T17:45:10+00:00","breadcrumb":{"@id":"https:\/\/nethemba.com\/es\/referencias-old\/up-slovensko-s-r-o\/#breadcrumb"},"inLanguage":"es","potentialAction":[{"@type":"ReadAction","target":["https:\/\/nethemba.com\/es\/referencias-old\/up-slovensko-s-r-o\/"]}]},{"@type":"ImageObject","inLanguage":"es","@id":"https:\/\/nethemba.com\/es\/referencias-old\/up-slovensko-s-r-o\/#primaryimage","url":"https:\/\/nethemba.com\/wp-content\/uploads\/2023\/02\/Logo-UP.png","contentUrl":"https:\/\/nethemba.com\/wp-content\/uploads\/2023\/02\/Logo-UP.png","width":66,"height":70},{"@type":"BreadcrumbList","@id":"https:\/\/nethemba.com\/es\/referencias-old\/up-slovensko-s-r-o\/#breadcrumb","itemListElement":[{"@type":"ListItem","position":1,"name":"Home","item":"https:\/\/nethemba.com\/cs\/"},{"@type":"ListItem","position":2,"name":"Referencias","item":"https:\/\/nethemba.com\/es\/?page_id=3397"},{"@type":"ListItem","position":3,"name":"Up Slovensko, s. r. o."}]},{"@type":"WebSite","@id":"https:\/\/nethemba.com\/de\/#website","url":"https:\/\/nethemba.com\/de\/","name":"Nethemba","description":"We care about your security","potentialAction":[{"@type":"SearchAction","target":{"@type":"EntryPoint","urlTemplate":"https:\/\/nethemba.com\/de\/?s={search_term_string}"},"query-input":{"@type":"PropertyValueSpecification","valueRequired":true,"valueName":"search_term_string"}}],"inLanguage":"es"}]}},"_links":{"self":[{"href":"https:\/\/nethemba.com\/es\/wp-json\/wp\/v2\/pages\/6327","targetHints":{"allow":["GET"]}}],"collection":[{"href":"https:\/\/nethemba.com\/es\/wp-json\/wp\/v2\/pages"}],"about":[{"href":"https:\/\/nethemba.com\/es\/wp-json\/wp\/v2\/types\/page"}],"author":[{"embeddable":true,"href":"https:\/\/nethemba.com\/es\/wp-json\/wp\/v2\/users\/8"}],"replies":[{"embeddable":true,"href":"https:\/\/nethemba.com\/es\/wp-json\/wp\/v2\/comments?post=6327"}],"version-history":[{"count":0,"href":"https:\/\/nethemba.com\/es\/wp-json\/wp\/v2\/pages\/6327\/revisions"}],"up":[{"embeddable":true,"href":"https:\/\/nethemba.com\/es\/wp-json\/wp\/v2\/pages\/3397"}],"wp:featuredmedia":[{"embeddable":true,"href":"https:\/\/nethemba.com\/es\/wp-json\/wp\/v2\/media\/6341"}],"wp:attachment":[{"href":"https:\/\/nethemba.com\/es\/wp-json\/wp\/v2\/media?parent=6327"}],"curies":[{"name":"wp","href":"https:\/\/api.w.org\/{rel}","templated":true}]}}