{"id":8248,"date":"2025-03-19T02:58:52","date_gmt":"2025-03-19T01:58:52","guid":{"rendered":"https:\/\/nethemba.com\/network-and-system-security\/"},"modified":"2025-03-30T19:06:49","modified_gmt":"2025-03-30T17:06:49","slug":"redes-y-seguridad-del-sistema","status":"publish","type":"page","link":"https:\/\/nethemba.com\/es\/redes-y-seguridad-del-sistema\/","title":{"rendered":"Redes y Seguridad del Sistema"},"content":{"rendered":"\t\t<div data-elementor-type=\"wp-page\" data-elementor-id=\"8248\" class=\"elementor elementor-8248 elementor-7824\" data-elementor-post-type=\"page\">\n\t\t\t\t<div class=\"elementor-element elementor-element-4b41e359 elementor-hidden-mobile e-flex e-con-boxed e-con e-parent\" data-id=\"4b41e359\" data-element_type=\"container\" data-e-type=\"container\" data-settings=\"{&quot;background_background&quot;:&quot;gradient&quot;}\">\n\t\t\t\t\t<div class=\"e-con-inner\">\n\t\t<div class=\"elementor-element elementor-element-703816e7 e-con-full e-flex e-con e-child\" data-id=\"703816e7\" data-element_type=\"container\" data-e-type=\"container\">\n\t\t\t\t<div class=\"elementor-element elementor-element-638810ad elementor-widget elementor-widget-heading\" data-id=\"638810ad\" data-element_type=\"widget\" data-e-type=\"widget\" data-widget_type=\"heading.default\">\n\t\t\t\t<div class=\"elementor-widget-container\">\n\t\t\t\t\t<h2 class=\"elementor-heading-title elementor-size-default\">Servicios<\/h2>\t\t\t\t<\/div>\n\t\t\t\t<\/div>\n\t\t\t\t<div class=\"elementor-element elementor-element-18a5187b elementor-widget-divider--view-line elementor-widget elementor-widget-divider\" data-id=\"18a5187b\" data-element_type=\"widget\" data-e-type=\"widget\" data-widget_type=\"divider.default\">\n\t\t\t\t<div class=\"elementor-widget-container\">\n\t\t\t\t\t\t\t<div class=\"elementor-divider\">\n\t\t\t<span class=\"elementor-divider-separator\">\n\t\t\t\t\t\t<\/span>\n\t\t<\/div>\n\t\t\t\t\t\t<\/div>\n\t\t\t\t<\/div>\n\t\t\t\t<\/div>\n\t\t<div class=\"elementor-element elementor-element-78f78fed e-con-full elementor-hidden-mobile e-flex e-con e-child\" data-id=\"78f78fed\" data-element_type=\"container\" data-e-type=\"container\">\n\t\t\t\t<div class=\"elementor-element elementor-element-3b8f2459 elementor-widget elementor-widget-image\" data-id=\"3b8f2459\" data-element_type=\"widget\" data-e-type=\"widget\" data-widget_type=\"image.default\">\n\t\t\t\t<div class=\"elementor-widget-container\">\n\t\t\t\t\t\t\t\t\t\t\t\t\t\t\t<img fetchpriority=\"high\" decoding=\"async\" width=\"777\" height=\"640\" src=\"https:\/\/nethemba.com\/wp-content\/uploads\/2025\/03\/HeroImg-squared-5-1.png\" class=\"attachment-large size-large wp-image-6852\" alt=\"\" srcset=\"https:\/\/nethemba.com\/wp-content\/uploads\/2025\/03\/HeroImg-squared-5-1.png 777w, https:\/\/nethemba.com\/wp-content\/uploads\/2025\/03\/HeroImg-squared-5-1-300x247.png 300w, https:\/\/nethemba.com\/wp-content\/uploads\/2025\/03\/HeroImg-squared-5-1-768x633.png 768w\" sizes=\"(max-width: 777px) 100vw, 777px\" \/>\t\t\t\t\t\t\t\t\t\t\t\t\t\t\t<\/div>\n\t\t\t\t<\/div>\n\t\t\t\t<\/div>\n\t\t\t\t\t<\/div>\n\t\t\t\t<\/div>\n\t\t<div class=\"elementor-element elementor-element-38ebbb1f elementor-hidden-desktop elementor-hidden-tablet e-flex e-con-boxed e-con e-parent\" data-id=\"38ebbb1f\" data-element_type=\"container\" data-e-type=\"container\" id=\"hero-mobile\" data-settings=\"{&quot;background_background&quot;:&quot;classic&quot;}\">\n\t\t\t\t\t<div class=\"e-con-inner\">\n\t\t<div class=\"elementor-element elementor-element-32a886c0 e-con-full e-flex e-con e-child\" data-id=\"32a886c0\" data-element_type=\"container\" data-e-type=\"container\">\n\t\t\t\t<div class=\"elementor-element elementor-element-4fcce876 elementor-widget elementor-widget-heading\" data-id=\"4fcce876\" data-element_type=\"widget\" data-e-type=\"widget\" data-widget_type=\"heading.default\">\n\t\t\t\t<div class=\"elementor-widget-container\">\n\t\t\t\t\t<h2 class=\"elementor-heading-title elementor-size-default\">Servicios<\/h2>\t\t\t\t<\/div>\n\t\t\t\t<\/div>\n\t\t\t\t<div class=\"elementor-element elementor-element-22bb2479 elementor-widget-divider--view-line elementor-widget elementor-widget-divider\" data-id=\"22bb2479\" data-element_type=\"widget\" data-e-type=\"widget\" data-widget_type=\"divider.default\">\n\t\t\t\t<div class=\"elementor-widget-container\">\n\t\t\t\t\t\t\t<div class=\"elementor-divider\">\n\t\t\t<span class=\"elementor-divider-separator\">\n\t\t\t\t\t\t<\/span>\n\t\t<\/div>\n\t\t\t\t\t\t<\/div>\n\t\t\t\t<\/div>\n\t\t\t\t<\/div>\n\t\t<div class=\"elementor-element elementor-element-2e60523c e-con-full e-flex e-con e-child\" data-id=\"2e60523c\" data-element_type=\"container\" data-e-type=\"container\">\n\t\t\t\t<div class=\"elementor-element elementor-element-e3230d9 elementor-widget elementor-widget-image\" data-id=\"e3230d9\" data-element_type=\"widget\" data-e-type=\"widget\" data-widget_type=\"image.default\">\n\t\t\t\t<div class=\"elementor-widget-container\">\n\t\t\t\t\t\t\t\t\t\t\t\t\t\t\t<img decoding=\"async\" width=\"777\" height=\"640\" src=\"https:\/\/nethemba.com\/wp-content\/uploads\/2025\/03\/HeroImg-squared-1-1.png\" class=\"attachment-large size-large wp-image-6857\" alt=\"\" srcset=\"https:\/\/nethemba.com\/wp-content\/uploads\/2025\/03\/HeroImg-squared-1-1.png 777w, https:\/\/nethemba.com\/wp-content\/uploads\/2025\/03\/HeroImg-squared-1-1-300x247.png 300w, https:\/\/nethemba.com\/wp-content\/uploads\/2025\/03\/HeroImg-squared-1-1-768x633.png 768w\" sizes=\"(max-width: 777px) 100vw, 777px\" \/>\t\t\t\t\t\t\t\t\t\t\t\t\t\t\t<\/div>\n\t\t\t\t<\/div>\n\t\t\t\t<\/div>\n\t\t\t\t\t<\/div>\n\t\t\t\t<\/div>\n\t\t<div class=\"elementor-element elementor-element-15a809f0 e-flex e-con-boxed e-con e-parent\" data-id=\"15a809f0\" data-element_type=\"container\" data-e-type=\"container\" data-settings=\"{&quot;background_background&quot;:&quot;gradient&quot;}\">\n\t\t\t\t\t<div class=\"e-con-inner\">\n\t\t<div class=\"elementor-element elementor-element-5944c1b8 e-con-full e-flex e-con e-child\" data-id=\"5944c1b8\" data-element_type=\"container\" data-e-type=\"container\">\n\t\t<div class=\"elementor-element elementor-element-cc48365 e-con-full e-flex e-con e-child\" data-id=\"cc48365\" data-element_type=\"container\" data-e-type=\"container\">\n\t\t\t\t<div class=\"elementor-element elementor-element-704b2b1a elementor-widget elementor-widget-heading\" data-id=\"704b2b1a\" data-element_type=\"widget\" data-e-type=\"widget\" data-widget_type=\"heading.default\">\n\t\t\t\t<div class=\"elementor-widget-container\">\n\t\t\t\t\t<h2 class=\"elementor-heading-title elementor-size-default\">Redes y Seguridad del Sistema<\/h2>\t\t\t\t<\/div>\n\t\t\t\t<\/div>\n\t\t\t\t<div class=\"elementor-element elementor-element-4074889 elementor-widget__width-initial elementor-widget elementor-widget-heading\" data-id=\"4074889\" data-element_type=\"widget\" data-e-type=\"widget\" data-widget_type=\"heading.default\">\n\t\t\t\t<div class=\"elementor-widget-container\">\n\t\t\t\t\t<h2 class=\"elementor-heading-title elementor-size-default\">Ofrecemos las siguientes auditor\u00edas de seguridad y pruebas de penetraci\u00f3n profesionales:<\/h2>\t\t\t\t<\/div>\n\t\t\t\t<\/div>\n\t\t\t\t<\/div>\n\t\t<div class=\"elementor-element elementor-element-d5c6621 e-con-full e-flex e-con e-child\" data-id=\"d5c6621\" data-element_type=\"container\" data-e-type=\"container\" data-settings=\"{&quot;background_background&quot;:&quot;gradient&quot;}\">\n\t\t\t\t<div class=\"elementor-element elementor-element-1cb3f00 elementor-widget elementor-widget-image\" data-id=\"1cb3f00\" data-element_type=\"widget\" data-e-type=\"widget\" data-widget_type=\"image.default\">\n\t\t\t\t<div class=\"elementor-widget-container\">\n\t\t\t\t\t\t\t\t\t\t\t\t\t\t\t<img decoding=\"async\" width=\"87\" height=\"86\" src=\"https:\/\/nethemba.com\/wp-content\/uploads\/2025\/03\/Network.png\" class=\"attachment-large size-large wp-image-7367\" alt=\"\" \/>\t\t\t\t\t\t\t\t\t\t\t\t\t\t\t<\/div>\n\t\t\t\t<\/div>\n\t\t\t\t<div class=\"elementor-element elementor-element-6c07bd4 elementor-widget elementor-widget-heading\" data-id=\"6c07bd4\" data-element_type=\"widget\" data-e-type=\"widget\" data-widget_type=\"heading.default\">\n\t\t\t\t<div class=\"elementor-widget-container\">\n\t\t\t\t\t<h6 class=\"elementor-heading-title elementor-size-default\">Redes y Seguridad del Sistema<\/h6>\t\t\t\t<\/div>\n\t\t\t\t<\/div>\n\t\t\t\t<div class=\"elementor-element elementor-element-0b8e94f elementor-widget elementor-widget-text-editor\" data-id=\"0b8e94f\" data-element_type=\"widget\" data-e-type=\"widget\" data-widget_type=\"text-editor.default\">\n\t\t\t\t<div class=\"elementor-widget-container\">\n\t\t\t\t\t\t\t\t\t<ul style=\"padding-left: 0;\">\n \t<li style=\"list-style-type: none;\"><span style=\"color: #7a7070;\"><a style=\"color: #fff;\" href=\"https:\/\/nethemba.com\/es\/servicios\/las-redes-y-seguridad-del-sistema\/auditoria-de-seguridad-del-sistema-local\/\">Auditor\u00eda de seguridad del sistema local<\/a><\/span><\/li>\n \t<li style=\"list-style-type: none;\"><span style=\"color: #7a7070;\"><a style=\"color: #fff;\" href=\"https:\/\/nethemba.com\/es\/servicios\/las-redes-y-seguridad-del-sistema\/prueba-de-penetracion-externa\/\">Prueba de penetraci\u00f3n externa<\/a><\/span><\/li>\n \t<li style=\"list-style-type: none;\"><span style=\"color: #7a7070;\"><a style=\"color: #fff;\" href=\"https:\/\/nethemba.com\/es\/servicios\/las-redes-y-seguridad-del-sistema\/pruebas-de-penetracion-en-intranet\/\">Pruebas de penetraci\u00f3n en Intranet<\/a><\/span><\/li>\n \t<li style=\"list-style-type: none;\"><span style=\"color: #7a7070;\"><a style=\"color: #fff;\" href=\"https:\/\/nethemba.com\/es\/servicios\/las-redes-y-seguridad-del-sistema\/cloud-pruebas-de-seguridad\/\">Cloud pruebas de seguridad<\/a><\/span><\/li>\n \t<li style=\"list-style-type: none;\"><span style=\"color: #7a7070;\"><a style=\"color: #fff;\" href=\"https:\/\/nethemba.com\/es\/servicios\/las-redes-y-seguridad-del-sistema\/auditoria-de-seguridad-de-sap\/\">Auditor\u00eda de seguridad de SAP<\/a><\/span><\/li>\n \t<li style=\"list-style-type: none;\"><span style=\"color: #7a7070;\"><a style=\"color: #fff;\" href=\"https:\/\/nethemba.com\/es\/servicios\/las-redes-y-seguridad-del-sistema\/auditoria-de-seguridad-de-tarjetas-inteligentes\/\">Audit\u00f3ria de seguridad de tarjetas inteligentes<\/a><\/span><\/li>\n \t<li style=\"list-style-type: none;\"><span style=\"color: #7a7070;\"><a style=\"color: #fff;\" href=\"https:\/\/nethemba.com\/es\/servicios\/las-redes-y-seguridad-del-sistema\/auditoria-de-seguridad-de-redes-inalabricas\/\">Auditor\u00eda de seguridad de redes inal\u00e1bricas<\/a><\/span><\/li>\n \t<li style=\"list-style-type: none;\"><span style=\"color: #7a7070;\"><a style=\"color: #fff;\" href=\"https:\/\/nethemba.com\/es\/servicios\/las-redes-y-seguridad-del-sistema\/auditoria-de-seguridad-iot\/\">Auditor\u00eda de seguridad IoT<\/a><\/span><\/li>\n<\/ul>\t\t\t\t\t\t\t\t<\/div>\n\t\t\t\t<\/div>\n\t\t\t\t<\/div>\n\t\t\t\t<\/div>\n\t\t\t\t\t<\/div>\n\t\t\t\t<\/div>\n\t\t\t\t<\/div>\n\t\t","protected":false},"excerpt":{"rendered":"<p>Servicios Servicios Redes y Seguridad del Sistema Ofrecemos las siguientes auditor\u00edas de seguridad y pruebas de penetraci\u00f3n profesionales: Redes y Seguridad del Sistema Auditor\u00eda de seguridad del sistema local Prueba de penetraci\u00f3n externa Pruebas de penetraci\u00f3n en Intranet Cloud pruebas de seguridad Auditor\u00eda de seguridad de SAP Audit\u00f3ria de seguridad de tarjetas inteligentes Auditor\u00eda de [&hellip;]<\/p>\n","protected":false},"author":2,"featured_media":0,"parent":0,"menu_order":0,"comment_status":"closed","ping_status":"closed","template":"elementor_header_footer","meta":{"inline_featured_image":false,"_monsterinsights_skip_tracking":false,"_monsterinsights_sitenote_active":false,"_monsterinsights_sitenote_note":"","_monsterinsights_sitenote_category":0,"footnotes":""},"class_list":["post-8248","page","type-page","status-publish","hentry"],"yoast_head":"<!-- This site is optimized with the Yoast SEO plugin v27.2 - https:\/\/yoast.com\/product\/yoast-seo-wordpress\/ -->\n<title>Redes y Seguridad del Sistema - Nethemba<\/title>\n<meta name=\"description\" content=\"Nethemba is a Slovak IT security company founded in 2007, primarily focused on web application security and various penetration tests.\" \/>\n<meta name=\"robots\" content=\"index, follow, max-snippet:-1, max-image-preview:large, max-video-preview:-1\" \/>\n<link rel=\"canonical\" href=\"https:\/\/nethemba.com\/es\/redes-y-seguridad-del-sistema\/\" \/>\n<meta property=\"og:locale\" content=\"es_ES\" \/>\n<meta property=\"og:type\" content=\"article\" \/>\n<meta property=\"og:title\" content=\"Redes y Seguridad del Sistema - Nethemba\" \/>\n<meta property=\"og:description\" content=\"Nethemba is a Slovak IT security company founded in 2007, primarily focused on web application security and various penetration tests.\" \/>\n<meta property=\"og:url\" content=\"https:\/\/nethemba.com\/es\/redes-y-seguridad-del-sistema\/\" \/>\n<meta property=\"og:site_name\" content=\"Nethemba\" \/>\n<meta property=\"article:publisher\" content=\"https:\/\/www.facebook.com\/nethemba\" \/>\n<meta property=\"article:modified_time\" content=\"2025-03-30T17:06:49+00:00\" \/>\n<meta property=\"og:image\" content=\"https:\/\/nethemba.com\/wp-content\/uploads\/2025\/03\/HeroImg-squared-5-1.png\" \/>\n\t<meta property=\"og:image:width\" content=\"777\" \/>\n\t<meta property=\"og:image:height\" content=\"640\" \/>\n\t<meta property=\"og:image:type\" content=\"image\/png\" \/>\n<meta name=\"twitter:card\" content=\"summary_large_image\" \/>\n<meta name=\"twitter:site\" content=\"@nethemba\" \/>\n<meta name=\"twitter:label1\" content=\"Tiempo de lectura\" \/>\n\t<meta name=\"twitter:data1\" content=\"1 minuto\" \/>\n<script type=\"application\/ld+json\" class=\"yoast-schema-graph\">{\"@context\":\"https:\/\/schema.org\",\"@graph\":[{\"@type\":\"WebPage\",\"@id\":\"https:\/\/nethemba.com\/es\/redes-y-seguridad-del-sistema\/\",\"url\":\"https:\/\/nethemba.com\/es\/redes-y-seguridad-del-sistema\/\",\"name\":\"Redes y Seguridad del Sistema - Nethemba\",\"isPartOf\":{\"@id\":\"https:\/\/nethemba.com\/de\/#website\"},\"primaryImageOfPage\":{\"@id\":\"https:\/\/nethemba.com\/es\/redes-y-seguridad-del-sistema\/#primaryimage\"},\"image\":{\"@id\":\"https:\/\/nethemba.com\/es\/redes-y-seguridad-del-sistema\/#primaryimage\"},\"thumbnailUrl\":\"https:\/\/nethemba.com\/wp-content\/uploads\/2025\/03\/HeroImg-squared-5-1.png\",\"datePublished\":\"2025-03-19T01:58:52+00:00\",\"dateModified\":\"2025-03-30T17:06:49+00:00\",\"description\":\"Nethemba is a Slovak IT security company founded in 2007, primarily focused on web application security and various penetration tests.\",\"breadcrumb\":{\"@id\":\"https:\/\/nethemba.com\/es\/redes-y-seguridad-del-sistema\/#breadcrumb\"},\"inLanguage\":\"es\",\"potentialAction\":[{\"@type\":\"ReadAction\",\"target\":[\"https:\/\/nethemba.com\/es\/redes-y-seguridad-del-sistema\/\"]}]},{\"@type\":\"ImageObject\",\"inLanguage\":\"es\",\"@id\":\"https:\/\/nethemba.com\/es\/redes-y-seguridad-del-sistema\/#primaryimage\",\"url\":\"https:\/\/nethemba.com\/wp-content\/uploads\/2025\/03\/HeroImg-squared-5-1.png\",\"contentUrl\":\"https:\/\/nethemba.com\/wp-content\/uploads\/2025\/03\/HeroImg-squared-5-1.png\"},{\"@type\":\"BreadcrumbList\",\"@id\":\"https:\/\/nethemba.com\/es\/redes-y-seguridad-del-sistema\/#breadcrumb\",\"itemListElement\":[{\"@type\":\"ListItem\",\"position\":1,\"name\":\"Home\",\"item\":\"https:\/\/nethemba.com\/cs\/\"},{\"@type\":\"ListItem\",\"position\":2,\"name\":\"Redes y Seguridad del Sistema\"}]},{\"@type\":\"WebSite\",\"@id\":\"https:\/\/nethemba.com\/de\/#website\",\"url\":\"https:\/\/nethemba.com\/de\/\",\"name\":\"Nethemba\",\"description\":\"We care about your security\",\"potentialAction\":[{\"@type\":\"SearchAction\",\"target\":{\"@type\":\"EntryPoint\",\"urlTemplate\":\"https:\/\/nethemba.com\/de\/?s={search_term_string}\"},\"query-input\":{\"@type\":\"PropertyValueSpecification\",\"valueRequired\":true,\"valueName\":\"search_term_string\"}}],\"inLanguage\":\"es\"}]}<\/script>\n<!-- \/ Yoast SEO plugin. -->","yoast_head_json":{"title":"Redes y Seguridad del Sistema - Nethemba","description":"Nethemba is a Slovak IT security company founded in 2007, primarily focused on web application security and various penetration tests.","robots":{"index":"index","follow":"follow","max-snippet":"max-snippet:-1","max-image-preview":"max-image-preview:large","max-video-preview":"max-video-preview:-1"},"canonical":"https:\/\/nethemba.com\/es\/redes-y-seguridad-del-sistema\/","og_locale":"es_ES","og_type":"article","og_title":"Redes y Seguridad del Sistema - Nethemba","og_description":"Nethemba is a Slovak IT security company founded in 2007, primarily focused on web application security and various penetration tests.","og_url":"https:\/\/nethemba.com\/es\/redes-y-seguridad-del-sistema\/","og_site_name":"Nethemba","article_publisher":"https:\/\/www.facebook.com\/nethemba","article_modified_time":"2025-03-30T17:06:49+00:00","og_image":[{"width":777,"height":640,"url":"https:\/\/nethemba.com\/wp-content\/uploads\/2025\/03\/HeroImg-squared-5-1.png","type":"image\/png"}],"twitter_card":"summary_large_image","twitter_site":"@nethemba","twitter_misc":{"Tiempo de lectura":"1 minuto"},"schema":{"@context":"https:\/\/schema.org","@graph":[{"@type":"WebPage","@id":"https:\/\/nethemba.com\/es\/redes-y-seguridad-del-sistema\/","url":"https:\/\/nethemba.com\/es\/redes-y-seguridad-del-sistema\/","name":"Redes y Seguridad del Sistema - Nethemba","isPartOf":{"@id":"https:\/\/nethemba.com\/de\/#website"},"primaryImageOfPage":{"@id":"https:\/\/nethemba.com\/es\/redes-y-seguridad-del-sistema\/#primaryimage"},"image":{"@id":"https:\/\/nethemba.com\/es\/redes-y-seguridad-del-sistema\/#primaryimage"},"thumbnailUrl":"https:\/\/nethemba.com\/wp-content\/uploads\/2025\/03\/HeroImg-squared-5-1.png","datePublished":"2025-03-19T01:58:52+00:00","dateModified":"2025-03-30T17:06:49+00:00","description":"Nethemba is a Slovak IT security company founded in 2007, primarily focused on web application security and various penetration tests.","breadcrumb":{"@id":"https:\/\/nethemba.com\/es\/redes-y-seguridad-del-sistema\/#breadcrumb"},"inLanguage":"es","potentialAction":[{"@type":"ReadAction","target":["https:\/\/nethemba.com\/es\/redes-y-seguridad-del-sistema\/"]}]},{"@type":"ImageObject","inLanguage":"es","@id":"https:\/\/nethemba.com\/es\/redes-y-seguridad-del-sistema\/#primaryimage","url":"https:\/\/nethemba.com\/wp-content\/uploads\/2025\/03\/HeroImg-squared-5-1.png","contentUrl":"https:\/\/nethemba.com\/wp-content\/uploads\/2025\/03\/HeroImg-squared-5-1.png"},{"@type":"BreadcrumbList","@id":"https:\/\/nethemba.com\/es\/redes-y-seguridad-del-sistema\/#breadcrumb","itemListElement":[{"@type":"ListItem","position":1,"name":"Home","item":"https:\/\/nethemba.com\/cs\/"},{"@type":"ListItem","position":2,"name":"Redes y Seguridad del Sistema"}]},{"@type":"WebSite","@id":"https:\/\/nethemba.com\/de\/#website","url":"https:\/\/nethemba.com\/de\/","name":"Nethemba","description":"We care about your security","potentialAction":[{"@type":"SearchAction","target":{"@type":"EntryPoint","urlTemplate":"https:\/\/nethemba.com\/de\/?s={search_term_string}"},"query-input":{"@type":"PropertyValueSpecification","valueRequired":true,"valueName":"search_term_string"}}],"inLanguage":"es"}]}},"_links":{"self":[{"href":"https:\/\/nethemba.com\/es\/wp-json\/wp\/v2\/pages\/8248","targetHints":{"allow":["GET"]}}],"collection":[{"href":"https:\/\/nethemba.com\/es\/wp-json\/wp\/v2\/pages"}],"about":[{"href":"https:\/\/nethemba.com\/es\/wp-json\/wp\/v2\/types\/page"}],"author":[{"embeddable":true,"href":"https:\/\/nethemba.com\/es\/wp-json\/wp\/v2\/users\/2"}],"replies":[{"embeddable":true,"href":"https:\/\/nethemba.com\/es\/wp-json\/wp\/v2\/comments?post=8248"}],"version-history":[{"count":4,"href":"https:\/\/nethemba.com\/es\/wp-json\/wp\/v2\/pages\/8248\/revisions"}],"predecessor-version":[{"id":8252,"href":"https:\/\/nethemba.com\/es\/wp-json\/wp\/v2\/pages\/8248\/revisions\/8252"}],"wp:attachment":[{"href":"https:\/\/nethemba.com\/es\/wp-json\/wp\/v2\/media?parent=8248"}],"curies":[{"name":"wp","href":"https:\/\/api.w.org\/{rel}","templated":true}]}}