{"id":8289,"date":"2025-03-14T19:49:31","date_gmt":"2025-03-14T18:49:31","guid":{"rendered":"https:\/\/nethemba.com\/blog-2\/"},"modified":"2025-03-31T03:03:49","modified_gmt":"2025-03-31T01:03:49","slug":"blog","status":"publish","type":"page","link":"https:\/\/nethemba.com\/es\/blog\/","title":{"rendered":"Blog"},"content":{"rendered":"\t\t<div data-elementor-type=\"wp-page\" data-elementor-id=\"8289\" class=\"elementor elementor-8289 elementor-6860\" data-elementor-post-type=\"page\">\n\t\t\t\t<div class=\"elementor-element elementor-element-43077558 elementor-hidden-mobile e-flex e-con-boxed e-con e-parent\" data-id=\"43077558\" data-element_type=\"container\" data-e-type=\"container\" data-settings=\"{&quot;background_background&quot;:&quot;gradient&quot;}\">\n\t\t\t\t\t<div class=\"e-con-inner\">\n\t\t<div class=\"elementor-element elementor-element-2c4cf226 e-con-full e-flex e-con e-child\" data-id=\"2c4cf226\" data-element_type=\"container\" data-e-type=\"container\">\n\t\t\t\t<div class=\"elementor-element elementor-element-5455bc72 elementor-widget elementor-widget-heading\" data-id=\"5455bc72\" data-element_type=\"widget\" data-e-type=\"widget\" data-widget_type=\"heading.default\">\n\t\t\t\t<div class=\"elementor-widget-container\">\n\t\t\t\t\t<h2 class=\"elementor-heading-title elementor-size-default\">Blog<\/h2>\t\t\t\t<\/div>\n\t\t\t\t<\/div>\n\t\t\t\t<div class=\"elementor-element elementor-element-ca3f496 elementor-widget-divider--view-line elementor-widget elementor-widget-divider\" data-id=\"ca3f496\" data-element_type=\"widget\" data-e-type=\"widget\" data-widget_type=\"divider.default\">\n\t\t\t\t<div class=\"elementor-widget-container\">\n\t\t\t\t\t\t\t<div class=\"elementor-divider\">\n\t\t\t<span class=\"elementor-divider-separator\">\n\t\t\t\t\t\t<\/span>\n\t\t<\/div>\n\t\t\t\t\t\t<\/div>\n\t\t\t\t<\/div>\n\t\t\t\t<\/div>\n\t\t<div class=\"elementor-element elementor-element-36bffe8a e-con-full e-flex e-con e-child\" data-id=\"36bffe8a\" data-element_type=\"container\" data-e-type=\"container\">\n\t\t\t\t<div class=\"elementor-element elementor-element-86869a8 elementor-widget elementor-widget-image\" data-id=\"86869a8\" data-element_type=\"widget\" data-e-type=\"widget\" data-widget_type=\"image.default\">\n\t\t\t\t<div class=\"elementor-widget-container\">\n\t\t\t\t\t\t\t\t\t\t\t\t\t\t\t<img fetchpriority=\"high\" decoding=\"async\" width=\"777\" height=\"640\" src=\"https:\/\/nethemba.com\/wp-content\/uploads\/2025\/03\/HeroImg-squared-5-1.png\" class=\"attachment-large size-large wp-image-6852\" alt=\"\" srcset=\"https:\/\/nethemba.com\/wp-content\/uploads\/2025\/03\/HeroImg-squared-5-1.png 777w, https:\/\/nethemba.com\/wp-content\/uploads\/2025\/03\/HeroImg-squared-5-1-300x247.png 300w, https:\/\/nethemba.com\/wp-content\/uploads\/2025\/03\/HeroImg-squared-5-1-768x633.png 768w\" sizes=\"(max-width: 777px) 100vw, 777px\" \/>\t\t\t\t\t\t\t\t\t\t\t\t\t\t\t<\/div>\n\t\t\t\t<\/div>\n\t\t\t\t<\/div>\n\t\t\t\t\t<\/div>\n\t\t\t\t<\/div>\n\t\t<div class=\"elementor-element elementor-element-c8e6999 elementor-hidden-desktop elementor-hidden-tablet e-flex e-con-boxed e-con e-parent\" data-id=\"c8e6999\" data-element_type=\"container\" data-e-type=\"container\" id=\"hero-mobile\" data-settings=\"{&quot;background_background&quot;:&quot;classic&quot;}\">\n\t\t\t\t\t<div class=\"e-con-inner\">\n\t\t<div class=\"elementor-element elementor-element-c6cb670 e-con-full e-flex e-con e-child\" data-id=\"c6cb670\" data-element_type=\"container\" data-e-type=\"container\">\n\t\t\t\t<div class=\"elementor-element elementor-element-13716ebc elementor-widget elementor-widget-heading\" data-id=\"13716ebc\" data-element_type=\"widget\" data-e-type=\"widget\" data-widget_type=\"heading.default\">\n\t\t\t\t<div class=\"elementor-widget-container\">\n\t\t\t\t\t<h2 class=\"elementor-heading-title elementor-size-default\">Blog<\/h2>\t\t\t\t<\/div>\n\t\t\t\t<\/div>\n\t\t\t\t<div class=\"elementor-element elementor-element-5873853 elementor-widget-divider--view-line elementor-widget elementor-widget-divider\" data-id=\"5873853\" data-element_type=\"widget\" data-e-type=\"widget\" data-widget_type=\"divider.default\">\n\t\t\t\t<div class=\"elementor-widget-container\">\n\t\t\t\t\t\t\t<div class=\"elementor-divider\">\n\t\t\t<span class=\"elementor-divider-separator\">\n\t\t\t\t\t\t<\/span>\n\t\t<\/div>\n\t\t\t\t\t\t<\/div>\n\t\t\t\t<\/div>\n\t\t\t\t<\/div>\n\t\t<div class=\"elementor-element elementor-element-3d3e7a93 e-con-full e-flex e-con e-child\" data-id=\"3d3e7a93\" data-element_type=\"container\" data-e-type=\"container\">\n\t\t\t\t<div class=\"elementor-element elementor-element-142a879f elementor-hidden-desktop elementor-widget elementor-widget-image\" data-id=\"142a879f\" data-element_type=\"widget\" data-e-type=\"widget\" data-widget_type=\"image.default\">\n\t\t\t\t<div class=\"elementor-widget-container\">\n\t\t\t\t\t\t\t\t\t\t\t\t\t\t\t<img decoding=\"async\" width=\"777\" height=\"640\" src=\"https:\/\/nethemba.com\/wp-content\/uploads\/2025\/03\/HeroImg-squared-1-1.png\" class=\"attachment-large size-large wp-image-6857\" alt=\"\" srcset=\"https:\/\/nethemba.com\/wp-content\/uploads\/2025\/03\/HeroImg-squared-1-1.png 777w, https:\/\/nethemba.com\/wp-content\/uploads\/2025\/03\/HeroImg-squared-1-1-300x247.png 300w, https:\/\/nethemba.com\/wp-content\/uploads\/2025\/03\/HeroImg-squared-1-1-768x633.png 768w\" sizes=\"(max-width: 777px) 100vw, 777px\" \/>\t\t\t\t\t\t\t\t\t\t\t\t\t\t\t<\/div>\n\t\t\t\t<\/div>\n\t\t\t\t<\/div>\n\t\t\t\t\t<\/div>\n\t\t\t\t<\/div>\n\t\t<div class=\"elementor-element elementor-element-6b7286fa e-flex e-con-boxed e-con e-parent\" data-id=\"6b7286fa\" data-element_type=\"container\" data-e-type=\"container\" data-settings=\"{&quot;background_background&quot;:&quot;gradient&quot;}\">\n\t\t\t\t\t<div class=\"e-con-inner\">\n\t\t<div class=\"elementor-element elementor-element-540753af e-con-full e-flex e-con e-child\" data-id=\"540753af\" data-element_type=\"container\" data-e-type=\"container\">\n\t\t<div class=\"elementor-element elementor-element-141f0bf3 e-con-full e-flex e-con e-child\" data-id=\"141f0bf3\" data-element_type=\"container\" data-e-type=\"container\">\n\t\t\t\t<div class=\"elementor-element elementor-element-5727f10 elementor-grid-eael-col-3 elementor-grid-tablet-eael-col-2 elementor-grid-mobile-eael-col-1 elementor-widget elementor-widget-eael-post-grid\" data-id=\"5727f10\" data-element_type=\"widget\" data-e-type=\"widget\" data-settings=\"{&quot;eael_post_grid_columns&quot;:&quot;eael-col-3&quot;,&quot;eael_post_grid_columns_tablet&quot;:&quot;eael-col-2&quot;,&quot;eael_post_grid_columns_mobile&quot;:&quot;eael-col-1&quot;}\" data-widget_type=\"eael-post-grid.default\">\n\t\t\t\t<div class=\"elementor-widget-container\">\n\t\t\t\t\t<div id=\"eael-post-grid-5727f10\" class=\"eael-post-grid-container\">\n            <div class=\"eael-post-grid eael-post-appender eael-post-appender-5727f10 eael-post-grid-style-two\" data-layout-mode=\"grid\"><article class=\"eael-grid-post  eael-post-grid-column eael-pg-post-3655 category-sin-categorizar\" data-id=\"3655\">\n    <div class=\"eael-grid-post-holder\">\n        <div class=\"eael-grid-post-holder-inner\"><div class=\"eael-entry-media\"><div class=\"eael-entry-overlay fade-in\"><i class=\"fas fa-long-arrow-alt-right\" aria-hidden=\"true\"><\/i><a href=\"https:\/\/nethemba.com\/es\/despues-de-los-espanoles-nethemba-conquista-america-latina\/\"><\/a><\/div><div class=\"eael-entry-thumbnail \">\n                            <img decoding=\"async\" width=\"300\" height=\"181\" src=\"https:\/\/nethemba.com\/wp-content\/uploads\/2025\/02\/top-banner-bg-300x181.jpg\" class=\"attachment-medium size-medium wp-image-7397\" alt=\"\" srcset=\"https:\/\/nethemba.com\/wp-content\/uploads\/2025\/02\/top-banner-bg-300x181.jpg 300w, https:\/\/nethemba.com\/wp-content\/uploads\/2025\/02\/top-banner-bg-1024x616.jpg 1024w, https:\/\/nethemba.com\/wp-content\/uploads\/2025\/02\/top-banner-bg-768x462.jpg 768w, https:\/\/nethemba.com\/wp-content\/uploads\/2025\/02\/top-banner-bg.jpg 1351w\" sizes=\"(max-width: 300px) 100vw, 300px\" \/>\n                            <\/div>\n                    <\/div><div class=\"eael-entry-wrapper\"><header class=\"eael-entry-header\"><h2 class=\"eael-entry-title\"><a class=\"eael-grid-post-link\" href=\"https:\/\/nethemba.com\/es\/despues-de-los-espanoles-nethemba-conquista-america-latina\/\" title=\"Despu\u00e9s de la conquista espa\u00f1ola, Nethemba conquista Am\u00e9rica Latina!\">Despu\u00e9s de la conquista espa\u00f1ola, Nethemba conquista Am\u00e9rica Latina!<\/a><\/h2><\/header><div class=\"eael-entry-content\">\n                                <div class=\"eael-grid-post-excerpt\"><p>Es un placer para nosotros lanzar la versi\u00f3n en espa\u00f1ol del sitio web de nuestra empresa. Con nuestra nueva sucursal en Panam\u00e1 (Nethemba SA), nos centraremos en todos los mercados de habla hispana. Al mismo tiempo, estamos buscando un vendedor. Si usted tiene mucha experiencia en la venta de servicios de TI en Am\u00e9rica Latina [&hellip;]<\/p><a href=\"https:\/\/nethemba.com\/es\/despues-de-los-espanoles-nethemba-conquista-america-latina\/\" class=\"eael-post-elements-readmore-btn\">Leer m\u00e1s<\/a><\/div>\n                            <\/div><div class=\"eael-entry-header-after style-two\"><div class=\"eael-entry-meta\"><span class=\"eael-meta-posted-on\"><i class=\"far fa-clock\"><\/i><time datetime=\"marzo 29, 2019\">marzo 29, 2019<\/time><\/span><\/div><\/div><\/div><\/div>\n    <\/div>\n<\/article><article class=\"eael-grid-post  eael-post-grid-column eael-pg-post-3393 category-sin-categorizar\" data-id=\"3393\">\n    <div class=\"eael-grid-post-holder\">\n        <div class=\"eael-grid-post-holder-inner\"><div class=\"eael-entry-media\"><div class=\"eael-entry-overlay fade-in\"><i class=\"fas fa-long-arrow-alt-right\" aria-hidden=\"true\"><\/i><a href=\"https:\/\/nethemba.com\/es\/nuestros-nuevos-servicios\/\"><\/a><\/div><div class=\"eael-entry-thumbnail \">\n                            <img decoding=\"async\" width=\"300\" height=\"181\" src=\"https:\/\/nethemba.com\/wp-content\/uploads\/2025\/02\/top-banner-bg-300x181.jpg\" class=\"attachment-medium size-medium wp-image-7397\" alt=\"\" srcset=\"https:\/\/nethemba.com\/wp-content\/uploads\/2025\/02\/top-banner-bg-300x181.jpg 300w, https:\/\/nethemba.com\/wp-content\/uploads\/2025\/02\/top-banner-bg-1024x616.jpg 1024w, https:\/\/nethemba.com\/wp-content\/uploads\/2025\/02\/top-banner-bg-768x462.jpg 768w, https:\/\/nethemba.com\/wp-content\/uploads\/2025\/02\/top-banner-bg.jpg 1351w\" sizes=\"(max-width: 300px) 100vw, 300px\" \/>\n                            <\/div>\n                    <\/div><div class=\"eael-entry-wrapper\"><header class=\"eael-entry-header\"><h2 class=\"eael-entry-title\"><a class=\"eael-grid-post-link\" href=\"https:\/\/nethemba.com\/es\/nuestros-nuevos-servicios\/\" title=\"NUESTROS NUEVOS SERVICIOS\">NUESTROS NUEVOS SERVICIOS<\/a><\/h2><\/header><div class=\"eael-entry-content\">\n                                <div class=\"eael-grid-post-excerpt\"><p>La man\u00eda de GDPR tambi\u00e9n ha afectado a nuestra compa\u00f1\u00eda &#8211; en los \u00faltimos meses hemos participado en conferencias, talleres y varias reuniones de GDPR, tambi\u00e9n hemos publicado muchas presentaciones de expertos y art\u00edculos cr\u00edticos sobre GDPR. Ahora estamos detr\u00e1s de esto con \u00e9xito y miramos m\u00e1s all\u00e1 en el futuro &#8211; El futuro de [&hellip;]<\/p><a href=\"https:\/\/nethemba.com\/es\/nuestros-nuevos-servicios\/\" class=\"eael-post-elements-readmore-btn\">Leer m\u00e1s<\/a><\/div>\n                            <\/div><div class=\"eael-entry-header-after style-two\"><div class=\"eael-entry-meta\"><span class=\"eael-meta-posted-on\"><i class=\"far fa-clock\"><\/i><time datetime=\"marzo 16, 2019\">marzo 16, 2019<\/time><\/span><\/div><\/div><\/div><\/div>\n    <\/div>\n<\/article><article class=\"eael-grid-post  eael-post-grid-column eael-pg-post-3388 category-sin-categorizar\" data-id=\"3388\">\n    <div class=\"eael-grid-post-holder\">\n        <div class=\"eael-grid-post-holder-inner\"><div class=\"eael-entry-media\"><div class=\"eael-entry-overlay fade-in\"><i class=\"fas fa-long-arrow-alt-right\" aria-hidden=\"true\"><\/i><a href=\"https:\/\/nethemba.com\/es\/como-ctc-ald-conoce-a-su-cliente-anti-lavado-de-dinero-representa-una-amenaza-seria-a-su-privacidad-y-no-debe-ser-utilizado-en-absoluto\/\"><\/a><\/div><div class=\"eael-entry-thumbnail \">\n                            <img decoding=\"async\" width=\"300\" height=\"181\" src=\"https:\/\/nethemba.com\/wp-content\/uploads\/2025\/02\/top-banner-bg-300x181.jpg\" class=\"attachment-medium size-medium wp-image-7397\" alt=\"\" srcset=\"https:\/\/nethemba.com\/wp-content\/uploads\/2025\/02\/top-banner-bg-300x181.jpg 300w, https:\/\/nethemba.com\/wp-content\/uploads\/2025\/02\/top-banner-bg-1024x616.jpg 1024w, https:\/\/nethemba.com\/wp-content\/uploads\/2025\/02\/top-banner-bg-768x462.jpg 768w, https:\/\/nethemba.com\/wp-content\/uploads\/2025\/02\/top-banner-bg.jpg 1351w\" sizes=\"(max-width: 300px) 100vw, 300px\" \/>\n                            <\/div>\n                    <\/div><div class=\"eael-entry-wrapper\"><header class=\"eael-entry-header\"><h2 class=\"eael-entry-title\"><a class=\"eael-grid-post-link\" href=\"https:\/\/nethemba.com\/es\/como-ctc-ald-conoce-a-su-cliente-anti-lavado-de-dinero-representa-una-amenaza-seria-a-su-privacidad-y-no-debe-ser-utilizado-en-absoluto\/\" title=\"C\u00d3MO CTC\/ALD (CONOCE A SU CLIENTE \/ ANTI- LAVADO DE DINERO) REPRESENTA UNA AMENAZA SERIA A SU PRIVACIDAD Y NO DEBE SER UTILIZADO EN ABSOLUTO\">C\u00d3MO CTC\/ALD (CONOCE A SU CLIENTE \/ ANTI- LAVADO DE DINERO) REPRESENTA UNA AMENAZA SERIA A SU PRIVACIDAD Y NO DEBE SER UTILIZADO EN ABSOLUTO<\/a><\/h2><\/header><div class=\"eael-entry-content\">\n                                <div class=\"eael-grid-post-excerpt\"><p>EL MERCADO OSCURO CON DOCUMENTOS KYC Imag\u00ednese un sitio web de mercado oscuro, donde puede elegir la identidad de cualquier persona (de cien mil cuyos documentos confidenciales de KYC\/AML han sido filtrados), su pasaporte\/ID, prueba de domicilio, y la foto donde tiene su pasaporte. A continuaci\u00f3n, elija un servicio en el que desee ser verificado [&hellip;]<\/p><a href=\"https:\/\/nethemba.com\/es\/como-ctc-ald-conoce-a-su-cliente-anti-lavado-de-dinero-representa-una-amenaza-seria-a-su-privacidad-y-no-debe-ser-utilizado-en-absoluto\/\" class=\"eael-post-elements-readmore-btn\">Leer m\u00e1s<\/a><\/div>\n                            <\/div><div class=\"eael-entry-header-after style-two\"><div class=\"eael-entry-meta\"><span class=\"eael-meta-posted-on\"><i class=\"far fa-clock\"><\/i><time datetime=\"marzo 16, 2019\">marzo 16, 2019<\/time><\/span><\/div><\/div><\/div><\/div>\n    <\/div>\n<\/article><article class=\"eael-grid-post  eael-post-grid-column eael-pg-post-3386 category-sin-categorizar\" data-id=\"3386\">\n    <div class=\"eael-grid-post-holder\">\n        <div class=\"eael-grid-post-holder-inner\"><div class=\"eael-entry-media\"><div class=\"eael-entry-overlay fade-in\"><i class=\"fas fa-long-arrow-alt-right\" aria-hidden=\"true\"><\/i><a href=\"https:\/\/nethemba.com\/es\/noticias-de-primavera-de-nethemba-nuevos-descuentos-para-los-hackers-de-primavera-donde-nos-puedes-ver\/\"><\/a><\/div><div class=\"eael-entry-thumbnail \">\n                            <img decoding=\"async\" width=\"300\" height=\"181\" src=\"https:\/\/nethemba.com\/wp-content\/uploads\/2025\/02\/top-banner-bg-300x181.jpg\" class=\"attachment-medium size-medium wp-image-7397\" alt=\"\" srcset=\"https:\/\/nethemba.com\/wp-content\/uploads\/2025\/02\/top-banner-bg-300x181.jpg 300w, https:\/\/nethemba.com\/wp-content\/uploads\/2025\/02\/top-banner-bg-1024x616.jpg 1024w, https:\/\/nethemba.com\/wp-content\/uploads\/2025\/02\/top-banner-bg-768x462.jpg 768w, https:\/\/nethemba.com\/wp-content\/uploads\/2025\/02\/top-banner-bg.jpg 1351w\" sizes=\"(max-width: 300px) 100vw, 300px\" \/>\n                            <\/div>\n                    <\/div><div class=\"eael-entry-wrapper\"><header class=\"eael-entry-header\"><h2 class=\"eael-entry-title\"><a class=\"eael-grid-post-link\" href=\"https:\/\/nethemba.com\/es\/noticias-de-primavera-de-nethemba-nuevos-descuentos-para-los-hackers-de-primavera-donde-nos-puedes-ver\/\" title=\"NOTICIAS DE PRIMAVERA DE NETHEMBA: NUEVOS DESCUENTOS PARA LOS HACKERS DE PRIMAVERA, \u00bfD\u00d3NDE NOS PUEDES VER?\">NOTICIAS DE PRIMAVERA DE NETHEMBA: NUEVOS DESCUENTOS PARA LOS HACKERS DE PRIMAVERA, \u00bfD\u00d3NDE NOS PUEDES VER?<\/a><\/h2><\/header><div class=\"eael-entry-content\">\n                                <div class=\"eael-grid-post-excerpt\"><p>\u00bfD\u00f3nde nos puedes ver? En Nethemba, vivimos de la seguridad inform\u00e1tica: algunos de nuestros colegas se est\u00e1n preparando para una prestigiosa certificaci\u00f3n de la OSCE, otros esperan con inter\u00e9s la formaci\u00f3n de contratos inteligentes de Ethereum en el RIAT de Viena. Usted puede encontrarnos y vernos en las pr\u00f3ximas Conferencias de hackers y seguridad de [&hellip;]<\/p><a href=\"https:\/\/nethemba.com\/es\/noticias-de-primavera-de-nethemba-nuevos-descuentos-para-los-hackers-de-primavera-donde-nos-puedes-ver\/\" class=\"eael-post-elements-readmore-btn\">Leer m\u00e1s<\/a><\/div>\n                            <\/div><div class=\"eael-entry-header-after style-two\"><div class=\"eael-entry-meta\"><span class=\"eael-meta-posted-on\"><i class=\"far fa-clock\"><\/i><time datetime=\"marzo 16, 2019\">marzo 16, 2019<\/time><\/span><\/div><\/div><\/div><\/div>\n    <\/div>\n<\/article><\/div>\n            <div class=\"clearfix\"><\/div>\n        <\/div>\t\t\t\t<\/div>\n\t\t\t\t<\/div>\n\t\t\t\t<\/div>\n\t\t\t\t<\/div>\n\t\t\t\t\t<\/div>\n\t\t\t\t<\/div>\n\t\t\t\t<\/div>\n\t\t","protected":false},"excerpt":{"rendered":"<p>Blog Blog Despu\u00e9s de la conquista espa\u00f1ola, Nethemba conquista Am\u00e9rica Latina! Es un placer para nosotros lanzar la versi\u00f3n en espa\u00f1ol del sitio web de nuestra empresa. Con nuestra nueva sucursal en Panam\u00e1 (Nethemba SA), nos centraremos en todos los mercados de habla hispana. Al mismo tiempo, estamos buscando un vendedor. Si usted tiene mucha [&hellip;]<\/p>\n","protected":false},"author":2,"featured_media":0,"parent":0,"menu_order":0,"comment_status":"closed","ping_status":"closed","template":"elementor_header_footer","meta":{"inline_featured_image":false,"_monsterinsights_skip_tracking":false,"_monsterinsights_sitenote_active":false,"_monsterinsights_sitenote_note":"","_monsterinsights_sitenote_category":0,"footnotes":""},"class_list":["post-8289","page","type-page","status-publish","hentry"],"yoast_head":"<!-- This site is optimized with the Yoast SEO plugin v27.2 - https:\/\/yoast.com\/product\/yoast-seo-wordpress\/ -->\n<title>Blog - Nethemba<\/title>\n<meta name=\"description\" content=\"We care about your security. A portfolio includes intranet and local system security audits, forensic digital analysis, wireless networks audits.\" \/>\n<meta name=\"robots\" content=\"index, follow, max-snippet:-1, max-image-preview:large, max-video-preview:-1\" \/>\n<link rel=\"canonical\" href=\"https:\/\/nethemba.com\/es\/blog\/\" \/>\n<meta property=\"og:locale\" content=\"es_ES\" \/>\n<meta property=\"og:type\" content=\"article\" \/>\n<meta property=\"og:title\" content=\"Blog - Nethemba\" \/>\n<meta property=\"og:description\" content=\"We care about your security. A portfolio includes intranet and local system security audits, forensic digital analysis, wireless networks audits.\" \/>\n<meta property=\"og:url\" content=\"https:\/\/nethemba.com\/es\/blog\/\" \/>\n<meta property=\"og:site_name\" content=\"Nethemba\" \/>\n<meta property=\"article:publisher\" content=\"https:\/\/www.facebook.com\/nethemba\" \/>\n<meta property=\"article:modified_time\" content=\"2025-03-31T01:03:49+00:00\" \/>\n<meta property=\"og:image\" content=\"https:\/\/nethemba.com\/wp-content\/uploads\/2025\/03\/HeroImg-squared-5-1.png\" \/>\n\t<meta property=\"og:image:width\" content=\"777\" \/>\n\t<meta property=\"og:image:height\" content=\"640\" \/>\n\t<meta property=\"og:image:type\" content=\"image\/png\" \/>\n<meta name=\"twitter:card\" content=\"summary_large_image\" \/>\n<meta name=\"twitter:site\" content=\"@nethemba\" \/>\n<meta name=\"twitter:label1\" content=\"Tiempo de lectura\" \/>\n\t<meta name=\"twitter:data1\" content=\"4 minutos\" \/>\n<script type=\"application\/ld+json\" class=\"yoast-schema-graph\">{\"@context\":\"https:\/\/schema.org\",\"@graph\":[{\"@type\":\"WebPage\",\"@id\":\"https:\/\/nethemba.com\/es\/blog\/\",\"url\":\"https:\/\/nethemba.com\/es\/blog\/\",\"name\":\"Blog - Nethemba\",\"isPartOf\":{\"@id\":\"https:\/\/nethemba.com\/de\/#website\"},\"primaryImageOfPage\":{\"@id\":\"https:\/\/nethemba.com\/es\/blog\/#primaryimage\"},\"image\":{\"@id\":\"https:\/\/nethemba.com\/es\/blog\/#primaryimage\"},\"thumbnailUrl\":\"https:\/\/nethemba.com\/wp-content\/uploads\/2025\/03\/HeroImg-squared-5-1.png\",\"datePublished\":\"2025-03-14T18:49:31+00:00\",\"dateModified\":\"2025-03-31T01:03:49+00:00\",\"description\":\"We care about your security. A portfolio includes intranet and local system security audits, forensic digital analysis, wireless networks audits.\",\"breadcrumb\":{\"@id\":\"https:\/\/nethemba.com\/es\/blog\/#breadcrumb\"},\"inLanguage\":\"es\",\"potentialAction\":[{\"@type\":\"ReadAction\",\"target\":[\"https:\/\/nethemba.com\/es\/blog\/\"]}]},{\"@type\":\"ImageObject\",\"inLanguage\":\"es\",\"@id\":\"https:\/\/nethemba.com\/es\/blog\/#primaryimage\",\"url\":\"https:\/\/nethemba.com\/wp-content\/uploads\/2025\/03\/HeroImg-squared-5-1.png\",\"contentUrl\":\"https:\/\/nethemba.com\/wp-content\/uploads\/2025\/03\/HeroImg-squared-5-1.png\"},{\"@type\":\"BreadcrumbList\",\"@id\":\"https:\/\/nethemba.com\/es\/blog\/#breadcrumb\",\"itemListElement\":[{\"@type\":\"ListItem\",\"position\":1,\"name\":\"Home\",\"item\":\"https:\/\/nethemba.com\/cs\/\"},{\"@type\":\"ListItem\",\"position\":2,\"name\":\"Blog\"}]},{\"@type\":\"WebSite\",\"@id\":\"https:\/\/nethemba.com\/de\/#website\",\"url\":\"https:\/\/nethemba.com\/de\/\",\"name\":\"Nethemba\",\"description\":\"We care about your security\",\"potentialAction\":[{\"@type\":\"SearchAction\",\"target\":{\"@type\":\"EntryPoint\",\"urlTemplate\":\"https:\/\/nethemba.com\/de\/?s={search_term_string}\"},\"query-input\":{\"@type\":\"PropertyValueSpecification\",\"valueRequired\":true,\"valueName\":\"search_term_string\"}}],\"inLanguage\":\"es\"}]}<\/script>\n<!-- \/ Yoast SEO plugin. -->","yoast_head_json":{"title":"Blog - Nethemba","description":"We care about your security. A portfolio includes intranet and local system security audits, forensic digital analysis, wireless networks audits.","robots":{"index":"index","follow":"follow","max-snippet":"max-snippet:-1","max-image-preview":"max-image-preview:large","max-video-preview":"max-video-preview:-1"},"canonical":"https:\/\/nethemba.com\/es\/blog\/","og_locale":"es_ES","og_type":"article","og_title":"Blog - Nethemba","og_description":"We care about your security. A portfolio includes intranet and local system security audits, forensic digital analysis, wireless networks audits.","og_url":"https:\/\/nethemba.com\/es\/blog\/","og_site_name":"Nethemba","article_publisher":"https:\/\/www.facebook.com\/nethemba","article_modified_time":"2025-03-31T01:03:49+00:00","og_image":[{"width":777,"height":640,"url":"https:\/\/nethemba.com\/wp-content\/uploads\/2025\/03\/HeroImg-squared-5-1.png","type":"image\/png"}],"twitter_card":"summary_large_image","twitter_site":"@nethemba","twitter_misc":{"Tiempo de lectura":"4 minutos"},"schema":{"@context":"https:\/\/schema.org","@graph":[{"@type":"WebPage","@id":"https:\/\/nethemba.com\/es\/blog\/","url":"https:\/\/nethemba.com\/es\/blog\/","name":"Blog - Nethemba","isPartOf":{"@id":"https:\/\/nethemba.com\/de\/#website"},"primaryImageOfPage":{"@id":"https:\/\/nethemba.com\/es\/blog\/#primaryimage"},"image":{"@id":"https:\/\/nethemba.com\/es\/blog\/#primaryimage"},"thumbnailUrl":"https:\/\/nethemba.com\/wp-content\/uploads\/2025\/03\/HeroImg-squared-5-1.png","datePublished":"2025-03-14T18:49:31+00:00","dateModified":"2025-03-31T01:03:49+00:00","description":"We care about your security. A portfolio includes intranet and local system security audits, forensic digital analysis, wireless networks audits.","breadcrumb":{"@id":"https:\/\/nethemba.com\/es\/blog\/#breadcrumb"},"inLanguage":"es","potentialAction":[{"@type":"ReadAction","target":["https:\/\/nethemba.com\/es\/blog\/"]}]},{"@type":"ImageObject","inLanguage":"es","@id":"https:\/\/nethemba.com\/es\/blog\/#primaryimage","url":"https:\/\/nethemba.com\/wp-content\/uploads\/2025\/03\/HeroImg-squared-5-1.png","contentUrl":"https:\/\/nethemba.com\/wp-content\/uploads\/2025\/03\/HeroImg-squared-5-1.png"},{"@type":"BreadcrumbList","@id":"https:\/\/nethemba.com\/es\/blog\/#breadcrumb","itemListElement":[{"@type":"ListItem","position":1,"name":"Home","item":"https:\/\/nethemba.com\/cs\/"},{"@type":"ListItem","position":2,"name":"Blog"}]},{"@type":"WebSite","@id":"https:\/\/nethemba.com\/de\/#website","url":"https:\/\/nethemba.com\/de\/","name":"Nethemba","description":"We care about your security","potentialAction":[{"@type":"SearchAction","target":{"@type":"EntryPoint","urlTemplate":"https:\/\/nethemba.com\/de\/?s={search_term_string}"},"query-input":{"@type":"PropertyValueSpecification","valueRequired":true,"valueName":"search_term_string"}}],"inLanguage":"es"}]}},"_links":{"self":[{"href":"https:\/\/nethemba.com\/es\/wp-json\/wp\/v2\/pages\/8289","targetHints":{"allow":["GET"]}}],"collection":[{"href":"https:\/\/nethemba.com\/es\/wp-json\/wp\/v2\/pages"}],"about":[{"href":"https:\/\/nethemba.com\/es\/wp-json\/wp\/v2\/types\/page"}],"author":[{"embeddable":true,"href":"https:\/\/nethemba.com\/es\/wp-json\/wp\/v2\/users\/2"}],"replies":[{"embeddable":true,"href":"https:\/\/nethemba.com\/es\/wp-json\/wp\/v2\/comments?post=8289"}],"version-history":[{"count":11,"href":"https:\/\/nethemba.com\/es\/wp-json\/wp\/v2\/pages\/8289\/revisions"}],"predecessor-version":[{"id":8304,"href":"https:\/\/nethemba.com\/es\/wp-json\/wp\/v2\/pages\/8289\/revisions\/8304"}],"wp:attachment":[{"href":"https:\/\/nethemba.com\/es\/wp-json\/wp\/v2\/media?parent=8289"}],"curies":[{"name":"wp","href":"https:\/\/api.w.org\/{rel}","templated":true}]}}