{"id":8902,"date":"2025-05-08T14:43:13","date_gmt":"2025-05-08T12:43:13","guid":{"rendered":"https:\/\/nethemba.com\/?page_id=8902"},"modified":"2025-05-08T15:12:35","modified_gmt":"2025-05-08T13:12:35","slug":"investigacion-patrocinada","status":"publish","type":"page","link":"https:\/\/nethemba.com\/es\/sobre-nosotros\/investigacion-patrocinada\/","title":{"rendered":"Investigaci\u00f3n patrocinada"},"content":{"rendered":"\t\t<div data-elementor-type=\"wp-page\" data-elementor-id=\"8902\" class=\"elementor elementor-8902 elementor-7743\" data-elementor-post-type=\"page\">\n\t\t\t\t<div class=\"elementor-element elementor-element-128f736 elementor-hidden-mobile e-flex e-con-boxed e-con e-parent\" data-id=\"128f736\" data-element_type=\"container\" data-e-type=\"container\" data-settings=\"{&quot;background_background&quot;:&quot;gradient&quot;}\">\n\t\t\t\t\t<div class=\"e-con-inner\">\n\t\t<div class=\"elementor-element elementor-element-5d88bba e-con-full e-flex e-con e-child\" data-id=\"5d88bba\" data-element_type=\"container\" data-e-type=\"container\">\n\t\t\t\t<div class=\"elementor-element elementor-element-fbca056 elementor-widget elementor-widget-heading\" data-id=\"fbca056\" data-element_type=\"widget\" data-e-type=\"widget\" data-widget_type=\"heading.default\">\n\t\t\t\t<div class=\"elementor-widget-container\">\n\t\t\t\t\t<h2 class=\"elementor-heading-title elementor-size-default\">Investigaci\u00f3n patrocinada<\/h2>\t\t\t\t<\/div>\n\t\t\t\t<\/div>\n\t\t\t\t<div class=\"elementor-element elementor-element-7733c3a elementor-widget-divider--view-line elementor-widget elementor-widget-divider\" data-id=\"7733c3a\" data-element_type=\"widget\" data-e-type=\"widget\" data-widget_type=\"divider.default\">\n\t\t\t\t<div class=\"elementor-widget-container\">\n\t\t\t\t\t\t\t<div class=\"elementor-divider\">\n\t\t\t<span class=\"elementor-divider-separator\">\n\t\t\t\t\t\t<\/span>\n\t\t<\/div>\n\t\t\t\t\t\t<\/div>\n\t\t\t\t<\/div>\n\t\t\t\t<\/div>\n\t\t<div class=\"elementor-element elementor-element-8e72960 e-con-full e-flex e-con e-child\" data-id=\"8e72960\" data-element_type=\"container\" data-e-type=\"container\">\n\t\t\t\t<div class=\"elementor-element elementor-element-ff6e8a0 elementor-widget elementor-widget-image\" data-id=\"ff6e8a0\" data-element_type=\"widget\" data-e-type=\"widget\" data-widget_type=\"image.default\">\n\t\t\t\t<div class=\"elementor-widget-container\">\n\t\t\t\t\t\t\t\t\t\t\t\t\t\t\t<img fetchpriority=\"high\" decoding=\"async\" width=\"777\" height=\"640\" src=\"https:\/\/nethemba.com\/wp-content\/uploads\/2025\/03\/HeroImg-squared-5-1-1.png\" class=\"attachment-large size-large wp-image-7685\" alt=\"\" srcset=\"https:\/\/nethemba.com\/wp-content\/uploads\/2025\/03\/HeroImg-squared-5-1-1.png 777w, https:\/\/nethemba.com\/wp-content\/uploads\/2025\/03\/HeroImg-squared-5-1-1-300x247.png 300w, https:\/\/nethemba.com\/wp-content\/uploads\/2025\/03\/HeroImg-squared-5-1-1-768x633.png 768w\" sizes=\"(max-width: 777px) 100vw, 777px\" \/>\t\t\t\t\t\t\t\t\t\t\t\t\t\t\t<\/div>\n\t\t\t\t<\/div>\n\t\t\t\t<\/div>\n\t\t\t\t\t<\/div>\n\t\t\t\t<\/div>\n\t\t<div class=\"elementor-element elementor-element-3a5a493 elementor-hidden-desktop elementor-hidden-tablet e-flex e-con-boxed e-con e-parent\" data-id=\"3a5a493\" data-element_type=\"container\" data-e-type=\"container\" data-settings=\"{&quot;background_background&quot;:&quot;gradient&quot;}\">\n\t\t\t\t\t<div class=\"e-con-inner\">\n\t\t<div class=\"elementor-element elementor-element-0e4474d e-con-full e-flex e-con e-child\" data-id=\"0e4474d\" data-element_type=\"container\" data-e-type=\"container\">\n\t\t\t\t<div class=\"elementor-element elementor-element-7935ce9 elementor-widget elementor-widget-heading\" data-id=\"7935ce9\" data-element_type=\"widget\" data-e-type=\"widget\" data-widget_type=\"heading.default\">\n\t\t\t\t<div class=\"elementor-widget-container\">\n\t\t\t\t\t<h2 class=\"elementor-heading-title elementor-size-default\">Sponsored Research<\/h2>\t\t\t\t<\/div>\n\t\t\t\t<\/div>\n\t\t\t\t<div class=\"elementor-element elementor-element-03cd8ae elementor-widget-divider--view-line elementor-widget elementor-widget-divider\" data-id=\"03cd8ae\" data-element_type=\"widget\" data-e-type=\"widget\" data-widget_type=\"divider.default\">\n\t\t\t\t<div class=\"elementor-widget-container\">\n\t\t\t\t\t\t\t<div class=\"elementor-divider\">\n\t\t\t<span class=\"elementor-divider-separator\">\n\t\t\t\t\t\t<\/span>\n\t\t<\/div>\n\t\t\t\t\t\t<\/div>\n\t\t\t\t<\/div>\n\t\t\t\t<\/div>\n\t\t<div class=\"elementor-element elementor-element-957fe9d e-con-full e-flex e-con e-child\" data-id=\"957fe9d\" data-element_type=\"container\" data-e-type=\"container\">\n\t\t\t\t<div class=\"elementor-element elementor-element-81121c2 elementor-widget elementor-widget-image\" data-id=\"81121c2\" data-element_type=\"widget\" data-e-type=\"widget\" data-widget_type=\"image.default\">\n\t\t\t\t<div class=\"elementor-widget-container\">\n\t\t\t\t\t\t\t\t\t\t\t\t\t\t\t<img fetchpriority=\"high\" decoding=\"async\" width=\"777\" height=\"640\" src=\"https:\/\/nethemba.com\/wp-content\/uploads\/2025\/03\/HeroImg-squared-5-1-1.png\" class=\"attachment-large size-large wp-image-7685\" alt=\"\" srcset=\"https:\/\/nethemba.com\/wp-content\/uploads\/2025\/03\/HeroImg-squared-5-1-1.png 777w, https:\/\/nethemba.com\/wp-content\/uploads\/2025\/03\/HeroImg-squared-5-1-1-300x247.png 300w, https:\/\/nethemba.com\/wp-content\/uploads\/2025\/03\/HeroImg-squared-5-1-1-768x633.png 768w\" sizes=\"(max-width: 777px) 100vw, 777px\" \/>\t\t\t\t\t\t\t\t\t\t\t\t\t\t\t<\/div>\n\t\t\t\t<\/div>\n\t\t\t\t<\/div>\n\t\t\t\t\t<\/div>\n\t\t\t\t<\/div>\n\t\t<div class=\"elementor-element elementor-element-a1ada16 e-flex e-con-boxed e-con e-parent\" data-id=\"a1ada16\" data-element_type=\"container\" data-e-type=\"container\">\n\t\t\t\t\t<div class=\"e-con-inner\">\n\t\t<div class=\"elementor-element elementor-element-4e77c2b e-con-full e-flex e-con e-child\" data-id=\"4e77c2b\" data-element_type=\"container\" data-e-type=\"container\">\n\t\t\t\t<div class=\"elementor-element elementor-element-db6842e elementor-widget elementor-widget-text-editor\" data-id=\"db6842e\" data-element_type=\"widget\" data-e-type=\"widget\" data-widget_type=\"text-editor.default\">\n\t\t\t\t<div class=\"elementor-widget-container\">\n\t\t\t\t\t\t\t\t\t<p>\u00a1Rompe la tecnolog\u00eda, escribe c\u00f3digo abierto y obt\u00e9n recompensas!<\/p><p>Las tecnolog\u00edas son parte integral de nuestra vida moderna: almacenan, usan y transmiten nuestros datos personales e informaci\u00f3n privada. Su obsolescencia tecnol\u00f3gica, su dise\u00f1o descuidado en cuanto a seguridad o su alta complejidad las hacen vulnerables y f\u00e1cilmente explotables. \u00bfSab\u00edas que:<\/p><ul><li>Tus llamadas GSM pueden ser interceptadas an\u00f3nimamente por cualquiera con un dispositivo de menos de $2000?<\/li><li>\u00bfEl cifrado A5\/3 utilizado en las comunicaciones 3G \u00abm\u00e1s seguras\u00bb ya est\u00e1 roto?<\/li><li>Los chips RFID Mifare Classic, ampliamente utilizados en todo el mundo y en Eslovaquia para billetes de tranv\u00eda, tarjetas universitarias\/ISIC, tarjetas de aparcamiento o acceso a edificios y piscinas, estaban pr\u00e1cticamente rotos hace unos a\u00f1os, pero a\u00fan se utilizan, y cualquiera que se encuentre cerca puede leer completamente tu tarjeta (incluidos tu nombre y apellidos), modificarla a voluntad, clonarla o destruirla irreversiblemente.<\/li><li>\u00bfEl chip Hitag2 utilizado en las llaves de los coches de Renault, Opel, Peugeot y Citro\u00ebn est\u00e1 roto?<\/li><li>\u00bfEl cifrado KeeLoq utilizado en las llaves de los coches de Chrysler, Daewoo, Fiat, General Motors, Honda, Toyota, Volvo, Volkswagen o Jaguar se puede descifrar en dos d\u00edas?<\/li><li>Todas estas tecnolog\u00edas siguen utiliz\u00e1ndose e implement\u00e1ndose ampliamente, y los fabricantes y proveedores a menudo consideran estas amenazas meramente te\u00f3ricas y pr\u00e1cticamente inviables, y en un esfuerzo por ahorrar costes, descuidan su seguridad.<\/li><li>Esta situaci\u00f3n pone en peligro la privacidad de la gente com\u00fan y es ideal para el mundo criminal, que puede explotar estas vulnerabilidades en su propio beneficio.<\/li><\/ul><p>La pr\u00e1ctica a largo plazo en seguridad inform\u00e1tica a nivel mundial demuestra que uno de los pocos medios eficaces para obligar a los operadores y fabricantes de tecnolog\u00edas vulnerables a corregirlas o sustituirlas por otras m\u00e1s seguras es la publicaci\u00f3n de una denominada \u00abPrueba de Concepto\u00bb, es decir, una implementaci\u00f3n funcional que demuestra en la pr\u00e1ctica el aprovechamiento de la tecnolog\u00eda en cuesti\u00f3n.<\/p><p>La empresa de seguridad inform\u00e1tica Nethemba, dedicada a tecnolog\u00edas seguras y software de c\u00f3digo abierto, ha decidido destinar entre 500 y 2500 \u20ac (dependiendo de la tecnolog\u00eda y la complejidad de la implementaci\u00f3n) al desarrollo de una implementaci\u00f3n funcional y p\u00fablica que demuestre de forma pr\u00e1ctica el uso de diversas tecnolog\u00edas.<\/p><p>La implementaci\u00f3n puede escribirse en cualquier lenguaje de programaci\u00f3n, siempre que la interfaz con la tecnolog\u00eda en cuesti\u00f3n no requiera el uso de un lenguaje espec\u00edfico (por ejemplo, C o Java).<\/p><p>La implementaci\u00f3n se publicar\u00e1 bajo la licencia GNU GPLv2 de c\u00f3digo abierto (en caso de acuerdo mutuo, se podr\u00e1 utilizar otra licencia de c\u00f3digo abierto).<\/p><p>P\u00fablico objetivo de los solucionadores:<\/p><ul><li>Estudiantes de universidades t\u00e9cnicas (tema adecuado para una tesis de diploma o licenciatura)<\/li><li>Miembros de hackerspaces<\/li><li>Cualquier persona con mucho tiempo libre, entusiasmo y conocimientos<\/li><\/ul><p>Apoyo de Nethemba:<\/p><ul><li>Cobertura financiera completa del proyecto, compra y suministro de hardware espec\u00edfico<\/li><li>Gesti\u00f3n del proyecto, asistencia t\u00e9cnica y asesoramiento por parte de nuestros empleados<\/li><li>Conexi\u00f3n con la comunidad: con otros solucionadores del proyecto o investigadores del sector<\/li><li>En caso de implementaci\u00f3n exitosa de cualquier proyecto, Nethemba se adherir\u00e1 a los principios \u00e9ticos de su publicaci\u00f3n.<\/li><\/ul><p>Condiciones para el pago de la recompensa:<\/p><ul><li>La recompensa (500-2500 \u20ac) se paga solo por la primera implementaci\u00f3n funcional del proyecto.<\/li><li>Es posible colaborar en el proyecto, en cuyo caso la recompensa se divide entre los solucionadores.<\/li><li>La implementaci\u00f3n debe publicarse bajo una licencia de c\u00f3digo abierto.<\/li><\/ul><p>Validez de la acci\u00f3n:<\/p><p>Hasta que Nethemba la revoque.<\/p>\t\t\t\t\t\t\t\t<\/div>\n\t\t\t\t<\/div>\n\t\t\t\t<\/div>\n\t\t\t\t\t<\/div>\n\t\t\t\t<\/div>\n\t\t<div class=\"elementor-element elementor-element-a9e1ed2 e-flex e-con-boxed e-con e-parent\" data-id=\"a9e1ed2\" data-element_type=\"container\" data-e-type=\"container\">\n\t\t\t\t\t<div class=\"e-con-inner\">\n\t\t<div class=\"elementor-element elementor-element-28e83a4 e-con-full e-flex e-con e-child\" data-id=\"28e83a4\" data-element_type=\"container\" data-e-type=\"container\">\n\t\t\t\t<div class=\"elementor-element elementor-element-9d3c3a3 elementor-widget elementor-widget-heading\" data-id=\"9d3c3a3\" data-element_type=\"widget\" data-e-type=\"widget\" data-widget_type=\"heading.default\">\n\t\t\t\t<div class=\"elementor-widget-container\">\n\t\t\t\t\t<h2 class=\"elementor-heading-title elementor-size-default\">Lista de proyectos patrocinados<\/h2>\t\t\t\t<\/div>\n\t\t\t\t<\/div>\n\t\t\t\t<div class=\"elementor-element elementor-element-3214970 elementor-widget-divider--view-line elementor-widget elementor-widget-divider\" data-id=\"3214970\" data-element_type=\"widget\" data-e-type=\"widget\" data-widget_type=\"divider.default\">\n\t\t\t\t<div class=\"elementor-widget-container\">\n\t\t\t\t\t\t\t<div class=\"elementor-divider\">\n\t\t\t<span class=\"elementor-divider-separator\">\n\t\t\t\t\t\t<\/span>\n\t\t<\/div>\n\t\t\t\t\t\t<\/div>\n\t\t\t\t<\/div>\n\t\t\t\t<div class=\"elementor-element elementor-element-5b43a3e elementor-widget elementor-widget-text-editor\" data-id=\"5b43a3e\" data-element_type=\"widget\" data-e-type=\"widget\" data-widget_type=\"text-editor.default\">\n\t\t\t\t<div class=\"elementor-widget-container\">\n\t\t\t\t\t\t\t\t\t<h4>Integraci\u00f3n de MFOC a MFCUK, optimizaci\u00f3n de zlep\u0161enie doteraj\u0161\u00edch n\u00e1strojov na z\u00edskavanie k\u013e\u00fa\u010dov z kariet Mifare Classic<\/h4>\n<p>MFOC&nbsp;predstavuje otvoren\u00fa implement\u00e1ciu n\u00e1stroja na prelomenie \u010dipov\u00fdch kariet Mifare Classic a z\u00edsskanie v\u0161etk\u00fdch k\u013e\u00fa\u010dov vyu\u017eit\u00edm zranite\u013enosti&nbsp;\u00abautenticaci\u00f3n anidada\u00bb vyvinut\u00fd spolo\u010dnos\u0165ou Nethemba.<\/p>\n<p>MFCUK predstavuje \u010fal\u0161iu otvoren\u00fa implement\u00e1ciu n\u00e1stroja na prelomenie \u010dipov\u00fdch kariet Mifare Classic vyvinut\u00fd Andreiom Costinom.<\/p>\n<p>El objetivo del proyecto es integrar las herramientas anteriores y los enfoques utilizados, analizar c\u00f3mo se relacionan entre s\u00ed los UID\/bloques\/claves\/Nt\/Nr de una tarjeta determinada para acelerar el tiempo de crackeo, analizar c\u00f3mo es posible acelerar el ataque al conocer los prefijos o partes enteras de claves ya utilizadas (\u00abpredeterminadas\u00bb) y crear una versi\u00f3n funcional, robusta y optimizada de la herramienta para la obtenci\u00f3n de claves de tarjetas Mifare Classic.<\/p>\n<p><span style=\"font-size: 24px;\">Tvorba n\u00e1stroja na 100% emul\u00e1ciu Mifare Classic kariet pomocou Nokia NFC telef\u00f3nov (6212, 6131)<\/span><\/p>\n<p>Cie\u013eom projektu je umo\u017eni\u0165 100% emul\u00e1ciu \u010dipov\u00fdch kariet Mifare Classic na Nokia NFC telef\u00f3noch (\u0161tandardne je emul\u00e1cia UID znemo\u017enen\u00e1 na \u00farovni Nokia NFC SDK). Cie\u013eom je pou\u017eit\u00edm reverzn\u00e9ho in\u017einierstva Nokia NFC SDK sfunk\u010dni\u0165 emul\u00e1ciu UID alebo nap\u00edsa\u0165 vlastn\u00fa implement\u00e1ciu emul\u00e1cie bez pou\u017eitia Nokia NFC SDK \u2013 vyu\u017eit\u00edm GCF (Generic Connection Framework).<\/p>\n<p>Adem\u00e1s, es necesario escribir una aplicaci\u00f3n GUI simple que le permita seleccionar un volcado mfd (obtenido por nuestra herramienta MFOC) y demodularlo interactivamente en un tel\u00e9fono Nokia NFC (6212, 6131).<\/p>\n<p>M\u00e1s informaci\u00f3n \u2013 Emulaci\u00f3n Mifare Classic 100% SoftTag \u2013 utilizando Nokia 6131 o Nokia 6212, Serie 40 Nokia 6212 NFC SDK.<\/p>\n<p><span style=\"font-size: 24px;\">Verificaci\u00f3n de la seguridad de los lectores de pasaportes biom\u00e9tricos eslovacos<\/span><\/p>\n<p>El objetivo del proyecto es crear una herramienta que lea un pasaporte biom\u00e9trico eslovaco con conocimiento del c\u00f3digo MRZ, es decir, sin la huella dactilar del propietario del pasaporte (EF.DG3) y la \u00abInformaci\u00f3n de clave p\u00fablica de autenticaci\u00f3n activa\u00bb (EF.DG15), cree su clon imperfecto (\u00edndice de pasaporte modificado para que no contenga EF.DG3 y EF.DG15) y permita su emulaci\u00f3n a trav\u00e9s de un tel\u00e9fono Nokia NFC o una tarjeta inteligente NXP JCOP41 v.2.2.1 72K RANDOM_UID. Parte del proyecto es verificar si el clon imperfecto de un pasaporte biom\u00e9trico creado de esta manera ser\u00e1 aceptado por los lectores oficiales de pasaportes biom\u00e9tricos.<\/p>\n<p>M\u00e1s informaci\u00f3n: emulador de pasaporte electr\u00f3nico, thC-ePassport.<\/p>\n<p><span style=\"font-size: 24px;\">Implementaci\u00f3n de la ruptura de hitag2<\/span><\/p>\n<p>El objetivo del proyecto es escribir una implementaci\u00f3n funcional de una demostraci\u00f3n de c\u00f3mo romper la tecnolog\u00eda Hitag2 (un chip utilizado en autom\u00f3viles Renault, Opel y Peugeot) utilizando solucionadores SAT. La implementaci\u00f3n de c\u00f3digo abierto de MiniSat se puede utilizar para la implementaci\u00f3n. M\u00e1s informaci\u00f3n sobre c\u00f3mo romper el hardware de Hitag2 y c\u00f3mo romper la criptograf\u00eda de Hitag2.<\/p>\n<p><span style=\"font-size: 24px;\">Implementaci\u00f3n de la ruptura de Keeloq<\/span><\/p>\n<p>El objetivo del proyecto es escribir una implementaci\u00f3n funcional de una demostraci\u00f3n de c\u00f3mo romper la tecnolog\u00eda Keeloq (un cifrado utilizado en autom\u00f3viles Chrysler, Daewoo, Fiat, GM, Honda, Toyota, Volvo, Volkswagen Group, Jaguar). M\u00e1s informaci\u00f3n &#8211; Un ataque pr\u00e1ctico a Keeloq I, Un ataque pr\u00e1ctico a Keeloq II, Un ataque pr\u00e1ctico a Keeloq (documento). Capacidad de leer la comunicaci\u00f3n Keeloq utilizando USRP2\/GNURadio.<\/p>\t\t\t\t\t\t\t\t<\/div>\n\t\t\t\t<\/div>\n\t\t\t\t<\/div>\n\t\t\t\t\t<\/div>\n\t\t\t\t<\/div>\n\t\t\t\t<\/div>\n\t\t","protected":false},"excerpt":{"rendered":"<p>Investigaci\u00f3n patrocinada Sponsored Research \u00a1Rompe la tecnolog\u00eda, escribe c\u00f3digo abierto y obt\u00e9n recompensas! Las tecnolog\u00edas son parte integral de nuestra vida moderna: almacenan, usan y transmiten nuestros datos personales e informaci\u00f3n privada. Su obsolescencia tecnol\u00f3gica, su dise\u00f1o descuidado en cuanto a seguridad o su alta complejidad las hacen vulnerables y f\u00e1cilmente explotables. \u00bfSab\u00edas que: Tus [&hellip;]<\/p>\n","protected":false},"author":2,"featured_media":0,"parent":8174,"menu_order":0,"comment_status":"closed","ping_status":"closed","template":"elementor_header_footer","meta":{"inline_featured_image":false,"_monsterinsights_skip_tracking":false,"_monsterinsights_sitenote_active":false,"_monsterinsights_sitenote_note":"","_monsterinsights_sitenote_category":0,"footnotes":""},"class_list":["post-8902","page","type-page","status-publish","hentry"],"yoast_head":"<!-- This site is optimized with the Yoast SEO plugin v27.2 - https:\/\/yoast.com\/product\/yoast-seo-wordpress\/ -->\n<title>Investigaci\u00f3n patrocinada - Nethemba<\/title>\n<meta name=\"robots\" content=\"index, follow, max-snippet:-1, max-image-preview:large, max-video-preview:-1\" \/>\n<link rel=\"canonical\" href=\"https:\/\/nethemba.com\/es\/sobre-nosotros\/investigacion-patrocinada\/\" \/>\n<meta property=\"og:locale\" content=\"es_ES\" \/>\n<meta property=\"og:type\" content=\"article\" \/>\n<meta property=\"og:title\" content=\"Investigaci\u00f3n patrocinada - Nethemba\" \/>\n<meta property=\"og:description\" content=\"Investigaci\u00f3n patrocinada Sponsored Research \u00a1Rompe la tecnolog\u00eda, escribe c\u00f3digo abierto y obt\u00e9n recompensas! Las tecnolog\u00edas son parte integral de nuestra vida moderna: almacenan, usan y transmiten nuestros datos personales e informaci\u00f3n privada. Su obsolescencia tecnol\u00f3gica, su dise\u00f1o descuidado en cuanto a seguridad o su alta complejidad las hacen vulnerables y f\u00e1cilmente explotables. \u00bfSab\u00edas que: Tus [&hellip;]\" \/>\n<meta property=\"og:url\" content=\"https:\/\/nethemba.com\/es\/sobre-nosotros\/investigacion-patrocinada\/\" \/>\n<meta property=\"og:site_name\" content=\"Nethemba\" \/>\n<meta property=\"article:publisher\" content=\"https:\/\/www.facebook.com\/nethemba\" \/>\n<meta property=\"article:modified_time\" content=\"2025-05-08T13:12:35+00:00\" \/>\n<meta property=\"og:image\" content=\"https:\/\/nethemba.com\/wp-content\/uploads\/2025\/03\/HeroImg-squared-5-1-1.png\" \/>\n\t<meta property=\"og:image:width\" content=\"777\" \/>\n\t<meta property=\"og:image:height\" content=\"640\" \/>\n\t<meta property=\"og:image:type\" content=\"image\/png\" \/>\n<meta name=\"twitter:card\" content=\"summary_large_image\" \/>\n<meta name=\"twitter:site\" content=\"@nethemba\" \/>\n<meta name=\"twitter:label1\" content=\"Tiempo de lectura\" \/>\n\t<meta name=\"twitter:data1\" content=\"6 minutos\" \/>\n<script type=\"application\/ld+json\" class=\"yoast-schema-graph\">{\"@context\":\"https:\/\/schema.org\",\"@graph\":[{\"@type\":\"WebPage\",\"@id\":\"https:\/\/nethemba.com\/es\/sobre-nosotros\/investigacion-patrocinada\/\",\"url\":\"https:\/\/nethemba.com\/es\/sobre-nosotros\/investigacion-patrocinada\/\",\"name\":\"Investigaci\u00f3n patrocinada - Nethemba\",\"isPartOf\":{\"@id\":\"https:\/\/nethemba.com\/de\/#website\"},\"primaryImageOfPage\":{\"@id\":\"https:\/\/nethemba.com\/es\/sobre-nosotros\/investigacion-patrocinada\/#primaryimage\"},\"image\":{\"@id\":\"https:\/\/nethemba.com\/es\/sobre-nosotros\/investigacion-patrocinada\/#primaryimage\"},\"thumbnailUrl\":\"https:\/\/nethemba.com\/wp-content\/uploads\/2025\/03\/HeroImg-squared-5-1-1.png\",\"datePublished\":\"2025-05-08T12:43:13+00:00\",\"dateModified\":\"2025-05-08T13:12:35+00:00\",\"breadcrumb\":{\"@id\":\"https:\/\/nethemba.com\/es\/sobre-nosotros\/investigacion-patrocinada\/#breadcrumb\"},\"inLanguage\":\"es\",\"potentialAction\":[{\"@type\":\"ReadAction\",\"target\":[\"https:\/\/nethemba.com\/es\/sobre-nosotros\/investigacion-patrocinada\/\"]}]},{\"@type\":\"ImageObject\",\"inLanguage\":\"es\",\"@id\":\"https:\/\/nethemba.com\/es\/sobre-nosotros\/investigacion-patrocinada\/#primaryimage\",\"url\":\"https:\/\/nethemba.com\/wp-content\/uploads\/2025\/03\/HeroImg-squared-5-1-1.png\",\"contentUrl\":\"https:\/\/nethemba.com\/wp-content\/uploads\/2025\/03\/HeroImg-squared-5-1-1.png\"},{\"@type\":\"BreadcrumbList\",\"@id\":\"https:\/\/nethemba.com\/es\/sobre-nosotros\/investigacion-patrocinada\/#breadcrumb\",\"itemListElement\":[{\"@type\":\"ListItem\",\"position\":1,\"name\":\"Home\",\"item\":\"https:\/\/nethemba.com\/cs\/\"},{\"@type\":\"ListItem\",\"position\":2,\"name\":\"Sobre Nosotros\",\"item\":\"https:\/\/nethemba.com\/es\/sobre-nosotros\/\"},{\"@type\":\"ListItem\",\"position\":3,\"name\":\"Investigaci\u00f3n patrocinada\"}]},{\"@type\":\"WebSite\",\"@id\":\"https:\/\/nethemba.com\/de\/#website\",\"url\":\"https:\/\/nethemba.com\/de\/\",\"name\":\"Nethemba\",\"description\":\"We care about your security\",\"potentialAction\":[{\"@type\":\"SearchAction\",\"target\":{\"@type\":\"EntryPoint\",\"urlTemplate\":\"https:\/\/nethemba.com\/de\/?s={search_term_string}\"},\"query-input\":{\"@type\":\"PropertyValueSpecification\",\"valueRequired\":true,\"valueName\":\"search_term_string\"}}],\"inLanguage\":\"es\"}]}<\/script>\n<!-- \/ Yoast SEO plugin. -->","yoast_head_json":{"title":"Investigaci\u00f3n patrocinada - Nethemba","robots":{"index":"index","follow":"follow","max-snippet":"max-snippet:-1","max-image-preview":"max-image-preview:large","max-video-preview":"max-video-preview:-1"},"canonical":"https:\/\/nethemba.com\/es\/sobre-nosotros\/investigacion-patrocinada\/","og_locale":"es_ES","og_type":"article","og_title":"Investigaci\u00f3n patrocinada - Nethemba","og_description":"Investigaci\u00f3n patrocinada Sponsored Research \u00a1Rompe la tecnolog\u00eda, escribe c\u00f3digo abierto y obt\u00e9n recompensas! Las tecnolog\u00edas son parte integral de nuestra vida moderna: almacenan, usan y transmiten nuestros datos personales e informaci\u00f3n privada. Su obsolescencia tecnol\u00f3gica, su dise\u00f1o descuidado en cuanto a seguridad o su alta complejidad las hacen vulnerables y f\u00e1cilmente explotables. \u00bfSab\u00edas que: Tus [&hellip;]","og_url":"https:\/\/nethemba.com\/es\/sobre-nosotros\/investigacion-patrocinada\/","og_site_name":"Nethemba","article_publisher":"https:\/\/www.facebook.com\/nethemba","article_modified_time":"2025-05-08T13:12:35+00:00","og_image":[{"width":777,"height":640,"url":"https:\/\/nethemba.com\/wp-content\/uploads\/2025\/03\/HeroImg-squared-5-1-1.png","type":"image\/png"}],"twitter_card":"summary_large_image","twitter_site":"@nethemba","twitter_misc":{"Tiempo de lectura":"6 minutos"},"schema":{"@context":"https:\/\/schema.org","@graph":[{"@type":"WebPage","@id":"https:\/\/nethemba.com\/es\/sobre-nosotros\/investigacion-patrocinada\/","url":"https:\/\/nethemba.com\/es\/sobre-nosotros\/investigacion-patrocinada\/","name":"Investigaci\u00f3n patrocinada - Nethemba","isPartOf":{"@id":"https:\/\/nethemba.com\/de\/#website"},"primaryImageOfPage":{"@id":"https:\/\/nethemba.com\/es\/sobre-nosotros\/investigacion-patrocinada\/#primaryimage"},"image":{"@id":"https:\/\/nethemba.com\/es\/sobre-nosotros\/investigacion-patrocinada\/#primaryimage"},"thumbnailUrl":"https:\/\/nethemba.com\/wp-content\/uploads\/2025\/03\/HeroImg-squared-5-1-1.png","datePublished":"2025-05-08T12:43:13+00:00","dateModified":"2025-05-08T13:12:35+00:00","breadcrumb":{"@id":"https:\/\/nethemba.com\/es\/sobre-nosotros\/investigacion-patrocinada\/#breadcrumb"},"inLanguage":"es","potentialAction":[{"@type":"ReadAction","target":["https:\/\/nethemba.com\/es\/sobre-nosotros\/investigacion-patrocinada\/"]}]},{"@type":"ImageObject","inLanguage":"es","@id":"https:\/\/nethemba.com\/es\/sobre-nosotros\/investigacion-patrocinada\/#primaryimage","url":"https:\/\/nethemba.com\/wp-content\/uploads\/2025\/03\/HeroImg-squared-5-1-1.png","contentUrl":"https:\/\/nethemba.com\/wp-content\/uploads\/2025\/03\/HeroImg-squared-5-1-1.png"},{"@type":"BreadcrumbList","@id":"https:\/\/nethemba.com\/es\/sobre-nosotros\/investigacion-patrocinada\/#breadcrumb","itemListElement":[{"@type":"ListItem","position":1,"name":"Home","item":"https:\/\/nethemba.com\/cs\/"},{"@type":"ListItem","position":2,"name":"Sobre Nosotros","item":"https:\/\/nethemba.com\/es\/sobre-nosotros\/"},{"@type":"ListItem","position":3,"name":"Investigaci\u00f3n patrocinada"}]},{"@type":"WebSite","@id":"https:\/\/nethemba.com\/de\/#website","url":"https:\/\/nethemba.com\/de\/","name":"Nethemba","description":"We care about your security","potentialAction":[{"@type":"SearchAction","target":{"@type":"EntryPoint","urlTemplate":"https:\/\/nethemba.com\/de\/?s={search_term_string}"},"query-input":{"@type":"PropertyValueSpecification","valueRequired":true,"valueName":"search_term_string"}}],"inLanguage":"es"}]}},"_links":{"self":[{"href":"https:\/\/nethemba.com\/es\/wp-json\/wp\/v2\/pages\/8902","targetHints":{"allow":["GET"]}}],"collection":[{"href":"https:\/\/nethemba.com\/es\/wp-json\/wp\/v2\/pages"}],"about":[{"href":"https:\/\/nethemba.com\/es\/wp-json\/wp\/v2\/types\/page"}],"author":[{"embeddable":true,"href":"https:\/\/nethemba.com\/es\/wp-json\/wp\/v2\/users\/2"}],"replies":[{"embeddable":true,"href":"https:\/\/nethemba.com\/es\/wp-json\/wp\/v2\/comments?post=8902"}],"version-history":[{"count":7,"href":"https:\/\/nethemba.com\/es\/wp-json\/wp\/v2\/pages\/8902\/revisions"}],"predecessor-version":[{"id":8910,"href":"https:\/\/nethemba.com\/es\/wp-json\/wp\/v2\/pages\/8902\/revisions\/8910"}],"up":[{"embeddable":true,"href":"https:\/\/nethemba.com\/es\/wp-json\/wp\/v2\/pages\/8174"}],"wp:attachment":[{"href":"https:\/\/nethemba.com\/es\/wp-json\/wp\/v2\/media?parent=8902"}],"curies":[{"name":"wp","href":"https:\/\/api.w.org\/{rel}","templated":true}]}}