{"id":1769,"date":"2016-03-09T18:55:09","date_gmt":"2016-03-09T18:55:09","guid":{"rendered":"http:\/\/nethemba.com\/sk\/?page_id=1769"},"modified":"2016-04-21T06:48:09","modified_gmt":"2016-04-21T06:48:09","slug":"spatna-vazba","status":"publish","type":"page","link":"https:\/\/nethemba.com\/sk\/spatna-vazba\/","title":{"rendered":"Dotazn\u00edk"},"content":{"rendered":"<p class=\"page-subtitle user-generated notranslate\">N\u00e1jdite si pros\u00edm p\u00e1r min\u00fat a povedzte n\u00e1m ako ste boli spokojn\u00ed so slu\u017ebami, ktor\u00e9 V\u00e1m ned\u00e1vno poskytla na\u0161a spolo\u010dnos\u0165. Cen\u00edme si n\u00e1zor z\u00e1kazn\u00edka a chceme si by\u0165 ist\u00ed, \u017ee sp\u013a\u0148ame Va\u0161e o\u010dak\u00e1vania.<\/p>\n","protected":false},"excerpt":{"rendered":"<p>N\u00e1jdite si pros\u00edm p\u00e1r min\u00fat a povedzte n\u00e1m ako ste boli spokojn\u00ed so slu\u017ebami, ktor\u00e9 V\u00e1m ned\u00e1vno poskytla na\u0161a spolo\u010dnos\u0165. Cen\u00edme si n\u00e1zor z\u00e1kazn\u00edka a chceme si by\u0165 ist\u00ed, \u017ee sp\u013a\u0148ame Va\u0161e o\u010dak\u00e1vania.<\/p>\n","protected":false},"author":2,"featured_media":0,"parent":0,"menu_order":0,"comment_status":"closed","ping_status":"closed","template":"survey.php","meta":{"inline_featured_image":false,"_monsterinsights_skip_tracking":false,"_monsterinsights_sitenote_active":false,"_monsterinsights_sitenote_note":"","_monsterinsights_sitenote_category":0,"footnotes":""},"class_list":["post-1769","page","type-page","status-publish","hentry"],"yoast_head":"<!-- This site is optimized with the Yoast SEO plugin v27.5 - https:\/\/yoast.com\/product\/yoast-seo-wordpress\/ -->\n<title>Dotazn\u00edk - Nethemba<\/title>\n<meta name=\"robots\" content=\"index, follow, max-snippet:-1, max-image-preview:large, max-video-preview:-1\" \/>\n<link rel=\"canonical\" href=\"https:\/\/nethemba.com\/sk\/spatna-vazba\/\" \/>\n<meta property=\"og:locale\" content=\"sk_SK\" \/>\n<meta property=\"og:type\" content=\"article\" \/>\n<meta property=\"og:title\" content=\"Dotazn\u00edk - Nethemba\" \/>\n<meta property=\"og:description\" content=\"N\u00e1jdite si pros\u00edm p\u00e1r min\u00fat a povedzte n\u00e1m ako ste boli spokojn\u00ed so slu\u017ebami, ktor\u00e9 V\u00e1m ned\u00e1vno poskytla na\u0161a spolo\u010dnos\u0165. Cen\u00edme si n\u00e1zor z\u00e1kazn\u00edka a chceme si by\u0165 ist\u00ed, \u017ee sp\u013a\u0148ame Va\u0161e o\u010dak\u00e1vania.\" \/>\n<meta property=\"og:url\" content=\"https:\/\/nethemba.com\/sk\/spatna-vazba\/\" \/>\n<meta property=\"og:site_name\" content=\"Nethemba\" \/>\n<meta property=\"article:publisher\" content=\"https:\/\/www.facebook.com\/nethemba\" \/>\n<meta property=\"article:modified_time\" content=\"2016-04-21T06:48:09+00:00\" \/>\n<meta name=\"twitter:card\" content=\"summary_large_image\" \/>\n<meta name=\"twitter:site\" content=\"@nethemba\" \/>\n<script type=\"application\/ld+json\" class=\"yoast-schema-graph\">{\"@context\":\"https:\\\/\\\/schema.org\",\"@graph\":[{\"@type\":\"WebPage\",\"@id\":\"https:\\\/\\\/nethemba.com\\\/sk\\\/spatna-vazba\\\/\",\"url\":\"https:\\\/\\\/nethemba.com\\\/sk\\\/spatna-vazba\\\/\",\"name\":\"Dotazn\u00edk - Nethemba\",\"isPartOf\":{\"@id\":\"https:\\\/\\\/nethemba.com\\\/de\\\/#website\"},\"datePublished\":\"2016-03-09T18:55:09+00:00\",\"dateModified\":\"2016-04-21T06:48:09+00:00\",\"breadcrumb\":{\"@id\":\"https:\\\/\\\/nethemba.com\\\/sk\\\/spatna-vazba\\\/#breadcrumb\"},\"inLanguage\":\"sk-SK\",\"potentialAction\":[{\"@type\":\"ReadAction\",\"target\":[\"https:\\\/\\\/nethemba.com\\\/sk\\\/spatna-vazba\\\/\"]}]},{\"@type\":\"BreadcrumbList\",\"@id\":\"https:\\\/\\\/nethemba.com\\\/sk\\\/spatna-vazba\\\/#breadcrumb\",\"itemListElement\":[{\"@type\":\"ListItem\",\"position\":1,\"name\":\"Home\",\"item\":\"https:\\\/\\\/nethemba.com\\\/sk\\\/domov\\\/\"},{\"@type\":\"ListItem\",\"position\":2,\"name\":\"Dotazn\u00edk\"}]},{\"@type\":\"WebSite\",\"@id\":\"https:\\\/\\\/nethemba.com\\\/de\\\/#website\",\"url\":\"https:\\\/\\\/nethemba.com\\\/de\\\/\",\"name\":\"Nethemba\",\"description\":\"We care about your security\",\"potentialAction\":[{\"@type\":\"SearchAction\",\"target\":{\"@type\":\"EntryPoint\",\"urlTemplate\":\"https:\\\/\\\/nethemba.com\\\/de\\\/?s={search_term_string}\"},\"query-input\":{\"@type\":\"PropertyValueSpecification\",\"valueRequired\":true,\"valueName\":\"search_term_string\"}}],\"inLanguage\":\"sk-SK\"}]}<\/script>\n<!-- \/ Yoast SEO plugin. -->","yoast_head_json":{"title":"Dotazn\u00edk - Nethemba","robots":{"index":"index","follow":"follow","max-snippet":"max-snippet:-1","max-image-preview":"max-image-preview:large","max-video-preview":"max-video-preview:-1"},"canonical":"https:\/\/nethemba.com\/sk\/spatna-vazba\/","og_locale":"sk_SK","og_type":"article","og_title":"Dotazn\u00edk - Nethemba","og_description":"N\u00e1jdite si pros\u00edm p\u00e1r min\u00fat a povedzte n\u00e1m ako ste boli spokojn\u00ed so slu\u017ebami, ktor\u00e9 V\u00e1m ned\u00e1vno poskytla na\u0161a spolo\u010dnos\u0165. Cen\u00edme si n\u00e1zor z\u00e1kazn\u00edka a chceme si by\u0165 ist\u00ed, \u017ee sp\u013a\u0148ame Va\u0161e o\u010dak\u00e1vania.","og_url":"https:\/\/nethemba.com\/sk\/spatna-vazba\/","og_site_name":"Nethemba","article_publisher":"https:\/\/www.facebook.com\/nethemba","article_modified_time":"2016-04-21T06:48:09+00:00","twitter_card":"summary_large_image","twitter_site":"@nethemba","schema":{"@context":"https:\/\/schema.org","@graph":[{"@type":"WebPage","@id":"https:\/\/nethemba.com\/sk\/spatna-vazba\/","url":"https:\/\/nethemba.com\/sk\/spatna-vazba\/","name":"Dotazn\u00edk - Nethemba","isPartOf":{"@id":"https:\/\/nethemba.com\/de\/#website"},"datePublished":"2016-03-09T18:55:09+00:00","dateModified":"2016-04-21T06:48:09+00:00","breadcrumb":{"@id":"https:\/\/nethemba.com\/sk\/spatna-vazba\/#breadcrumb"},"inLanguage":"sk-SK","potentialAction":[{"@type":"ReadAction","target":["https:\/\/nethemba.com\/sk\/spatna-vazba\/"]}]},{"@type":"BreadcrumbList","@id":"https:\/\/nethemba.com\/sk\/spatna-vazba\/#breadcrumb","itemListElement":[{"@type":"ListItem","position":1,"name":"Home","item":"https:\/\/nethemba.com\/sk\/domov\/"},{"@type":"ListItem","position":2,"name":"Dotazn\u00edk"}]},{"@type":"WebSite","@id":"https:\/\/nethemba.com\/de\/#website","url":"https:\/\/nethemba.com\/de\/","name":"Nethemba","description":"We care about your security","potentialAction":[{"@type":"SearchAction","target":{"@type":"EntryPoint","urlTemplate":"https:\/\/nethemba.com\/de\/?s={search_term_string}"},"query-input":{"@type":"PropertyValueSpecification","valueRequired":true,"valueName":"search_term_string"}}],"inLanguage":"sk-SK"}]}},"_links":{"self":[{"href":"https:\/\/nethemba.com\/sk\/wp-json\/wp\/v2\/pages\/1769","targetHints":{"allow":["GET"]}}],"collection":[{"href":"https:\/\/nethemba.com\/sk\/wp-json\/wp\/v2\/pages"}],"about":[{"href":"https:\/\/nethemba.com\/sk\/wp-json\/wp\/v2\/types\/page"}],"author":[{"embeddable":true,"href":"https:\/\/nethemba.com\/sk\/wp-json\/wp\/v2\/users\/2"}],"replies":[{"embeddable":true,"href":"https:\/\/nethemba.com\/sk\/wp-json\/wp\/v2\/comments?post=1769"}],"version-history":[{"count":0,"href":"https:\/\/nethemba.com\/sk\/wp-json\/wp\/v2\/pages\/1769\/revisions"}],"wp:attachment":[{"href":"https:\/\/nethemba.com\/sk\/wp-json\/wp\/v2\/media?parent=1769"}],"curies":[{"name":"wp","href":"https:\/\/api.w.org\/{rel}","templated":true}]}}