{"id":1819,"date":"2016-05-09T18:31:16","date_gmt":"2016-05-09T18:31:16","guid":{"rendered":"http:\/\/nethemba.com\/sk\/?page_id=1819"},"modified":"2016-05-09T18:31:16","modified_gmt":"2016-05-09T18:31:16","slug":"podporujeme-umenie-kultura-hackerspaces","status":"publish","type":"page","link":"https:\/\/nethemba.com\/sk\/o-nas-old\/podporujeme-umenie-kultura-hackerspaces\/","title":{"rendered":"Podporujeme"},"content":{"rendered":"<p>Okrem IT bezpe\u010dnostn\u00fdch v\u00fdskumov zameran\u00fdch na h\u013eadanie kritick\u00fdch zranite\u013enosti nov\u00fdch technol\u00f3gi\u00ed, finan\u010dne podporujeme aj kult\u00farne podujatia a umeleck\u00e9 skupiny, ktor\u00e9 vn\u00edmame ako d\u00f4le\u017eit\u00fd element rozvoja spolo\u010dnosti. Sme spoluzakladate\u013emi nieko\u013ek\u00fdch unik\u00e1tnych platforiem sl\u00fa\u017eiacich na socializ\u00e1ciu a spolupr\u00e1cu \u013eud\u00ed z technickej, umeleckej a r\u00f4znych \u010fal\u0161\u00edch komun\u00edt. Medzi projekty, ktor\u00e9 sme podporili alebo kontinu\u00e1lne podporujeme patria:<\/p>\n<p><strong>HACKERSPACE<\/strong><br \/>\n<a href=\"https:\/\/www.progressbar.sk\/\">Progressbar<\/a> v Bratislave<br \/>\n<a href=\"https:\/\/www.paralelnipolis.cz\/\">Paraleln\u00ed Polis<\/a> v Prahe<\/p>\n<p><strong>KONFERENCIE<\/strong><br \/>\n<a href=\"http:\/\/www.cypherconf.com\/\">CypherConf 2014 \u2013 2016<\/a> \u2013\u00a0 IT bezpe\u010dnostn\u00e1 konferencia v Bratislave a Prahe<br \/>\n<a href=\"http:\/\/hcpp.cz\/\">HCPP<\/a> \u2013 Hackersk\u00fd kongres v Prahe<br \/>\n<a href=\"https:\/\/www.hackerfest.cz\/\">Hackerfest<\/a> \u2013 IT bezpe\u010dnostn\u00e1 konferencia v Prahe<\/p>\n<p><strong>KULT\u00daRA a UMENIE<\/strong><br \/>\n<a href=\"http:\/\/hackathon.sng.sk\/\">Hackathon<\/a> &#8211; Umenie v 3D priestore<br \/>\n<a href=\"http:\/\/www.mladypes.sk\/\">Mlad\u00fd pes<\/a> &#8211; Cyberspace and time<br \/>\n<a href=\"http:\/\/zvukforstiavnica.sk\/\">Zvuk for \u0160tiavnica<\/a> &#8211; hudobn\u00fd festival<br \/>\n<a href=\"http:\/\/www.divadloponec.cz\/predstaveni\/guide\">Guide<\/a> &#8211; tane\u010dn\u00e9 predstavenie s vyu\u017eit\u00edm nov\u00fdch m\u00e9di\u00ed<br \/>\n<a href=\"http:\/\/sensorium.is\/index.html\">Sensorium<\/a> \u2013 prv\u00e1 slovensk\u00e1 konferencia kreat\u00edvnych technol\u00f3gi\u00ed v SNG<\/p>\n","protected":false},"excerpt":{"rendered":"<p>Okrem IT bezpe\u010dnostn\u00fdch v\u00fdskumov zameran\u00fdch na h\u013eadanie kritick\u00fdch zranite\u013enosti nov\u00fdch technol\u00f3gi\u00ed, finan\u010dne podporujeme aj kult\u00farne podujatia a umeleck\u00e9 skupiny, ktor\u00e9 vn\u00edmame ako d\u00f4le\u017eit\u00fd element rozvoja spolo\u010dnosti. Sme spoluzakladate\u013emi nieko\u013ek\u00fdch unik\u00e1tnych platforiem sl\u00fa\u017eiacich na socializ\u00e1ciu a spolupr\u00e1cu \u013eud\u00ed z technickej, umeleckej a r\u00f4znych \u010fal\u0161\u00edch komun\u00edt. Medzi projekty, ktor\u00e9 sme podporili alebo kontinu\u00e1lne podporujeme patria: HACKERSPACE Progressbar [&hellip;]<\/p>\n","protected":false},"author":2,"featured_media":0,"parent":293,"menu_order":0,"comment_status":"closed","ping_status":"closed","template":"research.php","meta":{"inline_featured_image":false,"_monsterinsights_skip_tracking":false,"_monsterinsights_sitenote_active":false,"_monsterinsights_sitenote_note":"","_monsterinsights_sitenote_category":0,"footnotes":""},"class_list":["post-1819","page","type-page","status-publish","hentry"],"yoast_head":"<!-- This site is optimized with the Yoast SEO plugin v27.4 - https:\/\/yoast.com\/product\/yoast-seo-wordpress\/ -->\n<title>Podporujeme - Nethemba<\/title>\n<meta name=\"robots\" content=\"index, follow, max-snippet:-1, max-image-preview:large, max-video-preview:-1\" \/>\n<link rel=\"canonical\" href=\"https:\/\/nethemba.com\/sk\/o-nas-old\/podporujeme-umenie-kultura-hackerspaces\/\" \/>\n<meta property=\"og:locale\" content=\"sk_SK\" \/>\n<meta property=\"og:type\" content=\"article\" \/>\n<meta property=\"og:title\" content=\"Podporujeme - Nethemba\" \/>\n<meta property=\"og:description\" content=\"Okrem IT bezpe\u010dnostn\u00fdch v\u00fdskumov zameran\u00fdch na h\u013eadanie kritick\u00fdch zranite\u013enosti nov\u00fdch technol\u00f3gi\u00ed, finan\u010dne podporujeme aj kult\u00farne podujatia a umeleck\u00e9 skupiny, ktor\u00e9 vn\u00edmame ako d\u00f4le\u017eit\u00fd element rozvoja spolo\u010dnosti. Sme spoluzakladate\u013emi nieko\u013ek\u00fdch unik\u00e1tnych platforiem sl\u00fa\u017eiacich na socializ\u00e1ciu a spolupr\u00e1cu \u013eud\u00ed z technickej, umeleckej a r\u00f4znych \u010fal\u0161\u00edch komun\u00edt. Medzi projekty, ktor\u00e9 sme podporili alebo kontinu\u00e1lne podporujeme patria: HACKERSPACE Progressbar [&hellip;]\" \/>\n<meta property=\"og:url\" content=\"https:\/\/nethemba.com\/sk\/o-nas-old\/podporujeme-umenie-kultura-hackerspaces\/\" \/>\n<meta property=\"og:site_name\" content=\"Nethemba\" \/>\n<meta property=\"article:publisher\" content=\"https:\/\/www.facebook.com\/nethemba\" \/>\n<meta name=\"twitter:card\" content=\"summary_large_image\" \/>\n<meta name=\"twitter:site\" content=\"@nethemba\" \/>\n<meta name=\"twitter:label1\" content=\"Predpokladan\u00fd \u010das \u010d\u00edtania\" \/>\n\t<meta name=\"twitter:data1\" content=\"1 min\u00fata\" \/>\n<script type=\"application\/ld+json\" class=\"yoast-schema-graph\">{\"@context\":\"https:\\\/\\\/schema.org\",\"@graph\":[{\"@type\":\"WebPage\",\"@id\":\"https:\\\/\\\/nethemba.com\\\/sk\\\/o-nas-old\\\/podporujeme-umenie-kultura-hackerspaces\\\/\",\"url\":\"https:\\\/\\\/nethemba.com\\\/sk\\\/o-nas-old\\\/podporujeme-umenie-kultura-hackerspaces\\\/\",\"name\":\"Podporujeme - Nethemba\",\"isPartOf\":{\"@id\":\"https:\\\/\\\/nethemba.com\\\/de\\\/#website\"},\"datePublished\":\"2016-05-09T18:31:16+00:00\",\"breadcrumb\":{\"@id\":\"https:\\\/\\\/nethemba.com\\\/sk\\\/o-nas-old\\\/podporujeme-umenie-kultura-hackerspaces\\\/#breadcrumb\"},\"inLanguage\":\"sk-SK\",\"potentialAction\":[{\"@type\":\"ReadAction\",\"target\":[\"https:\\\/\\\/nethemba.com\\\/sk\\\/o-nas-old\\\/podporujeme-umenie-kultura-hackerspaces\\\/\"]}]},{\"@type\":\"BreadcrumbList\",\"@id\":\"https:\\\/\\\/nethemba.com\\\/sk\\\/o-nas-old\\\/podporujeme-umenie-kultura-hackerspaces\\\/#breadcrumb\",\"itemListElement\":[{\"@type\":\"ListItem\",\"position\":1,\"name\":\"Home\",\"item\":\"https:\\\/\\\/nethemba.com\\\/sk\\\/domov\\\/\"},{\"@type\":\"ListItem\",\"position\":2,\"name\":\"O n\u00e1s\",\"item\":\"https:\\\/\\\/nethemba.com\\\/sk\\\/o-nas-old\\\/\"},{\"@type\":\"ListItem\",\"position\":3,\"name\":\"Podporujeme\"}]},{\"@type\":\"WebSite\",\"@id\":\"https:\\\/\\\/nethemba.com\\\/de\\\/#website\",\"url\":\"https:\\\/\\\/nethemba.com\\\/de\\\/\",\"name\":\"Nethemba\",\"description\":\"We care about your security\",\"potentialAction\":[{\"@type\":\"SearchAction\",\"target\":{\"@type\":\"EntryPoint\",\"urlTemplate\":\"https:\\\/\\\/nethemba.com\\\/de\\\/?s={search_term_string}\"},\"query-input\":{\"@type\":\"PropertyValueSpecification\",\"valueRequired\":true,\"valueName\":\"search_term_string\"}}],\"inLanguage\":\"sk-SK\"}]}<\/script>\n<!-- \/ Yoast SEO plugin. -->","yoast_head_json":{"title":"Podporujeme - Nethemba","robots":{"index":"index","follow":"follow","max-snippet":"max-snippet:-1","max-image-preview":"max-image-preview:large","max-video-preview":"max-video-preview:-1"},"canonical":"https:\/\/nethemba.com\/sk\/o-nas-old\/podporujeme-umenie-kultura-hackerspaces\/","og_locale":"sk_SK","og_type":"article","og_title":"Podporujeme - Nethemba","og_description":"Okrem IT bezpe\u010dnostn\u00fdch v\u00fdskumov zameran\u00fdch na h\u013eadanie kritick\u00fdch zranite\u013enosti nov\u00fdch technol\u00f3gi\u00ed, finan\u010dne podporujeme aj kult\u00farne podujatia a umeleck\u00e9 skupiny, ktor\u00e9 vn\u00edmame ako d\u00f4le\u017eit\u00fd element rozvoja spolo\u010dnosti. Sme spoluzakladate\u013emi nieko\u013ek\u00fdch unik\u00e1tnych platforiem sl\u00fa\u017eiacich na socializ\u00e1ciu a spolupr\u00e1cu \u013eud\u00ed z technickej, umeleckej a r\u00f4znych \u010fal\u0161\u00edch komun\u00edt. Medzi projekty, ktor\u00e9 sme podporili alebo kontinu\u00e1lne podporujeme patria: HACKERSPACE Progressbar [&hellip;]","og_url":"https:\/\/nethemba.com\/sk\/o-nas-old\/podporujeme-umenie-kultura-hackerspaces\/","og_site_name":"Nethemba","article_publisher":"https:\/\/www.facebook.com\/nethemba","twitter_card":"summary_large_image","twitter_site":"@nethemba","twitter_misc":{"Predpokladan\u00fd \u010das \u010d\u00edtania":"1 min\u00fata"},"schema":{"@context":"https:\/\/schema.org","@graph":[{"@type":"WebPage","@id":"https:\/\/nethemba.com\/sk\/o-nas-old\/podporujeme-umenie-kultura-hackerspaces\/","url":"https:\/\/nethemba.com\/sk\/o-nas-old\/podporujeme-umenie-kultura-hackerspaces\/","name":"Podporujeme - Nethemba","isPartOf":{"@id":"https:\/\/nethemba.com\/de\/#website"},"datePublished":"2016-05-09T18:31:16+00:00","breadcrumb":{"@id":"https:\/\/nethemba.com\/sk\/o-nas-old\/podporujeme-umenie-kultura-hackerspaces\/#breadcrumb"},"inLanguage":"sk-SK","potentialAction":[{"@type":"ReadAction","target":["https:\/\/nethemba.com\/sk\/o-nas-old\/podporujeme-umenie-kultura-hackerspaces\/"]}]},{"@type":"BreadcrumbList","@id":"https:\/\/nethemba.com\/sk\/o-nas-old\/podporujeme-umenie-kultura-hackerspaces\/#breadcrumb","itemListElement":[{"@type":"ListItem","position":1,"name":"Home","item":"https:\/\/nethemba.com\/sk\/domov\/"},{"@type":"ListItem","position":2,"name":"O n\u00e1s","item":"https:\/\/nethemba.com\/sk\/o-nas-old\/"},{"@type":"ListItem","position":3,"name":"Podporujeme"}]},{"@type":"WebSite","@id":"https:\/\/nethemba.com\/de\/#website","url":"https:\/\/nethemba.com\/de\/","name":"Nethemba","description":"We care about your security","potentialAction":[{"@type":"SearchAction","target":{"@type":"EntryPoint","urlTemplate":"https:\/\/nethemba.com\/de\/?s={search_term_string}"},"query-input":{"@type":"PropertyValueSpecification","valueRequired":true,"valueName":"search_term_string"}}],"inLanguage":"sk-SK"}]}},"_links":{"self":[{"href":"https:\/\/nethemba.com\/sk\/wp-json\/wp\/v2\/pages\/1819","targetHints":{"allow":["GET"]}}],"collection":[{"href":"https:\/\/nethemba.com\/sk\/wp-json\/wp\/v2\/pages"}],"about":[{"href":"https:\/\/nethemba.com\/sk\/wp-json\/wp\/v2\/types\/page"}],"author":[{"embeddable":true,"href":"https:\/\/nethemba.com\/sk\/wp-json\/wp\/v2\/users\/2"}],"replies":[{"embeddable":true,"href":"https:\/\/nethemba.com\/sk\/wp-json\/wp\/v2\/comments?post=1819"}],"version-history":[{"count":0,"href":"https:\/\/nethemba.com\/sk\/wp-json\/wp\/v2\/pages\/1819\/revisions"}],"up":[{"embeddable":true,"href":"https:\/\/nethemba.com\/sk\/wp-json\/wp\/v2\/pages\/293"}],"wp:attachment":[{"href":"https:\/\/nethemba.com\/sk\/wp-json\/wp\/v2\/media?parent=1819"}],"curies":[{"name":"wp","href":"https:\/\/api.w.org\/{rel}","templated":true}]}}