{"id":1888,"date":"2016-06-06T13:44:12","date_gmt":"2016-06-06T13:44:12","guid":{"rendered":"http:\/\/nethemba.com\/sk\/?page_id=1888"},"modified":"2025-09-23T17:03:30","modified_gmt":"2025-09-23T15:03:30","slug":"udalosti","status":"publish","type":"page","link":"https:\/\/nethemba.com\/sk\/o-nas-old\/udalosti\/","title":{"rendered":"Udalosti"},"content":{"rendered":"<h2>Zoznam akci\u00ed, na ktor\u00fdch n\u00e1s m\u00f4\u017eete stretn\u00fa\u0165 v roku 2025:<\/h2>\n<p>7-9.10.2025 konferencia <a href=\"https:\/\/www.itsa365.de\/en\/it-sa-expo-congress\" target=\"_blank\" rel=\"noopener\">IT SA Expo &amp; Congress<\/a>, Nuremberg<\/p>\n<p>27-30.12.2025 konferencia <a href=\"https:\/\/www.ccc.de\/en\/updates\/2025\/39c3-power-cycles\" target=\"_blank\" rel=\"noopener\">39C3<\/a>, Hamburg<\/p>\n","protected":false},"excerpt":{"rendered":"<p>Zoznam akci\u00ed, na ktor\u00fdch n\u00e1s m\u00f4\u017eete stretn\u00fa\u0165 v roku 2025: 7-9.10.2025 konferencia IT SA Expo &amp; Congress, Nuremberg 27-30.12.2025 konferencia 39C3, Hamburg<\/p>\n","protected":false},"author":2,"featured_media":0,"parent":293,"menu_order":0,"comment_status":"closed","ping_status":"closed","template":"","meta":{"inline_featured_image":false,"_monsterinsights_skip_tracking":false,"_monsterinsights_sitenote_active":false,"_monsterinsights_sitenote_note":"","_monsterinsights_sitenote_category":0,"footnotes":""},"class_list":["post-1888","page","type-page","status-publish","hentry"],"yoast_head":"<!-- This site is optimized with the Yoast SEO plugin v27.2 - https:\/\/yoast.com\/product\/yoast-seo-wordpress\/ -->\n<title>Udalosti - Nethemba<\/title>\n<meta name=\"robots\" content=\"index, follow, max-snippet:-1, max-image-preview:large, max-video-preview:-1\" \/>\n<link rel=\"canonical\" href=\"https:\/\/nethemba.com\/sk\/o-nas-old\/udalosti\/\" \/>\n<meta property=\"og:locale\" content=\"sk_SK\" \/>\n<meta property=\"og:type\" content=\"article\" \/>\n<meta property=\"og:title\" content=\"Udalosti - Nethemba\" \/>\n<meta property=\"og:description\" content=\"Zoznam akci\u00ed, na ktor\u00fdch n\u00e1s m\u00f4\u017eete stretn\u00fa\u0165 v roku 2025: 7-9.10.2025 konferencia IT SA Expo &amp; Congress, Nuremberg 27-30.12.2025 konferencia 39C3, Hamburg\" \/>\n<meta property=\"og:url\" content=\"https:\/\/nethemba.com\/sk\/o-nas-old\/udalosti\/\" \/>\n<meta property=\"og:site_name\" content=\"Nethemba\" \/>\n<meta property=\"article:publisher\" content=\"https:\/\/www.facebook.com\/nethemba\" \/>\n<meta property=\"article:modified_time\" content=\"2025-09-23T15:03:30+00:00\" \/>\n<meta name=\"twitter:card\" content=\"summary_large_image\" \/>\n<meta name=\"twitter:site\" content=\"@nethemba\" \/>\n<meta name=\"twitter:label1\" content=\"Predpokladan\u00fd \u010das \u010d\u00edtania\" \/>\n\t<meta name=\"twitter:data1\" content=\"1 min\u00fata\" \/>\n<script type=\"application\/ld+json\" class=\"yoast-schema-graph\">{\"@context\":\"https:\/\/schema.org\",\"@graph\":[{\"@type\":\"WebPage\",\"@id\":\"https:\/\/nethemba.com\/sk\/o-nas-old\/udalosti\/\",\"url\":\"https:\/\/nethemba.com\/sk\/o-nas-old\/udalosti\/\",\"name\":\"Udalosti - Nethemba\",\"isPartOf\":{\"@id\":\"https:\/\/nethemba.com\/de\/#website\"},\"datePublished\":\"2016-06-06T13:44:12+00:00\",\"dateModified\":\"2025-09-23T15:03:30+00:00\",\"breadcrumb\":{\"@id\":\"https:\/\/nethemba.com\/sk\/o-nas-old\/udalosti\/#breadcrumb\"},\"inLanguage\":\"sk-SK\",\"potentialAction\":[{\"@type\":\"ReadAction\",\"target\":[\"https:\/\/nethemba.com\/sk\/o-nas-old\/udalosti\/\"]}]},{\"@type\":\"BreadcrumbList\",\"@id\":\"https:\/\/nethemba.com\/sk\/o-nas-old\/udalosti\/#breadcrumb\",\"itemListElement\":[{\"@type\":\"ListItem\",\"position\":1,\"name\":\"Home\",\"item\":\"https:\/\/nethemba.com\/sk\/domov\/\"},{\"@type\":\"ListItem\",\"position\":2,\"name\":\"O n\u00e1s\",\"item\":\"https:\/\/nethemba.com\/sk\/o-nas-old\/\"},{\"@type\":\"ListItem\",\"position\":3,\"name\":\"Udalosti\"}]},{\"@type\":\"WebSite\",\"@id\":\"https:\/\/nethemba.com\/de\/#website\",\"url\":\"https:\/\/nethemba.com\/de\/\",\"name\":\"Nethemba\",\"description\":\"We care about your security\",\"potentialAction\":[{\"@type\":\"SearchAction\",\"target\":{\"@type\":\"EntryPoint\",\"urlTemplate\":\"https:\/\/nethemba.com\/de\/?s={search_term_string}\"},\"query-input\":{\"@type\":\"PropertyValueSpecification\",\"valueRequired\":true,\"valueName\":\"search_term_string\"}}],\"inLanguage\":\"sk-SK\"}]}<\/script>\n<!-- \/ Yoast SEO plugin. -->","yoast_head_json":{"title":"Udalosti - Nethemba","robots":{"index":"index","follow":"follow","max-snippet":"max-snippet:-1","max-image-preview":"max-image-preview:large","max-video-preview":"max-video-preview:-1"},"canonical":"https:\/\/nethemba.com\/sk\/o-nas-old\/udalosti\/","og_locale":"sk_SK","og_type":"article","og_title":"Udalosti - Nethemba","og_description":"Zoznam akci\u00ed, na ktor\u00fdch n\u00e1s m\u00f4\u017eete stretn\u00fa\u0165 v roku 2025: 7-9.10.2025 konferencia IT SA Expo &amp; Congress, Nuremberg 27-30.12.2025 konferencia 39C3, Hamburg","og_url":"https:\/\/nethemba.com\/sk\/o-nas-old\/udalosti\/","og_site_name":"Nethemba","article_publisher":"https:\/\/www.facebook.com\/nethemba","article_modified_time":"2025-09-23T15:03:30+00:00","twitter_card":"summary_large_image","twitter_site":"@nethemba","twitter_misc":{"Predpokladan\u00fd \u010das \u010d\u00edtania":"1 min\u00fata"},"schema":{"@context":"https:\/\/schema.org","@graph":[{"@type":"WebPage","@id":"https:\/\/nethemba.com\/sk\/o-nas-old\/udalosti\/","url":"https:\/\/nethemba.com\/sk\/o-nas-old\/udalosti\/","name":"Udalosti - Nethemba","isPartOf":{"@id":"https:\/\/nethemba.com\/de\/#website"},"datePublished":"2016-06-06T13:44:12+00:00","dateModified":"2025-09-23T15:03:30+00:00","breadcrumb":{"@id":"https:\/\/nethemba.com\/sk\/o-nas-old\/udalosti\/#breadcrumb"},"inLanguage":"sk-SK","potentialAction":[{"@type":"ReadAction","target":["https:\/\/nethemba.com\/sk\/o-nas-old\/udalosti\/"]}]},{"@type":"BreadcrumbList","@id":"https:\/\/nethemba.com\/sk\/o-nas-old\/udalosti\/#breadcrumb","itemListElement":[{"@type":"ListItem","position":1,"name":"Home","item":"https:\/\/nethemba.com\/sk\/domov\/"},{"@type":"ListItem","position":2,"name":"O n\u00e1s","item":"https:\/\/nethemba.com\/sk\/o-nas-old\/"},{"@type":"ListItem","position":3,"name":"Udalosti"}]},{"@type":"WebSite","@id":"https:\/\/nethemba.com\/de\/#website","url":"https:\/\/nethemba.com\/de\/","name":"Nethemba","description":"We care about your security","potentialAction":[{"@type":"SearchAction","target":{"@type":"EntryPoint","urlTemplate":"https:\/\/nethemba.com\/de\/?s={search_term_string}"},"query-input":{"@type":"PropertyValueSpecification","valueRequired":true,"valueName":"search_term_string"}}],"inLanguage":"sk-SK"}]}},"_links":{"self":[{"href":"https:\/\/nethemba.com\/sk\/wp-json\/wp\/v2\/pages\/1888","targetHints":{"allow":["GET"]}}],"collection":[{"href":"https:\/\/nethemba.com\/sk\/wp-json\/wp\/v2\/pages"}],"about":[{"href":"https:\/\/nethemba.com\/sk\/wp-json\/wp\/v2\/types\/page"}],"author":[{"embeddable":true,"href":"https:\/\/nethemba.com\/sk\/wp-json\/wp\/v2\/users\/2"}],"replies":[{"embeddable":true,"href":"https:\/\/nethemba.com\/sk\/wp-json\/wp\/v2\/comments?post=1888"}],"version-history":[{"count":1,"href":"https:\/\/nethemba.com\/sk\/wp-json\/wp\/v2\/pages\/1888\/revisions"}],"predecessor-version":[{"id":9100,"href":"https:\/\/nethemba.com\/sk\/wp-json\/wp\/v2\/pages\/1888\/revisions\/9100"}],"up":[{"embeddable":true,"href":"https:\/\/nethemba.com\/sk\/wp-json\/wp\/v2\/pages\/293"}],"wp:attachment":[{"href":"https:\/\/nethemba.com\/sk\/wp-json\/wp\/v2\/media?parent=1888"}],"curies":[{"name":"wp","href":"https:\/\/api.w.org\/{rel}","templated":true}]}}