{"id":2102,"date":"2017-03-01T16:01:40","date_gmt":"2017-03-01T16:01:40","guid":{"rendered":"http:\/\/nethemba.com\/sk\/?page_id=2102"},"modified":"2017-03-01T17:20:25","modified_gmt":"2017-03-01T17:20:25","slug":"roman-fulop","status":"publish","type":"page","link":"https:\/\/nethemba.com\/sk\/o-nas-old\/nas-tim\/roman-fulop\/","title":{"rendered":"ROMAN F\u00dcL\u00d6P"},"content":{"rendered":"<p lang=\"zxx\" style=\"text-align: left;\" align=\"justify\"><span style=\"color: #333333;\"><span style=\"font-family: 'Open Sans', sans-serif;\"><span style=\"font-size: medium;\">Viac\u00a0ne\u017e\u00a012\u00a0rokov\u00a0pracoval\u00a0ako softv\u00e9rov\u00fd in\u017einier a syst\u00e9mov\u00fd administr\u00e1tor\u00a0v spolo\u010dnosti zaoberaj\u00facej sa v\u00fdvojom\u00a0najm\u00e4 webov\u00fdch a mobiln\u00fdch\u00a0aplik\u00e1ci\u00ed.\u00a0Mal na starosti\u00a0anal\u00fdzu a v\u00fdvoj webov\u00fdch aplik\u00e1ci\u00ed na platforme PHP\u00a0a ASP.NET.\u00a0Vyv\u00edjal aplik\u00e1cie\u00a0pre spr\u00e1vu obsahu a podporu elektronick\u00e9ho vzdel\u00e1vania\u00a0ale aj\u00a0integrovan\u00e9\u00a0syst\u00e9my\u00a0pre spr\u00e1vu podujat\u00ed v \u0161portov\u00fdch ar\u00e9nach v technol\u00f3gii WPF,\u00a0\u010di\u00a0CRM syst\u00e9my\u00a0na platforme .NET.\u00a0V r\u00e1mci v\u00fdvoja softv\u00e9ru m\u00e1 sk\u00fasenosti s agiln\u00fdmi metodikami\u00a0a kompletn\u00fdm procesom v\u00fdvoja softv\u00e9ru od n\u00e1vrhu a\u017e po prev\u00e1dzku.<\/span><\/span><\/span><\/p>\n<p lang=\"zxx\" style=\"text-align: left;\" align=\"justify\"><span style=\"color: #333333;\"><span style=\"font-family: 'Open Sans', sans-serif;\"><span style=\"font-size: medium;\">Nesk\u00f4r,\u00a0na poz\u00edcii\u00a0CTO nadobudol\u00a0praktick\u00e9\u00a0sk\u00fasenosti s\u00a0pl\u00e1novan\u00edm technick\u00fdch aspektov\u00a0v\u00fdvoja, vytv\u00e1ran\u00edm a implement\u00e1ciou\u00a0technologickej strat\u00e9gie a koordin\u00e1ciou v\u0161etk\u00fdch technick\u00fdch\u00a0stup\u0148ov\u00a0v\u00fdvoja produktu.<\/span><\/span><\/span><\/p>\n<p lang=\"zxx\" style=\"text-align: left;\" align=\"justify\"><span style=\"color: #333333;\"><span style=\"font-family: 'Open Sans', sans-serif;\"><span style=\"font-size: medium;\">V rokoch 2012 \u2013 2014\u00a0popri zamestnan\u00ed\u00a0predn\u00e1\u0161al na FMFI\u00a0<span lang=\"en-US\">UK\u00a0<\/span>ako extern\u00fd lektor v\u00fdu\u010dbu v\u00fdvoja mobiln\u00fdch aplik\u00e1ci\u00ed na platforme Android a Windows Phone.<\/span><\/span><\/span><\/p>\n<p lang=\"zxx\" style=\"text-align: left;\" align=\"justify\"><span style=\"color: #333333;\"><span style=\"font-family: 'Open Sans', sans-serif;\"><span style=\"font-size: medium;\"><span lang=\"sk-SK\">Roman ovl\u00e1da\u00a0viacero\u00a0programovac\u00edch\u00a0technol\u00f3gi\u00ed<\/span><\/span><\/span><\/span><span style=\"color: #333333;\"><span style=\"font-family: 'Open Sans', sans-serif;\"><span style=\"font-size: medium;\"><span lang=\"zxx\">\u00a0<\/span><\/span><\/span><\/span><span style=\"color: #333333;\"><span style=\"font-family: 'Open Sans', sans-serif;\"><span style=\"font-size: medium;\"><span lang=\"sk-SK\">(ASP.NET \u2013 WebForms, MVC, Web Api,\u00a0PHP,\u00a0Javascript ako na serveri tak na klientovi,\u00a0v\u00fdvoj mobiln\u00fdch aplik\u00e1ci\u00ed\u00a0<\/span><\/span><\/span><\/span><span style=\"color: #333333;\"><span style=\"font-family: 'Open Sans', sans-serif;\"><span style=\"font-size: medium;\"><span lang=\"en-US\">pre Android<\/span><\/span><\/span><\/span><span style=\"color: #333333;\"><span style=\"font-family: 'Open Sans', sans-serif;\"><span style=\"font-size: medium;\"><span lang=\"zxx\">\u00a0<\/span><\/span><\/span><\/span><span style=\"color: #333333;\"><span style=\"font-family: 'Open Sans', sans-serif;\"><span style=\"font-size: medium;\"><span lang=\"sk-SK\">alebo W<\/span><\/span><\/span><\/span><span style=\"color: #333333;\"><span style=\"font-family: 'Open Sans', sans-serif;\"><span style=\"font-size: medium;\"><span lang=\"en-US\">indows Phone,\u00a0shell<\/span><\/span><\/span><\/span><span style=\"color: #333333;\"><span style=\"font-family: 'Open Sans', sans-serif;\"><span style=\"font-size: medium;\"><span lang=\"zxx\">\u00a0<\/span><\/span><\/span><\/span><span style=\"color: #333333;\"><span style=\"font-family: 'Open Sans', sans-serif;\"><span style=\"font-size: medium;\"><span lang=\"sk-SK\">programovanie v Bash alebo Powershell, C\/C++, assembler)<\/span><\/span><\/span><\/span><span style=\"color: #333333;\"><span style=\"font-family: 'Open Sans', sans-serif;\"><span style=\"font-size: medium;\"><span lang=\"zxx\">\u00a0<\/span><\/span><\/span><\/span><span style=\"color: #333333;\"><span style=\"font-family: 'Open Sans', sans-serif;\"><span style=\"font-size: medium;\"><span lang=\"sk-SK\">a datab\u00e1zov\u00fdch syst\u00e9mov (MySQL, PostgreSQL, MSSQL). M\u00e1 sk\u00fasenosti s programovan\u00edm jadra Linux.\u00a0M\u00e1 dlhoro\u010dn\u00e9 sk\u00fasenosti s<\/span><\/span><\/span><\/span><span style=\"color: #333333;\"><span style=\"font-family: 'Open Sans', sans-serif;\"><span style=\"font-size: medium;\"><span lang=\"zxx\">\u00a0<\/span><\/span><\/span><\/span><span style=\"color: #333333;\"><span style=\"font-family: 'Open Sans', sans-serif;\"><span style=\"font-size: medium;\"><span lang=\"sk-SK\">penetra\u010dn\u00fdm testovan\u00edm\u00a0webov\u00fdch a mobiln\u00fdch aplik\u00e1ci\u00ed,\u00a0so zabezpe\u010dovan\u00edm<\/span><\/span><\/span><\/span><span style=\"color: #333333;\"><span style=\"font-family: 'Open Sans', sans-serif;\"><span style=\"font-size: medium;\"><span lang=\"zxx\">\u00a0<\/span><\/span><\/span><\/span><span style=\"color: #333333;\"><span style=\"font-family: 'Open Sans', sans-serif;\"><span style=\"font-size: medium;\"><span lang=\"sk-SK\">syst\u00e9mov\u00a0a<\/span><\/span><\/span><\/span><span style=\"color: #333333;\"><span style=\"font-family: 'Open Sans', sans-serif;\"><span style=\"font-size: medium;\"><span lang=\"zxx\">\u00a0<\/span><\/span><\/span><\/span><span style=\"color: #333333;\"><span style=\"font-family: 'Open Sans', sans-serif;\"><span style=\"font-size: medium;\"><span lang=\"sk-SK\">implement\u00e1ciou<\/span><\/span><\/span><\/span><span style=\"color: #333333;\"><span style=\"font-family: 'Open Sans', sans-serif;\"><span style=\"font-size: medium;\"><span lang=\"zxx\">\u00a0<\/span><\/span><\/span><\/span><span style=\"color: #333333;\"><span style=\"font-family: 'Open Sans', sans-serif;\"><span style=\"font-size: medium;\"><span lang=\"sk-SK\">IDS a IPS syst\u00e9mov.\u00a0Ovl\u00e1da\u00a0<a href=\"http:\/\/www.owasp.org\/index.php\/OWASP_Testing_Guide_v4_Table_of_Contents\">testovacie\u00a0<\/a><\/span><\/span><\/span><\/span><a href=\"http:\/\/www.owasp.org\/index.php\/OWASP_Testing_Guide_v4_Table_of_Contents\"><span style=\"color: #333333;\"><span style=\"font-family: 'Open Sans', sans-serif;\"><span style=\"font-size: medium;\"><span lang=\"en-US\">metodiky<\/span><\/span><\/span><\/span><\/a><a href=\"http:\/\/www.owasp.org\/index.php\/OWASP_Testing_Guide_v4_Table_of_Contents\"><span style=\"color: #333333;\"><span style=\"font-family: 'Open Sans', sans-serif;\"><span style=\"font-size: medium;\"><span lang=\"zxx\">\u00a0<\/span><\/span><\/span><\/span><span style=\"color: #333333;\"><span style=\"font-family: 'Open Sans', sans-serif;\"><span style=\"font-size: medium;\"><span lang=\"sk-SK\">OWASP<\/span><\/span><\/span><\/span><\/a><span style=\"color: #333333;\"><span style=\"font-family: 'Open Sans', sans-serif;\"><span style=\"font-size: medium;\"><span lang=\"zxx\">\u00a0<\/span><\/span><\/span><\/span><span style=\"color: #333333;\"><span style=\"font-family: 'Open Sans', sans-serif;\"><span style=\"font-size: medium;\"><span lang=\"sk-SK\">a OSSTMM a m\u00e1 sk\u00fasenosti s\u00a0viacer\u00fdmi<\/span><\/span><\/span><\/span><span style=\"color: #333333;\"><span style=\"font-family: 'Open Sans', sans-serif;\"><span style=\"font-size: medium;\"><span lang=\"zxx\">\u00a0<\/span><\/span><\/span><\/span><span style=\"color: #333333;\"><span style=\"font-family: 'Open Sans', sans-serif;\"><span style=\"font-size: medium;\"><span lang=\"sk-SK\">bezpe\u010dnostn\u00fdmi testovac\u00edmi n\u00e1strojmi a exploit frameworkami.\u00a0<\/span><\/span><\/span><\/span><span style=\"color: #333333;\"><span style=\"font-family: 'Open Sans', sans-serif;\"><span style=\"font-size: medium;\"><span lang=\"en-US\">Venuje sa aj\u00a0<\/span><\/span><\/span><\/span><span style=\"color: #333333;\"><span style=\"font-family: 'Open Sans', sans-serif;\"><span style=\"font-size: medium;\"><span lang=\"sk-SK\">\u0161koliacej \u010dinnosti a auditom zdrojov\u00fdch k\u00f3dov (napr. v s\u00falade s Microsoft SDL).<\/span><\/span><\/span><\/span><\/p>\n<p lang=\"zxx\" style=\"text-align: left;\" align=\"justify\"><span style=\"color: #333333;\"><span style=\"font-family: 'Open Sans', sans-serif;\"><span style=\"font-size: medium;\">V\u00a0s\u00fa\u010dasnosti\u00a0pracuje ako softv\u00e9rov\u00fd in\u017einier pre spolo\u010dnos\u0165 p\u00f4sobiacu vo\u00a0<span lang=\"en-US\">fintech<\/span>\u00a0sektore a ako IT bezpe\u010dnostn\u00fd konzultant v spolo\u010dnosti Nethemba.<\/span><\/span><\/span><\/p>\n","protected":false},"excerpt":{"rendered":"<p>Viac\u00a0ne\u017e\u00a012\u00a0rokov\u00a0pracoval\u00a0ako softv\u00e9rov\u00fd in\u017einier a syst\u00e9mov\u00fd administr\u00e1tor\u00a0v spolo\u010dnosti zaoberaj\u00facej sa v\u00fdvojom\u00a0najm\u00e4 webov\u00fdch a mobiln\u00fdch\u00a0aplik\u00e1ci\u00ed.\u00a0Mal na starosti\u00a0anal\u00fdzu a v\u00fdvoj webov\u00fdch aplik\u00e1ci\u00ed na platforme PHP\u00a0a ASP.NET.\u00a0Vyv\u00edjal aplik\u00e1cie\u00a0pre spr\u00e1vu obsahu a podporu elektronick\u00e9ho vzdel\u00e1vania\u00a0ale aj\u00a0integrovan\u00e9\u00a0syst\u00e9my\u00a0pre spr\u00e1vu podujat\u00ed v \u0161portov\u00fdch ar\u00e9nach v technol\u00f3gii WPF,\u00a0\u010di\u00a0CRM syst\u00e9my\u00a0na platforme .NET.\u00a0V r\u00e1mci v\u00fdvoja softv\u00e9ru m\u00e1 sk\u00fasenosti s agiln\u00fdmi metodikami\u00a0a kompletn\u00fdm procesom v\u00fdvoja softv\u00e9ru od [&hellip;]<\/p>\n","protected":false},"author":2,"featured_media":0,"parent":546,"menu_order":7,"comment_status":"closed","ping_status":"closed","template":"","meta":{"inline_featured_image":false,"_monsterinsights_skip_tracking":false,"_monsterinsights_sitenote_active":false,"_monsterinsights_sitenote_note":"","_monsterinsights_sitenote_category":0,"footnotes":""},"class_list":["post-2102","page","type-page","status-publish","hentry"],"yoast_head":"<!-- This site is optimized with the Yoast SEO plugin v27.4 - https:\/\/yoast.com\/product\/yoast-seo-wordpress\/ -->\n<title>ROMAN F\u00dcL\u00d6P - Nethemba<\/title>\n<meta name=\"robots\" content=\"index, follow, max-snippet:-1, max-image-preview:large, max-video-preview:-1\" \/>\n<link rel=\"canonical\" href=\"https:\/\/nethemba.com\/sk\/o-nas-old\/nas-tim\/roman-fulop\/\" \/>\n<meta property=\"og:locale\" content=\"sk_SK\" \/>\n<meta property=\"og:type\" content=\"article\" \/>\n<meta property=\"og:title\" content=\"ROMAN F\u00dcL\u00d6P - Nethemba\" \/>\n<meta property=\"og:description\" content=\"Viac\u00a0ne\u017e\u00a012\u00a0rokov\u00a0pracoval\u00a0ako softv\u00e9rov\u00fd in\u017einier a syst\u00e9mov\u00fd administr\u00e1tor\u00a0v spolo\u010dnosti zaoberaj\u00facej sa v\u00fdvojom\u00a0najm\u00e4 webov\u00fdch a mobiln\u00fdch\u00a0aplik\u00e1ci\u00ed.\u00a0Mal na starosti\u00a0anal\u00fdzu a v\u00fdvoj webov\u00fdch aplik\u00e1ci\u00ed na platforme PHP\u00a0a ASP.NET.\u00a0Vyv\u00edjal aplik\u00e1cie\u00a0pre spr\u00e1vu obsahu a podporu elektronick\u00e9ho vzdel\u00e1vania\u00a0ale aj\u00a0integrovan\u00e9\u00a0syst\u00e9my\u00a0pre spr\u00e1vu podujat\u00ed v \u0161portov\u00fdch ar\u00e9nach v technol\u00f3gii WPF,\u00a0\u010di\u00a0CRM syst\u00e9my\u00a0na platforme .NET.\u00a0V r\u00e1mci v\u00fdvoja softv\u00e9ru m\u00e1 sk\u00fasenosti s agiln\u00fdmi metodikami\u00a0a kompletn\u00fdm procesom v\u00fdvoja softv\u00e9ru od [&hellip;]\" \/>\n<meta property=\"og:url\" content=\"https:\/\/nethemba.com\/sk\/o-nas-old\/nas-tim\/roman-fulop\/\" \/>\n<meta property=\"og:site_name\" content=\"Nethemba\" \/>\n<meta property=\"article:publisher\" content=\"https:\/\/www.facebook.com\/nethemba\" \/>\n<meta property=\"article:modified_time\" content=\"2017-03-01T17:20:25+00:00\" \/>\n<meta name=\"twitter:card\" content=\"summary_large_image\" \/>\n<meta name=\"twitter:site\" content=\"@nethemba\" \/>\n<meta name=\"twitter:label1\" content=\"Predpokladan\u00fd \u010das \u010d\u00edtania\" \/>\n\t<meta name=\"twitter:data1\" content=\"2 min\u00faty\" \/>\n<script type=\"application\/ld+json\" class=\"yoast-schema-graph\">{\"@context\":\"https:\\\/\\\/schema.org\",\"@graph\":[{\"@type\":\"WebPage\",\"@id\":\"https:\\\/\\\/nethemba.com\\\/sk\\\/o-nas-old\\\/nas-tim\\\/roman-fulop\\\/\",\"url\":\"https:\\\/\\\/nethemba.com\\\/sk\\\/o-nas-old\\\/nas-tim\\\/roman-fulop\\\/\",\"name\":\"ROMAN F\u00dcL\u00d6P - Nethemba\",\"isPartOf\":{\"@id\":\"https:\\\/\\\/nethemba.com\\\/de\\\/#website\"},\"datePublished\":\"2017-03-01T16:01:40+00:00\",\"dateModified\":\"2017-03-01T17:20:25+00:00\",\"breadcrumb\":{\"@id\":\"https:\\\/\\\/nethemba.com\\\/sk\\\/o-nas-old\\\/nas-tim\\\/roman-fulop\\\/#breadcrumb\"},\"inLanguage\":\"sk-SK\",\"potentialAction\":[{\"@type\":\"ReadAction\",\"target\":[\"https:\\\/\\\/nethemba.com\\\/sk\\\/o-nas-old\\\/nas-tim\\\/roman-fulop\\\/\"]}]},{\"@type\":\"BreadcrumbList\",\"@id\":\"https:\\\/\\\/nethemba.com\\\/sk\\\/o-nas-old\\\/nas-tim\\\/roman-fulop\\\/#breadcrumb\",\"itemListElement\":[{\"@type\":\"ListItem\",\"position\":1,\"name\":\"Home\",\"item\":\"https:\\\/\\\/nethemba.com\\\/sk\\\/domov\\\/\"},{\"@type\":\"ListItem\",\"position\":2,\"name\":\"O n\u00e1s\",\"item\":\"https:\\\/\\\/nethemba.com\\\/sk\\\/o-nas-old\\\/\"},{\"@type\":\"ListItem\",\"position\":3,\"name\":\"N\u00e1\u0161 t\u00edm\",\"item\":\"https:\\\/\\\/nethemba.com\\\/sk\\\/o-nas-old\\\/nas-tim\\\/\"},{\"@type\":\"ListItem\",\"position\":4,\"name\":\"ROMAN F\u00dcL\u00d6P\"}]},{\"@type\":\"WebSite\",\"@id\":\"https:\\\/\\\/nethemba.com\\\/de\\\/#website\",\"url\":\"https:\\\/\\\/nethemba.com\\\/de\\\/\",\"name\":\"Nethemba\",\"description\":\"We care about your security\",\"potentialAction\":[{\"@type\":\"SearchAction\",\"target\":{\"@type\":\"EntryPoint\",\"urlTemplate\":\"https:\\\/\\\/nethemba.com\\\/de\\\/?s={search_term_string}\"},\"query-input\":{\"@type\":\"PropertyValueSpecification\",\"valueRequired\":true,\"valueName\":\"search_term_string\"}}],\"inLanguage\":\"sk-SK\"}]}<\/script>\n<!-- \/ Yoast SEO plugin. -->","yoast_head_json":{"title":"ROMAN F\u00dcL\u00d6P - Nethemba","robots":{"index":"index","follow":"follow","max-snippet":"max-snippet:-1","max-image-preview":"max-image-preview:large","max-video-preview":"max-video-preview:-1"},"canonical":"https:\/\/nethemba.com\/sk\/o-nas-old\/nas-tim\/roman-fulop\/","og_locale":"sk_SK","og_type":"article","og_title":"ROMAN F\u00dcL\u00d6P - Nethemba","og_description":"Viac\u00a0ne\u017e\u00a012\u00a0rokov\u00a0pracoval\u00a0ako softv\u00e9rov\u00fd in\u017einier a syst\u00e9mov\u00fd administr\u00e1tor\u00a0v spolo\u010dnosti zaoberaj\u00facej sa v\u00fdvojom\u00a0najm\u00e4 webov\u00fdch a mobiln\u00fdch\u00a0aplik\u00e1ci\u00ed.\u00a0Mal na starosti\u00a0anal\u00fdzu a v\u00fdvoj webov\u00fdch aplik\u00e1ci\u00ed na platforme PHP\u00a0a ASP.NET.\u00a0Vyv\u00edjal aplik\u00e1cie\u00a0pre spr\u00e1vu obsahu a podporu elektronick\u00e9ho vzdel\u00e1vania\u00a0ale aj\u00a0integrovan\u00e9\u00a0syst\u00e9my\u00a0pre spr\u00e1vu podujat\u00ed v \u0161portov\u00fdch ar\u00e9nach v technol\u00f3gii WPF,\u00a0\u010di\u00a0CRM syst\u00e9my\u00a0na platforme .NET.\u00a0V r\u00e1mci v\u00fdvoja softv\u00e9ru m\u00e1 sk\u00fasenosti s agiln\u00fdmi metodikami\u00a0a kompletn\u00fdm procesom v\u00fdvoja softv\u00e9ru od [&hellip;]","og_url":"https:\/\/nethemba.com\/sk\/o-nas-old\/nas-tim\/roman-fulop\/","og_site_name":"Nethemba","article_publisher":"https:\/\/www.facebook.com\/nethemba","article_modified_time":"2017-03-01T17:20:25+00:00","twitter_card":"summary_large_image","twitter_site":"@nethemba","twitter_misc":{"Predpokladan\u00fd \u010das \u010d\u00edtania":"2 min\u00faty"},"schema":{"@context":"https:\/\/schema.org","@graph":[{"@type":"WebPage","@id":"https:\/\/nethemba.com\/sk\/o-nas-old\/nas-tim\/roman-fulop\/","url":"https:\/\/nethemba.com\/sk\/o-nas-old\/nas-tim\/roman-fulop\/","name":"ROMAN F\u00dcL\u00d6P - Nethemba","isPartOf":{"@id":"https:\/\/nethemba.com\/de\/#website"},"datePublished":"2017-03-01T16:01:40+00:00","dateModified":"2017-03-01T17:20:25+00:00","breadcrumb":{"@id":"https:\/\/nethemba.com\/sk\/o-nas-old\/nas-tim\/roman-fulop\/#breadcrumb"},"inLanguage":"sk-SK","potentialAction":[{"@type":"ReadAction","target":["https:\/\/nethemba.com\/sk\/o-nas-old\/nas-tim\/roman-fulop\/"]}]},{"@type":"BreadcrumbList","@id":"https:\/\/nethemba.com\/sk\/o-nas-old\/nas-tim\/roman-fulop\/#breadcrumb","itemListElement":[{"@type":"ListItem","position":1,"name":"Home","item":"https:\/\/nethemba.com\/sk\/domov\/"},{"@type":"ListItem","position":2,"name":"O n\u00e1s","item":"https:\/\/nethemba.com\/sk\/o-nas-old\/"},{"@type":"ListItem","position":3,"name":"N\u00e1\u0161 t\u00edm","item":"https:\/\/nethemba.com\/sk\/o-nas-old\/nas-tim\/"},{"@type":"ListItem","position":4,"name":"ROMAN F\u00dcL\u00d6P"}]},{"@type":"WebSite","@id":"https:\/\/nethemba.com\/de\/#website","url":"https:\/\/nethemba.com\/de\/","name":"Nethemba","description":"We care about your security","potentialAction":[{"@type":"SearchAction","target":{"@type":"EntryPoint","urlTemplate":"https:\/\/nethemba.com\/de\/?s={search_term_string}"},"query-input":{"@type":"PropertyValueSpecification","valueRequired":true,"valueName":"search_term_string"}}],"inLanguage":"sk-SK"}]}},"_links":{"self":[{"href":"https:\/\/nethemba.com\/sk\/wp-json\/wp\/v2\/pages\/2102","targetHints":{"allow":["GET"]}}],"collection":[{"href":"https:\/\/nethemba.com\/sk\/wp-json\/wp\/v2\/pages"}],"about":[{"href":"https:\/\/nethemba.com\/sk\/wp-json\/wp\/v2\/types\/page"}],"author":[{"embeddable":true,"href":"https:\/\/nethemba.com\/sk\/wp-json\/wp\/v2\/users\/2"}],"replies":[{"embeddable":true,"href":"https:\/\/nethemba.com\/sk\/wp-json\/wp\/v2\/comments?post=2102"}],"version-history":[{"count":0,"href":"https:\/\/nethemba.com\/sk\/wp-json\/wp\/v2\/pages\/2102\/revisions"}],"up":[{"embeddable":true,"href":"https:\/\/nethemba.com\/sk\/wp-json\/wp\/v2\/pages\/546"}],"wp:attachment":[{"href":"https:\/\/nethemba.com\/sk\/wp-json\/wp\/v2\/media?parent=2102"}],"curies":[{"name":"wp","href":"https:\/\/api.w.org\/{rel}","templated":true}]}}