{"id":2153,"date":"2017-04-20T20:10:28","date_gmt":"2017-04-20T20:10:28","guid":{"rendered":"http:\/\/nethemba.com\/sk\/?page_id=2153"},"modified":"2019-08-05T13:16:50","modified_gmt":"2019-08-05T12:16:50","slug":"bezpecnostny-audit-iot","status":"publish","type":"page","link":"https:\/\/nethemba.com\/sk\/sluzby\/sietova-a-systemova-bezpecnost\/bezpecnostny-audit-iot\/","title":{"rendered":"Bezpe\u010dnostn\u00fd audit IoT"},"content":{"rendered":"<div><span style=\"font-family: 'Liberation Sans', sans-serif;\">Internet vec\u00ed (IoT) predstavuje unik\u00e1tne bezpe\u010dnostn\u00e9 v\u00fdzvy. IoT zariadenia s\u00fa prev\u00e1dzkovan\u00e9 \u010dasto na jednoduchom hardv\u00e9ri, ktor\u00fd b\u00fdva nasaden\u00fd naprie\u010d rozdielne prostredia. Toto \u0161irok\u00e9 nasadenie \u201emonokult\u00fary\u201c vedie k nov\u00fdm v\u00fdzvam, jedine\u010dn\u00fdm pre IoT zariadenia. Softv\u00e9rov\u00e9 aktualiz\u00e1cie a spr\u00e1va zranite\u013enost\u00ed s\u00fa ve\u013emi d\u00f4le\u017eit\u00e9 a vy\u017eaduj\u00fa odli\u0161n\u00e9 strat\u00e9gie ako pri in\u00fdch IT aplik\u00e1ci\u00e1ch. Pri navrhovan\u00ed bezpe\u010dn\u00fdch IoT zariaden\u00ed je potrebn\u00e9 zoh\u013eadni\u0165 oblasti:<\/span><\/div>\n<div><\/div>\n<div><span style=\"font-family: 'Liberation Sans', sans-serif;\">&#8211; klasifik\u00e1cia d\u00e1t<\/span><\/div>\n<div><span style=\"font-family: 'Liberation Sans', sans-serif;\">&#8211; fyzick\u00e1 bezpe\u010dnos\u0165<\/span><\/div>\n<div><span style=\"font-family: 'Liberation Sans', sans-serif;\">&#8211; bezpe\u010dn\u00e9 nasadenie zariadenia<\/span><\/div>\n<div><span style=\"font-family: 'Liberation Sans', sans-serif;\">&#8211; bezpe\u010dn\u00e9 opera\u010dn\u00e9 syst\u00e9my<\/span><\/div>\n<div><span style=\"font-family: 'Liberation Sans', sans-serif;\">&#8211; aplika\u010dn\u00e1 bezpe\u010dnos\u0165<\/span><\/div>\n<div><span style=\"font-family: 'Liberation Sans', sans-serif;\">&#8211; spr\u00e1va poveren\u00ed<\/span><\/div>\n<div><span style=\"font-family: 'Liberation Sans', sans-serif;\">&#8211; \u0161ifrovanie<\/span><\/div>\n<div><span style=\"font-family: 'Liberation Sans', sans-serif;\">&#8211; sie\u0165ov\u00e9 pripojenia<\/span><\/div>\n<div><span style=\"font-family: 'Liberation Sans', sans-serif;\">&#8211; aktualiz\u00e1cie softv\u00e9ru<\/span><\/div>\n<div><span style=\"font-family: 'Liberation Sans', sans-serif;\">&#8211; protokolovanie<\/span><\/div>\n<div><\/div>\n<div><span style=\"font-family: 'Liberation Sans', sans-serif;\">Pon\u00fakame audity a poradenstvo v spomenut\u00fdch oblastiach po\u010das v\u0161etk\u00fdch f\u00e1z procesu navrhovania. Pom\u00f4\u017eeme v\u00e1m vybudova\u0165 bezpe\u010dn\u00fd internet vec\u00ed od rannej f\u00e1zy navrhovania procesu alebo prostredn\u00edctvom konzult\u00e1ci\u00ed a auditov v neskor\u0161\u00edch f\u00e1zach. V z\u00e1vislosti od va\u0161ich potrieb v\u00e1m pon\u00fakame:<\/span><\/div>\n<div><\/div>\n<div><span style=\"font-family: 'Liberation Sans', sans-serif;\">&#8211;<\/span><span style=\"font-family: 'Liberation Sans', sans-serif;\">\u00a0presk\u00famanie opera\u010dn\u00e9ho syst\u00e9mu<\/span><\/div>\n<div><span style=\"font-family: 'Liberation Sans', sans-serif;\">&#8211; presk\u00famanie hardv\u00e9ru<\/span><\/div>\n<div>&#8211;<span style=\"font-family: 'Liberation Sans', sans-serif;\">\u00a0presk\u00famanie bezpe\u010dnostn\u00fdch aktualiz\u00e1ci\u00ed a procesov spr\u00e1vy zranite\u013enosti<\/span><\/div>\n<div><span style=\"font-family: 'Liberation Sans', sans-serif;\">&#8211; bezpe\u010dnostn\u00fd audit zdrojov\u00e9ho k\u00f3du aplik\u00e1cie<\/span><\/div>\n<div><span style=\"font-family: 'Liberation Sans', sans-serif;\">&#8211; bezpe\u010dnostn\u00e1 anal\u00fdza komunika\u010dn\u00fdch protokolov<\/span><\/div>\n<div><span style=\"font-family: 'Liberation Sans', sans-serif;\">&#8211; rev\u00edzia va\u0161ich zariaden\u00ed v s\u00falade s <\/span><a href=\"https:\/\/iotsecurityfoundation.org\/wp-content\/uploads\/2016\/12\/IoT-Security-Compliance-Framework.pdf\"><span style=\"font-family: 'Liberation Sans', sans-serif;\"><span lang=\"en-US\">IoT Security Compliance Framework<\/span><\/span> <\/a><\/div>\n<div><\/div>\n<div><span style=\"font-family: 'Liberation Sans', sans-serif;\">V\u00fdstupom z testovania je s\u00fahrnn\u00e1 spr\u00e1va obsahuj\u00faca popis v\u0161etk\u00fdch odhalen\u00fdch zranite\u013enost\u00ed aj so stup\u0148om z\u00e1va\u017enosti a odpor\u00fa\u010daniami.<\/span><\/div>\n","protected":false},"excerpt":{"rendered":"<p>Internet vec\u00ed (IoT) predstavuje unik\u00e1tne bezpe\u010dnostn\u00e9 v\u00fdzvy. IoT zariadenia s\u00fa prev\u00e1dzkovan\u00e9 \u010dasto na jednoduchom hardv\u00e9ri, ktor\u00fd b\u00fdva nasaden\u00fd naprie\u010d rozdielne prostredia. Toto \u0161irok\u00e9 nasadenie \u201emonokult\u00fary\u201c vedie k nov\u00fdm v\u00fdzvam, jedine\u010dn\u00fdm pre IoT zariadenia. Softv\u00e9rov\u00e9 aktualiz\u00e1cie a spr\u00e1va zranite\u013enost\u00ed s\u00fa ve\u013emi d\u00f4le\u017eit\u00e9 a vy\u017eaduj\u00fa odli\u0161n\u00e9 strat\u00e9gie ako pri in\u00fdch IT aplik\u00e1ci\u00e1ch. Pri navrhovan\u00ed bezpe\u010dn\u00fdch IoT zariaden\u00ed [&hellip;]<\/p>\n","protected":false},"author":2,"featured_media":0,"parent":381,"menu_order":8,"comment_status":"closed","ping_status":"closed","template":"services_detail.php","meta":{"inline_featured_image":false,"_monsterinsights_skip_tracking":false,"_monsterinsights_sitenote_active":false,"_monsterinsights_sitenote_note":"","_monsterinsights_sitenote_category":0,"footnotes":""},"class_list":["post-2153","page","type-page","status-publish","hentry"],"yoast_head":"<!-- This site is optimized with the Yoast SEO plugin v27.3 - https:\/\/yoast.com\/product\/yoast-seo-wordpress\/ -->\n<title>Bezpe\u010dnostn\u00fd audit IoT - Nethemba<\/title>\n<meta name=\"description\" content=\"Pon\u00fakame audity a poradenstvo pre bezpe\u010dn\u00fd internet vec\u00ed (IoT) od rannej f\u00e1zy navrhovania a\u017e po audity v neskor\u0161\u00edch f\u00e1zach. Rev\u00edzia v s\u00falade s IoT Security Compliance Framework.\" \/>\n<meta name=\"robots\" content=\"index, follow, max-snippet:-1, max-image-preview:large, max-video-preview:-1\" \/>\n<link rel=\"canonical\" href=\"https:\/\/nethemba.com\/sk\/sluzby\/sietova-a-systemova-bezpecnost\/bezpecnostny-audit-iot\/\" \/>\n<meta property=\"og:locale\" content=\"sk_SK\" \/>\n<meta property=\"og:type\" content=\"article\" \/>\n<meta property=\"og:title\" content=\"Bezpe\u010dnostn\u00fd audit IoT - Nethemba\" \/>\n<meta property=\"og:description\" content=\"Pon\u00fakame audity a poradenstvo pre bezpe\u010dn\u00fd internet vec\u00ed (IoT) od rannej f\u00e1zy navrhovania a\u017e po audity v neskor\u0161\u00edch f\u00e1zach. Rev\u00edzia v s\u00falade s IoT Security Compliance Framework.\" \/>\n<meta property=\"og:url\" content=\"https:\/\/nethemba.com\/sk\/sluzby\/sietova-a-systemova-bezpecnost\/bezpecnostny-audit-iot\/\" \/>\n<meta property=\"og:site_name\" content=\"Nethemba\" \/>\n<meta property=\"article:publisher\" content=\"https:\/\/www.facebook.com\/nethemba\" \/>\n<meta property=\"article:modified_time\" content=\"2019-08-05T12:16:50+00:00\" \/>\n<meta name=\"twitter:card\" content=\"summary_large_image\" \/>\n<meta name=\"twitter:site\" content=\"@nethemba\" \/>\n<meta name=\"twitter:label1\" content=\"Predpokladan\u00fd \u010das \u010d\u00edtania\" \/>\n\t<meta name=\"twitter:data1\" content=\"1 min\u00fata\" \/>\n<script type=\"application\/ld+json\" class=\"yoast-schema-graph\">{\"@context\":\"https:\\\/\\\/schema.org\",\"@graph\":[{\"@type\":\"WebPage\",\"@id\":\"https:\\\/\\\/nethemba.com\\\/sk\\\/sluzby\\\/sietova-a-systemova-bezpecnost\\\/bezpecnostny-audit-iot\\\/\",\"url\":\"https:\\\/\\\/nethemba.com\\\/sk\\\/sluzby\\\/sietova-a-systemova-bezpecnost\\\/bezpecnostny-audit-iot\\\/\",\"name\":\"Bezpe\u010dnostn\u00fd audit IoT - Nethemba\",\"isPartOf\":{\"@id\":\"https:\\\/\\\/nethemba.com\\\/de\\\/#website\"},\"datePublished\":\"2017-04-20T20:10:28+00:00\",\"dateModified\":\"2019-08-05T12:16:50+00:00\",\"description\":\"Pon\u00fakame audity a poradenstvo pre bezpe\u010dn\u00fd internet vec\u00ed (IoT) od rannej f\u00e1zy navrhovania a\u017e po audity v neskor\u0161\u00edch f\u00e1zach. Rev\u00edzia v s\u00falade s IoT Security Compliance Framework.\",\"breadcrumb\":{\"@id\":\"https:\\\/\\\/nethemba.com\\\/sk\\\/sluzby\\\/sietova-a-systemova-bezpecnost\\\/bezpecnostny-audit-iot\\\/#breadcrumb\"},\"inLanguage\":\"sk-SK\",\"potentialAction\":[{\"@type\":\"ReadAction\",\"target\":[\"https:\\\/\\\/nethemba.com\\\/sk\\\/sluzby\\\/sietova-a-systemova-bezpecnost\\\/bezpecnostny-audit-iot\\\/\"]}]},{\"@type\":\"BreadcrumbList\",\"@id\":\"https:\\\/\\\/nethemba.com\\\/sk\\\/sluzby\\\/sietova-a-systemova-bezpecnost\\\/bezpecnostny-audit-iot\\\/#breadcrumb\",\"itemListElement\":[{\"@type\":\"ListItem\",\"position\":1,\"name\":\"Home\",\"item\":\"https:\\\/\\\/nethemba.com\\\/sk\\\/domov\\\/\"},{\"@type\":\"ListItem\",\"position\":2,\"name\":\"Slu\u017eby\",\"item\":\"https:\\\/\\\/nethemba.com\\\/sk\\\/sluzby\\\/\"},{\"@type\":\"ListItem\",\"position\":3,\"name\":\"Sie\u0165ov\u00e1 a syst\u00e9mov\u00e1 bezpe\u010dnos\u0165\",\"item\":\"https:\\\/\\\/nethemba.com\\\/sk\\\/sluzby\\\/sietova-a-systemova-bezpecnost\\\/\"},{\"@type\":\"ListItem\",\"position\":4,\"name\":\"Bezpe\u010dnostn\u00fd audit IoT\"}]},{\"@type\":\"WebSite\",\"@id\":\"https:\\\/\\\/nethemba.com\\\/de\\\/#website\",\"url\":\"https:\\\/\\\/nethemba.com\\\/de\\\/\",\"name\":\"Nethemba\",\"description\":\"We care about your security\",\"potentialAction\":[{\"@type\":\"SearchAction\",\"target\":{\"@type\":\"EntryPoint\",\"urlTemplate\":\"https:\\\/\\\/nethemba.com\\\/de\\\/?s={search_term_string}\"},\"query-input\":{\"@type\":\"PropertyValueSpecification\",\"valueRequired\":true,\"valueName\":\"search_term_string\"}}],\"inLanguage\":\"sk-SK\"}]}<\/script>\n<!-- \/ Yoast SEO plugin. -->","yoast_head_json":{"title":"Bezpe\u010dnostn\u00fd audit IoT - Nethemba","description":"Pon\u00fakame audity a poradenstvo pre bezpe\u010dn\u00fd internet vec\u00ed (IoT) od rannej f\u00e1zy navrhovania a\u017e po audity v neskor\u0161\u00edch f\u00e1zach. Rev\u00edzia v s\u00falade s IoT Security Compliance Framework.","robots":{"index":"index","follow":"follow","max-snippet":"max-snippet:-1","max-image-preview":"max-image-preview:large","max-video-preview":"max-video-preview:-1"},"canonical":"https:\/\/nethemba.com\/sk\/sluzby\/sietova-a-systemova-bezpecnost\/bezpecnostny-audit-iot\/","og_locale":"sk_SK","og_type":"article","og_title":"Bezpe\u010dnostn\u00fd audit IoT - Nethemba","og_description":"Pon\u00fakame audity a poradenstvo pre bezpe\u010dn\u00fd internet vec\u00ed (IoT) od rannej f\u00e1zy navrhovania a\u017e po audity v neskor\u0161\u00edch f\u00e1zach. Rev\u00edzia v s\u00falade s IoT Security Compliance Framework.","og_url":"https:\/\/nethemba.com\/sk\/sluzby\/sietova-a-systemova-bezpecnost\/bezpecnostny-audit-iot\/","og_site_name":"Nethemba","article_publisher":"https:\/\/www.facebook.com\/nethemba","article_modified_time":"2019-08-05T12:16:50+00:00","twitter_card":"summary_large_image","twitter_site":"@nethemba","twitter_misc":{"Predpokladan\u00fd \u010das \u010d\u00edtania":"1 min\u00fata"},"schema":{"@context":"https:\/\/schema.org","@graph":[{"@type":"WebPage","@id":"https:\/\/nethemba.com\/sk\/sluzby\/sietova-a-systemova-bezpecnost\/bezpecnostny-audit-iot\/","url":"https:\/\/nethemba.com\/sk\/sluzby\/sietova-a-systemova-bezpecnost\/bezpecnostny-audit-iot\/","name":"Bezpe\u010dnostn\u00fd audit IoT - Nethemba","isPartOf":{"@id":"https:\/\/nethemba.com\/de\/#website"},"datePublished":"2017-04-20T20:10:28+00:00","dateModified":"2019-08-05T12:16:50+00:00","description":"Pon\u00fakame audity a poradenstvo pre bezpe\u010dn\u00fd internet vec\u00ed (IoT) od rannej f\u00e1zy navrhovania a\u017e po audity v neskor\u0161\u00edch f\u00e1zach. Rev\u00edzia v s\u00falade s IoT Security Compliance Framework.","breadcrumb":{"@id":"https:\/\/nethemba.com\/sk\/sluzby\/sietova-a-systemova-bezpecnost\/bezpecnostny-audit-iot\/#breadcrumb"},"inLanguage":"sk-SK","potentialAction":[{"@type":"ReadAction","target":["https:\/\/nethemba.com\/sk\/sluzby\/sietova-a-systemova-bezpecnost\/bezpecnostny-audit-iot\/"]}]},{"@type":"BreadcrumbList","@id":"https:\/\/nethemba.com\/sk\/sluzby\/sietova-a-systemova-bezpecnost\/bezpecnostny-audit-iot\/#breadcrumb","itemListElement":[{"@type":"ListItem","position":1,"name":"Home","item":"https:\/\/nethemba.com\/sk\/domov\/"},{"@type":"ListItem","position":2,"name":"Slu\u017eby","item":"https:\/\/nethemba.com\/sk\/sluzby\/"},{"@type":"ListItem","position":3,"name":"Sie\u0165ov\u00e1 a syst\u00e9mov\u00e1 bezpe\u010dnos\u0165","item":"https:\/\/nethemba.com\/sk\/sluzby\/sietova-a-systemova-bezpecnost\/"},{"@type":"ListItem","position":4,"name":"Bezpe\u010dnostn\u00fd audit IoT"}]},{"@type":"WebSite","@id":"https:\/\/nethemba.com\/de\/#website","url":"https:\/\/nethemba.com\/de\/","name":"Nethemba","description":"We care about your security","potentialAction":[{"@type":"SearchAction","target":{"@type":"EntryPoint","urlTemplate":"https:\/\/nethemba.com\/de\/?s={search_term_string}"},"query-input":{"@type":"PropertyValueSpecification","valueRequired":true,"valueName":"search_term_string"}}],"inLanguage":"sk-SK"}]}},"_links":{"self":[{"href":"https:\/\/nethemba.com\/sk\/wp-json\/wp\/v2\/pages\/2153","targetHints":{"allow":["GET"]}}],"collection":[{"href":"https:\/\/nethemba.com\/sk\/wp-json\/wp\/v2\/pages"}],"about":[{"href":"https:\/\/nethemba.com\/sk\/wp-json\/wp\/v2\/types\/page"}],"author":[{"embeddable":true,"href":"https:\/\/nethemba.com\/sk\/wp-json\/wp\/v2\/users\/2"}],"replies":[{"embeddable":true,"href":"https:\/\/nethemba.com\/sk\/wp-json\/wp\/v2\/comments?post=2153"}],"version-history":[{"count":0,"href":"https:\/\/nethemba.com\/sk\/wp-json\/wp\/v2\/pages\/2153\/revisions"}],"up":[{"embeddable":true,"href":"https:\/\/nethemba.com\/sk\/wp-json\/wp\/v2\/pages\/381"}],"wp:attachment":[{"href":"https:\/\/nethemba.com\/sk\/wp-json\/wp\/v2\/media?parent=2153"}],"curies":[{"name":"wp","href":"https:\/\/api.w.org\/{rel}","templated":true}]}}