{"id":2427,"date":"2017-08-17T13:36:09","date_gmt":"2017-08-17T13:36:09","guid":{"rendered":"http:\/\/nethemba.com\/sk\/?page_id=2427"},"modified":"2023-01-08T21:46:06","modified_gmt":"2023-01-08T20:46:06","slug":"ixperta-s-r-o","status":"publish","type":"page","link":"https:\/\/nethemba.com\/sk\/referencie-old\/ixperta-s-r-o\/","title":{"rendered":"iXperta s.r.o"},"content":{"rendered":"<p>Testy soci\u00e1lnym in\u017einierstvom \u2013 simul\u00e1cia phishingu, Z\u00e1\u0165a\u017eov\u00fd test webovej aplik\u00e1cie, Penetra\u010dn\u00fd test webov\u00fdch rozhran\u00ed, Pr\u00edprava a setup a Intern\u00fd penetra\u010dn\u00fd test serverov<\/p>\n","protected":false},"excerpt":{"rendered":"<p>Testy soci\u00e1lnym in\u017einierstvom \u2013 simul\u00e1cia phishingu, Z\u00e1\u0165a\u017eov\u00fd test webovej aplik\u00e1cie, Penetra\u010dn\u00fd test webov\u00fdch rozhran\u00ed, Pr\u00edprava a setup a Intern\u00fd penetra\u010dn\u00fd test serverov<\/p>\n","protected":false},"author":2,"featured_media":2423,"parent":304,"menu_order":0,"comment_status":"closed","ping_status":"closed","template":"","meta":{"inline_featured_image":false,"_monsterinsights_skip_tracking":false,"_monsterinsights_sitenote_active":false,"_monsterinsights_sitenote_note":"","_monsterinsights_sitenote_category":0,"footnotes":""},"class_list":["post-2427","page","type-page","status-publish","has-post-thumbnail","hentry"],"yoast_head":"<!-- This site is optimized with the Yoast SEO plugin v27.5 - https:\/\/yoast.com\/product\/yoast-seo-wordpress\/ -->\n<title>iXperta s.r.o - Nethemba<\/title>\n<meta name=\"robots\" content=\"index, follow, max-snippet:-1, max-image-preview:large, max-video-preview:-1\" \/>\n<link rel=\"canonical\" href=\"https:\/\/nethemba.com\/sk\/referencie-old\/ixperta-s-r-o\/\" \/>\n<meta property=\"og:locale\" content=\"sk_SK\" \/>\n<meta property=\"og:type\" content=\"article\" \/>\n<meta property=\"og:title\" content=\"iXperta s.r.o - Nethemba\" \/>\n<meta property=\"og:description\" content=\"Testy soci\u00e1lnym in\u017einierstvom \u2013 simul\u00e1cia phishingu, Z\u00e1\u0165a\u017eov\u00fd test webovej aplik\u00e1cie, Penetra\u010dn\u00fd test webov\u00fdch rozhran\u00ed, Pr\u00edprava a setup a Intern\u00fd penetra\u010dn\u00fd test serverov\" \/>\n<meta property=\"og:url\" content=\"https:\/\/nethemba.com\/sk\/referencie-old\/ixperta-s-r-o\/\" \/>\n<meta property=\"og:site_name\" content=\"Nethemba\" \/>\n<meta property=\"article:publisher\" content=\"https:\/\/www.facebook.com\/nethemba\" \/>\n<meta property=\"article:modified_time\" content=\"2023-01-08T20:46:06+00:00\" \/>\n<meta property=\"og:image\" content=\"https:\/\/nethemba.com\/wp-content\/uploads\/2017\/08\/ixperta_nethemba-e1502976847256.png\" \/>\n\t<meta property=\"og:image:width\" content=\"160\" \/>\n\t<meta property=\"og:image:height\" content=\"104\" \/>\n\t<meta property=\"og:image:type\" content=\"image\/png\" \/>\n<meta name=\"twitter:card\" content=\"summary_large_image\" \/>\n<meta name=\"twitter:site\" content=\"@nethemba\" \/>\n<script type=\"application\/ld+json\" class=\"yoast-schema-graph\">{\"@context\":\"https:\\\/\\\/schema.org\",\"@graph\":[{\"@type\":\"WebPage\",\"@id\":\"https:\\\/\\\/nethemba.com\\\/sk\\\/referencie-old\\\/ixperta-s-r-o\\\/\",\"url\":\"https:\\\/\\\/nethemba.com\\\/sk\\\/referencie-old\\\/ixperta-s-r-o\\\/\",\"name\":\"iXperta s.r.o - Nethemba\",\"isPartOf\":{\"@id\":\"https:\\\/\\\/nethemba.com\\\/de\\\/#website\"},\"primaryImageOfPage\":{\"@id\":\"https:\\\/\\\/nethemba.com\\\/sk\\\/referencie-old\\\/ixperta-s-r-o\\\/#primaryimage\"},\"image\":{\"@id\":\"https:\\\/\\\/nethemba.com\\\/sk\\\/referencie-old\\\/ixperta-s-r-o\\\/#primaryimage\"},\"thumbnailUrl\":\"https:\\\/\\\/nethemba.com\\\/wp-content\\\/uploads\\\/2017\\\/08\\\/ixperta_nethemba-e1502976847256.png\",\"datePublished\":\"2017-08-17T13:36:09+00:00\",\"dateModified\":\"2023-01-08T20:46:06+00:00\",\"breadcrumb\":{\"@id\":\"https:\\\/\\\/nethemba.com\\\/sk\\\/referencie-old\\\/ixperta-s-r-o\\\/#breadcrumb\"},\"inLanguage\":\"sk-SK\",\"potentialAction\":[{\"@type\":\"ReadAction\",\"target\":[\"https:\\\/\\\/nethemba.com\\\/sk\\\/referencie-old\\\/ixperta-s-r-o\\\/\"]}]},{\"@type\":\"ImageObject\",\"inLanguage\":\"sk-SK\",\"@id\":\"https:\\\/\\\/nethemba.com\\\/sk\\\/referencie-old\\\/ixperta-s-r-o\\\/#primaryimage\",\"url\":\"https:\\\/\\\/nethemba.com\\\/wp-content\\\/uploads\\\/2017\\\/08\\\/ixperta_nethemba-e1502976847256.png\",\"contentUrl\":\"https:\\\/\\\/nethemba.com\\\/wp-content\\\/uploads\\\/2017\\\/08\\\/ixperta_nethemba-e1502976847256.png\",\"width\":160,\"height\":104},{\"@type\":\"BreadcrumbList\",\"@id\":\"https:\\\/\\\/nethemba.com\\\/sk\\\/referencie-old\\\/ixperta-s-r-o\\\/#breadcrumb\",\"itemListElement\":[{\"@type\":\"ListItem\",\"position\":1,\"name\":\"Home\",\"item\":\"https:\\\/\\\/nethemba.com\\\/sk\\\/domov\\\/\"},{\"@type\":\"ListItem\",\"position\":2,\"name\":\"Referencie OLD\",\"item\":\"https:\\\/\\\/nethemba.com\\\/sk\\\/referencie-old\\\/\"},{\"@type\":\"ListItem\",\"position\":3,\"name\":\"iXperta s.r.o\"}]},{\"@type\":\"WebSite\",\"@id\":\"https:\\\/\\\/nethemba.com\\\/de\\\/#website\",\"url\":\"https:\\\/\\\/nethemba.com\\\/de\\\/\",\"name\":\"Nethemba\",\"description\":\"We care about your security\",\"potentialAction\":[{\"@type\":\"SearchAction\",\"target\":{\"@type\":\"EntryPoint\",\"urlTemplate\":\"https:\\\/\\\/nethemba.com\\\/de\\\/?s={search_term_string}\"},\"query-input\":{\"@type\":\"PropertyValueSpecification\",\"valueRequired\":true,\"valueName\":\"search_term_string\"}}],\"inLanguage\":\"sk-SK\"}]}<\/script>\n<!-- \/ Yoast SEO plugin. -->","yoast_head_json":{"title":"iXperta s.r.o - Nethemba","robots":{"index":"index","follow":"follow","max-snippet":"max-snippet:-1","max-image-preview":"max-image-preview:large","max-video-preview":"max-video-preview:-1"},"canonical":"https:\/\/nethemba.com\/sk\/referencie-old\/ixperta-s-r-o\/","og_locale":"sk_SK","og_type":"article","og_title":"iXperta s.r.o - Nethemba","og_description":"Testy soci\u00e1lnym in\u017einierstvom \u2013 simul\u00e1cia phishingu, Z\u00e1\u0165a\u017eov\u00fd test webovej aplik\u00e1cie, Penetra\u010dn\u00fd test webov\u00fdch rozhran\u00ed, Pr\u00edprava a setup a Intern\u00fd penetra\u010dn\u00fd test serverov","og_url":"https:\/\/nethemba.com\/sk\/referencie-old\/ixperta-s-r-o\/","og_site_name":"Nethemba","article_publisher":"https:\/\/www.facebook.com\/nethemba","article_modified_time":"2023-01-08T20:46:06+00:00","og_image":[{"width":160,"height":104,"url":"https:\/\/nethemba.com\/wp-content\/uploads\/2017\/08\/ixperta_nethemba-e1502976847256.png","type":"image\/png"}],"twitter_card":"summary_large_image","twitter_site":"@nethemba","schema":{"@context":"https:\/\/schema.org","@graph":[{"@type":"WebPage","@id":"https:\/\/nethemba.com\/sk\/referencie-old\/ixperta-s-r-o\/","url":"https:\/\/nethemba.com\/sk\/referencie-old\/ixperta-s-r-o\/","name":"iXperta s.r.o - Nethemba","isPartOf":{"@id":"https:\/\/nethemba.com\/de\/#website"},"primaryImageOfPage":{"@id":"https:\/\/nethemba.com\/sk\/referencie-old\/ixperta-s-r-o\/#primaryimage"},"image":{"@id":"https:\/\/nethemba.com\/sk\/referencie-old\/ixperta-s-r-o\/#primaryimage"},"thumbnailUrl":"https:\/\/nethemba.com\/wp-content\/uploads\/2017\/08\/ixperta_nethemba-e1502976847256.png","datePublished":"2017-08-17T13:36:09+00:00","dateModified":"2023-01-08T20:46:06+00:00","breadcrumb":{"@id":"https:\/\/nethemba.com\/sk\/referencie-old\/ixperta-s-r-o\/#breadcrumb"},"inLanguage":"sk-SK","potentialAction":[{"@type":"ReadAction","target":["https:\/\/nethemba.com\/sk\/referencie-old\/ixperta-s-r-o\/"]}]},{"@type":"ImageObject","inLanguage":"sk-SK","@id":"https:\/\/nethemba.com\/sk\/referencie-old\/ixperta-s-r-o\/#primaryimage","url":"https:\/\/nethemba.com\/wp-content\/uploads\/2017\/08\/ixperta_nethemba-e1502976847256.png","contentUrl":"https:\/\/nethemba.com\/wp-content\/uploads\/2017\/08\/ixperta_nethemba-e1502976847256.png","width":160,"height":104},{"@type":"BreadcrumbList","@id":"https:\/\/nethemba.com\/sk\/referencie-old\/ixperta-s-r-o\/#breadcrumb","itemListElement":[{"@type":"ListItem","position":1,"name":"Home","item":"https:\/\/nethemba.com\/sk\/domov\/"},{"@type":"ListItem","position":2,"name":"Referencie OLD","item":"https:\/\/nethemba.com\/sk\/referencie-old\/"},{"@type":"ListItem","position":3,"name":"iXperta s.r.o"}]},{"@type":"WebSite","@id":"https:\/\/nethemba.com\/de\/#website","url":"https:\/\/nethemba.com\/de\/","name":"Nethemba","description":"We care about your security","potentialAction":[{"@type":"SearchAction","target":{"@type":"EntryPoint","urlTemplate":"https:\/\/nethemba.com\/de\/?s={search_term_string}"},"query-input":{"@type":"PropertyValueSpecification","valueRequired":true,"valueName":"search_term_string"}}],"inLanguage":"sk-SK"}]}},"_links":{"self":[{"href":"https:\/\/nethemba.com\/sk\/wp-json\/wp\/v2\/pages\/2427","targetHints":{"allow":["GET"]}}],"collection":[{"href":"https:\/\/nethemba.com\/sk\/wp-json\/wp\/v2\/pages"}],"about":[{"href":"https:\/\/nethemba.com\/sk\/wp-json\/wp\/v2\/types\/page"}],"author":[{"embeddable":true,"href":"https:\/\/nethemba.com\/sk\/wp-json\/wp\/v2\/users\/2"}],"replies":[{"embeddable":true,"href":"https:\/\/nethemba.com\/sk\/wp-json\/wp\/v2\/comments?post=2427"}],"version-history":[{"count":0,"href":"https:\/\/nethemba.com\/sk\/wp-json\/wp\/v2\/pages\/2427\/revisions"}],"up":[{"embeddable":true,"href":"https:\/\/nethemba.com\/sk\/wp-json\/wp\/v2\/pages\/304"}],"wp:featuredmedia":[{"embeddable":true,"href":"https:\/\/nethemba.com\/sk\/wp-json\/wp\/v2\/media\/2423"}],"wp:attachment":[{"href":"https:\/\/nethemba.com\/sk\/wp-json\/wp\/v2\/media?parent=2427"}],"curies":[{"name":"wp","href":"https:\/\/api.w.org\/{rel}","templated":true}]}}