{"id":2516,"date":"2017-09-04T11:47:58","date_gmt":"2017-09-04T11:47:58","guid":{"rendered":"http:\/\/nethemba.com\/sk\/?page_id=2516"},"modified":"2019-10-18T20:59:40","modified_gmt":"2019-10-18T19:59:40","slug":"pojistovna-ceske-sporitelny-a-s-vienna-insurance-group","status":"publish","type":"page","link":"https:\/\/nethemba.com\/sk\/referencie-old\/pojistovna-ceske-sporitelny-a-s-vienna-insurance-group\/","title":{"rendered":"Poji\u0161\u0165ovna \u010cesk\u00e9 spo\u0159itelny, a.s., Vienna Insurance Group"},"content":{"rendered":"<p>Detailn\u00fd bezpe\u010dnostn\u00fd audit webov\u00fdch aplik\u00e1ci\u00ed, Extern\u00fd blackbox penetra\u010dn\u00fd test, Intranetov\u00fd penetra\u010dn\u00fd test, Zhodnotenie zabezpe\u010denia pracovnej stanice, Overenie antimalware rie\u0161enia, \u00a0Bezpe\u010dnostn\u00fd audit bezdr\u00f4tovej siete, \u0160tandardn\u00fd penetra\u010dn\u00fd test webov\u00fdch aplik\u00e1ci\u00ed, Bezpe\u010dnostn\u00fd audit mobilnej aplik\u00e1cie<\/p>\n","protected":false},"excerpt":{"rendered":"<p>Detailn\u00fd bezpe\u010dnostn\u00fd audit webov\u00fdch aplik\u00e1ci\u00ed, Extern\u00fd blackbox penetra\u010dn\u00fd test, Intranetov\u00fd penetra\u010dn\u00fd test, Zhodnotenie zabezpe\u010denia pracovnej stanice, Overenie antimalware rie\u0161enia, \u00a0Bezpe\u010dnostn\u00fd audit bezdr\u00f4tovej siete, \u0160tandardn\u00fd penetra\u010dn\u00fd test webov\u00fdch aplik\u00e1ci\u00ed, Bezpe\u010dnostn\u00fd audit mobilnej aplik\u00e1cie<\/p>\n","protected":false},"author":2,"featured_media":2441,"parent":304,"menu_order":0,"comment_status":"closed","ping_status":"closed","template":"","meta":{"inline_featured_image":false,"_monsterinsights_skip_tracking":false,"_monsterinsights_sitenote_active":false,"_monsterinsights_sitenote_note":"","_monsterinsights_sitenote_category":0,"footnotes":""},"class_list":["post-2516","page","type-page","status-publish","has-post-thumbnail","hentry"],"yoast_head":"<!-- This site is optimized with the Yoast SEO plugin v27.3 - https:\/\/yoast.com\/product\/yoast-seo-wordpress\/ -->\n<title>Poji\u0161\u0165ovna \u010cesk\u00e9 spo\u0159itelny, a.s., Vienna Insurance Group - Nethemba<\/title>\n<meta name=\"robots\" content=\"index, follow, max-snippet:-1, max-image-preview:large, max-video-preview:-1\" \/>\n<link rel=\"canonical\" href=\"https:\/\/nethemba.com\/sk\/referencie-old\/pojistovna-ceske-sporitelny-a-s-vienna-insurance-group\/\" \/>\n<meta property=\"og:locale\" content=\"sk_SK\" \/>\n<meta property=\"og:type\" content=\"article\" \/>\n<meta property=\"og:title\" content=\"Poji\u0161\u0165ovna \u010cesk\u00e9 spo\u0159itelny, a.s., Vienna Insurance Group - Nethemba\" \/>\n<meta property=\"og:description\" content=\"Detailn\u00fd bezpe\u010dnostn\u00fd audit webov\u00fdch aplik\u00e1ci\u00ed, Extern\u00fd blackbox penetra\u010dn\u00fd test, Intranetov\u00fd penetra\u010dn\u00fd test, Zhodnotenie zabezpe\u010denia pracovnej stanice, Overenie antimalware rie\u0161enia, \u00a0Bezpe\u010dnostn\u00fd audit bezdr\u00f4tovej siete, \u0160tandardn\u00fd penetra\u010dn\u00fd test webov\u00fdch aplik\u00e1ci\u00ed, Bezpe\u010dnostn\u00fd audit mobilnej aplik\u00e1cie\" \/>\n<meta property=\"og:url\" content=\"https:\/\/nethemba.com\/sk\/referencie-old\/pojistovna-ceske-sporitelny-a-s-vienna-insurance-group\/\" \/>\n<meta property=\"og:site_name\" content=\"Nethemba\" \/>\n<meta property=\"article:publisher\" content=\"https:\/\/www.facebook.com\/nethemba\" \/>\n<meta property=\"article:modified_time\" content=\"2019-10-18T19:59:40+00:00\" \/>\n<meta property=\"og:image\" content=\"https:\/\/nethemba.com\/wp-content\/uploads\/2017\/08\/pojistovna_ceske_sporitelny_Nethemba-e1502978822456.jpg\" \/>\n\t<meta property=\"og:image:width\" content=\"160\" \/>\n\t<meta property=\"og:image:height\" content=\"75\" \/>\n\t<meta property=\"og:image:type\" content=\"image\/jpeg\" \/>\n<meta name=\"twitter:card\" content=\"summary_large_image\" \/>\n<meta name=\"twitter:site\" content=\"@nethemba\" \/>\n<script type=\"application\/ld+json\" class=\"yoast-schema-graph\">{\"@context\":\"https:\\\/\\\/schema.org\",\"@graph\":[{\"@type\":\"WebPage\",\"@id\":\"https:\\\/\\\/nethemba.com\\\/sk\\\/referencie-old\\\/pojistovna-ceske-sporitelny-a-s-vienna-insurance-group\\\/\",\"url\":\"https:\\\/\\\/nethemba.com\\\/sk\\\/referencie-old\\\/pojistovna-ceske-sporitelny-a-s-vienna-insurance-group\\\/\",\"name\":\"Poji\u0161\u0165ovna \u010cesk\u00e9 spo\u0159itelny, a.s., Vienna Insurance Group - Nethemba\",\"isPartOf\":{\"@id\":\"https:\\\/\\\/nethemba.com\\\/de\\\/#website\"},\"primaryImageOfPage\":{\"@id\":\"https:\\\/\\\/nethemba.com\\\/sk\\\/referencie-old\\\/pojistovna-ceske-sporitelny-a-s-vienna-insurance-group\\\/#primaryimage\"},\"image\":{\"@id\":\"https:\\\/\\\/nethemba.com\\\/sk\\\/referencie-old\\\/pojistovna-ceske-sporitelny-a-s-vienna-insurance-group\\\/#primaryimage\"},\"thumbnailUrl\":\"https:\\\/\\\/nethemba.com\\\/wp-content\\\/uploads\\\/2017\\\/08\\\/pojistovna_ceske_sporitelny_Nethemba-e1502978822456.jpg\",\"datePublished\":\"2017-09-04T11:47:58+00:00\",\"dateModified\":\"2019-10-18T19:59:40+00:00\",\"breadcrumb\":{\"@id\":\"https:\\\/\\\/nethemba.com\\\/sk\\\/referencie-old\\\/pojistovna-ceske-sporitelny-a-s-vienna-insurance-group\\\/#breadcrumb\"},\"inLanguage\":\"sk-SK\",\"potentialAction\":[{\"@type\":\"ReadAction\",\"target\":[\"https:\\\/\\\/nethemba.com\\\/sk\\\/referencie-old\\\/pojistovna-ceske-sporitelny-a-s-vienna-insurance-group\\\/\"]}]},{\"@type\":\"ImageObject\",\"inLanguage\":\"sk-SK\",\"@id\":\"https:\\\/\\\/nethemba.com\\\/sk\\\/referencie-old\\\/pojistovna-ceske-sporitelny-a-s-vienna-insurance-group\\\/#primaryimage\",\"url\":\"https:\\\/\\\/nethemba.com\\\/wp-content\\\/uploads\\\/2017\\\/08\\\/pojistovna_ceske_sporitelny_Nethemba-e1502978822456.jpg\",\"contentUrl\":\"https:\\\/\\\/nethemba.com\\\/wp-content\\\/uploads\\\/2017\\\/08\\\/pojistovna_ceske_sporitelny_Nethemba-e1502978822456.jpg\",\"width\":160,\"height\":75},{\"@type\":\"BreadcrumbList\",\"@id\":\"https:\\\/\\\/nethemba.com\\\/sk\\\/referencie-old\\\/pojistovna-ceske-sporitelny-a-s-vienna-insurance-group\\\/#breadcrumb\",\"itemListElement\":[{\"@type\":\"ListItem\",\"position\":1,\"name\":\"Home\",\"item\":\"https:\\\/\\\/nethemba.com\\\/sk\\\/domov\\\/\"},{\"@type\":\"ListItem\",\"position\":2,\"name\":\"Referencie OLD\",\"item\":\"https:\\\/\\\/nethemba.com\\\/sk\\\/referencie-old\\\/\"},{\"@type\":\"ListItem\",\"position\":3,\"name\":\"Poji\u0161\u0165ovna \u010cesk\u00e9 spo\u0159itelny, a.s., Vienna Insurance Group\"}]},{\"@type\":\"WebSite\",\"@id\":\"https:\\\/\\\/nethemba.com\\\/de\\\/#website\",\"url\":\"https:\\\/\\\/nethemba.com\\\/de\\\/\",\"name\":\"Nethemba\",\"description\":\"We care about your security\",\"potentialAction\":[{\"@type\":\"SearchAction\",\"target\":{\"@type\":\"EntryPoint\",\"urlTemplate\":\"https:\\\/\\\/nethemba.com\\\/de\\\/?s={search_term_string}\"},\"query-input\":{\"@type\":\"PropertyValueSpecification\",\"valueRequired\":true,\"valueName\":\"search_term_string\"}}],\"inLanguage\":\"sk-SK\"}]}<\/script>\n<!-- \/ Yoast SEO plugin. -->","yoast_head_json":{"title":"Poji\u0161\u0165ovna \u010cesk\u00e9 spo\u0159itelny, a.s., Vienna Insurance Group - Nethemba","robots":{"index":"index","follow":"follow","max-snippet":"max-snippet:-1","max-image-preview":"max-image-preview:large","max-video-preview":"max-video-preview:-1"},"canonical":"https:\/\/nethemba.com\/sk\/referencie-old\/pojistovna-ceske-sporitelny-a-s-vienna-insurance-group\/","og_locale":"sk_SK","og_type":"article","og_title":"Poji\u0161\u0165ovna \u010cesk\u00e9 spo\u0159itelny, a.s., Vienna Insurance Group - Nethemba","og_description":"Detailn\u00fd bezpe\u010dnostn\u00fd audit webov\u00fdch aplik\u00e1ci\u00ed, Extern\u00fd blackbox penetra\u010dn\u00fd test, Intranetov\u00fd penetra\u010dn\u00fd test, Zhodnotenie zabezpe\u010denia pracovnej stanice, Overenie antimalware rie\u0161enia, \u00a0Bezpe\u010dnostn\u00fd audit bezdr\u00f4tovej siete, \u0160tandardn\u00fd penetra\u010dn\u00fd test webov\u00fdch aplik\u00e1ci\u00ed, Bezpe\u010dnostn\u00fd audit mobilnej aplik\u00e1cie","og_url":"https:\/\/nethemba.com\/sk\/referencie-old\/pojistovna-ceske-sporitelny-a-s-vienna-insurance-group\/","og_site_name":"Nethemba","article_publisher":"https:\/\/www.facebook.com\/nethemba","article_modified_time":"2019-10-18T19:59:40+00:00","og_image":[{"width":160,"height":75,"url":"https:\/\/nethemba.com\/wp-content\/uploads\/2017\/08\/pojistovna_ceske_sporitelny_Nethemba-e1502978822456.jpg","type":"image\/jpeg"}],"twitter_card":"summary_large_image","twitter_site":"@nethemba","schema":{"@context":"https:\/\/schema.org","@graph":[{"@type":"WebPage","@id":"https:\/\/nethemba.com\/sk\/referencie-old\/pojistovna-ceske-sporitelny-a-s-vienna-insurance-group\/","url":"https:\/\/nethemba.com\/sk\/referencie-old\/pojistovna-ceske-sporitelny-a-s-vienna-insurance-group\/","name":"Poji\u0161\u0165ovna \u010cesk\u00e9 spo\u0159itelny, a.s., Vienna Insurance Group - Nethemba","isPartOf":{"@id":"https:\/\/nethemba.com\/de\/#website"},"primaryImageOfPage":{"@id":"https:\/\/nethemba.com\/sk\/referencie-old\/pojistovna-ceske-sporitelny-a-s-vienna-insurance-group\/#primaryimage"},"image":{"@id":"https:\/\/nethemba.com\/sk\/referencie-old\/pojistovna-ceske-sporitelny-a-s-vienna-insurance-group\/#primaryimage"},"thumbnailUrl":"https:\/\/nethemba.com\/wp-content\/uploads\/2017\/08\/pojistovna_ceske_sporitelny_Nethemba-e1502978822456.jpg","datePublished":"2017-09-04T11:47:58+00:00","dateModified":"2019-10-18T19:59:40+00:00","breadcrumb":{"@id":"https:\/\/nethemba.com\/sk\/referencie-old\/pojistovna-ceske-sporitelny-a-s-vienna-insurance-group\/#breadcrumb"},"inLanguage":"sk-SK","potentialAction":[{"@type":"ReadAction","target":["https:\/\/nethemba.com\/sk\/referencie-old\/pojistovna-ceske-sporitelny-a-s-vienna-insurance-group\/"]}]},{"@type":"ImageObject","inLanguage":"sk-SK","@id":"https:\/\/nethemba.com\/sk\/referencie-old\/pojistovna-ceske-sporitelny-a-s-vienna-insurance-group\/#primaryimage","url":"https:\/\/nethemba.com\/wp-content\/uploads\/2017\/08\/pojistovna_ceske_sporitelny_Nethemba-e1502978822456.jpg","contentUrl":"https:\/\/nethemba.com\/wp-content\/uploads\/2017\/08\/pojistovna_ceske_sporitelny_Nethemba-e1502978822456.jpg","width":160,"height":75},{"@type":"BreadcrumbList","@id":"https:\/\/nethemba.com\/sk\/referencie-old\/pojistovna-ceske-sporitelny-a-s-vienna-insurance-group\/#breadcrumb","itemListElement":[{"@type":"ListItem","position":1,"name":"Home","item":"https:\/\/nethemba.com\/sk\/domov\/"},{"@type":"ListItem","position":2,"name":"Referencie OLD","item":"https:\/\/nethemba.com\/sk\/referencie-old\/"},{"@type":"ListItem","position":3,"name":"Poji\u0161\u0165ovna \u010cesk\u00e9 spo\u0159itelny, a.s., Vienna Insurance Group"}]},{"@type":"WebSite","@id":"https:\/\/nethemba.com\/de\/#website","url":"https:\/\/nethemba.com\/de\/","name":"Nethemba","description":"We care about your security","potentialAction":[{"@type":"SearchAction","target":{"@type":"EntryPoint","urlTemplate":"https:\/\/nethemba.com\/de\/?s={search_term_string}"},"query-input":{"@type":"PropertyValueSpecification","valueRequired":true,"valueName":"search_term_string"}}],"inLanguage":"sk-SK"}]}},"_links":{"self":[{"href":"https:\/\/nethemba.com\/sk\/wp-json\/wp\/v2\/pages\/2516","targetHints":{"allow":["GET"]}}],"collection":[{"href":"https:\/\/nethemba.com\/sk\/wp-json\/wp\/v2\/pages"}],"about":[{"href":"https:\/\/nethemba.com\/sk\/wp-json\/wp\/v2\/types\/page"}],"author":[{"embeddable":true,"href":"https:\/\/nethemba.com\/sk\/wp-json\/wp\/v2\/users\/2"}],"replies":[{"embeddable":true,"href":"https:\/\/nethemba.com\/sk\/wp-json\/wp\/v2\/comments?post=2516"}],"version-history":[{"count":0,"href":"https:\/\/nethemba.com\/sk\/wp-json\/wp\/v2\/pages\/2516\/revisions"}],"up":[{"embeddable":true,"href":"https:\/\/nethemba.com\/sk\/wp-json\/wp\/v2\/pages\/304"}],"wp:featuredmedia":[{"embeddable":true,"href":"https:\/\/nethemba.com\/sk\/wp-json\/wp\/v2\/media\/2441"}],"wp:attachment":[{"href":"https:\/\/nethemba.com\/sk\/wp-json\/wp\/v2\/media?parent=2516"}],"curies":[{"name":"wp","href":"https:\/\/api.w.org\/{rel}","templated":true}]}}