{"id":2531,"date":"2017-09-22T10:53:39","date_gmt":"2017-09-22T10:53:39","guid":{"rendered":"http:\/\/nethemba.com\/sk\/sluzby\/sietova-a-systemova-bezpecnost\/bezpecnost-scada-systemov\/"},"modified":"2019-07-23T02:31:22","modified_gmt":"2019-07-23T01:31:22","slug":"bezpecnost-scada-systemov","status":"publish","type":"page","link":"https:\/\/nethemba.com\/sk\/sluzby\/sietova-a-systemova-bezpecnost\/bezpecnost-scada-systemov\/","title":{"rendered":"Bezpe\u010dnos\u0165 SCADA syst\u00e9mov"},"content":{"rendered":"<p lang=\"de-DE\">Organiz\u00e1ci\u00e1m pon\u00fakame ochranu ich kritickej infra\u0161trukt\u00fary identifikovan\u00edm extern\u00fdch a intern\u00fdch zranite\u013enost\u00ed v OT prostred\u00ed. Pon\u00fakame komplexn\u00fa previerku kybernetickej bezpe\u010dnosti v oblasti industri\u00e1lnych kontroln\u00fdch syst\u00e9mov ICS\/ SCADA\/ DCS. N\u00e1\u0161 certifikovan\u00fd expert vytvor\u00ed na mieru \u0161it\u00fa bezpe\u010dnostn\u00fa previerku a penetra\u010dn\u00fd test. Identifikovan\u00edm riz\u00edk kritick\u00fdch akt\u00edv ICS, odhalen\u00edm hrozieb a vypracovan\u00edm pl\u00e1nu o\u0161etrenia riz\u00edk efekt\u00edvne chr\u00e1nime ICS\/ SCADA infra\u0161trukt\u00faru, procesy a fyzick\u00e9 prostredie. Rozumieme senzit\u00edvnemu prostrediu ICS \/SCADA a preto pristupujeme k penetra\u010dn\u00e9mu testovaniu zodpovedne s vlastnou metodol\u00f3giou, ktor\u00e1 neinterferuje s v\u00fdrobn\u00fdm produk\u010dn\u00fdm prostred\u00edm.<\/p>\n<p lang=\"de-DE\"><b>Testovanie zah\u0155\u0148a:<\/b><\/p>\n<div lang=\"de-DE\">\u2013 Previerka fyzickej bezpe\u010dnosti ICS\/ DCS komponentov (technick\u00e9 miestnosti, d\u00e1tov\u00e9 centr\u00e1)<\/div>\n<div lang=\"de-DE\">\u2013 Hodnotenie vyspelosti bezpe\u010dnostn\u00e9ho povedomia oper\u00e1torov a ved\u00facich prev\u00e1dzok<\/div>\n<div lang=\"de-DE\">\u2013 Preverenie bezpe\u010dnostn\u00fdch polit\u00edk, proced\u00far, procesov v OT prostred\u00ed pod\u013ea \u0161tandardov NIST a ISA IEC 62443<\/div>\n<div lang=\"de-DE\">\u2013 Ohodnotenie vyspelosti kybernetickej bezpe\u010dnosti v prev\u00e1dzke OT<\/div>\n<div lang=\"de-DE\">\u2013 Identifik\u00e1cia riz\u00edk a hrozieb v sie\u0165ovej architekt\u00fare PCN (Process Control Network)<\/div>\n<div lang=\"de-DE\">\u2013 Identifik\u00e1cia riz\u00edk a hrozieb komponentov PCN \u010dasti (HMI, Engineering and SCADA workstation apod.)<\/div>\n<div lang=\"de-DE\">\u2013 Previerka bezdr\u00f4tov\u00fdch komunik\u00e1ci\u00ed<\/div>\n<div lang=\"de-DE\">\u2013 Penetra\u010dn\u00e9 testovanie vlastnou metodol\u00f3giou<\/div>\n<div lang=\"de-DE\">\u2013 Identifik\u00e1cia sie\u0165ov\u00fdch hrozieb pas\u00edvnym SCADA IDS senzorom (volite\u013en\u00e9)<\/div>\n<div lang=\"de-DE\"><\/div>\n<p lang=\"de-DE\"><b>Vhodn\u00e9 pre:<\/b><\/p>\n<div lang=\"de-DE\">\u2013 v\u0161etky priemyseln\u00e9 spolo\u010dnosti<\/div>\n<div lang=\"de-DE\">\u2013 dopravn\u00fd priemysel, chemick\u00fd priemysel, vodn\u00fd priemysel, ropn\u00fd priemysel, at\u00f3mov\u00e9 elektr\u00e1rne a mnoh\u00e9 \u010fal\u0161ie<\/div>\n<p lang=\"de-DE\"><b>Trvanie testovania:<\/b> z\u00e1vis\u00ed od komplexnosti infra\u0161trukt\u00fary<\/p>\n<p lang=\"de-DE\"><b>Rozsah v\u00fdslednej spr\u00e1vy:<\/b> 40 \u2013 100 str\u00e1n<\/p>\n","protected":false},"excerpt":{"rendered":"<p>Organiz\u00e1ci\u00e1m pon\u00fakame ochranu ich kritickej infra\u0161trukt\u00fary identifikovan\u00edm extern\u00fdch a intern\u00fdch zranite\u013enost\u00ed v OT prostred\u00ed. Pon\u00fakame komplexn\u00fa previerku kybernetickej bezpe\u010dnosti v oblasti industri\u00e1lnych kontroln\u00fdch syst\u00e9mov ICS\/ SCADA\/ DCS. N\u00e1\u0161 certifikovan\u00fd expert vytvor\u00ed na mieru \u0161it\u00fa bezpe\u010dnostn\u00fa previerku a penetra\u010dn\u00fd test. Identifikovan\u00edm riz\u00edk kritick\u00fdch akt\u00edv ICS, odhalen\u00edm hrozieb a vypracovan\u00edm pl\u00e1nu o\u0161etrenia riz\u00edk efekt\u00edvne chr\u00e1nime ICS\/ SCADA [&hellip;]<\/p>\n","protected":false},"author":2,"featured_media":0,"parent":381,"menu_order":7,"comment_status":"closed","ping_status":"closed","template":"services_detail.php","meta":{"inline_featured_image":false,"_monsterinsights_skip_tracking":false,"_monsterinsights_sitenote_active":false,"_monsterinsights_sitenote_note":"","_monsterinsights_sitenote_category":0,"footnotes":""},"class_list":["post-2531","page","type-page","status-publish","hentry"],"yoast_head":"<!-- This site is optimized with the Yoast SEO plugin v27.4 - https:\/\/yoast.com\/product\/yoast-seo-wordpress\/ -->\n<title>Bezpe\u010dnos\u0165 SCADA syst\u00e9mov - Nethemba<\/title>\n<meta name=\"description\" content=\"Penetra\u010dn\u00e9 testovanie SCADA syst\u00e9mov pre v\u0161etky priemyseln\u00e9 spolo\u010dnosti. Previerka kybernetickej bezpe\u010dnosti kontroln\u00fdch syst\u00e9mov ICS\/ SCADA\/ DCS.\" \/>\n<meta name=\"robots\" content=\"index, follow, max-snippet:-1, max-image-preview:large, max-video-preview:-1\" \/>\n<link rel=\"canonical\" href=\"https:\/\/nethemba.com\/sk\/sluzby\/sietova-a-systemova-bezpecnost\/bezpecnost-scada-systemov\/\" \/>\n<meta property=\"og:locale\" content=\"sk_SK\" \/>\n<meta property=\"og:type\" content=\"article\" \/>\n<meta property=\"og:title\" content=\"Bezpe\u010dnos\u0165 SCADA syst\u00e9mov - Nethemba\" \/>\n<meta property=\"og:description\" content=\"Penetra\u010dn\u00e9 testovanie SCADA syst\u00e9mov pre v\u0161etky priemyseln\u00e9 spolo\u010dnosti. Previerka kybernetickej bezpe\u010dnosti kontroln\u00fdch syst\u00e9mov ICS\/ SCADA\/ DCS.\" \/>\n<meta property=\"og:url\" content=\"https:\/\/nethemba.com\/sk\/sluzby\/sietova-a-systemova-bezpecnost\/bezpecnost-scada-systemov\/\" \/>\n<meta property=\"og:site_name\" content=\"Nethemba\" \/>\n<meta property=\"article:publisher\" content=\"https:\/\/www.facebook.com\/nethemba\" \/>\n<meta property=\"article:modified_time\" content=\"2019-07-23T01:31:22+00:00\" \/>\n<meta name=\"twitter:card\" content=\"summary_large_image\" \/>\n<meta name=\"twitter:site\" content=\"@nethemba\" \/>\n<meta name=\"twitter:label1\" content=\"Predpokladan\u00fd \u010das \u010d\u00edtania\" \/>\n\t<meta name=\"twitter:data1\" content=\"1 min\u00fata\" \/>\n<script type=\"application\/ld+json\" class=\"yoast-schema-graph\">{\"@context\":\"https:\\\/\\\/schema.org\",\"@graph\":[{\"@type\":\"WebPage\",\"@id\":\"https:\\\/\\\/nethemba.com\\\/sk\\\/sluzby\\\/sietova-a-systemova-bezpecnost\\\/bezpecnost-scada-systemov\\\/\",\"url\":\"https:\\\/\\\/nethemba.com\\\/sk\\\/sluzby\\\/sietova-a-systemova-bezpecnost\\\/bezpecnost-scada-systemov\\\/\",\"name\":\"Bezpe\u010dnos\u0165 SCADA syst\u00e9mov - Nethemba\",\"isPartOf\":{\"@id\":\"https:\\\/\\\/nethemba.com\\\/de\\\/#website\"},\"datePublished\":\"2017-09-22T10:53:39+00:00\",\"dateModified\":\"2019-07-23T01:31:22+00:00\",\"description\":\"Penetra\u010dn\u00e9 testovanie SCADA syst\u00e9mov pre v\u0161etky priemyseln\u00e9 spolo\u010dnosti. Previerka kybernetickej bezpe\u010dnosti kontroln\u00fdch syst\u00e9mov ICS\\\/ SCADA\\\/ DCS.\",\"breadcrumb\":{\"@id\":\"https:\\\/\\\/nethemba.com\\\/sk\\\/sluzby\\\/sietova-a-systemova-bezpecnost\\\/bezpecnost-scada-systemov\\\/#breadcrumb\"},\"inLanguage\":\"sk-SK\",\"potentialAction\":[{\"@type\":\"ReadAction\",\"target\":[\"https:\\\/\\\/nethemba.com\\\/sk\\\/sluzby\\\/sietova-a-systemova-bezpecnost\\\/bezpecnost-scada-systemov\\\/\"]}]},{\"@type\":\"BreadcrumbList\",\"@id\":\"https:\\\/\\\/nethemba.com\\\/sk\\\/sluzby\\\/sietova-a-systemova-bezpecnost\\\/bezpecnost-scada-systemov\\\/#breadcrumb\",\"itemListElement\":[{\"@type\":\"ListItem\",\"position\":1,\"name\":\"Home\",\"item\":\"https:\\\/\\\/nethemba.com\\\/sk\\\/domov\\\/\"},{\"@type\":\"ListItem\",\"position\":2,\"name\":\"Slu\u017eby\",\"item\":\"https:\\\/\\\/nethemba.com\\\/sk\\\/sluzby\\\/\"},{\"@type\":\"ListItem\",\"position\":3,\"name\":\"Sie\u0165ov\u00e1 a syst\u00e9mov\u00e1 bezpe\u010dnos\u0165\",\"item\":\"https:\\\/\\\/nethemba.com\\\/sk\\\/sluzby\\\/sietova-a-systemova-bezpecnost\\\/\"},{\"@type\":\"ListItem\",\"position\":4,\"name\":\"Bezpe\u010dnos\u0165 SCADA syst\u00e9mov\"}]},{\"@type\":\"WebSite\",\"@id\":\"https:\\\/\\\/nethemba.com\\\/de\\\/#website\",\"url\":\"https:\\\/\\\/nethemba.com\\\/de\\\/\",\"name\":\"Nethemba\",\"description\":\"We care about your security\",\"potentialAction\":[{\"@type\":\"SearchAction\",\"target\":{\"@type\":\"EntryPoint\",\"urlTemplate\":\"https:\\\/\\\/nethemba.com\\\/de\\\/?s={search_term_string}\"},\"query-input\":{\"@type\":\"PropertyValueSpecification\",\"valueRequired\":true,\"valueName\":\"search_term_string\"}}],\"inLanguage\":\"sk-SK\"}]}<\/script>\n<!-- \/ Yoast SEO plugin. -->","yoast_head_json":{"title":"Bezpe\u010dnos\u0165 SCADA syst\u00e9mov - Nethemba","description":"Penetra\u010dn\u00e9 testovanie SCADA syst\u00e9mov pre v\u0161etky priemyseln\u00e9 spolo\u010dnosti. Previerka kybernetickej bezpe\u010dnosti kontroln\u00fdch syst\u00e9mov ICS\/ SCADA\/ DCS.","robots":{"index":"index","follow":"follow","max-snippet":"max-snippet:-1","max-image-preview":"max-image-preview:large","max-video-preview":"max-video-preview:-1"},"canonical":"https:\/\/nethemba.com\/sk\/sluzby\/sietova-a-systemova-bezpecnost\/bezpecnost-scada-systemov\/","og_locale":"sk_SK","og_type":"article","og_title":"Bezpe\u010dnos\u0165 SCADA syst\u00e9mov - Nethemba","og_description":"Penetra\u010dn\u00e9 testovanie SCADA syst\u00e9mov pre v\u0161etky priemyseln\u00e9 spolo\u010dnosti. Previerka kybernetickej bezpe\u010dnosti kontroln\u00fdch syst\u00e9mov ICS\/ SCADA\/ DCS.","og_url":"https:\/\/nethemba.com\/sk\/sluzby\/sietova-a-systemova-bezpecnost\/bezpecnost-scada-systemov\/","og_site_name":"Nethemba","article_publisher":"https:\/\/www.facebook.com\/nethemba","article_modified_time":"2019-07-23T01:31:22+00:00","twitter_card":"summary_large_image","twitter_site":"@nethemba","twitter_misc":{"Predpokladan\u00fd \u010das \u010d\u00edtania":"1 min\u00fata"},"schema":{"@context":"https:\/\/schema.org","@graph":[{"@type":"WebPage","@id":"https:\/\/nethemba.com\/sk\/sluzby\/sietova-a-systemova-bezpecnost\/bezpecnost-scada-systemov\/","url":"https:\/\/nethemba.com\/sk\/sluzby\/sietova-a-systemova-bezpecnost\/bezpecnost-scada-systemov\/","name":"Bezpe\u010dnos\u0165 SCADA syst\u00e9mov - Nethemba","isPartOf":{"@id":"https:\/\/nethemba.com\/de\/#website"},"datePublished":"2017-09-22T10:53:39+00:00","dateModified":"2019-07-23T01:31:22+00:00","description":"Penetra\u010dn\u00e9 testovanie SCADA syst\u00e9mov pre v\u0161etky priemyseln\u00e9 spolo\u010dnosti. Previerka kybernetickej bezpe\u010dnosti kontroln\u00fdch syst\u00e9mov ICS\/ SCADA\/ DCS.","breadcrumb":{"@id":"https:\/\/nethemba.com\/sk\/sluzby\/sietova-a-systemova-bezpecnost\/bezpecnost-scada-systemov\/#breadcrumb"},"inLanguage":"sk-SK","potentialAction":[{"@type":"ReadAction","target":["https:\/\/nethemba.com\/sk\/sluzby\/sietova-a-systemova-bezpecnost\/bezpecnost-scada-systemov\/"]}]},{"@type":"BreadcrumbList","@id":"https:\/\/nethemba.com\/sk\/sluzby\/sietova-a-systemova-bezpecnost\/bezpecnost-scada-systemov\/#breadcrumb","itemListElement":[{"@type":"ListItem","position":1,"name":"Home","item":"https:\/\/nethemba.com\/sk\/domov\/"},{"@type":"ListItem","position":2,"name":"Slu\u017eby","item":"https:\/\/nethemba.com\/sk\/sluzby\/"},{"@type":"ListItem","position":3,"name":"Sie\u0165ov\u00e1 a syst\u00e9mov\u00e1 bezpe\u010dnos\u0165","item":"https:\/\/nethemba.com\/sk\/sluzby\/sietova-a-systemova-bezpecnost\/"},{"@type":"ListItem","position":4,"name":"Bezpe\u010dnos\u0165 SCADA syst\u00e9mov"}]},{"@type":"WebSite","@id":"https:\/\/nethemba.com\/de\/#website","url":"https:\/\/nethemba.com\/de\/","name":"Nethemba","description":"We care about your security","potentialAction":[{"@type":"SearchAction","target":{"@type":"EntryPoint","urlTemplate":"https:\/\/nethemba.com\/de\/?s={search_term_string}"},"query-input":{"@type":"PropertyValueSpecification","valueRequired":true,"valueName":"search_term_string"}}],"inLanguage":"sk-SK"}]}},"_links":{"self":[{"href":"https:\/\/nethemba.com\/sk\/wp-json\/wp\/v2\/pages\/2531","targetHints":{"allow":["GET"]}}],"collection":[{"href":"https:\/\/nethemba.com\/sk\/wp-json\/wp\/v2\/pages"}],"about":[{"href":"https:\/\/nethemba.com\/sk\/wp-json\/wp\/v2\/types\/page"}],"author":[{"embeddable":true,"href":"https:\/\/nethemba.com\/sk\/wp-json\/wp\/v2\/users\/2"}],"replies":[{"embeddable":true,"href":"https:\/\/nethemba.com\/sk\/wp-json\/wp\/v2\/comments?post=2531"}],"version-history":[{"count":0,"href":"https:\/\/nethemba.com\/sk\/wp-json\/wp\/v2\/pages\/2531\/revisions"}],"up":[{"embeddable":true,"href":"https:\/\/nethemba.com\/sk\/wp-json\/wp\/v2\/pages\/381"}],"wp:attachment":[{"href":"https:\/\/nethemba.com\/sk\/wp-json\/wp\/v2\/media?parent=2531"}],"curies":[{"name":"wp","href":"https:\/\/api.w.org\/{rel}","templated":true}]}}