{"id":2589,"date":"2018-01-17T10:44:28","date_gmt":"2018-01-17T10:44:28","guid":{"rendered":"http:\/\/nethemba.com\/sk\/?page_id=2589"},"modified":"2018-01-17T10:44:28","modified_gmt":"2018-01-17T10:44:28","slug":"peter-sooky","status":"publish","type":"page","link":"https:\/\/nethemba.com\/sk\/o-nas-old\/nas-tim\/peter-sooky\/","title":{"rendered":"Peter So\u00f3ky"},"content":{"rendered":"<p>Bakal\u00e1rske \u0161t\u00fadium absolvoval na VUT v Brne a n\u00e1sledne vy\u0161tudoval na Masarykovej Univerzite, s magisterskou pr\u00e1cou zameranou na v\u00fdvoj honeypotov. Po\u010das \u0161t\u00fadi\u00ed mal mo\u017enos\u0165 spolupracova\u0165 s CZ NIC Labs a N\u00e1rodn\u00fdm \u00faradom pre kybernetick\u00fa bezpe\u010dnos\u0165 \u010deskej republiky, kde sa venoval v\u00fdvoju bezpe\u010dn\u00e9ho softv\u00e9ru.<\/p>\n<p>Peter disponuje hlbok\u00fdmi znalos\u0165ami\u00a0oblasti po\u010d\u00edta\u010dovej vedy a\u00a0bezpe\u010dnosti informa\u010dn\u00fdch technol\u00f3gi\u00ed. Ovl\u00e1da mno\u017estvo programovac\u00edch jazykov (ASM, C\/C++, Java, Python, Perl, Ruby a pod.) a nieko\u013eko syst\u00e9mov datab\u00e1zov\u00e9ho mana\u017ementu (MySQL, PostgreSQL, Sqlite).<\/p>\n<p>V\u00a0r\u00e1mci rozvoja svojich schopnost\u00ed, pravidelne participuje na s\u00fa\u0165a\u017eiach Capture The Flag, kde sa venuje penetra\u010dn\u00e9mu testovaniu a\u00a0forenzn\u00fdm anal\u00fdzam.<\/p>\n","protected":false},"excerpt":{"rendered":"<p>Bakal\u00e1rske \u0161t\u00fadium absolvoval na VUT v Brne a n\u00e1sledne vy\u0161tudoval na Masarykovej Univerzite, s magisterskou pr\u00e1cou zameranou na v\u00fdvoj honeypotov. Po\u010das \u0161t\u00fadi\u00ed mal mo\u017enos\u0165 spolupracova\u0165 s CZ NIC Labs a N\u00e1rodn\u00fdm \u00faradom pre kybernetick\u00fa bezpe\u010dnos\u0165 \u010deskej republiky, kde sa venoval v\u00fdvoju bezpe\u010dn\u00e9ho softv\u00e9ru. Peter disponuje hlbok\u00fdmi znalos\u0165ami\u00a0oblasti po\u010d\u00edta\u010dovej vedy a\u00a0bezpe\u010dnosti informa\u010dn\u00fdch technol\u00f3gi\u00ed. Ovl\u00e1da mno\u017estvo programovac\u00edch [&hellip;]<\/p>\n","protected":false},"author":2,"featured_media":0,"parent":546,"menu_order":9,"comment_status":"closed","ping_status":"closed","template":"","meta":{"inline_featured_image":false,"_monsterinsights_skip_tracking":false,"_monsterinsights_sitenote_active":false,"_monsterinsights_sitenote_note":"","_monsterinsights_sitenote_category":0,"footnotes":""},"class_list":["post-2589","page","type-page","status-publish","hentry"],"yoast_head":"<!-- This site is optimized with the Yoast SEO plugin v27.4 - https:\/\/yoast.com\/product\/yoast-seo-wordpress\/ -->\n<title>Peter So\u00f3ky - Nethemba<\/title>\n<meta name=\"robots\" content=\"index, follow, max-snippet:-1, max-image-preview:large, max-video-preview:-1\" \/>\n<link rel=\"canonical\" href=\"https:\/\/nethemba.com\/sk\/o-nas-old\/nas-tim\/peter-sooky\/\" \/>\n<meta property=\"og:locale\" content=\"sk_SK\" \/>\n<meta property=\"og:type\" content=\"article\" \/>\n<meta property=\"og:title\" content=\"Peter So\u00f3ky - Nethemba\" \/>\n<meta property=\"og:description\" content=\"Bakal\u00e1rske \u0161t\u00fadium absolvoval na VUT v Brne a n\u00e1sledne vy\u0161tudoval na Masarykovej Univerzite, s magisterskou pr\u00e1cou zameranou na v\u00fdvoj honeypotov. Po\u010das \u0161t\u00fadi\u00ed mal mo\u017enos\u0165 spolupracova\u0165 s CZ NIC Labs a N\u00e1rodn\u00fdm \u00faradom pre kybernetick\u00fa bezpe\u010dnos\u0165 \u010deskej republiky, kde sa venoval v\u00fdvoju bezpe\u010dn\u00e9ho softv\u00e9ru. Peter disponuje hlbok\u00fdmi znalos\u0165ami\u00a0oblasti po\u010d\u00edta\u010dovej vedy a\u00a0bezpe\u010dnosti informa\u010dn\u00fdch technol\u00f3gi\u00ed. Ovl\u00e1da mno\u017estvo programovac\u00edch [&hellip;]\" \/>\n<meta property=\"og:url\" content=\"https:\/\/nethemba.com\/sk\/o-nas-old\/nas-tim\/peter-sooky\/\" \/>\n<meta property=\"og:site_name\" content=\"Nethemba\" \/>\n<meta property=\"article:publisher\" content=\"https:\/\/www.facebook.com\/nethemba\" \/>\n<meta name=\"twitter:card\" content=\"summary_large_image\" \/>\n<meta name=\"twitter:site\" content=\"@nethemba\" \/>\n<meta name=\"twitter:label1\" content=\"Predpokladan\u00fd \u010das \u010d\u00edtania\" \/>\n\t<meta name=\"twitter:data1\" content=\"1 min\u00fata\" \/>\n<script type=\"application\/ld+json\" class=\"yoast-schema-graph\">{\"@context\":\"https:\\\/\\\/schema.org\",\"@graph\":[{\"@type\":\"WebPage\",\"@id\":\"https:\\\/\\\/nethemba.com\\\/sk\\\/o-nas-old\\\/nas-tim\\\/peter-sooky\\\/\",\"url\":\"https:\\\/\\\/nethemba.com\\\/sk\\\/o-nas-old\\\/nas-tim\\\/peter-sooky\\\/\",\"name\":\"Peter So\u00f3ky - Nethemba\",\"isPartOf\":{\"@id\":\"https:\\\/\\\/nethemba.com\\\/de\\\/#website\"},\"datePublished\":\"2018-01-17T10:44:28+00:00\",\"breadcrumb\":{\"@id\":\"https:\\\/\\\/nethemba.com\\\/sk\\\/o-nas-old\\\/nas-tim\\\/peter-sooky\\\/#breadcrumb\"},\"inLanguage\":\"sk-SK\",\"potentialAction\":[{\"@type\":\"ReadAction\",\"target\":[\"https:\\\/\\\/nethemba.com\\\/sk\\\/o-nas-old\\\/nas-tim\\\/peter-sooky\\\/\"]}]},{\"@type\":\"BreadcrumbList\",\"@id\":\"https:\\\/\\\/nethemba.com\\\/sk\\\/o-nas-old\\\/nas-tim\\\/peter-sooky\\\/#breadcrumb\",\"itemListElement\":[{\"@type\":\"ListItem\",\"position\":1,\"name\":\"Home\",\"item\":\"https:\\\/\\\/nethemba.com\\\/sk\\\/domov\\\/\"},{\"@type\":\"ListItem\",\"position\":2,\"name\":\"O n\u00e1s\",\"item\":\"https:\\\/\\\/nethemba.com\\\/sk\\\/o-nas-old\\\/\"},{\"@type\":\"ListItem\",\"position\":3,\"name\":\"N\u00e1\u0161 t\u00edm\",\"item\":\"https:\\\/\\\/nethemba.com\\\/sk\\\/o-nas-old\\\/nas-tim\\\/\"},{\"@type\":\"ListItem\",\"position\":4,\"name\":\"Peter So\u00f3ky\"}]},{\"@type\":\"WebSite\",\"@id\":\"https:\\\/\\\/nethemba.com\\\/de\\\/#website\",\"url\":\"https:\\\/\\\/nethemba.com\\\/de\\\/\",\"name\":\"Nethemba\",\"description\":\"We care about your security\",\"potentialAction\":[{\"@type\":\"SearchAction\",\"target\":{\"@type\":\"EntryPoint\",\"urlTemplate\":\"https:\\\/\\\/nethemba.com\\\/de\\\/?s={search_term_string}\"},\"query-input\":{\"@type\":\"PropertyValueSpecification\",\"valueRequired\":true,\"valueName\":\"search_term_string\"}}],\"inLanguage\":\"sk-SK\"}]}<\/script>\n<!-- \/ Yoast SEO plugin. -->","yoast_head_json":{"title":"Peter So\u00f3ky - Nethemba","robots":{"index":"index","follow":"follow","max-snippet":"max-snippet:-1","max-image-preview":"max-image-preview:large","max-video-preview":"max-video-preview:-1"},"canonical":"https:\/\/nethemba.com\/sk\/o-nas-old\/nas-tim\/peter-sooky\/","og_locale":"sk_SK","og_type":"article","og_title":"Peter So\u00f3ky - Nethemba","og_description":"Bakal\u00e1rske \u0161t\u00fadium absolvoval na VUT v Brne a n\u00e1sledne vy\u0161tudoval na Masarykovej Univerzite, s magisterskou pr\u00e1cou zameranou na v\u00fdvoj honeypotov. Po\u010das \u0161t\u00fadi\u00ed mal mo\u017enos\u0165 spolupracova\u0165 s CZ NIC Labs a N\u00e1rodn\u00fdm \u00faradom pre kybernetick\u00fa bezpe\u010dnos\u0165 \u010deskej republiky, kde sa venoval v\u00fdvoju bezpe\u010dn\u00e9ho softv\u00e9ru. Peter disponuje hlbok\u00fdmi znalos\u0165ami\u00a0oblasti po\u010d\u00edta\u010dovej vedy a\u00a0bezpe\u010dnosti informa\u010dn\u00fdch technol\u00f3gi\u00ed. Ovl\u00e1da mno\u017estvo programovac\u00edch [&hellip;]","og_url":"https:\/\/nethemba.com\/sk\/o-nas-old\/nas-tim\/peter-sooky\/","og_site_name":"Nethemba","article_publisher":"https:\/\/www.facebook.com\/nethemba","twitter_card":"summary_large_image","twitter_site":"@nethemba","twitter_misc":{"Predpokladan\u00fd \u010das \u010d\u00edtania":"1 min\u00fata"},"schema":{"@context":"https:\/\/schema.org","@graph":[{"@type":"WebPage","@id":"https:\/\/nethemba.com\/sk\/o-nas-old\/nas-tim\/peter-sooky\/","url":"https:\/\/nethemba.com\/sk\/o-nas-old\/nas-tim\/peter-sooky\/","name":"Peter So\u00f3ky - Nethemba","isPartOf":{"@id":"https:\/\/nethemba.com\/de\/#website"},"datePublished":"2018-01-17T10:44:28+00:00","breadcrumb":{"@id":"https:\/\/nethemba.com\/sk\/o-nas-old\/nas-tim\/peter-sooky\/#breadcrumb"},"inLanguage":"sk-SK","potentialAction":[{"@type":"ReadAction","target":["https:\/\/nethemba.com\/sk\/o-nas-old\/nas-tim\/peter-sooky\/"]}]},{"@type":"BreadcrumbList","@id":"https:\/\/nethemba.com\/sk\/o-nas-old\/nas-tim\/peter-sooky\/#breadcrumb","itemListElement":[{"@type":"ListItem","position":1,"name":"Home","item":"https:\/\/nethemba.com\/sk\/domov\/"},{"@type":"ListItem","position":2,"name":"O n\u00e1s","item":"https:\/\/nethemba.com\/sk\/o-nas-old\/"},{"@type":"ListItem","position":3,"name":"N\u00e1\u0161 t\u00edm","item":"https:\/\/nethemba.com\/sk\/o-nas-old\/nas-tim\/"},{"@type":"ListItem","position":4,"name":"Peter So\u00f3ky"}]},{"@type":"WebSite","@id":"https:\/\/nethemba.com\/de\/#website","url":"https:\/\/nethemba.com\/de\/","name":"Nethemba","description":"We care about your security","potentialAction":[{"@type":"SearchAction","target":{"@type":"EntryPoint","urlTemplate":"https:\/\/nethemba.com\/de\/?s={search_term_string}"},"query-input":{"@type":"PropertyValueSpecification","valueRequired":true,"valueName":"search_term_string"}}],"inLanguage":"sk-SK"}]}},"_links":{"self":[{"href":"https:\/\/nethemba.com\/sk\/wp-json\/wp\/v2\/pages\/2589","targetHints":{"allow":["GET"]}}],"collection":[{"href":"https:\/\/nethemba.com\/sk\/wp-json\/wp\/v2\/pages"}],"about":[{"href":"https:\/\/nethemba.com\/sk\/wp-json\/wp\/v2\/types\/page"}],"author":[{"embeddable":true,"href":"https:\/\/nethemba.com\/sk\/wp-json\/wp\/v2\/users\/2"}],"replies":[{"embeddable":true,"href":"https:\/\/nethemba.com\/sk\/wp-json\/wp\/v2\/comments?post=2589"}],"version-history":[{"count":0,"href":"https:\/\/nethemba.com\/sk\/wp-json\/wp\/v2\/pages\/2589\/revisions"}],"up":[{"embeddable":true,"href":"https:\/\/nethemba.com\/sk\/wp-json\/wp\/v2\/pages\/546"}],"wp:attachment":[{"href":"https:\/\/nethemba.com\/sk\/wp-json\/wp\/v2\/media?parent=2589"}],"curies":[{"name":"wp","href":"https:\/\/api.w.org\/{rel}","templated":true}]}}