{"id":2811,"date":"2018-05-25T09:06:51","date_gmt":"2018-05-25T09:06:51","guid":{"rendered":"http:\/\/nethemba.com\/?page_id=2811"},"modified":"2019-07-19T14:39:13","modified_gmt":"2019-07-19T13:39:13","slug":"bezpecnostny-audit-smart-kontraktov","status":"publish","type":"page","link":"https:\/\/nethemba.com\/sk\/sluzby\/aplikacna-bezpecnost\/bezpecnostny-audit-smart-kontraktov\/","title":{"rendered":"Bezpe\u010dnostn\u00fd audit smart kontraktov"},"content":{"rendered":"<p>Smart kontrakty s\u00fa nevyhnutnou s\u00fa\u010das\u0165ou v\u0161etk\u00fdch decentralizovan\u00fdch aplik\u00e1ci\u00ed a ICO. Ich bezpe\u010dnos\u0165 je rozhoduj\u00faca a jej ohrozenie m\u00f4\u017ee vies\u0165 k zna\u010dn\u00fdm finan\u010dn\u00fdm strat\u00e1m (viac inform\u00e1ci\u00ed z praxe &#8211; <a href=\"https:\/\/medium.com\/solidified\/the-biggest-smart-contract-hacks-in-history-or-how-to-endanger-up-to-us-2-2-billion-d5a72961d15d\">The biggest smart contract hacks in history<\/a>).<\/p>\n<p>\u00dalohou bezpe\u010dnostn\u00e9ho auditu smart kontraktu je odha\u013eova\u0165 v\u00e1\u017ene zranite\u013enosti v Solidity Ethereum smart kontraktoch, pod\u013ea osved\u010den\u00fdch postupov tohto zmluvn\u00e9ho odvetvia.<\/p>\n<p>Viac detailn\u00fdch inform\u00e1ci\u00ed o tejto t\u00e9me n\u00e1jdete v na\u0161om \u010dl\u00e1nku &#8222;<a href=\"https:\/\/nethemba.com\/summary-of-the-common-smart-contracts-vulnerabilities\/\"><strong>Zhrnutie typick\u00fdch zranite\u013enost\u00ed smart kontraktov<\/strong><\/a>&#8222;, kde popisujeme v\u0161etky nebezpe\u010dn\u00e9 predpoklady a typick\u00e9 bezpe\u010dnostn\u00e9 probl\u00e9my v Solidity jazyku.<\/p>\n<p><strong>\u010cas testovania<\/strong>:<br \/>\n1-4 t\u00fd\u017edne (v z\u00e1vislosti od komplexnosti smart kontraktu)<\/p>\n<p><strong>Metodol\u00f3gia<\/strong>:<br \/>\nPri testovan\u00ed smart kontraktov dodr\u017eiavame striktne <a href=\"https:\/\/consensys.github.io\/smart-contract-best-practices\/\">Ethereum Smart Contract Security Best Practices<\/a>.<\/p>\n","protected":false},"excerpt":{"rendered":"<p>Smart kontrakty s\u00fa nevyhnutnou s\u00fa\u010das\u0165ou v\u0161etk\u00fdch decentralizovan\u00fdch aplik\u00e1ci\u00ed a ICO. Ich bezpe\u010dnos\u0165 je rozhoduj\u00faca a jej ohrozenie m\u00f4\u017ee vies\u0165 k zna\u010dn\u00fdm finan\u010dn\u00fdm strat\u00e1m (viac inform\u00e1ci\u00ed z praxe &#8211; The biggest smart contract hacks in history). \u00dalohou bezpe\u010dnostn\u00e9ho auditu smart kontraktu je odha\u013eova\u0165 v\u00e1\u017ene zranite\u013enosti v Solidity Ethereum smart kontraktoch, pod\u013ea osved\u010den\u00fdch postupov tohto zmluvn\u00e9ho odvetvia. [&hellip;]<\/p>\n","protected":false},"author":2,"featured_media":0,"parent":351,"menu_order":6,"comment_status":"closed","ping_status":"closed","template":"services_detail.php","meta":{"inline_featured_image":false,"_monsterinsights_skip_tracking":false,"_monsterinsights_sitenote_active":false,"_monsterinsights_sitenote_note":"","_monsterinsights_sitenote_category":0,"footnotes":""},"class_list":["post-2811","page","type-page","status-publish","hentry"],"yoast_head":"<!-- This site is optimized with the Yoast SEO plugin v27.5 - https:\/\/yoast.com\/product\/yoast-seo-wordpress\/ -->\n<title>Bezpe\u010dnostn\u00fd audit smart kontraktov - Nethemba - Solidity Ethereum<\/title>\n<meta name=\"description\" content=\"Bezpe\u010dnostn\u00fd audit smart kontraktu odha\u013euje v\u00e1\u017ene zranite\u013enosti v Solidity Ethereum smart kontraktoch pod\u013ea osved\u010den\u00fdch postupov.\" \/>\n<meta name=\"robots\" content=\"index, follow, max-snippet:-1, max-image-preview:large, max-video-preview:-1\" \/>\n<link rel=\"canonical\" href=\"https:\/\/nethemba.com\/sk\/sluzby\/aplikacna-bezpecnost\/bezpecnostny-audit-smart-kontraktov\/\" \/>\n<meta property=\"og:locale\" content=\"sk_SK\" \/>\n<meta property=\"og:type\" content=\"article\" \/>\n<meta property=\"og:title\" content=\"Bezpe\u010dnostn\u00fd audit smart kontraktov - Nethemba - Solidity Ethereum\" \/>\n<meta property=\"og:description\" content=\"Bezpe\u010dnostn\u00fd audit smart kontraktu odha\u013euje v\u00e1\u017ene zranite\u013enosti v Solidity Ethereum smart kontraktoch pod\u013ea osved\u010den\u00fdch postupov.\" \/>\n<meta property=\"og:url\" content=\"https:\/\/nethemba.com\/sk\/sluzby\/aplikacna-bezpecnost\/bezpecnostny-audit-smart-kontraktov\/\" \/>\n<meta property=\"og:site_name\" content=\"Nethemba\" \/>\n<meta property=\"article:publisher\" content=\"https:\/\/www.facebook.com\/nethemba\" \/>\n<meta property=\"article:modified_time\" content=\"2019-07-19T13:39:13+00:00\" \/>\n<meta name=\"twitter:card\" content=\"summary_large_image\" \/>\n<meta name=\"twitter:site\" content=\"@nethemba\" \/>\n<meta name=\"twitter:label1\" content=\"Predpokladan\u00fd \u010das \u010d\u00edtania\" \/>\n\t<meta name=\"twitter:data1\" content=\"1 min\u00fata\" \/>\n<script type=\"application\/ld+json\" class=\"yoast-schema-graph\">{\"@context\":\"https:\\\/\\\/schema.org\",\"@graph\":[{\"@type\":\"WebPage\",\"@id\":\"https:\\\/\\\/nethemba.com\\\/sk\\\/sluzby\\\/aplikacna-bezpecnost\\\/bezpecnostny-audit-smart-kontraktov\\\/\",\"url\":\"https:\\\/\\\/nethemba.com\\\/sk\\\/sluzby\\\/aplikacna-bezpecnost\\\/bezpecnostny-audit-smart-kontraktov\\\/\",\"name\":\"Bezpe\u010dnostn\u00fd audit smart kontraktov - Nethemba - Solidity Ethereum\",\"isPartOf\":{\"@id\":\"https:\\\/\\\/nethemba.com\\\/de\\\/#website\"},\"datePublished\":\"2018-05-25T09:06:51+00:00\",\"dateModified\":\"2019-07-19T13:39:13+00:00\",\"description\":\"Bezpe\u010dnostn\u00fd audit smart kontraktu odha\u013euje v\u00e1\u017ene zranite\u013enosti v Solidity Ethereum smart kontraktoch pod\u013ea osved\u010den\u00fdch postupov.\",\"breadcrumb\":{\"@id\":\"https:\\\/\\\/nethemba.com\\\/sk\\\/sluzby\\\/aplikacna-bezpecnost\\\/bezpecnostny-audit-smart-kontraktov\\\/#breadcrumb\"},\"inLanguage\":\"sk-SK\",\"potentialAction\":[{\"@type\":\"ReadAction\",\"target\":[\"https:\\\/\\\/nethemba.com\\\/sk\\\/sluzby\\\/aplikacna-bezpecnost\\\/bezpecnostny-audit-smart-kontraktov\\\/\"]}]},{\"@type\":\"BreadcrumbList\",\"@id\":\"https:\\\/\\\/nethemba.com\\\/sk\\\/sluzby\\\/aplikacna-bezpecnost\\\/bezpecnostny-audit-smart-kontraktov\\\/#breadcrumb\",\"itemListElement\":[{\"@type\":\"ListItem\",\"position\":1,\"name\":\"Home\",\"item\":\"https:\\\/\\\/nethemba.com\\\/sk\\\/domov\\\/\"},{\"@type\":\"ListItem\",\"position\":2,\"name\":\"Slu\u017eby\",\"item\":\"https:\\\/\\\/nethemba.com\\\/sk\\\/sluzby\\\/\"},{\"@type\":\"ListItem\",\"position\":3,\"name\":\"Aplika\u010dn\u00e1 bezpe\u010dnos\u0165\",\"item\":\"https:\\\/\\\/nethemba.com\\\/sk\\\/sluzby\\\/aplikacna-bezpecnost\\\/\"},{\"@type\":\"ListItem\",\"position\":4,\"name\":\"Bezpe\u010dnostn\u00fd audit smart kontraktov\"}]},{\"@type\":\"WebSite\",\"@id\":\"https:\\\/\\\/nethemba.com\\\/de\\\/#website\",\"url\":\"https:\\\/\\\/nethemba.com\\\/de\\\/\",\"name\":\"Nethemba\",\"description\":\"We care about your security\",\"potentialAction\":[{\"@type\":\"SearchAction\",\"target\":{\"@type\":\"EntryPoint\",\"urlTemplate\":\"https:\\\/\\\/nethemba.com\\\/de\\\/?s={search_term_string}\"},\"query-input\":{\"@type\":\"PropertyValueSpecification\",\"valueRequired\":true,\"valueName\":\"search_term_string\"}}],\"inLanguage\":\"sk-SK\"}]}<\/script>\n<!-- \/ Yoast SEO plugin. -->","yoast_head_json":{"title":"Bezpe\u010dnostn\u00fd audit smart kontraktov - Nethemba - Solidity Ethereum","description":"Bezpe\u010dnostn\u00fd audit smart kontraktu odha\u013euje v\u00e1\u017ene zranite\u013enosti v Solidity Ethereum smart kontraktoch pod\u013ea osved\u010den\u00fdch postupov.","robots":{"index":"index","follow":"follow","max-snippet":"max-snippet:-1","max-image-preview":"max-image-preview:large","max-video-preview":"max-video-preview:-1"},"canonical":"https:\/\/nethemba.com\/sk\/sluzby\/aplikacna-bezpecnost\/bezpecnostny-audit-smart-kontraktov\/","og_locale":"sk_SK","og_type":"article","og_title":"Bezpe\u010dnostn\u00fd audit smart kontraktov - Nethemba - Solidity Ethereum","og_description":"Bezpe\u010dnostn\u00fd audit smart kontraktu odha\u013euje v\u00e1\u017ene zranite\u013enosti v Solidity Ethereum smart kontraktoch pod\u013ea osved\u010den\u00fdch postupov.","og_url":"https:\/\/nethemba.com\/sk\/sluzby\/aplikacna-bezpecnost\/bezpecnostny-audit-smart-kontraktov\/","og_site_name":"Nethemba","article_publisher":"https:\/\/www.facebook.com\/nethemba","article_modified_time":"2019-07-19T13:39:13+00:00","twitter_card":"summary_large_image","twitter_site":"@nethemba","twitter_misc":{"Predpokladan\u00fd \u010das \u010d\u00edtania":"1 min\u00fata"},"schema":{"@context":"https:\/\/schema.org","@graph":[{"@type":"WebPage","@id":"https:\/\/nethemba.com\/sk\/sluzby\/aplikacna-bezpecnost\/bezpecnostny-audit-smart-kontraktov\/","url":"https:\/\/nethemba.com\/sk\/sluzby\/aplikacna-bezpecnost\/bezpecnostny-audit-smart-kontraktov\/","name":"Bezpe\u010dnostn\u00fd audit smart kontraktov - Nethemba - Solidity Ethereum","isPartOf":{"@id":"https:\/\/nethemba.com\/de\/#website"},"datePublished":"2018-05-25T09:06:51+00:00","dateModified":"2019-07-19T13:39:13+00:00","description":"Bezpe\u010dnostn\u00fd audit smart kontraktu odha\u013euje v\u00e1\u017ene zranite\u013enosti v Solidity Ethereum smart kontraktoch pod\u013ea osved\u010den\u00fdch postupov.","breadcrumb":{"@id":"https:\/\/nethemba.com\/sk\/sluzby\/aplikacna-bezpecnost\/bezpecnostny-audit-smart-kontraktov\/#breadcrumb"},"inLanguage":"sk-SK","potentialAction":[{"@type":"ReadAction","target":["https:\/\/nethemba.com\/sk\/sluzby\/aplikacna-bezpecnost\/bezpecnostny-audit-smart-kontraktov\/"]}]},{"@type":"BreadcrumbList","@id":"https:\/\/nethemba.com\/sk\/sluzby\/aplikacna-bezpecnost\/bezpecnostny-audit-smart-kontraktov\/#breadcrumb","itemListElement":[{"@type":"ListItem","position":1,"name":"Home","item":"https:\/\/nethemba.com\/sk\/domov\/"},{"@type":"ListItem","position":2,"name":"Slu\u017eby","item":"https:\/\/nethemba.com\/sk\/sluzby\/"},{"@type":"ListItem","position":3,"name":"Aplika\u010dn\u00e1 bezpe\u010dnos\u0165","item":"https:\/\/nethemba.com\/sk\/sluzby\/aplikacna-bezpecnost\/"},{"@type":"ListItem","position":4,"name":"Bezpe\u010dnostn\u00fd audit smart kontraktov"}]},{"@type":"WebSite","@id":"https:\/\/nethemba.com\/de\/#website","url":"https:\/\/nethemba.com\/de\/","name":"Nethemba","description":"We care about your security","potentialAction":[{"@type":"SearchAction","target":{"@type":"EntryPoint","urlTemplate":"https:\/\/nethemba.com\/de\/?s={search_term_string}"},"query-input":{"@type":"PropertyValueSpecification","valueRequired":true,"valueName":"search_term_string"}}],"inLanguage":"sk-SK"}]}},"_links":{"self":[{"href":"https:\/\/nethemba.com\/sk\/wp-json\/wp\/v2\/pages\/2811","targetHints":{"allow":["GET"]}}],"collection":[{"href":"https:\/\/nethemba.com\/sk\/wp-json\/wp\/v2\/pages"}],"about":[{"href":"https:\/\/nethemba.com\/sk\/wp-json\/wp\/v2\/types\/page"}],"author":[{"embeddable":true,"href":"https:\/\/nethemba.com\/sk\/wp-json\/wp\/v2\/users\/2"}],"replies":[{"embeddable":true,"href":"https:\/\/nethemba.com\/sk\/wp-json\/wp\/v2\/comments?post=2811"}],"version-history":[{"count":0,"href":"https:\/\/nethemba.com\/sk\/wp-json\/wp\/v2\/pages\/2811\/revisions"}],"up":[{"embeddable":true,"href":"https:\/\/nethemba.com\/sk\/wp-json\/wp\/v2\/pages\/351"}],"wp:attachment":[{"href":"https:\/\/nethemba.com\/sk\/wp-json\/wp\/v2\/media?parent=2811"}],"curies":[{"name":"wp","href":"https:\/\/api.w.org\/{rel}","templated":true}]}}