{"id":293,"date":"2015-11-08T19:25:42","date_gmt":"2015-11-08T19:25:42","guid":{"rendered":"http:\/\/nethemba.com\/sk\/?page_id=293"},"modified":"2025-03-16T18:37:51","modified_gmt":"2025-03-16T17:37:51","slug":"o-nas-old","status":"publish","type":"page","link":"https:\/\/nethemba.com\/sk\/o-nas-old\/","title":{"rendered":"O n\u00e1s"},"content":{"rendered":"<p>Nethemba je slovensk\u00e1 bezpe\u010dnostn\u00e1 IT spolo\u010dnos\u0165 zalo\u017een\u00e1 v roku 2007 \u0161pecializuj\u00faca sa prim\u00e1rne na bezpe\u010dnos\u0165 webov\u00fdch aplik\u00e1ci\u00ed a penetra\u010dn\u00e9 testy. Tvoria ju \u0161pecialisti s dlhoro\u010dn\u00fdmi sk\u00fasenos\u0165ami v oblasti bezpe\u010dnosti. Okrem \u0161irok\u00e9ho portf\u00f3lia, ktor\u00e9 zah\u0155\u0148a intranetov\u00e9 a lok\u00e1lne syst\u00e9mov\u00e9 audity, digit\u00e1lne forenzn\u00e9 anal\u00fdzy, audity bezdr\u00f4tov\u00fdch siet\u00ed, \u010di bezpe\u010dn\u00fd n\u00e1vrh VoIP, Nethemba ako jedin\u00e1 na Slovensku a v \u010cech\u00e1ch pon\u00faka bezpe\u010dnostn\u00e9 audity RFID technol\u00f3gi\u00ed a venuje sa akt\u00edvnemu v\u00fdskumu v oblasti bezpe\u010dnosti, \u010do demon\u0161truje pravideln\u00fdmi prezent\u00e1ciami na konferenci\u00e1ch po celom svete.<\/p>\n<h4><a href=\"https:\/\/nethemba.com\/sk\/o-nas\/nas-tim\/\">N\u00e1\u0161 t\u00edm<\/a><\/h4>\n<h4><a href=\"https:\/\/nethemba.com\/sk\/o-nas\/vyskum\/\">V\u00fdskum<\/a><\/h4>\n<h4><a href=\"https:\/\/nethemba.com\/sk\/o-nas\/sponzorovany-vyskum\/\">Sponzorovan\u00fd v\u00fdskum<\/a><\/h4>\n<h4><a href=\"https:\/\/nethemba.com\/sk\/o-nas\/podporujeme-umenie-kultura-hackerspaces\/\">Podporujeme<\/a><\/h4>\n<h4><a href=\"https:\/\/nethemba.com\/sk\/o-nas\/udalosti\/\">Udalosti<\/a><\/h4>\n","protected":false},"excerpt":{"rendered":"<p>Nethemba je slovensk\u00e1 bezpe\u010dnostn\u00e1 IT spolo\u010dnos\u0165 zalo\u017een\u00e1 v roku 2007 \u0161pecializuj\u00faca sa prim\u00e1rne na bezpe\u010dnos\u0165 webov\u00fdch aplik\u00e1ci\u00ed a penetra\u010dn\u00e9 testy. Tvoria ju \u0161pecialisti s dlhoro\u010dn\u00fdmi sk\u00fasenos\u0165ami v oblasti bezpe\u010dnosti. Okrem \u0161irok\u00e9ho portf\u00f3lia, ktor\u00e9 zah\u0155\u0148a intranetov\u00e9 a lok\u00e1lne syst\u00e9mov\u00e9 audity, digit\u00e1lne forenzn\u00e9 anal\u00fdzy, audity bezdr\u00f4tov\u00fdch siet\u00ed, \u010di bezpe\u010dn\u00fd n\u00e1vrh VoIP, Nethemba ako jedin\u00e1 na Slovensku a [&hellip;]<\/p>\n","protected":false},"author":2,"featured_media":0,"parent":0,"menu_order":0,"comment_status":"closed","ping_status":"closed","template":"","meta":{"inline_featured_image":false,"_monsterinsights_skip_tracking":false,"_monsterinsights_sitenote_active":false,"_monsterinsights_sitenote_note":"","_monsterinsights_sitenote_category":0,"footnotes":""},"class_list":["post-293","page","type-page","status-publish","hentry"],"yoast_head":"<!-- This site is optimized with the Yoast SEO plugin v27.5 - https:\/\/yoast.com\/product\/yoast-seo-wordpress\/ -->\n<title>O n\u00e1s - Nethemba - V\u0161etko pre va\u0161u IT bezpe\u010dnos\u0165<\/title>\n<meta name=\"description\" content=\"Nethemba - bezpe\u010dnostn\u00e1 IT spolo\u010dnos\u0165 od roku 2007. \u0160pecializuje sa prim\u00e1rne na bezpe\u010dnos\u0165 webov\u00fdch aplik\u00e1ci\u00ed, penetra\u010dn\u00e9 testy a bezpe\u010dnostn\u00e9 audity.\" \/>\n<meta name=\"robots\" content=\"index, follow, max-snippet:-1, max-image-preview:large, max-video-preview:-1\" \/>\n<link rel=\"canonical\" href=\"https:\/\/nethemba.com\/sk\/o-nas-old\/\" \/>\n<meta property=\"og:locale\" content=\"sk_SK\" \/>\n<meta property=\"og:type\" content=\"article\" \/>\n<meta property=\"og:title\" content=\"O n\u00e1s - Nethemba - V\u0161etko pre va\u0161u IT bezpe\u010dnos\u0165\" \/>\n<meta property=\"og:description\" content=\"Nethemba - bezpe\u010dnostn\u00e1 IT spolo\u010dnos\u0165 od roku 2007. \u0160pecializuje sa prim\u00e1rne na bezpe\u010dnos\u0165 webov\u00fdch aplik\u00e1ci\u00ed, penetra\u010dn\u00e9 testy a bezpe\u010dnostn\u00e9 audity.\" \/>\n<meta property=\"og:url\" content=\"https:\/\/nethemba.com\/sk\/o-nas-old\/\" \/>\n<meta property=\"og:site_name\" content=\"Nethemba\" \/>\n<meta property=\"article:publisher\" content=\"https:\/\/www.facebook.com\/nethemba\" \/>\n<meta property=\"article:modified_time\" content=\"2025-03-16T17:37:51+00:00\" \/>\n<meta name=\"twitter:card\" content=\"summary_large_image\" \/>\n<meta name=\"twitter:site\" content=\"@nethemba\" \/>\n<meta name=\"twitter:label1\" content=\"Predpokladan\u00fd \u010das \u010d\u00edtania\" \/>\n\t<meta name=\"twitter:data1\" content=\"1 min\u00fata\" \/>\n<script type=\"application\/ld+json\" class=\"yoast-schema-graph\">{\"@context\":\"https:\\\/\\\/schema.org\",\"@graph\":[{\"@type\":\"WebPage\",\"@id\":\"https:\\\/\\\/nethemba.com\\\/sk\\\/o-nas-old\\\/\",\"url\":\"https:\\\/\\\/nethemba.com\\\/sk\\\/o-nas-old\\\/\",\"name\":\"O n\u00e1s - Nethemba - V\u0161etko pre va\u0161u IT bezpe\u010dnos\u0165\",\"isPartOf\":{\"@id\":\"https:\\\/\\\/nethemba.com\\\/de\\\/#website\"},\"datePublished\":\"2015-11-08T19:25:42+00:00\",\"dateModified\":\"2025-03-16T17:37:51+00:00\",\"description\":\"Nethemba - bezpe\u010dnostn\u00e1 IT spolo\u010dnos\u0165 od roku 2007. \u0160pecializuje sa prim\u00e1rne na bezpe\u010dnos\u0165 webov\u00fdch aplik\u00e1ci\u00ed, penetra\u010dn\u00e9 testy a bezpe\u010dnostn\u00e9 audity.\",\"breadcrumb\":{\"@id\":\"https:\\\/\\\/nethemba.com\\\/sk\\\/o-nas-old\\\/#breadcrumb\"},\"inLanguage\":\"sk-SK\",\"potentialAction\":[{\"@type\":\"ReadAction\",\"target\":[\"https:\\\/\\\/nethemba.com\\\/sk\\\/o-nas-old\\\/\"]}]},{\"@type\":\"BreadcrumbList\",\"@id\":\"https:\\\/\\\/nethemba.com\\\/sk\\\/o-nas-old\\\/#breadcrumb\",\"itemListElement\":[{\"@type\":\"ListItem\",\"position\":1,\"name\":\"Home\",\"item\":\"https:\\\/\\\/nethemba.com\\\/sk\\\/domov\\\/\"},{\"@type\":\"ListItem\",\"position\":2,\"name\":\"O n\u00e1s\"}]},{\"@type\":\"WebSite\",\"@id\":\"https:\\\/\\\/nethemba.com\\\/de\\\/#website\",\"url\":\"https:\\\/\\\/nethemba.com\\\/de\\\/\",\"name\":\"Nethemba\",\"description\":\"We care about your security\",\"potentialAction\":[{\"@type\":\"SearchAction\",\"target\":{\"@type\":\"EntryPoint\",\"urlTemplate\":\"https:\\\/\\\/nethemba.com\\\/de\\\/?s={search_term_string}\"},\"query-input\":{\"@type\":\"PropertyValueSpecification\",\"valueRequired\":true,\"valueName\":\"search_term_string\"}}],\"inLanguage\":\"sk-SK\"}]}<\/script>\n<!-- \/ Yoast SEO plugin. -->","yoast_head_json":{"title":"O n\u00e1s - Nethemba - V\u0161etko pre va\u0161u IT bezpe\u010dnos\u0165","description":"Nethemba - bezpe\u010dnostn\u00e1 IT spolo\u010dnos\u0165 od roku 2007. \u0160pecializuje sa prim\u00e1rne na bezpe\u010dnos\u0165 webov\u00fdch aplik\u00e1ci\u00ed, penetra\u010dn\u00e9 testy a bezpe\u010dnostn\u00e9 audity.","robots":{"index":"index","follow":"follow","max-snippet":"max-snippet:-1","max-image-preview":"max-image-preview:large","max-video-preview":"max-video-preview:-1"},"canonical":"https:\/\/nethemba.com\/sk\/o-nas-old\/","og_locale":"sk_SK","og_type":"article","og_title":"O n\u00e1s - Nethemba - V\u0161etko pre va\u0161u IT bezpe\u010dnos\u0165","og_description":"Nethemba - bezpe\u010dnostn\u00e1 IT spolo\u010dnos\u0165 od roku 2007. \u0160pecializuje sa prim\u00e1rne na bezpe\u010dnos\u0165 webov\u00fdch aplik\u00e1ci\u00ed, penetra\u010dn\u00e9 testy a bezpe\u010dnostn\u00e9 audity.","og_url":"https:\/\/nethemba.com\/sk\/o-nas-old\/","og_site_name":"Nethemba","article_publisher":"https:\/\/www.facebook.com\/nethemba","article_modified_time":"2025-03-16T17:37:51+00:00","twitter_card":"summary_large_image","twitter_site":"@nethemba","twitter_misc":{"Predpokladan\u00fd \u010das \u010d\u00edtania":"1 min\u00fata"},"schema":{"@context":"https:\/\/schema.org","@graph":[{"@type":"WebPage","@id":"https:\/\/nethemba.com\/sk\/o-nas-old\/","url":"https:\/\/nethemba.com\/sk\/o-nas-old\/","name":"O n\u00e1s - Nethemba - V\u0161etko pre va\u0161u IT bezpe\u010dnos\u0165","isPartOf":{"@id":"https:\/\/nethemba.com\/de\/#website"},"datePublished":"2015-11-08T19:25:42+00:00","dateModified":"2025-03-16T17:37:51+00:00","description":"Nethemba - bezpe\u010dnostn\u00e1 IT spolo\u010dnos\u0165 od roku 2007. \u0160pecializuje sa prim\u00e1rne na bezpe\u010dnos\u0165 webov\u00fdch aplik\u00e1ci\u00ed, penetra\u010dn\u00e9 testy a bezpe\u010dnostn\u00e9 audity.","breadcrumb":{"@id":"https:\/\/nethemba.com\/sk\/o-nas-old\/#breadcrumb"},"inLanguage":"sk-SK","potentialAction":[{"@type":"ReadAction","target":["https:\/\/nethemba.com\/sk\/o-nas-old\/"]}]},{"@type":"BreadcrumbList","@id":"https:\/\/nethemba.com\/sk\/o-nas-old\/#breadcrumb","itemListElement":[{"@type":"ListItem","position":1,"name":"Home","item":"https:\/\/nethemba.com\/sk\/domov\/"},{"@type":"ListItem","position":2,"name":"O n\u00e1s"}]},{"@type":"WebSite","@id":"https:\/\/nethemba.com\/de\/#website","url":"https:\/\/nethemba.com\/de\/","name":"Nethemba","description":"We care about your security","potentialAction":[{"@type":"SearchAction","target":{"@type":"EntryPoint","urlTemplate":"https:\/\/nethemba.com\/de\/?s={search_term_string}"},"query-input":{"@type":"PropertyValueSpecification","valueRequired":true,"valueName":"search_term_string"}}],"inLanguage":"sk-SK"}]}},"_links":{"self":[{"href":"https:\/\/nethemba.com\/sk\/wp-json\/wp\/v2\/pages\/293","targetHints":{"allow":["GET"]}}],"collection":[{"href":"https:\/\/nethemba.com\/sk\/wp-json\/wp\/v2\/pages"}],"about":[{"href":"https:\/\/nethemba.com\/sk\/wp-json\/wp\/v2\/types\/page"}],"author":[{"embeddable":true,"href":"https:\/\/nethemba.com\/sk\/wp-json\/wp\/v2\/users\/2"}],"replies":[{"embeddable":true,"href":"https:\/\/nethemba.com\/sk\/wp-json\/wp\/v2\/comments?post=293"}],"version-history":[{"count":1,"href":"https:\/\/nethemba.com\/sk\/wp-json\/wp\/v2\/pages\/293\/revisions"}],"predecessor-version":[{"id":7611,"href":"https:\/\/nethemba.com\/sk\/wp-json\/wp\/v2\/pages\/293\/revisions\/7611"}],"wp:attachment":[{"href":"https:\/\/nethemba.com\/sk\/wp-json\/wp\/v2\/media?parent=293"}],"curies":[{"name":"wp","href":"https:\/\/api.w.org\/{rel}","templated":true}]}}