{"id":304,"date":"2015-11-08T19:29:07","date_gmt":"2015-11-08T19:29:07","guid":{"rendered":"http:\/\/nethemba.com\/sk\/?page_id=304"},"modified":"2025-03-21T13:11:40","modified_gmt":"2025-03-21T12:11:40","slug":"referencie-old","status":"publish","type":"page","link":"https:\/\/nethemba.com\/sk\/referencie-old\/","title":{"rendered":"Referencie OLD"},"content":{"rendered":"\t\t<div data-elementor-type=\"wp-page\" data-elementor-id=\"304\" class=\"elementor elementor-304\" data-elementor-post-type=\"page\">\n\t\t\t\t<div class=\"elementor-element elementor-element-67c0ae4 elementor-hidden-mobile e-flex e-con-boxed e-con e-parent\" data-id=\"67c0ae4\" data-element_type=\"container\" data-e-type=\"container\" data-settings=\"{&quot;background_background&quot;:&quot;gradient&quot;}\">\n\t\t\t\t\t<div class=\"e-con-inner\">\n\t\t<div class=\"elementor-element elementor-element-2a66fbe e-con-full e-flex e-con e-child\" data-id=\"2a66fbe\" data-element_type=\"container\" data-e-type=\"container\">\n\t\t\t\t<div class=\"elementor-element elementor-element-837c839 elementor-widget elementor-widget-heading\" data-id=\"837c839\" data-element_type=\"widget\" data-e-type=\"widget\" data-widget_type=\"heading.default\">\n\t\t\t\t<div class=\"elementor-widget-container\">\n\t\t\t\t\t<h2 class=\"elementor-heading-title elementor-size-default\">Referencie<\/h2>\t\t\t\t<\/div>\n\t\t\t\t<\/div>\n\t\t\t\t<div class=\"elementor-element elementor-element-b913b22 elementor-widget-divider--view-line elementor-widget elementor-widget-divider\" data-id=\"b913b22\" data-element_type=\"widget\" data-e-type=\"widget\" data-widget_type=\"divider.default\">\n\t\t\t\t<div class=\"elementor-widget-container\">\n\t\t\t\t\t\t\t<div class=\"elementor-divider\">\n\t\t\t<span class=\"elementor-divider-separator\">\n\t\t\t\t\t\t<\/span>\n\t\t<\/div>\n\t\t\t\t\t\t<\/div>\n\t\t\t\t<\/div>\n\t\t\t\t<\/div>\n\t\t<div class=\"elementor-element elementor-element-cf861de e-con-full e-flex e-con e-child\" data-id=\"cf861de\" data-element_type=\"container\" data-e-type=\"container\">\n\t\t\t\t<div class=\"elementor-element elementor-element-7138d40 elementor-widget elementor-widget-image\" data-id=\"7138d40\" data-element_type=\"widget\" data-e-type=\"widget\" data-widget_type=\"image.default\">\n\t\t\t\t<div class=\"elementor-widget-container\">\n\t\t\t\t\t\t\t\t\t\t\t\t\t\t\t<img fetchpriority=\"high\" decoding=\"async\" width=\"777\" height=\"640\" src=\"https:\/\/nethemba.com\/wp-content\/uploads\/2025\/03\/HeroImg-squared-5-1-1.png\" class=\"attachment-large size-large wp-image-7684\" alt=\"\" srcset=\"https:\/\/nethemba.com\/wp-content\/uploads\/2025\/03\/HeroImg-squared-5-1-1.png 777w, https:\/\/nethemba.com\/wp-content\/uploads\/2025\/03\/HeroImg-squared-5-1-1-300x247.png 300w, https:\/\/nethemba.com\/wp-content\/uploads\/2025\/03\/HeroImg-squared-5-1-1-768x633.png 768w\" sizes=\"(max-width: 777px) 100vw, 777px\" \/>\t\t\t\t\t\t\t\t\t\t\t\t\t\t\t<\/div>\n\t\t\t\t<\/div>\n\t\t\t\t<\/div>\n\t\t\t\t\t<\/div>\n\t\t\t\t<\/div>\n\t\t<div class=\"elementor-element elementor-element-9a49e9a e-con-full e-flex e-con e-child\" data-id=\"9a49e9a\" data-element_type=\"container\" data-e-type=\"container\">\n\t\t<div class=\"elementor-element elementor-element-bc76091 e-con-full e-flex e-con e-child\" data-id=\"bc76091\" data-element_type=\"container\" data-e-type=\"container\">\n\t\t\t\t<div class=\"elementor-element elementor-element-fa6edbb elementor-position-left elementor-vertical-align-middle references elementor-widget elementor-widget-image-box\" data-id=\"fa6edbb\" data-element_type=\"widget\" data-e-type=\"widget\" data-widget_type=\"image-box.default\">\n\t\t\t\t<div class=\"elementor-widget-container\">\n\t\t\t\t\t<div class=\"elementor-image-box-wrapper\"><figure class=\"elementor-image-box-img\"><a href=\"http:\/\/www.core4.sk\/\" target=\"_blank\" tabindex=\"-1\"><img decoding=\"async\" width=\"140\" height=\"70\" src=\"https:\/\/nethemba.com\/wp-content\/uploads\/2025\/03\/CORE4_Nethemba-e1502886341919.png\" class=\"attachment-full size-full wp-image-7055\" alt=\"\" \/><\/a><\/figure><div class=\"elementor-image-box-content\"><h3 class=\"elementor-image-box-title\"><a href=\"http:\/\/www.core4.sk\/\" target=\"_blank\">CORE 4, spol. s r.o.<\/a><\/h3><p class=\"elementor-image-box-description\">\u0160tandardn\u00fd penetra\u010dn\u00fd test webovej aplik\u00e1cie\n\n\n\n\n\n\n\n<\/p><\/div><\/div>\t\t\t\t<\/div>\n\t\t\t\t<\/div>\n\t\t\t\t<\/div>\n\t\t<div class=\"elementor-element elementor-element-bbf061f e-con-full e-flex e-con e-child\" data-id=\"bbf061f\" data-element_type=\"container\" data-e-type=\"container\">\n\t\t\t\t<div class=\"elementor-element elementor-element-79a9467 elementor-position-left elementor-vertical-align-middle references elementor-widget elementor-widget-image-box\" data-id=\"79a9467\" data-element_type=\"widget\" data-e-type=\"widget\" data-widget_type=\"image-box.default\">\n\t\t\t\t<div class=\"elementor-widget-container\">\n\t\t\t\t\t<div class=\"elementor-image-box-wrapper\"><figure class=\"elementor-image-box-img\"><a href=\"http:\/\/danubepay.com\/\" target=\"_blank\" tabindex=\"-1\"><img decoding=\"async\" width=\"160\" height=\"33\" src=\"https:\/\/nethemba.com\/wp-content\/uploads\/2025\/03\/DanubePay_Nethemba-e1502887380808.png\" class=\"attachment-full size-full wp-image-7060\" alt=\"\" \/><\/a><\/figure><div class=\"elementor-image-box-content\"><h3 class=\"elementor-image-box-title\"><a href=\"http:\/\/danubepay.com\/\" target=\"_blank\">DanubePay, a. s.<\/a><\/h3><p class=\"elementor-image-box-description\">2-d\u0148ov\u00e9 \u0161kolenie webovej aplika\u010dnej bezpe\u010dnosti, Intern\u00fd a extern\u00fd penetra\u010dn\u00fd test pod\u013ea po\u017eiadaviek PCI DSS\n\n<\/p><\/div><\/div>\t\t\t\t<\/div>\n\t\t\t\t<\/div>\n\t\t\t\t<\/div>\n\t\t\t\t<\/div>\n\t\t\t\t<\/div>\n\t\t","protected":false},"excerpt":{"rendered":"<p>Referencie CORE 4, spol. s r.o. \u0160tandardn\u00fd penetra\u010dn\u00fd test webovej aplik\u00e1cie DanubePay, a. s. 2-d\u0148ov\u00e9 \u0161kolenie webovej aplika\u010dnej bezpe\u010dnosti, Intern\u00fd a extern\u00fd penetra\u010dn\u00fd test pod\u013ea po\u017eiadaviek PCI DSS<\/p>\n","protected":false},"author":2,"featured_media":0,"parent":0,"menu_order":0,"comment_status":"closed","ping_status":"closed","template":"","meta":{"inline_featured_image":false,"_monsterinsights_skip_tracking":false,"_monsterinsights_sitenote_active":false,"_monsterinsights_sitenote_note":"","_monsterinsights_sitenote_category":0,"footnotes":""},"class_list":["post-304","page","type-page","status-publish","hentry"],"yoast_head":"<!-- This site is optimized with the Yoast SEO plugin v27.4 - https:\/\/yoast.com\/product\/yoast-seo-wordpress\/ -->\n<title>Referencie OLD - Nethemba<\/title>\n<meta name=\"description\" content=\"Referencie od na\u0161ich klientov, ktor\u00fdm spolo\u010dnos\u0165 Nethemba zabezpe\u010dovala bezpe\u010dnostn\u00e9 audity a penetra\u010dn\u00e9 testovanie.\" \/>\n<meta name=\"robots\" content=\"noindex, follow\" \/>\n<meta property=\"og:locale\" content=\"sk_SK\" \/>\n<meta property=\"og:type\" content=\"article\" \/>\n<meta property=\"og:title\" content=\"Referencie OLD - Nethemba\" \/>\n<meta property=\"og:description\" content=\"Referencie od na\u0161ich klientov, ktor\u00fdm spolo\u010dnos\u0165 Nethemba zabezpe\u010dovala bezpe\u010dnostn\u00e9 audity a penetra\u010dn\u00e9 testovanie.\" \/>\n<meta property=\"og:url\" content=\"https:\/\/nethemba.com\/sk\/referencie-old\/\" \/>\n<meta property=\"og:site_name\" content=\"Nethemba\" \/>\n<meta property=\"article:publisher\" content=\"https:\/\/www.facebook.com\/nethemba\" \/>\n<meta property=\"article:modified_time\" content=\"2025-03-21T12:11:40+00:00\" \/>\n<meta property=\"og:image\" content=\"https:\/\/nethemba.com\/wp-content\/uploads\/2025\/03\/HeroImg-squared-5-1-1.png\" \/>\n<meta name=\"twitter:card\" content=\"summary_large_image\" \/>\n<meta name=\"twitter:site\" content=\"@nethemba\" \/>\n<meta name=\"twitter:label1\" content=\"Predpokladan\u00fd \u010das \u010d\u00edtania\" \/>\n\t<meta name=\"twitter:data1\" content=\"1 min\u00fata\" \/>\n<script type=\"application\/ld+json\" class=\"yoast-schema-graph\">{\"@context\":\"https:\\\/\\\/schema.org\",\"@graph\":[{\"@type\":\"WebPage\",\"@id\":\"https:\\\/\\\/nethemba.com\\\/sk\\\/referencie-old\\\/\",\"url\":\"https:\\\/\\\/nethemba.com\\\/sk\\\/referencie-old\\\/\",\"name\":\"Referencie OLD - Nethemba\",\"isPartOf\":{\"@id\":\"https:\\\/\\\/nethemba.com\\\/de\\\/#website\"},\"primaryImageOfPage\":{\"@id\":\"https:\\\/\\\/nethemba.com\\\/sk\\\/referencie-old\\\/#primaryimage\"},\"image\":{\"@id\":\"https:\\\/\\\/nethemba.com\\\/sk\\\/referencie-old\\\/#primaryimage\"},\"thumbnailUrl\":\"https:\\\/\\\/nethemba.com\\\/wp-content\\\/uploads\\\/2025\\\/03\\\/HeroImg-squared-5-1-1.png\",\"datePublished\":\"2015-11-08T19:29:07+00:00\",\"dateModified\":\"2025-03-21T12:11:40+00:00\",\"description\":\"Referencie od na\u0161ich klientov, ktor\u00fdm spolo\u010dnos\u0165 Nethemba zabezpe\u010dovala bezpe\u010dnostn\u00e9 audity a penetra\u010dn\u00e9 testovanie.\",\"breadcrumb\":{\"@id\":\"https:\\\/\\\/nethemba.com\\\/sk\\\/referencie-old\\\/#breadcrumb\"},\"inLanguage\":\"sk-SK\",\"potentialAction\":[{\"@type\":\"ReadAction\",\"target\":[\"https:\\\/\\\/nethemba.com\\\/sk\\\/referencie-old\\\/\"]}]},{\"@type\":\"ImageObject\",\"inLanguage\":\"sk-SK\",\"@id\":\"https:\\\/\\\/nethemba.com\\\/sk\\\/referencie-old\\\/#primaryimage\",\"url\":\"https:\\\/\\\/nethemba.com\\\/wp-content\\\/uploads\\\/2025\\\/03\\\/HeroImg-squared-5-1-1.png\",\"contentUrl\":\"https:\\\/\\\/nethemba.com\\\/wp-content\\\/uploads\\\/2025\\\/03\\\/HeroImg-squared-5-1-1.png\"},{\"@type\":\"BreadcrumbList\",\"@id\":\"https:\\\/\\\/nethemba.com\\\/sk\\\/referencie-old\\\/#breadcrumb\",\"itemListElement\":[{\"@type\":\"ListItem\",\"position\":1,\"name\":\"Home\",\"item\":\"https:\\\/\\\/nethemba.com\\\/sk\\\/domov\\\/\"},{\"@type\":\"ListItem\",\"position\":2,\"name\":\"Referencie OLD\"}]},{\"@type\":\"WebSite\",\"@id\":\"https:\\\/\\\/nethemba.com\\\/de\\\/#website\",\"url\":\"https:\\\/\\\/nethemba.com\\\/de\\\/\",\"name\":\"Nethemba\",\"description\":\"We care about your security\",\"potentialAction\":[{\"@type\":\"SearchAction\",\"target\":{\"@type\":\"EntryPoint\",\"urlTemplate\":\"https:\\\/\\\/nethemba.com\\\/de\\\/?s={search_term_string}\"},\"query-input\":{\"@type\":\"PropertyValueSpecification\",\"valueRequired\":true,\"valueName\":\"search_term_string\"}}],\"inLanguage\":\"sk-SK\"}]}<\/script>\n<!-- \/ Yoast SEO plugin. -->","yoast_head_json":{"title":"Referencie OLD - Nethemba","description":"Referencie od na\u0161ich klientov, ktor\u00fdm spolo\u010dnos\u0165 Nethemba zabezpe\u010dovala bezpe\u010dnostn\u00e9 audity a penetra\u010dn\u00e9 testovanie.","robots":{"index":"noindex","follow":"follow"},"og_locale":"sk_SK","og_type":"article","og_title":"Referencie OLD - Nethemba","og_description":"Referencie od na\u0161ich klientov, ktor\u00fdm spolo\u010dnos\u0165 Nethemba zabezpe\u010dovala bezpe\u010dnostn\u00e9 audity a penetra\u010dn\u00e9 testovanie.","og_url":"https:\/\/nethemba.com\/sk\/referencie-old\/","og_site_name":"Nethemba","article_publisher":"https:\/\/www.facebook.com\/nethemba","article_modified_time":"2025-03-21T12:11:40+00:00","og_image":[{"url":"https:\/\/nethemba.com\/wp-content\/uploads\/2025\/03\/HeroImg-squared-5-1-1.png","type":"","width":"","height":""}],"twitter_card":"summary_large_image","twitter_site":"@nethemba","twitter_misc":{"Predpokladan\u00fd \u010das \u010d\u00edtania":"1 min\u00fata"},"schema":{"@context":"https:\/\/schema.org","@graph":[{"@type":"WebPage","@id":"https:\/\/nethemba.com\/sk\/referencie-old\/","url":"https:\/\/nethemba.com\/sk\/referencie-old\/","name":"Referencie OLD - Nethemba","isPartOf":{"@id":"https:\/\/nethemba.com\/de\/#website"},"primaryImageOfPage":{"@id":"https:\/\/nethemba.com\/sk\/referencie-old\/#primaryimage"},"image":{"@id":"https:\/\/nethemba.com\/sk\/referencie-old\/#primaryimage"},"thumbnailUrl":"https:\/\/nethemba.com\/wp-content\/uploads\/2025\/03\/HeroImg-squared-5-1-1.png","datePublished":"2015-11-08T19:29:07+00:00","dateModified":"2025-03-21T12:11:40+00:00","description":"Referencie od na\u0161ich klientov, ktor\u00fdm spolo\u010dnos\u0165 Nethemba zabezpe\u010dovala bezpe\u010dnostn\u00e9 audity a penetra\u010dn\u00e9 testovanie.","breadcrumb":{"@id":"https:\/\/nethemba.com\/sk\/referencie-old\/#breadcrumb"},"inLanguage":"sk-SK","potentialAction":[{"@type":"ReadAction","target":["https:\/\/nethemba.com\/sk\/referencie-old\/"]}]},{"@type":"ImageObject","inLanguage":"sk-SK","@id":"https:\/\/nethemba.com\/sk\/referencie-old\/#primaryimage","url":"https:\/\/nethemba.com\/wp-content\/uploads\/2025\/03\/HeroImg-squared-5-1-1.png","contentUrl":"https:\/\/nethemba.com\/wp-content\/uploads\/2025\/03\/HeroImg-squared-5-1-1.png"},{"@type":"BreadcrumbList","@id":"https:\/\/nethemba.com\/sk\/referencie-old\/#breadcrumb","itemListElement":[{"@type":"ListItem","position":1,"name":"Home","item":"https:\/\/nethemba.com\/sk\/domov\/"},{"@type":"ListItem","position":2,"name":"Referencie OLD"}]},{"@type":"WebSite","@id":"https:\/\/nethemba.com\/de\/#website","url":"https:\/\/nethemba.com\/de\/","name":"Nethemba","description":"We care about your security","potentialAction":[{"@type":"SearchAction","target":{"@type":"EntryPoint","urlTemplate":"https:\/\/nethemba.com\/de\/?s={search_term_string}"},"query-input":{"@type":"PropertyValueSpecification","valueRequired":true,"valueName":"search_term_string"}}],"inLanguage":"sk-SK"}]}},"_links":{"self":[{"href":"https:\/\/nethemba.com\/sk\/wp-json\/wp\/v2\/pages\/304","targetHints":{"allow":["GET"]}}],"collection":[{"href":"https:\/\/nethemba.com\/sk\/wp-json\/wp\/v2\/pages"}],"about":[{"href":"https:\/\/nethemba.com\/sk\/wp-json\/wp\/v2\/types\/page"}],"author":[{"embeddable":true,"href":"https:\/\/nethemba.com\/sk\/wp-json\/wp\/v2\/users\/2"}],"replies":[{"embeddable":true,"href":"https:\/\/nethemba.com\/sk\/wp-json\/wp\/v2\/comments?post=304"}],"version-history":[{"count":4,"href":"https:\/\/nethemba.com\/sk\/wp-json\/wp\/v2\/pages\/304\/revisions"}],"predecessor-version":[{"id":8105,"href":"https:\/\/nethemba.com\/sk\/wp-json\/wp\/v2\/pages\/304\/revisions\/8105"}],"wp:attachment":[{"href":"https:\/\/nethemba.com\/sk\/wp-json\/wp\/v2\/media?parent=304"}],"curies":[{"name":"wp","href":"https:\/\/api.w.org\/{rel}","templated":true}]}}