{"id":307,"date":"2015-11-08T19:35:33","date_gmt":"2015-11-08T19:35:33","guid":{"rendered":"http:\/\/nethemba.com\/sk\/?page_id=307"},"modified":"2025-05-01T15:35:23","modified_gmt":"2025-05-01T13:35:23","slug":"sluzby","status":"publish","type":"page","link":"https:\/\/nethemba.com\/sk\/sluzby\/","title":{"rendered":"Slu\u017eby"},"content":{"rendered":"","protected":false},"excerpt":{"rendered":"","protected":false},"author":2,"featured_media":0,"parent":0,"menu_order":0,"comment_status":"closed","ping_status":"closed","template":"services_parent.php","meta":{"inline_featured_image":false,"_monsterinsights_skip_tracking":false,"_monsterinsights_sitenote_active":false,"_monsterinsights_sitenote_note":"","_monsterinsights_sitenote_category":0,"footnotes":""},"class_list":["post-307","page","type-page","status-publish","hentry"],"yoast_head":"<!-- This site is optimized with the Yoast SEO plugin v27.4 - https:\/\/yoast.com\/product\/yoast-seo-wordpress\/ -->\n<title>Slu\u017eby | Star\u00e1me sa o va\u0161u bezpe\u010dnos\u0165. Bezpe\u010dnostn\u00e9 audity a penetra\u010dn\u00e9 testy - Nethemba<\/title>\n<meta name=\"description\" content=\"Aplika\u010dn\u00e1 bezpe\u010dnos\u0165, Penetra\u010dn\u00e9 testy, Bezpe\u010dnostn\u00e9 audity, Sie\u0165ov\u00e1 a syst\u00e9mov\u00e1 bezpe\u010dnos\u0165, IT bezpe\u010dnostn\u00e9 rie\u0161enia, IT bezpe\u010dnostn\u00e9 slu\u017eby.\" \/>\n<meta name=\"robots\" content=\"index, follow, max-snippet:-1, max-image-preview:large, max-video-preview:-1\" \/>\n<link rel=\"canonical\" href=\"https:\/\/nethemba.com\/sk\/sluzby\/\" \/>\n<meta property=\"og:locale\" content=\"sk_SK\" \/>\n<meta property=\"og:type\" content=\"article\" \/>\n<meta property=\"og:title\" content=\"Slu\u017eby | Star\u00e1me sa o va\u0161u bezpe\u010dnos\u0165. Bezpe\u010dnostn\u00e9 audity a penetra\u010dn\u00e9 testy - Nethemba\" \/>\n<meta property=\"og:description\" content=\"Aplika\u010dn\u00e1 bezpe\u010dnos\u0165, Penetra\u010dn\u00e9 testy, Bezpe\u010dnostn\u00e9 audity, Sie\u0165ov\u00e1 a syst\u00e9mov\u00e1 bezpe\u010dnos\u0165, IT bezpe\u010dnostn\u00e9 rie\u0161enia, IT bezpe\u010dnostn\u00e9 slu\u017eby.\" \/>\n<meta property=\"og:url\" content=\"https:\/\/nethemba.com\/sk\/sluzby\/\" \/>\n<meta property=\"og:site_name\" content=\"Nethemba\" \/>\n<meta property=\"article:publisher\" content=\"https:\/\/www.facebook.com\/nethemba\" \/>\n<meta property=\"article:modified_time\" content=\"2025-05-01T13:35:23+00:00\" \/>\n<meta name=\"twitter:card\" content=\"summary_large_image\" \/>\n<meta name=\"twitter:site\" content=\"@nethemba\" \/>\n<script type=\"application\/ld+json\" class=\"yoast-schema-graph\">{\"@context\":\"https:\\\/\\\/schema.org\",\"@graph\":[{\"@type\":\"WebPage\",\"@id\":\"https:\\\/\\\/nethemba.com\\\/sk\\\/sluzby\\\/\",\"url\":\"https:\\\/\\\/nethemba.com\\\/sk\\\/sluzby\\\/\",\"name\":\"Slu\u017eby | Star\u00e1me sa o va\u0161u bezpe\u010dnos\u0165. Bezpe\u010dnostn\u00e9 audity a penetra\u010dn\u00e9 testy - Nethemba\",\"isPartOf\":{\"@id\":\"https:\\\/\\\/nethemba.com\\\/de\\\/#website\"},\"datePublished\":\"2015-11-08T19:35:33+00:00\",\"dateModified\":\"2025-05-01T13:35:23+00:00\",\"description\":\"Aplika\u010dn\u00e1 bezpe\u010dnos\u0165, Penetra\u010dn\u00e9 testy, Bezpe\u010dnostn\u00e9 audity, Sie\u0165ov\u00e1 a syst\u00e9mov\u00e1 bezpe\u010dnos\u0165, IT bezpe\u010dnostn\u00e9 rie\u0161enia, IT bezpe\u010dnostn\u00e9 slu\u017eby.\",\"breadcrumb\":{\"@id\":\"https:\\\/\\\/nethemba.com\\\/sk\\\/sluzby\\\/#breadcrumb\"},\"inLanguage\":\"sk-SK\",\"potentialAction\":[{\"@type\":\"ReadAction\",\"target\":[\"https:\\\/\\\/nethemba.com\\\/sk\\\/sluzby\\\/\"]}]},{\"@type\":\"BreadcrumbList\",\"@id\":\"https:\\\/\\\/nethemba.com\\\/sk\\\/sluzby\\\/#breadcrumb\",\"itemListElement\":[{\"@type\":\"ListItem\",\"position\":1,\"name\":\"Home\",\"item\":\"https:\\\/\\\/nethemba.com\\\/sk\\\/domov\\\/\"},{\"@type\":\"ListItem\",\"position\":2,\"name\":\"Slu\u017eby\"}]},{\"@type\":\"WebSite\",\"@id\":\"https:\\\/\\\/nethemba.com\\\/de\\\/#website\",\"url\":\"https:\\\/\\\/nethemba.com\\\/de\\\/\",\"name\":\"Nethemba\",\"description\":\"We care about your security\",\"potentialAction\":[{\"@type\":\"SearchAction\",\"target\":{\"@type\":\"EntryPoint\",\"urlTemplate\":\"https:\\\/\\\/nethemba.com\\\/de\\\/?s={search_term_string}\"},\"query-input\":{\"@type\":\"PropertyValueSpecification\",\"valueRequired\":true,\"valueName\":\"search_term_string\"}}],\"inLanguage\":\"sk-SK\"}]}<\/script>\n<!-- \/ Yoast SEO plugin. -->","yoast_head_json":{"title":"Slu\u017eby | Star\u00e1me sa o va\u0161u bezpe\u010dnos\u0165. Bezpe\u010dnostn\u00e9 audity a penetra\u010dn\u00e9 testy - Nethemba","description":"Aplika\u010dn\u00e1 bezpe\u010dnos\u0165, Penetra\u010dn\u00e9 testy, Bezpe\u010dnostn\u00e9 audity, Sie\u0165ov\u00e1 a syst\u00e9mov\u00e1 bezpe\u010dnos\u0165, IT bezpe\u010dnostn\u00e9 rie\u0161enia, IT bezpe\u010dnostn\u00e9 slu\u017eby.","robots":{"index":"index","follow":"follow","max-snippet":"max-snippet:-1","max-image-preview":"max-image-preview:large","max-video-preview":"max-video-preview:-1"},"canonical":"https:\/\/nethemba.com\/sk\/sluzby\/","og_locale":"sk_SK","og_type":"article","og_title":"Slu\u017eby | Star\u00e1me sa o va\u0161u bezpe\u010dnos\u0165. Bezpe\u010dnostn\u00e9 audity a penetra\u010dn\u00e9 testy - Nethemba","og_description":"Aplika\u010dn\u00e1 bezpe\u010dnos\u0165, Penetra\u010dn\u00e9 testy, Bezpe\u010dnostn\u00e9 audity, Sie\u0165ov\u00e1 a syst\u00e9mov\u00e1 bezpe\u010dnos\u0165, IT bezpe\u010dnostn\u00e9 rie\u0161enia, IT bezpe\u010dnostn\u00e9 slu\u017eby.","og_url":"https:\/\/nethemba.com\/sk\/sluzby\/","og_site_name":"Nethemba","article_publisher":"https:\/\/www.facebook.com\/nethemba","article_modified_time":"2025-05-01T13:35:23+00:00","twitter_card":"summary_large_image","twitter_site":"@nethemba","schema":{"@context":"https:\/\/schema.org","@graph":[{"@type":"WebPage","@id":"https:\/\/nethemba.com\/sk\/sluzby\/","url":"https:\/\/nethemba.com\/sk\/sluzby\/","name":"Slu\u017eby | Star\u00e1me sa o va\u0161u bezpe\u010dnos\u0165. Bezpe\u010dnostn\u00e9 audity a penetra\u010dn\u00e9 testy - Nethemba","isPartOf":{"@id":"https:\/\/nethemba.com\/de\/#website"},"datePublished":"2015-11-08T19:35:33+00:00","dateModified":"2025-05-01T13:35:23+00:00","description":"Aplika\u010dn\u00e1 bezpe\u010dnos\u0165, Penetra\u010dn\u00e9 testy, Bezpe\u010dnostn\u00e9 audity, Sie\u0165ov\u00e1 a syst\u00e9mov\u00e1 bezpe\u010dnos\u0165, IT bezpe\u010dnostn\u00e9 rie\u0161enia, IT bezpe\u010dnostn\u00e9 slu\u017eby.","breadcrumb":{"@id":"https:\/\/nethemba.com\/sk\/sluzby\/#breadcrumb"},"inLanguage":"sk-SK","potentialAction":[{"@type":"ReadAction","target":["https:\/\/nethemba.com\/sk\/sluzby\/"]}]},{"@type":"BreadcrumbList","@id":"https:\/\/nethemba.com\/sk\/sluzby\/#breadcrumb","itemListElement":[{"@type":"ListItem","position":1,"name":"Home","item":"https:\/\/nethemba.com\/sk\/domov\/"},{"@type":"ListItem","position":2,"name":"Slu\u017eby"}]},{"@type":"WebSite","@id":"https:\/\/nethemba.com\/de\/#website","url":"https:\/\/nethemba.com\/de\/","name":"Nethemba","description":"We care about your security","potentialAction":[{"@type":"SearchAction","target":{"@type":"EntryPoint","urlTemplate":"https:\/\/nethemba.com\/de\/?s={search_term_string}"},"query-input":{"@type":"PropertyValueSpecification","valueRequired":true,"valueName":"search_term_string"}}],"inLanguage":"sk-SK"}]}},"_links":{"self":[{"href":"https:\/\/nethemba.com\/sk\/wp-json\/wp\/v2\/pages\/307","targetHints":{"allow":["GET"]}}],"collection":[{"href":"https:\/\/nethemba.com\/sk\/wp-json\/wp\/v2\/pages"}],"about":[{"href":"https:\/\/nethemba.com\/sk\/wp-json\/wp\/v2\/types\/page"}],"author":[{"embeddable":true,"href":"https:\/\/nethemba.com\/sk\/wp-json\/wp\/v2\/users\/2"}],"replies":[{"embeddable":true,"href":"https:\/\/nethemba.com\/sk\/wp-json\/wp\/v2\/comments?post=307"}],"version-history":[{"count":1,"href":"https:\/\/nethemba.com\/sk\/wp-json\/wp\/v2\/pages\/307\/revisions"}],"predecessor-version":[{"id":8072,"href":"https:\/\/nethemba.com\/sk\/wp-json\/wp\/v2\/pages\/307\/revisions\/8072"}],"wp:attachment":[{"href":"https:\/\/nethemba.com\/sk\/wp-json\/wp\/v2\/media?parent=307"}],"curies":[{"name":"wp","href":"https:\/\/api.w.org\/{rel}","templated":true}]}}