{"id":367,"date":"2015-11-08T20:34:17","date_gmt":"2015-11-08T20:34:17","guid":{"rendered":"http:\/\/nethemba.com\/sk\/?page_id=367"},"modified":"2019-08-05T16:09:29","modified_gmt":"2019-08-05T15:09:29","slug":"standardny-penetracny-test","status":"publish","type":"page","link":"https:\/\/nethemba.com\/sk\/sluzby\/aplikacna-bezpecnost\/standardny-penetracny-test\/","title":{"rendered":"\u0160tandardn\u00fd penetra\u010dn\u00fd test"},"content":{"rendered":"<p class=\"med\">Cie\u013eom \u0161tandardn\u00e9ho penetra\u010dn\u00e9ho testu je odhali\u0165 \u010do najv\u00e4\u010d\u0161ie mno\u017estvo \u010do najviac kritick\u00fdch zranite\u013enost\u00ed vo webovej aplik\u00e1cii alebo webovom serveri behom 3 dn\u00ed ako aj odhali\u0165 sp\u00f4sob ich vyu\u017eitia a pr\u00edpadn\u00fa mo\u017enos\u0165 z\u00edskania privilegovan\u00e9ho pr\u00edstupu.<\/p>\n<h3>Test pozost\u00e1va z nasleduj\u00facich f\u00e1z:<\/h3>\n<ul>\n<li><strong>Zbieranie inform\u00e1ci\u00ed<\/strong> \u2013 o cie\u013eovom syst\u00e9me s\u00fa zozbieran\u00e9, identifikovan\u00e9 a analyzovan\u00e9 v\u0161etky inform\u00e1cie, vr\u00e1tane verzie webov\u00e9ho serveru, pou\u017eit\u00fdch modulov, programovej platformy, WAF a pr\u00edstupov\u00fdch bodov do aplik\u00e1cie<\/li>\n<li><strong>Enumerovanie a mapovanie zranite\u013enost\u00ed<\/strong> \u2013 pomocou intruz\u00edvnych met\u00f3d a techn\u00edk (\u0161peci\u00e1lne skon\u0161truovan\u00e9 HTTP \u017eiadosti) s\u00fa identifikovan\u00e9 potenci\u00e1lne slabiny (pou\u017eit\u00e9 s\u00fa \u0161peci\u00e1lne bezpe\u010dnostn\u00e9 scannery, &#8222;fault-injection proxies&#8220; ako aj manu\u00e1lne overenie)<\/li>\n<li><strong>Vyu\u017eitie zranite\u013enost\u00ed<\/strong> &#8211; pokus o z\u00edskanie pr\u00edstupu pomocou zranite\u013enost\u00ed identifikovan\u00fdch v predch\u00e1dzaj\u00facej f\u00e1ze. Cie\u013eom je z\u00edska\u0165 pou\u017e\u00edvate\u013esk\u00fd alebo privilegovan\u00fd (administr\u00e1torsky) pr\u00edstup do aplik\u00e1cie alebo opera\u010dn\u00e9ho syst\u00e9mu (pou\u017eit\u00e9 s\u00fa \u0161peci\u00e1lne &#8222;exploit&#8220; skripty a &#8222;exploit&#8220; syst\u00e9my).<\/li>\n<\/ul>\n<h3>Vlastnosti:<\/h3>\n<ul>\n<li>odha\u013euje najv\u00e1\u017enej\u0161ie webov\u00e9 zranite\u013enosti (SQL\/LDAP injection, XSS\/CSRF, prete\u010denie buffrov, bezpe\u010dnostn\u00e9 chyby v biznis logike, ob\u00eddenie autentiz\u00e1cie, mo\u017enos\u0165 lok\u00e1lneho vnorenia s\u00faborov)<\/li>\n<li>vzh\u013eadom k tomu, \u017ee je pou\u017eit\u00e9 manu\u00e1lne overenie, test je ve\u013emi vhodn\u00fd aj v situ\u00e1ci\u00e1ch, kedy va\u0161e bezpe\u010dnostn\u00e9 scannery zlyhali<\/li>\n<li>v\u00fdsledkom je technick\u00e1 spr\u00e1va s mana\u017e\u00e9rskym zhrnut\u00edm, v\u0161etk\u00fdmi odhalen\u00fdmi zranite\u013enos\u0165ami a ich pr\u00edslu\u0161n\u00fdmi stup\u0148ami riz\u00edk ako aj odpor\u00fa\u010daniami<\/li>\n<\/ul>\n","protected":false},"excerpt":{"rendered":"<p>Cie\u013eom \u0161tandardn\u00e9ho penetra\u010dn\u00e9ho testu je odhali\u0165 \u010do najv\u00e4\u010d\u0161ie mno\u017estvo \u010do najviac kritick\u00fdch zranite\u013enost\u00ed vo webovej aplik\u00e1cii alebo webovom serveri behom 3 dn\u00ed ako aj odhali\u0165 sp\u00f4sob ich vyu\u017eitia a pr\u00edpadn\u00fa mo\u017enos\u0165 z\u00edskania privilegovan\u00e9ho pr\u00edstupu. Test pozost\u00e1va z nasleduj\u00facich f\u00e1z: Zbieranie inform\u00e1ci\u00ed \u2013 o cie\u013eovom syst\u00e9me s\u00fa zozbieran\u00e9, identifikovan\u00e9 a analyzovan\u00e9 v\u0161etky inform\u00e1cie, vr\u00e1tane verzie webov\u00e9ho [&hellip;]<\/p>\n","protected":false},"author":2,"featured_media":0,"parent":351,"menu_order":2,"comment_status":"closed","ping_status":"closed","template":"services_detail.php","meta":{"inline_featured_image":false,"_monsterinsights_skip_tracking":false,"_monsterinsights_sitenote_active":false,"_monsterinsights_sitenote_note":"","_monsterinsights_sitenote_category":0,"footnotes":""},"class_list":["post-367","page","type-page","status-publish","hentry"],"yoast_head":"<!-- This site is optimized with the Yoast SEO plugin v27.4 - https:\/\/yoast.com\/product\/yoast-seo-wordpress\/ -->\n<title>\u0160tandardn\u00fd penetra\u010dn\u00fd test - Nethemba - Odhalenie zranite\u013enost\u00ed<\/title>\n<meta name=\"description\" content=\"Penetra\u010dn\u00fd test m\u00e1 odhali\u0165 kritick\u00e9 zranite\u013enosti vo webovej aplik\u00e1cii alebo webovom serveri behom 3 dn\u00ed, v\u00fdsledkom je technick\u00e1 spr\u00e1va so zhrnut\u00edm.\" \/>\n<meta name=\"robots\" content=\"index, follow, max-snippet:-1, max-image-preview:large, max-video-preview:-1\" \/>\n<link rel=\"canonical\" href=\"https:\/\/nethemba.com\/sk\/sluzby\/aplikacna-bezpecnost\/standardny-penetracny-test\/\" \/>\n<meta property=\"og:locale\" content=\"sk_SK\" \/>\n<meta property=\"og:type\" content=\"article\" \/>\n<meta property=\"og:title\" content=\"\u0160tandardn\u00fd penetra\u010dn\u00fd test - Nethemba - Odhalenie zranite\u013enost\u00ed\" \/>\n<meta property=\"og:description\" content=\"Penetra\u010dn\u00fd test m\u00e1 odhali\u0165 kritick\u00e9 zranite\u013enosti vo webovej aplik\u00e1cii alebo webovom serveri behom 3 dn\u00ed, v\u00fdsledkom je technick\u00e1 spr\u00e1va so zhrnut\u00edm.\" \/>\n<meta property=\"og:url\" content=\"https:\/\/nethemba.com\/sk\/sluzby\/aplikacna-bezpecnost\/standardny-penetracny-test\/\" \/>\n<meta property=\"og:site_name\" content=\"Nethemba\" \/>\n<meta property=\"article:publisher\" content=\"https:\/\/www.facebook.com\/nethemba\" \/>\n<meta property=\"article:modified_time\" content=\"2019-08-05T15:09:29+00:00\" \/>\n<meta name=\"twitter:card\" content=\"summary_large_image\" \/>\n<meta name=\"twitter:site\" content=\"@nethemba\" \/>\n<meta name=\"twitter:label1\" content=\"Predpokladan\u00fd \u010das \u010d\u00edtania\" \/>\n\t<meta name=\"twitter:data1\" content=\"1 min\u00fata\" \/>\n<script type=\"application\/ld+json\" class=\"yoast-schema-graph\">{\"@context\":\"https:\\\/\\\/schema.org\",\"@graph\":[{\"@type\":\"WebPage\",\"@id\":\"https:\\\/\\\/nethemba.com\\\/sk\\\/sluzby\\\/aplikacna-bezpecnost\\\/standardny-penetracny-test\\\/\",\"url\":\"https:\\\/\\\/nethemba.com\\\/sk\\\/sluzby\\\/aplikacna-bezpecnost\\\/standardny-penetracny-test\\\/\",\"name\":\"\u0160tandardn\u00fd penetra\u010dn\u00fd test - Nethemba - Odhalenie zranite\u013enost\u00ed\",\"isPartOf\":{\"@id\":\"https:\\\/\\\/nethemba.com\\\/de\\\/#website\"},\"datePublished\":\"2015-11-08T20:34:17+00:00\",\"dateModified\":\"2019-08-05T15:09:29+00:00\",\"description\":\"Penetra\u010dn\u00fd test m\u00e1 odhali\u0165 kritick\u00e9 zranite\u013enosti vo webovej aplik\u00e1cii alebo webovom serveri behom 3 dn\u00ed, v\u00fdsledkom je technick\u00e1 spr\u00e1va so zhrnut\u00edm.\",\"breadcrumb\":{\"@id\":\"https:\\\/\\\/nethemba.com\\\/sk\\\/sluzby\\\/aplikacna-bezpecnost\\\/standardny-penetracny-test\\\/#breadcrumb\"},\"inLanguage\":\"sk-SK\",\"potentialAction\":[{\"@type\":\"ReadAction\",\"target\":[\"https:\\\/\\\/nethemba.com\\\/sk\\\/sluzby\\\/aplikacna-bezpecnost\\\/standardny-penetracny-test\\\/\"]}]},{\"@type\":\"BreadcrumbList\",\"@id\":\"https:\\\/\\\/nethemba.com\\\/sk\\\/sluzby\\\/aplikacna-bezpecnost\\\/standardny-penetracny-test\\\/#breadcrumb\",\"itemListElement\":[{\"@type\":\"ListItem\",\"position\":1,\"name\":\"Home\",\"item\":\"https:\\\/\\\/nethemba.com\\\/sk\\\/domov\\\/\"},{\"@type\":\"ListItem\",\"position\":2,\"name\":\"Slu\u017eby\",\"item\":\"https:\\\/\\\/nethemba.com\\\/sk\\\/sluzby\\\/\"},{\"@type\":\"ListItem\",\"position\":3,\"name\":\"Aplika\u010dn\u00e1 bezpe\u010dnos\u0165\",\"item\":\"https:\\\/\\\/nethemba.com\\\/sk\\\/sluzby\\\/aplikacna-bezpecnost\\\/\"},{\"@type\":\"ListItem\",\"position\":4,\"name\":\"\u0160tandardn\u00fd penetra\u010dn\u00fd test\"}]},{\"@type\":\"WebSite\",\"@id\":\"https:\\\/\\\/nethemba.com\\\/de\\\/#website\",\"url\":\"https:\\\/\\\/nethemba.com\\\/de\\\/\",\"name\":\"Nethemba\",\"description\":\"We care about your security\",\"potentialAction\":[{\"@type\":\"SearchAction\",\"target\":{\"@type\":\"EntryPoint\",\"urlTemplate\":\"https:\\\/\\\/nethemba.com\\\/de\\\/?s={search_term_string}\"},\"query-input\":{\"@type\":\"PropertyValueSpecification\",\"valueRequired\":true,\"valueName\":\"search_term_string\"}}],\"inLanguage\":\"sk-SK\"}]}<\/script>\n<!-- \/ Yoast SEO plugin. -->","yoast_head_json":{"title":"\u0160tandardn\u00fd penetra\u010dn\u00fd test - Nethemba - Odhalenie zranite\u013enost\u00ed","description":"Penetra\u010dn\u00fd test m\u00e1 odhali\u0165 kritick\u00e9 zranite\u013enosti vo webovej aplik\u00e1cii alebo webovom serveri behom 3 dn\u00ed, v\u00fdsledkom je technick\u00e1 spr\u00e1va so zhrnut\u00edm.","robots":{"index":"index","follow":"follow","max-snippet":"max-snippet:-1","max-image-preview":"max-image-preview:large","max-video-preview":"max-video-preview:-1"},"canonical":"https:\/\/nethemba.com\/sk\/sluzby\/aplikacna-bezpecnost\/standardny-penetracny-test\/","og_locale":"sk_SK","og_type":"article","og_title":"\u0160tandardn\u00fd penetra\u010dn\u00fd test - Nethemba - Odhalenie zranite\u013enost\u00ed","og_description":"Penetra\u010dn\u00fd test m\u00e1 odhali\u0165 kritick\u00e9 zranite\u013enosti vo webovej aplik\u00e1cii alebo webovom serveri behom 3 dn\u00ed, v\u00fdsledkom je technick\u00e1 spr\u00e1va so zhrnut\u00edm.","og_url":"https:\/\/nethemba.com\/sk\/sluzby\/aplikacna-bezpecnost\/standardny-penetracny-test\/","og_site_name":"Nethemba","article_publisher":"https:\/\/www.facebook.com\/nethemba","article_modified_time":"2019-08-05T15:09:29+00:00","twitter_card":"summary_large_image","twitter_site":"@nethemba","twitter_misc":{"Predpokladan\u00fd \u010das \u010d\u00edtania":"1 min\u00fata"},"schema":{"@context":"https:\/\/schema.org","@graph":[{"@type":"WebPage","@id":"https:\/\/nethemba.com\/sk\/sluzby\/aplikacna-bezpecnost\/standardny-penetracny-test\/","url":"https:\/\/nethemba.com\/sk\/sluzby\/aplikacna-bezpecnost\/standardny-penetracny-test\/","name":"\u0160tandardn\u00fd penetra\u010dn\u00fd test - Nethemba - Odhalenie zranite\u013enost\u00ed","isPartOf":{"@id":"https:\/\/nethemba.com\/de\/#website"},"datePublished":"2015-11-08T20:34:17+00:00","dateModified":"2019-08-05T15:09:29+00:00","description":"Penetra\u010dn\u00fd test m\u00e1 odhali\u0165 kritick\u00e9 zranite\u013enosti vo webovej aplik\u00e1cii alebo webovom serveri behom 3 dn\u00ed, v\u00fdsledkom je technick\u00e1 spr\u00e1va so zhrnut\u00edm.","breadcrumb":{"@id":"https:\/\/nethemba.com\/sk\/sluzby\/aplikacna-bezpecnost\/standardny-penetracny-test\/#breadcrumb"},"inLanguage":"sk-SK","potentialAction":[{"@type":"ReadAction","target":["https:\/\/nethemba.com\/sk\/sluzby\/aplikacna-bezpecnost\/standardny-penetracny-test\/"]}]},{"@type":"BreadcrumbList","@id":"https:\/\/nethemba.com\/sk\/sluzby\/aplikacna-bezpecnost\/standardny-penetracny-test\/#breadcrumb","itemListElement":[{"@type":"ListItem","position":1,"name":"Home","item":"https:\/\/nethemba.com\/sk\/domov\/"},{"@type":"ListItem","position":2,"name":"Slu\u017eby","item":"https:\/\/nethemba.com\/sk\/sluzby\/"},{"@type":"ListItem","position":3,"name":"Aplika\u010dn\u00e1 bezpe\u010dnos\u0165","item":"https:\/\/nethemba.com\/sk\/sluzby\/aplikacna-bezpecnost\/"},{"@type":"ListItem","position":4,"name":"\u0160tandardn\u00fd penetra\u010dn\u00fd test"}]},{"@type":"WebSite","@id":"https:\/\/nethemba.com\/de\/#website","url":"https:\/\/nethemba.com\/de\/","name":"Nethemba","description":"We care about your security","potentialAction":[{"@type":"SearchAction","target":{"@type":"EntryPoint","urlTemplate":"https:\/\/nethemba.com\/de\/?s={search_term_string}"},"query-input":{"@type":"PropertyValueSpecification","valueRequired":true,"valueName":"search_term_string"}}],"inLanguage":"sk-SK"}]}},"_links":{"self":[{"href":"https:\/\/nethemba.com\/sk\/wp-json\/wp\/v2\/pages\/367","targetHints":{"allow":["GET"]}}],"collection":[{"href":"https:\/\/nethemba.com\/sk\/wp-json\/wp\/v2\/pages"}],"about":[{"href":"https:\/\/nethemba.com\/sk\/wp-json\/wp\/v2\/types\/page"}],"author":[{"embeddable":true,"href":"https:\/\/nethemba.com\/sk\/wp-json\/wp\/v2\/users\/2"}],"replies":[{"embeddable":true,"href":"https:\/\/nethemba.com\/sk\/wp-json\/wp\/v2\/comments?post=367"}],"version-history":[{"count":0,"href":"https:\/\/nethemba.com\/sk\/wp-json\/wp\/v2\/pages\/367\/revisions"}],"up":[{"embeddable":true,"href":"https:\/\/nethemba.com\/sk\/wp-json\/wp\/v2\/pages\/351"}],"wp:attachment":[{"href":"https:\/\/nethemba.com\/sk\/wp-json\/wp\/v2\/media?parent=367"}],"curies":[{"name":"wp","href":"https:\/\/api.w.org\/{rel}","templated":true}]}}