{"id":373,"date":"2015-11-08T20:36:11","date_gmt":"2015-11-08T20:36:11","guid":{"rendered":"http:\/\/nethemba.com\/sk\/?page_id=373"},"modified":"2020-12-11T19:03:00","modified_gmt":"2020-12-11T18:03:00","slug":"detailny-bezpecnostny-audit","status":"publish","type":"page","link":"https:\/\/nethemba.com\/sk\/sluzby\/aplikacna-bezpecnost\/detailny-bezpecnostny-audit\/","title":{"rendered":"Detailn\u00fd bezpe\u010dnostn\u00fd audit"},"content":{"rendered":"<p>Cie\u013eom detailn\u00e9ho bezpe\u010dnostn\u00e9 auditu webovej aplik\u00e1cie a webov\u00e9ho serveru je \u010do najd\u00f4kladnej\u0161ie a najdetailnej\u0161ie otestova\u0165 webov\u00fa aplik\u00e1ciu a webov\u00fd server (v\u0161etky formul\u00e1re, v\u0161etky druhy zn\u00e1mych zranite\u013enost\u00ed).<\/p>\n<p>Test je realizovan\u00fd striktne pod\u013ea <a href=\"https:\/\/owasp.org\/www-project-web-security-testing-guide\/v42\/\">bezpe\u010dnostnej testovacej pr\u00edru\u010dky OWASP<\/a> a je preto ve\u013emi podrobn\u00fd.<\/p>\n<p><strong>Test obsahuje:<\/strong><\/p>\n<ul>\n<li>praktick\u00fa &#8222;hackersk\u00fa&#8220; demon\u0161tr\u00e1ciu odhalen\u00fdch kritick\u00fdch zranite\u013enost\u00ed (tvorba vlastn\u00fdch &#8222;exploit&#8220; programov, dump datab\u00e1zy, demon\u0161tr\u00e1cia CSRF\/XSS\/Session fixation zranite\u013enost\u00ed at\u010f)<\/li>\n<li>jednod\u0148ov\u00e9 stretnutie s v\u00fdvoj\u00e1rmi testovanej aplik\u00e1cie (prezent\u00e1cia v\u00fdslednej spr\u00e1vy, demon\u0161tr\u00e1cia zneu\u017eitia odhalen\u00fdch zranite\u013enost\u00ed, prezent\u00e1cia mo\u017en\u00fdch opr\u00e1v a zabezpe\u010denia aplik\u00e1cie)<\/li>\n<li>kompletn\u00e9 a \u00fapln\u00e9 otestovanie webovej aplik\u00e1cie pod\u013ea <a href=\"http:\/\/www.owasp.org\/index.php\/OWASP_Testing_Guide_v4_Table_of_Contents\">testovacej pr\u00edru\u010dky OWASP<br \/>\n<\/a><\/li>\n<li>technick\u00fa v\u00fdsledn\u00fa spr\u00e1vu s mana\u017e\u00e9rskym zhrnut\u00edm, v\u0161etk\u00fdmi odhalen\u00fdmi zranite\u013enostami, ich stup\u0148ami riz\u00edk a doporu\u010deniami<\/li>\n<\/ul>\n<p><strong>Cena:<\/strong> z\u00e1vis\u00ed od komplexnosti aplik\u00e1cie (mno\u017estvo formul\u00e1rov, pou\u017e\u00edvate\u013esk\u00fdch vstupov, rol\u00ed, hierarchie at\u010f)<\/p>\n","protected":false},"excerpt":{"rendered":"<p>Cie\u013eom detailn\u00e9ho bezpe\u010dnostn\u00e9 auditu webovej aplik\u00e1cie a webov\u00e9ho serveru je \u010do najd\u00f4kladnej\u0161ie a najdetailnej\u0161ie otestova\u0165 webov\u00fa aplik\u00e1ciu a webov\u00fd server (v\u0161etky formul\u00e1re, v\u0161etky druhy zn\u00e1mych zranite\u013enost\u00ed). Test je realizovan\u00fd striktne pod\u013ea bezpe\u010dnostnej testovacej pr\u00edru\u010dky OWASP a je preto ve\u013emi podrobn\u00fd. Test obsahuje: praktick\u00fa &#8222;hackersk\u00fa&#8220; demon\u0161tr\u00e1ciu odhalen\u00fdch kritick\u00fdch zranite\u013enost\u00ed (tvorba vlastn\u00fdch &#8222;exploit&#8220; programov, dump datab\u00e1zy, demon\u0161tr\u00e1cia [&hellip;]<\/p>\n","protected":false},"author":2,"featured_media":0,"parent":351,"menu_order":3,"comment_status":"closed","ping_status":"closed","template":"services_detail.php","meta":{"inline_featured_image":false,"_monsterinsights_skip_tracking":false,"_monsterinsights_sitenote_active":false,"_monsterinsights_sitenote_note":"","_monsterinsights_sitenote_category":0,"footnotes":""},"class_list":["post-373","page","type-page","status-publish","hentry"],"yoast_head":"<!-- This site is optimized with the Yoast SEO plugin v27.2 - https:\/\/yoast.com\/product\/yoast-seo-wordpress\/ -->\n<title>Detailn\u00fd bezpe\u010dnostn\u00fd audit - Nethemba<\/title>\n<meta name=\"robots\" content=\"index, follow, max-snippet:-1, max-image-preview:large, max-video-preview:-1\" \/>\n<link rel=\"canonical\" href=\"https:\/\/nethemba.com\/sk\/sluzby\/aplikacna-bezpecnost\/detailny-bezpecnostny-audit\/\" \/>\n<meta property=\"og:locale\" content=\"sk_SK\" \/>\n<meta property=\"og:type\" content=\"article\" \/>\n<meta property=\"og:title\" content=\"Detailn\u00fd bezpe\u010dnostn\u00fd audit - Nethemba\" \/>\n<meta property=\"og:description\" content=\"Cie\u013eom detailn\u00e9ho bezpe\u010dnostn\u00e9 auditu webovej aplik\u00e1cie a webov\u00e9ho serveru je \u010do najd\u00f4kladnej\u0161ie a najdetailnej\u0161ie otestova\u0165 webov\u00fa aplik\u00e1ciu a webov\u00fd server (v\u0161etky formul\u00e1re, v\u0161etky druhy zn\u00e1mych zranite\u013enost\u00ed). Test je realizovan\u00fd striktne pod\u013ea bezpe\u010dnostnej testovacej pr\u00edru\u010dky OWASP a je preto ve\u013emi podrobn\u00fd. Test obsahuje: praktick\u00fa &#8222;hackersk\u00fa&#8220; demon\u0161tr\u00e1ciu odhalen\u00fdch kritick\u00fdch zranite\u013enost\u00ed (tvorba vlastn\u00fdch &#8222;exploit&#8220; programov, dump datab\u00e1zy, demon\u0161tr\u00e1cia [&hellip;]\" \/>\n<meta property=\"og:url\" content=\"https:\/\/nethemba.com\/sk\/sluzby\/aplikacna-bezpecnost\/detailny-bezpecnostny-audit\/\" \/>\n<meta property=\"og:site_name\" content=\"Nethemba\" \/>\n<meta property=\"article:publisher\" content=\"https:\/\/www.facebook.com\/nethemba\" \/>\n<meta property=\"article:modified_time\" content=\"2020-12-11T18:03:00+00:00\" \/>\n<meta name=\"twitter:card\" content=\"summary_large_image\" \/>\n<meta name=\"twitter:site\" content=\"@nethemba\" \/>\n<meta name=\"twitter:label1\" content=\"Predpokladan\u00fd \u010das \u010d\u00edtania\" \/>\n\t<meta name=\"twitter:data1\" content=\"1 min\u00fata\" \/>\n<script type=\"application\/ld+json\" class=\"yoast-schema-graph\">{\"@context\":\"https:\/\/schema.org\",\"@graph\":[{\"@type\":\"WebPage\",\"@id\":\"https:\/\/nethemba.com\/sk\/sluzby\/aplikacna-bezpecnost\/detailny-bezpecnostny-audit\/\",\"url\":\"https:\/\/nethemba.com\/sk\/sluzby\/aplikacna-bezpecnost\/detailny-bezpecnostny-audit\/\",\"name\":\"Detailn\u00fd bezpe\u010dnostn\u00fd audit - Nethemba\",\"isPartOf\":{\"@id\":\"https:\/\/nethemba.com\/de\/#website\"},\"datePublished\":\"2015-11-08T20:36:11+00:00\",\"dateModified\":\"2020-12-11T18:03:00+00:00\",\"breadcrumb\":{\"@id\":\"https:\/\/nethemba.com\/sk\/sluzby\/aplikacna-bezpecnost\/detailny-bezpecnostny-audit\/#breadcrumb\"},\"inLanguage\":\"sk-SK\",\"potentialAction\":[{\"@type\":\"ReadAction\",\"target\":[\"https:\/\/nethemba.com\/sk\/sluzby\/aplikacna-bezpecnost\/detailny-bezpecnostny-audit\/\"]}]},{\"@type\":\"BreadcrumbList\",\"@id\":\"https:\/\/nethemba.com\/sk\/sluzby\/aplikacna-bezpecnost\/detailny-bezpecnostny-audit\/#breadcrumb\",\"itemListElement\":[{\"@type\":\"ListItem\",\"position\":1,\"name\":\"Home\",\"item\":\"https:\/\/nethemba.com\/sk\/domov\/\"},{\"@type\":\"ListItem\",\"position\":2,\"name\":\"Slu\u017eby\",\"item\":\"https:\/\/nethemba.com\/sk\/sluzby\/\"},{\"@type\":\"ListItem\",\"position\":3,\"name\":\"Aplika\u010dn\u00e1 bezpe\u010dnos\u0165\",\"item\":\"https:\/\/nethemba.com\/sk\/sluzby\/aplikacna-bezpecnost\/\"},{\"@type\":\"ListItem\",\"position\":4,\"name\":\"Detailn\u00fd bezpe\u010dnostn\u00fd audit\"}]},{\"@type\":\"WebSite\",\"@id\":\"https:\/\/nethemba.com\/de\/#website\",\"url\":\"https:\/\/nethemba.com\/de\/\",\"name\":\"Nethemba\",\"description\":\"We care about your security\",\"potentialAction\":[{\"@type\":\"SearchAction\",\"target\":{\"@type\":\"EntryPoint\",\"urlTemplate\":\"https:\/\/nethemba.com\/de\/?s={search_term_string}\"},\"query-input\":{\"@type\":\"PropertyValueSpecification\",\"valueRequired\":true,\"valueName\":\"search_term_string\"}}],\"inLanguage\":\"sk-SK\"}]}<\/script>\n<!-- \/ Yoast SEO plugin. -->","yoast_head_json":{"title":"Detailn\u00fd bezpe\u010dnostn\u00fd audit - Nethemba","robots":{"index":"index","follow":"follow","max-snippet":"max-snippet:-1","max-image-preview":"max-image-preview:large","max-video-preview":"max-video-preview:-1"},"canonical":"https:\/\/nethemba.com\/sk\/sluzby\/aplikacna-bezpecnost\/detailny-bezpecnostny-audit\/","og_locale":"sk_SK","og_type":"article","og_title":"Detailn\u00fd bezpe\u010dnostn\u00fd audit - Nethemba","og_description":"Cie\u013eom detailn\u00e9ho bezpe\u010dnostn\u00e9 auditu webovej aplik\u00e1cie a webov\u00e9ho serveru je \u010do najd\u00f4kladnej\u0161ie a najdetailnej\u0161ie otestova\u0165 webov\u00fa aplik\u00e1ciu a webov\u00fd server (v\u0161etky formul\u00e1re, v\u0161etky druhy zn\u00e1mych zranite\u013enost\u00ed). Test je realizovan\u00fd striktne pod\u013ea bezpe\u010dnostnej testovacej pr\u00edru\u010dky OWASP a je preto ve\u013emi podrobn\u00fd. Test obsahuje: praktick\u00fa &#8222;hackersk\u00fa&#8220; demon\u0161tr\u00e1ciu odhalen\u00fdch kritick\u00fdch zranite\u013enost\u00ed (tvorba vlastn\u00fdch &#8222;exploit&#8220; programov, dump datab\u00e1zy, demon\u0161tr\u00e1cia [&hellip;]","og_url":"https:\/\/nethemba.com\/sk\/sluzby\/aplikacna-bezpecnost\/detailny-bezpecnostny-audit\/","og_site_name":"Nethemba","article_publisher":"https:\/\/www.facebook.com\/nethemba","article_modified_time":"2020-12-11T18:03:00+00:00","twitter_card":"summary_large_image","twitter_site":"@nethemba","twitter_misc":{"Predpokladan\u00fd \u010das \u010d\u00edtania":"1 min\u00fata"},"schema":{"@context":"https:\/\/schema.org","@graph":[{"@type":"WebPage","@id":"https:\/\/nethemba.com\/sk\/sluzby\/aplikacna-bezpecnost\/detailny-bezpecnostny-audit\/","url":"https:\/\/nethemba.com\/sk\/sluzby\/aplikacna-bezpecnost\/detailny-bezpecnostny-audit\/","name":"Detailn\u00fd bezpe\u010dnostn\u00fd audit - Nethemba","isPartOf":{"@id":"https:\/\/nethemba.com\/de\/#website"},"datePublished":"2015-11-08T20:36:11+00:00","dateModified":"2020-12-11T18:03:00+00:00","breadcrumb":{"@id":"https:\/\/nethemba.com\/sk\/sluzby\/aplikacna-bezpecnost\/detailny-bezpecnostny-audit\/#breadcrumb"},"inLanguage":"sk-SK","potentialAction":[{"@type":"ReadAction","target":["https:\/\/nethemba.com\/sk\/sluzby\/aplikacna-bezpecnost\/detailny-bezpecnostny-audit\/"]}]},{"@type":"BreadcrumbList","@id":"https:\/\/nethemba.com\/sk\/sluzby\/aplikacna-bezpecnost\/detailny-bezpecnostny-audit\/#breadcrumb","itemListElement":[{"@type":"ListItem","position":1,"name":"Home","item":"https:\/\/nethemba.com\/sk\/domov\/"},{"@type":"ListItem","position":2,"name":"Slu\u017eby","item":"https:\/\/nethemba.com\/sk\/sluzby\/"},{"@type":"ListItem","position":3,"name":"Aplika\u010dn\u00e1 bezpe\u010dnos\u0165","item":"https:\/\/nethemba.com\/sk\/sluzby\/aplikacna-bezpecnost\/"},{"@type":"ListItem","position":4,"name":"Detailn\u00fd bezpe\u010dnostn\u00fd audit"}]},{"@type":"WebSite","@id":"https:\/\/nethemba.com\/de\/#website","url":"https:\/\/nethemba.com\/de\/","name":"Nethemba","description":"We care about your security","potentialAction":[{"@type":"SearchAction","target":{"@type":"EntryPoint","urlTemplate":"https:\/\/nethemba.com\/de\/?s={search_term_string}"},"query-input":{"@type":"PropertyValueSpecification","valueRequired":true,"valueName":"search_term_string"}}],"inLanguage":"sk-SK"}]}},"_links":{"self":[{"href":"https:\/\/nethemba.com\/sk\/wp-json\/wp\/v2\/pages\/373","targetHints":{"allow":["GET"]}}],"collection":[{"href":"https:\/\/nethemba.com\/sk\/wp-json\/wp\/v2\/pages"}],"about":[{"href":"https:\/\/nethemba.com\/sk\/wp-json\/wp\/v2\/types\/page"}],"author":[{"embeddable":true,"href":"https:\/\/nethemba.com\/sk\/wp-json\/wp\/v2\/users\/2"}],"replies":[{"embeddable":true,"href":"https:\/\/nethemba.com\/sk\/wp-json\/wp\/v2\/comments?post=373"}],"version-history":[{"count":0,"href":"https:\/\/nethemba.com\/sk\/wp-json\/wp\/v2\/pages\/373\/revisions"}],"up":[{"embeddable":true,"href":"https:\/\/nethemba.com\/sk\/wp-json\/wp\/v2\/pages\/351"}],"wp:attachment":[{"href":"https:\/\/nethemba.com\/sk\/wp-json\/wp\/v2\/media?parent=373"}],"curies":[{"name":"wp","href":"https:\/\/api.w.org\/{rel}","templated":true}]}}