{"id":3731,"date":"2019-06-18T13:46:45","date_gmt":"2019-06-18T13:46:45","guid":{"rendered":"http:\/\/nethemba.com\/?page_id=3731"},"modified":"2019-10-22T14:39:39","modified_gmt":"2019-10-22T13:39:39","slug":"strv-s-r-o-2","status":"publish","type":"page","link":"https:\/\/nethemba.com\/sk\/referencie-old\/strv-s-r-o-2\/","title":{"rendered":"STRV s.r.o."},"content":{"rendered":"\n<p>\u0160tandardn\u00fd penetra\u010dn\u00fd test webov\u00fdch aplik\u00e1ci\u00ed<\/p>\n","protected":false},"excerpt":{"rendered":"<p>\u0160tandardn\u00fd penetra\u010dn\u00fd test webov\u00fdch aplik\u00e1ci\u00ed<\/p>\n","protected":false},"author":8,"featured_media":3724,"parent":304,"menu_order":0,"comment_status":"closed","ping_status":"closed","template":"","meta":{"inline_featured_image":false,"_monsterinsights_skip_tracking":false,"_monsterinsights_sitenote_active":false,"_monsterinsights_sitenote_note":"","_monsterinsights_sitenote_category":0,"footnotes":""},"class_list":["post-3731","page","type-page","status-publish","has-post-thumbnail","hentry"],"yoast_head":"<!-- This site is optimized with the Yoast SEO plugin v27.3 - https:\/\/yoast.com\/product\/yoast-seo-wordpress\/ -->\n<title>STRV s.r.o. - Nethemba<\/title>\n<meta name=\"robots\" content=\"index, follow, max-snippet:-1, max-image-preview:large, max-video-preview:-1\" \/>\n<link rel=\"canonical\" href=\"https:\/\/nethemba.com\/sk\/referencie-old\/strv-s-r-o-2\/\" \/>\n<meta property=\"og:locale\" content=\"sk_SK\" \/>\n<meta property=\"og:type\" content=\"article\" \/>\n<meta property=\"og:title\" content=\"STRV s.r.o. - Nethemba\" \/>\n<meta property=\"og:description\" content=\"\u0160tandardn\u00fd penetra\u010dn\u00fd test webov\u00fdch aplik\u00e1ci\u00ed\" \/>\n<meta property=\"og:url\" content=\"https:\/\/nethemba.com\/sk\/referencie-old\/strv-s-r-o-2\/\" \/>\n<meta property=\"og:site_name\" content=\"Nethemba\" \/>\n<meta property=\"article:publisher\" content=\"https:\/\/www.facebook.com\/nethemba\" \/>\n<meta property=\"article:modified_time\" content=\"2019-10-22T13:39:39+00:00\" \/>\n<meta property=\"og:image\" content=\"https:\/\/nethemba.com\/wp-content\/uploads\/2019\/06\/5b72f4ea5808215d4c66adc5_Black-Red-p-800.png\" \/>\n\t<meta property=\"og:image:width\" content=\"150\" \/>\n\t<meta property=\"og:image:height\" content=\"85\" \/>\n\t<meta property=\"og:image:type\" content=\"image\/png\" \/>\n<meta name=\"twitter:card\" content=\"summary_large_image\" \/>\n<meta name=\"twitter:site\" content=\"@nethemba\" \/>\n<script type=\"application\/ld+json\" class=\"yoast-schema-graph\">{\"@context\":\"https:\\\/\\\/schema.org\",\"@graph\":[{\"@type\":\"WebPage\",\"@id\":\"https:\\\/\\\/nethemba.com\\\/sk\\\/referencie-old\\\/strv-s-r-o-2\\\/\",\"url\":\"https:\\\/\\\/nethemba.com\\\/sk\\\/referencie-old\\\/strv-s-r-o-2\\\/\",\"name\":\"STRV s.r.o. - Nethemba\",\"isPartOf\":{\"@id\":\"https:\\\/\\\/nethemba.com\\\/de\\\/#website\"},\"primaryImageOfPage\":{\"@id\":\"https:\\\/\\\/nethemba.com\\\/sk\\\/referencie-old\\\/strv-s-r-o-2\\\/#primaryimage\"},\"image\":{\"@id\":\"https:\\\/\\\/nethemba.com\\\/sk\\\/referencie-old\\\/strv-s-r-o-2\\\/#primaryimage\"},\"thumbnailUrl\":\"https:\\\/\\\/nethemba.com\\\/wp-content\\\/uploads\\\/2019\\\/06\\\/5b72f4ea5808215d4c66adc5_Black-Red-p-800.png\",\"datePublished\":\"2019-06-18T13:46:45+00:00\",\"dateModified\":\"2019-10-22T13:39:39+00:00\",\"breadcrumb\":{\"@id\":\"https:\\\/\\\/nethemba.com\\\/sk\\\/referencie-old\\\/strv-s-r-o-2\\\/#breadcrumb\"},\"inLanguage\":\"sk-SK\",\"potentialAction\":[{\"@type\":\"ReadAction\",\"target\":[\"https:\\\/\\\/nethemba.com\\\/sk\\\/referencie-old\\\/strv-s-r-o-2\\\/\"]}]},{\"@type\":\"ImageObject\",\"inLanguage\":\"sk-SK\",\"@id\":\"https:\\\/\\\/nethemba.com\\\/sk\\\/referencie-old\\\/strv-s-r-o-2\\\/#primaryimage\",\"url\":\"https:\\\/\\\/nethemba.com\\\/wp-content\\\/uploads\\\/2019\\\/06\\\/5b72f4ea5808215d4c66adc5_Black-Red-p-800.png\",\"contentUrl\":\"https:\\\/\\\/nethemba.com\\\/wp-content\\\/uploads\\\/2019\\\/06\\\/5b72f4ea5808215d4c66adc5_Black-Red-p-800.png\",\"width\":150,\"height\":85},{\"@type\":\"BreadcrumbList\",\"@id\":\"https:\\\/\\\/nethemba.com\\\/sk\\\/referencie-old\\\/strv-s-r-o-2\\\/#breadcrumb\",\"itemListElement\":[{\"@type\":\"ListItem\",\"position\":1,\"name\":\"Home\",\"item\":\"https:\\\/\\\/nethemba.com\\\/sk\\\/domov\\\/\"},{\"@type\":\"ListItem\",\"position\":2,\"name\":\"Referencie OLD\",\"item\":\"https:\\\/\\\/nethemba.com\\\/sk\\\/referencie-old\\\/\"},{\"@type\":\"ListItem\",\"position\":3,\"name\":\"STRV s.r.o.\"}]},{\"@type\":\"WebSite\",\"@id\":\"https:\\\/\\\/nethemba.com\\\/de\\\/#website\",\"url\":\"https:\\\/\\\/nethemba.com\\\/de\\\/\",\"name\":\"Nethemba\",\"description\":\"We care about your security\",\"potentialAction\":[{\"@type\":\"SearchAction\",\"target\":{\"@type\":\"EntryPoint\",\"urlTemplate\":\"https:\\\/\\\/nethemba.com\\\/de\\\/?s={search_term_string}\"},\"query-input\":{\"@type\":\"PropertyValueSpecification\",\"valueRequired\":true,\"valueName\":\"search_term_string\"}}],\"inLanguage\":\"sk-SK\"}]}<\/script>\n<!-- \/ Yoast SEO plugin. -->","yoast_head_json":{"title":"STRV s.r.o. - Nethemba","robots":{"index":"index","follow":"follow","max-snippet":"max-snippet:-1","max-image-preview":"max-image-preview:large","max-video-preview":"max-video-preview:-1"},"canonical":"https:\/\/nethemba.com\/sk\/referencie-old\/strv-s-r-o-2\/","og_locale":"sk_SK","og_type":"article","og_title":"STRV s.r.o. - Nethemba","og_description":"\u0160tandardn\u00fd penetra\u010dn\u00fd test webov\u00fdch aplik\u00e1ci\u00ed","og_url":"https:\/\/nethemba.com\/sk\/referencie-old\/strv-s-r-o-2\/","og_site_name":"Nethemba","article_publisher":"https:\/\/www.facebook.com\/nethemba","article_modified_time":"2019-10-22T13:39:39+00:00","og_image":[{"width":150,"height":85,"url":"https:\/\/nethemba.com\/wp-content\/uploads\/2019\/06\/5b72f4ea5808215d4c66adc5_Black-Red-p-800.png","type":"image\/png"}],"twitter_card":"summary_large_image","twitter_site":"@nethemba","schema":{"@context":"https:\/\/schema.org","@graph":[{"@type":"WebPage","@id":"https:\/\/nethemba.com\/sk\/referencie-old\/strv-s-r-o-2\/","url":"https:\/\/nethemba.com\/sk\/referencie-old\/strv-s-r-o-2\/","name":"STRV s.r.o. - Nethemba","isPartOf":{"@id":"https:\/\/nethemba.com\/de\/#website"},"primaryImageOfPage":{"@id":"https:\/\/nethemba.com\/sk\/referencie-old\/strv-s-r-o-2\/#primaryimage"},"image":{"@id":"https:\/\/nethemba.com\/sk\/referencie-old\/strv-s-r-o-2\/#primaryimage"},"thumbnailUrl":"https:\/\/nethemba.com\/wp-content\/uploads\/2019\/06\/5b72f4ea5808215d4c66adc5_Black-Red-p-800.png","datePublished":"2019-06-18T13:46:45+00:00","dateModified":"2019-10-22T13:39:39+00:00","breadcrumb":{"@id":"https:\/\/nethemba.com\/sk\/referencie-old\/strv-s-r-o-2\/#breadcrumb"},"inLanguage":"sk-SK","potentialAction":[{"@type":"ReadAction","target":["https:\/\/nethemba.com\/sk\/referencie-old\/strv-s-r-o-2\/"]}]},{"@type":"ImageObject","inLanguage":"sk-SK","@id":"https:\/\/nethemba.com\/sk\/referencie-old\/strv-s-r-o-2\/#primaryimage","url":"https:\/\/nethemba.com\/wp-content\/uploads\/2019\/06\/5b72f4ea5808215d4c66adc5_Black-Red-p-800.png","contentUrl":"https:\/\/nethemba.com\/wp-content\/uploads\/2019\/06\/5b72f4ea5808215d4c66adc5_Black-Red-p-800.png","width":150,"height":85},{"@type":"BreadcrumbList","@id":"https:\/\/nethemba.com\/sk\/referencie-old\/strv-s-r-o-2\/#breadcrumb","itemListElement":[{"@type":"ListItem","position":1,"name":"Home","item":"https:\/\/nethemba.com\/sk\/domov\/"},{"@type":"ListItem","position":2,"name":"Referencie OLD","item":"https:\/\/nethemba.com\/sk\/referencie-old\/"},{"@type":"ListItem","position":3,"name":"STRV s.r.o."}]},{"@type":"WebSite","@id":"https:\/\/nethemba.com\/de\/#website","url":"https:\/\/nethemba.com\/de\/","name":"Nethemba","description":"We care about your security","potentialAction":[{"@type":"SearchAction","target":{"@type":"EntryPoint","urlTemplate":"https:\/\/nethemba.com\/de\/?s={search_term_string}"},"query-input":{"@type":"PropertyValueSpecification","valueRequired":true,"valueName":"search_term_string"}}],"inLanguage":"sk-SK"}]}},"_links":{"self":[{"href":"https:\/\/nethemba.com\/sk\/wp-json\/wp\/v2\/pages\/3731","targetHints":{"allow":["GET"]}}],"collection":[{"href":"https:\/\/nethemba.com\/sk\/wp-json\/wp\/v2\/pages"}],"about":[{"href":"https:\/\/nethemba.com\/sk\/wp-json\/wp\/v2\/types\/page"}],"author":[{"embeddable":true,"href":"https:\/\/nethemba.com\/sk\/wp-json\/wp\/v2\/users\/8"}],"replies":[{"embeddable":true,"href":"https:\/\/nethemba.com\/sk\/wp-json\/wp\/v2\/comments?post=3731"}],"version-history":[{"count":0,"href":"https:\/\/nethemba.com\/sk\/wp-json\/wp\/v2\/pages\/3731\/revisions"}],"up":[{"embeddable":true,"href":"https:\/\/nethemba.com\/sk\/wp-json\/wp\/v2\/pages\/304"}],"wp:featuredmedia":[{"embeddable":true,"href":"https:\/\/nethemba.com\/sk\/wp-json\/wp\/v2\/media\/3724"}],"wp:attachment":[{"href":"https:\/\/nethemba.com\/sk\/wp-json\/wp\/v2\/media?parent=3731"}],"curies":[{"name":"wp","href":"https:\/\/api.w.org\/{rel}","templated":true}]}}