{"id":406,"date":"2015-11-08T20:47:14","date_gmt":"2015-11-08T20:47:14","guid":{"rendered":"http:\/\/nethemba.com\/sk\/?page_id=406"},"modified":"2019-08-05T12:05:06","modified_gmt":"2019-08-05T11:05:06","slug":"bezpecnostny-audit-sap-systemov","status":"publish","type":"page","link":"https:\/\/nethemba.com\/sk\/sluzby\/sietova-a-systemova-bezpecnost\/bezpecnostny-audit-sap-systemov\/","title":{"rendered":"Bezpe\u010dnostn\u00fd audit SAP syst\u00e9mov"},"content":{"rendered":"<p>Cie\u013eom bezpe\u010dnostn\u00e9ho auditu SAP syst\u00e9mu a aplik\u00e1ci\u00ed je odhali\u0165 v\u00e1\u017ene bezpe\u010dnostn\u00e9 zranite\u013enosti v aplik\u00e1ci\u00e1ch SAP ERP a pr\u00edslu\u0161nej datab\u00e1ze.<\/p>\n<p>Je mo\u017en\u00e9 preveri\u0165 aj zabezpe\u010denie j2ee \u010dasti, SAP Web AS Portal, pr\u00edpadne modulu SAP PI.<\/p>\n<p><strong>Vlastnosti:<\/strong><\/p>\n<p>Testovanie zahr\u0148uje viacero f\u00e1z vr\u00e1tane:<\/p>\n<ul>\n<li>detekcia prednastaven\u00fdch &#8222;default&#8220; syst\u00e9mov\u00fdch pou\u017e\u00edvate\u013eov<\/li>\n<li>detekcia existuj\u00facich klientov v jednotliv\u00fdch in\u0161tanci\u00e1ch<\/li>\n<li>bezpe\u010dnostn\u00e1 anal\u00fdza reportov, tabuliek, \u0161pecifick\u00fdch ABAP aplik\u00e1ci\u00ed, ABAP dumpov, joblogov, spoolov\u00fdch po\u017eiadavek, rfc\/snc destin\u00e1cii<\/li>\n<li>overenie bezpe\u010dnosti pr\u00edslu\u0161nej datab\u00e1zy (Oracle, MSSQL a in\u00fdch)<\/li>\n<li>audit profilu be\u017eiacej in\u0161tancie<\/li>\n<li>bezpe\u010dnostn\u00e1 anal\u00fdza transportn\u00e9ho syst\u00e9mu, pou\u017e\u00edvate\u013esk\u00fdch opr\u00e1vnen\u00ed, rol\u00ed a profilov<\/li>\n<\/ul>\n","protected":false},"excerpt":{"rendered":"<p>Cie\u013eom bezpe\u010dnostn\u00e9ho auditu SAP syst\u00e9mu a aplik\u00e1ci\u00ed je odhali\u0165 v\u00e1\u017ene bezpe\u010dnostn\u00e9 zranite\u013enosti v aplik\u00e1ci\u00e1ch SAP ERP a pr\u00edslu\u0161nej datab\u00e1ze. Je mo\u017en\u00e9 preveri\u0165 aj zabezpe\u010denie j2ee \u010dasti, SAP Web AS Portal, pr\u00edpadne modulu SAP PI. Vlastnosti: Testovanie zahr\u0148uje viacero f\u00e1z vr\u00e1tane: detekcia prednastaven\u00fdch &#8222;default&#8220; syst\u00e9mov\u00fdch pou\u017e\u00edvate\u013eov detekcia existuj\u00facich klientov v jednotliv\u00fdch in\u0161tanci\u00e1ch bezpe\u010dnostn\u00e1 anal\u00fdza reportov, tabuliek, [&hellip;]<\/p>\n","protected":false},"author":2,"featured_media":0,"parent":381,"menu_order":4,"comment_status":"closed","ping_status":"closed","template":"services_detail.php","meta":{"inline_featured_image":false,"_monsterinsights_skip_tracking":false,"_monsterinsights_sitenote_active":false,"_monsterinsights_sitenote_note":"","_monsterinsights_sitenote_category":0,"footnotes":""},"class_list":["post-406","page","type-page","status-publish","hentry"],"yoast_head":"<!-- This site is optimized with the Yoast SEO plugin v27.4 - https:\/\/yoast.com\/product\/yoast-seo-wordpress\/ -->\n<title>Bezpe\u010dnostn\u00fd audit SAP syst\u00e9mov - Nethemba<\/title>\n<meta name=\"description\" content=\"Bezpe\u010dnostn\u00e1 anal\u00fdza SAP syst\u00e9mov - reportov, tabuliek, \u0161pecifick\u00fdch ABAP aplik\u00e1ci\u00ed, ABAP dumpov, joblogov, spoolov\u00fdch po\u017eiadavek, rfc\/snc destin\u00e1cii\" \/>\n<meta name=\"robots\" content=\"index, follow, max-snippet:-1, max-image-preview:large, max-video-preview:-1\" \/>\n<link rel=\"canonical\" href=\"https:\/\/nethemba.com\/sk\/sluzby\/sietova-a-systemova-bezpecnost\/bezpecnostny-audit-sap-systemov\/\" \/>\n<meta property=\"og:locale\" content=\"sk_SK\" \/>\n<meta property=\"og:type\" content=\"article\" \/>\n<meta property=\"og:title\" content=\"Bezpe\u010dnostn\u00fd audit SAP syst\u00e9mov - Nethemba\" \/>\n<meta property=\"og:description\" content=\"Bezpe\u010dnostn\u00e1 anal\u00fdza SAP syst\u00e9mov - reportov, tabuliek, \u0161pecifick\u00fdch ABAP aplik\u00e1ci\u00ed, ABAP dumpov, joblogov, spoolov\u00fdch po\u017eiadavek, rfc\/snc destin\u00e1cii\" \/>\n<meta property=\"og:url\" content=\"https:\/\/nethemba.com\/sk\/sluzby\/sietova-a-systemova-bezpecnost\/bezpecnostny-audit-sap-systemov\/\" \/>\n<meta property=\"og:site_name\" content=\"Nethemba\" \/>\n<meta property=\"article:publisher\" content=\"https:\/\/www.facebook.com\/nethemba\" \/>\n<meta property=\"article:modified_time\" content=\"2019-08-05T11:05:06+00:00\" \/>\n<meta name=\"twitter:card\" content=\"summary_large_image\" \/>\n<meta name=\"twitter:site\" content=\"@nethemba\" \/>\n<meta name=\"twitter:label1\" content=\"Predpokladan\u00fd \u010das \u010d\u00edtania\" \/>\n\t<meta name=\"twitter:data1\" content=\"1 min\u00fata\" \/>\n<script type=\"application\/ld+json\" class=\"yoast-schema-graph\">{\"@context\":\"https:\\\/\\\/schema.org\",\"@graph\":[{\"@type\":\"WebPage\",\"@id\":\"https:\\\/\\\/nethemba.com\\\/sk\\\/sluzby\\\/sietova-a-systemova-bezpecnost\\\/bezpecnostny-audit-sap-systemov\\\/\",\"url\":\"https:\\\/\\\/nethemba.com\\\/sk\\\/sluzby\\\/sietova-a-systemova-bezpecnost\\\/bezpecnostny-audit-sap-systemov\\\/\",\"name\":\"Bezpe\u010dnostn\u00fd audit SAP syst\u00e9mov - Nethemba\",\"isPartOf\":{\"@id\":\"https:\\\/\\\/nethemba.com\\\/de\\\/#website\"},\"datePublished\":\"2015-11-08T20:47:14+00:00\",\"dateModified\":\"2019-08-05T11:05:06+00:00\",\"description\":\"Bezpe\u010dnostn\u00e1 anal\u00fdza SAP syst\u00e9mov - reportov, tabuliek, \u0161pecifick\u00fdch ABAP aplik\u00e1ci\u00ed, ABAP dumpov, joblogov, spoolov\u00fdch po\u017eiadavek, rfc\\\/snc destin\u00e1cii\",\"breadcrumb\":{\"@id\":\"https:\\\/\\\/nethemba.com\\\/sk\\\/sluzby\\\/sietova-a-systemova-bezpecnost\\\/bezpecnostny-audit-sap-systemov\\\/#breadcrumb\"},\"inLanguage\":\"sk-SK\",\"potentialAction\":[{\"@type\":\"ReadAction\",\"target\":[\"https:\\\/\\\/nethemba.com\\\/sk\\\/sluzby\\\/sietova-a-systemova-bezpecnost\\\/bezpecnostny-audit-sap-systemov\\\/\"]}]},{\"@type\":\"BreadcrumbList\",\"@id\":\"https:\\\/\\\/nethemba.com\\\/sk\\\/sluzby\\\/sietova-a-systemova-bezpecnost\\\/bezpecnostny-audit-sap-systemov\\\/#breadcrumb\",\"itemListElement\":[{\"@type\":\"ListItem\",\"position\":1,\"name\":\"Home\",\"item\":\"https:\\\/\\\/nethemba.com\\\/sk\\\/domov\\\/\"},{\"@type\":\"ListItem\",\"position\":2,\"name\":\"Slu\u017eby\",\"item\":\"https:\\\/\\\/nethemba.com\\\/sk\\\/sluzby\\\/\"},{\"@type\":\"ListItem\",\"position\":3,\"name\":\"Sie\u0165ov\u00e1 a syst\u00e9mov\u00e1 bezpe\u010dnos\u0165\",\"item\":\"https:\\\/\\\/nethemba.com\\\/sk\\\/sluzby\\\/sietova-a-systemova-bezpecnost\\\/\"},{\"@type\":\"ListItem\",\"position\":4,\"name\":\"Bezpe\u010dnostn\u00fd audit SAP syst\u00e9mov\"}]},{\"@type\":\"WebSite\",\"@id\":\"https:\\\/\\\/nethemba.com\\\/de\\\/#website\",\"url\":\"https:\\\/\\\/nethemba.com\\\/de\\\/\",\"name\":\"Nethemba\",\"description\":\"We care about your security\",\"potentialAction\":[{\"@type\":\"SearchAction\",\"target\":{\"@type\":\"EntryPoint\",\"urlTemplate\":\"https:\\\/\\\/nethemba.com\\\/de\\\/?s={search_term_string}\"},\"query-input\":{\"@type\":\"PropertyValueSpecification\",\"valueRequired\":true,\"valueName\":\"search_term_string\"}}],\"inLanguage\":\"sk-SK\"}]}<\/script>\n<!-- \/ Yoast SEO plugin. -->","yoast_head_json":{"title":"Bezpe\u010dnostn\u00fd audit SAP syst\u00e9mov - Nethemba","description":"Bezpe\u010dnostn\u00e1 anal\u00fdza SAP syst\u00e9mov - reportov, tabuliek, \u0161pecifick\u00fdch ABAP aplik\u00e1ci\u00ed, ABAP dumpov, joblogov, spoolov\u00fdch po\u017eiadavek, rfc\/snc destin\u00e1cii","robots":{"index":"index","follow":"follow","max-snippet":"max-snippet:-1","max-image-preview":"max-image-preview:large","max-video-preview":"max-video-preview:-1"},"canonical":"https:\/\/nethemba.com\/sk\/sluzby\/sietova-a-systemova-bezpecnost\/bezpecnostny-audit-sap-systemov\/","og_locale":"sk_SK","og_type":"article","og_title":"Bezpe\u010dnostn\u00fd audit SAP syst\u00e9mov - Nethemba","og_description":"Bezpe\u010dnostn\u00e1 anal\u00fdza SAP syst\u00e9mov - reportov, tabuliek, \u0161pecifick\u00fdch ABAP aplik\u00e1ci\u00ed, ABAP dumpov, joblogov, spoolov\u00fdch po\u017eiadavek, rfc\/snc destin\u00e1cii","og_url":"https:\/\/nethemba.com\/sk\/sluzby\/sietova-a-systemova-bezpecnost\/bezpecnostny-audit-sap-systemov\/","og_site_name":"Nethemba","article_publisher":"https:\/\/www.facebook.com\/nethemba","article_modified_time":"2019-08-05T11:05:06+00:00","twitter_card":"summary_large_image","twitter_site":"@nethemba","twitter_misc":{"Predpokladan\u00fd \u010das \u010d\u00edtania":"1 min\u00fata"},"schema":{"@context":"https:\/\/schema.org","@graph":[{"@type":"WebPage","@id":"https:\/\/nethemba.com\/sk\/sluzby\/sietova-a-systemova-bezpecnost\/bezpecnostny-audit-sap-systemov\/","url":"https:\/\/nethemba.com\/sk\/sluzby\/sietova-a-systemova-bezpecnost\/bezpecnostny-audit-sap-systemov\/","name":"Bezpe\u010dnostn\u00fd audit SAP syst\u00e9mov - Nethemba","isPartOf":{"@id":"https:\/\/nethemba.com\/de\/#website"},"datePublished":"2015-11-08T20:47:14+00:00","dateModified":"2019-08-05T11:05:06+00:00","description":"Bezpe\u010dnostn\u00e1 anal\u00fdza SAP syst\u00e9mov - reportov, tabuliek, \u0161pecifick\u00fdch ABAP aplik\u00e1ci\u00ed, ABAP dumpov, joblogov, spoolov\u00fdch po\u017eiadavek, rfc\/snc destin\u00e1cii","breadcrumb":{"@id":"https:\/\/nethemba.com\/sk\/sluzby\/sietova-a-systemova-bezpecnost\/bezpecnostny-audit-sap-systemov\/#breadcrumb"},"inLanguage":"sk-SK","potentialAction":[{"@type":"ReadAction","target":["https:\/\/nethemba.com\/sk\/sluzby\/sietova-a-systemova-bezpecnost\/bezpecnostny-audit-sap-systemov\/"]}]},{"@type":"BreadcrumbList","@id":"https:\/\/nethemba.com\/sk\/sluzby\/sietova-a-systemova-bezpecnost\/bezpecnostny-audit-sap-systemov\/#breadcrumb","itemListElement":[{"@type":"ListItem","position":1,"name":"Home","item":"https:\/\/nethemba.com\/sk\/domov\/"},{"@type":"ListItem","position":2,"name":"Slu\u017eby","item":"https:\/\/nethemba.com\/sk\/sluzby\/"},{"@type":"ListItem","position":3,"name":"Sie\u0165ov\u00e1 a syst\u00e9mov\u00e1 bezpe\u010dnos\u0165","item":"https:\/\/nethemba.com\/sk\/sluzby\/sietova-a-systemova-bezpecnost\/"},{"@type":"ListItem","position":4,"name":"Bezpe\u010dnostn\u00fd audit SAP syst\u00e9mov"}]},{"@type":"WebSite","@id":"https:\/\/nethemba.com\/de\/#website","url":"https:\/\/nethemba.com\/de\/","name":"Nethemba","description":"We care about your security","potentialAction":[{"@type":"SearchAction","target":{"@type":"EntryPoint","urlTemplate":"https:\/\/nethemba.com\/de\/?s={search_term_string}"},"query-input":{"@type":"PropertyValueSpecification","valueRequired":true,"valueName":"search_term_string"}}],"inLanguage":"sk-SK"}]}},"_links":{"self":[{"href":"https:\/\/nethemba.com\/sk\/wp-json\/wp\/v2\/pages\/406","targetHints":{"allow":["GET"]}}],"collection":[{"href":"https:\/\/nethemba.com\/sk\/wp-json\/wp\/v2\/pages"}],"about":[{"href":"https:\/\/nethemba.com\/sk\/wp-json\/wp\/v2\/types\/page"}],"author":[{"embeddable":true,"href":"https:\/\/nethemba.com\/sk\/wp-json\/wp\/v2\/users\/2"}],"replies":[{"embeddable":true,"href":"https:\/\/nethemba.com\/sk\/wp-json\/wp\/v2\/comments?post=406"}],"version-history":[{"count":0,"href":"https:\/\/nethemba.com\/sk\/wp-json\/wp\/v2\/pages\/406\/revisions"}],"up":[{"embeddable":true,"href":"https:\/\/nethemba.com\/sk\/wp-json\/wp\/v2\/pages\/381"}],"wp:attachment":[{"href":"https:\/\/nethemba.com\/sk\/wp-json\/wp\/v2\/media?parent=406"}],"curies":[{"name":"wp","href":"https:\/\/api.w.org\/{rel}","templated":true}]}}