{"id":412,"date":"2015-11-08T20:49:38","date_gmt":"2015-11-08T20:49:38","guid":{"rendered":"http:\/\/nethemba.com\/sk\/?page_id=412"},"modified":"2019-07-24T13:04:34","modified_gmt":"2019-07-24T12:04:34","slug":"bezpecnostny-audit-cipovych-kariet","status":"publish","type":"page","link":"https:\/\/nethemba.com\/sk\/sluzby\/sietova-a-systemova-bezpecnost\/bezpecnostny-audit-cipovych-kariet\/","title":{"rendered":"Bezpe\u010dnostn\u00fd audit \u010dipov\u00fdch kariet"},"content":{"rendered":"<p>Cie\u013eom bezpe\u010dnostn\u00e9ho auditu \u010dipov\u00fdch kariet je odhali\u0165 ako bezpe\u010dnostn\u00e9 zranite\u013enosti vo fyzickej vrstve dan\u00fdch kontaktn\u00fdch alebo bezkontaktn\u00fdch \u010dipov\u00fdch kariet, tak v aplika\u010dnej vrstve a softv\u00e9ri, ktor\u00fd je nasaden\u00fd na koncov\u00fdch \u010d\u00edta\u010dk\u00e1ch\/pr\u00edstupov\u00fdch termin\u00e1loch.<\/p>\n<p><strong>Vlastnosti:<\/strong><\/p>\n<ul>\n<li>analyzujeme v\u0161etky <a href=\"http:\/\/en.wikipedia.org\/wiki\/ISO_15693\">ISO 15693<\/a>, <a href=\"http:\/\/en.wikipedia.org\/wiki\/ISO\/IEC_14443\">ISO\/IEC 14443<\/a> \u010dipov\u00e9 karty, \u0161peci\u00e1lny d\u00f4raz kladieme na karty <a href=\"http:\/\/en.wikipedia.org\/wiki\/Mifare\">Mifare<\/a> a <a href=\"http:\/\/en.wikipedia.org\/wiki\/HID_Global\">HID_Global<\/a><\/li>\n<li>anal\u00fdza fyzickej vrstvy\u00a0(napr\u00edklad, \u010di dan\u00e1 karta pou\u017e\u00edva bezpe\u010dn\u00e9 autentiza\u010dn\u00e9 protokoly a \u00falo\u017eisko d\u00e1t)<\/li>\n<li>anal\u00fdza aplika\u010dnej vrstvy (napr\u00edklad, \u010di aplik\u00e1cia pou\u017e\u00edva bezpe\u010dn\u00e9 hashovanie, digit\u00e1lne podpisy, \u0161ifrovacie algoritmy a s\u00fa\u010dasne ich bezpe\u010dne aplikuje na osobn\u00e9 d\u00e1ta pou\u017e\u00edvate\u013eov)<\/li>\n<li>anal\u00fdza celej architekt\u00fary rie\u0161enia (napr\u00edklad, ktor\u00e9 inform\u00e1cie m\u00f4\u017eu by\u0165 offline ulo\u017een\u00e9 na karte a ktor\u00e9 ur\u010dite nie)<\/li>\n<\/ul>\n","protected":false},"excerpt":{"rendered":"<p>Cie\u013eom bezpe\u010dnostn\u00e9ho auditu \u010dipov\u00fdch kariet je odhali\u0165 ako bezpe\u010dnostn\u00e9 zranite\u013enosti vo fyzickej vrstve dan\u00fdch kontaktn\u00fdch alebo bezkontaktn\u00fdch \u010dipov\u00fdch kariet, tak v aplika\u010dnej vrstve a softv\u00e9ri, ktor\u00fd je nasaden\u00fd na koncov\u00fdch \u010d\u00edta\u010dk\u00e1ch\/pr\u00edstupov\u00fdch termin\u00e1loch. Vlastnosti: analyzujeme v\u0161etky ISO 15693, ISO\/IEC 14443 \u010dipov\u00e9 karty, \u0161peci\u00e1lny d\u00f4raz kladieme na karty Mifare a HID_Global anal\u00fdza fyzickej vrstvy\u00a0(napr\u00edklad, \u010di dan\u00e1 karta [&hellip;]<\/p>\n","protected":false},"author":2,"featured_media":0,"parent":381,"menu_order":5,"comment_status":"closed","ping_status":"closed","template":"services_detail.php","meta":{"inline_featured_image":false,"_monsterinsights_skip_tracking":false,"_monsterinsights_sitenote_active":false,"_monsterinsights_sitenote_note":"","_monsterinsights_sitenote_category":0,"footnotes":""},"class_list":["post-412","page","type-page","status-publish","hentry"],"yoast_head":"<!-- This site is optimized with the Yoast SEO plugin v27.6 - https:\/\/yoast.com\/product\/yoast-seo-wordpress\/ -->\n<title>Bezpe\u010dnostn\u00fd audit \u010dipov\u00fdch kariet - Nethemba<\/title>\n<meta name=\"description\" content=\"Odhali\u0165 ako bezpe\u010dnostn\u00e9 zranite\u013enosti vo fyzickej vrstve kontaktn\u00fdch alebo bezkontaktn\u00fdch \u010dipov\u00fdch kariet, tie\u017e v aplika\u010dnej vrstve a softv\u00e9ri, nasadenom na koncov\u00fdch \u010d\u00edta\u010dk\u00e1ch\/ termin\u00e1loch.\" \/>\n<meta name=\"robots\" content=\"index, follow, max-snippet:-1, max-image-preview:large, max-video-preview:-1\" \/>\n<link rel=\"canonical\" href=\"https:\/\/nethemba.com\/sk\/sluzby\/sietova-a-systemova-bezpecnost\/bezpecnostny-audit-cipovych-kariet\/\" \/>\n<meta property=\"og:locale\" content=\"sk_SK\" \/>\n<meta property=\"og:type\" content=\"article\" \/>\n<meta property=\"og:title\" content=\"Bezpe\u010dnostn\u00fd audit \u010dipov\u00fdch kariet - Nethemba\" \/>\n<meta property=\"og:description\" content=\"Odhali\u0165 ako bezpe\u010dnostn\u00e9 zranite\u013enosti vo fyzickej vrstve kontaktn\u00fdch alebo bezkontaktn\u00fdch \u010dipov\u00fdch kariet, tie\u017e v aplika\u010dnej vrstve a softv\u00e9ri, nasadenom na koncov\u00fdch \u010d\u00edta\u010dk\u00e1ch\/ termin\u00e1loch.\" \/>\n<meta property=\"og:url\" content=\"https:\/\/nethemba.com\/sk\/sluzby\/sietova-a-systemova-bezpecnost\/bezpecnostny-audit-cipovych-kariet\/\" \/>\n<meta property=\"og:site_name\" content=\"Nethemba\" \/>\n<meta property=\"article:publisher\" content=\"https:\/\/www.facebook.com\/nethemba\" \/>\n<meta property=\"article:modified_time\" content=\"2019-07-24T12:04:34+00:00\" \/>\n<meta name=\"twitter:card\" content=\"summary_large_image\" \/>\n<meta name=\"twitter:site\" content=\"@nethemba\" \/>\n<meta name=\"twitter:label1\" content=\"Predpokladan\u00fd \u010das \u010d\u00edtania\" \/>\n\t<meta name=\"twitter:data1\" content=\"1 min\u00fata\" \/>\n<script type=\"application\/ld+json\" class=\"yoast-schema-graph\">{\"@context\":\"https:\\\/\\\/schema.org\",\"@graph\":[{\"@type\":\"WebPage\",\"@id\":\"https:\\\/\\\/nethemba.com\\\/sk\\\/sluzby\\\/sietova-a-systemova-bezpecnost\\\/bezpecnostny-audit-cipovych-kariet\\\/\",\"url\":\"https:\\\/\\\/nethemba.com\\\/sk\\\/sluzby\\\/sietova-a-systemova-bezpecnost\\\/bezpecnostny-audit-cipovych-kariet\\\/\",\"name\":\"Bezpe\u010dnostn\u00fd audit \u010dipov\u00fdch kariet - Nethemba\",\"isPartOf\":{\"@id\":\"https:\\\/\\\/nethemba.com\\\/de\\\/#website\"},\"datePublished\":\"2015-11-08T20:49:38+00:00\",\"dateModified\":\"2019-07-24T12:04:34+00:00\",\"description\":\"Odhali\u0165 ako bezpe\u010dnostn\u00e9 zranite\u013enosti vo fyzickej vrstve kontaktn\u00fdch alebo bezkontaktn\u00fdch \u010dipov\u00fdch kariet, tie\u017e v aplika\u010dnej vrstve a softv\u00e9ri, nasadenom na koncov\u00fdch \u010d\u00edta\u010dk\u00e1ch\\\/ termin\u00e1loch.\",\"breadcrumb\":{\"@id\":\"https:\\\/\\\/nethemba.com\\\/sk\\\/sluzby\\\/sietova-a-systemova-bezpecnost\\\/bezpecnostny-audit-cipovych-kariet\\\/#breadcrumb\"},\"inLanguage\":\"sk-SK\",\"potentialAction\":[{\"@type\":\"ReadAction\",\"target\":[\"https:\\\/\\\/nethemba.com\\\/sk\\\/sluzby\\\/sietova-a-systemova-bezpecnost\\\/bezpecnostny-audit-cipovych-kariet\\\/\"]}]},{\"@type\":\"BreadcrumbList\",\"@id\":\"https:\\\/\\\/nethemba.com\\\/sk\\\/sluzby\\\/sietova-a-systemova-bezpecnost\\\/bezpecnostny-audit-cipovych-kariet\\\/#breadcrumb\",\"itemListElement\":[{\"@type\":\"ListItem\",\"position\":1,\"name\":\"Home\",\"item\":\"https:\\\/\\\/nethemba.com\\\/sk\\\/domov\\\/\"},{\"@type\":\"ListItem\",\"position\":2,\"name\":\"Slu\u017eby\",\"item\":\"https:\\\/\\\/nethemba.com\\\/sk\\\/sluzby\\\/\"},{\"@type\":\"ListItem\",\"position\":3,\"name\":\"Sie\u0165ov\u00e1 a syst\u00e9mov\u00e1 bezpe\u010dnos\u0165\",\"item\":\"https:\\\/\\\/nethemba.com\\\/sk\\\/sluzby\\\/sietova-a-systemova-bezpecnost\\\/\"},{\"@type\":\"ListItem\",\"position\":4,\"name\":\"Bezpe\u010dnostn\u00fd audit \u010dipov\u00fdch kariet\"}]},{\"@type\":\"WebSite\",\"@id\":\"https:\\\/\\\/nethemba.com\\\/de\\\/#website\",\"url\":\"https:\\\/\\\/nethemba.com\\\/de\\\/\",\"name\":\"Nethemba\",\"description\":\"We care about your security\",\"potentialAction\":[{\"@type\":\"SearchAction\",\"target\":{\"@type\":\"EntryPoint\",\"urlTemplate\":\"https:\\\/\\\/nethemba.com\\\/de\\\/?s={search_term_string}\"},\"query-input\":{\"@type\":\"PropertyValueSpecification\",\"valueRequired\":true,\"valueName\":\"search_term_string\"}}],\"inLanguage\":\"sk-SK\"}]}<\/script>\n<!-- \/ Yoast SEO plugin. -->","yoast_head_json":{"title":"Bezpe\u010dnostn\u00fd audit \u010dipov\u00fdch kariet - Nethemba","description":"Odhali\u0165 ako bezpe\u010dnostn\u00e9 zranite\u013enosti vo fyzickej vrstve kontaktn\u00fdch alebo bezkontaktn\u00fdch \u010dipov\u00fdch kariet, tie\u017e v aplika\u010dnej vrstve a softv\u00e9ri, nasadenom na koncov\u00fdch \u010d\u00edta\u010dk\u00e1ch\/ termin\u00e1loch.","robots":{"index":"index","follow":"follow","max-snippet":"max-snippet:-1","max-image-preview":"max-image-preview:large","max-video-preview":"max-video-preview:-1"},"canonical":"https:\/\/nethemba.com\/sk\/sluzby\/sietova-a-systemova-bezpecnost\/bezpecnostny-audit-cipovych-kariet\/","og_locale":"sk_SK","og_type":"article","og_title":"Bezpe\u010dnostn\u00fd audit \u010dipov\u00fdch kariet - Nethemba","og_description":"Odhali\u0165 ako bezpe\u010dnostn\u00e9 zranite\u013enosti vo fyzickej vrstve kontaktn\u00fdch alebo bezkontaktn\u00fdch \u010dipov\u00fdch kariet, tie\u017e v aplika\u010dnej vrstve a softv\u00e9ri, nasadenom na koncov\u00fdch \u010d\u00edta\u010dk\u00e1ch\/ termin\u00e1loch.","og_url":"https:\/\/nethemba.com\/sk\/sluzby\/sietova-a-systemova-bezpecnost\/bezpecnostny-audit-cipovych-kariet\/","og_site_name":"Nethemba","article_publisher":"https:\/\/www.facebook.com\/nethemba","article_modified_time":"2019-07-24T12:04:34+00:00","twitter_card":"summary_large_image","twitter_site":"@nethemba","twitter_misc":{"Predpokladan\u00fd \u010das \u010d\u00edtania":"1 min\u00fata"},"schema":{"@context":"https:\/\/schema.org","@graph":[{"@type":"WebPage","@id":"https:\/\/nethemba.com\/sk\/sluzby\/sietova-a-systemova-bezpecnost\/bezpecnostny-audit-cipovych-kariet\/","url":"https:\/\/nethemba.com\/sk\/sluzby\/sietova-a-systemova-bezpecnost\/bezpecnostny-audit-cipovych-kariet\/","name":"Bezpe\u010dnostn\u00fd audit \u010dipov\u00fdch kariet - Nethemba","isPartOf":{"@id":"https:\/\/nethemba.com\/de\/#website"},"datePublished":"2015-11-08T20:49:38+00:00","dateModified":"2019-07-24T12:04:34+00:00","description":"Odhali\u0165 ako bezpe\u010dnostn\u00e9 zranite\u013enosti vo fyzickej vrstve kontaktn\u00fdch alebo bezkontaktn\u00fdch \u010dipov\u00fdch kariet, tie\u017e v aplika\u010dnej vrstve a softv\u00e9ri, nasadenom na koncov\u00fdch \u010d\u00edta\u010dk\u00e1ch\/ termin\u00e1loch.","breadcrumb":{"@id":"https:\/\/nethemba.com\/sk\/sluzby\/sietova-a-systemova-bezpecnost\/bezpecnostny-audit-cipovych-kariet\/#breadcrumb"},"inLanguage":"sk-SK","potentialAction":[{"@type":"ReadAction","target":["https:\/\/nethemba.com\/sk\/sluzby\/sietova-a-systemova-bezpecnost\/bezpecnostny-audit-cipovych-kariet\/"]}]},{"@type":"BreadcrumbList","@id":"https:\/\/nethemba.com\/sk\/sluzby\/sietova-a-systemova-bezpecnost\/bezpecnostny-audit-cipovych-kariet\/#breadcrumb","itemListElement":[{"@type":"ListItem","position":1,"name":"Home","item":"https:\/\/nethemba.com\/sk\/domov\/"},{"@type":"ListItem","position":2,"name":"Slu\u017eby","item":"https:\/\/nethemba.com\/sk\/sluzby\/"},{"@type":"ListItem","position":3,"name":"Sie\u0165ov\u00e1 a syst\u00e9mov\u00e1 bezpe\u010dnos\u0165","item":"https:\/\/nethemba.com\/sk\/sluzby\/sietova-a-systemova-bezpecnost\/"},{"@type":"ListItem","position":4,"name":"Bezpe\u010dnostn\u00fd audit \u010dipov\u00fdch kariet"}]},{"@type":"WebSite","@id":"https:\/\/nethemba.com\/de\/#website","url":"https:\/\/nethemba.com\/de\/","name":"Nethemba","description":"We care about your security","potentialAction":[{"@type":"SearchAction","target":{"@type":"EntryPoint","urlTemplate":"https:\/\/nethemba.com\/de\/?s={search_term_string}"},"query-input":{"@type":"PropertyValueSpecification","valueRequired":true,"valueName":"search_term_string"}}],"inLanguage":"sk-SK"}]}},"_links":{"self":[{"href":"https:\/\/nethemba.com\/sk\/wp-json\/wp\/v2\/pages\/412","targetHints":{"allow":["GET"]}}],"collection":[{"href":"https:\/\/nethemba.com\/sk\/wp-json\/wp\/v2\/pages"}],"about":[{"href":"https:\/\/nethemba.com\/sk\/wp-json\/wp\/v2\/types\/page"}],"author":[{"embeddable":true,"href":"https:\/\/nethemba.com\/sk\/wp-json\/wp\/v2\/users\/2"}],"replies":[{"embeddable":true,"href":"https:\/\/nethemba.com\/sk\/wp-json\/wp\/v2\/comments?post=412"}],"version-history":[{"count":0,"href":"https:\/\/nethemba.com\/sk\/wp-json\/wp\/v2\/pages\/412\/revisions"}],"up":[{"embeddable":true,"href":"https:\/\/nethemba.com\/sk\/wp-json\/wp\/v2\/pages\/381"}],"wp:attachment":[{"href":"https:\/\/nethemba.com\/sk\/wp-json\/wp\/v2\/media?parent=412"}],"curies":[{"name":"wp","href":"https:\/\/api.w.org\/{rel}","templated":true}]}}