{"id":418,"date":"2015-11-08T20:51:01","date_gmt":"2015-11-08T20:51:01","guid":{"rendered":"http:\/\/nethemba.com\/sk\/?page_id=418"},"modified":"2019-07-24T13:00:02","modified_gmt":"2019-07-24T12:00:02","slug":"bezpecnostny-audit-bezdrotovej-siete","status":"publish","type":"page","link":"https:\/\/nethemba.com\/sk\/sluzby\/sietova-a-systemova-bezpecnost\/bezpecnostny-audit-bezdrotovej-siete\/","title":{"rendered":"Bezpe\u010dnostn\u00fd audit bezdr\u00f4tovej siete"},"content":{"rendered":"<p>Cie\u013eom bezpe\u010dnostn\u00e9ho auditu bezdr\u00f4tovej &#8222;wifi&#8220; siete je analyzova\u0165 celkov\u00fa bezpe\u010dnos\u0165 bezdr\u00f4tov\u00fdch siet\u00ed z\u00e1kazn\u00edka.<\/p>\n<p><strong>Test obsahuje:<\/strong><\/p>\n<ul>\n<li><a href=\"http:\/\/en.wikipedia.org\/wiki\/Warwalking\">&#8222;warwalking&#8220;<\/a> f\u00e1zu<\/li>\n<li>anal\u00fdzu a vykonanie pas\u00edvnych a akt\u00edvnych \u00fatokov<\/li>\n<li>simul\u00e1cie <a href=\"http:\/\/en.wikipedia.org\/wiki\/DOS_attack\">DOS \u00fatokov<\/a><\/li>\n<li>anal\u00fdzu pou\u017eit\u00fdch \u0161ifrovac\u00edch a autentiza\u010dn\u00fdch protokolov<\/li>\n<li>anal\u00fdzu nevhodnej a nezabezpe\u010denej konfigur\u00e1cie &#8222;wifi&#8220;\u00a0AP ako aj koncov\u00fdch klientov<\/li>\n<\/ul>\n","protected":false},"excerpt":{"rendered":"<p>Cie\u013eom bezpe\u010dnostn\u00e9ho auditu bezdr\u00f4tovej &#8222;wifi&#8220; siete je analyzova\u0165 celkov\u00fa bezpe\u010dnos\u0165 bezdr\u00f4tov\u00fdch siet\u00ed z\u00e1kazn\u00edka. Test obsahuje: &#8222;warwalking&#8220; f\u00e1zu anal\u00fdzu a vykonanie pas\u00edvnych a akt\u00edvnych \u00fatokov simul\u00e1cie DOS \u00fatokov anal\u00fdzu pou\u017eit\u00fdch \u0161ifrovac\u00edch a autentiza\u010dn\u00fdch protokolov anal\u00fdzu nevhodnej a nezabezpe\u010denej konfigur\u00e1cie &#8222;wifi&#8220;\u00a0AP ako aj koncov\u00fdch klientov<\/p>\n","protected":false},"author":2,"featured_media":0,"parent":381,"menu_order":6,"comment_status":"closed","ping_status":"closed","template":"services_detail.php","meta":{"inline_featured_image":false,"_monsterinsights_skip_tracking":false,"_monsterinsights_sitenote_active":false,"_monsterinsights_sitenote_note":"","_monsterinsights_sitenote_category":0,"footnotes":""},"class_list":["post-418","page","type-page","status-publish","hentry"],"yoast_head":"<!-- This site is optimized with the Yoast SEO plugin v27.4 - https:\/\/yoast.com\/product\/yoast-seo-wordpress\/ -->\n<title>Bezpe\u010dnostn\u00fd audit bezdr\u00f4tovej siete - Nethemba<\/title>\n<meta name=\"description\" content=\"Cie\u013eom bezpe\u010dnostn\u00e9ho auditu bezdr\u00f4tovej &quot;wifi&quot; siete je analyzova\u0165 celkov\u00fa bezpe\u010dnos\u0165 bezdr\u00f4tov\u00fdch siet\u00ed z\u00e1kazn\u00edka - simul\u00e1cie DOS \u00fatokov,...\" \/>\n<meta name=\"robots\" content=\"index, follow, max-snippet:-1, max-image-preview:large, max-video-preview:-1\" \/>\n<link rel=\"canonical\" href=\"https:\/\/nethemba.com\/sk\/sluzby\/sietova-a-systemova-bezpecnost\/bezpecnostny-audit-bezdrotovej-siete\/\" \/>\n<meta property=\"og:locale\" content=\"sk_SK\" \/>\n<meta property=\"og:type\" content=\"article\" \/>\n<meta property=\"og:title\" content=\"Bezpe\u010dnostn\u00fd audit bezdr\u00f4tovej siete - Nethemba\" \/>\n<meta property=\"og:description\" content=\"Cie\u013eom bezpe\u010dnostn\u00e9ho auditu bezdr\u00f4tovej &quot;wifi&quot; siete je analyzova\u0165 celkov\u00fa bezpe\u010dnos\u0165 bezdr\u00f4tov\u00fdch siet\u00ed z\u00e1kazn\u00edka - simul\u00e1cie DOS \u00fatokov,...\" \/>\n<meta property=\"og:url\" content=\"https:\/\/nethemba.com\/sk\/sluzby\/sietova-a-systemova-bezpecnost\/bezpecnostny-audit-bezdrotovej-siete\/\" \/>\n<meta property=\"og:site_name\" content=\"Nethemba\" \/>\n<meta property=\"article:publisher\" content=\"https:\/\/www.facebook.com\/nethemba\" \/>\n<meta property=\"article:modified_time\" content=\"2019-07-24T12:00:02+00:00\" \/>\n<meta name=\"twitter:card\" content=\"summary_large_image\" \/>\n<meta name=\"twitter:site\" content=\"@nethemba\" \/>\n<script type=\"application\/ld+json\" class=\"yoast-schema-graph\">{\"@context\":\"https:\\\/\\\/schema.org\",\"@graph\":[{\"@type\":\"WebPage\",\"@id\":\"https:\\\/\\\/nethemba.com\\\/sk\\\/sluzby\\\/sietova-a-systemova-bezpecnost\\\/bezpecnostny-audit-bezdrotovej-siete\\\/\",\"url\":\"https:\\\/\\\/nethemba.com\\\/sk\\\/sluzby\\\/sietova-a-systemova-bezpecnost\\\/bezpecnostny-audit-bezdrotovej-siete\\\/\",\"name\":\"Bezpe\u010dnostn\u00fd audit bezdr\u00f4tovej siete - Nethemba\",\"isPartOf\":{\"@id\":\"https:\\\/\\\/nethemba.com\\\/de\\\/#website\"},\"datePublished\":\"2015-11-08T20:51:01+00:00\",\"dateModified\":\"2019-07-24T12:00:02+00:00\",\"description\":\"Cie\u013eom bezpe\u010dnostn\u00e9ho auditu bezdr\u00f4tovej \\\"wifi\\\" siete je analyzova\u0165 celkov\u00fa bezpe\u010dnos\u0165 bezdr\u00f4tov\u00fdch siet\u00ed z\u00e1kazn\u00edka - simul\u00e1cie DOS \u00fatokov,...\",\"breadcrumb\":{\"@id\":\"https:\\\/\\\/nethemba.com\\\/sk\\\/sluzby\\\/sietova-a-systemova-bezpecnost\\\/bezpecnostny-audit-bezdrotovej-siete\\\/#breadcrumb\"},\"inLanguage\":\"sk-SK\",\"potentialAction\":[{\"@type\":\"ReadAction\",\"target\":[\"https:\\\/\\\/nethemba.com\\\/sk\\\/sluzby\\\/sietova-a-systemova-bezpecnost\\\/bezpecnostny-audit-bezdrotovej-siete\\\/\"]}]},{\"@type\":\"BreadcrumbList\",\"@id\":\"https:\\\/\\\/nethemba.com\\\/sk\\\/sluzby\\\/sietova-a-systemova-bezpecnost\\\/bezpecnostny-audit-bezdrotovej-siete\\\/#breadcrumb\",\"itemListElement\":[{\"@type\":\"ListItem\",\"position\":1,\"name\":\"Home\",\"item\":\"https:\\\/\\\/nethemba.com\\\/sk\\\/domov\\\/\"},{\"@type\":\"ListItem\",\"position\":2,\"name\":\"Slu\u017eby\",\"item\":\"https:\\\/\\\/nethemba.com\\\/sk\\\/sluzby\\\/\"},{\"@type\":\"ListItem\",\"position\":3,\"name\":\"Sie\u0165ov\u00e1 a syst\u00e9mov\u00e1 bezpe\u010dnos\u0165\",\"item\":\"https:\\\/\\\/nethemba.com\\\/sk\\\/sluzby\\\/sietova-a-systemova-bezpecnost\\\/\"},{\"@type\":\"ListItem\",\"position\":4,\"name\":\"Bezpe\u010dnostn\u00fd audit bezdr\u00f4tovej siete\"}]},{\"@type\":\"WebSite\",\"@id\":\"https:\\\/\\\/nethemba.com\\\/de\\\/#website\",\"url\":\"https:\\\/\\\/nethemba.com\\\/de\\\/\",\"name\":\"Nethemba\",\"description\":\"We care about your security\",\"potentialAction\":[{\"@type\":\"SearchAction\",\"target\":{\"@type\":\"EntryPoint\",\"urlTemplate\":\"https:\\\/\\\/nethemba.com\\\/de\\\/?s={search_term_string}\"},\"query-input\":{\"@type\":\"PropertyValueSpecification\",\"valueRequired\":true,\"valueName\":\"search_term_string\"}}],\"inLanguage\":\"sk-SK\"}]}<\/script>\n<!-- \/ Yoast SEO plugin. -->","yoast_head_json":{"title":"Bezpe\u010dnostn\u00fd audit bezdr\u00f4tovej siete - Nethemba","description":"Cie\u013eom bezpe\u010dnostn\u00e9ho auditu bezdr\u00f4tovej \"wifi\" siete je analyzova\u0165 celkov\u00fa bezpe\u010dnos\u0165 bezdr\u00f4tov\u00fdch siet\u00ed z\u00e1kazn\u00edka - simul\u00e1cie DOS \u00fatokov,...","robots":{"index":"index","follow":"follow","max-snippet":"max-snippet:-1","max-image-preview":"max-image-preview:large","max-video-preview":"max-video-preview:-1"},"canonical":"https:\/\/nethemba.com\/sk\/sluzby\/sietova-a-systemova-bezpecnost\/bezpecnostny-audit-bezdrotovej-siete\/","og_locale":"sk_SK","og_type":"article","og_title":"Bezpe\u010dnostn\u00fd audit bezdr\u00f4tovej siete - Nethemba","og_description":"Cie\u013eom bezpe\u010dnostn\u00e9ho auditu bezdr\u00f4tovej \"wifi\" siete je analyzova\u0165 celkov\u00fa bezpe\u010dnos\u0165 bezdr\u00f4tov\u00fdch siet\u00ed z\u00e1kazn\u00edka - simul\u00e1cie DOS \u00fatokov,...","og_url":"https:\/\/nethemba.com\/sk\/sluzby\/sietova-a-systemova-bezpecnost\/bezpecnostny-audit-bezdrotovej-siete\/","og_site_name":"Nethemba","article_publisher":"https:\/\/www.facebook.com\/nethemba","article_modified_time":"2019-07-24T12:00:02+00:00","twitter_card":"summary_large_image","twitter_site":"@nethemba","schema":{"@context":"https:\/\/schema.org","@graph":[{"@type":"WebPage","@id":"https:\/\/nethemba.com\/sk\/sluzby\/sietova-a-systemova-bezpecnost\/bezpecnostny-audit-bezdrotovej-siete\/","url":"https:\/\/nethemba.com\/sk\/sluzby\/sietova-a-systemova-bezpecnost\/bezpecnostny-audit-bezdrotovej-siete\/","name":"Bezpe\u010dnostn\u00fd audit bezdr\u00f4tovej siete - Nethemba","isPartOf":{"@id":"https:\/\/nethemba.com\/de\/#website"},"datePublished":"2015-11-08T20:51:01+00:00","dateModified":"2019-07-24T12:00:02+00:00","description":"Cie\u013eom bezpe\u010dnostn\u00e9ho auditu bezdr\u00f4tovej \"wifi\" siete je analyzova\u0165 celkov\u00fa bezpe\u010dnos\u0165 bezdr\u00f4tov\u00fdch siet\u00ed z\u00e1kazn\u00edka - simul\u00e1cie DOS \u00fatokov,...","breadcrumb":{"@id":"https:\/\/nethemba.com\/sk\/sluzby\/sietova-a-systemova-bezpecnost\/bezpecnostny-audit-bezdrotovej-siete\/#breadcrumb"},"inLanguage":"sk-SK","potentialAction":[{"@type":"ReadAction","target":["https:\/\/nethemba.com\/sk\/sluzby\/sietova-a-systemova-bezpecnost\/bezpecnostny-audit-bezdrotovej-siete\/"]}]},{"@type":"BreadcrumbList","@id":"https:\/\/nethemba.com\/sk\/sluzby\/sietova-a-systemova-bezpecnost\/bezpecnostny-audit-bezdrotovej-siete\/#breadcrumb","itemListElement":[{"@type":"ListItem","position":1,"name":"Home","item":"https:\/\/nethemba.com\/sk\/domov\/"},{"@type":"ListItem","position":2,"name":"Slu\u017eby","item":"https:\/\/nethemba.com\/sk\/sluzby\/"},{"@type":"ListItem","position":3,"name":"Sie\u0165ov\u00e1 a syst\u00e9mov\u00e1 bezpe\u010dnos\u0165","item":"https:\/\/nethemba.com\/sk\/sluzby\/sietova-a-systemova-bezpecnost\/"},{"@type":"ListItem","position":4,"name":"Bezpe\u010dnostn\u00fd audit bezdr\u00f4tovej siete"}]},{"@type":"WebSite","@id":"https:\/\/nethemba.com\/de\/#website","url":"https:\/\/nethemba.com\/de\/","name":"Nethemba","description":"We care about your security","potentialAction":[{"@type":"SearchAction","target":{"@type":"EntryPoint","urlTemplate":"https:\/\/nethemba.com\/de\/?s={search_term_string}"},"query-input":{"@type":"PropertyValueSpecification","valueRequired":true,"valueName":"search_term_string"}}],"inLanguage":"sk-SK"}]}},"_links":{"self":[{"href":"https:\/\/nethemba.com\/sk\/wp-json\/wp\/v2\/pages\/418","targetHints":{"allow":["GET"]}}],"collection":[{"href":"https:\/\/nethemba.com\/sk\/wp-json\/wp\/v2\/pages"}],"about":[{"href":"https:\/\/nethemba.com\/sk\/wp-json\/wp\/v2\/types\/page"}],"author":[{"embeddable":true,"href":"https:\/\/nethemba.com\/sk\/wp-json\/wp\/v2\/users\/2"}],"replies":[{"embeddable":true,"href":"https:\/\/nethemba.com\/sk\/wp-json\/wp\/v2\/comments?post=418"}],"version-history":[{"count":0,"href":"https:\/\/nethemba.com\/sk\/wp-json\/wp\/v2\/pages\/418\/revisions"}],"up":[{"embeddable":true,"href":"https:\/\/nethemba.com\/sk\/wp-json\/wp\/v2\/pages\/381"}],"wp:attachment":[{"href":"https:\/\/nethemba.com\/sk\/wp-json\/wp\/v2\/media?parent=418"}],"curies":[{"name":"wp","href":"https:\/\/api.w.org\/{rel}","templated":true}]}}