{"id":424,"date":"2015-11-08T20:52:09","date_gmt":"2015-11-08T20:52:09","guid":{"rendered":"http:\/\/nethemba.com\/sk\/?page_id=424"},"modified":"2019-07-24T12:57:31","modified_gmt":"2019-07-24T11:57:31","slug":"it-bezpecnostne-riesenia","status":"publish","type":"page","link":"https:\/\/nethemba.com\/sk\/sluzby\/it-bezpecnostne-riesenia\/","title":{"rendered":"IT bezpe\u010dnostn\u00e9 rie\u0161enia"},"content":{"rendered":"<p>Pon\u00fakame nasledovn\u00e9 IT bezpe\u010dnostn\u00e9 rie\u0161enia:<\/p>\n<h4><\/h4>\n","protected":false},"excerpt":{"rendered":"<p>Pon\u00fakame nasledovn\u00e9 IT bezpe\u010dnostn\u00e9 rie\u0161enia:<\/p>\n","protected":false},"author":2,"featured_media":0,"parent":307,"menu_order":0,"comment_status":"closed","ping_status":"closed","template":"subpage_parent.php","meta":{"inline_featured_image":false,"_monsterinsights_skip_tracking":false,"_monsterinsights_sitenote_active":false,"_monsterinsights_sitenote_note":"","_monsterinsights_sitenote_category":0,"footnotes":""},"class_list":["post-424","page","type-page","status-publish","hentry"],"yoast_head":"<!-- This site is optimized with the Yoast SEO plugin v27.3 - https:\/\/yoast.com\/product\/yoast-seo-wordpress\/ -->\n<title>IT bezpe\u010dnostn\u00e9 rie\u0161enia - Nethemba<\/title>\n<meta name=\"description\" content=\"Spolo\u010dnos\u0165 Nethemba pon\u00faka \u0161irok\u00fa \u0161k\u00e1lu slu\u017eieb - IT bezpe\u010dnostn\u00e9 rie\u0161enia, penetra\u010dn\u00e9 testy, zabezpe\u010denie IT syst\u00e9mov a \u0161kolenia a konzult\u00e1cie.\" \/>\n<meta name=\"robots\" content=\"index, follow, max-snippet:-1, max-image-preview:large, max-video-preview:-1\" \/>\n<link rel=\"canonical\" href=\"https:\/\/nethemba.com\/sk\/sluzby\/it-bezpecnostne-riesenia\/\" \/>\n<meta property=\"og:locale\" content=\"sk_SK\" \/>\n<meta property=\"og:type\" content=\"article\" \/>\n<meta property=\"og:title\" content=\"IT bezpe\u010dnostn\u00e9 rie\u0161enia - Nethemba\" \/>\n<meta property=\"og:description\" content=\"Spolo\u010dnos\u0165 Nethemba pon\u00faka \u0161irok\u00fa \u0161k\u00e1lu slu\u017eieb - IT bezpe\u010dnostn\u00e9 rie\u0161enia, penetra\u010dn\u00e9 testy, zabezpe\u010denie IT syst\u00e9mov a \u0161kolenia a konzult\u00e1cie.\" \/>\n<meta property=\"og:url\" content=\"https:\/\/nethemba.com\/sk\/sluzby\/it-bezpecnostne-riesenia\/\" \/>\n<meta property=\"og:site_name\" content=\"Nethemba\" \/>\n<meta property=\"article:publisher\" content=\"https:\/\/www.facebook.com\/nethemba\" \/>\n<meta property=\"article:modified_time\" content=\"2019-07-24T11:57:31+00:00\" \/>\n<meta name=\"twitter:card\" content=\"summary_large_image\" \/>\n<meta name=\"twitter:site\" content=\"@nethemba\" \/>\n<script type=\"application\/ld+json\" class=\"yoast-schema-graph\">{\"@context\":\"https:\\\/\\\/schema.org\",\"@graph\":[{\"@type\":\"WebPage\",\"@id\":\"https:\\\/\\\/nethemba.com\\\/sk\\\/sluzby\\\/it-bezpecnostne-riesenia\\\/\",\"url\":\"https:\\\/\\\/nethemba.com\\\/sk\\\/sluzby\\\/it-bezpecnostne-riesenia\\\/\",\"name\":\"IT bezpe\u010dnostn\u00e9 rie\u0161enia - Nethemba\",\"isPartOf\":{\"@id\":\"https:\\\/\\\/nethemba.com\\\/de\\\/#website\"},\"datePublished\":\"2015-11-08T20:52:09+00:00\",\"dateModified\":\"2019-07-24T11:57:31+00:00\",\"description\":\"Spolo\u010dnos\u0165 Nethemba pon\u00faka \u0161irok\u00fa \u0161k\u00e1lu slu\u017eieb - IT bezpe\u010dnostn\u00e9 rie\u0161enia, penetra\u010dn\u00e9 testy, zabezpe\u010denie IT syst\u00e9mov a \u0161kolenia a konzult\u00e1cie.\",\"breadcrumb\":{\"@id\":\"https:\\\/\\\/nethemba.com\\\/sk\\\/sluzby\\\/it-bezpecnostne-riesenia\\\/#breadcrumb\"},\"inLanguage\":\"sk-SK\",\"potentialAction\":[{\"@type\":\"ReadAction\",\"target\":[\"https:\\\/\\\/nethemba.com\\\/sk\\\/sluzby\\\/it-bezpecnostne-riesenia\\\/\"]}]},{\"@type\":\"BreadcrumbList\",\"@id\":\"https:\\\/\\\/nethemba.com\\\/sk\\\/sluzby\\\/it-bezpecnostne-riesenia\\\/#breadcrumb\",\"itemListElement\":[{\"@type\":\"ListItem\",\"position\":1,\"name\":\"Home\",\"item\":\"https:\\\/\\\/nethemba.com\\\/sk\\\/domov\\\/\"},{\"@type\":\"ListItem\",\"position\":2,\"name\":\"Slu\u017eby\",\"item\":\"https:\\\/\\\/nethemba.com\\\/sk\\\/sluzby\\\/\"},{\"@type\":\"ListItem\",\"position\":3,\"name\":\"IT bezpe\u010dnostn\u00e9 rie\u0161enia\"}]},{\"@type\":\"WebSite\",\"@id\":\"https:\\\/\\\/nethemba.com\\\/de\\\/#website\",\"url\":\"https:\\\/\\\/nethemba.com\\\/de\\\/\",\"name\":\"Nethemba\",\"description\":\"We care about your security\",\"potentialAction\":[{\"@type\":\"SearchAction\",\"target\":{\"@type\":\"EntryPoint\",\"urlTemplate\":\"https:\\\/\\\/nethemba.com\\\/de\\\/?s={search_term_string}\"},\"query-input\":{\"@type\":\"PropertyValueSpecification\",\"valueRequired\":true,\"valueName\":\"search_term_string\"}}],\"inLanguage\":\"sk-SK\"}]}<\/script>\n<!-- \/ Yoast SEO plugin. -->","yoast_head_json":{"title":"IT bezpe\u010dnostn\u00e9 rie\u0161enia - Nethemba","description":"Spolo\u010dnos\u0165 Nethemba pon\u00faka \u0161irok\u00fa \u0161k\u00e1lu slu\u017eieb - IT bezpe\u010dnostn\u00e9 rie\u0161enia, penetra\u010dn\u00e9 testy, zabezpe\u010denie IT syst\u00e9mov a \u0161kolenia a konzult\u00e1cie.","robots":{"index":"index","follow":"follow","max-snippet":"max-snippet:-1","max-image-preview":"max-image-preview:large","max-video-preview":"max-video-preview:-1"},"canonical":"https:\/\/nethemba.com\/sk\/sluzby\/it-bezpecnostne-riesenia\/","og_locale":"sk_SK","og_type":"article","og_title":"IT bezpe\u010dnostn\u00e9 rie\u0161enia - Nethemba","og_description":"Spolo\u010dnos\u0165 Nethemba pon\u00faka \u0161irok\u00fa \u0161k\u00e1lu slu\u017eieb - IT bezpe\u010dnostn\u00e9 rie\u0161enia, penetra\u010dn\u00e9 testy, zabezpe\u010denie IT syst\u00e9mov a \u0161kolenia a konzult\u00e1cie.","og_url":"https:\/\/nethemba.com\/sk\/sluzby\/it-bezpecnostne-riesenia\/","og_site_name":"Nethemba","article_publisher":"https:\/\/www.facebook.com\/nethemba","article_modified_time":"2019-07-24T11:57:31+00:00","twitter_card":"summary_large_image","twitter_site":"@nethemba","schema":{"@context":"https:\/\/schema.org","@graph":[{"@type":"WebPage","@id":"https:\/\/nethemba.com\/sk\/sluzby\/it-bezpecnostne-riesenia\/","url":"https:\/\/nethemba.com\/sk\/sluzby\/it-bezpecnostne-riesenia\/","name":"IT bezpe\u010dnostn\u00e9 rie\u0161enia - Nethemba","isPartOf":{"@id":"https:\/\/nethemba.com\/de\/#website"},"datePublished":"2015-11-08T20:52:09+00:00","dateModified":"2019-07-24T11:57:31+00:00","description":"Spolo\u010dnos\u0165 Nethemba pon\u00faka \u0161irok\u00fa \u0161k\u00e1lu slu\u017eieb - IT bezpe\u010dnostn\u00e9 rie\u0161enia, penetra\u010dn\u00e9 testy, zabezpe\u010denie IT syst\u00e9mov a \u0161kolenia a konzult\u00e1cie.","breadcrumb":{"@id":"https:\/\/nethemba.com\/sk\/sluzby\/it-bezpecnostne-riesenia\/#breadcrumb"},"inLanguage":"sk-SK","potentialAction":[{"@type":"ReadAction","target":["https:\/\/nethemba.com\/sk\/sluzby\/it-bezpecnostne-riesenia\/"]}]},{"@type":"BreadcrumbList","@id":"https:\/\/nethemba.com\/sk\/sluzby\/it-bezpecnostne-riesenia\/#breadcrumb","itemListElement":[{"@type":"ListItem","position":1,"name":"Home","item":"https:\/\/nethemba.com\/sk\/domov\/"},{"@type":"ListItem","position":2,"name":"Slu\u017eby","item":"https:\/\/nethemba.com\/sk\/sluzby\/"},{"@type":"ListItem","position":3,"name":"IT bezpe\u010dnostn\u00e9 rie\u0161enia"}]},{"@type":"WebSite","@id":"https:\/\/nethemba.com\/de\/#website","url":"https:\/\/nethemba.com\/de\/","name":"Nethemba","description":"We care about your security","potentialAction":[{"@type":"SearchAction","target":{"@type":"EntryPoint","urlTemplate":"https:\/\/nethemba.com\/de\/?s={search_term_string}"},"query-input":{"@type":"PropertyValueSpecification","valueRequired":true,"valueName":"search_term_string"}}],"inLanguage":"sk-SK"}]}},"_links":{"self":[{"href":"https:\/\/nethemba.com\/sk\/wp-json\/wp\/v2\/pages\/424","targetHints":{"allow":["GET"]}}],"collection":[{"href":"https:\/\/nethemba.com\/sk\/wp-json\/wp\/v2\/pages"}],"about":[{"href":"https:\/\/nethemba.com\/sk\/wp-json\/wp\/v2\/types\/page"}],"author":[{"embeddable":true,"href":"https:\/\/nethemba.com\/sk\/wp-json\/wp\/v2\/users\/2"}],"replies":[{"embeddable":true,"href":"https:\/\/nethemba.com\/sk\/wp-json\/wp\/v2\/comments?post=424"}],"version-history":[{"count":0,"href":"https:\/\/nethemba.com\/sk\/wp-json\/wp\/v2\/pages\/424\/revisions"}],"up":[{"embeddable":true,"href":"https:\/\/nethemba.com\/sk\/wp-json\/wp\/v2\/pages\/307"}],"wp:attachment":[{"href":"https:\/\/nethemba.com\/sk\/wp-json\/wp\/v2\/media?parent=424"}],"curies":[{"name":"wp","href":"https:\/\/api.w.org\/{rel}","templated":true}]}}