{"id":436,"date":"2015-11-08T20:54:34","date_gmt":"2015-11-08T20:54:34","guid":{"rendered":"http:\/\/nethemba.com\/sk\/?page_id=436"},"modified":"2019-07-24T12:40:18","modified_gmt":"2019-07-24T11:40:18","slug":"cloud-computing-riesenia","status":"publish","type":"page","link":"https:\/\/nethemba.com\/sk\/sluzby\/it-bezpecnostne-riesenia\/cloud-computing-riesenia\/","title":{"rendered":"Cloud Computing rie\u0161enia"},"content":{"rendered":"<p>S pr\u00edchodom webov\u00fdch slu\u017eieb sa pri n\u00e1vrhu a realiz\u00e1ci\u00ed IT projektov naskytuj\u00fa mo\u017enosti, ktor\u00e9 boli e\u0161te doned\u00e1vna dostupn\u00e9 bu\u010f len ve\u013ek\u00fdm spolo\u010dnostiam alebo boli ve\u013emi n\u00e1kladn\u00e9 ako napr\u00edklad:<\/p>\n<div id=\"magicdomid6\">\n<ul>\n<li>mo\u017enos\u0165 kompletn\u00e9ho delegovania \u00fadr\u017eby zlo\u017eitej siete, serverov, ich opera\u010dn\u00fdch syst\u00e9mov ako aj z\u00e1lohovania na tretiu stranu<\/li>\n<\/ul>\n<\/div>\n<div id=\"magicdomid7\">\n<ul>\n<li>mo\u017enos\u0165 dynamicky a flexibilne reagova\u0165 na ak\u00fako\u013evek zv\u00fd\u0161en\u00fa z\u00e1\u0165a\u017e (napr\u00edklad vy\u0161\u0161ia nav\u0161tevovanos\u0165) okam\u017eit\u00fdm spusten\u00edm \u010fal\u0161\u00edch virtu\u00e1lnych serverov<\/li>\n<\/ul>\n<\/div>\n<div id=\"magicdomid8\">\n<ul>\n<li>celosvetov\u00e1 distrib\u00facia obsahu s n\u00edzkou odozvou a ve\u013emi vysokou dostupnos\u0165ou<\/li>\n<\/ul>\n<\/div>\n<div id=\"magicdomid9\">\n<ul>\n<li>v\u00fdrazne nav\u00fd\u0161enie dostupnosti Va\u0161ich slu\u017eieb pre v\u0161etk\u00fdch americk\u00fdch a eur\u00f3pskych klientov<\/li>\n<\/ul>\n<\/div>\n<p>V\u0161etko toto a e\u0161te viac za rozumn\u00fa cenu dok\u00e1\u017eeme ponukn\u00fa\u0165 ako ve\u013ek\u00fdm, tak mal\u00fdm klientom za ve\u013emi prijate\u013en\u00fa cenu.<\/p>\n<p><strong>&#8222;Cloud Computing&#8220;<\/strong> predstavuje model, kedy prostriedky ako s\u00fa v\u00fdpo\u010dtov\u00fd v\u00fdkon serverov, \u00falo\u017en\u00fd priestor (disky, NAS), software at\u010f., ktor\u00e9 doposia\u013e v\u017edy predstavovali nejak\u00fd skuto\u010dn\u00fd hardv\u00e9r a opera\u010dn\u00fd syst\u00e9m (ktor\u00fd ste museli vlastni\u0165 alebo ma\u0165 prenajat\u00fd, zabezpe\u010dova\u0165 \u00fadr\u017ebu, kupova\u0165 licencie), V\u00e1m dok\u00e1\u017eu by\u0165 teraz poskytnut\u00e9 ako slu\u017eba, kedy v\u0161etky veci s\u00favisiace s hardv\u00e9rom a opera\u010dn\u00fdm syst\u00e9mom zostan\u00fa pre V\u00e1s skryt\u00e9.<\/p>\n<p>U\u017e V\u00e1s viac nemus\u00ed zauj\u00edma\u0165 fyzick\u00e9 umiestnenie, energetick\u00e1 spotreba, sie\u0165ov\u00e1 infra\u0161trukt\u00fara, z\u00e1lo\u017en\u00e9 zdroje, nepotrebujete fyzick\u00fd priestor pre va\u0161u IT infra\u0161trukt\u00faru, nemus\u00edte zabezpe\u010dova\u0165 jeho klimatiz\u00e1ciu ani ochranu a bezpe\u010dnos\u0165 jeho prev\u00e1dzky.<\/p>\n<p>Pr\u00e1ca so v\u0161etk\u00fdmi &#8222;Cloud Computing&#8220; slu\u017ebami je jednoduch\u00e1 cez webov\u00e9 slu\u017eby, dostupn\u00e1 z r\u00f4znych programovac\u00edch jazykov (PHP, Java, C#, VB.NET, Ruby, Perl ), ako aj cez pohodln\u00e9 a preh\u013eadn\u00e9 pou\u017e\u00edvate\u013esk\u00e9 web rozhranie.<\/p>\n<p><strong>\u010co v\u00e1m pon\u00fakame?<\/strong><\/p>\n<p><strong>Virtualiz\u00e1cia v\u00fdpo\u010dtov\u00e9ho v\u00fdkonu<\/strong><\/p>\n<div id=\"magicdomid24\">\n<ul>\n<li>nahra\u010fte Va\u0161e re\u00e1lne po\u010d\u00edta\u010de s neust\u00e1lymi hardv\u00e9rov\u00fdmi probl\u00e9mami za virtu\u00e1lne, av\u0161ak na\u010falej vysoko v\u00fdkonn\u00e9<\/li>\n<\/ul>\n<\/div>\n<div id=\"magicdomid25\">\n<ul>\n<li>pri akejko\u013evek poruche virtu\u00e1lneho po\u010d\u00edta\u010da m\u00e1te mo\u017enos\u0165 ho okam\u017eite op\u00e4tovne na\u0161tartova\u0165 bez akejko\u013evek potreby vola\u0165 hotline alebo \u010daka\u0165 na servisn\u00fd z\u00e1sah &#8211; v\u0161etko vo Va\u0161ej vlastnej r\u00e9\u017eii<\/li>\n<\/ul>\n<\/div>\n<div id=\"magicdomid26\">\n<ul>\n<li>mo\u017enos\u0165 takmer okam\u017eit\u00e9ho spustenia 1, 10 alebo aj 1000 vlastn\u00fdch po\u010d\u00edta\u010dov naraz jedin\u00fdm pokynom alebo plne automaticky a dynamicky v pr\u00edpade, \u017ee m\u00e1te pr\u00e1ve zv\u00fd\u0161en\u00fa z\u00e1\u0165a\u017e \/ nav\u0161tevovanos\u0165, v pr\u00edpade potreby m\u00e1te mo\u017enos\u0165 kedyko\u013evek ktor\u00fdko\u013evek vypn\u00fa\u0165, pr\u00edpadne aj v\u0161etky svoje po\u010d\u00edta\u010de a nem\u00edna\u0165 zbyto\u010dne Va\u0161e peniaze<\/li>\n<\/ul>\n<\/div>\n<div id=\"magicdomid27\">\n<ul>\n<li>plat\u00edte len za to, \u010do skuto\u010dne vyu\u017e\u00edvate (teda za procesorov\u00fd \u010das ka\u017ed\u00e9ho be\u017eiaceho po\u010d\u00edta\u010da) &#8211; ich mno\u017estvo m\u00f4\u017eete dynamicky ovplyv\u0148ova\u0165 pod\u013ea sez\u00f3nnych v\u00fdkyvov, n\u00e1rastov dopytu alebo akci\u00ed (napr\u00edklad za hodinu behu super v\u00fdkonn\u00e9ho clustru s 1000 virtu\u00e1lnymi servermi zaplat\u00edte len $30)<\/li>\n<\/ul>\n<\/div>\n<div id=\"magicdomid28\">\n<ul>\n<li>vyla\u010fte si vlastn\u00fd v\u00fdkon po\u010d\u00edta\u010da z nieko\u013ek\u00fdch vari\u00e1ci\u00ed v z\u00e1vislosti od ve\u013ekosti opera\u010dnej pam\u00e4te a po\u010dtu jadier procesora<\/li>\n<\/ul>\n<\/div>\n<div id=\"magicdomid29\">\n<ul>\n<li>pou\u017e\u00edvajte vo\u013en\u00e9 ako aj komer\u010dn\u00e9 verzie Linuxu, Microsoft Windows serveru alebo in\u00e9ho Unixov\u00e9ho syst\u00e9mu bez starost\u00ed o licen\u010dn\u00fa politiku dan\u00e9ho OS (ich cena je u\u017e zapo\u010d\u00edtana v hodinovej sadzbe procesorov\u00e9ho \u010dasu)<\/li>\n<\/ul>\n<\/div>\n<div id=\"magicdomid30\">\n<ul>\n<li>bez znalosti konfigur\u00e1cie firewallov si nastavte bezpe\u010dn\u00fd pr\u00edstup k Va\u0161im sietov\u00fdm slu\u017eb\u00e1m<\/li>\n<\/ul>\n<\/div>\n<p><strong>Virtualiz\u00e1cia diskov\u00e9ho priestoru\u00a0<\/strong><\/p>\n<div id=\"magicdomid35\">\n<ul>\n<li>mo\u017enos\u0165 pripoji\u0165 ku ktor\u00e9muko\u013evek virtu\u00e1lnemu po\u010d\u00edta\u010du \u013eubovo\u013en\u00fd po\u010det diskov v rozsahu od 1GB a\u017e 1TB<\/li>\n<\/ul>\n<\/div>\n<div id=\"magicdomid36\">\n<ul>\n<li>plat\u00edte len za disk s kapacitou, ktor\u00fa pr\u00e1ve potrebujete a zbyto\u010dne neplat\u00edte za priestor, ktor\u00fd nevyu\u017e\u00edvate<\/li>\n<\/ul>\n<\/div>\n<div id=\"magicdomid37\">\n<ul>\n<li>kedyko\u013evek m\u00e1te mo\u017enos\u0165 si vytvori\u0165 k\u00f3piu (snapshot) disku v \u013eubovo\u013enom okamihu, pri\u010dom po\u010det k\u00f3pi\u00ed nie je obmedzen\u00fd<\/li>\n<\/ul>\n<\/div>\n<div id=\"magicdomid38\">\n<ul>\n<li>nov\u00fd virtu\u00e1lny disk si dok\u00e1\u017eete vytvori\u0165 z k\u00f3pie \u013eubovo\u013en\u00e9ho in\u00e9ho virtu\u00e1lneho disku<\/li>\n<\/ul>\n<\/div>\n<div id=\"magicdomid39\">\n<ul>\n<li>Va\u0161e d\u00e1ta ost\u00e1vaj\u00fa uchovan\u00e9 aj v pr\u00edpade, \u017ee po\u010d\u00edta\u010d, ku ktor\u00e9mu je disk pripojen\u00fd, vypnete<\/li>\n<\/ul>\n<\/div>\n<p><strong>Virtualiz\u00e1cia z\u00e1lohovacieho priestoru\u00a0<\/strong><\/p>\n<div id=\"magicdomid44\">\n<ul>\n<li>vyu\u017eite mo\u017enos\u0165 minim\u00e1lne 3-n\u00e1sobne replikovan\u00e9ho \u00falo\u017en\u00e9ho priestoru na z\u00e1lohu s\u00faborov vo ve\u013ekosti 1 bajtu a\u017e 5 gigabajtov, do celkov\u00e9ho obsahu a\u017e 256 TB<\/li>\n<\/ul>\n<\/div>\n<div id=\"magicdomid45\">\n<ul>\n<li>pla\u0165te len za aktu\u00e1lnu ve\u013ekos\u0165 z\u00e1lohovan\u00fdch d\u00e1t a d\u00e1tov\u00fd prenos do z\u00e1lo\u017en\u00e9ho centra<\/li>\n<\/ul>\n<\/div>\n<div id=\"magicdomid46\">\n<ul>\n<li>m\u00e1te mo\u017enos\u0165 vyu\u017e\u00edva\u0165 nieko\u013eko chr\u00e1nen\u00fdch a navz\u00e1jom nez\u00e1visl\u00fdch bezpe\u010dn\u00fdch \u00falo\u017e\u00edsk<\/li>\n<\/ul>\n<\/div>\n<div id=\"magicdomid47\">\n<ul>\n<li>v pr\u00edpade umiestnenia inform\u00e1ci\u00ed do tohto priestoru m\u00e1te mo\u017enos\u0165 ich jednoducho distribuova\u0165 po celom svete cez uzlov\u00e9 servery prostredn\u00edctvom rozsiahlej CDN siete<\/li>\n<\/ul>\n<\/div>\n<p><strong>Vyrovn\u00e1vanie z\u00e1\u0165a\u017ee po\u010d\u00edta\u010dov<\/strong><\/p>\n<div id=\"magicdomid52\">\n<ul>\n<li>vybudujte si skupinu po\u010d\u00edta\u010dov poskytuj\u00facich ak\u00fako\u013evek rovnak\u00fa slu\u017ebu ( napr\u00edklad web pr\u00edstup na V\u00e1\u0161 port\u00e1l ) a ELB bude automaticky vyrovn\u00e1va\u0165 z\u00e1\u0165a\u017e medzi jednotliv\u00fdmi po\u010d\u00edta\u010dmi<\/li>\n<\/ul>\n<\/div>\n<div id=\"magicdomid53\">\n<ul>\n<li>pri zlyhan\u00ed alebo neodpovedan\u00ed ktor\u00e9hoko\u013evek serveru je tento automaticky vyraden\u00fd pri pride\u013eovan\u00ed \u010fal\u0161\u00edch spojen\u00ed<\/li>\n<\/ul>\n<\/div>\n<div id=\"magicdomid54\">\n<ul>\n<li>s pomocou monitorovania napr. povinn\u00e9ho po\u010dtu be\u017eiacich serverov je mo\u017en\u00e9 automaticky nahradi\u0165 zlyh\u00e1vaj\u00face servery nov\u00fdmi, ktor\u00e9 bud\u00fa automaticky zaraden\u00e9 do vyrovn\u00e1vania pracovnej z\u00e1\u0165a\u017ee<\/li>\n<\/ul>\n<\/div>\n<p><strong>Virtualiz\u00e1cia MySQL<\/strong><\/p>\n<div id=\"magicdomid59\">\n<ul>\n<li>mo\u017enos\u0165 spusti\u0165 vlastn\u00e9 virtu\u00e1lne servery s be\u017eiacim kompletn\u00fdm MySQL 5.1 so 100% kompatibilitou so v\u0161etk\u00fdmi u\u017e existuj\u00facimi MySQL n\u00e1strojmi a aplik\u00e1ciami<\/li>\n<\/ul>\n<\/div>\n<div id=\"magicdomid60\">\n<ul>\n<li>bezpe\u010dnostn\u00e9 a funkcion\u00e1lne aktualiz\u00e1cie a z\u00e1lohovanie je za V\u00e1s realizovan\u00e9 plne automaticky<\/li>\n<\/ul>\n<\/div>\n<div id=\"magicdomid61\">\n<ul>\n<li>mo\u017enos\u0165 definova\u0165 si dobu uchov\u00e1vania z\u00e1loh datab\u00e1z s mo\u017enos\u0165ou ich kedyko\u013evek obnovi\u0165<\/li>\n<\/ul>\n<\/div>\n<div id=\"magicdomid62\">\n<ul>\n<li>mo\u017enos\u0165 v\u00fdberu virtu\u00e1lneho hardv\u00e9ru z mno\u017estva r\u00f4znych hardv\u00e9rov\u00fdch konfigur\u00e1cii v z\u00e1vislosti od Va\u0161ich potrieb<\/li>\n<\/ul>\n<\/div>\n<div id=\"magicdomid63\">\n<ul>\n<li>rozhodnite, kto m\u00e1 ma\u0165 pr\u00edstup do Va\u0161ej datab\u00e1zy pomocou jednoduch\u00e9ho webov\u00e9ho firewall rozhrania<\/li>\n<\/ul>\n<\/div>\n<p><strong>Zabezpe\u010denie a dostupnos\u0165\u00a0<\/strong><\/p>\n<div id=\"magicdomid68\">\n<ul>\n<li>prisp\u00f4sobte sa Va\u0161im z\u00e1kazn\u00edkom a prev\u00e1dzkujte svoje slu\u017eby vo viacer\u00fdch nez\u00e1visl\u00fdch americk\u00fdch alebo eur\u00f3pskych d\u00e1tov\u00fdch centr\u00e1ch a bu\u010fte chr\u00e1nen\u00ed vo\u010di ak\u00fdmko\u013evek v\u00fdpadkom, poruch\u00e1m alebo \u00fatokom na konkr\u00e9tne hostingov\u00e9 centrum<\/li>\n<\/ul>\n<\/div>\n<div id=\"magicdomid69\">\n<ul>\n<li>vytvor\u00edme V\u00e1m multiregion\u00e1lne clustrov\u00e9 rie\u0161enie, pri\u010dom va\u0161e cenn\u00e9 d\u00e1ta a aplik\u00e1cie s nutnou dostupnos\u0165ou vo\u010di z\u00e1kazn\u00edkovi bud\u00fa existova\u0165 naraz v r\u00f4znych \u010dastiach krajiny, kontinentu alebo sveta<\/li>\n<\/ul>\n<\/div>\n<div id=\"magicdomid70\">\n<ul>\n<li>oslovte z\u00e1kazn\u00edkov v inom regi\u00f3ne a spr\u00edstupnite svoje inform\u00e1cie s vysokou dostupnos\u0165ou a ve\u013emi n\u00edzkou odozvou<\/li>\n<\/ul>\n<\/div>\n<p><strong>Replik\u00e1cia a distrib\u00facia obsahu do cel\u00e9ho sveta\u00a0<\/strong><\/p>\n<div id=\"magicdomid75\">\n<ul>\n<li>zabezpe\u010duje distrib\u00faciu obsahu, ako je grafika, hudba, video streaming alebo ak\u00fdko\u013evek statick\u00fd obsah do cel\u00e9ho sveta z takzvan\u00fdch okrajov\u00fdch uzlov<\/li>\n<\/ul>\n<\/div>\n<div id=\"magicdomid76\">\n<ul>\n<li>uzly s\u00fa umiestnen\u00e9 po celom svete (USA, Eur\u00f3pa, Japonsko, Hong Kong)<\/li>\n<\/ul>\n<\/div>\n<div id=\"magicdomid77\">\n<ul>\n<li>poskytuje ultrar\u00fdchle s\u0165ahovanie Va\u0161ich d\u00e1t a prehr\u00e1vanie video streamov s minim\u00e1lnou odozvou<\/li>\n<\/ul>\n<\/div>\n<div id=\"magicdomid78\">\n<ul>\n<li>v\u00fdrazne od\u013eah\u010duje va\u0161e vlastn\u00e9 servery<\/li>\n<\/ul>\n<\/div>\n<p><strong>Monitoring a dynamick\u00e9 \u0161k\u00e1lovanie<\/strong><\/p>\n<div id=\"magicdomid83\">\n<ul>\n<li>nasad\u00edme V\u00e1m syst\u00e9m inteligentn\u00fdch monitorov stavu va\u0161ej virtu\u00e1lnej infra\u0161trukt\u00fary, ktor\u00fd dok\u00e1\u017ee dynamicky reagova\u0165 na v\u00fdpadky, pre\u0165a\u017eenie po\u010d\u00edta\u010dov, ve\u013ek\u00fd n\u00e1rast pr\u00edstupov<\/li>\n<\/ul>\n<\/div>\n<div id=\"magicdomid84\">\n<ul>\n<li>m\u00e1te mo\u017enos\u0165 sledova\u0165 mno\u017estvo prenesen\u00fdch d\u00e1t, po\u010det HTTP spojen\u00ed, vy\u0165a\u017eenie CPU, vyu\u017eitie pam\u00e4\u0165e<\/li>\n<\/ul>\n<\/div>\n<div id=\"magicdomid85\">\n<ul>\n<li>v pr\u00edpade v\u00fdpadku jednej alebo viacer\u00fdch va\u0161ich serverov, neo\u010dak\u00e1van\u00e9ho n\u00e1rastu spojen\u00ed alebo vy\u0165a\u017eenia CPU m\u00e1te mo\u017enost automaticky zadefinovat spustenie \u010fal\u0161\u00edch serverov, ktor\u00e9 hne\u010f po spusten\u00ed pom\u00f4\u017eu vyrovna\u0165 v\u00fdkyvy a spracova\u0165 nav\u00fd\u0161en\u00fa z\u00e1\u0165a\u017e od klientov<\/li>\n<\/ul>\n<\/div>\n<div id=\"magicdomid86\">\n<ul>\n<li>nastavte si minim\u00e1lny a maxim\u00e1lny po\u010det serverov, ktor\u00e9 bud\u00fa be\u017ea\u0165 pre dan\u00fa \u00falohu, v pr\u00edpade, \u017ee s\u00fa nevyu\u017eit\u00e9, tak dok\u00e1\u017eu by\u0165 automaticky vypnut\u00e9 a t\u00fdm p\u00e1dom za ne zbyto\u010dne neplat\u00edte<\/li>\n<\/ul>\n<\/div>\n","protected":false},"excerpt":{"rendered":"<p>S pr\u00edchodom webov\u00fdch slu\u017eieb sa pri n\u00e1vrhu a realiz\u00e1ci\u00ed IT projektov naskytuj\u00fa mo\u017enosti, ktor\u00e9 boli e\u0161te doned\u00e1vna dostupn\u00e9 bu\u010f len ve\u013ek\u00fdm spolo\u010dnostiam alebo boli ve\u013emi n\u00e1kladn\u00e9 ako napr\u00edklad: mo\u017enos\u0165 kompletn\u00e9ho delegovania \u00fadr\u017eby zlo\u017eitej siete, serverov, ich opera\u010dn\u00fdch syst\u00e9mov ako aj z\u00e1lohovania na tretiu stranu mo\u017enos\u0165 dynamicky a flexibilne reagova\u0165 na ak\u00fako\u013evek zv\u00fd\u0161en\u00fa z\u00e1\u0165a\u017e (napr\u00edklad vy\u0161\u0161ia [&hellip;]<\/p>\n","protected":false},"author":2,"featured_media":0,"parent":424,"menu_order":2,"comment_status":"closed","ping_status":"closed","template":"services_detail.php","meta":{"inline_featured_image":false,"_monsterinsights_skip_tracking":false,"_monsterinsights_sitenote_active":false,"_monsterinsights_sitenote_note":"","_monsterinsights_sitenote_category":0,"footnotes":""},"class_list":["post-436","page","type-page","status-publish","hentry"],"yoast_head":"<!-- This site is optimized with the Yoast SEO plugin v27.4 - https:\/\/yoast.com\/product\/yoast-seo-wordpress\/ -->\n<title>Cloud Computing rie\u0161enia - Nethemba - Virtualiz\u00e1cia<\/title>\n<meta name=\"description\" content=\"Pon\u00fakame slu\u017ebu &quot;Cloud Computing&quot; - prostriedky ako s\u00fa v\u00fdpo\u010dtov\u00fd v\u00fdkon serverov, \u00falo\u017en\u00fd priestor, software, V\u00e1m dok\u00e1\u017eu by\u0165 teraz poskytnut\u00e9 ako slu\u017eba. Nemus\u00edte zabezpe\u010dova\u0165 jeho klimatiz\u00e1ciu ani ochranu a bezpe\u010dnos\u0165 jeho prev\u00e1dzky. Pr\u00e1ca so v\u0161etk\u00fdmi &quot;Cloud Computing&quot; slu\u017ebami je jednoduch\u00e1 cez webov\u00e9 slu\u017eby, dostupn\u00e1 z r\u00f4znych programovac\u00edch jazykov (PHP, Java, C#, VB.NET, Ruby, Perl ), ako aj cez pohodln\u00e9 a preh\u013eadn\u00e9 pou\u017e\u00edvate\u013esk\u00e9 web rozhranie.\" \/>\n<meta name=\"robots\" content=\"index, follow, max-snippet:-1, max-image-preview:large, max-video-preview:-1\" \/>\n<link rel=\"canonical\" href=\"https:\/\/nethemba.com\/sk\/sluzby\/it-bezpecnostne-riesenia\/cloud-computing-riesenia\/\" \/>\n<meta property=\"og:locale\" content=\"sk_SK\" \/>\n<meta property=\"og:type\" content=\"article\" \/>\n<meta property=\"og:title\" content=\"Cloud Computing rie\u0161enia - Nethemba - Virtualiz\u00e1cia\" \/>\n<meta property=\"og:description\" content=\"Pon\u00fakame slu\u017ebu &quot;Cloud Computing&quot; - prostriedky ako s\u00fa v\u00fdpo\u010dtov\u00fd v\u00fdkon serverov, \u00falo\u017en\u00fd priestor, software, V\u00e1m dok\u00e1\u017eu by\u0165 teraz poskytnut\u00e9 ako slu\u017eba. Nemus\u00edte zabezpe\u010dova\u0165 jeho klimatiz\u00e1ciu ani ochranu a bezpe\u010dnos\u0165 jeho prev\u00e1dzky. Pr\u00e1ca so v\u0161etk\u00fdmi &quot;Cloud Computing&quot; slu\u017ebami je jednoduch\u00e1 cez webov\u00e9 slu\u017eby, dostupn\u00e1 z r\u00f4znych programovac\u00edch jazykov (PHP, Java, C#, VB.NET, Ruby, Perl ), ako aj cez pohodln\u00e9 a preh\u013eadn\u00e9 pou\u017e\u00edvate\u013esk\u00e9 web rozhranie.\" \/>\n<meta property=\"og:url\" content=\"https:\/\/nethemba.com\/sk\/sluzby\/it-bezpecnostne-riesenia\/cloud-computing-riesenia\/\" \/>\n<meta property=\"og:site_name\" content=\"Nethemba\" \/>\n<meta property=\"article:publisher\" content=\"https:\/\/www.facebook.com\/nethemba\" \/>\n<meta property=\"article:modified_time\" content=\"2019-07-24T11:40:18+00:00\" \/>\n<meta name=\"twitter:card\" content=\"summary_large_image\" \/>\n<meta name=\"twitter:site\" content=\"@nethemba\" \/>\n<meta name=\"twitter:label1\" content=\"Predpokladan\u00fd \u010das \u010d\u00edtania\" \/>\n\t<meta name=\"twitter:data1\" content=\"7 min\u00fat\" \/>\n<script type=\"application\/ld+json\" class=\"yoast-schema-graph\">{\"@context\":\"https:\\\/\\\/schema.org\",\"@graph\":[{\"@type\":\"WebPage\",\"@id\":\"https:\\\/\\\/nethemba.com\\\/sk\\\/sluzby\\\/it-bezpecnostne-riesenia\\\/cloud-computing-riesenia\\\/\",\"url\":\"https:\\\/\\\/nethemba.com\\\/sk\\\/sluzby\\\/it-bezpecnostne-riesenia\\\/cloud-computing-riesenia\\\/\",\"name\":\"Cloud Computing rie\u0161enia - Nethemba - Virtualiz\u00e1cia\",\"isPartOf\":{\"@id\":\"https:\\\/\\\/nethemba.com\\\/de\\\/#website\"},\"datePublished\":\"2015-11-08T20:54:34+00:00\",\"dateModified\":\"2019-07-24T11:40:18+00:00\",\"description\":\"Pon\u00fakame slu\u017ebu \\\"Cloud Computing\\\" - prostriedky ako s\u00fa v\u00fdpo\u010dtov\u00fd v\u00fdkon serverov, \u00falo\u017en\u00fd priestor, software, V\u00e1m dok\u00e1\u017eu by\u0165 teraz poskytnut\u00e9 ako slu\u017eba. Nemus\u00edte zabezpe\u010dova\u0165 jeho klimatiz\u00e1ciu ani ochranu a bezpe\u010dnos\u0165 jeho prev\u00e1dzky. Pr\u00e1ca so v\u0161etk\u00fdmi \\\"Cloud Computing\\\" slu\u017ebami je jednoduch\u00e1 cez webov\u00e9 slu\u017eby, dostupn\u00e1 z r\u00f4znych programovac\u00edch jazykov (PHP, Java, C#, VB.NET, Ruby, Perl ), ako aj cez pohodln\u00e9 a preh\u013eadn\u00e9 pou\u017e\u00edvate\u013esk\u00e9 web rozhranie.\",\"breadcrumb\":{\"@id\":\"https:\\\/\\\/nethemba.com\\\/sk\\\/sluzby\\\/it-bezpecnostne-riesenia\\\/cloud-computing-riesenia\\\/#breadcrumb\"},\"inLanguage\":\"sk-SK\",\"potentialAction\":[{\"@type\":\"ReadAction\",\"target\":[\"https:\\\/\\\/nethemba.com\\\/sk\\\/sluzby\\\/it-bezpecnostne-riesenia\\\/cloud-computing-riesenia\\\/\"]}]},{\"@type\":\"BreadcrumbList\",\"@id\":\"https:\\\/\\\/nethemba.com\\\/sk\\\/sluzby\\\/it-bezpecnostne-riesenia\\\/cloud-computing-riesenia\\\/#breadcrumb\",\"itemListElement\":[{\"@type\":\"ListItem\",\"position\":1,\"name\":\"Home\",\"item\":\"https:\\\/\\\/nethemba.com\\\/sk\\\/domov\\\/\"},{\"@type\":\"ListItem\",\"position\":2,\"name\":\"Slu\u017eby\",\"item\":\"https:\\\/\\\/nethemba.com\\\/sk\\\/sluzby\\\/\"},{\"@type\":\"ListItem\",\"position\":3,\"name\":\"IT bezpe\u010dnostn\u00e9 rie\u0161enia\",\"item\":\"https:\\\/\\\/nethemba.com\\\/sk\\\/sluzby\\\/it-bezpecnostne-riesenia\\\/\"},{\"@type\":\"ListItem\",\"position\":4,\"name\":\"Cloud Computing rie\u0161enia\"}]},{\"@type\":\"WebSite\",\"@id\":\"https:\\\/\\\/nethemba.com\\\/de\\\/#website\",\"url\":\"https:\\\/\\\/nethemba.com\\\/de\\\/\",\"name\":\"Nethemba\",\"description\":\"We care about your security\",\"potentialAction\":[{\"@type\":\"SearchAction\",\"target\":{\"@type\":\"EntryPoint\",\"urlTemplate\":\"https:\\\/\\\/nethemba.com\\\/de\\\/?s={search_term_string}\"},\"query-input\":{\"@type\":\"PropertyValueSpecification\",\"valueRequired\":true,\"valueName\":\"search_term_string\"}}],\"inLanguage\":\"sk-SK\"}]}<\/script>\n<!-- \/ Yoast SEO plugin. -->","yoast_head_json":{"title":"Cloud Computing rie\u0161enia - Nethemba - Virtualiz\u00e1cia","description":"Pon\u00fakame slu\u017ebu \"Cloud Computing\" - prostriedky ako s\u00fa v\u00fdpo\u010dtov\u00fd v\u00fdkon serverov, \u00falo\u017en\u00fd priestor, software, V\u00e1m dok\u00e1\u017eu by\u0165 teraz poskytnut\u00e9 ako slu\u017eba. Nemus\u00edte zabezpe\u010dova\u0165 jeho klimatiz\u00e1ciu ani ochranu a bezpe\u010dnos\u0165 jeho prev\u00e1dzky. Pr\u00e1ca so v\u0161etk\u00fdmi \"Cloud Computing\" slu\u017ebami je jednoduch\u00e1 cez webov\u00e9 slu\u017eby, dostupn\u00e1 z r\u00f4znych programovac\u00edch jazykov (PHP, Java, C#, VB.NET, Ruby, Perl ), ako aj cez pohodln\u00e9 a preh\u013eadn\u00e9 pou\u017e\u00edvate\u013esk\u00e9 web rozhranie.","robots":{"index":"index","follow":"follow","max-snippet":"max-snippet:-1","max-image-preview":"max-image-preview:large","max-video-preview":"max-video-preview:-1"},"canonical":"https:\/\/nethemba.com\/sk\/sluzby\/it-bezpecnostne-riesenia\/cloud-computing-riesenia\/","og_locale":"sk_SK","og_type":"article","og_title":"Cloud Computing rie\u0161enia - Nethemba - Virtualiz\u00e1cia","og_description":"Pon\u00fakame slu\u017ebu \"Cloud Computing\" - prostriedky ako s\u00fa v\u00fdpo\u010dtov\u00fd v\u00fdkon serverov, \u00falo\u017en\u00fd priestor, software, V\u00e1m dok\u00e1\u017eu by\u0165 teraz poskytnut\u00e9 ako slu\u017eba. Nemus\u00edte zabezpe\u010dova\u0165 jeho klimatiz\u00e1ciu ani ochranu a bezpe\u010dnos\u0165 jeho prev\u00e1dzky. Pr\u00e1ca so v\u0161etk\u00fdmi \"Cloud Computing\" slu\u017ebami je jednoduch\u00e1 cez webov\u00e9 slu\u017eby, dostupn\u00e1 z r\u00f4znych programovac\u00edch jazykov (PHP, Java, C#, VB.NET, Ruby, Perl ), ako aj cez pohodln\u00e9 a preh\u013eadn\u00e9 pou\u017e\u00edvate\u013esk\u00e9 web rozhranie.","og_url":"https:\/\/nethemba.com\/sk\/sluzby\/it-bezpecnostne-riesenia\/cloud-computing-riesenia\/","og_site_name":"Nethemba","article_publisher":"https:\/\/www.facebook.com\/nethemba","article_modified_time":"2019-07-24T11:40:18+00:00","twitter_card":"summary_large_image","twitter_site":"@nethemba","twitter_misc":{"Predpokladan\u00fd \u010das \u010d\u00edtania":"7 min\u00fat"},"schema":{"@context":"https:\/\/schema.org","@graph":[{"@type":"WebPage","@id":"https:\/\/nethemba.com\/sk\/sluzby\/it-bezpecnostne-riesenia\/cloud-computing-riesenia\/","url":"https:\/\/nethemba.com\/sk\/sluzby\/it-bezpecnostne-riesenia\/cloud-computing-riesenia\/","name":"Cloud Computing rie\u0161enia - Nethemba - Virtualiz\u00e1cia","isPartOf":{"@id":"https:\/\/nethemba.com\/de\/#website"},"datePublished":"2015-11-08T20:54:34+00:00","dateModified":"2019-07-24T11:40:18+00:00","description":"Pon\u00fakame slu\u017ebu \"Cloud Computing\" - prostriedky ako s\u00fa v\u00fdpo\u010dtov\u00fd v\u00fdkon serverov, \u00falo\u017en\u00fd priestor, software, V\u00e1m dok\u00e1\u017eu by\u0165 teraz poskytnut\u00e9 ako slu\u017eba. Nemus\u00edte zabezpe\u010dova\u0165 jeho klimatiz\u00e1ciu ani ochranu a bezpe\u010dnos\u0165 jeho prev\u00e1dzky. Pr\u00e1ca so v\u0161etk\u00fdmi \"Cloud Computing\" slu\u017ebami je jednoduch\u00e1 cez webov\u00e9 slu\u017eby, dostupn\u00e1 z r\u00f4znych programovac\u00edch jazykov (PHP, Java, C#, VB.NET, Ruby, Perl ), ako aj cez pohodln\u00e9 a preh\u013eadn\u00e9 pou\u017e\u00edvate\u013esk\u00e9 web rozhranie.","breadcrumb":{"@id":"https:\/\/nethemba.com\/sk\/sluzby\/it-bezpecnostne-riesenia\/cloud-computing-riesenia\/#breadcrumb"},"inLanguage":"sk-SK","potentialAction":[{"@type":"ReadAction","target":["https:\/\/nethemba.com\/sk\/sluzby\/it-bezpecnostne-riesenia\/cloud-computing-riesenia\/"]}]},{"@type":"BreadcrumbList","@id":"https:\/\/nethemba.com\/sk\/sluzby\/it-bezpecnostne-riesenia\/cloud-computing-riesenia\/#breadcrumb","itemListElement":[{"@type":"ListItem","position":1,"name":"Home","item":"https:\/\/nethemba.com\/sk\/domov\/"},{"@type":"ListItem","position":2,"name":"Slu\u017eby","item":"https:\/\/nethemba.com\/sk\/sluzby\/"},{"@type":"ListItem","position":3,"name":"IT bezpe\u010dnostn\u00e9 rie\u0161enia","item":"https:\/\/nethemba.com\/sk\/sluzby\/it-bezpecnostne-riesenia\/"},{"@type":"ListItem","position":4,"name":"Cloud Computing rie\u0161enia"}]},{"@type":"WebSite","@id":"https:\/\/nethemba.com\/de\/#website","url":"https:\/\/nethemba.com\/de\/","name":"Nethemba","description":"We care about your security","potentialAction":[{"@type":"SearchAction","target":{"@type":"EntryPoint","urlTemplate":"https:\/\/nethemba.com\/de\/?s={search_term_string}"},"query-input":{"@type":"PropertyValueSpecification","valueRequired":true,"valueName":"search_term_string"}}],"inLanguage":"sk-SK"}]}},"_links":{"self":[{"href":"https:\/\/nethemba.com\/sk\/wp-json\/wp\/v2\/pages\/436","targetHints":{"allow":["GET"]}}],"collection":[{"href":"https:\/\/nethemba.com\/sk\/wp-json\/wp\/v2\/pages"}],"about":[{"href":"https:\/\/nethemba.com\/sk\/wp-json\/wp\/v2\/types\/page"}],"author":[{"embeddable":true,"href":"https:\/\/nethemba.com\/sk\/wp-json\/wp\/v2\/users\/2"}],"replies":[{"embeddable":true,"href":"https:\/\/nethemba.com\/sk\/wp-json\/wp\/v2\/comments?post=436"}],"version-history":[{"count":0,"href":"https:\/\/nethemba.com\/sk\/wp-json\/wp\/v2\/pages\/436\/revisions"}],"up":[{"embeddable":true,"href":"https:\/\/nethemba.com\/sk\/wp-json\/wp\/v2\/pages\/424"}],"wp:attachment":[{"href":"https:\/\/nethemba.com\/sk\/wp-json\/wp\/v2\/media?parent=436"}],"curies":[{"name":"wp","href":"https:\/\/api.w.org\/{rel}","templated":true}]}}