{"id":442,"date":"2015-11-08T20:55:51","date_gmt":"2015-11-08T20:55:51","guid":{"rendered":"http:\/\/nethemba.com\/sk\/?page_id=442"},"modified":"2019-07-24T12:29:52","modified_gmt":"2019-07-24T11:29:52","slug":"linuxunix-clustre","status":"publish","type":"page","link":"https:\/\/nethemba.com\/sk\/sluzby\/it-bezpecnostne-riesenia\/linuxunix-clustre\/","title":{"rendered":"Linux\/UNIX clustre"},"content":{"rendered":"<p><strong>Antispamov\u00fd a antiv\u00edrov\u00fd po\u0161tov\u00fd cluster<\/strong><\/p>\n<p>Pon\u00fakame robustn\u00e9 po\u0161tov\u00e9 clustre zlo\u017een\u00e9 z dvoch navz\u00e1jom redundantn\u00fdch serverov:<\/p>\n<ul>\n<li>posledn\u00e1 stabiln\u00e1 Linuxov\u00e1 distrib\u00facia<\/li>\n<li>centr\u00e1lne LDAP \u00falo\u017eisko<\/li>\n<li>v\u00fdkonn\u00fd antiv\u00edrov\u00fd SW<\/li>\n<li>v\u00fdkonn\u00fd antispam<\/li>\n<li>redundancia (cluster je odoln\u00fd vo\u010di v\u00fdpadku \u013eubovo\u013en\u00e9ho servera)<\/li>\n<li>bezpe\u010dn\u00fd IMAPS\/POP3S<\/li>\n<li>pou\u017e\u00edvate\u013esky pr\u00edvetiv\u00e9 webov\u00e9 rozhranie (webmail)<\/li>\n<li>HW alebo SW zdie\u013ean\u00e9 diskov\u00e9 pole<\/li>\n<\/ul>\n<p><strong>Web cluster<\/strong><\/p>\n<p>Pon\u00fakame kompletne redundantn\u00e9 \u0161k\u00e1lovate\u013en\u00e9 web cluster rie\u0161enie umo\u017e\u0148uj\u00face maxim\u00e1lnu dostupnos\u0165 a rozde\u013eovanie z\u00e1\u0165a\u017ee postaven\u00e9 na 4-16 serveroch v z\u00e1vislosti od po\u017eiadaviek z\u00e1kazn\u00edka:<\/p>\n<ul>\n<li>posledn\u00e1 stabiln\u00e1 Linuxov\u00e1 distrib\u00facia<\/li>\n<li>rozde\u013eovanie webovej z\u00e1\u0165a\u017ee<\/li>\n<li>rozde\u013eovanie datab\u00e1zovej z\u00e1\u0165a\u017ee<\/li>\n<li>redundantn\u00e9 balancer servery<\/li>\n<li>MySQL\/PostgreSQL cluster<\/li>\n<li>HW alebo SW zdie\u013ean\u00e9 diskov\u00e9 pole<\/li>\n<\/ul>\n","protected":false},"excerpt":{"rendered":"<p>Antispamov\u00fd a antiv\u00edrov\u00fd po\u0161tov\u00fd cluster Pon\u00fakame robustn\u00e9 po\u0161tov\u00e9 clustre zlo\u017een\u00e9 z dvoch navz\u00e1jom redundantn\u00fdch serverov: posledn\u00e1 stabiln\u00e1 Linuxov\u00e1 distrib\u00facia centr\u00e1lne LDAP \u00falo\u017eisko v\u00fdkonn\u00fd antiv\u00edrov\u00fd SW v\u00fdkonn\u00fd antispam redundancia (cluster je odoln\u00fd vo\u010di v\u00fdpadku \u013eubovo\u013en\u00e9ho servera) bezpe\u010dn\u00fd IMAPS\/POP3S pou\u017e\u00edvate\u013esky pr\u00edvetiv\u00e9 webov\u00e9 rozhranie (webmail) HW alebo SW zdie\u013ean\u00e9 diskov\u00e9 pole Web cluster Pon\u00fakame kompletne redundantn\u00e9 \u0161k\u00e1lovate\u013en\u00e9 web [&hellip;]<\/p>\n","protected":false},"author":2,"featured_media":0,"parent":424,"menu_order":3,"comment_status":"closed","ping_status":"closed","template":"services_detail.php","meta":{"inline_featured_image":false,"_monsterinsights_skip_tracking":false,"_monsterinsights_sitenote_active":false,"_monsterinsights_sitenote_note":"","_monsterinsights_sitenote_category":0,"footnotes":""},"class_list":["post-442","page","type-page","status-publish","hentry"],"yoast_head":"<!-- This site is optimized with the Yoast SEO plugin v27.5 - https:\/\/yoast.com\/product\/yoast-seo-wordpress\/ -->\n<title>Linux\/UNIX clustre - Nethemba<\/title>\n<meta name=\"description\" content=\"Kompletne redundantn\u00e9 \u0161k\u00e1lovate\u013en\u00e9 web cluster rie\u0161enie umo\u017e\u0148uj\u00face maxim\u00e1lnu dostupnos\u0165 a rozde\u013eovanie z\u00e1\u0165a\u017ee postaven\u00e9 na 4-16 serveroch. Linux clustre.\" \/>\n<meta name=\"robots\" content=\"index, follow, max-snippet:-1, max-image-preview:large, max-video-preview:-1\" \/>\n<link rel=\"canonical\" href=\"https:\/\/nethemba.com\/sk\/sluzby\/it-bezpecnostne-riesenia\/linuxunix-clustre\/\" \/>\n<meta property=\"og:locale\" content=\"sk_SK\" \/>\n<meta property=\"og:type\" content=\"article\" \/>\n<meta property=\"og:title\" content=\"Linux\/UNIX clustre - Nethemba\" \/>\n<meta property=\"og:description\" content=\"Kompletne redundantn\u00e9 \u0161k\u00e1lovate\u013en\u00e9 web cluster rie\u0161enie umo\u017e\u0148uj\u00face maxim\u00e1lnu dostupnos\u0165 a rozde\u013eovanie z\u00e1\u0165a\u017ee postaven\u00e9 na 4-16 serveroch. Linux clustre.\" \/>\n<meta property=\"og:url\" content=\"https:\/\/nethemba.com\/sk\/sluzby\/it-bezpecnostne-riesenia\/linuxunix-clustre\/\" \/>\n<meta property=\"og:site_name\" content=\"Nethemba\" \/>\n<meta property=\"article:publisher\" content=\"https:\/\/www.facebook.com\/nethemba\" \/>\n<meta property=\"article:modified_time\" content=\"2019-07-24T11:29:52+00:00\" \/>\n<meta name=\"twitter:card\" content=\"summary_large_image\" \/>\n<meta name=\"twitter:site\" content=\"@nethemba\" \/>\n<meta name=\"twitter:label1\" content=\"Predpokladan\u00fd \u010das \u010d\u00edtania\" \/>\n\t<meta name=\"twitter:data1\" content=\"1 min\u00fata\" \/>\n<script type=\"application\/ld+json\" class=\"yoast-schema-graph\">{\"@context\":\"https:\\\/\\\/schema.org\",\"@graph\":[{\"@type\":\"WebPage\",\"@id\":\"https:\\\/\\\/nethemba.com\\\/sk\\\/sluzby\\\/it-bezpecnostne-riesenia\\\/linuxunix-clustre\\\/\",\"url\":\"https:\\\/\\\/nethemba.com\\\/sk\\\/sluzby\\\/it-bezpecnostne-riesenia\\\/linuxunix-clustre\\\/\",\"name\":\"Linux\\\/UNIX clustre - Nethemba\",\"isPartOf\":{\"@id\":\"https:\\\/\\\/nethemba.com\\\/de\\\/#website\"},\"datePublished\":\"2015-11-08T20:55:51+00:00\",\"dateModified\":\"2019-07-24T11:29:52+00:00\",\"description\":\"Kompletne redundantn\u00e9 \u0161k\u00e1lovate\u013en\u00e9 web cluster rie\u0161enie umo\u017e\u0148uj\u00face maxim\u00e1lnu dostupnos\u0165 a rozde\u013eovanie z\u00e1\u0165a\u017ee postaven\u00e9 na 4-16 serveroch. Linux clustre.\",\"breadcrumb\":{\"@id\":\"https:\\\/\\\/nethemba.com\\\/sk\\\/sluzby\\\/it-bezpecnostne-riesenia\\\/linuxunix-clustre\\\/#breadcrumb\"},\"inLanguage\":\"sk-SK\",\"potentialAction\":[{\"@type\":\"ReadAction\",\"target\":[\"https:\\\/\\\/nethemba.com\\\/sk\\\/sluzby\\\/it-bezpecnostne-riesenia\\\/linuxunix-clustre\\\/\"]}]},{\"@type\":\"BreadcrumbList\",\"@id\":\"https:\\\/\\\/nethemba.com\\\/sk\\\/sluzby\\\/it-bezpecnostne-riesenia\\\/linuxunix-clustre\\\/#breadcrumb\",\"itemListElement\":[{\"@type\":\"ListItem\",\"position\":1,\"name\":\"Home\",\"item\":\"https:\\\/\\\/nethemba.com\\\/sk\\\/domov\\\/\"},{\"@type\":\"ListItem\",\"position\":2,\"name\":\"Slu\u017eby\",\"item\":\"https:\\\/\\\/nethemba.com\\\/sk\\\/sluzby\\\/\"},{\"@type\":\"ListItem\",\"position\":3,\"name\":\"IT bezpe\u010dnostn\u00e9 rie\u0161enia\",\"item\":\"https:\\\/\\\/nethemba.com\\\/sk\\\/sluzby\\\/it-bezpecnostne-riesenia\\\/\"},{\"@type\":\"ListItem\",\"position\":4,\"name\":\"Linux\\\/UNIX clustre\"}]},{\"@type\":\"WebSite\",\"@id\":\"https:\\\/\\\/nethemba.com\\\/de\\\/#website\",\"url\":\"https:\\\/\\\/nethemba.com\\\/de\\\/\",\"name\":\"Nethemba\",\"description\":\"We care about your security\",\"potentialAction\":[{\"@type\":\"SearchAction\",\"target\":{\"@type\":\"EntryPoint\",\"urlTemplate\":\"https:\\\/\\\/nethemba.com\\\/de\\\/?s={search_term_string}\"},\"query-input\":{\"@type\":\"PropertyValueSpecification\",\"valueRequired\":true,\"valueName\":\"search_term_string\"}}],\"inLanguage\":\"sk-SK\"}]}<\/script>\n<!-- \/ Yoast SEO plugin. -->","yoast_head_json":{"title":"Linux\/UNIX clustre - Nethemba","description":"Kompletne redundantn\u00e9 \u0161k\u00e1lovate\u013en\u00e9 web cluster rie\u0161enie umo\u017e\u0148uj\u00face maxim\u00e1lnu dostupnos\u0165 a rozde\u013eovanie z\u00e1\u0165a\u017ee postaven\u00e9 na 4-16 serveroch. Linux clustre.","robots":{"index":"index","follow":"follow","max-snippet":"max-snippet:-1","max-image-preview":"max-image-preview:large","max-video-preview":"max-video-preview:-1"},"canonical":"https:\/\/nethemba.com\/sk\/sluzby\/it-bezpecnostne-riesenia\/linuxunix-clustre\/","og_locale":"sk_SK","og_type":"article","og_title":"Linux\/UNIX clustre - Nethemba","og_description":"Kompletne redundantn\u00e9 \u0161k\u00e1lovate\u013en\u00e9 web cluster rie\u0161enie umo\u017e\u0148uj\u00face maxim\u00e1lnu dostupnos\u0165 a rozde\u013eovanie z\u00e1\u0165a\u017ee postaven\u00e9 na 4-16 serveroch. Linux clustre.","og_url":"https:\/\/nethemba.com\/sk\/sluzby\/it-bezpecnostne-riesenia\/linuxunix-clustre\/","og_site_name":"Nethemba","article_publisher":"https:\/\/www.facebook.com\/nethemba","article_modified_time":"2019-07-24T11:29:52+00:00","twitter_card":"summary_large_image","twitter_site":"@nethemba","twitter_misc":{"Predpokladan\u00fd \u010das \u010d\u00edtania":"1 min\u00fata"},"schema":{"@context":"https:\/\/schema.org","@graph":[{"@type":"WebPage","@id":"https:\/\/nethemba.com\/sk\/sluzby\/it-bezpecnostne-riesenia\/linuxunix-clustre\/","url":"https:\/\/nethemba.com\/sk\/sluzby\/it-bezpecnostne-riesenia\/linuxunix-clustre\/","name":"Linux\/UNIX clustre - Nethemba","isPartOf":{"@id":"https:\/\/nethemba.com\/de\/#website"},"datePublished":"2015-11-08T20:55:51+00:00","dateModified":"2019-07-24T11:29:52+00:00","description":"Kompletne redundantn\u00e9 \u0161k\u00e1lovate\u013en\u00e9 web cluster rie\u0161enie umo\u017e\u0148uj\u00face maxim\u00e1lnu dostupnos\u0165 a rozde\u013eovanie z\u00e1\u0165a\u017ee postaven\u00e9 na 4-16 serveroch. Linux clustre.","breadcrumb":{"@id":"https:\/\/nethemba.com\/sk\/sluzby\/it-bezpecnostne-riesenia\/linuxunix-clustre\/#breadcrumb"},"inLanguage":"sk-SK","potentialAction":[{"@type":"ReadAction","target":["https:\/\/nethemba.com\/sk\/sluzby\/it-bezpecnostne-riesenia\/linuxunix-clustre\/"]}]},{"@type":"BreadcrumbList","@id":"https:\/\/nethemba.com\/sk\/sluzby\/it-bezpecnostne-riesenia\/linuxunix-clustre\/#breadcrumb","itemListElement":[{"@type":"ListItem","position":1,"name":"Home","item":"https:\/\/nethemba.com\/sk\/domov\/"},{"@type":"ListItem","position":2,"name":"Slu\u017eby","item":"https:\/\/nethemba.com\/sk\/sluzby\/"},{"@type":"ListItem","position":3,"name":"IT bezpe\u010dnostn\u00e9 rie\u0161enia","item":"https:\/\/nethemba.com\/sk\/sluzby\/it-bezpecnostne-riesenia\/"},{"@type":"ListItem","position":4,"name":"Linux\/UNIX clustre"}]},{"@type":"WebSite","@id":"https:\/\/nethemba.com\/de\/#website","url":"https:\/\/nethemba.com\/de\/","name":"Nethemba","description":"We care about your security","potentialAction":[{"@type":"SearchAction","target":{"@type":"EntryPoint","urlTemplate":"https:\/\/nethemba.com\/de\/?s={search_term_string}"},"query-input":{"@type":"PropertyValueSpecification","valueRequired":true,"valueName":"search_term_string"}}],"inLanguage":"sk-SK"}]}},"_links":{"self":[{"href":"https:\/\/nethemba.com\/sk\/wp-json\/wp\/v2\/pages\/442","targetHints":{"allow":["GET"]}}],"collection":[{"href":"https:\/\/nethemba.com\/sk\/wp-json\/wp\/v2\/pages"}],"about":[{"href":"https:\/\/nethemba.com\/sk\/wp-json\/wp\/v2\/types\/page"}],"author":[{"embeddable":true,"href":"https:\/\/nethemba.com\/sk\/wp-json\/wp\/v2\/users\/2"}],"replies":[{"embeddable":true,"href":"https:\/\/nethemba.com\/sk\/wp-json\/wp\/v2\/comments?post=442"}],"version-history":[{"count":0,"href":"https:\/\/nethemba.com\/sk\/wp-json\/wp\/v2\/pages\/442\/revisions"}],"up":[{"embeddable":true,"href":"https:\/\/nethemba.com\/sk\/wp-json\/wp\/v2\/pages\/424"}],"wp:attachment":[{"href":"https:\/\/nethemba.com\/sk\/wp-json\/wp\/v2\/media?parent=442"}],"curies":[{"name":"wp","href":"https:\/\/api.w.org\/{rel}","templated":true}]}}