{"id":468,"date":"2015-11-08T21:02:14","date_gmt":"2015-11-08T21:02:14","guid":{"rendered":"http:\/\/nethemba.com\/sk\/?page_id=468"},"modified":"2019-07-24T12:21:32","modified_gmt":"2019-07-24T11:21:32","slug":"socialne-inzinierstvo","status":"publish","type":"page","link":"https:\/\/nethemba.com\/sk\/sluzby\/it-bezpecnostne-sluzby\/socialne-inzinierstvo\/","title":{"rendered":"Soci\u00e1lne in\u017einierstvo"},"content":{"rendered":"<p>Soci\u00e1lne in\u017einierstvo predstavuje netechnick\u00fa formu prelomenia bezpe\u010dnostn\u00fdch postupov a opatren\u00ed, nako\u013eko ide o \u00fatok zalo\u017een\u00fd na schopnosti ovplyv\u0148ovania a manipul\u00e1cie \u013eud\u00ed. Soci\u00e1lne in\u017einierstvo \u0165a\u017e\u00ed z potenci\u00e1lneho zlyhania \u013eudsk\u00e9ho faktora, ktor\u00fd je neoddelite\u013enou s\u00fa\u010das\u0165ou informa\u010dnej bezpe\u010dnosti a hlavn\u00fdm cie\u013eom \u00fato\u010dn\u00edka je naru\u0161i\u0165 vn\u00fatorn\u00e9 prostredie organiz\u00e1cie alebo z\u00edska\u0165 citliv\u00e9 a d\u00f4vern\u00e9 inform\u00e1cie s vyu\u017eit\u00edm r\u00f4znych psychologick\u00fdch hier, manipul\u00e1cie \u010di dokonca vyhr\u00e1\u017eok.<\/p>\n<p><strong>Potrebujete soci\u00e1lne in\u017einierstvo?<\/strong><br \/>\nMotiv\u00e1cia soci\u00e1lneho in\u017einiera k uskuto\u010dneniu \u00fatoku soci\u00e1lnym in\u017einierstvom m\u00f4\u017ee by\u0165 r\u00f4zna a predmetom motiv\u00e1cie m\u00f4\u017ee by\u0165 napr\u00edklad finan\u010dn\u00fd zisk, osobn\u00e9 z\u00e1ujmy \u010di \u00famyseln\u00e9 po\u0161kodenie. Nako\u013eko soci\u00e1lny in\u017einier vyu\u017e\u00edva prirodzen\u00fa tendenciu jednotlivca uveri\u0165, by\u0165 \u00fastretov\u00fd a altruistick\u00fd, m\u00f4\u017ee by\u0165 tak\u00fdto \u00fatok realizovan\u00fd aj \u00fato\u010dn\u00edkom, ktor\u00fd nedisponuje hlbok\u00fdmi technick\u00fdmi znalos\u0165ami.<\/p>\n<p>Z tohto d\u00f4vodu je potrebn\u00e9 pri zvy\u0161ovan\u00ed bezpe\u010dnosti organiz\u00e1cie realizova\u0165 aj testovanie soci\u00e1lnym in\u017einierstvom s\u00fabe\u017ene s testovan\u00edm IT infra\u0161trukt\u00fary a webov\u00fdch aplik\u00e1ci\u00ed, nako\u013eko tak\u00fdto test dok\u00e1\u017ee odhali\u0165 bezpe\u010dnostn\u00e9 slabiny v zabezpe\u010den\u00ed, ktor\u00e9 by testovanie IT infra\u0161trukt\u00fary a webov\u00fdch aplik\u00e1ci\u00ed neodhalilo.<\/p>\n<p><strong>Priebeh testu soci\u00e1lneho in\u017einierstva<\/strong><br \/>\nMinim\u00e1lna d\u013a\u017eka testu soci\u00e1lnym in\u017einierstvom je 5 dn\u00ed, pri\u010dom \u010das na realiz\u00e1ciu testu v\u017edy z\u00e1vis\u00ed od mno\u017estva realizovan\u00fdch sp\u00f4sobov a techn\u00edk \u00fatokov.<\/p>\n<table style=\"height: 385px;\" width=\"814\" cellspacing=\"0\" cellpadding=\"4\">\n<colgroup>\n<col width=\"64*\" \/>\n<col width=\"64*\" \/>\n<col width=\"64*\" \/>\n<col width=\"64*\" \/><\/colgroup>\n<tbody>\n<tr valign=\"TOP\">\n<td width=\"25%\">D\u013a\u017eka testu<\/td>\n<td width=\"25%\">5 dn\u00ed<\/td>\n<td width=\"25%\">6-7 dn\u00ed<\/td>\n<td width=\"25%\">8-10 dn\u00ed<\/td>\n<\/tr>\n<tr valign=\"TOP\">\n<td width=\"25%\">Realizovan\u00e9 techniky<\/td>\n<td width=\"25%\">\n<ul>\n<li>Pas\u00edvne soci\u00e1lne in\u017einierstvo<\/li>\n<li>Simul\u00e1cia phishingu<\/li>\n<\/ul>\n<\/td>\n<td width=\"25%\">\n<ul>\n<li>Pas\u00edvne soci\u00e1lne in\u017einierstvo<\/li>\n<li>Simul\u00e1cia phishingu<\/li>\n<li>Z\u00edskanie citliv\u00fdch a d\u00f4vern\u00fdch inform\u00e1ci\u00ed<\/li>\n<\/ul>\n<\/td>\n<td width=\"25%\">\n<ul>\n<li>Pas\u00edvne soci\u00e1lne in\u017einierstvo<\/li>\n<li>Simul\u00e1cia phishingu<\/li>\n<li>Z\u00edskanie citliv\u00fdch a d\u00f4vern\u00fdch inform\u00e1ci\u00ed<\/li>\n<li>Akt\u00edvne soci\u00e1lne in\u017einierstvo<\/li>\n<\/ul>\n<\/td>\n<\/tr>\n<tr valign=\"TOP\">\n<td width=\"25%\">Mana\u017e\u00e9rske zhrnutie<\/td>\n<td width=\"25%\">\u00c1no<\/td>\n<td width=\"25%\">\u00c1no<\/td>\n<td width=\"25%\">\u00c1no<\/td>\n<\/tr>\n<\/tbody>\n<\/table>\n<p>Po\u010das testovania pou\u017e\u00edvame r\u00f4zne sociotechnick\u00e9 triky, napr\u00edklad spoofing emailov\u00fdch spr\u00e1v, Caller-ID \u010di Sender-ID pri SMS spr\u00e1vach a telef\u00f3nnych hovoroch, zneu\u017eitie identity zamestnanca testovanej organiz\u00e1cie, vyd\u00e1vanie sa za nov\u00e9ho zamestnanca alebo \u010fal\u0161ie psychologick\u00e9 met\u00f3dy \u2013 ako prosba o pomoc, vyhr\u00e1\u017eanie sa \u010di n\u00e1tlak. Testy soci\u00e1lneho in\u017einierstva je mo\u017en\u00e9 vykona\u0165 nasleduj\u00facimi sp\u00f4sobmi a technikami alebo ich vz\u00e1jomnou kombin\u00e1ciou a dop\u013a\u0148a\u0165, nako\u013eko znalos\u0165 inform\u00e1ci\u00ed je pridanou hodnotou a zvy\u0161uje d\u00f4veryhodnos\u0165 u testovan\u00fdch zamestnancov pri realiz\u00e1cii \u00fatokov soci\u00e1lnym in\u017einierstvom.<\/p>\n<p><strong>V\u00fdstup a vyhodnotenie<\/strong><br \/>\nV\u0161etky odhalen\u00e9 bezpe\u010dnostn\u00e9 incidenty, zlyhania bezpe\u010dn\u00e9ho spr\u00e1vania sa a z\u00edskan\u00e9 citliv\u00e9 inform\u00e1cie s\u00fa zaznamenan\u00e9 a vo v\u00fdslednej spr\u00e1ve detailne pop\u00edsan\u00e9.<\/p>\n<p><strong>Popis techn\u00edk vyu\u017e\u00edvan\u00fdch po\u010das testovania<\/strong><\/p>\n<p><b>Pas\u00edvne soci\u00e1lne in\u017einierstvo<\/b> predstavuje zhroma\u017e\u010fovanie a presk\u00famanie inform\u00e1ci\u00ed, konkr\u00e9tne ide o techniky:<\/p>\n<ul>\n<li>preverenie verejne dostupn\u00fdch inform\u00e1ci\u00ed o testovanej organiz\u00e1cii<\/li>\n<li>preh\u013ead\u00e1vanie a z\u00edskavanie inform\u00e1ci\u00ed \u010di \u00fadajov z n\u00e1jden\u00fdch zranite\u013enost\u00ed pri predo\u0161lom penetra\u010dnom testovan\u00ed napr\u00edklad IT infra\u0161trukt\u00fary \u2013 z\u00edskanie pr\u00edstupu k emailov\u00fdm \u00fa\u010dtom<\/li>\n<\/ul>\n<p><b>Cie\u013e:<\/b> Z\u00edska\u0165 inform\u00e1cie, ktor\u00fdch znalos\u0165 m\u00f4\u017ee napom\u00f4c\u0165 pri realiz\u00e1cii sofistikovanej\u0161\u00edch \u00fatokov zalo\u017een\u00e9 na soci\u00e1lnom in\u017einierstve.<\/p>\n<p><b>Simul\u00e1cia phishingu<\/b>, ktor\u00e1 je zameran\u00e1 na vybran\u00fa alebo n\u00e1hodn\u00fa skupinu zamestnancov a tejto skupine je zaslan\u00e1 \u0161peci\u00e1lne skon\u0161truovan\u00e1 emailov\u00e1 spr\u00e1va.<\/p>\n<p><b>Cie\u013e:<\/b> Prostredn\u00edctvom phishingu navies\u0165 zamestnancov na kliknutie na podvrhnut\u00fd odkaz pomocou ktor\u00e9ho je mo\u017en\u00e9 zanies\u0165 do PC \u0161peci\u00e1lne vytvoren\u00fd malware a z\u00edska\u0165 kontrolu nad t\u00fdmto PC, alebo navies\u0165 zamestnancov na podvrhnut\u00fa dom\u00e9nu a z\u00edska\u0165 od zamestnancov citliv\u00e9 inform\u00e1cie.<\/p>\n<p><b>Z\u00edskanie citliv\u00fdch a d\u00f4vern\u00fdch inform\u00e1ci\u00ed<\/b> je realizovan\u00e9 pomocou t\u00fdchto techn\u00edk:<\/p>\n<ul>\n<li>telefonick\u00e9 kontaktovanie, alebo formou SMS, vybran\u00fdch alebo n\u00e1hodn\u00fdch zamestnancov testovanej organiz\u00e1cie, je mo\u017en\u00e9 vyu\u017e\u00edt podvrhnut\u00fa Caller ID identitu<\/li>\n<li>kontaktovanie prostredn\u00edctvom soci\u00e1lnych siet\u00ed, IM alebo VoIP komunik\u00e1cie vybran\u00fdch alebo n\u00e1hodn\u00fdch zamestnancov testovanej organiz\u00e1cie<\/li>\n<\/ul>\n<p><b>Cie\u013e:<\/b> Z\u00edska\u0165 citliv\u00e9 inform\u00e1cie, ktor\u00e9 mo\u017eno zneu\u017ei\u0165 (napr\u00edklad z\u00edska\u0165 znalos\u0165 o\u00a0zamestnaneckej hierarchii, infra\u0161trukt\u00fare a pou\u017e\u00edvan\u00fdch softv\u00e9rov\u00fdch met\u00f3dach, zabezpe\u010den\u00ed technickej podpory alebo z\u00edska\u0165 pr\u00edstupov\u00e9 hesl\u00e1 do emailov\u00fdch schr\u00e1nok). \u010ealej taktie\u017e \u010do najpresved\u010divej\u0161ie ovplyvni\u0165 rozhodnutie zamestnanca v prospech \u00faspe\u0161nosti testu (ak\u00e9ko\u013evek zlyhanie bezpe\u010dn\u00e9ho spr\u00e1vania sa).<\/p>\n<p><b>Akt\u00edvne soci\u00e1lne in\u017einierstvo<\/b>, v r\u00e1mci ktor\u00e9ho sa realizuje:<\/p>\n<ul>\n<li>fyzick\u00fd prienik do priestorov organiz\u00e1cie pri ktorej prich\u00e1dza ku kontaktu so zamestnancami testovanej organiz\u00e1cie<\/li>\n<li>test s prenosn\u00fdmi m\u00e9diami, kde je zamestnancom podvrhnut\u00e9 elektronick\u00e9 prenosn\u00e9 m\u00e9dium \u2013 USB k\u013e\u00fa\u010d alebo optick\u00fd disk<\/li>\n<li>preh\u013ead\u00e1vanie odpadkov (dumpster diving \/ dumpster diving)<\/li>\n<\/ul>\n<p><b>Cie\u013e:<\/b> Z\u00edska\u0165 pr\u00edstup a kontrolu nad PC prostredn\u00edctvom infikovan\u00e9ho malware, pri pohybe po budove z\u00edska\u0165 citliv\u00e9 a d\u00f4vern\u00e9 inform\u00e1cie, ktor\u00e9 m\u00f4\u017eu by\u0165 polo\u017een\u00e9\/umiestnen\u00e9 v r\u00f4znych miestach budovy (na stole, v ko\u0161i, at\u010f.) alebo z\u00edska\u0165 pr\u00edstup do intranetu pomocou akt\u00edvneho prvku umiestnen\u00e9ho v sieti.<\/p>\n","protected":false},"excerpt":{"rendered":"<p>Soci\u00e1lne in\u017einierstvo predstavuje netechnick\u00fa formu prelomenia bezpe\u010dnostn\u00fdch postupov a opatren\u00ed, nako\u013eko ide o \u00fatok zalo\u017een\u00fd na schopnosti ovplyv\u0148ovania a manipul\u00e1cie \u013eud\u00ed. Soci\u00e1lne in\u017einierstvo \u0165a\u017e\u00ed z potenci\u00e1lneho zlyhania \u013eudsk\u00e9ho faktora, ktor\u00fd je neoddelite\u013enou s\u00fa\u010das\u0165ou informa\u010dnej bezpe\u010dnosti a hlavn\u00fdm cie\u013eom \u00fato\u010dn\u00edka je naru\u0161i\u0165 vn\u00fatorn\u00e9 prostredie organiz\u00e1cie alebo z\u00edska\u0165 citliv\u00e9 a d\u00f4vern\u00e9 inform\u00e1cie s vyu\u017eit\u00edm r\u00f4znych psychologick\u00fdch hier, [&hellip;]<\/p>\n","protected":false},"author":2,"featured_media":0,"parent":462,"menu_order":1,"comment_status":"closed","ping_status":"closed","template":"","meta":{"inline_featured_image":false,"_monsterinsights_skip_tracking":false,"_monsterinsights_sitenote_active":false,"_monsterinsights_sitenote_note":"","_monsterinsights_sitenote_category":0,"footnotes":""},"class_list":["post-468","page","type-page","status-publish","hentry"],"yoast_head":"<!-- This site is optimized with the Yoast SEO plugin v27.4 - https:\/\/yoast.com\/product\/yoast-seo-wordpress\/ -->\n<title>Soci\u00e1lne in\u017einierstvo - Nethemba<\/title>\n<meta name=\"description\" content=\"soci\u00e1lne in\u017einierstvo - z\u00edska\u0165 znalos\u0165 o\u00a0zamestnaneckej hierarchii, infra\u0161trukt\u00fare a pou\u017e\u00edvanom softv\u00e9ri \u010di z\u00edska\u0165 pr\u00edstupov\u00e9 hesl\u00e1 do emailov\u00fdch schr\u00e1nok.\" \/>\n<meta name=\"robots\" content=\"index, follow, max-snippet:-1, max-image-preview:large, max-video-preview:-1\" \/>\n<link rel=\"canonical\" href=\"https:\/\/nethemba.com\/sk\/sluzby\/it-bezpecnostne-sluzby\/socialne-inzinierstvo\/\" \/>\n<meta property=\"og:locale\" content=\"sk_SK\" \/>\n<meta property=\"og:type\" content=\"article\" \/>\n<meta property=\"og:title\" content=\"Soci\u00e1lne in\u017einierstvo - Nethemba\" \/>\n<meta property=\"og:description\" content=\"soci\u00e1lne in\u017einierstvo - z\u00edska\u0165 znalos\u0165 o\u00a0zamestnaneckej hierarchii, infra\u0161trukt\u00fare a pou\u017e\u00edvanom softv\u00e9ri \u010di z\u00edska\u0165 pr\u00edstupov\u00e9 hesl\u00e1 do emailov\u00fdch schr\u00e1nok.\" \/>\n<meta property=\"og:url\" content=\"https:\/\/nethemba.com\/sk\/sluzby\/it-bezpecnostne-sluzby\/socialne-inzinierstvo\/\" \/>\n<meta property=\"og:site_name\" content=\"Nethemba\" \/>\n<meta property=\"article:publisher\" content=\"https:\/\/www.facebook.com\/nethemba\" \/>\n<meta property=\"article:modified_time\" content=\"2019-07-24T11:21:32+00:00\" \/>\n<meta name=\"twitter:card\" content=\"summary_large_image\" \/>\n<meta name=\"twitter:site\" content=\"@nethemba\" \/>\n<meta name=\"twitter:label1\" content=\"Predpokladan\u00fd \u010das \u010d\u00edtania\" \/>\n\t<meta name=\"twitter:data1\" content=\"4 min\u00faty\" \/>\n<script type=\"application\/ld+json\" class=\"yoast-schema-graph\">{\"@context\":\"https:\\\/\\\/schema.org\",\"@graph\":[{\"@type\":\"WebPage\",\"@id\":\"https:\\\/\\\/nethemba.com\\\/sk\\\/sluzby\\\/it-bezpecnostne-sluzby\\\/socialne-inzinierstvo\\\/\",\"url\":\"https:\\\/\\\/nethemba.com\\\/sk\\\/sluzby\\\/it-bezpecnostne-sluzby\\\/socialne-inzinierstvo\\\/\",\"name\":\"Soci\u00e1lne in\u017einierstvo - Nethemba\",\"isPartOf\":{\"@id\":\"https:\\\/\\\/nethemba.com\\\/de\\\/#website\"},\"datePublished\":\"2015-11-08T21:02:14+00:00\",\"dateModified\":\"2019-07-24T11:21:32+00:00\",\"description\":\"soci\u00e1lne in\u017einierstvo - z\u00edska\u0165 znalos\u0165 o\u00a0zamestnaneckej hierarchii, infra\u0161trukt\u00fare a pou\u017e\u00edvanom softv\u00e9ri \u010di z\u00edska\u0165 pr\u00edstupov\u00e9 hesl\u00e1 do emailov\u00fdch schr\u00e1nok.\",\"breadcrumb\":{\"@id\":\"https:\\\/\\\/nethemba.com\\\/sk\\\/sluzby\\\/it-bezpecnostne-sluzby\\\/socialne-inzinierstvo\\\/#breadcrumb\"},\"inLanguage\":\"sk-SK\",\"potentialAction\":[{\"@type\":\"ReadAction\",\"target\":[\"https:\\\/\\\/nethemba.com\\\/sk\\\/sluzby\\\/it-bezpecnostne-sluzby\\\/socialne-inzinierstvo\\\/\"]}]},{\"@type\":\"BreadcrumbList\",\"@id\":\"https:\\\/\\\/nethemba.com\\\/sk\\\/sluzby\\\/it-bezpecnostne-sluzby\\\/socialne-inzinierstvo\\\/#breadcrumb\",\"itemListElement\":[{\"@type\":\"ListItem\",\"position\":1,\"name\":\"Home\",\"item\":\"https:\\\/\\\/nethemba.com\\\/sk\\\/domov\\\/\"},{\"@type\":\"ListItem\",\"position\":2,\"name\":\"Slu\u017eby\",\"item\":\"https:\\\/\\\/nethemba.com\\\/sk\\\/sluzby\\\/\"},{\"@type\":\"ListItem\",\"position\":3,\"name\":\"IT bezpe\u010dnostn\u00e9 slu\u017eby\",\"item\":\"https:\\\/\\\/nethemba.com\\\/sk\\\/sluzby\\\/it-bezpecnostne-sluzby\\\/\"},{\"@type\":\"ListItem\",\"position\":4,\"name\":\"Soci\u00e1lne in\u017einierstvo\"}]},{\"@type\":\"WebSite\",\"@id\":\"https:\\\/\\\/nethemba.com\\\/de\\\/#website\",\"url\":\"https:\\\/\\\/nethemba.com\\\/de\\\/\",\"name\":\"Nethemba\",\"description\":\"We care about your security\",\"potentialAction\":[{\"@type\":\"SearchAction\",\"target\":{\"@type\":\"EntryPoint\",\"urlTemplate\":\"https:\\\/\\\/nethemba.com\\\/de\\\/?s={search_term_string}\"},\"query-input\":{\"@type\":\"PropertyValueSpecification\",\"valueRequired\":true,\"valueName\":\"search_term_string\"}}],\"inLanguage\":\"sk-SK\"}]}<\/script>\n<!-- \/ Yoast SEO plugin. -->","yoast_head_json":{"title":"Soci\u00e1lne in\u017einierstvo - Nethemba","description":"soci\u00e1lne in\u017einierstvo - z\u00edska\u0165 znalos\u0165 o\u00a0zamestnaneckej hierarchii, infra\u0161trukt\u00fare a pou\u017e\u00edvanom softv\u00e9ri \u010di z\u00edska\u0165 pr\u00edstupov\u00e9 hesl\u00e1 do emailov\u00fdch schr\u00e1nok.","robots":{"index":"index","follow":"follow","max-snippet":"max-snippet:-1","max-image-preview":"max-image-preview:large","max-video-preview":"max-video-preview:-1"},"canonical":"https:\/\/nethemba.com\/sk\/sluzby\/it-bezpecnostne-sluzby\/socialne-inzinierstvo\/","og_locale":"sk_SK","og_type":"article","og_title":"Soci\u00e1lne in\u017einierstvo - Nethemba","og_description":"soci\u00e1lne in\u017einierstvo - z\u00edska\u0165 znalos\u0165 o\u00a0zamestnaneckej hierarchii, infra\u0161trukt\u00fare a pou\u017e\u00edvanom softv\u00e9ri \u010di z\u00edska\u0165 pr\u00edstupov\u00e9 hesl\u00e1 do emailov\u00fdch schr\u00e1nok.","og_url":"https:\/\/nethemba.com\/sk\/sluzby\/it-bezpecnostne-sluzby\/socialne-inzinierstvo\/","og_site_name":"Nethemba","article_publisher":"https:\/\/www.facebook.com\/nethemba","article_modified_time":"2019-07-24T11:21:32+00:00","twitter_card":"summary_large_image","twitter_site":"@nethemba","twitter_misc":{"Predpokladan\u00fd \u010das \u010d\u00edtania":"4 min\u00faty"},"schema":{"@context":"https:\/\/schema.org","@graph":[{"@type":"WebPage","@id":"https:\/\/nethemba.com\/sk\/sluzby\/it-bezpecnostne-sluzby\/socialne-inzinierstvo\/","url":"https:\/\/nethemba.com\/sk\/sluzby\/it-bezpecnostne-sluzby\/socialne-inzinierstvo\/","name":"Soci\u00e1lne in\u017einierstvo - Nethemba","isPartOf":{"@id":"https:\/\/nethemba.com\/de\/#website"},"datePublished":"2015-11-08T21:02:14+00:00","dateModified":"2019-07-24T11:21:32+00:00","description":"soci\u00e1lne in\u017einierstvo - z\u00edska\u0165 znalos\u0165 o\u00a0zamestnaneckej hierarchii, infra\u0161trukt\u00fare a pou\u017e\u00edvanom softv\u00e9ri \u010di z\u00edska\u0165 pr\u00edstupov\u00e9 hesl\u00e1 do emailov\u00fdch schr\u00e1nok.","breadcrumb":{"@id":"https:\/\/nethemba.com\/sk\/sluzby\/it-bezpecnostne-sluzby\/socialne-inzinierstvo\/#breadcrumb"},"inLanguage":"sk-SK","potentialAction":[{"@type":"ReadAction","target":["https:\/\/nethemba.com\/sk\/sluzby\/it-bezpecnostne-sluzby\/socialne-inzinierstvo\/"]}]},{"@type":"BreadcrumbList","@id":"https:\/\/nethemba.com\/sk\/sluzby\/it-bezpecnostne-sluzby\/socialne-inzinierstvo\/#breadcrumb","itemListElement":[{"@type":"ListItem","position":1,"name":"Home","item":"https:\/\/nethemba.com\/sk\/domov\/"},{"@type":"ListItem","position":2,"name":"Slu\u017eby","item":"https:\/\/nethemba.com\/sk\/sluzby\/"},{"@type":"ListItem","position":3,"name":"IT bezpe\u010dnostn\u00e9 slu\u017eby","item":"https:\/\/nethemba.com\/sk\/sluzby\/it-bezpecnostne-sluzby\/"},{"@type":"ListItem","position":4,"name":"Soci\u00e1lne in\u017einierstvo"}]},{"@type":"WebSite","@id":"https:\/\/nethemba.com\/de\/#website","url":"https:\/\/nethemba.com\/de\/","name":"Nethemba","description":"We care about your security","potentialAction":[{"@type":"SearchAction","target":{"@type":"EntryPoint","urlTemplate":"https:\/\/nethemba.com\/de\/?s={search_term_string}"},"query-input":{"@type":"PropertyValueSpecification","valueRequired":true,"valueName":"search_term_string"}}],"inLanguage":"sk-SK"}]}},"_links":{"self":[{"href":"https:\/\/nethemba.com\/sk\/wp-json\/wp\/v2\/pages\/468","targetHints":{"allow":["GET"]}}],"collection":[{"href":"https:\/\/nethemba.com\/sk\/wp-json\/wp\/v2\/pages"}],"about":[{"href":"https:\/\/nethemba.com\/sk\/wp-json\/wp\/v2\/types\/page"}],"author":[{"embeddable":true,"href":"https:\/\/nethemba.com\/sk\/wp-json\/wp\/v2\/users\/2"}],"replies":[{"embeddable":true,"href":"https:\/\/nethemba.com\/sk\/wp-json\/wp\/v2\/comments?post=468"}],"version-history":[{"count":0,"href":"https:\/\/nethemba.com\/sk\/wp-json\/wp\/v2\/pages\/468\/revisions"}],"up":[{"embeddable":true,"href":"https:\/\/nethemba.com\/sk\/wp-json\/wp\/v2\/pages\/462"}],"wp:attachment":[{"href":"https:\/\/nethemba.com\/sk\/wp-json\/wp\/v2\/media?parent=468"}],"curies":[{"name":"wp","href":"https:\/\/api.w.org\/{rel}","templated":true}]}}