{"id":522,"date":"2015-11-08T21:12:52","date_gmt":"2015-11-08T21:12:52","guid":{"rendered":"http:\/\/nethemba.com\/sk\/?page_id=522"},"modified":"2021-01-10T09:48:19","modified_gmt":"2021-01-10T08:48:19","slug":"vyskum","status":"publish","type":"page","link":"https:\/\/nethemba.com\/sk\/o-nas-old\/vyskum\/","title":{"rendered":"V\u00fdskum"},"content":{"rendered":"<p>V pr\u00edpade, \u017ee h\u013ead\u00e1te na\u0161e publik\u00e1cie a prezent\u00e1cie, tak pokra\u010dujte tu\u00a0<a href=\"https:\/\/nethemba.com\/sk\/sluzby\/it-bezpecnostne-sluzby\/konzultacie-skolenia\/\">Konzult\u00e1cie &amp;\u00a0\u0160kolenia<\/a>.<\/p>\n<p lang=\"en-GB\">Po\u010das n\u00e1\u0161ho p\u00f4sobenia na poli bezpe\u010dnosti, sme analyzovali a odhalili viacero v\u00e1\u017enych bezpe\u010dnostn\u00fdch zranite\u013enost\u00ed v r\u00f4znych verejne dostupn\u00fdch syst\u00e9moch. Mno\u017estvo t\u00fdchto zranite\u013enost\u00ed sme prezentovali na uzn\u00e1van\u00fdch svetov\u00fdch bezpe\u010dnostn\u00fdch konferenci\u00e1ch:<\/p>\n<ul>\n<li lang=\"en-GB\">Verejn\u00e1 bezpe\u010dnostn\u00e1 anal\u00fdza slovensk\u00fdch biometrick\u00fdch pasov<\/li>\n<li lang=\"en-GB\">V\u00e1\u017ene zranite\u013enosti v najpou\u017e\u00edvanej\u0161\u00edch slovensk\u00fdch a \u010desk\u00fdch \u010dipov\u00fdch Mifare kart\u00e1ch<\/li>\n<li lang=\"en-GB\">V\u00e1\u017ene zranite\u013enosti v SMS l\u00edstkoch<\/li>\n<\/ul>\n","protected":false},"excerpt":{"rendered":"<p>V pr\u00edpade, \u017ee h\u013ead\u00e1te na\u0161e publik\u00e1cie a prezent\u00e1cie, tak pokra\u010dujte tu\u00a0Konzult\u00e1cie &amp;\u00a0\u0160kolenia. Po\u010das n\u00e1\u0161ho p\u00f4sobenia na poli bezpe\u010dnosti, sme analyzovali a odhalili viacero v\u00e1\u017enych bezpe\u010dnostn\u00fdch zranite\u013enost\u00ed v r\u00f4znych verejne dostupn\u00fdch syst\u00e9moch. Mno\u017estvo t\u00fdchto zranite\u013enost\u00ed sme prezentovali na uzn\u00e1van\u00fdch svetov\u00fdch bezpe\u010dnostn\u00fdch konferenci\u00e1ch: Verejn\u00e1 bezpe\u010dnostn\u00e1 anal\u00fdza slovensk\u00fdch biometrick\u00fdch pasov V\u00e1\u017ene zranite\u013enosti v najpou\u017e\u00edvanej\u0161\u00edch slovensk\u00fdch a \u010desk\u00fdch \u010dipov\u00fdch [&hellip;]<\/p>\n","protected":false},"author":2,"featured_media":0,"parent":293,"menu_order":0,"comment_status":"closed","ping_status":"closed","template":"research.php","meta":{"inline_featured_image":false,"_monsterinsights_skip_tracking":false,"_monsterinsights_sitenote_active":false,"_monsterinsights_sitenote_note":"","_monsterinsights_sitenote_category":0,"footnotes":""},"class_list":["post-522","page","type-page","status-publish","hentry"],"yoast_head":"<!-- This site is optimized with the Yoast SEO plugin v27.4 - https:\/\/yoast.com\/product\/yoast-seo-wordpress\/ -->\n<title>V\u00fdskum - Nethemba<\/title>\n<meta name=\"description\" content=\"Odhalili sme viacero v\u00e1\u017enych bezpe\u010dnostn\u00fdch zranite\u013enost\u00ed v r\u00f4znych verejne dostupn\u00fdch syst\u00e9moch a prezentovali ich na svetov\u00fdch bezpe\u010dnostn\u00fdch konferenci\u00e1ch.\" \/>\n<meta name=\"robots\" content=\"index, follow, max-snippet:-1, max-image-preview:large, max-video-preview:-1\" \/>\n<link rel=\"canonical\" href=\"https:\/\/nethemba.com\/sk\/o-nas-old\/vyskum\/\" \/>\n<meta property=\"og:locale\" content=\"sk_SK\" \/>\n<meta property=\"og:type\" content=\"article\" \/>\n<meta property=\"og:title\" content=\"V\u00fdskum - Nethemba\" \/>\n<meta property=\"og:description\" content=\"Odhalili sme viacero v\u00e1\u017enych bezpe\u010dnostn\u00fdch zranite\u013enost\u00ed v r\u00f4znych verejne dostupn\u00fdch syst\u00e9moch a prezentovali ich na svetov\u00fdch bezpe\u010dnostn\u00fdch konferenci\u00e1ch.\" \/>\n<meta property=\"og:url\" content=\"https:\/\/nethemba.com\/sk\/o-nas-old\/vyskum\/\" \/>\n<meta property=\"og:site_name\" content=\"Nethemba\" \/>\n<meta property=\"article:publisher\" content=\"https:\/\/www.facebook.com\/nethemba\" \/>\n<meta property=\"article:modified_time\" content=\"2021-01-10T08:48:19+00:00\" \/>\n<meta name=\"twitter:card\" content=\"summary_large_image\" \/>\n<meta name=\"twitter:site\" content=\"@nethemba\" \/>\n<meta name=\"twitter:label1\" content=\"Predpokladan\u00fd \u010das \u010d\u00edtania\" \/>\n\t<meta name=\"twitter:data1\" content=\"1 min\u00fata\" \/>\n<script type=\"application\/ld+json\" class=\"yoast-schema-graph\">{\"@context\":\"https:\\\/\\\/schema.org\",\"@graph\":[{\"@type\":\"WebPage\",\"@id\":\"https:\\\/\\\/nethemba.com\\\/sk\\\/o-nas-old\\\/vyskum\\\/\",\"url\":\"https:\\\/\\\/nethemba.com\\\/sk\\\/o-nas-old\\\/vyskum\\\/\",\"name\":\"V\u00fdskum - Nethemba\",\"isPartOf\":{\"@id\":\"https:\\\/\\\/nethemba.com\\\/de\\\/#website\"},\"datePublished\":\"2015-11-08T21:12:52+00:00\",\"dateModified\":\"2021-01-10T08:48:19+00:00\",\"description\":\"Odhalili sme viacero v\u00e1\u017enych bezpe\u010dnostn\u00fdch zranite\u013enost\u00ed v r\u00f4znych verejne dostupn\u00fdch syst\u00e9moch a prezentovali ich na svetov\u00fdch bezpe\u010dnostn\u00fdch konferenci\u00e1ch.\",\"breadcrumb\":{\"@id\":\"https:\\\/\\\/nethemba.com\\\/sk\\\/o-nas-old\\\/vyskum\\\/#breadcrumb\"},\"inLanguage\":\"sk-SK\",\"potentialAction\":[{\"@type\":\"ReadAction\",\"target\":[\"https:\\\/\\\/nethemba.com\\\/sk\\\/o-nas-old\\\/vyskum\\\/\"]}]},{\"@type\":\"BreadcrumbList\",\"@id\":\"https:\\\/\\\/nethemba.com\\\/sk\\\/o-nas-old\\\/vyskum\\\/#breadcrumb\",\"itemListElement\":[{\"@type\":\"ListItem\",\"position\":1,\"name\":\"Home\",\"item\":\"https:\\\/\\\/nethemba.com\\\/sk\\\/domov\\\/\"},{\"@type\":\"ListItem\",\"position\":2,\"name\":\"O n\u00e1s\",\"item\":\"https:\\\/\\\/nethemba.com\\\/sk\\\/o-nas-old\\\/\"},{\"@type\":\"ListItem\",\"position\":3,\"name\":\"V\u00fdskum\"}]},{\"@type\":\"WebSite\",\"@id\":\"https:\\\/\\\/nethemba.com\\\/de\\\/#website\",\"url\":\"https:\\\/\\\/nethemba.com\\\/de\\\/\",\"name\":\"Nethemba\",\"description\":\"We care about your security\",\"potentialAction\":[{\"@type\":\"SearchAction\",\"target\":{\"@type\":\"EntryPoint\",\"urlTemplate\":\"https:\\\/\\\/nethemba.com\\\/de\\\/?s={search_term_string}\"},\"query-input\":{\"@type\":\"PropertyValueSpecification\",\"valueRequired\":true,\"valueName\":\"search_term_string\"}}],\"inLanguage\":\"sk-SK\"}]}<\/script>\n<!-- \/ Yoast SEO plugin. -->","yoast_head_json":{"title":"V\u00fdskum - Nethemba","description":"Odhalili sme viacero v\u00e1\u017enych bezpe\u010dnostn\u00fdch zranite\u013enost\u00ed v r\u00f4znych verejne dostupn\u00fdch syst\u00e9moch a prezentovali ich na svetov\u00fdch bezpe\u010dnostn\u00fdch konferenci\u00e1ch.","robots":{"index":"index","follow":"follow","max-snippet":"max-snippet:-1","max-image-preview":"max-image-preview:large","max-video-preview":"max-video-preview:-1"},"canonical":"https:\/\/nethemba.com\/sk\/o-nas-old\/vyskum\/","og_locale":"sk_SK","og_type":"article","og_title":"V\u00fdskum - Nethemba","og_description":"Odhalili sme viacero v\u00e1\u017enych bezpe\u010dnostn\u00fdch zranite\u013enost\u00ed v r\u00f4znych verejne dostupn\u00fdch syst\u00e9moch a prezentovali ich na svetov\u00fdch bezpe\u010dnostn\u00fdch konferenci\u00e1ch.","og_url":"https:\/\/nethemba.com\/sk\/o-nas-old\/vyskum\/","og_site_name":"Nethemba","article_publisher":"https:\/\/www.facebook.com\/nethemba","article_modified_time":"2021-01-10T08:48:19+00:00","twitter_card":"summary_large_image","twitter_site":"@nethemba","twitter_misc":{"Predpokladan\u00fd \u010das \u010d\u00edtania":"1 min\u00fata"},"schema":{"@context":"https:\/\/schema.org","@graph":[{"@type":"WebPage","@id":"https:\/\/nethemba.com\/sk\/o-nas-old\/vyskum\/","url":"https:\/\/nethemba.com\/sk\/o-nas-old\/vyskum\/","name":"V\u00fdskum - Nethemba","isPartOf":{"@id":"https:\/\/nethemba.com\/de\/#website"},"datePublished":"2015-11-08T21:12:52+00:00","dateModified":"2021-01-10T08:48:19+00:00","description":"Odhalili sme viacero v\u00e1\u017enych bezpe\u010dnostn\u00fdch zranite\u013enost\u00ed v r\u00f4znych verejne dostupn\u00fdch syst\u00e9moch a prezentovali ich na svetov\u00fdch bezpe\u010dnostn\u00fdch konferenci\u00e1ch.","breadcrumb":{"@id":"https:\/\/nethemba.com\/sk\/o-nas-old\/vyskum\/#breadcrumb"},"inLanguage":"sk-SK","potentialAction":[{"@type":"ReadAction","target":["https:\/\/nethemba.com\/sk\/o-nas-old\/vyskum\/"]}]},{"@type":"BreadcrumbList","@id":"https:\/\/nethemba.com\/sk\/o-nas-old\/vyskum\/#breadcrumb","itemListElement":[{"@type":"ListItem","position":1,"name":"Home","item":"https:\/\/nethemba.com\/sk\/domov\/"},{"@type":"ListItem","position":2,"name":"O n\u00e1s","item":"https:\/\/nethemba.com\/sk\/o-nas-old\/"},{"@type":"ListItem","position":3,"name":"V\u00fdskum"}]},{"@type":"WebSite","@id":"https:\/\/nethemba.com\/de\/#website","url":"https:\/\/nethemba.com\/de\/","name":"Nethemba","description":"We care about your security","potentialAction":[{"@type":"SearchAction","target":{"@type":"EntryPoint","urlTemplate":"https:\/\/nethemba.com\/de\/?s={search_term_string}"},"query-input":{"@type":"PropertyValueSpecification","valueRequired":true,"valueName":"search_term_string"}}],"inLanguage":"sk-SK"}]}},"_links":{"self":[{"href":"https:\/\/nethemba.com\/sk\/wp-json\/wp\/v2\/pages\/522","targetHints":{"allow":["GET"]}}],"collection":[{"href":"https:\/\/nethemba.com\/sk\/wp-json\/wp\/v2\/pages"}],"about":[{"href":"https:\/\/nethemba.com\/sk\/wp-json\/wp\/v2\/types\/page"}],"author":[{"embeddable":true,"href":"https:\/\/nethemba.com\/sk\/wp-json\/wp\/v2\/users\/2"}],"replies":[{"embeddable":true,"href":"https:\/\/nethemba.com\/sk\/wp-json\/wp\/v2\/comments?post=522"}],"version-history":[{"count":1,"href":"https:\/\/nethemba.com\/sk\/wp-json\/wp\/v2\/pages\/522\/revisions"}],"predecessor-version":[{"id":7738,"href":"https:\/\/nethemba.com\/sk\/wp-json\/wp\/v2\/pages\/522\/revisions\/7738"}],"up":[{"embeddable":true,"href":"https:\/\/nethemba.com\/sk\/wp-json\/wp\/v2\/pages\/293"}],"wp:attachment":[{"href":"https:\/\/nethemba.com\/sk\/wp-json\/wp\/v2\/media?parent=522"}],"curies":[{"name":"wp","href":"https:\/\/api.w.org\/{rel}","templated":true}]}}