{"id":530,"date":"2015-11-08T21:18:36","date_gmt":"2015-11-08T21:18:36","guid":{"rendered":"http:\/\/nethemba.com\/sk\/?page_id=530"},"modified":"2016-07-07T12:56:08","modified_gmt":"2016-07-07T12:56:08","slug":"boris-pisarcik","status":"publish","type":"page","link":"https:\/\/nethemba.com\/sk\/o-nas-old\/nas-tim\/boris-pisarcik\/","title":{"rendered":"Boris Pisar\u010d\u00edk"},"content":{"rendered":"<p>Je dr\u017eite\u013eom mno\u017estva certifik\u00e1ci\u00ed &#8211; <a href=\"http:\/\/www.nethemba.com\/boris.pisarcik-CEH.jpg\">CEH (Certified Ethical Hacker)<\/a>, <a href=\"http:\/\/www.nethemba.com\/boris.pisarcik-SCSecA.jpg\">SCSA (Sun Certified System Administrator)<\/a>, SCNA (Sun Certified Network Administrator), LPIC-3 (Senior Level Linux Professional), MySQL CMDBA (MySQL Certified DB Administrator).<\/p>\n<p>Boris tie\u017e ovlad\u00e1 mno\u017estvo programovac\u00edch jazykov (ASM, C, C++, Java, Python, Perl).<\/p>\n<p>V minulosti navrhol mno\u017estvo robustn\u00fdch LB\/HA cloud-computing clustrov postaven\u00fdch na technol\u00f3gi\u00e1ch Amazon\/Rackspace ako aj datab\u00e1zov\u00fdch clustrov postaven\u00fdch na Oracle\/MySQL\/PostgreSQL. Do h\u013abky pozn\u00e1 <a href=\"http:\/\/www.owasp.org\/index.php\/OWASP_Testing_Guide_v4_Table_of_Contents\">testovaciu pr\u00edru\u010dku OWASP<\/a>\u00a0a OSSTMM a sk\u00fasenosti s r\u00f4znymi bezpe\u010dnostn\u00fdmi testovac\u00edmi n\u00e1strojmi a exploit frameworkami.<\/p>\n","protected":false},"excerpt":{"rendered":"<p>Je dr\u017eite\u013eom mno\u017estva certifik\u00e1ci\u00ed &#8211; CEH (Certified Ethical Hacker), SCSA (Sun Certified System Administrator), SCNA (Sun Certified Network Administrator), LPIC-3 (Senior Level Linux Professional), MySQL CMDBA (MySQL Certified DB Administrator). Boris tie\u017e ovlad\u00e1 mno\u017estvo programovac\u00edch jazykov (ASM, C, C++, Java, Python, Perl). V minulosti navrhol mno\u017estvo robustn\u00fdch LB\/HA cloud-computing clustrov postaven\u00fdch na technol\u00f3gi\u00e1ch Amazon\/Rackspace ako [&hellip;]<\/p>\n","protected":false},"author":2,"featured_media":0,"parent":546,"menu_order":3,"comment_status":"closed","ping_status":"closed","template":"","meta":{"inline_featured_image":false,"_monsterinsights_skip_tracking":false,"_monsterinsights_sitenote_active":false,"_monsterinsights_sitenote_note":"","_monsterinsights_sitenote_category":0,"footnotes":""},"class_list":["post-530","page","type-page","status-publish","hentry"],"yoast_head":"<!-- This site is optimized with the Yoast SEO plugin v27.5 - https:\/\/yoast.com\/product\/yoast-seo-wordpress\/ -->\n<title>Boris Pisar\u010d\u00edk - Nethemba<\/title>\n<meta name=\"robots\" content=\"index, follow, max-snippet:-1, max-image-preview:large, max-video-preview:-1\" \/>\n<link rel=\"canonical\" href=\"https:\/\/nethemba.com\/sk\/o-nas-old\/nas-tim\/boris-pisarcik\/\" \/>\n<meta property=\"og:locale\" content=\"sk_SK\" \/>\n<meta property=\"og:type\" content=\"article\" \/>\n<meta property=\"og:title\" content=\"Boris Pisar\u010d\u00edk - Nethemba\" \/>\n<meta property=\"og:description\" content=\"Je dr\u017eite\u013eom mno\u017estva certifik\u00e1ci\u00ed &#8211; CEH (Certified Ethical Hacker), SCSA (Sun Certified System Administrator), SCNA (Sun Certified Network Administrator), LPIC-3 (Senior Level Linux Professional), MySQL CMDBA (MySQL Certified DB Administrator). Boris tie\u017e ovlad\u00e1 mno\u017estvo programovac\u00edch jazykov (ASM, C, C++, Java, Python, Perl). V minulosti navrhol mno\u017estvo robustn\u00fdch LB\/HA cloud-computing clustrov postaven\u00fdch na technol\u00f3gi\u00e1ch Amazon\/Rackspace ako [&hellip;]\" \/>\n<meta property=\"og:url\" content=\"https:\/\/nethemba.com\/sk\/o-nas-old\/nas-tim\/boris-pisarcik\/\" \/>\n<meta property=\"og:site_name\" content=\"Nethemba\" \/>\n<meta property=\"article:publisher\" content=\"https:\/\/www.facebook.com\/nethemba\" \/>\n<meta property=\"article:modified_time\" content=\"2016-07-07T12:56:08+00:00\" \/>\n<meta name=\"twitter:card\" content=\"summary_large_image\" \/>\n<meta name=\"twitter:site\" content=\"@nethemba\" \/>\n<meta name=\"twitter:label1\" content=\"Predpokladan\u00fd \u010das \u010d\u00edtania\" \/>\n\t<meta name=\"twitter:data1\" content=\"1 min\u00fata\" \/>\n<script type=\"application\/ld+json\" class=\"yoast-schema-graph\">{\"@context\":\"https:\\\/\\\/schema.org\",\"@graph\":[{\"@type\":\"WebPage\",\"@id\":\"https:\\\/\\\/nethemba.com\\\/sk\\\/o-nas-old\\\/nas-tim\\\/boris-pisarcik\\\/\",\"url\":\"https:\\\/\\\/nethemba.com\\\/sk\\\/o-nas-old\\\/nas-tim\\\/boris-pisarcik\\\/\",\"name\":\"Boris Pisar\u010d\u00edk - Nethemba\",\"isPartOf\":{\"@id\":\"https:\\\/\\\/nethemba.com\\\/de\\\/#website\"},\"datePublished\":\"2015-11-08T21:18:36+00:00\",\"dateModified\":\"2016-07-07T12:56:08+00:00\",\"breadcrumb\":{\"@id\":\"https:\\\/\\\/nethemba.com\\\/sk\\\/o-nas-old\\\/nas-tim\\\/boris-pisarcik\\\/#breadcrumb\"},\"inLanguage\":\"sk-SK\",\"potentialAction\":[{\"@type\":\"ReadAction\",\"target\":[\"https:\\\/\\\/nethemba.com\\\/sk\\\/o-nas-old\\\/nas-tim\\\/boris-pisarcik\\\/\"]}]},{\"@type\":\"BreadcrumbList\",\"@id\":\"https:\\\/\\\/nethemba.com\\\/sk\\\/o-nas-old\\\/nas-tim\\\/boris-pisarcik\\\/#breadcrumb\",\"itemListElement\":[{\"@type\":\"ListItem\",\"position\":1,\"name\":\"Home\",\"item\":\"https:\\\/\\\/nethemba.com\\\/sk\\\/domov\\\/\"},{\"@type\":\"ListItem\",\"position\":2,\"name\":\"O n\u00e1s\",\"item\":\"https:\\\/\\\/nethemba.com\\\/sk\\\/o-nas-old\\\/\"},{\"@type\":\"ListItem\",\"position\":3,\"name\":\"N\u00e1\u0161 t\u00edm\",\"item\":\"https:\\\/\\\/nethemba.com\\\/sk\\\/o-nas-old\\\/nas-tim\\\/\"},{\"@type\":\"ListItem\",\"position\":4,\"name\":\"Boris Pisar\u010d\u00edk\"}]},{\"@type\":\"WebSite\",\"@id\":\"https:\\\/\\\/nethemba.com\\\/de\\\/#website\",\"url\":\"https:\\\/\\\/nethemba.com\\\/de\\\/\",\"name\":\"Nethemba\",\"description\":\"We care about your security\",\"potentialAction\":[{\"@type\":\"SearchAction\",\"target\":{\"@type\":\"EntryPoint\",\"urlTemplate\":\"https:\\\/\\\/nethemba.com\\\/de\\\/?s={search_term_string}\"},\"query-input\":{\"@type\":\"PropertyValueSpecification\",\"valueRequired\":true,\"valueName\":\"search_term_string\"}}],\"inLanguage\":\"sk-SK\"}]}<\/script>\n<!-- \/ Yoast SEO plugin. -->","yoast_head_json":{"title":"Boris Pisar\u010d\u00edk - Nethemba","robots":{"index":"index","follow":"follow","max-snippet":"max-snippet:-1","max-image-preview":"max-image-preview:large","max-video-preview":"max-video-preview:-1"},"canonical":"https:\/\/nethemba.com\/sk\/o-nas-old\/nas-tim\/boris-pisarcik\/","og_locale":"sk_SK","og_type":"article","og_title":"Boris Pisar\u010d\u00edk - Nethemba","og_description":"Je dr\u017eite\u013eom mno\u017estva certifik\u00e1ci\u00ed &#8211; CEH (Certified Ethical Hacker), SCSA (Sun Certified System Administrator), SCNA (Sun Certified Network Administrator), LPIC-3 (Senior Level Linux Professional), MySQL CMDBA (MySQL Certified DB Administrator). Boris tie\u017e ovlad\u00e1 mno\u017estvo programovac\u00edch jazykov (ASM, C, C++, Java, Python, Perl). V minulosti navrhol mno\u017estvo robustn\u00fdch LB\/HA cloud-computing clustrov postaven\u00fdch na technol\u00f3gi\u00e1ch Amazon\/Rackspace ako [&hellip;]","og_url":"https:\/\/nethemba.com\/sk\/o-nas-old\/nas-tim\/boris-pisarcik\/","og_site_name":"Nethemba","article_publisher":"https:\/\/www.facebook.com\/nethemba","article_modified_time":"2016-07-07T12:56:08+00:00","twitter_card":"summary_large_image","twitter_site":"@nethemba","twitter_misc":{"Predpokladan\u00fd \u010das \u010d\u00edtania":"1 min\u00fata"},"schema":{"@context":"https:\/\/schema.org","@graph":[{"@type":"WebPage","@id":"https:\/\/nethemba.com\/sk\/o-nas-old\/nas-tim\/boris-pisarcik\/","url":"https:\/\/nethemba.com\/sk\/o-nas-old\/nas-tim\/boris-pisarcik\/","name":"Boris Pisar\u010d\u00edk - Nethemba","isPartOf":{"@id":"https:\/\/nethemba.com\/de\/#website"},"datePublished":"2015-11-08T21:18:36+00:00","dateModified":"2016-07-07T12:56:08+00:00","breadcrumb":{"@id":"https:\/\/nethemba.com\/sk\/o-nas-old\/nas-tim\/boris-pisarcik\/#breadcrumb"},"inLanguage":"sk-SK","potentialAction":[{"@type":"ReadAction","target":["https:\/\/nethemba.com\/sk\/o-nas-old\/nas-tim\/boris-pisarcik\/"]}]},{"@type":"BreadcrumbList","@id":"https:\/\/nethemba.com\/sk\/o-nas-old\/nas-tim\/boris-pisarcik\/#breadcrumb","itemListElement":[{"@type":"ListItem","position":1,"name":"Home","item":"https:\/\/nethemba.com\/sk\/domov\/"},{"@type":"ListItem","position":2,"name":"O n\u00e1s","item":"https:\/\/nethemba.com\/sk\/o-nas-old\/"},{"@type":"ListItem","position":3,"name":"N\u00e1\u0161 t\u00edm","item":"https:\/\/nethemba.com\/sk\/o-nas-old\/nas-tim\/"},{"@type":"ListItem","position":4,"name":"Boris Pisar\u010d\u00edk"}]},{"@type":"WebSite","@id":"https:\/\/nethemba.com\/de\/#website","url":"https:\/\/nethemba.com\/de\/","name":"Nethemba","description":"We care about your security","potentialAction":[{"@type":"SearchAction","target":{"@type":"EntryPoint","urlTemplate":"https:\/\/nethemba.com\/de\/?s={search_term_string}"},"query-input":{"@type":"PropertyValueSpecification","valueRequired":true,"valueName":"search_term_string"}}],"inLanguage":"sk-SK"}]}},"_links":{"self":[{"href":"https:\/\/nethemba.com\/sk\/wp-json\/wp\/v2\/pages\/530","targetHints":{"allow":["GET"]}}],"collection":[{"href":"https:\/\/nethemba.com\/sk\/wp-json\/wp\/v2\/pages"}],"about":[{"href":"https:\/\/nethemba.com\/sk\/wp-json\/wp\/v2\/types\/page"}],"author":[{"embeddable":true,"href":"https:\/\/nethemba.com\/sk\/wp-json\/wp\/v2\/users\/2"}],"replies":[{"embeddable":true,"href":"https:\/\/nethemba.com\/sk\/wp-json\/wp\/v2\/comments?post=530"}],"version-history":[{"count":0,"href":"https:\/\/nethemba.com\/sk\/wp-json\/wp\/v2\/pages\/530\/revisions"}],"up":[{"embeddable":true,"href":"https:\/\/nethemba.com\/sk\/wp-json\/wp\/v2\/pages\/546"}],"wp:attachment":[{"href":"https:\/\/nethemba.com\/sk\/wp-json\/wp\/v2\/media?parent=530"}],"curies":[{"name":"wp","href":"https:\/\/api.w.org\/{rel}","templated":true}]}}