{"id":5399,"date":"2020-12-10T02:58:49","date_gmt":"2020-12-10T01:58:49","guid":{"rendered":"https:\/\/nethemba.com\/?page_id=5399"},"modified":"2025-03-19T16:41:19","modified_gmt":"2025-03-19T15:41:19","slug":"kontakt-old","status":"publish","type":"page","link":"https:\/\/nethemba.com\/sk\/kontakt-old\/","title":{"rendered":"Kontakt"},"content":{"rendered":"","protected":false},"excerpt":{"rendered":"","protected":false},"author":2,"featured_media":0,"parent":0,"menu_order":0,"comment_status":"closed","ping_status":"closed","template":"","meta":{"inline_featured_image":false,"_monsterinsights_skip_tracking":false,"_monsterinsights_sitenote_active":false,"_monsterinsights_sitenote_note":"","_monsterinsights_sitenote_category":0,"footnotes":""},"class_list":["post-5399","page","type-page","status-publish","hentry"],"yoast_head":"<!-- This site is optimized with the Yoast SEO plugin v27.5 - https:\/\/yoast.com\/product\/yoast-seo-wordpress\/ -->\n<title>Kontakt - Nethemba<\/title>\n<meta name=\"description\" content=\"Ak v\u00e1s zauj\u00edmaj\u00fa penetra\u010dn\u00e9 testy a bezpe\u010dnostn\u00e9 audity, obr\u00e1\u0165te sa na profesion\u00e1lnych etick\u00fdch hackerov so sk\u00fasenos\u0165ami s OWASP\" \/>\n<meta name=\"robots\" content=\"index, follow, max-snippet:-1, max-image-preview:large, max-video-preview:-1\" \/>\n<link rel=\"canonical\" href=\"https:\/\/nethemba.com\/sk\/kontakt-old\/\" \/>\n<meta property=\"og:locale\" content=\"sk_SK\" \/>\n<meta property=\"og:type\" content=\"article\" \/>\n<meta property=\"og:title\" content=\"Kontakt - Nethemba\" \/>\n<meta property=\"og:description\" content=\"Ak v\u00e1s zauj\u00edmaj\u00fa penetra\u010dn\u00e9 testy a bezpe\u010dnostn\u00e9 audity, obr\u00e1\u0165te sa na profesion\u00e1lnych etick\u00fdch hackerov so sk\u00fasenos\u0165ami s OWASP\" \/>\n<meta property=\"og:url\" content=\"https:\/\/nethemba.com\/sk\/kontakt-old\/\" \/>\n<meta property=\"og:site_name\" content=\"Nethemba\" \/>\n<meta property=\"article:publisher\" content=\"https:\/\/www.facebook.com\/nethemba\" \/>\n<meta property=\"article:modified_time\" content=\"2025-03-19T15:41:19+00:00\" \/>\n<meta name=\"twitter:card\" content=\"summary_large_image\" \/>\n<meta name=\"twitter:site\" content=\"@nethemba\" \/>\n<script type=\"application\/ld+json\" class=\"yoast-schema-graph\">{\"@context\":\"https:\\\/\\\/schema.org\",\"@graph\":[{\"@type\":\"WebPage\",\"@id\":\"https:\\\/\\\/nethemba.com\\\/sk\\\/kontakt-old\\\/\",\"url\":\"https:\\\/\\\/nethemba.com\\\/sk\\\/kontakt-old\\\/\",\"name\":\"Kontakt - Nethemba\",\"isPartOf\":{\"@id\":\"https:\\\/\\\/nethemba.com\\\/de\\\/#website\"},\"datePublished\":\"2020-12-10T01:58:49+00:00\",\"dateModified\":\"2025-03-19T15:41:19+00:00\",\"description\":\"Ak v\u00e1s zauj\u00edmaj\u00fa penetra\u010dn\u00e9 testy a bezpe\u010dnostn\u00e9 audity, obr\u00e1\u0165te sa na profesion\u00e1lnych etick\u00fdch hackerov so sk\u00fasenos\u0165ami s OWASP\",\"breadcrumb\":{\"@id\":\"https:\\\/\\\/nethemba.com\\\/sk\\\/kontakt-old\\\/#breadcrumb\"},\"inLanguage\":\"sk-SK\",\"potentialAction\":[{\"@type\":\"ReadAction\",\"target\":[\"https:\\\/\\\/nethemba.com\\\/sk\\\/kontakt-old\\\/\"]}]},{\"@type\":\"BreadcrumbList\",\"@id\":\"https:\\\/\\\/nethemba.com\\\/sk\\\/kontakt-old\\\/#breadcrumb\",\"itemListElement\":[{\"@type\":\"ListItem\",\"position\":1,\"name\":\"Home\",\"item\":\"https:\\\/\\\/nethemba.com\\\/sk\\\/domov\\\/\"},{\"@type\":\"ListItem\",\"position\":2,\"name\":\"Kontakt\"}]},{\"@type\":\"WebSite\",\"@id\":\"https:\\\/\\\/nethemba.com\\\/de\\\/#website\",\"url\":\"https:\\\/\\\/nethemba.com\\\/de\\\/\",\"name\":\"Nethemba\",\"description\":\"We care about your security\",\"potentialAction\":[{\"@type\":\"SearchAction\",\"target\":{\"@type\":\"EntryPoint\",\"urlTemplate\":\"https:\\\/\\\/nethemba.com\\\/de\\\/?s={search_term_string}\"},\"query-input\":{\"@type\":\"PropertyValueSpecification\",\"valueRequired\":true,\"valueName\":\"search_term_string\"}}],\"inLanguage\":\"sk-SK\"}]}<\/script>\n<!-- \/ Yoast SEO plugin. -->","yoast_head_json":{"title":"Kontakt - Nethemba","description":"Ak v\u00e1s zauj\u00edmaj\u00fa penetra\u010dn\u00e9 testy a bezpe\u010dnostn\u00e9 audity, obr\u00e1\u0165te sa na profesion\u00e1lnych etick\u00fdch hackerov so sk\u00fasenos\u0165ami s OWASP","robots":{"index":"index","follow":"follow","max-snippet":"max-snippet:-1","max-image-preview":"max-image-preview:large","max-video-preview":"max-video-preview:-1"},"canonical":"https:\/\/nethemba.com\/sk\/kontakt-old\/","og_locale":"sk_SK","og_type":"article","og_title":"Kontakt - Nethemba","og_description":"Ak v\u00e1s zauj\u00edmaj\u00fa penetra\u010dn\u00e9 testy a bezpe\u010dnostn\u00e9 audity, obr\u00e1\u0165te sa na profesion\u00e1lnych etick\u00fdch hackerov so sk\u00fasenos\u0165ami s OWASP","og_url":"https:\/\/nethemba.com\/sk\/kontakt-old\/","og_site_name":"Nethemba","article_publisher":"https:\/\/www.facebook.com\/nethemba","article_modified_time":"2025-03-19T15:41:19+00:00","twitter_card":"summary_large_image","twitter_site":"@nethemba","schema":{"@context":"https:\/\/schema.org","@graph":[{"@type":"WebPage","@id":"https:\/\/nethemba.com\/sk\/kontakt-old\/","url":"https:\/\/nethemba.com\/sk\/kontakt-old\/","name":"Kontakt - Nethemba","isPartOf":{"@id":"https:\/\/nethemba.com\/de\/#website"},"datePublished":"2020-12-10T01:58:49+00:00","dateModified":"2025-03-19T15:41:19+00:00","description":"Ak v\u00e1s zauj\u00edmaj\u00fa penetra\u010dn\u00e9 testy a bezpe\u010dnostn\u00e9 audity, obr\u00e1\u0165te sa na profesion\u00e1lnych etick\u00fdch hackerov so sk\u00fasenos\u0165ami s OWASP","breadcrumb":{"@id":"https:\/\/nethemba.com\/sk\/kontakt-old\/#breadcrumb"},"inLanguage":"sk-SK","potentialAction":[{"@type":"ReadAction","target":["https:\/\/nethemba.com\/sk\/kontakt-old\/"]}]},{"@type":"BreadcrumbList","@id":"https:\/\/nethemba.com\/sk\/kontakt-old\/#breadcrumb","itemListElement":[{"@type":"ListItem","position":1,"name":"Home","item":"https:\/\/nethemba.com\/sk\/domov\/"},{"@type":"ListItem","position":2,"name":"Kontakt"}]},{"@type":"WebSite","@id":"https:\/\/nethemba.com\/de\/#website","url":"https:\/\/nethemba.com\/de\/","name":"Nethemba","description":"We care about your security","potentialAction":[{"@type":"SearchAction","target":{"@type":"EntryPoint","urlTemplate":"https:\/\/nethemba.com\/de\/?s={search_term_string}"},"query-input":{"@type":"PropertyValueSpecification","valueRequired":true,"valueName":"search_term_string"}}],"inLanguage":"sk-SK"}]}},"_links":{"self":[{"href":"https:\/\/nethemba.com\/sk\/wp-json\/wp\/v2\/pages\/5399","targetHints":{"allow":["GET"]}}],"collection":[{"href":"https:\/\/nethemba.com\/sk\/wp-json\/wp\/v2\/pages"}],"about":[{"href":"https:\/\/nethemba.com\/sk\/wp-json\/wp\/v2\/types\/page"}],"author":[{"embeddable":true,"href":"https:\/\/nethemba.com\/sk\/wp-json\/wp\/v2\/users\/2"}],"replies":[{"embeddable":true,"href":"https:\/\/nethemba.com\/sk\/wp-json\/wp\/v2\/comments?post=5399"}],"version-history":[{"count":1,"href":"https:\/\/nethemba.com\/sk\/wp-json\/wp\/v2\/pages\/5399\/revisions"}],"predecessor-version":[{"id":7986,"href":"https:\/\/nethemba.com\/sk\/wp-json\/wp\/v2\/pages\/5399\/revisions\/7986"}],"wp:attachment":[{"href":"https:\/\/nethemba.com\/sk\/wp-json\/wp\/v2\/media?parent=5399"}],"curies":[{"name":"wp","href":"https:\/\/api.w.org\/{rel}","templated":true}]}}