{"id":540,"date":"2015-11-08T21:22:36","date_gmt":"2015-11-08T21:22:36","guid":{"rendered":"http:\/\/nethemba.com\/sk\/?page_id=540"},"modified":"2020-01-30T04:45:13","modified_gmt":"2020-01-30T03:45:13","slug":"ian-budd","status":"publish","type":"page","link":"https:\/\/nethemba.com\/sk\/o-nas-old\/nas-tim\/ian-budd\/","title":{"rendered":"Ian Budd"},"content":{"rendered":"<p>Od roku 1999 sa Ian venuje exploit\u00e1cii, \u0161ifrovaniu, steganografii a m\u00e1 s t\u00fdmito oblas\u0165ami mno\u017estvo sk\u00fasenost\u00ed. To ho viedlo k vytvoreniu vlastnej webovej bezpe\u010dnostnej str\u00e1nky venovanej n\u00e1vrhu a tvorbe webov\u00fdch exploitov v kontrolovanom prostred\u00ed \u2013 <a href=\"https:\/\/www.sabrefilms.co.uk\/revolutionelite\/\">Revolution Elite<\/a>.\u00a0Je dr\u017eite\u013eom prest\u00ed\u017enej bezpe\u010dnostnej certifik\u00e1cie\u00a0<a href=\"https:\/\/www.offensive-security.com\/information-security-certifications\/oscp-offensive-security-certified-professional\/\">OSCP (Offensive Security Certified Professional),<\/a>\u00a0<a href=\"https:\/\/www.offensive-security.com\/information-security-certifications\/osce-offensive-security-certified-expert\/\">OSCE (Offensive Security Certified Expert)<\/a> a <a href=\"https:\/\/www.offensive-security.com\/wifu-oswp\/\">OSWP (Offensive Security Wireless Professional)<\/a>.<\/p>\n<p>Komer\u010dne sa Ian venoval tvorbe softv\u00e9rov pre hotely, hudobn\u00e9 festivaly a syst\u00e9mom na \u0161ifrovanie a enk\u00f3dovanie. V roku 2013 dokon\u010dil Bsc na Open University.<\/p>\n<p>Aktu\u00e1lne roz\u0161iruje svoje schopnosti \u0161t\u00fadiom reverzn\u00e9ho in\u017einierstva. Denne pracuje s Javou a PHP, venuj\u00fac sa pritom bezpe\u010dnosti.<\/p>\n","protected":false},"excerpt":{"rendered":"<p>Od roku 1999 sa Ian venuje exploit\u00e1cii, \u0161ifrovaniu, steganografii a m\u00e1 s t\u00fdmito oblas\u0165ami mno\u017estvo sk\u00fasenost\u00ed. To ho viedlo k vytvoreniu vlastnej webovej bezpe\u010dnostnej str\u00e1nky venovanej n\u00e1vrhu a tvorbe webov\u00fdch exploitov v kontrolovanom prostred\u00ed \u2013 Revolution Elite.\u00a0Je dr\u017eite\u013eom prest\u00ed\u017enej bezpe\u010dnostnej certifik\u00e1cie\u00a0OSCP (Offensive Security Certified Professional),\u00a0OSCE (Offensive Security Certified Expert) a OSWP (Offensive Security Wireless Professional). [&hellip;]<\/p>\n","protected":false},"author":2,"featured_media":0,"parent":546,"menu_order":6,"comment_status":"closed","ping_status":"closed","template":"","meta":{"inline_featured_image":false,"_monsterinsights_skip_tracking":false,"_monsterinsights_sitenote_active":false,"_monsterinsights_sitenote_note":"","_monsterinsights_sitenote_category":0,"footnotes":""},"class_list":["post-540","page","type-page","status-publish","hentry"],"yoast_head":"<!-- This site is optimized with the Yoast SEO plugin v27.3 - https:\/\/yoast.com\/product\/yoast-seo-wordpress\/ -->\n<title>Ian Budd - Nethemba<\/title>\n<meta name=\"robots\" content=\"index, follow, max-snippet:-1, max-image-preview:large, max-video-preview:-1\" \/>\n<link rel=\"canonical\" href=\"https:\/\/nethemba.com\/sk\/o-nas-old\/nas-tim\/ian-budd\/\" \/>\n<meta property=\"og:locale\" content=\"sk_SK\" \/>\n<meta property=\"og:type\" content=\"article\" \/>\n<meta property=\"og:title\" content=\"Ian Budd - Nethemba\" \/>\n<meta property=\"og:description\" content=\"Od roku 1999 sa Ian venuje exploit\u00e1cii, \u0161ifrovaniu, steganografii a m\u00e1 s t\u00fdmito oblas\u0165ami mno\u017estvo sk\u00fasenost\u00ed. To ho viedlo k vytvoreniu vlastnej webovej bezpe\u010dnostnej str\u00e1nky venovanej n\u00e1vrhu a tvorbe webov\u00fdch exploitov v kontrolovanom prostred\u00ed \u2013 Revolution Elite.\u00a0Je dr\u017eite\u013eom prest\u00ed\u017enej bezpe\u010dnostnej certifik\u00e1cie\u00a0OSCP (Offensive Security Certified Professional),\u00a0OSCE (Offensive Security Certified Expert) a OSWP (Offensive Security Wireless Professional). [&hellip;]\" \/>\n<meta property=\"og:url\" content=\"https:\/\/nethemba.com\/sk\/o-nas-old\/nas-tim\/ian-budd\/\" \/>\n<meta property=\"og:site_name\" content=\"Nethemba\" \/>\n<meta property=\"article:publisher\" content=\"https:\/\/www.facebook.com\/nethemba\" \/>\n<meta property=\"article:modified_time\" content=\"2020-01-30T03:45:13+00:00\" \/>\n<meta name=\"twitter:card\" content=\"summary_large_image\" \/>\n<meta name=\"twitter:site\" content=\"@nethemba\" \/>\n<meta name=\"twitter:label1\" content=\"Predpokladan\u00fd \u010das \u010d\u00edtania\" \/>\n\t<meta name=\"twitter:data1\" content=\"1 min\u00fata\" \/>\n<script type=\"application\/ld+json\" class=\"yoast-schema-graph\">{\"@context\":\"https:\\\/\\\/schema.org\",\"@graph\":[{\"@type\":\"WebPage\",\"@id\":\"https:\\\/\\\/nethemba.com\\\/sk\\\/o-nas-old\\\/nas-tim\\\/ian-budd\\\/\",\"url\":\"https:\\\/\\\/nethemba.com\\\/sk\\\/o-nas-old\\\/nas-tim\\\/ian-budd\\\/\",\"name\":\"Ian Budd - Nethemba\",\"isPartOf\":{\"@id\":\"https:\\\/\\\/nethemba.com\\\/de\\\/#website\"},\"datePublished\":\"2015-11-08T21:22:36+00:00\",\"dateModified\":\"2020-01-30T03:45:13+00:00\",\"breadcrumb\":{\"@id\":\"https:\\\/\\\/nethemba.com\\\/sk\\\/o-nas-old\\\/nas-tim\\\/ian-budd\\\/#breadcrumb\"},\"inLanguage\":\"sk-SK\",\"potentialAction\":[{\"@type\":\"ReadAction\",\"target\":[\"https:\\\/\\\/nethemba.com\\\/sk\\\/o-nas-old\\\/nas-tim\\\/ian-budd\\\/\"]}]},{\"@type\":\"BreadcrumbList\",\"@id\":\"https:\\\/\\\/nethemba.com\\\/sk\\\/o-nas-old\\\/nas-tim\\\/ian-budd\\\/#breadcrumb\",\"itemListElement\":[{\"@type\":\"ListItem\",\"position\":1,\"name\":\"Home\",\"item\":\"https:\\\/\\\/nethemba.com\\\/sk\\\/domov\\\/\"},{\"@type\":\"ListItem\",\"position\":2,\"name\":\"O n\u00e1s\",\"item\":\"https:\\\/\\\/nethemba.com\\\/sk\\\/o-nas-old\\\/\"},{\"@type\":\"ListItem\",\"position\":3,\"name\":\"N\u00e1\u0161 t\u00edm\",\"item\":\"https:\\\/\\\/nethemba.com\\\/sk\\\/o-nas-old\\\/nas-tim\\\/\"},{\"@type\":\"ListItem\",\"position\":4,\"name\":\"Ian Budd\"}]},{\"@type\":\"WebSite\",\"@id\":\"https:\\\/\\\/nethemba.com\\\/de\\\/#website\",\"url\":\"https:\\\/\\\/nethemba.com\\\/de\\\/\",\"name\":\"Nethemba\",\"description\":\"We care about your security\",\"potentialAction\":[{\"@type\":\"SearchAction\",\"target\":{\"@type\":\"EntryPoint\",\"urlTemplate\":\"https:\\\/\\\/nethemba.com\\\/de\\\/?s={search_term_string}\"},\"query-input\":{\"@type\":\"PropertyValueSpecification\",\"valueRequired\":true,\"valueName\":\"search_term_string\"}}],\"inLanguage\":\"sk-SK\"}]}<\/script>\n<!-- \/ Yoast SEO plugin. -->","yoast_head_json":{"title":"Ian Budd - Nethemba","robots":{"index":"index","follow":"follow","max-snippet":"max-snippet:-1","max-image-preview":"max-image-preview:large","max-video-preview":"max-video-preview:-1"},"canonical":"https:\/\/nethemba.com\/sk\/o-nas-old\/nas-tim\/ian-budd\/","og_locale":"sk_SK","og_type":"article","og_title":"Ian Budd - Nethemba","og_description":"Od roku 1999 sa Ian venuje exploit\u00e1cii, \u0161ifrovaniu, steganografii a m\u00e1 s t\u00fdmito oblas\u0165ami mno\u017estvo sk\u00fasenost\u00ed. To ho viedlo k vytvoreniu vlastnej webovej bezpe\u010dnostnej str\u00e1nky venovanej n\u00e1vrhu a tvorbe webov\u00fdch exploitov v kontrolovanom prostred\u00ed \u2013 Revolution Elite.\u00a0Je dr\u017eite\u013eom prest\u00ed\u017enej bezpe\u010dnostnej certifik\u00e1cie\u00a0OSCP (Offensive Security Certified Professional),\u00a0OSCE (Offensive Security Certified Expert) a OSWP (Offensive Security Wireless Professional). [&hellip;]","og_url":"https:\/\/nethemba.com\/sk\/o-nas-old\/nas-tim\/ian-budd\/","og_site_name":"Nethemba","article_publisher":"https:\/\/www.facebook.com\/nethemba","article_modified_time":"2020-01-30T03:45:13+00:00","twitter_card":"summary_large_image","twitter_site":"@nethemba","twitter_misc":{"Predpokladan\u00fd \u010das \u010d\u00edtania":"1 min\u00fata"},"schema":{"@context":"https:\/\/schema.org","@graph":[{"@type":"WebPage","@id":"https:\/\/nethemba.com\/sk\/o-nas-old\/nas-tim\/ian-budd\/","url":"https:\/\/nethemba.com\/sk\/o-nas-old\/nas-tim\/ian-budd\/","name":"Ian Budd - Nethemba","isPartOf":{"@id":"https:\/\/nethemba.com\/de\/#website"},"datePublished":"2015-11-08T21:22:36+00:00","dateModified":"2020-01-30T03:45:13+00:00","breadcrumb":{"@id":"https:\/\/nethemba.com\/sk\/o-nas-old\/nas-tim\/ian-budd\/#breadcrumb"},"inLanguage":"sk-SK","potentialAction":[{"@type":"ReadAction","target":["https:\/\/nethemba.com\/sk\/o-nas-old\/nas-tim\/ian-budd\/"]}]},{"@type":"BreadcrumbList","@id":"https:\/\/nethemba.com\/sk\/o-nas-old\/nas-tim\/ian-budd\/#breadcrumb","itemListElement":[{"@type":"ListItem","position":1,"name":"Home","item":"https:\/\/nethemba.com\/sk\/domov\/"},{"@type":"ListItem","position":2,"name":"O n\u00e1s","item":"https:\/\/nethemba.com\/sk\/o-nas-old\/"},{"@type":"ListItem","position":3,"name":"N\u00e1\u0161 t\u00edm","item":"https:\/\/nethemba.com\/sk\/o-nas-old\/nas-tim\/"},{"@type":"ListItem","position":4,"name":"Ian Budd"}]},{"@type":"WebSite","@id":"https:\/\/nethemba.com\/de\/#website","url":"https:\/\/nethemba.com\/de\/","name":"Nethemba","description":"We care about your security","potentialAction":[{"@type":"SearchAction","target":{"@type":"EntryPoint","urlTemplate":"https:\/\/nethemba.com\/de\/?s={search_term_string}"},"query-input":{"@type":"PropertyValueSpecification","valueRequired":true,"valueName":"search_term_string"}}],"inLanguage":"sk-SK"}]}},"_links":{"self":[{"href":"https:\/\/nethemba.com\/sk\/wp-json\/wp\/v2\/pages\/540","targetHints":{"allow":["GET"]}}],"collection":[{"href":"https:\/\/nethemba.com\/sk\/wp-json\/wp\/v2\/pages"}],"about":[{"href":"https:\/\/nethemba.com\/sk\/wp-json\/wp\/v2\/types\/page"}],"author":[{"embeddable":true,"href":"https:\/\/nethemba.com\/sk\/wp-json\/wp\/v2\/users\/2"}],"replies":[{"embeddable":true,"href":"https:\/\/nethemba.com\/sk\/wp-json\/wp\/v2\/comments?post=540"}],"version-history":[{"count":0,"href":"https:\/\/nethemba.com\/sk\/wp-json\/wp\/v2\/pages\/540\/revisions"}],"up":[{"embeddable":true,"href":"https:\/\/nethemba.com\/sk\/wp-json\/wp\/v2\/pages\/546"}],"wp:attachment":[{"href":"https:\/\/nethemba.com\/sk\/wp-json\/wp\/v2\/media?parent=540"}],"curies":[{"name":"wp","href":"https:\/\/api.w.org\/{rel}","templated":true}]}}