{"id":552,"date":"2015-11-08T21:24:45","date_gmt":"2015-11-08T21:24:45","guid":{"rendered":"http:\/\/nethemba.com\/sk\/?page_id=552"},"modified":"2016-07-07T13:00:10","modified_gmt":"2016-07-07T13:00:10","slug":"jaroslav-babka","status":"publish","type":"page","link":"https:\/\/nethemba.com\/sk\/o-nas-old\/nas-tim\/jaroslav-babka\/","title":{"rendered":"Jaroslav Babka"},"content":{"rendered":"<p>Jaroslav m\u00e1 hlbok\u00e9 znalosti n\u00edzko-\u00farov\u0148ov\u00fdch ako aj vy\u0161\u0161\u00edch programovac\u00edch jazykov.<\/p>\n<p>Je expert na reverzn\u00e9 in\u017einierstvo a detailne ovl\u00e1da syst\u00e9mov\u00fa architekt\u00faru Windows\/Linux.<\/p>\n<p>Je tie\u017e \u0161pi\u010dkov\u00fd \u0161pecialista na n\u00e1vrh architekt\u00fary a implement\u00e1ciu SAP syst\u00e9mov.<\/p>\n<p>S\u00fa\u010dasne m\u00e1 znalosti <a href=\"http:\/\/www.owasp.org\/index.php\/OWASP_Testing_Guide_v4_Table_of_Contents\">testovacej pr\u00edru\u010dky OWASP<\/a>, OSSTMM a ve\u013ea sk\u00fasenosti s manu\u00e1lnym testovan\u00edm webov\u00fdch aplik\u00e1ci\u00ed.<\/p>\n<p>Venuje sa tie\u017e v\u00fdskumu v oblasti IT bezpe\u010dnosti (emul\u00e1cia \u010dipov\u00fdch kariet cez NFC telef\u00f3ny).<\/p>\n","protected":false},"excerpt":{"rendered":"<p>Jaroslav m\u00e1 hlbok\u00e9 znalosti n\u00edzko-\u00farov\u0148ov\u00fdch ako aj vy\u0161\u0161\u00edch programovac\u00edch jazykov. Je expert na reverzn\u00e9 in\u017einierstvo a detailne ovl\u00e1da syst\u00e9mov\u00fa architekt\u00faru Windows\/Linux. Je tie\u017e \u0161pi\u010dkov\u00fd \u0161pecialista na n\u00e1vrh architekt\u00fary a implement\u00e1ciu SAP syst\u00e9mov. S\u00fa\u010dasne m\u00e1 znalosti testovacej pr\u00edru\u010dky OWASP, OSSTMM a ve\u013ea sk\u00fasenosti s manu\u00e1lnym testovan\u00edm webov\u00fdch aplik\u00e1ci\u00ed. Venuje sa tie\u017e v\u00fdskumu v oblasti IT bezpe\u010dnosti [&hellip;]<\/p>\n","protected":false},"author":2,"featured_media":0,"parent":546,"menu_order":4,"comment_status":"closed","ping_status":"closed","template":"","meta":{"inline_featured_image":false,"_monsterinsights_skip_tracking":false,"_monsterinsights_sitenote_active":false,"_monsterinsights_sitenote_note":"","_monsterinsights_sitenote_category":0,"footnotes":""},"class_list":["post-552","page","type-page","status-publish","hentry"],"yoast_head":"<!-- This site is optimized with the Yoast SEO plugin v27.4 - https:\/\/yoast.com\/product\/yoast-seo-wordpress\/ -->\n<title>Jaroslav Babka - Nethemba<\/title>\n<meta name=\"robots\" content=\"index, follow, max-snippet:-1, max-image-preview:large, max-video-preview:-1\" \/>\n<link rel=\"canonical\" href=\"https:\/\/nethemba.com\/sk\/o-nas-old\/nas-tim\/jaroslav-babka\/\" \/>\n<meta property=\"og:locale\" content=\"sk_SK\" \/>\n<meta property=\"og:type\" content=\"article\" \/>\n<meta property=\"og:title\" content=\"Jaroslav Babka - Nethemba\" \/>\n<meta property=\"og:description\" content=\"Jaroslav m\u00e1 hlbok\u00e9 znalosti n\u00edzko-\u00farov\u0148ov\u00fdch ako aj vy\u0161\u0161\u00edch programovac\u00edch jazykov. Je expert na reverzn\u00e9 in\u017einierstvo a detailne ovl\u00e1da syst\u00e9mov\u00fa architekt\u00faru Windows\/Linux. Je tie\u017e \u0161pi\u010dkov\u00fd \u0161pecialista na n\u00e1vrh architekt\u00fary a implement\u00e1ciu SAP syst\u00e9mov. S\u00fa\u010dasne m\u00e1 znalosti testovacej pr\u00edru\u010dky OWASP, OSSTMM a ve\u013ea sk\u00fasenosti s manu\u00e1lnym testovan\u00edm webov\u00fdch aplik\u00e1ci\u00ed. Venuje sa tie\u017e v\u00fdskumu v oblasti IT bezpe\u010dnosti [&hellip;]\" \/>\n<meta property=\"og:url\" content=\"https:\/\/nethemba.com\/sk\/o-nas-old\/nas-tim\/jaroslav-babka\/\" \/>\n<meta property=\"og:site_name\" content=\"Nethemba\" \/>\n<meta property=\"article:publisher\" content=\"https:\/\/www.facebook.com\/nethemba\" \/>\n<meta property=\"article:modified_time\" content=\"2016-07-07T13:00:10+00:00\" \/>\n<meta name=\"twitter:card\" content=\"summary_large_image\" \/>\n<meta name=\"twitter:site\" content=\"@nethemba\" \/>\n<script type=\"application\/ld+json\" class=\"yoast-schema-graph\">{\"@context\":\"https:\\\/\\\/schema.org\",\"@graph\":[{\"@type\":\"WebPage\",\"@id\":\"https:\\\/\\\/nethemba.com\\\/sk\\\/o-nas-old\\\/nas-tim\\\/jaroslav-babka\\\/\",\"url\":\"https:\\\/\\\/nethemba.com\\\/sk\\\/o-nas-old\\\/nas-tim\\\/jaroslav-babka\\\/\",\"name\":\"Jaroslav Babka - Nethemba\",\"isPartOf\":{\"@id\":\"https:\\\/\\\/nethemba.com\\\/de\\\/#website\"},\"datePublished\":\"2015-11-08T21:24:45+00:00\",\"dateModified\":\"2016-07-07T13:00:10+00:00\",\"breadcrumb\":{\"@id\":\"https:\\\/\\\/nethemba.com\\\/sk\\\/o-nas-old\\\/nas-tim\\\/jaroslav-babka\\\/#breadcrumb\"},\"inLanguage\":\"sk-SK\",\"potentialAction\":[{\"@type\":\"ReadAction\",\"target\":[\"https:\\\/\\\/nethemba.com\\\/sk\\\/o-nas-old\\\/nas-tim\\\/jaroslav-babka\\\/\"]}]},{\"@type\":\"BreadcrumbList\",\"@id\":\"https:\\\/\\\/nethemba.com\\\/sk\\\/o-nas-old\\\/nas-tim\\\/jaroslav-babka\\\/#breadcrumb\",\"itemListElement\":[{\"@type\":\"ListItem\",\"position\":1,\"name\":\"Home\",\"item\":\"https:\\\/\\\/nethemba.com\\\/sk\\\/domov\\\/\"},{\"@type\":\"ListItem\",\"position\":2,\"name\":\"O n\u00e1s\",\"item\":\"https:\\\/\\\/nethemba.com\\\/sk\\\/o-nas-old\\\/\"},{\"@type\":\"ListItem\",\"position\":3,\"name\":\"N\u00e1\u0161 t\u00edm\",\"item\":\"https:\\\/\\\/nethemba.com\\\/sk\\\/o-nas-old\\\/nas-tim\\\/\"},{\"@type\":\"ListItem\",\"position\":4,\"name\":\"Jaroslav Babka\"}]},{\"@type\":\"WebSite\",\"@id\":\"https:\\\/\\\/nethemba.com\\\/de\\\/#website\",\"url\":\"https:\\\/\\\/nethemba.com\\\/de\\\/\",\"name\":\"Nethemba\",\"description\":\"We care about your security\",\"potentialAction\":[{\"@type\":\"SearchAction\",\"target\":{\"@type\":\"EntryPoint\",\"urlTemplate\":\"https:\\\/\\\/nethemba.com\\\/de\\\/?s={search_term_string}\"},\"query-input\":{\"@type\":\"PropertyValueSpecification\",\"valueRequired\":true,\"valueName\":\"search_term_string\"}}],\"inLanguage\":\"sk-SK\"}]}<\/script>\n<!-- \/ Yoast SEO plugin. -->","yoast_head_json":{"title":"Jaroslav Babka - Nethemba","robots":{"index":"index","follow":"follow","max-snippet":"max-snippet:-1","max-image-preview":"max-image-preview:large","max-video-preview":"max-video-preview:-1"},"canonical":"https:\/\/nethemba.com\/sk\/o-nas-old\/nas-tim\/jaroslav-babka\/","og_locale":"sk_SK","og_type":"article","og_title":"Jaroslav Babka - Nethemba","og_description":"Jaroslav m\u00e1 hlbok\u00e9 znalosti n\u00edzko-\u00farov\u0148ov\u00fdch ako aj vy\u0161\u0161\u00edch programovac\u00edch jazykov. Je expert na reverzn\u00e9 in\u017einierstvo a detailne ovl\u00e1da syst\u00e9mov\u00fa architekt\u00faru Windows\/Linux. Je tie\u017e \u0161pi\u010dkov\u00fd \u0161pecialista na n\u00e1vrh architekt\u00fary a implement\u00e1ciu SAP syst\u00e9mov. S\u00fa\u010dasne m\u00e1 znalosti testovacej pr\u00edru\u010dky OWASP, OSSTMM a ve\u013ea sk\u00fasenosti s manu\u00e1lnym testovan\u00edm webov\u00fdch aplik\u00e1ci\u00ed. Venuje sa tie\u017e v\u00fdskumu v oblasti IT bezpe\u010dnosti [&hellip;]","og_url":"https:\/\/nethemba.com\/sk\/o-nas-old\/nas-tim\/jaroslav-babka\/","og_site_name":"Nethemba","article_publisher":"https:\/\/www.facebook.com\/nethemba","article_modified_time":"2016-07-07T13:00:10+00:00","twitter_card":"summary_large_image","twitter_site":"@nethemba","schema":{"@context":"https:\/\/schema.org","@graph":[{"@type":"WebPage","@id":"https:\/\/nethemba.com\/sk\/o-nas-old\/nas-tim\/jaroslav-babka\/","url":"https:\/\/nethemba.com\/sk\/o-nas-old\/nas-tim\/jaroslav-babka\/","name":"Jaroslav Babka - Nethemba","isPartOf":{"@id":"https:\/\/nethemba.com\/de\/#website"},"datePublished":"2015-11-08T21:24:45+00:00","dateModified":"2016-07-07T13:00:10+00:00","breadcrumb":{"@id":"https:\/\/nethemba.com\/sk\/o-nas-old\/nas-tim\/jaroslav-babka\/#breadcrumb"},"inLanguage":"sk-SK","potentialAction":[{"@type":"ReadAction","target":["https:\/\/nethemba.com\/sk\/o-nas-old\/nas-tim\/jaroslav-babka\/"]}]},{"@type":"BreadcrumbList","@id":"https:\/\/nethemba.com\/sk\/o-nas-old\/nas-tim\/jaroslav-babka\/#breadcrumb","itemListElement":[{"@type":"ListItem","position":1,"name":"Home","item":"https:\/\/nethemba.com\/sk\/domov\/"},{"@type":"ListItem","position":2,"name":"O n\u00e1s","item":"https:\/\/nethemba.com\/sk\/o-nas-old\/"},{"@type":"ListItem","position":3,"name":"N\u00e1\u0161 t\u00edm","item":"https:\/\/nethemba.com\/sk\/o-nas-old\/nas-tim\/"},{"@type":"ListItem","position":4,"name":"Jaroslav Babka"}]},{"@type":"WebSite","@id":"https:\/\/nethemba.com\/de\/#website","url":"https:\/\/nethemba.com\/de\/","name":"Nethemba","description":"We care about your security","potentialAction":[{"@type":"SearchAction","target":{"@type":"EntryPoint","urlTemplate":"https:\/\/nethemba.com\/de\/?s={search_term_string}"},"query-input":{"@type":"PropertyValueSpecification","valueRequired":true,"valueName":"search_term_string"}}],"inLanguage":"sk-SK"}]}},"_links":{"self":[{"href":"https:\/\/nethemba.com\/sk\/wp-json\/wp\/v2\/pages\/552","targetHints":{"allow":["GET"]}}],"collection":[{"href":"https:\/\/nethemba.com\/sk\/wp-json\/wp\/v2\/pages"}],"about":[{"href":"https:\/\/nethemba.com\/sk\/wp-json\/wp\/v2\/types\/page"}],"author":[{"embeddable":true,"href":"https:\/\/nethemba.com\/sk\/wp-json\/wp\/v2\/users\/2"}],"replies":[{"embeddable":true,"href":"https:\/\/nethemba.com\/sk\/wp-json\/wp\/v2\/comments?post=552"}],"version-history":[{"count":0,"href":"https:\/\/nethemba.com\/sk\/wp-json\/wp\/v2\/pages\/552\/revisions"}],"up":[{"embeddable":true,"href":"https:\/\/nethemba.com\/sk\/wp-json\/wp\/v2\/pages\/546"}],"wp:attachment":[{"href":"https:\/\/nethemba.com\/sk\/wp-json\/wp\/v2\/media?parent=552"}],"curies":[{"name":"wp","href":"https:\/\/api.w.org\/{rel}","templated":true}]}}