{"id":5612,"date":"2021-01-01T15:06:10","date_gmt":"2021-01-01T14:06:10","guid":{"rendered":"https:\/\/nethemba.com\/?page_id=5612"},"modified":"2021-01-01T22:05:13","modified_gmt":"2021-01-01T21:05:13","slug":"bezpecnostne-testovanie-cloud","status":"publish","type":"page","link":"https:\/\/nethemba.com\/sk\/sluzby\/sietova-a-systemova-bezpecnost\/bezpecnostne-testovanie-cloud\/","title":{"rendered":"Bezpe\u010dnostn\u00e9 testovanie Cloud"},"content":{"rendered":"<p>M\u00e1me mno\u017estvo sk\u00fasenost\u00ed s testovan\u00edm cloudov\u00fdch rie\u0161en\u00ed od r\u00f4znych dod\u00e1vate\u013eov &#8211; ako samotnej infra\u0161trukt\u00fary ako slu\u017eby (IaaS), platformy ako slu\u017eby (PaaS) alebo softv\u00e9ru ako slu\u017eby (SaaS).<\/p>\n<p>Napriek tomu, \u017ee z\u00e1kladn\u00e9 komponenty cloudovej infra\u0161trukt\u00fary s\u00fa spravovan\u00e9 spolo\u010dnos\u0165ou Google, Amazon alebo Microsoft a mali by by\u0165 zabezpe\u010den\u00e9, nespr\u00e1vna alebo nedostato\u010dn\u00e1 konfigur\u00e1cia v kombin\u00e1cii s obrovsk\u00fdmi pou\u017e\u00edvate\u013esk\u00fdmi mo\u017enos\u0165ami cloud pou\u017e\u00edvate\u013eov m\u00f4\u017ee vies\u0165 k z\u00e1va\u017en\u00fdm bezpe\u010dnostn\u00fdm zranite\u013enostiam a ich n\u00e1sledn\u00e9mu zneu\u017eitiu.<\/p>\n<p>Pre v\u0161etky cloudov\u00e9 platformy rob\u00edme bezpe\u010dnostn\u00fa anal\u00fdzu cloudovej architekt\u00fary, infra\u0161trukt\u00fary a penetra\u010dn\u00e9 testovanie SaaS.<\/p>\n<p>Pon\u00fakame slu\u017eby penetra\u010dn\u00e9ho testovania pre Google Cloud (GCP), Amazon Cloud (AWS) a\u00a0Microsoft Cloud (Azure).<\/p>\n<p><strong>K\u013e\u00fa\u010dov\u00e9 slov\u00e1:<\/strong><\/p>\n<p><span style=\"font-weight: 400;\">GCC Architecture, Google Compute Engine, App Engine, Autoscaling, GCP Functions, Cloud Storage, Cloud SQL, AWS, Architecture, EC2 Instances, VPC, S3 Buckets, IAM, Lambda Functions, Cloudfront, EBC, DynamoDB, API, SaaS, Azure Architecture, Virtual Machines, ExpressRoute, Application Gateway, App Services, AKS, Azure Functions.<\/span><\/p>\n","protected":false},"excerpt":{"rendered":"<p>M\u00e1me mno\u017estvo sk\u00fasenost\u00ed s testovan\u00edm cloudov\u00fdch rie\u0161en\u00ed od r\u00f4znych dod\u00e1vate\u013eov &#8211; ako samotnej infra\u0161trukt\u00fary ako slu\u017eby (IaaS), platformy ako slu\u017eby (PaaS) alebo softv\u00e9ru ako slu\u017eby (SaaS). Napriek tomu, \u017ee z\u00e1kladn\u00e9 komponenty cloudovej infra\u0161trukt\u00fary s\u00fa spravovan\u00e9 spolo\u010dnos\u0165ou Google, Amazon alebo Microsoft a mali by by\u0165 zabezpe\u010den\u00e9, nespr\u00e1vna alebo nedostato\u010dn\u00e1 konfigur\u00e1cia v kombin\u00e1cii s obrovsk\u00fdmi pou\u017e\u00edvate\u013esk\u00fdmi mo\u017enos\u0165ami [&hellip;]<\/p>\n","protected":false},"author":2,"featured_media":0,"parent":381,"menu_order":3,"comment_status":"closed","ping_status":"closed","template":"services_detail.php","meta":{"inline_featured_image":false,"_monsterinsights_skip_tracking":false,"_monsterinsights_sitenote_active":false,"_monsterinsights_sitenote_note":"","_monsterinsights_sitenote_category":0,"footnotes":""},"class_list":["post-5612","page","type-page","status-publish","hentry"],"yoast_head":"<!-- This site is optimized with the Yoast SEO plugin v27.2 - https:\/\/yoast.com\/product\/yoast-seo-wordpress\/ -->\n<title>Bezpe\u010dnostn\u00e9 testovanie Cloud - Nethemba<\/title>\n<meta name=\"description\" content=\"Bezpe\u010dnostn\u00e9 testovanie Amazon, Google a Microsoft Cloud rie\u0161en\u00ed.\" \/>\n<meta name=\"robots\" content=\"index, follow, max-snippet:-1, max-image-preview:large, max-video-preview:-1\" \/>\n<link rel=\"canonical\" href=\"https:\/\/nethemba.com\/sk\/sluzby\/sietova-a-systemova-bezpecnost\/bezpecnostne-testovanie-cloud\/\" \/>\n<meta property=\"og:locale\" content=\"sk_SK\" \/>\n<meta property=\"og:type\" content=\"article\" \/>\n<meta property=\"og:title\" content=\"Bezpe\u010dnostn\u00e9 testovanie Cloud - Nethemba\" \/>\n<meta property=\"og:description\" content=\"Bezpe\u010dnostn\u00e9 testovanie Amazon, Google a Microsoft Cloud rie\u0161en\u00ed.\" \/>\n<meta property=\"og:url\" content=\"https:\/\/nethemba.com\/sk\/sluzby\/sietova-a-systemova-bezpecnost\/bezpecnostne-testovanie-cloud\/\" \/>\n<meta property=\"og:site_name\" content=\"Nethemba\" \/>\n<meta property=\"article:publisher\" content=\"https:\/\/www.facebook.com\/nethemba\" \/>\n<meta property=\"article:modified_time\" content=\"2021-01-01T21:05:13+00:00\" \/>\n<meta name=\"twitter:card\" content=\"summary_large_image\" \/>\n<meta name=\"twitter:site\" content=\"@nethemba\" \/>\n<meta name=\"twitter:label1\" content=\"Predpokladan\u00fd \u010das \u010d\u00edtania\" \/>\n\t<meta name=\"twitter:data1\" content=\"1 min\u00fata\" \/>\n<script type=\"application\/ld+json\" class=\"yoast-schema-graph\">{\"@context\":\"https:\/\/schema.org\",\"@graph\":[{\"@type\":\"WebPage\",\"@id\":\"https:\/\/nethemba.com\/sk\/sluzby\/sietova-a-systemova-bezpecnost\/bezpecnostne-testovanie-cloud\/\",\"url\":\"https:\/\/nethemba.com\/sk\/sluzby\/sietova-a-systemova-bezpecnost\/bezpecnostne-testovanie-cloud\/\",\"name\":\"Bezpe\u010dnostn\u00e9 testovanie Cloud - Nethemba\",\"isPartOf\":{\"@id\":\"https:\/\/nethemba.com\/de\/#website\"},\"datePublished\":\"2021-01-01T14:06:10+00:00\",\"dateModified\":\"2021-01-01T21:05:13+00:00\",\"description\":\"Bezpe\u010dnostn\u00e9 testovanie Amazon, Google a Microsoft Cloud rie\u0161en\u00ed.\",\"breadcrumb\":{\"@id\":\"https:\/\/nethemba.com\/sk\/sluzby\/sietova-a-systemova-bezpecnost\/bezpecnostne-testovanie-cloud\/#breadcrumb\"},\"inLanguage\":\"sk-SK\",\"potentialAction\":[{\"@type\":\"ReadAction\",\"target\":[\"https:\/\/nethemba.com\/sk\/sluzby\/sietova-a-systemova-bezpecnost\/bezpecnostne-testovanie-cloud\/\"]}]},{\"@type\":\"BreadcrumbList\",\"@id\":\"https:\/\/nethemba.com\/sk\/sluzby\/sietova-a-systemova-bezpecnost\/bezpecnostne-testovanie-cloud\/#breadcrumb\",\"itemListElement\":[{\"@type\":\"ListItem\",\"position\":1,\"name\":\"Home\",\"item\":\"https:\/\/nethemba.com\/sk\/domov\/\"},{\"@type\":\"ListItem\",\"position\":2,\"name\":\"Slu\u017eby\",\"item\":\"https:\/\/nethemba.com\/sk\/sluzby\/\"},{\"@type\":\"ListItem\",\"position\":3,\"name\":\"Sie\u0165ov\u00e1 a syst\u00e9mov\u00e1 bezpe\u010dnos\u0165\",\"item\":\"https:\/\/nethemba.com\/sk\/sluzby\/sietova-a-systemova-bezpecnost\/\"},{\"@type\":\"ListItem\",\"position\":4,\"name\":\"Bezpe\u010dnostn\u00e9 testovanie Cloud\"}]},{\"@type\":\"WebSite\",\"@id\":\"https:\/\/nethemba.com\/de\/#website\",\"url\":\"https:\/\/nethemba.com\/de\/\",\"name\":\"Nethemba\",\"description\":\"We care about your security\",\"potentialAction\":[{\"@type\":\"SearchAction\",\"target\":{\"@type\":\"EntryPoint\",\"urlTemplate\":\"https:\/\/nethemba.com\/de\/?s={search_term_string}\"},\"query-input\":{\"@type\":\"PropertyValueSpecification\",\"valueRequired\":true,\"valueName\":\"search_term_string\"}}],\"inLanguage\":\"sk-SK\"}]}<\/script>\n<!-- \/ Yoast SEO plugin. -->","yoast_head_json":{"title":"Bezpe\u010dnostn\u00e9 testovanie Cloud - Nethemba","description":"Bezpe\u010dnostn\u00e9 testovanie Amazon, Google a Microsoft Cloud rie\u0161en\u00ed.","robots":{"index":"index","follow":"follow","max-snippet":"max-snippet:-1","max-image-preview":"max-image-preview:large","max-video-preview":"max-video-preview:-1"},"canonical":"https:\/\/nethemba.com\/sk\/sluzby\/sietova-a-systemova-bezpecnost\/bezpecnostne-testovanie-cloud\/","og_locale":"sk_SK","og_type":"article","og_title":"Bezpe\u010dnostn\u00e9 testovanie Cloud - Nethemba","og_description":"Bezpe\u010dnostn\u00e9 testovanie Amazon, Google a Microsoft Cloud rie\u0161en\u00ed.","og_url":"https:\/\/nethemba.com\/sk\/sluzby\/sietova-a-systemova-bezpecnost\/bezpecnostne-testovanie-cloud\/","og_site_name":"Nethemba","article_publisher":"https:\/\/www.facebook.com\/nethemba","article_modified_time":"2021-01-01T21:05:13+00:00","twitter_card":"summary_large_image","twitter_site":"@nethemba","twitter_misc":{"Predpokladan\u00fd \u010das \u010d\u00edtania":"1 min\u00fata"},"schema":{"@context":"https:\/\/schema.org","@graph":[{"@type":"WebPage","@id":"https:\/\/nethemba.com\/sk\/sluzby\/sietova-a-systemova-bezpecnost\/bezpecnostne-testovanie-cloud\/","url":"https:\/\/nethemba.com\/sk\/sluzby\/sietova-a-systemova-bezpecnost\/bezpecnostne-testovanie-cloud\/","name":"Bezpe\u010dnostn\u00e9 testovanie Cloud - Nethemba","isPartOf":{"@id":"https:\/\/nethemba.com\/de\/#website"},"datePublished":"2021-01-01T14:06:10+00:00","dateModified":"2021-01-01T21:05:13+00:00","description":"Bezpe\u010dnostn\u00e9 testovanie Amazon, Google a Microsoft Cloud rie\u0161en\u00ed.","breadcrumb":{"@id":"https:\/\/nethemba.com\/sk\/sluzby\/sietova-a-systemova-bezpecnost\/bezpecnostne-testovanie-cloud\/#breadcrumb"},"inLanguage":"sk-SK","potentialAction":[{"@type":"ReadAction","target":["https:\/\/nethemba.com\/sk\/sluzby\/sietova-a-systemova-bezpecnost\/bezpecnostne-testovanie-cloud\/"]}]},{"@type":"BreadcrumbList","@id":"https:\/\/nethemba.com\/sk\/sluzby\/sietova-a-systemova-bezpecnost\/bezpecnostne-testovanie-cloud\/#breadcrumb","itemListElement":[{"@type":"ListItem","position":1,"name":"Home","item":"https:\/\/nethemba.com\/sk\/domov\/"},{"@type":"ListItem","position":2,"name":"Slu\u017eby","item":"https:\/\/nethemba.com\/sk\/sluzby\/"},{"@type":"ListItem","position":3,"name":"Sie\u0165ov\u00e1 a syst\u00e9mov\u00e1 bezpe\u010dnos\u0165","item":"https:\/\/nethemba.com\/sk\/sluzby\/sietova-a-systemova-bezpecnost\/"},{"@type":"ListItem","position":4,"name":"Bezpe\u010dnostn\u00e9 testovanie Cloud"}]},{"@type":"WebSite","@id":"https:\/\/nethemba.com\/de\/#website","url":"https:\/\/nethemba.com\/de\/","name":"Nethemba","description":"We care about your security","potentialAction":[{"@type":"SearchAction","target":{"@type":"EntryPoint","urlTemplate":"https:\/\/nethemba.com\/de\/?s={search_term_string}"},"query-input":{"@type":"PropertyValueSpecification","valueRequired":true,"valueName":"search_term_string"}}],"inLanguage":"sk-SK"}]}},"_links":{"self":[{"href":"https:\/\/nethemba.com\/sk\/wp-json\/wp\/v2\/pages\/5612","targetHints":{"allow":["GET"]}}],"collection":[{"href":"https:\/\/nethemba.com\/sk\/wp-json\/wp\/v2\/pages"}],"about":[{"href":"https:\/\/nethemba.com\/sk\/wp-json\/wp\/v2\/types\/page"}],"author":[{"embeddable":true,"href":"https:\/\/nethemba.com\/sk\/wp-json\/wp\/v2\/users\/2"}],"replies":[{"embeddable":true,"href":"https:\/\/nethemba.com\/sk\/wp-json\/wp\/v2\/comments?post=5612"}],"version-history":[{"count":0,"href":"https:\/\/nethemba.com\/sk\/wp-json\/wp\/v2\/pages\/5612\/revisions"}],"up":[{"embeddable":true,"href":"https:\/\/nethemba.com\/sk\/wp-json\/wp\/v2\/pages\/381"}],"wp:attachment":[{"href":"https:\/\/nethemba.com\/sk\/wp-json\/wp\/v2\/media?parent=5612"}],"curies":[{"name":"wp","href":"https:\/\/api.w.org\/{rel}","templated":true}]}}