{"id":564,"date":"2015-11-08T21:25:32","date_gmt":"2015-11-08T21:25:32","guid":{"rendered":"http:\/\/nethemba.com\/sk\/?page_id=564"},"modified":"2019-07-23T12:21:35","modified_gmt":"2019-07-23T11:21:35","slug":"pavol-luptak","status":"publish","type":"page","link":"https:\/\/nethemba.com\/sk\/o-nas-old\/nas-tim\/pavol-luptak\/","title":{"rendered":"Pavol Lupt\u00e1k"},"content":{"rendered":"<p>Vy\u0161tudoval FEI-STU v Bratislave a FEL-\u010cVUT v Prahe odbor informatika s diplomovou pr\u00e1cou zameranou na ultrabezpe\u010dn\u00e9 syst\u00e9my. Je dr\u017eite\u013eom prest\u00ed\u017enych bezpe\u010dnostn\u00fdch certifik\u00e1cii <a href=\"https:\/\/nethemba.com\/resources\/pavol.luptak-cissp.pdf\">CISSP<\/a> a <a href=\"https:\/\/nethemba.com\/resources\/pavol.luptak-CEH.pdf\">CEH<\/a>, vedie <a href=\"http:\/\/www.owasp.org\/index.php\/Slovakia\">slovensk\u00fa OWASP pobo\u010dku<\/a>. Je tie\u017e spoluzakladate\u013eom organiz\u00e1ci\u00ed <a href=\"http:\/\/www.progressbar.sk\/\">Progressbar<\/a> a <a href=\"http:\/\/www.soit.sk\/\">SOIT<\/a>, kde vedie sekciu pre IT bezpe\u010dnos\u0165.<\/p>\n<p>Pavol m\u00e1 pravideln\u00e9 prezent\u00e1cie na r\u00f4znych svetov\u00fdch bezpe\u010dnostn\u00fdch konferenci\u00e1ch (Holandsku, Luxemburgsku, Berl\u00edne, Var\u0161ave, Krakove, Prahe).<\/p>\n<p>V minulosti demon\u0161troval <a href=\"https:\/\/nethemba.com\/resources\/kriticke-zranitelnosti-v-sms-parkingu.pdf\">mo\u017enos\u0165 zneu\u017eitia SMS l\u00edstkov<\/a> vo v\u0161etk\u00fdch ve\u013ek\u00fdch mest\u00e1ch Eur\u00f3py, spolu s kolegom Norbertom Szeteiom <a href=\"https:\/\/nethemba.com\/resources\/mifare-classic-zranitelnosti.pdf\">demon\u0161troval mas\u00edvne prelomenie \u010dipov\u00fdch kariet Mifare Classic<\/a>. M\u00e1 14-ro\u010dn\u00e9 sk\u00fasenosti v oblasti IT bezpe\u010dnosti a penetra\u010dn\u00e9ho testovania a tvorby najrozli\u010dnej\u0161\u00edch bezpe\u010dnostn\u00fdch auditov vr\u00e1tane soci\u00e1lneho in\u017einierstva, \u010di forenznej anal\u00fdzy.<\/p>\n<p>Je <a href=\"http:\/\/www.owasp.org\/index.php\/Testing_Guide_Frontispiece#v3_Authors\">spoluautor<\/a> testovacej pr\u00edru\u010dky <a href=\"http:\/\/www.owasp.org\/index.php\/OWASP_Testing_Guide_v3_Table_of_Contents\">OWASP Testing Guide v3<\/a>, detailne ovl\u00e1da OSSTMM, ISO17799\/27001, m\u00e1 dlhoro\u010dn\u00e9 sk\u00fasenosti s manu\u00e1lnym vyh\u013ead\u00e1van\u00edm zranite\u013enost\u00ed a r\u00f4znymi bezpe\u010dnostn\u00fdmi n\u00e1strojmi. Ovl\u00e1da mno\u017estvo programovac\u00edch jazykov (ASM, C, C++, XSLT, Perl, Java, PLSQL, Lisp, Prolog, skriptovacie jazyky) a opera\u010dn\u00fdch syst\u00e9mov, venuje sa tie\u017e VoIP a zauj\u00edmav\u00e9mu v\u00fdskumu v oblasti IT bezpe\u010dnosti.<\/p>\n","protected":false},"excerpt":{"rendered":"<p>Vy\u0161tudoval FEI-STU v Bratislave a FEL-\u010cVUT v Prahe odbor informatika s diplomovou pr\u00e1cou zameranou na ultrabezpe\u010dn\u00e9 syst\u00e9my. Je dr\u017eite\u013eom prest\u00ed\u017enych bezpe\u010dnostn\u00fdch certifik\u00e1cii CISSP a CEH, vedie slovensk\u00fa OWASP pobo\u010dku. Je tie\u017e spoluzakladate\u013eom organiz\u00e1ci\u00ed Progressbar a SOIT, kde vedie sekciu pre IT bezpe\u010dnos\u0165. Pavol m\u00e1 pravideln\u00e9 prezent\u00e1cie na r\u00f4znych svetov\u00fdch bezpe\u010dnostn\u00fdch konferenci\u00e1ch (Holandsku, Luxemburgsku, Berl\u00edne, Var\u0161ave, [&hellip;]<\/p>\n","protected":false},"author":2,"featured_media":0,"parent":546,"menu_order":1,"comment_status":"closed","ping_status":"closed","template":"","meta":{"inline_featured_image":false,"_monsterinsights_skip_tracking":false,"_monsterinsights_sitenote_active":false,"_monsterinsights_sitenote_note":"","_monsterinsights_sitenote_category":0,"footnotes":""},"class_list":["post-564","page","type-page","status-publish","hentry"],"yoast_head":"<!-- This site is optimized with the Yoast SEO plugin v27.5 - https:\/\/yoast.com\/product\/yoast-seo-wordpress\/ -->\n<title>Pavol Lupt\u00e1k - Nethemba<\/title>\n<meta name=\"description\" content=\"Pavol Lupt\u00e1k - bezpe\u010dnostn\u00fd expert a zakladate\u013e spolo\u010dnosti Nethemba, spoluzakladate\u013e firmy Hacktrophy. Je spoluautor testovacej pr\u00edru\u010dky OWASP Testing Guide v3, detailne ovl\u00e1da OSSTMM, ISO17799\/27001, m\u00e1 dlhoro\u010dn\u00e9 sk\u00fasenosti s manu\u00e1lnym vyh\u013ead\u00e1van\u00edm zranite\u013enost\u00ed a r\u00f4znymi bezpe\u010dnostn\u00fdmi n\u00e1strojmi.\" \/>\n<meta name=\"robots\" content=\"index, follow, max-snippet:-1, max-image-preview:large, max-video-preview:-1\" \/>\n<link rel=\"canonical\" href=\"https:\/\/nethemba.com\/sk\/o-nas-old\/nas-tim\/pavol-luptak\/\" \/>\n<meta property=\"og:locale\" content=\"sk_SK\" \/>\n<meta property=\"og:type\" content=\"article\" \/>\n<meta property=\"og:title\" content=\"Pavol Lupt\u00e1k - Nethemba\" \/>\n<meta property=\"og:description\" content=\"Pavol Lupt\u00e1k - bezpe\u010dnostn\u00fd expert a zakladate\u013e spolo\u010dnosti Nethemba, spoluzakladate\u013e firmy Hacktrophy. Je spoluautor testovacej pr\u00edru\u010dky OWASP Testing Guide v3, detailne ovl\u00e1da OSSTMM, ISO17799\/27001, m\u00e1 dlhoro\u010dn\u00e9 sk\u00fasenosti s manu\u00e1lnym vyh\u013ead\u00e1van\u00edm zranite\u013enost\u00ed a r\u00f4znymi bezpe\u010dnostn\u00fdmi n\u00e1strojmi.\" \/>\n<meta property=\"og:url\" content=\"https:\/\/nethemba.com\/sk\/o-nas-old\/nas-tim\/pavol-luptak\/\" \/>\n<meta property=\"og:site_name\" content=\"Nethemba\" \/>\n<meta property=\"article:publisher\" content=\"https:\/\/www.facebook.com\/nethemba\" \/>\n<meta property=\"article:modified_time\" content=\"2019-07-23T11:21:35+00:00\" \/>\n<meta name=\"twitter:card\" content=\"summary_large_image\" \/>\n<meta name=\"twitter:site\" content=\"@nethemba\" \/>\n<meta name=\"twitter:label1\" content=\"Predpokladan\u00fd \u010das \u010d\u00edtania\" \/>\n\t<meta name=\"twitter:data1\" content=\"1 min\u00fata\" \/>\n<script type=\"application\/ld+json\" class=\"yoast-schema-graph\">{\"@context\":\"https:\\\/\\\/schema.org\",\"@graph\":[{\"@type\":\"WebPage\",\"@id\":\"https:\\\/\\\/nethemba.com\\\/sk\\\/o-nas-old\\\/nas-tim\\\/pavol-luptak\\\/\",\"url\":\"https:\\\/\\\/nethemba.com\\\/sk\\\/o-nas-old\\\/nas-tim\\\/pavol-luptak\\\/\",\"name\":\"Pavol Lupt\u00e1k - Nethemba\",\"isPartOf\":{\"@id\":\"https:\\\/\\\/nethemba.com\\\/de\\\/#website\"},\"datePublished\":\"2015-11-08T21:25:32+00:00\",\"dateModified\":\"2019-07-23T11:21:35+00:00\",\"description\":\"Pavol Lupt\u00e1k - bezpe\u010dnostn\u00fd expert a zakladate\u013e spolo\u010dnosti Nethemba, spoluzakladate\u013e firmy Hacktrophy. Je spoluautor testovacej pr\u00edru\u010dky OWASP Testing Guide v3, detailne ovl\u00e1da OSSTMM, ISO17799\\\/27001, m\u00e1 dlhoro\u010dn\u00e9 sk\u00fasenosti s manu\u00e1lnym vyh\u013ead\u00e1van\u00edm zranite\u013enost\u00ed a r\u00f4znymi bezpe\u010dnostn\u00fdmi n\u00e1strojmi.\",\"breadcrumb\":{\"@id\":\"https:\\\/\\\/nethemba.com\\\/sk\\\/o-nas-old\\\/nas-tim\\\/pavol-luptak\\\/#breadcrumb\"},\"inLanguage\":\"sk-SK\",\"potentialAction\":[{\"@type\":\"ReadAction\",\"target\":[\"https:\\\/\\\/nethemba.com\\\/sk\\\/o-nas-old\\\/nas-tim\\\/pavol-luptak\\\/\"]}]},{\"@type\":\"BreadcrumbList\",\"@id\":\"https:\\\/\\\/nethemba.com\\\/sk\\\/o-nas-old\\\/nas-tim\\\/pavol-luptak\\\/#breadcrumb\",\"itemListElement\":[{\"@type\":\"ListItem\",\"position\":1,\"name\":\"Home\",\"item\":\"https:\\\/\\\/nethemba.com\\\/sk\\\/domov\\\/\"},{\"@type\":\"ListItem\",\"position\":2,\"name\":\"O n\u00e1s\",\"item\":\"https:\\\/\\\/nethemba.com\\\/sk\\\/o-nas-old\\\/\"},{\"@type\":\"ListItem\",\"position\":3,\"name\":\"N\u00e1\u0161 t\u00edm\",\"item\":\"https:\\\/\\\/nethemba.com\\\/sk\\\/o-nas-old\\\/nas-tim\\\/\"},{\"@type\":\"ListItem\",\"position\":4,\"name\":\"Pavol Lupt\u00e1k\"}]},{\"@type\":\"WebSite\",\"@id\":\"https:\\\/\\\/nethemba.com\\\/de\\\/#website\",\"url\":\"https:\\\/\\\/nethemba.com\\\/de\\\/\",\"name\":\"Nethemba\",\"description\":\"We care about your security\",\"potentialAction\":[{\"@type\":\"SearchAction\",\"target\":{\"@type\":\"EntryPoint\",\"urlTemplate\":\"https:\\\/\\\/nethemba.com\\\/de\\\/?s={search_term_string}\"},\"query-input\":{\"@type\":\"PropertyValueSpecification\",\"valueRequired\":true,\"valueName\":\"search_term_string\"}}],\"inLanguage\":\"sk-SK\"}]}<\/script>\n<!-- \/ Yoast SEO plugin. -->","yoast_head_json":{"title":"Pavol Lupt\u00e1k - Nethemba","description":"Pavol Lupt\u00e1k - bezpe\u010dnostn\u00fd expert a zakladate\u013e spolo\u010dnosti Nethemba, spoluzakladate\u013e firmy Hacktrophy. Je spoluautor testovacej pr\u00edru\u010dky OWASP Testing Guide v3, detailne ovl\u00e1da OSSTMM, ISO17799\/27001, m\u00e1 dlhoro\u010dn\u00e9 sk\u00fasenosti s manu\u00e1lnym vyh\u013ead\u00e1van\u00edm zranite\u013enost\u00ed a r\u00f4znymi bezpe\u010dnostn\u00fdmi n\u00e1strojmi.","robots":{"index":"index","follow":"follow","max-snippet":"max-snippet:-1","max-image-preview":"max-image-preview:large","max-video-preview":"max-video-preview:-1"},"canonical":"https:\/\/nethemba.com\/sk\/o-nas-old\/nas-tim\/pavol-luptak\/","og_locale":"sk_SK","og_type":"article","og_title":"Pavol Lupt\u00e1k - Nethemba","og_description":"Pavol Lupt\u00e1k - bezpe\u010dnostn\u00fd expert a zakladate\u013e spolo\u010dnosti Nethemba, spoluzakladate\u013e firmy Hacktrophy. Je spoluautor testovacej pr\u00edru\u010dky OWASP Testing Guide v3, detailne ovl\u00e1da OSSTMM, ISO17799\/27001, m\u00e1 dlhoro\u010dn\u00e9 sk\u00fasenosti s manu\u00e1lnym vyh\u013ead\u00e1van\u00edm zranite\u013enost\u00ed a r\u00f4znymi bezpe\u010dnostn\u00fdmi n\u00e1strojmi.","og_url":"https:\/\/nethemba.com\/sk\/o-nas-old\/nas-tim\/pavol-luptak\/","og_site_name":"Nethemba","article_publisher":"https:\/\/www.facebook.com\/nethemba","article_modified_time":"2019-07-23T11:21:35+00:00","twitter_card":"summary_large_image","twitter_site":"@nethemba","twitter_misc":{"Predpokladan\u00fd \u010das \u010d\u00edtania":"1 min\u00fata"},"schema":{"@context":"https:\/\/schema.org","@graph":[{"@type":"WebPage","@id":"https:\/\/nethemba.com\/sk\/o-nas-old\/nas-tim\/pavol-luptak\/","url":"https:\/\/nethemba.com\/sk\/o-nas-old\/nas-tim\/pavol-luptak\/","name":"Pavol Lupt\u00e1k - Nethemba","isPartOf":{"@id":"https:\/\/nethemba.com\/de\/#website"},"datePublished":"2015-11-08T21:25:32+00:00","dateModified":"2019-07-23T11:21:35+00:00","description":"Pavol Lupt\u00e1k - bezpe\u010dnostn\u00fd expert a zakladate\u013e spolo\u010dnosti Nethemba, spoluzakladate\u013e firmy Hacktrophy. Je spoluautor testovacej pr\u00edru\u010dky OWASP Testing Guide v3, detailne ovl\u00e1da OSSTMM, ISO17799\/27001, m\u00e1 dlhoro\u010dn\u00e9 sk\u00fasenosti s manu\u00e1lnym vyh\u013ead\u00e1van\u00edm zranite\u013enost\u00ed a r\u00f4znymi bezpe\u010dnostn\u00fdmi n\u00e1strojmi.","breadcrumb":{"@id":"https:\/\/nethemba.com\/sk\/o-nas-old\/nas-tim\/pavol-luptak\/#breadcrumb"},"inLanguage":"sk-SK","potentialAction":[{"@type":"ReadAction","target":["https:\/\/nethemba.com\/sk\/o-nas-old\/nas-tim\/pavol-luptak\/"]}]},{"@type":"BreadcrumbList","@id":"https:\/\/nethemba.com\/sk\/o-nas-old\/nas-tim\/pavol-luptak\/#breadcrumb","itemListElement":[{"@type":"ListItem","position":1,"name":"Home","item":"https:\/\/nethemba.com\/sk\/domov\/"},{"@type":"ListItem","position":2,"name":"O n\u00e1s","item":"https:\/\/nethemba.com\/sk\/o-nas-old\/"},{"@type":"ListItem","position":3,"name":"N\u00e1\u0161 t\u00edm","item":"https:\/\/nethemba.com\/sk\/o-nas-old\/nas-tim\/"},{"@type":"ListItem","position":4,"name":"Pavol Lupt\u00e1k"}]},{"@type":"WebSite","@id":"https:\/\/nethemba.com\/de\/#website","url":"https:\/\/nethemba.com\/de\/","name":"Nethemba","description":"We care about your security","potentialAction":[{"@type":"SearchAction","target":{"@type":"EntryPoint","urlTemplate":"https:\/\/nethemba.com\/de\/?s={search_term_string}"},"query-input":{"@type":"PropertyValueSpecification","valueRequired":true,"valueName":"search_term_string"}}],"inLanguage":"sk-SK"}]}},"_links":{"self":[{"href":"https:\/\/nethemba.com\/sk\/wp-json\/wp\/v2\/pages\/564","targetHints":{"allow":["GET"]}}],"collection":[{"href":"https:\/\/nethemba.com\/sk\/wp-json\/wp\/v2\/pages"}],"about":[{"href":"https:\/\/nethemba.com\/sk\/wp-json\/wp\/v2\/types\/page"}],"author":[{"embeddable":true,"href":"https:\/\/nethemba.com\/sk\/wp-json\/wp\/v2\/users\/2"}],"replies":[{"embeddable":true,"href":"https:\/\/nethemba.com\/sk\/wp-json\/wp\/v2\/comments?post=564"}],"version-history":[{"count":0,"href":"https:\/\/nethemba.com\/sk\/wp-json\/wp\/v2\/pages\/564\/revisions"}],"up":[{"embeddable":true,"href":"https:\/\/nethemba.com\/sk\/wp-json\/wp\/v2\/pages\/546"}],"wp:attachment":[{"href":"https:\/\/nethemba.com\/sk\/wp-json\/wp\/v2\/media?parent=564"}],"curies":[{"name":"wp","href":"https:\/\/api.w.org\/{rel}","templated":true}]}}