{"id":570,"date":"2015-11-08T21:26:15","date_gmt":"2015-11-08T21:26:15","guid":{"rendered":"http:\/\/nethemba.com\/sk\/?page_id=570"},"modified":"2018-04-12T08:14:22","modified_gmt":"2018-04-12T08:14:22","slug":"slavomir-ivancik","status":"publish","type":"page","link":"https:\/\/nethemba.com\/sk\/o-nas-old\/nas-tim\/slavomir-ivancik\/","title":{"rendered":"Slavom\u00edr Ivan\u010d\u00edk"},"content":{"rendered":"<p>Vy\u0161tudoval FEI-SPU v Nitre odbor kvantitat\u00edvny management a informatika. Je dr\u017eite\u013eom mno\u017estva bezpe\u010dnostn\u00fdch a sie\u0165ov\u00fdch certifik\u00e1ci\u00ed ako napr\u00edklad <a href=\"https:\/\/www.offensive-security.com\/information-security-certifications\/osce-offensive-security-certified-expert\/\" target=\"_blank\" rel=\"noopener\">OSCE(Offensive Security Certified Expert)<\/a>, CCSP, CCNP, CCNP-Security, CCDP a CCIP.<\/p>\n<p>Pracoval ako konzultant a technick\u00fd pracovn\u00edk v r\u00f4znych spolo\u010dnostiach, ako spolumajite\u013e a \u0161kolite\u013e v Lapis, s.r.o., riadite\u013e CIKT UKF v Nitre a bezpe\u010dnostn\u00fd konzultant v CORINEX GROUP, a.s.<\/p>\n<p>Venuje sa n\u00e1vrhom, implement\u00e1cii a testovaniu bezpe\u010dnosti sie\u0165ovej infra\u0161trukt\u00fary, ISO 17799\/27000 dokument\u00e1cii, forenznej anal\u00fdze a penetra\u010dn\u00e9mu testovaniu.<\/p>\n","protected":false},"excerpt":{"rendered":"<p>Vy\u0161tudoval FEI-SPU v Nitre odbor kvantitat\u00edvny management a informatika. Je dr\u017eite\u013eom mno\u017estva bezpe\u010dnostn\u00fdch a sie\u0165ov\u00fdch certifik\u00e1ci\u00ed ako napr\u00edklad OSCE(Offensive Security Certified Expert), CCSP, CCNP, CCNP-Security, CCDP a CCIP. Pracoval ako konzultant a technick\u00fd pracovn\u00edk v r\u00f4znych spolo\u010dnostiach, ako spolumajite\u013e a \u0161kolite\u013e v Lapis, s.r.o., riadite\u013e CIKT UKF v Nitre a bezpe\u010dnostn\u00fd konzultant v CORINEX GROUP, [&hellip;]<\/p>\n","protected":false},"author":2,"featured_media":0,"parent":546,"menu_order":5,"comment_status":"closed","ping_status":"closed","template":"","meta":{"inline_featured_image":false,"_monsterinsights_skip_tracking":false,"_monsterinsights_sitenote_active":false,"_monsterinsights_sitenote_note":"","_monsterinsights_sitenote_category":0,"footnotes":""},"class_list":["post-570","page","type-page","status-publish","hentry"],"yoast_head":"<!-- This site is optimized with the Yoast SEO plugin v27.2 - https:\/\/yoast.com\/product\/yoast-seo-wordpress\/ -->\n<title>Slavom\u00edr Ivan\u010d\u00edk - Nethemba<\/title>\n<meta name=\"robots\" content=\"index, follow, max-snippet:-1, max-image-preview:large, max-video-preview:-1\" \/>\n<link rel=\"canonical\" href=\"https:\/\/nethemba.com\/sk\/o-nas-old\/nas-tim\/slavomir-ivancik\/\" \/>\n<meta property=\"og:locale\" content=\"sk_SK\" \/>\n<meta property=\"og:type\" content=\"article\" \/>\n<meta property=\"og:title\" content=\"Slavom\u00edr Ivan\u010d\u00edk - Nethemba\" \/>\n<meta property=\"og:description\" content=\"Vy\u0161tudoval FEI-SPU v Nitre odbor kvantitat\u00edvny management a informatika. Je dr\u017eite\u013eom mno\u017estva bezpe\u010dnostn\u00fdch a sie\u0165ov\u00fdch certifik\u00e1ci\u00ed ako napr\u00edklad OSCE(Offensive Security Certified Expert), CCSP, CCNP, CCNP-Security, CCDP a CCIP. Pracoval ako konzultant a technick\u00fd pracovn\u00edk v r\u00f4znych spolo\u010dnostiach, ako spolumajite\u013e a \u0161kolite\u013e v Lapis, s.r.o., riadite\u013e CIKT UKF v Nitre a bezpe\u010dnostn\u00fd konzultant v CORINEX GROUP, [&hellip;]\" \/>\n<meta property=\"og:url\" content=\"https:\/\/nethemba.com\/sk\/o-nas-old\/nas-tim\/slavomir-ivancik\/\" \/>\n<meta property=\"og:site_name\" content=\"Nethemba\" \/>\n<meta property=\"article:publisher\" content=\"https:\/\/www.facebook.com\/nethemba\" \/>\n<meta property=\"article:modified_time\" content=\"2018-04-12T08:14:22+00:00\" \/>\n<meta name=\"twitter:card\" content=\"summary_large_image\" \/>\n<meta name=\"twitter:site\" content=\"@nethemba\" \/>\n<meta name=\"twitter:label1\" content=\"Predpokladan\u00fd \u010das \u010d\u00edtania\" \/>\n\t<meta name=\"twitter:data1\" content=\"1 min\u00fata\" \/>\n<script type=\"application\/ld+json\" class=\"yoast-schema-graph\">{\"@context\":\"https:\/\/schema.org\",\"@graph\":[{\"@type\":\"WebPage\",\"@id\":\"https:\/\/nethemba.com\/sk\/o-nas-old\/nas-tim\/slavomir-ivancik\/\",\"url\":\"https:\/\/nethemba.com\/sk\/o-nas-old\/nas-tim\/slavomir-ivancik\/\",\"name\":\"Slavom\u00edr Ivan\u010d\u00edk - Nethemba\",\"isPartOf\":{\"@id\":\"https:\/\/nethemba.com\/de\/#website\"},\"datePublished\":\"2015-11-08T21:26:15+00:00\",\"dateModified\":\"2018-04-12T08:14:22+00:00\",\"breadcrumb\":{\"@id\":\"https:\/\/nethemba.com\/sk\/o-nas-old\/nas-tim\/slavomir-ivancik\/#breadcrumb\"},\"inLanguage\":\"sk-SK\",\"potentialAction\":[{\"@type\":\"ReadAction\",\"target\":[\"https:\/\/nethemba.com\/sk\/o-nas-old\/nas-tim\/slavomir-ivancik\/\"]}]},{\"@type\":\"BreadcrumbList\",\"@id\":\"https:\/\/nethemba.com\/sk\/o-nas-old\/nas-tim\/slavomir-ivancik\/#breadcrumb\",\"itemListElement\":[{\"@type\":\"ListItem\",\"position\":1,\"name\":\"Home\",\"item\":\"https:\/\/nethemba.com\/sk\/domov\/\"},{\"@type\":\"ListItem\",\"position\":2,\"name\":\"O n\u00e1s\",\"item\":\"https:\/\/nethemba.com\/sk\/o-nas-old\/\"},{\"@type\":\"ListItem\",\"position\":3,\"name\":\"N\u00e1\u0161 t\u00edm\",\"item\":\"https:\/\/nethemba.com\/sk\/o-nas-old\/nas-tim\/\"},{\"@type\":\"ListItem\",\"position\":4,\"name\":\"Slavom\u00edr Ivan\u010d\u00edk\"}]},{\"@type\":\"WebSite\",\"@id\":\"https:\/\/nethemba.com\/de\/#website\",\"url\":\"https:\/\/nethemba.com\/de\/\",\"name\":\"Nethemba\",\"description\":\"We care about your security\",\"potentialAction\":[{\"@type\":\"SearchAction\",\"target\":{\"@type\":\"EntryPoint\",\"urlTemplate\":\"https:\/\/nethemba.com\/de\/?s={search_term_string}\"},\"query-input\":{\"@type\":\"PropertyValueSpecification\",\"valueRequired\":true,\"valueName\":\"search_term_string\"}}],\"inLanguage\":\"sk-SK\"}]}<\/script>\n<!-- \/ Yoast SEO plugin. -->","yoast_head_json":{"title":"Slavom\u00edr Ivan\u010d\u00edk - Nethemba","robots":{"index":"index","follow":"follow","max-snippet":"max-snippet:-1","max-image-preview":"max-image-preview:large","max-video-preview":"max-video-preview:-1"},"canonical":"https:\/\/nethemba.com\/sk\/o-nas-old\/nas-tim\/slavomir-ivancik\/","og_locale":"sk_SK","og_type":"article","og_title":"Slavom\u00edr Ivan\u010d\u00edk - Nethemba","og_description":"Vy\u0161tudoval FEI-SPU v Nitre odbor kvantitat\u00edvny management a informatika. Je dr\u017eite\u013eom mno\u017estva bezpe\u010dnostn\u00fdch a sie\u0165ov\u00fdch certifik\u00e1ci\u00ed ako napr\u00edklad OSCE(Offensive Security Certified Expert), CCSP, CCNP, CCNP-Security, CCDP a CCIP. Pracoval ako konzultant a technick\u00fd pracovn\u00edk v r\u00f4znych spolo\u010dnostiach, ako spolumajite\u013e a \u0161kolite\u013e v Lapis, s.r.o., riadite\u013e CIKT UKF v Nitre a bezpe\u010dnostn\u00fd konzultant v CORINEX GROUP, [&hellip;]","og_url":"https:\/\/nethemba.com\/sk\/o-nas-old\/nas-tim\/slavomir-ivancik\/","og_site_name":"Nethemba","article_publisher":"https:\/\/www.facebook.com\/nethemba","article_modified_time":"2018-04-12T08:14:22+00:00","twitter_card":"summary_large_image","twitter_site":"@nethemba","twitter_misc":{"Predpokladan\u00fd \u010das \u010d\u00edtania":"1 min\u00fata"},"schema":{"@context":"https:\/\/schema.org","@graph":[{"@type":"WebPage","@id":"https:\/\/nethemba.com\/sk\/o-nas-old\/nas-tim\/slavomir-ivancik\/","url":"https:\/\/nethemba.com\/sk\/o-nas-old\/nas-tim\/slavomir-ivancik\/","name":"Slavom\u00edr Ivan\u010d\u00edk - Nethemba","isPartOf":{"@id":"https:\/\/nethemba.com\/de\/#website"},"datePublished":"2015-11-08T21:26:15+00:00","dateModified":"2018-04-12T08:14:22+00:00","breadcrumb":{"@id":"https:\/\/nethemba.com\/sk\/o-nas-old\/nas-tim\/slavomir-ivancik\/#breadcrumb"},"inLanguage":"sk-SK","potentialAction":[{"@type":"ReadAction","target":["https:\/\/nethemba.com\/sk\/o-nas-old\/nas-tim\/slavomir-ivancik\/"]}]},{"@type":"BreadcrumbList","@id":"https:\/\/nethemba.com\/sk\/o-nas-old\/nas-tim\/slavomir-ivancik\/#breadcrumb","itemListElement":[{"@type":"ListItem","position":1,"name":"Home","item":"https:\/\/nethemba.com\/sk\/domov\/"},{"@type":"ListItem","position":2,"name":"O n\u00e1s","item":"https:\/\/nethemba.com\/sk\/o-nas-old\/"},{"@type":"ListItem","position":3,"name":"N\u00e1\u0161 t\u00edm","item":"https:\/\/nethemba.com\/sk\/o-nas-old\/nas-tim\/"},{"@type":"ListItem","position":4,"name":"Slavom\u00edr Ivan\u010d\u00edk"}]},{"@type":"WebSite","@id":"https:\/\/nethemba.com\/de\/#website","url":"https:\/\/nethemba.com\/de\/","name":"Nethemba","description":"We care about your security","potentialAction":[{"@type":"SearchAction","target":{"@type":"EntryPoint","urlTemplate":"https:\/\/nethemba.com\/de\/?s={search_term_string}"},"query-input":{"@type":"PropertyValueSpecification","valueRequired":true,"valueName":"search_term_string"}}],"inLanguage":"sk-SK"}]}},"_links":{"self":[{"href":"https:\/\/nethemba.com\/sk\/wp-json\/wp\/v2\/pages\/570","targetHints":{"allow":["GET"]}}],"collection":[{"href":"https:\/\/nethemba.com\/sk\/wp-json\/wp\/v2\/pages"}],"about":[{"href":"https:\/\/nethemba.com\/sk\/wp-json\/wp\/v2\/types\/page"}],"author":[{"embeddable":true,"href":"https:\/\/nethemba.com\/sk\/wp-json\/wp\/v2\/users\/2"}],"replies":[{"embeddable":true,"href":"https:\/\/nethemba.com\/sk\/wp-json\/wp\/v2\/comments?post=570"}],"version-history":[{"count":0,"href":"https:\/\/nethemba.com\/sk\/wp-json\/wp\/v2\/pages\/570\/revisions"}],"up":[{"embeddable":true,"href":"https:\/\/nethemba.com\/sk\/wp-json\/wp\/v2\/pages\/546"}],"wp:attachment":[{"href":"https:\/\/nethemba.com\/sk\/wp-json\/wp\/v2\/media?parent=570"}],"curies":[{"name":"wp","href":"https:\/\/api.w.org\/{rel}","templated":true}]}}