{"id":5909,"date":"2023-01-03T15:25:05","date_gmt":"2023-01-03T14:25:05","guid":{"rendered":"https:\/\/nethemba.com\/?page_id=5909"},"modified":"2023-01-03T15:25:05","modified_gmt":"2023-01-03T14:25:05","slug":"certua-group-limited","status":"publish","type":"page","link":"https:\/\/nethemba.com\/sk\/referencie-old\/certua-group-limited\/","title":{"rendered":"Certua Group Limited"},"content":{"rendered":"<p>Detailn\u00fd bezpe\u010dnostn\u00fd audit a \u0161tandardn\u00fd penetra\u010dn\u00fd test webov\u00fdch aplik\u00e1ci\u00ed<\/p>\n","protected":false},"excerpt":{"rendered":"<p>Detailn\u00fd bezpe\u010dnostn\u00fd audit a \u0161tandardn\u00fd penetra\u010dn\u00fd test webov\u00fdch aplik\u00e1ci\u00ed<\/p>\n","protected":false},"author":8,"featured_media":5910,"parent":304,"menu_order":0,"comment_status":"closed","ping_status":"closed","template":"references.php","meta":{"inline_featured_image":false,"_monsterinsights_skip_tracking":false,"_monsterinsights_sitenote_active":false,"_monsterinsights_sitenote_note":"","_monsterinsights_sitenote_category":0,"footnotes":""},"class_list":["post-5909","page","type-page","status-publish","has-post-thumbnail","hentry"],"yoast_head":"<!-- This site is optimized with the Yoast SEO plugin v27.2 - https:\/\/yoast.com\/product\/yoast-seo-wordpress\/ -->\n<title>Certua Group Limited - Nethemba<\/title>\n<meta name=\"robots\" content=\"index, follow, max-snippet:-1, max-image-preview:large, max-video-preview:-1\" \/>\n<link rel=\"canonical\" href=\"https:\/\/nethemba.com\/sk\/referencie-old\/certua-group-limited\/\" \/>\n<meta property=\"og:locale\" content=\"sk_SK\" \/>\n<meta property=\"og:type\" content=\"article\" \/>\n<meta property=\"og:title\" content=\"Certua Group Limited - Nethemba\" \/>\n<meta property=\"og:description\" content=\"Detailn\u00fd bezpe\u010dnostn\u00fd audit a \u0161tandardn\u00fd penetra\u010dn\u00fd test webov\u00fdch aplik\u00e1ci\u00ed\" \/>\n<meta property=\"og:url\" content=\"https:\/\/nethemba.com\/sk\/referencie-old\/certua-group-limited\/\" \/>\n<meta property=\"og:site_name\" content=\"Nethemba\" \/>\n<meta property=\"article:publisher\" content=\"https:\/\/www.facebook.com\/nethemba\" \/>\n<meta property=\"og:image\" content=\"https:\/\/nethemba.com\/wp-content\/uploads\/2023\/01\/certua.jpg\" \/>\n\t<meta property=\"og:image:width\" content=\"150\" \/>\n\t<meta property=\"og:image:height\" content=\"31\" \/>\n\t<meta property=\"og:image:type\" content=\"image\/jpeg\" \/>\n<meta name=\"twitter:card\" content=\"summary_large_image\" \/>\n<meta name=\"twitter:site\" content=\"@nethemba\" \/>\n<script type=\"application\/ld+json\" class=\"yoast-schema-graph\">{\"@context\":\"https:\/\/schema.org\",\"@graph\":[{\"@type\":\"WebPage\",\"@id\":\"https:\/\/nethemba.com\/sk\/referencie-old\/certua-group-limited\/\",\"url\":\"https:\/\/nethemba.com\/sk\/referencie-old\/certua-group-limited\/\",\"name\":\"Certua Group Limited - Nethemba\",\"isPartOf\":{\"@id\":\"https:\/\/nethemba.com\/de\/#website\"},\"primaryImageOfPage\":{\"@id\":\"https:\/\/nethemba.com\/sk\/referencie-old\/certua-group-limited\/#primaryimage\"},\"image\":{\"@id\":\"https:\/\/nethemba.com\/sk\/referencie-old\/certua-group-limited\/#primaryimage\"},\"thumbnailUrl\":\"https:\/\/nethemba.com\/wp-content\/uploads\/2023\/01\/certua.jpg\",\"datePublished\":\"2023-01-03T14:25:05+00:00\",\"breadcrumb\":{\"@id\":\"https:\/\/nethemba.com\/sk\/referencie-old\/certua-group-limited\/#breadcrumb\"},\"inLanguage\":\"sk-SK\",\"potentialAction\":[{\"@type\":\"ReadAction\",\"target\":[\"https:\/\/nethemba.com\/sk\/referencie-old\/certua-group-limited\/\"]}]},{\"@type\":\"ImageObject\",\"inLanguage\":\"sk-SK\",\"@id\":\"https:\/\/nethemba.com\/sk\/referencie-old\/certua-group-limited\/#primaryimage\",\"url\":\"https:\/\/nethemba.com\/wp-content\/uploads\/2023\/01\/certua.jpg\",\"contentUrl\":\"https:\/\/nethemba.com\/wp-content\/uploads\/2023\/01\/certua.jpg\",\"width\":150,\"height\":31},{\"@type\":\"BreadcrumbList\",\"@id\":\"https:\/\/nethemba.com\/sk\/referencie-old\/certua-group-limited\/#breadcrumb\",\"itemListElement\":[{\"@type\":\"ListItem\",\"position\":1,\"name\":\"Home\",\"item\":\"https:\/\/nethemba.com\/sk\/domov\/\"},{\"@type\":\"ListItem\",\"position\":2,\"name\":\"Referencie OLD\",\"item\":\"https:\/\/nethemba.com\/sk\/referencie-old\/\"},{\"@type\":\"ListItem\",\"position\":3,\"name\":\"Certua Group Limited\"}]},{\"@type\":\"WebSite\",\"@id\":\"https:\/\/nethemba.com\/de\/#website\",\"url\":\"https:\/\/nethemba.com\/de\/\",\"name\":\"Nethemba\",\"description\":\"We care about your security\",\"potentialAction\":[{\"@type\":\"SearchAction\",\"target\":{\"@type\":\"EntryPoint\",\"urlTemplate\":\"https:\/\/nethemba.com\/de\/?s={search_term_string}\"},\"query-input\":{\"@type\":\"PropertyValueSpecification\",\"valueRequired\":true,\"valueName\":\"search_term_string\"}}],\"inLanguage\":\"sk-SK\"}]}<\/script>\n<!-- \/ Yoast SEO plugin. -->","yoast_head_json":{"title":"Certua Group Limited - Nethemba","robots":{"index":"index","follow":"follow","max-snippet":"max-snippet:-1","max-image-preview":"max-image-preview:large","max-video-preview":"max-video-preview:-1"},"canonical":"https:\/\/nethemba.com\/sk\/referencie-old\/certua-group-limited\/","og_locale":"sk_SK","og_type":"article","og_title":"Certua Group Limited - Nethemba","og_description":"Detailn\u00fd bezpe\u010dnostn\u00fd audit a \u0161tandardn\u00fd penetra\u010dn\u00fd test webov\u00fdch aplik\u00e1ci\u00ed","og_url":"https:\/\/nethemba.com\/sk\/referencie-old\/certua-group-limited\/","og_site_name":"Nethemba","article_publisher":"https:\/\/www.facebook.com\/nethemba","og_image":[{"width":150,"height":31,"url":"https:\/\/nethemba.com\/wp-content\/uploads\/2023\/01\/certua.jpg","type":"image\/jpeg"}],"twitter_card":"summary_large_image","twitter_site":"@nethemba","schema":{"@context":"https:\/\/schema.org","@graph":[{"@type":"WebPage","@id":"https:\/\/nethemba.com\/sk\/referencie-old\/certua-group-limited\/","url":"https:\/\/nethemba.com\/sk\/referencie-old\/certua-group-limited\/","name":"Certua Group Limited - Nethemba","isPartOf":{"@id":"https:\/\/nethemba.com\/de\/#website"},"primaryImageOfPage":{"@id":"https:\/\/nethemba.com\/sk\/referencie-old\/certua-group-limited\/#primaryimage"},"image":{"@id":"https:\/\/nethemba.com\/sk\/referencie-old\/certua-group-limited\/#primaryimage"},"thumbnailUrl":"https:\/\/nethemba.com\/wp-content\/uploads\/2023\/01\/certua.jpg","datePublished":"2023-01-03T14:25:05+00:00","breadcrumb":{"@id":"https:\/\/nethemba.com\/sk\/referencie-old\/certua-group-limited\/#breadcrumb"},"inLanguage":"sk-SK","potentialAction":[{"@type":"ReadAction","target":["https:\/\/nethemba.com\/sk\/referencie-old\/certua-group-limited\/"]}]},{"@type":"ImageObject","inLanguage":"sk-SK","@id":"https:\/\/nethemba.com\/sk\/referencie-old\/certua-group-limited\/#primaryimage","url":"https:\/\/nethemba.com\/wp-content\/uploads\/2023\/01\/certua.jpg","contentUrl":"https:\/\/nethemba.com\/wp-content\/uploads\/2023\/01\/certua.jpg","width":150,"height":31},{"@type":"BreadcrumbList","@id":"https:\/\/nethemba.com\/sk\/referencie-old\/certua-group-limited\/#breadcrumb","itemListElement":[{"@type":"ListItem","position":1,"name":"Home","item":"https:\/\/nethemba.com\/sk\/domov\/"},{"@type":"ListItem","position":2,"name":"Referencie OLD","item":"https:\/\/nethemba.com\/sk\/referencie-old\/"},{"@type":"ListItem","position":3,"name":"Certua Group Limited"}]},{"@type":"WebSite","@id":"https:\/\/nethemba.com\/de\/#website","url":"https:\/\/nethemba.com\/de\/","name":"Nethemba","description":"We care about your security","potentialAction":[{"@type":"SearchAction","target":{"@type":"EntryPoint","urlTemplate":"https:\/\/nethemba.com\/de\/?s={search_term_string}"},"query-input":{"@type":"PropertyValueSpecification","valueRequired":true,"valueName":"search_term_string"}}],"inLanguage":"sk-SK"}]}},"_links":{"self":[{"href":"https:\/\/nethemba.com\/sk\/wp-json\/wp\/v2\/pages\/5909","targetHints":{"allow":["GET"]}}],"collection":[{"href":"https:\/\/nethemba.com\/sk\/wp-json\/wp\/v2\/pages"}],"about":[{"href":"https:\/\/nethemba.com\/sk\/wp-json\/wp\/v2\/types\/page"}],"author":[{"embeddable":true,"href":"https:\/\/nethemba.com\/sk\/wp-json\/wp\/v2\/users\/8"}],"replies":[{"embeddable":true,"href":"https:\/\/nethemba.com\/sk\/wp-json\/wp\/v2\/comments?post=5909"}],"version-history":[{"count":0,"href":"https:\/\/nethemba.com\/sk\/wp-json\/wp\/v2\/pages\/5909\/revisions"}],"up":[{"embeddable":true,"href":"https:\/\/nethemba.com\/sk\/wp-json\/wp\/v2\/pages\/304"}],"wp:featuredmedia":[{"embeddable":true,"href":"https:\/\/nethemba.com\/sk\/wp-json\/wp\/v2\/media\/5910"}],"wp:attachment":[{"href":"https:\/\/nethemba.com\/sk\/wp-json\/wp\/v2\/media?parent=5909"}],"curies":[{"name":"wp","href":"https:\/\/api.w.org\/{rel}","templated":true}]}}