{"id":5930,"date":"2023-01-03T17:03:10","date_gmt":"2023-01-03T16:03:10","guid":{"rendered":"https:\/\/nethemba.com\/?page_id=5930"},"modified":"2023-01-03T17:03:10","modified_gmt":"2023-01-03T16:03:10","slug":"deutsche-telekom-it-telecommunications-slovakia-s-r-o","status":"publish","type":"page","link":"https:\/\/nethemba.com\/sk\/referencie-old\/deutsche-telekom-it-telecommunications-slovakia-s-r-o\/","title":{"rendered":"Deutsche Telekom IT &#038; Telecommunications Slovakia s.r.o."},"content":{"rendered":"<p>Extern\u00e9 penetra\u010dn\u00e9 testy, intern\u00e9 penetra\u010dn\u00e9 testy a testy soci\u00e1lnym in\u017einierstvom<\/p>\n","protected":false},"excerpt":{"rendered":"<p>Extern\u00e9 penetra\u010dn\u00e9 testy, intern\u00e9 penetra\u010dn\u00e9 testy a testy soci\u00e1lnym in\u017einierstvom<\/p>\n","protected":false},"author":8,"featured_media":5931,"parent":304,"menu_order":0,"comment_status":"closed","ping_status":"closed","template":"references.php","meta":{"inline_featured_image":false,"_monsterinsights_skip_tracking":false,"_monsterinsights_sitenote_active":false,"_monsterinsights_sitenote_note":"","_monsterinsights_sitenote_category":0,"footnotes":""},"class_list":["post-5930","page","type-page","status-publish","has-post-thumbnail","hentry"],"yoast_head":"<!-- This site is optimized with the Yoast SEO plugin v27.5 - https:\/\/yoast.com\/product\/yoast-seo-wordpress\/ -->\n<title>Deutsche Telekom IT &amp; Telecommunications Slovakia s.r.o. - Nethemba<\/title>\n<meta name=\"robots\" content=\"index, follow, max-snippet:-1, max-image-preview:large, max-video-preview:-1\" \/>\n<link rel=\"canonical\" href=\"https:\/\/nethemba.com\/sk\/referencie-old\/deutsche-telekom-it-telecommunications-slovakia-s-r-o\/\" \/>\n<meta property=\"og:locale\" content=\"sk_SK\" \/>\n<meta property=\"og:type\" content=\"article\" \/>\n<meta property=\"og:title\" content=\"Deutsche Telekom IT &amp; Telecommunications Slovakia s.r.o. - Nethemba\" \/>\n<meta property=\"og:description\" content=\"Extern\u00e9 penetra\u010dn\u00e9 testy, intern\u00e9 penetra\u010dn\u00e9 testy a testy soci\u00e1lnym in\u017einierstvom\" \/>\n<meta property=\"og:url\" content=\"https:\/\/nethemba.com\/sk\/referencie-old\/deutsche-telekom-it-telecommunications-slovakia-s-r-o\/\" \/>\n<meta property=\"og:site_name\" content=\"Nethemba\" \/>\n<meta property=\"article:publisher\" content=\"https:\/\/www.facebook.com\/nethemba\" \/>\n<meta property=\"og:image\" content=\"https:\/\/nethemba.com\/wp-content\/uploads\/2023\/01\/logo-t-systems.jpg\" \/>\n\t<meta property=\"og:image:width\" content=\"150\" \/>\n\t<meta property=\"og:image:height\" content=\"33\" \/>\n\t<meta property=\"og:image:type\" content=\"image\/jpeg\" \/>\n<meta name=\"twitter:card\" content=\"summary_large_image\" \/>\n<meta name=\"twitter:site\" content=\"@nethemba\" \/>\n<script type=\"application\/ld+json\" class=\"yoast-schema-graph\">{\"@context\":\"https:\\\/\\\/schema.org\",\"@graph\":[{\"@type\":\"WebPage\",\"@id\":\"https:\\\/\\\/nethemba.com\\\/sk\\\/referencie-old\\\/deutsche-telekom-it-telecommunications-slovakia-s-r-o\\\/\",\"url\":\"https:\\\/\\\/nethemba.com\\\/sk\\\/referencie-old\\\/deutsche-telekom-it-telecommunications-slovakia-s-r-o\\\/\",\"name\":\"Deutsche Telekom IT & Telecommunications Slovakia s.r.o. - Nethemba\",\"isPartOf\":{\"@id\":\"https:\\\/\\\/nethemba.com\\\/de\\\/#website\"},\"primaryImageOfPage\":{\"@id\":\"https:\\\/\\\/nethemba.com\\\/sk\\\/referencie-old\\\/deutsche-telekom-it-telecommunications-slovakia-s-r-o\\\/#primaryimage\"},\"image\":{\"@id\":\"https:\\\/\\\/nethemba.com\\\/sk\\\/referencie-old\\\/deutsche-telekom-it-telecommunications-slovakia-s-r-o\\\/#primaryimage\"},\"thumbnailUrl\":\"https:\\\/\\\/nethemba.com\\\/wp-content\\\/uploads\\\/2023\\\/01\\\/logo-t-systems.jpg\",\"datePublished\":\"2023-01-03T16:03:10+00:00\",\"breadcrumb\":{\"@id\":\"https:\\\/\\\/nethemba.com\\\/sk\\\/referencie-old\\\/deutsche-telekom-it-telecommunications-slovakia-s-r-o\\\/#breadcrumb\"},\"inLanguage\":\"sk-SK\",\"potentialAction\":[{\"@type\":\"ReadAction\",\"target\":[\"https:\\\/\\\/nethemba.com\\\/sk\\\/referencie-old\\\/deutsche-telekom-it-telecommunications-slovakia-s-r-o\\\/\"]}]},{\"@type\":\"ImageObject\",\"inLanguage\":\"sk-SK\",\"@id\":\"https:\\\/\\\/nethemba.com\\\/sk\\\/referencie-old\\\/deutsche-telekom-it-telecommunications-slovakia-s-r-o\\\/#primaryimage\",\"url\":\"https:\\\/\\\/nethemba.com\\\/wp-content\\\/uploads\\\/2023\\\/01\\\/logo-t-systems.jpg\",\"contentUrl\":\"https:\\\/\\\/nethemba.com\\\/wp-content\\\/uploads\\\/2023\\\/01\\\/logo-t-systems.jpg\",\"width\":150,\"height\":33},{\"@type\":\"BreadcrumbList\",\"@id\":\"https:\\\/\\\/nethemba.com\\\/sk\\\/referencie-old\\\/deutsche-telekom-it-telecommunications-slovakia-s-r-o\\\/#breadcrumb\",\"itemListElement\":[{\"@type\":\"ListItem\",\"position\":1,\"name\":\"Home\",\"item\":\"https:\\\/\\\/nethemba.com\\\/sk\\\/domov\\\/\"},{\"@type\":\"ListItem\",\"position\":2,\"name\":\"Referencie OLD\",\"item\":\"https:\\\/\\\/nethemba.com\\\/sk\\\/referencie-old\\\/\"},{\"@type\":\"ListItem\",\"position\":3,\"name\":\"Deutsche Telekom IT &#038; Telecommunications Slovakia s.r.o.\"}]},{\"@type\":\"WebSite\",\"@id\":\"https:\\\/\\\/nethemba.com\\\/de\\\/#website\",\"url\":\"https:\\\/\\\/nethemba.com\\\/de\\\/\",\"name\":\"Nethemba\",\"description\":\"We care about your security\",\"potentialAction\":[{\"@type\":\"SearchAction\",\"target\":{\"@type\":\"EntryPoint\",\"urlTemplate\":\"https:\\\/\\\/nethemba.com\\\/de\\\/?s={search_term_string}\"},\"query-input\":{\"@type\":\"PropertyValueSpecification\",\"valueRequired\":true,\"valueName\":\"search_term_string\"}}],\"inLanguage\":\"sk-SK\"}]}<\/script>\n<!-- \/ Yoast SEO plugin. -->","yoast_head_json":{"title":"Deutsche Telekom IT & Telecommunications Slovakia s.r.o. - Nethemba","robots":{"index":"index","follow":"follow","max-snippet":"max-snippet:-1","max-image-preview":"max-image-preview:large","max-video-preview":"max-video-preview:-1"},"canonical":"https:\/\/nethemba.com\/sk\/referencie-old\/deutsche-telekom-it-telecommunications-slovakia-s-r-o\/","og_locale":"sk_SK","og_type":"article","og_title":"Deutsche Telekom IT & Telecommunications Slovakia s.r.o. - Nethemba","og_description":"Extern\u00e9 penetra\u010dn\u00e9 testy, intern\u00e9 penetra\u010dn\u00e9 testy a testy soci\u00e1lnym in\u017einierstvom","og_url":"https:\/\/nethemba.com\/sk\/referencie-old\/deutsche-telekom-it-telecommunications-slovakia-s-r-o\/","og_site_name":"Nethemba","article_publisher":"https:\/\/www.facebook.com\/nethemba","og_image":[{"width":150,"height":33,"url":"https:\/\/nethemba.com\/wp-content\/uploads\/2023\/01\/logo-t-systems.jpg","type":"image\/jpeg"}],"twitter_card":"summary_large_image","twitter_site":"@nethemba","schema":{"@context":"https:\/\/schema.org","@graph":[{"@type":"WebPage","@id":"https:\/\/nethemba.com\/sk\/referencie-old\/deutsche-telekom-it-telecommunications-slovakia-s-r-o\/","url":"https:\/\/nethemba.com\/sk\/referencie-old\/deutsche-telekom-it-telecommunications-slovakia-s-r-o\/","name":"Deutsche Telekom IT & Telecommunications Slovakia s.r.o. - Nethemba","isPartOf":{"@id":"https:\/\/nethemba.com\/de\/#website"},"primaryImageOfPage":{"@id":"https:\/\/nethemba.com\/sk\/referencie-old\/deutsche-telekom-it-telecommunications-slovakia-s-r-o\/#primaryimage"},"image":{"@id":"https:\/\/nethemba.com\/sk\/referencie-old\/deutsche-telekom-it-telecommunications-slovakia-s-r-o\/#primaryimage"},"thumbnailUrl":"https:\/\/nethemba.com\/wp-content\/uploads\/2023\/01\/logo-t-systems.jpg","datePublished":"2023-01-03T16:03:10+00:00","breadcrumb":{"@id":"https:\/\/nethemba.com\/sk\/referencie-old\/deutsche-telekom-it-telecommunications-slovakia-s-r-o\/#breadcrumb"},"inLanguage":"sk-SK","potentialAction":[{"@type":"ReadAction","target":["https:\/\/nethemba.com\/sk\/referencie-old\/deutsche-telekom-it-telecommunications-slovakia-s-r-o\/"]}]},{"@type":"ImageObject","inLanguage":"sk-SK","@id":"https:\/\/nethemba.com\/sk\/referencie-old\/deutsche-telekom-it-telecommunications-slovakia-s-r-o\/#primaryimage","url":"https:\/\/nethemba.com\/wp-content\/uploads\/2023\/01\/logo-t-systems.jpg","contentUrl":"https:\/\/nethemba.com\/wp-content\/uploads\/2023\/01\/logo-t-systems.jpg","width":150,"height":33},{"@type":"BreadcrumbList","@id":"https:\/\/nethemba.com\/sk\/referencie-old\/deutsche-telekom-it-telecommunications-slovakia-s-r-o\/#breadcrumb","itemListElement":[{"@type":"ListItem","position":1,"name":"Home","item":"https:\/\/nethemba.com\/sk\/domov\/"},{"@type":"ListItem","position":2,"name":"Referencie OLD","item":"https:\/\/nethemba.com\/sk\/referencie-old\/"},{"@type":"ListItem","position":3,"name":"Deutsche Telekom IT &#038; Telecommunications Slovakia s.r.o."}]},{"@type":"WebSite","@id":"https:\/\/nethemba.com\/de\/#website","url":"https:\/\/nethemba.com\/de\/","name":"Nethemba","description":"We care about your security","potentialAction":[{"@type":"SearchAction","target":{"@type":"EntryPoint","urlTemplate":"https:\/\/nethemba.com\/de\/?s={search_term_string}"},"query-input":{"@type":"PropertyValueSpecification","valueRequired":true,"valueName":"search_term_string"}}],"inLanguage":"sk-SK"}]}},"_links":{"self":[{"href":"https:\/\/nethemba.com\/sk\/wp-json\/wp\/v2\/pages\/5930","targetHints":{"allow":["GET"]}}],"collection":[{"href":"https:\/\/nethemba.com\/sk\/wp-json\/wp\/v2\/pages"}],"about":[{"href":"https:\/\/nethemba.com\/sk\/wp-json\/wp\/v2\/types\/page"}],"author":[{"embeddable":true,"href":"https:\/\/nethemba.com\/sk\/wp-json\/wp\/v2\/users\/8"}],"replies":[{"embeddable":true,"href":"https:\/\/nethemba.com\/sk\/wp-json\/wp\/v2\/comments?post=5930"}],"version-history":[{"count":0,"href":"https:\/\/nethemba.com\/sk\/wp-json\/wp\/v2\/pages\/5930\/revisions"}],"up":[{"embeddable":true,"href":"https:\/\/nethemba.com\/sk\/wp-json\/wp\/v2\/pages\/304"}],"wp:featuredmedia":[{"embeddable":true,"href":"https:\/\/nethemba.com\/sk\/wp-json\/wp\/v2\/media\/5931"}],"wp:attachment":[{"href":"https:\/\/nethemba.com\/sk\/wp-json\/wp\/v2\/media?parent=5930"}],"curies":[{"name":"wp","href":"https:\/\/api.w.org\/{rel}","templated":true}]}}